{"id":65643,"date":"2025-06-05T11:25:48","date_gmt":"2025-06-05T10:25:48","guid":{"rendered":"https:\/\/truusk.store\/product\/2-delat-set-med-forvaringskorgar-flatade-korgar-av-vattenhyacint-for-forvaring-och-organisering-for-vardagsrum-kok-sovrum-36-x-26-x-5-cm-naturligt-tra\/"},"modified":"2026-03-12T09:42:22","modified_gmt":"2026-03-12T08:42:22","slug":"truusk-2-delat-set-av-vattenhyacint-forvaringskorgar-for-organisering-naturligt-tra-36-x-26-x-5-cm","status":"publish","type":"product","link":"https:\/\/truusk.store\/sv\/produkt\/truusk-2-delat-set-av-vattenhyacint-forvaringskorgar-for-organisering-naturligt-tra-36-x-26-x-5-cm\/","title":{"rendered":"TRUUSK 2-delat Set Av Vattenhyacint &#8211; F\u00f6rvaringskorgar f\u00f6r Organisering &#8211; Naturligt Tr\u00e4 &#8211; 36 x 26 x 5 cm"},"content":{"rendered":"<p>Skapa ordning i ditt hem med TRUUSKs handv\u00e4vda f\u00f6rvaringskorgar i 2-pack. Dessa m\u00e5ngsidiga fyrfackskorgar av naturlig vattenhyacint s\u00e4kerst\u00e4ller att allt fr\u00e5n kontorsmaterial till bestick har sin fasta plats. Med sin look ger de varje rum en rustik elegans och den robusta metallramen h\u00e5ller dina saker \u00f6versiktliga och l\u00e4ttillg\u00e4ngliga, var du \u00e4n placerar korgarna.<\/p>\n<p>Beskrivning:<\/p>\n<ul>\n<li> Tv\u00e5delat korgset f\u00f6r flexibel anv\u00e4ndning i olika bostadsomr\u00e5den<\/li>\n<li> M\u00e5ngsidig f\u00f6rvaringskorg f\u00f6r organisering av olika f\u00f6rem\u00e5l<\/li>\n<li> Fyra fack m\u00f6jligg\u00f6r enkel sortering<\/li>\n<li> Handfl\u00e4tad av naturlig vattenhyacint, garanterar stabilitet<\/li>\n<li> Metallramen p\u00e5 korgarna s\u00e4kerst\u00e4ller robust h\u00e5llbarhet<\/li>\n<li> Ingen montering kr\u00e4vs, redo att anv\u00e4ndas direkt<\/li>\n<\/ul>\n<p>Tekniska data:<\/p>\n<ul>\n<li> F\u00e4rg: Naturtr\u00e4<\/li>\n<li> Material: Vattenhyacint, Metall<\/li>\n<li> Totala dimensioner: 36L x 26B x 5H cm<\/li>\n<li> Fackdimensioner: 25L x 10B x 5H cm<\/li>\n<li> Max. belastning: 3 kg<\/li>\n<\/ul>\n<p>Leveransinneh\u00e5ll:<\/p>\n<ul>\n<li> 2 x F\u00f6rvaringskorg<\/li>\n<li> 1 x Bruksanvisning<\/li>\n<\/ul>\n","protected":false},"excerpt":{"rendered":"<p>Skapa ordning i ditt hem med TRUUSKs handv\u00e4vda f\u00f6rvaringskorgar i 2-pack. Dessa m\u00e5ngsidiga fyrfackskorgar av naturlig vattenhyacint s\u00e4kerst\u00e4ller att allt&#8230;<\/p>\n","protected":false},"featured_media":65633,"template":"","meta":[],"product_brand":[],"product_cat":[872,964,497],"product_tag":[],"class_list":{"0":"post-65643","1":"product","2":"type-product","3":"status-publish","4":"has-post-thumbnail","6":"product_cat-hemmakontor-arbetsplats","7":"product_cat-hus-boende","8":"product_cat-kontorsmaterial","10":"first","11":"instock","12":"sale","13":"taxable","14":"shipping-taxable","15":"purchasable","16":"product-type-simple"},"yoast_head":"<!-- This site is optimized with the Yoast SEO plugin v25.4 - https:\/\/yoast.com\/wordpress\/plugins\/seo\/ -->\n<title>TRUUSK 2-delat Set Av Vattenhyacint - F\u00f6rvaringskorgar f\u00f6r Organisering - Naturligt Tr\u00e4 - 36 x 26 x 5 cm - TRUUSK - Hem, Tr\u00e4dg\u00e5rd &amp; Fritid<\/title>\n<meta name=\"robots\" content=\"index, follow, max-snippet:-1, max-image-preview:large, max-video-preview:-1\" \/>\n<link rel=\"canonical\" href=\"https:\/\/truusk.store\/sv\/produkt\/truusk-2-delat-set-av-vattenhyacint-forvaringskorgar-for-organisering-naturligt-tra-36-x-26-x-5-cm\/\" \/>\n<meta property=\"og:locale\" content=\"sv_SE\" \/>\n<meta property=\"og:type\" content=\"article\" \/>\n<meta property=\"og:title\" content=\"TRUUSK 2-delat Set Av Vattenhyacint - F\u00f6rvaringskorgar f\u00f6r Organisering - Naturligt Tr\u00e4 - 36 x 26 x 5 cm - TRUUSK - Hem, Tr\u00e4dg\u00e5rd &amp; Fritid\" \/>\n<meta property=\"og:description\" content=\"Skapa ordning i ditt hem med TRUUSKs handv\u00e4vda f\u00f6rvaringskorgar i 2-pack. Dessa m\u00e5ngsidiga fyrfackskorgar av naturlig vattenhyacint s\u00e4kerst\u00e4ller att allt...\" \/>\n<meta property=\"og:url\" content=\"https:\/\/truusk.store\/sv\/produkt\/truusk-2-delat-set-av-vattenhyacint-forvaringskorgar-for-organisering-naturligt-tra-36-x-26-x-5-cm\/\" \/>\n<meta property=\"og:site_name\" content=\"TRUUSK - Hem, Tr\u00e4dg\u00e5rd &amp; Fritid\" \/>\n<meta property=\"article:modified_time\" content=\"2026-03-12T08:42:22+00:00\" \/>\n<meta property=\"og:image\" content=\"https:\/\/i0.wp.com\/truusk.se\/wp-content\/uploads\/2025\/06\/2-delat-set-med-forvaringskorgar-flatade-korgar-av-vattenhyacint-for-forvaring-och-organisering-for-vardagsrum-kok-sovrum-36-x-26-x-5-cm-naturligt-tra-1.webp?fit=2000%2C2000&ssl=1\" \/>\n\t<meta property=\"og:image:width\" content=\"2000\" \/>\n\t<meta property=\"og:image:height\" content=\"2000\" \/>\n\t<meta property=\"og:image:type\" content=\"image\/webp\" \/>\n<meta name=\"twitter:card\" content=\"summary_large_image\" \/>\n<meta name=\"twitter:label1\" content=\"Ber\u00e4knad l\u00e4stid\" \/>\n\t<meta name=\"twitter:data1\" content=\"1 minut\" \/>\n<!-- \/ Yoast SEO plugin. -->","yoast_head_json":{"title":"TRUUSK 2-delat Set Av Vattenhyacint - F\u00f6rvaringskorgar f\u00f6r Organisering - Naturligt Tr\u00e4 - 36 x 26 x 5 cm - TRUUSK - Hem, Tr\u00e4dg\u00e5rd &amp; Fritid","robots":{"index":"index","follow":"follow","max-snippet":"max-snippet:-1","max-image-preview":"max-image-preview:large","max-video-preview":"max-video-preview:-1"},"canonical":"https:\/\/truusk.store\/sv\/produkt\/truusk-2-delat-set-av-vattenhyacint-forvaringskorgar-for-organisering-naturligt-tra-36-x-26-x-5-cm\/","og_locale":"sv_SE","og_type":"article","og_title":"TRUUSK 2-delat Set Av Vattenhyacint - F\u00f6rvaringskorgar f\u00f6r Organisering - Naturligt Tr\u00e4 - 36 x 26 x 5 cm - TRUUSK - Hem, Tr\u00e4dg\u00e5rd &amp; Fritid","og_description":"Skapa ordning i ditt hem med TRUUSKs handv\u00e4vda f\u00f6rvaringskorgar i 2-pack. Dessa m\u00e5ngsidiga fyrfackskorgar av naturlig vattenhyacint s\u00e4kerst\u00e4ller att allt...","og_url":"https:\/\/truusk.store\/sv\/produkt\/truusk-2-delat-set-av-vattenhyacint-forvaringskorgar-for-organisering-naturligt-tra-36-x-26-x-5-cm\/","og_site_name":"TRUUSK - Hem, Tr\u00e4dg\u00e5rd &amp; Fritid","article_modified_time":"2026-03-12T08:42:22+00:00","og_image":[{"width":2000,"height":2000,"url":"https:\/\/i0.wp.com\/truusk.se\/wp-content\/uploads\/2025\/06\/2-delat-set-med-forvaringskorgar-flatade-korgar-av-vattenhyacint-for-forvaring-och-organisering-for-vardagsrum-kok-sovrum-36-x-26-x-5-cm-naturligt-tra-1.webp?fit=2000%2C2000&ssl=1","type":"image\/webp"}],"twitter_card":"summary_large_image","twitter_misc":{"Ber\u00e4knad l\u00e4stid":"1 minut"},"schema":{"@context":"https:\/\/schema.org","@graph":[{"@type":"WebPage","@id":"https:\/\/truusk.store\/sv\/produkt\/truusk-2-delat-set-av-vattenhyacint-forvaringskorgar-for-organisering-naturligt-tra-36-x-26-x-5-cm\/","url":"https:\/\/truusk.store\/sv\/produkt\/truusk-2-delat-set-av-vattenhyacint-forvaringskorgar-for-organisering-naturligt-tra-36-x-26-x-5-cm\/","name":"TRUUSK 2-delat Set Av Vattenhyacint - F\u00f6rvaringskorgar f\u00f6r Organisering - Naturligt Tr\u00e4 - 36 x 26 x 5 cm - TRUUSK - Hem, Tr\u00e4dg\u00e5rd &amp; Fritid","isPartOf":{"@id":"https:\/\/truusk.store\/sv\/#website"},"primaryImageOfPage":{"@id":"https:\/\/truusk.store\/sv\/produkt\/truusk-2-delat-set-av-vattenhyacint-forvaringskorgar-for-organisering-naturligt-tra-36-x-26-x-5-cm\/#primaryimage"},"image":{"@id":"https:\/\/truusk.store\/sv\/produkt\/truusk-2-delat-set-av-vattenhyacint-forvaringskorgar-for-organisering-naturligt-tra-36-x-26-x-5-cm\/#primaryimage"},"thumbnailUrl":"https:\/\/i0.wp.com\/truusk.store\/wp-content\/uploads\/2025\/06\/2-delat-set-med-forvaringskorgar-flatade-korgar-av-vattenhyacint-for-forvaring-och-organisering-for-vardagsrum-kok-sovrum-36-x-26-x-5-cm-naturligt-tra-1.webp?fit=2000%2C2000&ssl=1","datePublished":"2025-06-05T10:25:48+00:00","dateModified":"2026-03-12T08:42:22+00:00","breadcrumb":{"@id":"https:\/\/truusk.store\/sv\/produkt\/truusk-2-delat-set-av-vattenhyacint-forvaringskorgar-for-organisering-naturligt-tra-36-x-26-x-5-cm\/#breadcrumb"},"inLanguage":"sv-SE","potentialAction":[{"@type":"ReadAction","target":["https:\/\/truusk.store\/sv\/produkt\/truusk-2-delat-set-av-vattenhyacint-forvaringskorgar-for-organisering-naturligt-tra-36-x-26-x-5-cm\/"]}]},{"@type":"ImageObject","inLanguage":"sv-SE","@id":"https:\/\/truusk.store\/sv\/produkt\/truusk-2-delat-set-av-vattenhyacint-forvaringskorgar-for-organisering-naturligt-tra-36-x-26-x-5-cm\/#primaryimage","url":"https:\/\/i0.wp.com\/truusk.store\/wp-content\/uploads\/2025\/06\/2-delat-set-med-forvaringskorgar-flatade-korgar-av-vattenhyacint-for-forvaring-och-organisering-for-vardagsrum-kok-sovrum-36-x-26-x-5-cm-naturligt-tra-1.webp?fit=2000%2C2000&ssl=1","contentUrl":"https:\/\/i0.wp.com\/truusk.store\/wp-content\/uploads\/2025\/06\/2-delat-set-med-forvaringskorgar-flatade-korgar-av-vattenhyacint-for-forvaring-och-organisering-for-vardagsrum-kok-sovrum-36-x-26-x-5-cm-naturligt-tra-1.webp?fit=2000%2C2000&ssl=1","width":2000,"height":2000},{"@type":"BreadcrumbList","@id":"https:\/\/truusk.store\/sv\/produkt\/truusk-2-delat-set-av-vattenhyacint-forvaringskorgar-for-organisering-naturligt-tra-36-x-26-x-5-cm\/#breadcrumb","itemListElement":[{"@type":"ListItem","position":1,"name":"Home","item":"https:\/\/truusk.store\/sv\/"},{"@type":"ListItem","position":2,"name":"Shop","item":"https:\/\/truusk.store\/shop\/"},{"@type":"ListItem","position":3,"name":"TRUUSK 2-delat Set Av Vattenhyacint &#8211; F\u00f6rvaringskorgar f\u00f6r Organisering &#8211; Naturligt Tr\u00e4 &#8211; 36 x 26 x 5 cm"}]},{"@type":"WebSite","@id":"https:\/\/truusk.store\/sv\/#website","url":"https:\/\/truusk.store\/sv\/","name":"TRUUSK - Hem, Tr\u00e4dg\u00e5rd & Fritid","description":"","publisher":{"@id":"https:\/\/truusk.store\/sv\/#organization"},"potentialAction":[{"@type":"SearchAction","target":{"@type":"EntryPoint","urlTemplate":"https:\/\/truusk.store\/sv\/?s={search_term_string}"},"query-input":{"@type":"PropertyValueSpecification","valueRequired":true,"valueName":"search_term_string"}}],"inLanguage":"sv-SE"},{"@type":"Organization","@id":"https:\/\/truusk.store\/sv\/#organization","name":"TRUUSK - Hem, Tr\u00e4dg\u00e5rd & Fritid","url":"https:\/\/truusk.store\/sv\/","logo":{"@type":"ImageObject","inLanguage":"sv-SE","@id":"https:\/\/truusk.store\/sv\/#\/schema\/logo\/image\/","url":"https:\/\/i0.wp.com\/truusk.store\/wp-content\/uploads\/2026\/03\/cropped-TRUUSK.png?fit=2032%2C917&ssl=1","contentUrl":"https:\/\/i0.wp.com\/truusk.store\/wp-content\/uploads\/2026\/03\/cropped-TRUUSK.png?fit=2032%2C917&ssl=1","width":2032,"height":917,"caption":"TRUUSK - Hem, Tr\u00e4dg\u00e5rd & Fritid"},"image":{"@id":"https:\/\/truusk.store\/sv\/#\/schema\/logo\/image\/"}}]}},"jetpack_sharing_enabled":true,"_links":{"self":[{"href":"https:\/\/truusk.store\/sv\/wp-json\/wp\/v2\/product\/65643","targetHints":{"allow":["GET"]}}],"collection":[{"href":"https:\/\/truusk.store\/sv\/wp-json\/wp\/v2\/product"}],"about":[{"href":"https:\/\/truusk.store\/sv\/wp-json\/wp\/v2\/types\/product"}],"wp:featuredmedia":[{"embeddable":true,"href":"https:\/\/truusk.store\/sv\/wp-json\/wp\/v2\/media\/65633"}],"wp:attachment":[{"href":"https:\/\/truusk.store\/sv\/wp-json\/wp\/v2\/media?parent=65643"}],"wp:term":[{"taxonomy":"product_brand","embeddable":true,"href":"https:\/\/truusk.store\/sv\/wp-json\/wp\/v2\/product_brand?post=65643"},{"taxonomy":"product_cat","embeddable":true,"href":"https:\/\/truusk.store\/sv\/wp-json\/wp\/v2\/product_cat?post=65643"},{"taxonomy":"product_tag","embeddable":true,"href":"https:\/\/truusk.store\/sv\/wp-json\/wp\/v2\/product_tag?post=65643"}],"curies":[{"name":"wp","href":"https:\/\/api.w.org\/{rel}","templated":true}]}}