{"id":65673,"date":"2025-06-05T11:28:38","date_gmt":"2025-06-05T10:28:38","guid":{"rendered":"https:\/\/truusk.store\/product\/tv-skap-tv-bord-for-tv-apparater-upp-till-65-tum-lowboard-med-2-skap-och-2-hyllplan-tv-skap-for-vardagsrum-150-x-39-x-50-cm-vit\/"},"modified":"2026-03-12T09:45:37","modified_gmt":"2026-03-12T08:45:37","slug":"truusk-tv-skap-for-tv-apparater-upp-till-65-tum-lowboard-med-2-skap-och-2-hyllplan-modern-design-150-x-39-x-50-cm-vit","status":"publish","type":"product","link":"https:\/\/truusk.store\/sv\/produkt\/truusk-tv-skap-for-tv-apparater-upp-till-65-tum-lowboard-med-2-skap-och-2-hyllplan-modern-design-150-x-39-x-50-cm-vit\/","title":{"rendered":"TRUUSK TV-sk\u00e5p f\u00f6r TV-apparater upp till 65 tum &#8211; Lowboard med 2 sk\u00e5p och 2 hyllplan &#8211; Modern design &#8211; 150 x 39 x 50 cm &#8211; Vit"},"content":{"rendered":"<p>Skaffa dig ett praktiskt och stabilt st\u00f6d f\u00f6r din TV! Tv\u00e5 sk\u00e5p och tv\u00e5 mellersta hyllor i TV-sk\u00e5pet \u00e4r perfekta f\u00f6r att f\u00f6rvara konsoler, DVD-skivor och fj\u00e4rrkontroller, och ytan p\u00e5 TV-b\u00e4nken b\u00e4r TV-apparater upp till 65 tum. Inbyggda h\u00e5l i TV-b\u00e4nken f\u00f6r str\u00f6mkablar ger dessutom ett ordnat intryck.<\/p>\n<p>Beskrivning:<\/p>\n<ul>\n<li> L\u00e4mplig f\u00f6r TV-apparater under 65 tum<\/li>\n<li> Dold handtagsdesign p\u00e5 l\u00e5gsk\u00e5pet ger \u00f6kad s\u00e4kerhet<\/li>\n<li> Tillverkad av sp\u00e5nskiva och MDF. Benen p\u00e5 TV-sk\u00e5pet i massivt tr\u00e4 garanterar en p\u00e5litlig, fast st\u00e5nd<\/li>\n<li> Kabelhanteringen p\u00e5 sideboardet g\u00f6r att ingen extra str\u00f6mkabel beh\u00f6ver dras i bordsskivan och ger ordning<\/li>\n<li> Montering kr\u00e4vs<\/li>\n<\/ul>\n<p>Tekniska data:<\/p>\n<ul>\n<li> F\u00e4rg: Vit<\/li>\n<li> Material: Sp\u00e5nskiva, MDF<\/li>\n<li> Maximal belastningskapacitet: (Totalt) 80 kg , (Hylla) 10 kg<\/li>\n<li> Totala m\u00e5tt: 150L x 39B x 50H cm<\/li>\n<li> Inre dimensioner: 42,5L x 37,5B x 29H cm(Sk\u00e5p)<\/li>\n<li> Mellersta hyllans dimensioner: 59L x 37,5B x 14,5H cm<\/li>\n<li> Markfrig\u00e5ng: 18 cm<\/li>\n<\/ul>\n<p>Leveransinneh\u00e5ll:<\/p>\n<ul>\n<li> 1x TV-kommod<\/li>\n<li> 1x Bruksanvisning<\/li>\n<\/ul>\n","protected":false},"excerpt":{"rendered":"<p>Skaffa dig ett praktiskt och stabilt st\u00f6d f\u00f6r din TV! Tv\u00e5 sk\u00e5p och tv\u00e5 mellersta hyllor i TV-sk\u00e5pet \u00e4r perfekta&#8230;<\/p>\n","protected":false},"featured_media":65664,"template":"","meta":[],"product_brand":[],"product_cat":[871,1007,910],"product_tag":[],"class_list":{"0":"post-65673","1":"product","2":"type-product","3":"status-publish","4":"has-post-thumbnail","6":"product_cat-hus-hem","7":"product_cat-tv-mobler","8":"product_cat-vardagsrum","10":"first","11":"instock","12":"sale","13":"taxable","14":"shipping-taxable","15":"purchasable","16":"product-type-simple"},"yoast_head":"<!-- This site is optimized with the Yoast SEO plugin v25.4 - https:\/\/yoast.com\/wordpress\/plugins\/seo\/ -->\n<title>TRUUSK TV-sk\u00e5p f\u00f6r TV-apparater upp till 65 tum - Lowboard med 2 sk\u00e5p och 2 hyllplan - Modern design - 150 x 39 x 50 cm - Vit - TRUUSK - Hem, Tr\u00e4dg\u00e5rd &amp; Fritid<\/title>\n<meta name=\"robots\" content=\"index, follow, max-snippet:-1, max-image-preview:large, max-video-preview:-1\" \/>\n<link rel=\"canonical\" href=\"https:\/\/truusk.store\/sv\/produkt\/truusk-tv-skap-for-tv-apparater-upp-till-65-tum-lowboard-med-2-skap-och-2-hyllplan-modern-design-150-x-39-x-50-cm-vit\/\" \/>\n<meta property=\"og:locale\" content=\"sv_SE\" \/>\n<meta property=\"og:type\" content=\"article\" \/>\n<meta property=\"og:title\" content=\"TRUUSK TV-sk\u00e5p f\u00f6r TV-apparater upp till 65 tum - Lowboard med 2 sk\u00e5p och 2 hyllplan - Modern design - 150 x 39 x 50 cm - Vit - TRUUSK - Hem, Tr\u00e4dg\u00e5rd &amp; Fritid\" \/>\n<meta property=\"og:description\" content=\"Skaffa dig ett praktiskt och stabilt st\u00f6d f\u00f6r din TV! Tv\u00e5 sk\u00e5p och tv\u00e5 mellersta hyllor i TV-sk\u00e5pet \u00e4r perfekta...\" \/>\n<meta property=\"og:url\" content=\"https:\/\/truusk.store\/sv\/produkt\/truusk-tv-skap-for-tv-apparater-upp-till-65-tum-lowboard-med-2-skap-och-2-hyllplan-modern-design-150-x-39-x-50-cm-vit\/\" \/>\n<meta property=\"og:site_name\" content=\"TRUUSK - Hem, Tr\u00e4dg\u00e5rd &amp; Fritid\" \/>\n<meta property=\"article:modified_time\" content=\"2026-03-12T08:45:37+00:00\" \/>\n<meta property=\"og:image\" content=\"https:\/\/i0.wp.com\/truusk.se\/wp-content\/uploads\/2025\/06\/tv-skap-tv-bord-for-tv-apparater-upp-till-65-tum-lowboard-med-2-skap-och-2-hyllplan-tv-skap-for-vardagsrum-150-x-39-x-50-cm-vit-1.webp?fit=2000%2C2000&ssl=1\" \/>\n\t<meta property=\"og:image:width\" content=\"2000\" \/>\n\t<meta property=\"og:image:height\" content=\"2000\" \/>\n\t<meta property=\"og:image:type\" content=\"image\/webp\" \/>\n<meta name=\"twitter:card\" content=\"summary_large_image\" \/>\n<meta name=\"twitter:label1\" content=\"Ber\u00e4knad l\u00e4stid\" \/>\n\t<meta name=\"twitter:data1\" content=\"1 minut\" \/>\n<!-- \/ Yoast SEO plugin. -->","yoast_head_json":{"title":"TRUUSK TV-sk\u00e5p f\u00f6r TV-apparater upp till 65 tum - Lowboard med 2 sk\u00e5p och 2 hyllplan - Modern design - 150 x 39 x 50 cm - Vit - TRUUSK - Hem, Tr\u00e4dg\u00e5rd &amp; Fritid","robots":{"index":"index","follow":"follow","max-snippet":"max-snippet:-1","max-image-preview":"max-image-preview:large","max-video-preview":"max-video-preview:-1"},"canonical":"https:\/\/truusk.store\/sv\/produkt\/truusk-tv-skap-for-tv-apparater-upp-till-65-tum-lowboard-med-2-skap-och-2-hyllplan-modern-design-150-x-39-x-50-cm-vit\/","og_locale":"sv_SE","og_type":"article","og_title":"TRUUSK TV-sk\u00e5p f\u00f6r TV-apparater upp till 65 tum - Lowboard med 2 sk\u00e5p och 2 hyllplan - Modern design - 150 x 39 x 50 cm - Vit - TRUUSK - Hem, Tr\u00e4dg\u00e5rd &amp; Fritid","og_description":"Skaffa dig ett praktiskt och stabilt st\u00f6d f\u00f6r din TV! Tv\u00e5 sk\u00e5p och tv\u00e5 mellersta hyllor i TV-sk\u00e5pet \u00e4r perfekta...","og_url":"https:\/\/truusk.store\/sv\/produkt\/truusk-tv-skap-for-tv-apparater-upp-till-65-tum-lowboard-med-2-skap-och-2-hyllplan-modern-design-150-x-39-x-50-cm-vit\/","og_site_name":"TRUUSK - Hem, Tr\u00e4dg\u00e5rd &amp; Fritid","article_modified_time":"2026-03-12T08:45:37+00:00","og_image":[{"width":2000,"height":2000,"url":"https:\/\/i0.wp.com\/truusk.se\/wp-content\/uploads\/2025\/06\/tv-skap-tv-bord-for-tv-apparater-upp-till-65-tum-lowboard-med-2-skap-och-2-hyllplan-tv-skap-for-vardagsrum-150-x-39-x-50-cm-vit-1.webp?fit=2000%2C2000&ssl=1","type":"image\/webp"}],"twitter_card":"summary_large_image","twitter_misc":{"Ber\u00e4knad l\u00e4stid":"1 minut"},"schema":{"@context":"https:\/\/schema.org","@graph":[{"@type":"WebPage","@id":"https:\/\/truusk.store\/sv\/produkt\/truusk-tv-skap-for-tv-apparater-upp-till-65-tum-lowboard-med-2-skap-och-2-hyllplan-modern-design-150-x-39-x-50-cm-vit\/","url":"https:\/\/truusk.store\/sv\/produkt\/truusk-tv-skap-for-tv-apparater-upp-till-65-tum-lowboard-med-2-skap-och-2-hyllplan-modern-design-150-x-39-x-50-cm-vit\/","name":"TRUUSK TV-sk\u00e5p f\u00f6r TV-apparater upp till 65 tum - Lowboard med 2 sk\u00e5p och 2 hyllplan - Modern design - 150 x 39 x 50 cm - Vit - TRUUSK - Hem, Tr\u00e4dg\u00e5rd &amp; Fritid","isPartOf":{"@id":"https:\/\/truusk.store\/sv\/#website"},"primaryImageOfPage":{"@id":"https:\/\/truusk.store\/sv\/produkt\/truusk-tv-skap-for-tv-apparater-upp-till-65-tum-lowboard-med-2-skap-och-2-hyllplan-modern-design-150-x-39-x-50-cm-vit\/#primaryimage"},"image":{"@id":"https:\/\/truusk.store\/sv\/produkt\/truusk-tv-skap-for-tv-apparater-upp-till-65-tum-lowboard-med-2-skap-och-2-hyllplan-modern-design-150-x-39-x-50-cm-vit\/#primaryimage"},"thumbnailUrl":"https:\/\/i0.wp.com\/truusk.store\/wp-content\/uploads\/2025\/06\/tv-skap-tv-bord-for-tv-apparater-upp-till-65-tum-lowboard-med-2-skap-och-2-hyllplan-tv-skap-for-vardagsrum-150-x-39-x-50-cm-vit-1.webp?fit=2000%2C2000&ssl=1","datePublished":"2025-06-05T10:28:38+00:00","dateModified":"2026-03-12T08:45:37+00:00","breadcrumb":{"@id":"https:\/\/truusk.store\/sv\/produkt\/truusk-tv-skap-for-tv-apparater-upp-till-65-tum-lowboard-med-2-skap-och-2-hyllplan-modern-design-150-x-39-x-50-cm-vit\/#breadcrumb"},"inLanguage":"sv-SE","potentialAction":[{"@type":"ReadAction","target":["https:\/\/truusk.store\/sv\/produkt\/truusk-tv-skap-for-tv-apparater-upp-till-65-tum-lowboard-med-2-skap-och-2-hyllplan-modern-design-150-x-39-x-50-cm-vit\/"]}]},{"@type":"ImageObject","inLanguage":"sv-SE","@id":"https:\/\/truusk.store\/sv\/produkt\/truusk-tv-skap-for-tv-apparater-upp-till-65-tum-lowboard-med-2-skap-och-2-hyllplan-modern-design-150-x-39-x-50-cm-vit\/#primaryimage","url":"https:\/\/i0.wp.com\/truusk.store\/wp-content\/uploads\/2025\/06\/tv-skap-tv-bord-for-tv-apparater-upp-till-65-tum-lowboard-med-2-skap-och-2-hyllplan-tv-skap-for-vardagsrum-150-x-39-x-50-cm-vit-1.webp?fit=2000%2C2000&ssl=1","contentUrl":"https:\/\/i0.wp.com\/truusk.store\/wp-content\/uploads\/2025\/06\/tv-skap-tv-bord-for-tv-apparater-upp-till-65-tum-lowboard-med-2-skap-och-2-hyllplan-tv-skap-for-vardagsrum-150-x-39-x-50-cm-vit-1.webp?fit=2000%2C2000&ssl=1","width":2000,"height":2000},{"@type":"BreadcrumbList","@id":"https:\/\/truusk.store\/sv\/produkt\/truusk-tv-skap-for-tv-apparater-upp-till-65-tum-lowboard-med-2-skap-och-2-hyllplan-modern-design-150-x-39-x-50-cm-vit\/#breadcrumb","itemListElement":[{"@type":"ListItem","position":1,"name":"Home","item":"https:\/\/truusk.store\/sv\/"},{"@type":"ListItem","position":2,"name":"Shop","item":"https:\/\/truusk.store\/shop\/"},{"@type":"ListItem","position":3,"name":"TRUUSK TV-sk\u00e5p f\u00f6r TV-apparater upp till 65 tum &#8211; Lowboard med 2 sk\u00e5p och 2 hyllplan &#8211; Modern design &#8211; 150 x 39 x 50 cm &#8211; Vit"}]},{"@type":"WebSite","@id":"https:\/\/truusk.store\/sv\/#website","url":"https:\/\/truusk.store\/sv\/","name":"TRUUSK - Hem, Tr\u00e4dg\u00e5rd & Fritid","description":"","publisher":{"@id":"https:\/\/truusk.store\/sv\/#organization"},"potentialAction":[{"@type":"SearchAction","target":{"@type":"EntryPoint","urlTemplate":"https:\/\/truusk.store\/sv\/?s={search_term_string}"},"query-input":{"@type":"PropertyValueSpecification","valueRequired":true,"valueName":"search_term_string"}}],"inLanguage":"sv-SE"},{"@type":"Organization","@id":"https:\/\/truusk.store\/sv\/#organization","name":"TRUUSK - Hem, Tr\u00e4dg\u00e5rd & Fritid","url":"https:\/\/truusk.store\/sv\/","logo":{"@type":"ImageObject","inLanguage":"sv-SE","@id":"https:\/\/truusk.store\/sv\/#\/schema\/logo\/image\/","url":"https:\/\/i0.wp.com\/truusk.store\/wp-content\/uploads\/2026\/03\/cropped-TRUUSK.png?fit=2032%2C917&ssl=1","contentUrl":"https:\/\/i0.wp.com\/truusk.store\/wp-content\/uploads\/2026\/03\/cropped-TRUUSK.png?fit=2032%2C917&ssl=1","width":2032,"height":917,"caption":"TRUUSK - Hem, Tr\u00e4dg\u00e5rd & Fritid"},"image":{"@id":"https:\/\/truusk.store\/sv\/#\/schema\/logo\/image\/"}}]}},"jetpack_sharing_enabled":true,"_links":{"self":[{"href":"https:\/\/truusk.store\/sv\/wp-json\/wp\/v2\/product\/65673","targetHints":{"allow":["GET"]}}],"collection":[{"href":"https:\/\/truusk.store\/sv\/wp-json\/wp\/v2\/product"}],"about":[{"href":"https:\/\/truusk.store\/sv\/wp-json\/wp\/v2\/types\/product"}],"wp:featuredmedia":[{"embeddable":true,"href":"https:\/\/truusk.store\/sv\/wp-json\/wp\/v2\/media\/65664"}],"wp:attachment":[{"href":"https:\/\/truusk.store\/sv\/wp-json\/wp\/v2\/media?parent=65673"}],"wp:term":[{"taxonomy":"product_brand","embeddable":true,"href":"https:\/\/truusk.store\/sv\/wp-json\/wp\/v2\/product_brand?post=65673"},{"taxonomy":"product_cat","embeddable":true,"href":"https:\/\/truusk.store\/sv\/wp-json\/wp\/v2\/product_cat?post=65673"},{"taxonomy":"product_tag","embeddable":true,"href":"https:\/\/truusk.store\/sv\/wp-json\/wp\/v2\/product_tag?post=65673"}],"curies":[{"name":"wp","href":"https:\/\/api.w.org\/{rel}","templated":true}]}}