{"id":65684,"date":"2025-06-05T11:29:49","date_gmt":"2025-06-05T10:29:49","guid":{"rendered":"https:\/\/truusk.store\/product\/avslappningsstol-med-pall-roterande-tv-stol-med-liggfunktion-tv-stol-med-en-kapacitet-upp-till-150-kg-liggstol-for-vardagsrum-sovrum-mikrofiberduk-kramvit\/"},"modified":"2026-03-12T09:41:39","modified_gmt":"2026-03-12T08:41:39","slug":"truusk-avslappningsstol-med-pall-roterande-tv-stol-liggfunktion-upp-till-150-kg-mikrofiberduk-kramvit","status":"publish","type":"product","link":"https:\/\/truusk.store\/sv\/produkt\/truusk-avslappningsstol-med-pall-roterande-tv-stol-liggfunktion-upp-till-150-kg-mikrofiberduk-kramvit\/","title":{"rendered":"TRUUSK Avslappningsstol med Pall &#8211; Roterande TV-stol &#8211; Liggfunktion &#8211; Upp till 150 kg &#8211; Mikrofiberduk &#8211; Kr\u00e4mvit"},"content":{"rendered":"<p>Slappna av stilfullt i denna TRUUSK avkopplande stol med pall. Efter en l\u00e5ng arbetsdag erbjuder denna stol den perfekta tillflyktsorten f\u00f6r att str\u00e4cka ut benen och samla nya krafter. B\u00e5de den avkopplande stolen med liggl\u00e4ge och pallen \u00e4r kl\u00e4dda med ultramjuk stoppning, vilket lovar ren komfort. Den samtida designen sm\u00e4lter s\u00f6ml\u00f6st in i alla inredningar och blir snabbt den attraktiva mittpunkten i ditt hem.<\/p>\n<p>Beskrivning:<\/p>\n<ul>\n<li> Eleganta 2-delars set: Inneh\u00e5ller en TV-stol och en matchande pall f\u00f6r stilfull avkoppling<\/li>\n<li> Mjukt tyg\u00f6verdrag i mikrofiberduk ger en behaglig sittk\u00e4nsla<\/li>\n<li> Flexibel lutnings- och sv\u00e4ngfunktion f\u00f6r optimal komfort<\/li>\n<li> Utrustad med ergonomiska armst\u00f6d och en fotpall f\u00f6r att fr\u00e4mja avkoppling<\/li>\n<li> Robust fotst\u00f6d f\u00f6r TV-stolen med liggl\u00e4ge i st\u00e5l garanterar tillf\u00f6rlitlig stabilitet<\/li>\n<li> Modern design av vardagsrumsstolen kombinerar minimalistisk estetik med funktionell elegans<\/li>\n<li> Produkten kr\u00e4ver enkel montering<\/li>\n<\/ul>\n<p> Tekniska data:<\/p>\n<ul>\n<li> F\u00e4rg: Kr\u00e4mvit<\/li>\n<li> Material: Mikrofiberduk (100% polyester), st\u00e5l<\/li>\n<li> Stolstorlek: 69L x 71B x 104H cm<\/li>\n<li> Pallstorlek: 42L x 43B x 35\/40H cm<\/li>\n<li> Sitsstorlek: 47L x 47B x 45H cm<\/li>\n<li> Liggstorlek (Max.): 69L x 93B x 97H cm<\/li>\n<li> Ryggst\u00f6dets storlek: 75L x 48B x 64H cm<\/li>\n<li> Armst\u00f6dets storlek: 30L x 12B x 15H cm<\/li>\n<li> Fotst\u00f6dets diameter: \u00d855 cm<\/li>\n<li> Belastningskapacitet: 150 kg (stol), 50 kg (pall)<\/li>\n<\/ul>\n<p> Leveransinneh\u00e5ll:<\/p>\n<ul>\n<li> 1 x Avkopplande stol<\/li>\n<li> 1 x Pall<\/li>\n<li> 1 x Handbok<\/li>\n<\/ul>\n","protected":false},"excerpt":{"rendered":"<p>Slappna av stilfullt i denna TRUUSK avkopplande stol med pall. Efter en l\u00e5ng arbetsdag erbjuder denna stol den perfekta tillflyktsorten&#8230;<\/p>\n","protected":false},"featured_media":65674,"template":"","meta":[],"product_brand":[],"product_cat":[521,871,920,910],"product_tag":[],"class_list":{"0":"post-65684","1":"product","2":"type-product","3":"status-publish","4":"has-post-thumbnail","6":"product_cat-fatolj","7":"product_cat-hus-hem","8":"product_cat-relaxsessel-mit-hocker","9":"product_cat-vardagsrum","11":"first","12":"instock","13":"sale","14":"taxable","15":"shipping-taxable","16":"purchasable","17":"product-type-simple"},"yoast_head":"<!-- This site is optimized with the Yoast SEO plugin v25.4 - https:\/\/yoast.com\/wordpress\/plugins\/seo\/ -->\n<title>TRUUSK Avslappningsstol med Pall - Roterande TV-stol - Liggfunktion - Upp till 150 kg - Mikrofiberduk - Kr\u00e4mvit - TRUUSK - Hem, Tr\u00e4dg\u00e5rd &amp; Fritid<\/title>\n<meta name=\"robots\" content=\"index, follow, max-snippet:-1, max-image-preview:large, max-video-preview:-1\" \/>\n<link rel=\"canonical\" href=\"https:\/\/truusk.store\/sv\/produkt\/truusk-avslappningsstol-med-pall-roterande-tv-stol-liggfunktion-upp-till-150-kg-mikrofiberduk-kramvit\/\" \/>\n<meta property=\"og:locale\" content=\"sv_SE\" \/>\n<meta property=\"og:type\" content=\"article\" \/>\n<meta property=\"og:title\" content=\"TRUUSK Avslappningsstol med Pall - Roterande TV-stol - Liggfunktion - Upp till 150 kg - Mikrofiberduk - Kr\u00e4mvit - TRUUSK - Hem, Tr\u00e4dg\u00e5rd &amp; Fritid\" \/>\n<meta property=\"og:description\" content=\"Slappna av stilfullt i denna TRUUSK avkopplande stol med pall. Efter en l\u00e5ng arbetsdag erbjuder denna stol den perfekta tillflyktsorten...\" \/>\n<meta property=\"og:url\" content=\"https:\/\/truusk.store\/sv\/produkt\/truusk-avslappningsstol-med-pall-roterande-tv-stol-liggfunktion-upp-till-150-kg-mikrofiberduk-kramvit\/\" \/>\n<meta property=\"og:site_name\" content=\"TRUUSK - Hem, Tr\u00e4dg\u00e5rd &amp; Fritid\" \/>\n<meta property=\"article:modified_time\" content=\"2026-03-12T08:41:39+00:00\" \/>\n<meta property=\"og:image\" content=\"https:\/\/i0.wp.com\/truusk.se\/wp-content\/uploads\/2025\/06\/avslappningsstol-med-pall-roterande-tv-stol-med-liggfunktion-tv-stol-med-en-kapacitet-upp-till-150-kg-liggstol-for-vardagsrum-sovrum-mikrofiberduk-kramvit-1.webp?fit=2000%2C2000&ssl=1\" \/>\n\t<meta property=\"og:image:width\" content=\"2000\" \/>\n\t<meta property=\"og:image:height\" content=\"2000\" \/>\n\t<meta property=\"og:image:type\" content=\"image\/webp\" \/>\n<meta name=\"twitter:card\" content=\"summary_large_image\" \/>\n<meta name=\"twitter:label1\" content=\"Ber\u00e4knad l\u00e4stid\" \/>\n\t<meta name=\"twitter:data1\" content=\"1 minut\" \/>\n<!-- \/ Yoast SEO plugin. -->","yoast_head_json":{"title":"TRUUSK Avslappningsstol med Pall - Roterande TV-stol - Liggfunktion - Upp till 150 kg - Mikrofiberduk - Kr\u00e4mvit - TRUUSK - Hem, Tr\u00e4dg\u00e5rd &amp; Fritid","robots":{"index":"index","follow":"follow","max-snippet":"max-snippet:-1","max-image-preview":"max-image-preview:large","max-video-preview":"max-video-preview:-1"},"canonical":"https:\/\/truusk.store\/sv\/produkt\/truusk-avslappningsstol-med-pall-roterande-tv-stol-liggfunktion-upp-till-150-kg-mikrofiberduk-kramvit\/","og_locale":"sv_SE","og_type":"article","og_title":"TRUUSK Avslappningsstol med Pall - Roterande TV-stol - Liggfunktion - Upp till 150 kg - Mikrofiberduk - Kr\u00e4mvit - TRUUSK - Hem, Tr\u00e4dg\u00e5rd &amp; Fritid","og_description":"Slappna av stilfullt i denna TRUUSK avkopplande stol med pall. Efter en l\u00e5ng arbetsdag erbjuder denna stol den perfekta tillflyktsorten...","og_url":"https:\/\/truusk.store\/sv\/produkt\/truusk-avslappningsstol-med-pall-roterande-tv-stol-liggfunktion-upp-till-150-kg-mikrofiberduk-kramvit\/","og_site_name":"TRUUSK - Hem, Tr\u00e4dg\u00e5rd &amp; Fritid","article_modified_time":"2026-03-12T08:41:39+00:00","og_image":[{"width":2000,"height":2000,"url":"https:\/\/i0.wp.com\/truusk.se\/wp-content\/uploads\/2025\/06\/avslappningsstol-med-pall-roterande-tv-stol-med-liggfunktion-tv-stol-med-en-kapacitet-upp-till-150-kg-liggstol-for-vardagsrum-sovrum-mikrofiberduk-kramvit-1.webp?fit=2000%2C2000&ssl=1","type":"image\/webp"}],"twitter_card":"summary_large_image","twitter_misc":{"Ber\u00e4knad l\u00e4stid":"1 minut"},"schema":{"@context":"https:\/\/schema.org","@graph":[{"@type":"WebPage","@id":"https:\/\/truusk.store\/sv\/produkt\/truusk-avslappningsstol-med-pall-roterande-tv-stol-liggfunktion-upp-till-150-kg-mikrofiberduk-kramvit\/","url":"https:\/\/truusk.store\/sv\/produkt\/truusk-avslappningsstol-med-pall-roterande-tv-stol-liggfunktion-upp-till-150-kg-mikrofiberduk-kramvit\/","name":"TRUUSK Avslappningsstol med Pall - Roterande TV-stol - Liggfunktion - Upp till 150 kg - Mikrofiberduk - Kr\u00e4mvit - TRUUSK - Hem, Tr\u00e4dg\u00e5rd &amp; Fritid","isPartOf":{"@id":"https:\/\/truusk.store\/sv\/#website"},"primaryImageOfPage":{"@id":"https:\/\/truusk.store\/sv\/produkt\/truusk-avslappningsstol-med-pall-roterande-tv-stol-liggfunktion-upp-till-150-kg-mikrofiberduk-kramvit\/#primaryimage"},"image":{"@id":"https:\/\/truusk.store\/sv\/produkt\/truusk-avslappningsstol-med-pall-roterande-tv-stol-liggfunktion-upp-till-150-kg-mikrofiberduk-kramvit\/#primaryimage"},"thumbnailUrl":"https:\/\/i0.wp.com\/truusk.store\/wp-content\/uploads\/2025\/06\/avslappningsstol-med-pall-roterande-tv-stol-med-liggfunktion-tv-stol-med-en-kapacitet-upp-till-150-kg-liggstol-for-vardagsrum-sovrum-mikrofiberduk-kramvit-1.webp?fit=2000%2C2000&ssl=1","datePublished":"2025-06-05T10:29:49+00:00","dateModified":"2026-03-12T08:41:39+00:00","breadcrumb":{"@id":"https:\/\/truusk.store\/sv\/produkt\/truusk-avslappningsstol-med-pall-roterande-tv-stol-liggfunktion-upp-till-150-kg-mikrofiberduk-kramvit\/#breadcrumb"},"inLanguage":"sv-SE","potentialAction":[{"@type":"ReadAction","target":["https:\/\/truusk.store\/sv\/produkt\/truusk-avslappningsstol-med-pall-roterande-tv-stol-liggfunktion-upp-till-150-kg-mikrofiberduk-kramvit\/"]}]},{"@type":"ImageObject","inLanguage":"sv-SE","@id":"https:\/\/truusk.store\/sv\/produkt\/truusk-avslappningsstol-med-pall-roterande-tv-stol-liggfunktion-upp-till-150-kg-mikrofiberduk-kramvit\/#primaryimage","url":"https:\/\/i0.wp.com\/truusk.store\/wp-content\/uploads\/2025\/06\/avslappningsstol-med-pall-roterande-tv-stol-med-liggfunktion-tv-stol-med-en-kapacitet-upp-till-150-kg-liggstol-for-vardagsrum-sovrum-mikrofiberduk-kramvit-1.webp?fit=2000%2C2000&ssl=1","contentUrl":"https:\/\/i0.wp.com\/truusk.store\/wp-content\/uploads\/2025\/06\/avslappningsstol-med-pall-roterande-tv-stol-med-liggfunktion-tv-stol-med-en-kapacitet-upp-till-150-kg-liggstol-for-vardagsrum-sovrum-mikrofiberduk-kramvit-1.webp?fit=2000%2C2000&ssl=1","width":2000,"height":2000},{"@type":"BreadcrumbList","@id":"https:\/\/truusk.store\/sv\/produkt\/truusk-avslappningsstol-med-pall-roterande-tv-stol-liggfunktion-upp-till-150-kg-mikrofiberduk-kramvit\/#breadcrumb","itemListElement":[{"@type":"ListItem","position":1,"name":"Home","item":"https:\/\/truusk.store\/sv\/"},{"@type":"ListItem","position":2,"name":"Shop","item":"https:\/\/truusk.store\/shop\/"},{"@type":"ListItem","position":3,"name":"TRUUSK Avslappningsstol med Pall &#8211; Roterande TV-stol &#8211; Liggfunktion &#8211; Upp till 150 kg &#8211; Mikrofiberduk &#8211; Kr\u00e4mvit"}]},{"@type":"WebSite","@id":"https:\/\/truusk.store\/sv\/#website","url":"https:\/\/truusk.store\/sv\/","name":"TRUUSK - Hem, Tr\u00e4dg\u00e5rd & Fritid","description":"","publisher":{"@id":"https:\/\/truusk.store\/sv\/#organization"},"potentialAction":[{"@type":"SearchAction","target":{"@type":"EntryPoint","urlTemplate":"https:\/\/truusk.store\/sv\/?s={search_term_string}"},"query-input":{"@type":"PropertyValueSpecification","valueRequired":true,"valueName":"search_term_string"}}],"inLanguage":"sv-SE"},{"@type":"Organization","@id":"https:\/\/truusk.store\/sv\/#organization","name":"TRUUSK - Hem, Tr\u00e4dg\u00e5rd & Fritid","url":"https:\/\/truusk.store\/sv\/","logo":{"@type":"ImageObject","inLanguage":"sv-SE","@id":"https:\/\/truusk.store\/sv\/#\/schema\/logo\/image\/","url":"https:\/\/i0.wp.com\/truusk.store\/wp-content\/uploads\/2026\/03\/cropped-TRUUSK.png?fit=2032%2C917&ssl=1","contentUrl":"https:\/\/i0.wp.com\/truusk.store\/wp-content\/uploads\/2026\/03\/cropped-TRUUSK.png?fit=2032%2C917&ssl=1","width":2032,"height":917,"caption":"TRUUSK - Hem, Tr\u00e4dg\u00e5rd & Fritid"},"image":{"@id":"https:\/\/truusk.store\/sv\/#\/schema\/logo\/image\/"}}]}},"jetpack_sharing_enabled":true,"_links":{"self":[{"href":"https:\/\/truusk.store\/sv\/wp-json\/wp\/v2\/product\/65684","targetHints":{"allow":["GET"]}}],"collection":[{"href":"https:\/\/truusk.store\/sv\/wp-json\/wp\/v2\/product"}],"about":[{"href":"https:\/\/truusk.store\/sv\/wp-json\/wp\/v2\/types\/product"}],"wp:featuredmedia":[{"embeddable":true,"href":"https:\/\/truusk.store\/sv\/wp-json\/wp\/v2\/media\/65674"}],"wp:attachment":[{"href":"https:\/\/truusk.store\/sv\/wp-json\/wp\/v2\/media?parent=65684"}],"wp:term":[{"taxonomy":"product_brand","embeddable":true,"href":"https:\/\/truusk.store\/sv\/wp-json\/wp\/v2\/product_brand?post=65684"},{"taxonomy":"product_cat","embeddable":true,"href":"https:\/\/truusk.store\/sv\/wp-json\/wp\/v2\/product_cat?post=65684"},{"taxonomy":"product_tag","embeddable":true,"href":"https:\/\/truusk.store\/sv\/wp-json\/wp\/v2\/product_tag?post=65684"}],"curies":[{"name":"wp","href":"https:\/\/api.w.org\/{rel}","templated":true}]}}