{"id":65703,"date":"2025-06-05T11:31:50","date_gmt":"2025-06-05T10:31:50","guid":{"rendered":"https:\/\/truusk.store\/product\/kattgrotta-kattstuga-i-grantra-katt-hus-med-balkong-ingangar-for-katter-upp-till-5-kg-utomhus-64-x-87-x-76-cm-ljusgra\/"},"modified":"2026-03-12T09:45:38","modified_gmt":"2026-03-12T08:45:38","slug":"truusk-kattstuga-i-grantra-med-balkong-for-katter-upp-till-5-kg-utomhus-64-x-87-x-76-cm-ljusgra","status":"publish","type":"product","link":"https:\/\/truusk.store\/sv\/produkt\/truusk-kattstuga-i-grantra-med-balkong-for-katter-upp-till-5-kg-utomhus-64-x-87-x-76-cm-ljusgra\/","title":{"rendered":"TRUUSK Kattstuga i Grantr\u00e4 med Balkong &#8211; F\u00f6r Katter Upp Till 5 kg &#8211; Utomhus &#8211; 64 x 87 x 76 cm &#8211; Ljusgr\u00e5"},"content":{"rendered":"<p>Uppt\u00e4ck TRUUSK utomhuskattstuga gjord av grantr\u00e4 med v\u00e4derbest\u00e4ndig f\u00e4rg och ett lutande asfalts tak. Kattstugan har tv\u00e5 niv\u00e5er, en regnskyddad balkong och flera d\u00f6rr\u00f6ppningar med gardiner, perfekt f\u00f6r 1-2 katter. Tack vare den robusta konstruktionen \u00e4r kattgrottan l\u00e4mplig b\u00e5de f\u00f6r inomhus och utomhus och erbjuder dina katter en s\u00e4ker och mysig tillflyktsort.<\/p>\n<p>Beskrivning:<\/p>\n<ul>\n<li> Tillverkad av grantr\u00e4 f\u00f6r h\u00e5llbarhet<\/li>\n<li> Vattent\u00e4t f\u00e4rg och ett lutande asfalts tak p\u00e5 kattstugan skyddar mot regn och sol<\/li>\n<li> L\u00e4mplig f\u00f6r inomhus och utomhus<\/li>\n<li> Tv\u00e5v\u00e5ningsdesignen p\u00e5 kattstugan inkluderar en solskyddad \u00f6vre balkong<\/li>\n<li> Observationsf\u00f6nstret i kattgrottan m\u00f6jligg\u00f6r f\u00f6r katterna att s\u00e4kert observera omgivningen<\/li>\n<li> L\u00e4tt att reng\u00f6ra<\/li>\n<li> Flera ing\u00e5ngar med gardiner erbjuder enkel, privat tillg\u00e5ng<\/li>\n<li> Designad f\u00f6r att bekv\u00e4mt rymma 1-2 katter<\/li>\n<\/ul>\n<p> Tekniska specifikationer:<\/p>\n<ul>\n<li> F\u00e4rg: Ljusgr\u00e5+Vit<\/li>\n<li> Material: Grantr\u00e4, Pmma, Plast<\/li>\n<li> Totala dimensioner: 64L x 87B x 76H cm<\/li>\n<li> Huvudhus: 59L x 66B x 67H cm<\/li>\n<li> Inre \u00f6vre niv\u00e5: 55L x 32,5B x 27H cm<\/li>\n<li> Inre nedre niv\u00e5: 55L x 62,5B x 35,5H cm<\/li>\n<li> Inre d\u00f6rr\u00f6ppning: 18L x 15B cm<\/li>\n<li> F\u00f6nster: 59B x 9H cm<\/li>\n<li> Huvudd\u00f6rr: 15B x 17H cm (Nedan\/\u00d6ver)<\/li>\n<li> Balkong: 59L x 27B cm<\/li>\n<li> Plattform: 59L x 18B cm<\/li>\n<li> Maximal belastning: 10 kg<\/li>\n<\/ul>\n<p> Leverans inneh\u00e5ller:<\/p>\n<ul>\n<li> 1 x Kattstuga<\/li>\n<li> 1 x Bruksanvisning<\/li>\n<\/ul>\n","protected":false},"excerpt":{"rendered":"<p>Uppt\u00e4ck TRUUSK utomhuskattstuga gjord av grantr\u00e4 med v\u00e4derbest\u00e4ndig f\u00e4rg och ett lutande asfalts tak. Kattstugan har tv\u00e5 niv\u00e5er, en regnskyddad&#8230;<\/p>\n","protected":false},"featured_media":65694,"template":"","meta":[],"product_brand":[],"product_cat":[878,591,588],"product_tag":[],"class_list":{"0":"post-65703","1":"product","2":"type-product","3":"status-publish","4":"has-post-thumbnail","6":"product_cat-djurbehov","7":"product_cat-katthus","8":"product_cat-katttillbehor","10":"first","11":"instock","12":"sale","13":"taxable","14":"shipping-taxable","15":"purchasable","16":"product-type-simple"},"yoast_head":"<!-- This site is optimized with the Yoast SEO plugin v25.4 - https:\/\/yoast.com\/wordpress\/plugins\/seo\/ -->\n<title>TRUUSK Kattstuga i Grantr\u00e4 med Balkong - F\u00f6r Katter Upp Till 5 kg - Utomhus - 64 x 87 x 76 cm - Ljusgr\u00e5 - TRUUSK - Hem, Tr\u00e4dg\u00e5rd &amp; Fritid<\/title>\n<meta name=\"robots\" content=\"index, follow, max-snippet:-1, max-image-preview:large, max-video-preview:-1\" \/>\n<link rel=\"canonical\" href=\"https:\/\/truusk.store\/sv\/produkt\/truusk-kattstuga-i-grantra-med-balkong-for-katter-upp-till-5-kg-utomhus-64-x-87-x-76-cm-ljusgra\/\" \/>\n<meta property=\"og:locale\" content=\"sv_SE\" \/>\n<meta property=\"og:type\" content=\"article\" \/>\n<meta property=\"og:title\" content=\"TRUUSK Kattstuga i Grantr\u00e4 med Balkong - F\u00f6r Katter Upp Till 5 kg - Utomhus - 64 x 87 x 76 cm - Ljusgr\u00e5 - TRUUSK - Hem, Tr\u00e4dg\u00e5rd &amp; Fritid\" \/>\n<meta property=\"og:description\" content=\"Uppt\u00e4ck TRUUSK utomhuskattstuga gjord av grantr\u00e4 med v\u00e4derbest\u00e4ndig f\u00e4rg och ett lutande asfalts tak. Kattstugan har tv\u00e5 niv\u00e5er, en regnskyddad...\" \/>\n<meta property=\"og:url\" content=\"https:\/\/truusk.store\/sv\/produkt\/truusk-kattstuga-i-grantra-med-balkong-for-katter-upp-till-5-kg-utomhus-64-x-87-x-76-cm-ljusgra\/\" \/>\n<meta property=\"og:site_name\" content=\"TRUUSK - Hem, Tr\u00e4dg\u00e5rd &amp; Fritid\" \/>\n<meta property=\"article:modified_time\" content=\"2026-03-12T08:45:38+00:00\" \/>\n<meta property=\"og:image\" content=\"https:\/\/i0.wp.com\/truusk.se\/wp-content\/uploads\/2025\/06\/kattgrotta-kattstuga-i-grantra-katt-hus-med-balkong-ingangar-for-katter-upp-till-5-kg-utomhus-64-x-87-x-76-cm-ljusgra-1.webp?fit=2000%2C2000&ssl=1\" \/>\n\t<meta property=\"og:image:width\" content=\"2000\" \/>\n\t<meta property=\"og:image:height\" content=\"2000\" \/>\n\t<meta property=\"og:image:type\" content=\"image\/webp\" \/>\n<meta name=\"twitter:card\" content=\"summary_large_image\" \/>\n<meta name=\"twitter:label1\" content=\"Ber\u00e4knad l\u00e4stid\" \/>\n\t<meta name=\"twitter:data1\" content=\"1 minut\" \/>\n<!-- \/ Yoast SEO plugin. -->","yoast_head_json":{"title":"TRUUSK Kattstuga i Grantr\u00e4 med Balkong - F\u00f6r Katter Upp Till 5 kg - Utomhus - 64 x 87 x 76 cm - Ljusgr\u00e5 - TRUUSK - Hem, Tr\u00e4dg\u00e5rd &amp; Fritid","robots":{"index":"index","follow":"follow","max-snippet":"max-snippet:-1","max-image-preview":"max-image-preview:large","max-video-preview":"max-video-preview:-1"},"canonical":"https:\/\/truusk.store\/sv\/produkt\/truusk-kattstuga-i-grantra-med-balkong-for-katter-upp-till-5-kg-utomhus-64-x-87-x-76-cm-ljusgra\/","og_locale":"sv_SE","og_type":"article","og_title":"TRUUSK Kattstuga i Grantr\u00e4 med Balkong - F\u00f6r Katter Upp Till 5 kg - Utomhus - 64 x 87 x 76 cm - Ljusgr\u00e5 - TRUUSK - Hem, Tr\u00e4dg\u00e5rd &amp; Fritid","og_description":"Uppt\u00e4ck TRUUSK utomhuskattstuga gjord av grantr\u00e4 med v\u00e4derbest\u00e4ndig f\u00e4rg och ett lutande asfalts tak. Kattstugan har tv\u00e5 niv\u00e5er, en regnskyddad...","og_url":"https:\/\/truusk.store\/sv\/produkt\/truusk-kattstuga-i-grantra-med-balkong-for-katter-upp-till-5-kg-utomhus-64-x-87-x-76-cm-ljusgra\/","og_site_name":"TRUUSK - Hem, Tr\u00e4dg\u00e5rd &amp; Fritid","article_modified_time":"2026-03-12T08:45:38+00:00","og_image":[{"width":2000,"height":2000,"url":"https:\/\/i0.wp.com\/truusk.se\/wp-content\/uploads\/2025\/06\/kattgrotta-kattstuga-i-grantra-katt-hus-med-balkong-ingangar-for-katter-upp-till-5-kg-utomhus-64-x-87-x-76-cm-ljusgra-1.webp?fit=2000%2C2000&ssl=1","type":"image\/webp"}],"twitter_card":"summary_large_image","twitter_misc":{"Ber\u00e4knad l\u00e4stid":"1 minut"},"schema":{"@context":"https:\/\/schema.org","@graph":[{"@type":"WebPage","@id":"https:\/\/truusk.store\/sv\/produkt\/truusk-kattstuga-i-grantra-med-balkong-for-katter-upp-till-5-kg-utomhus-64-x-87-x-76-cm-ljusgra\/","url":"https:\/\/truusk.store\/sv\/produkt\/truusk-kattstuga-i-grantra-med-balkong-for-katter-upp-till-5-kg-utomhus-64-x-87-x-76-cm-ljusgra\/","name":"TRUUSK Kattstuga i Grantr\u00e4 med Balkong - F\u00f6r Katter Upp Till 5 kg - Utomhus - 64 x 87 x 76 cm - Ljusgr\u00e5 - TRUUSK - Hem, Tr\u00e4dg\u00e5rd &amp; Fritid","isPartOf":{"@id":"https:\/\/truusk.store\/sv\/#website"},"primaryImageOfPage":{"@id":"https:\/\/truusk.store\/sv\/produkt\/truusk-kattstuga-i-grantra-med-balkong-for-katter-upp-till-5-kg-utomhus-64-x-87-x-76-cm-ljusgra\/#primaryimage"},"image":{"@id":"https:\/\/truusk.store\/sv\/produkt\/truusk-kattstuga-i-grantra-med-balkong-for-katter-upp-till-5-kg-utomhus-64-x-87-x-76-cm-ljusgra\/#primaryimage"},"thumbnailUrl":"https:\/\/i0.wp.com\/truusk.store\/wp-content\/uploads\/2025\/06\/kattgrotta-kattstuga-i-grantra-katt-hus-med-balkong-ingangar-for-katter-upp-till-5-kg-utomhus-64-x-87-x-76-cm-ljusgra-1.webp?fit=2000%2C2000&ssl=1","datePublished":"2025-06-05T10:31:50+00:00","dateModified":"2026-03-12T08:45:38+00:00","breadcrumb":{"@id":"https:\/\/truusk.store\/sv\/produkt\/truusk-kattstuga-i-grantra-med-balkong-for-katter-upp-till-5-kg-utomhus-64-x-87-x-76-cm-ljusgra\/#breadcrumb"},"inLanguage":"sv-SE","potentialAction":[{"@type":"ReadAction","target":["https:\/\/truusk.store\/sv\/produkt\/truusk-kattstuga-i-grantra-med-balkong-for-katter-upp-till-5-kg-utomhus-64-x-87-x-76-cm-ljusgra\/"]}]},{"@type":"ImageObject","inLanguage":"sv-SE","@id":"https:\/\/truusk.store\/sv\/produkt\/truusk-kattstuga-i-grantra-med-balkong-for-katter-upp-till-5-kg-utomhus-64-x-87-x-76-cm-ljusgra\/#primaryimage","url":"https:\/\/i0.wp.com\/truusk.store\/wp-content\/uploads\/2025\/06\/kattgrotta-kattstuga-i-grantra-katt-hus-med-balkong-ingangar-for-katter-upp-till-5-kg-utomhus-64-x-87-x-76-cm-ljusgra-1.webp?fit=2000%2C2000&ssl=1","contentUrl":"https:\/\/i0.wp.com\/truusk.store\/wp-content\/uploads\/2025\/06\/kattgrotta-kattstuga-i-grantra-katt-hus-med-balkong-ingangar-for-katter-upp-till-5-kg-utomhus-64-x-87-x-76-cm-ljusgra-1.webp?fit=2000%2C2000&ssl=1","width":2000,"height":2000},{"@type":"BreadcrumbList","@id":"https:\/\/truusk.store\/sv\/produkt\/truusk-kattstuga-i-grantra-med-balkong-for-katter-upp-till-5-kg-utomhus-64-x-87-x-76-cm-ljusgra\/#breadcrumb","itemListElement":[{"@type":"ListItem","position":1,"name":"Home","item":"https:\/\/truusk.store\/sv\/"},{"@type":"ListItem","position":2,"name":"Shop","item":"https:\/\/truusk.store\/shop\/"},{"@type":"ListItem","position":3,"name":"TRUUSK Kattstuga i Grantr\u00e4 med Balkong &#8211; F\u00f6r Katter Upp Till 5 kg &#8211; Utomhus &#8211; 64 x 87 x 76 cm &#8211; Ljusgr\u00e5"}]},{"@type":"WebSite","@id":"https:\/\/truusk.store\/sv\/#website","url":"https:\/\/truusk.store\/sv\/","name":"TRUUSK - Hem, Tr\u00e4dg\u00e5rd & Fritid","description":"","publisher":{"@id":"https:\/\/truusk.store\/sv\/#organization"},"potentialAction":[{"@type":"SearchAction","target":{"@type":"EntryPoint","urlTemplate":"https:\/\/truusk.store\/sv\/?s={search_term_string}"},"query-input":{"@type":"PropertyValueSpecification","valueRequired":true,"valueName":"search_term_string"}}],"inLanguage":"sv-SE"},{"@type":"Organization","@id":"https:\/\/truusk.store\/sv\/#organization","name":"TRUUSK - Hem, Tr\u00e4dg\u00e5rd & Fritid","url":"https:\/\/truusk.store\/sv\/","logo":{"@type":"ImageObject","inLanguage":"sv-SE","@id":"https:\/\/truusk.store\/sv\/#\/schema\/logo\/image\/","url":"https:\/\/i0.wp.com\/truusk.store\/wp-content\/uploads\/2026\/03\/cropped-TRUUSK.png?fit=2032%2C917&ssl=1","contentUrl":"https:\/\/i0.wp.com\/truusk.store\/wp-content\/uploads\/2026\/03\/cropped-TRUUSK.png?fit=2032%2C917&ssl=1","width":2032,"height":917,"caption":"TRUUSK - Hem, Tr\u00e4dg\u00e5rd & Fritid"},"image":{"@id":"https:\/\/truusk.store\/sv\/#\/schema\/logo\/image\/"}}]}},"jetpack_sharing_enabled":true,"_links":{"self":[{"href":"https:\/\/truusk.store\/sv\/wp-json\/wp\/v2\/product\/65703","targetHints":{"allow":["GET"]}}],"collection":[{"href":"https:\/\/truusk.store\/sv\/wp-json\/wp\/v2\/product"}],"about":[{"href":"https:\/\/truusk.store\/sv\/wp-json\/wp\/v2\/types\/product"}],"wp:featuredmedia":[{"embeddable":true,"href":"https:\/\/truusk.store\/sv\/wp-json\/wp\/v2\/media\/65694"}],"wp:attachment":[{"href":"https:\/\/truusk.store\/sv\/wp-json\/wp\/v2\/media?parent=65703"}],"wp:term":[{"taxonomy":"product_brand","embeddable":true,"href":"https:\/\/truusk.store\/sv\/wp-json\/wp\/v2\/product_brand?post=65703"},{"taxonomy":"product_cat","embeddable":true,"href":"https:\/\/truusk.store\/sv\/wp-json\/wp\/v2\/product_cat?post=65703"},{"taxonomy":"product_tag","embeddable":true,"href":"https:\/\/truusk.store\/sv\/wp-json\/wp\/v2\/product_tag?post=65703"}],"curies":[{"name":"wp","href":"https:\/\/api.w.org\/{rel}","templated":true}]}}