{"id":65723,"date":"2025-06-05T11:33:41","date_gmt":"2025-06-05T10:33:41","guid":{"rendered":"https:\/\/truusk.store\/product\/dip-bar-bars-2-pack-halkfri-dip-station-80-100-cm-hojdjusterbar-fitness-parallettes-for-muskeltraning-och-styrketraning-stal-svart\/"},"modified":"2026-03-12T09:41:18","modified_gmt":"2026-03-12T08:41:18","slug":"truusk-dip-bars-2-pack-halkfri-dip-station-hojdjusterbar-80-100-cm-fitness-parallettes-muskeltraning-styrketraning","status":"publish","type":"product","link":"https:\/\/truusk.store\/sv\/produkt\/truusk-dip-bars-2-pack-halkfri-dip-station-hojdjusterbar-80-100-cm-fitness-parallettes-muskeltraning-styrketraning\/","title":{"rendered":"TRUUSK Dip Bars 2-pack &#8211; Halkfri Dip Station &#8211; H\u00f6jdjusterbar 80-100 cm &#8211; Fitness Parallettes &#8211; Muskeltr\u00e4ning &#8211; Styrketr\u00e4ning &#8211;"},"content":{"rendered":"<p>Ta din egen viktstr\u00e4ning till en ny niv\u00e5 med SPORTNOW armh\u00e4vningshandtag! De h\u00f6jdjusterbara st\u00e4ngerna fr\u00e5n 80 till 100 cm \u00e4r idealiska f\u00f6r l\u00e4ngre personer. Den stabila basen p\u00e5 Dip Bar p\u00e5 50 x 70 cm med halkfria gummif\u00f6tter ger en s\u00e4ker st\u00e5ndpunkt. De extra l\u00e5nga handtagen p\u00e5 62 cm ger ett fast, svettfritt grepp. Perfekt f\u00f6r dips, armh\u00e4vningar och mer &#8211; dessa b\u00e4rbara barer \u00e4r ett m\u00e5ste f\u00f6r effektiv hemtr\u00e4ning.<\/p>\n<p>Beskrivning:<\/p>\n<ul>\n<li> H\u00f6jdjusterbar fr\u00e5n 80 till 100 cm f\u00f6r olika kroppsl\u00e4ngder<\/li>\n<li> Extra bred bas p\u00e5 50 x 70 cm f\u00f6r maximal stabilitet och s\u00e4kerhet<\/li>\n<li> Halkfria gummif\u00f6tter p\u00e5 armh\u00e4vningshandtagen f\u00f6r b\u00e4ttre grepp och f\u00f6r att undvika olyckor<\/li>\n<li> Extra l\u00e5nga handtag p\u00e5 Dip Bar p\u00e5 62 cm f\u00f6r s\u00e4kert och bekv\u00e4mt grepp<\/li>\n<li> Svettabsorberande handtag f\u00f6rhindrar att man glider vid intensiv anv\u00e4ndning<\/li>\n<li> Stabil, fyrkantig st\u00e5lram f\u00f6r s\u00e4ker st\u00f6d<\/li>\n<\/ul>\n<p>Tekniska data:<\/p>\n<ul>\n<li> F\u00e4rg: Svart<\/li>\n<li> Material: St\u00e5l<\/li>\n<li> Totala m\u00e5tt: 70L x 50B x 80-105H cm<\/li>\n<li> Handtagsl\u00e4ngd: 62L cm<\/li>\n<li> B\u00e4rkapacitet: 120 kg<\/li>\n<\/ul>\n<p>Leveransinneh\u00e5ll:<\/p>\n<ul>\n<li> 2 x Dip Bar<\/li>\n<li> 1 x Manual<\/li>\n<\/ul>\n","protected":false},"excerpt":{"rendered":"<p>Ta din egen viktstr\u00e4ning till en ny niv\u00e5 med SPORTNOW armh\u00e4vningshandtag! De h\u00f6jdjusterbara st\u00e4ngerna fr\u00e5n 80 till 100 cm \u00e4r&#8230;<\/p>\n","protected":false},"featured_media":65714,"template":"","meta":[],"product_brand":[],"product_cat":[873,647,665],"product_tag":[],"class_list":{"0":"post-65723","1":"product","2":"type-product","3":"status-publish","4":"has-post-thumbnail","6":"product_cat-fitness-styrketraning","7":"product_cat-sport-fritid","8":"product_cat-styrketraning","10":"first","11":"instock","12":"sale","13":"taxable","14":"shipping-taxable","15":"purchasable","16":"product-type-simple"},"yoast_head":"<!-- This site is optimized with the Yoast SEO plugin v25.4 - https:\/\/yoast.com\/wordpress\/plugins\/seo\/ -->\n<title>TRUUSK Dip Bars 2-pack - Halkfri Dip Station - H\u00f6jdjusterbar 80-100 cm - Fitness Parallettes - Muskeltr\u00e4ning - Styrketr\u00e4ning - TRUUSK - Hem, Tr\u00e4dg\u00e5rd &amp; Fritid<\/title>\n<meta name=\"robots\" content=\"index, follow, max-snippet:-1, max-image-preview:large, max-video-preview:-1\" \/>\n<link rel=\"canonical\" href=\"https:\/\/truusk.store\/sv\/produkt\/truusk-dip-bars-2-pack-halkfri-dip-station-hojdjusterbar-80-100-cm-fitness-parallettes-muskeltraning-styrketraning\/\" \/>\n<meta property=\"og:locale\" content=\"sv_SE\" \/>\n<meta property=\"og:type\" content=\"article\" \/>\n<meta property=\"og:title\" content=\"TRUUSK Dip Bars 2-pack - Halkfri Dip Station - H\u00f6jdjusterbar 80-100 cm - Fitness Parallettes - Muskeltr\u00e4ning - Styrketr\u00e4ning - TRUUSK - Hem, Tr\u00e4dg\u00e5rd &amp; Fritid\" \/>\n<meta property=\"og:description\" content=\"Ta din egen viktstr\u00e4ning till en ny niv\u00e5 med SPORTNOW armh\u00e4vningshandtag! De h\u00f6jdjusterbara st\u00e4ngerna fr\u00e5n 80 till 100 cm \u00e4r...\" \/>\n<meta property=\"og:url\" content=\"https:\/\/truusk.store\/sv\/produkt\/truusk-dip-bars-2-pack-halkfri-dip-station-hojdjusterbar-80-100-cm-fitness-parallettes-muskeltraning-styrketraning\/\" \/>\n<meta property=\"og:site_name\" content=\"TRUUSK - Hem, Tr\u00e4dg\u00e5rd &amp; Fritid\" \/>\n<meta property=\"article:modified_time\" content=\"2026-03-12T08:41:18+00:00\" \/>\n<meta property=\"og:image\" content=\"https:\/\/i0.wp.com\/truusk.se\/wp-content\/uploads\/2025\/06\/dip-bar-bars-2-pack-halkfri-dip-station-80-100-cm-hojdjusterbar-fitness-parallettes-for-muskeltraning-och-styrketraning-stal-svart-1.webp?fit=2000%2C2000&ssl=1\" \/>\n\t<meta property=\"og:image:width\" content=\"2000\" \/>\n\t<meta property=\"og:image:height\" content=\"2000\" \/>\n\t<meta property=\"og:image:type\" content=\"image\/webp\" \/>\n<meta name=\"twitter:card\" content=\"summary_large_image\" \/>\n<meta name=\"twitter:label1\" content=\"Ber\u00e4knad l\u00e4stid\" \/>\n\t<meta name=\"twitter:data1\" content=\"1 minut\" \/>\n<!-- \/ Yoast SEO plugin. -->","yoast_head_json":{"title":"TRUUSK Dip Bars 2-pack - Halkfri Dip Station - H\u00f6jdjusterbar 80-100 cm - Fitness Parallettes - Muskeltr\u00e4ning - Styrketr\u00e4ning - TRUUSK - Hem, Tr\u00e4dg\u00e5rd &amp; Fritid","robots":{"index":"index","follow":"follow","max-snippet":"max-snippet:-1","max-image-preview":"max-image-preview:large","max-video-preview":"max-video-preview:-1"},"canonical":"https:\/\/truusk.store\/sv\/produkt\/truusk-dip-bars-2-pack-halkfri-dip-station-hojdjusterbar-80-100-cm-fitness-parallettes-muskeltraning-styrketraning\/","og_locale":"sv_SE","og_type":"article","og_title":"TRUUSK Dip Bars 2-pack - Halkfri Dip Station - H\u00f6jdjusterbar 80-100 cm - Fitness Parallettes - Muskeltr\u00e4ning - Styrketr\u00e4ning - TRUUSK - Hem, Tr\u00e4dg\u00e5rd &amp; Fritid","og_description":"Ta din egen viktstr\u00e4ning till en ny niv\u00e5 med SPORTNOW armh\u00e4vningshandtag! De h\u00f6jdjusterbara st\u00e4ngerna fr\u00e5n 80 till 100 cm \u00e4r...","og_url":"https:\/\/truusk.store\/sv\/produkt\/truusk-dip-bars-2-pack-halkfri-dip-station-hojdjusterbar-80-100-cm-fitness-parallettes-muskeltraning-styrketraning\/","og_site_name":"TRUUSK - Hem, Tr\u00e4dg\u00e5rd &amp; Fritid","article_modified_time":"2026-03-12T08:41:18+00:00","og_image":[{"width":2000,"height":2000,"url":"https:\/\/i0.wp.com\/truusk.se\/wp-content\/uploads\/2025\/06\/dip-bar-bars-2-pack-halkfri-dip-station-80-100-cm-hojdjusterbar-fitness-parallettes-for-muskeltraning-och-styrketraning-stal-svart-1.webp?fit=2000%2C2000&ssl=1","type":"image\/webp"}],"twitter_card":"summary_large_image","twitter_misc":{"Ber\u00e4knad l\u00e4stid":"1 minut"},"schema":{"@context":"https:\/\/schema.org","@graph":[{"@type":"WebPage","@id":"https:\/\/truusk.store\/sv\/produkt\/truusk-dip-bars-2-pack-halkfri-dip-station-hojdjusterbar-80-100-cm-fitness-parallettes-muskeltraning-styrketraning\/","url":"https:\/\/truusk.store\/sv\/produkt\/truusk-dip-bars-2-pack-halkfri-dip-station-hojdjusterbar-80-100-cm-fitness-parallettes-muskeltraning-styrketraning\/","name":"TRUUSK Dip Bars 2-pack - Halkfri Dip Station - H\u00f6jdjusterbar 80-100 cm - Fitness Parallettes - Muskeltr\u00e4ning - Styrketr\u00e4ning - TRUUSK - Hem, Tr\u00e4dg\u00e5rd &amp; Fritid","isPartOf":{"@id":"https:\/\/truusk.store\/sv\/#website"},"primaryImageOfPage":{"@id":"https:\/\/truusk.store\/sv\/produkt\/truusk-dip-bars-2-pack-halkfri-dip-station-hojdjusterbar-80-100-cm-fitness-parallettes-muskeltraning-styrketraning\/#primaryimage"},"image":{"@id":"https:\/\/truusk.store\/sv\/produkt\/truusk-dip-bars-2-pack-halkfri-dip-station-hojdjusterbar-80-100-cm-fitness-parallettes-muskeltraning-styrketraning\/#primaryimage"},"thumbnailUrl":"https:\/\/i0.wp.com\/truusk.store\/wp-content\/uploads\/2025\/06\/dip-bar-bars-2-pack-halkfri-dip-station-80-100-cm-hojdjusterbar-fitness-parallettes-for-muskeltraning-och-styrketraning-stal-svart-1.webp?fit=2000%2C2000&ssl=1","datePublished":"2025-06-05T10:33:41+00:00","dateModified":"2026-03-12T08:41:18+00:00","breadcrumb":{"@id":"https:\/\/truusk.store\/sv\/produkt\/truusk-dip-bars-2-pack-halkfri-dip-station-hojdjusterbar-80-100-cm-fitness-parallettes-muskeltraning-styrketraning\/#breadcrumb"},"inLanguage":"sv-SE","potentialAction":[{"@type":"ReadAction","target":["https:\/\/truusk.store\/sv\/produkt\/truusk-dip-bars-2-pack-halkfri-dip-station-hojdjusterbar-80-100-cm-fitness-parallettes-muskeltraning-styrketraning\/"]}]},{"@type":"ImageObject","inLanguage":"sv-SE","@id":"https:\/\/truusk.store\/sv\/produkt\/truusk-dip-bars-2-pack-halkfri-dip-station-hojdjusterbar-80-100-cm-fitness-parallettes-muskeltraning-styrketraning\/#primaryimage","url":"https:\/\/i0.wp.com\/truusk.store\/wp-content\/uploads\/2025\/06\/dip-bar-bars-2-pack-halkfri-dip-station-80-100-cm-hojdjusterbar-fitness-parallettes-for-muskeltraning-och-styrketraning-stal-svart-1.webp?fit=2000%2C2000&ssl=1","contentUrl":"https:\/\/i0.wp.com\/truusk.store\/wp-content\/uploads\/2025\/06\/dip-bar-bars-2-pack-halkfri-dip-station-80-100-cm-hojdjusterbar-fitness-parallettes-for-muskeltraning-och-styrketraning-stal-svart-1.webp?fit=2000%2C2000&ssl=1","width":2000,"height":2000},{"@type":"BreadcrumbList","@id":"https:\/\/truusk.store\/sv\/produkt\/truusk-dip-bars-2-pack-halkfri-dip-station-hojdjusterbar-80-100-cm-fitness-parallettes-muskeltraning-styrketraning\/#breadcrumb","itemListElement":[{"@type":"ListItem","position":1,"name":"Home","item":"https:\/\/truusk.store\/sv\/"},{"@type":"ListItem","position":2,"name":"Shop","item":"https:\/\/truusk.store\/shop\/"},{"@type":"ListItem","position":3,"name":"TRUUSK Dip Bars 2-pack &#8211; Halkfri Dip Station &#8211; H\u00f6jdjusterbar 80-100 cm &#8211; Fitness Parallettes &#8211; Muskeltr\u00e4ning &#8211; Styrketr\u00e4ning &#8211;"}]},{"@type":"WebSite","@id":"https:\/\/truusk.store\/sv\/#website","url":"https:\/\/truusk.store\/sv\/","name":"TRUUSK - Hem, Tr\u00e4dg\u00e5rd & Fritid","description":"","publisher":{"@id":"https:\/\/truusk.store\/sv\/#organization"},"potentialAction":[{"@type":"SearchAction","target":{"@type":"EntryPoint","urlTemplate":"https:\/\/truusk.store\/sv\/?s={search_term_string}"},"query-input":{"@type":"PropertyValueSpecification","valueRequired":true,"valueName":"search_term_string"}}],"inLanguage":"sv-SE"},{"@type":"Organization","@id":"https:\/\/truusk.store\/sv\/#organization","name":"TRUUSK - Hem, Tr\u00e4dg\u00e5rd & Fritid","url":"https:\/\/truusk.store\/sv\/","logo":{"@type":"ImageObject","inLanguage":"sv-SE","@id":"https:\/\/truusk.store\/sv\/#\/schema\/logo\/image\/","url":"https:\/\/i0.wp.com\/truusk.store\/wp-content\/uploads\/2026\/03\/cropped-TRUUSK.png?fit=2032%2C917&ssl=1","contentUrl":"https:\/\/i0.wp.com\/truusk.store\/wp-content\/uploads\/2026\/03\/cropped-TRUUSK.png?fit=2032%2C917&ssl=1","width":2032,"height":917,"caption":"TRUUSK - Hem, Tr\u00e4dg\u00e5rd & Fritid"},"image":{"@id":"https:\/\/truusk.store\/sv\/#\/schema\/logo\/image\/"}}]}},"jetpack_sharing_enabled":true,"_links":{"self":[{"href":"https:\/\/truusk.store\/sv\/wp-json\/wp\/v2\/product\/65723","targetHints":{"allow":["GET"]}}],"collection":[{"href":"https:\/\/truusk.store\/sv\/wp-json\/wp\/v2\/product"}],"about":[{"href":"https:\/\/truusk.store\/sv\/wp-json\/wp\/v2\/types\/product"}],"wp:featuredmedia":[{"embeddable":true,"href":"https:\/\/truusk.store\/sv\/wp-json\/wp\/v2\/media\/65714"}],"wp:attachment":[{"href":"https:\/\/truusk.store\/sv\/wp-json\/wp\/v2\/media?parent=65723"}],"wp:term":[{"taxonomy":"product_brand","embeddable":true,"href":"https:\/\/truusk.store\/sv\/wp-json\/wp\/v2\/product_brand?post=65723"},{"taxonomy":"product_cat","embeddable":true,"href":"https:\/\/truusk.store\/sv\/wp-json\/wp\/v2\/product_cat?post=65723"},{"taxonomy":"product_tag","embeddable":true,"href":"https:\/\/truusk.store\/sv\/wp-json\/wp\/v2\/product_tag?post=65723"}],"curies":[{"name":"wp","href":"https:\/\/api.w.org\/{rel}","templated":true}]}}