{"id":65733,"date":"2025-06-05T11:34:51","date_gmt":"2025-06-05T10:34:51","guid":{"rendered":"https:\/\/truusk.store\/product\/3-vanings-gnagarkage-sexkantig-liten-djurkage-litet-trahus-muskage-hamsterkage-med-fallbart-lock-fonster-ramp-115-x-60-x-55-cm-gra\/"},"modified":"2026-03-12T09:38:21","modified_gmt":"2026-03-12T08:38:21","slug":"truusk-3-vanings-gnagarkage-sexkantig-liten-djurkage-med-fallbart-lock-fonster-ramp-gra-115-x-60-x-55-cm","status":"publish","type":"product","link":"https:\/\/truusk.store\/sv\/produkt\/truusk-3-vanings-gnagarkage-sexkantig-liten-djurkage-med-fallbart-lock-fonster-ramp-gra-115-x-60-x-55-cm\/","title":{"rendered":"TRUUSK 3-v\u00e5nings Gnagarkage &#8211; Sexkantig Liten Djurkage &#8211; Med F\u00e4llbart Lock &#8211; F\u00f6nster &#8211; Ramp &#8211; Gr\u00e5 &#8211; 115 X 60 X 55 Cm"},"content":{"rendered":"<p>Uppt\u00e4ck TRUUSK hamsterbur \u2013 det perfekta hemmet f\u00f6r dina sm\u00e5 v\u00e4nner! P\u00e5 tre niv\u00e5er hittar dina husdjur tillr\u00e4ckligt med utrymme f\u00f6r att sova, leka och \u00e4ta. Den robusta konstruktionen av tr\u00e4 och tr\u00e5dn\u00e4t i sm\u00e5djursburen s\u00e4kerst\u00e4ller optimal ventilation, medan plexiglasf\u00f6nstret p\u00e5 framsidan ger dig en st\u00e4ndig inblick i dina favoriter. Det h\u00f6jda designen av gnagarburen skyddar mot kyla och fukt, s\u00e5 att dina sm\u00e5djur kan k\u00e4nna sig helt bekv\u00e4ma.<\/p>\n<p>Beskrivning:<\/p>\n<ul>\n<li> Solid konstruktion av tr\u00e4 och tr\u00e5dn\u00e4t i gnagarburen f\u00f6r optimal stabilitet<\/li>\n<li> V\u00e4l l\u00e4mpad f\u00f6r sm\u00e5djur f\u00f6r att ge dem ett s\u00e4kert hem<\/li>\n<li> 3 v\u00e5ningar hamsterbur ger gott om utrymme f\u00f6r lek, springa och sova<\/li>\n<li> V\u00e5ningarna \u00e4r kopplade med en ramp, vilket underl\u00e4ttar tillg\u00e5ngen<\/li>\n<li> Plexiglasf\u00f6nster ger en direkt inblick i alla niv\u00e5er<\/li>\n<li> P\u00e5 grund av sin l\u00e4tta vikt \u00e4r den l\u00e4tt att transportera<\/li>\n<li> Det \u00f6ppningsbara takn\u00e4tet p\u00e5 musburen s\u00e4kerst\u00e4ller tillr\u00e4cklig lufttillf\u00f6rsel<\/li>\n<li> Uttagbar bottenbricka f\u00f6r enkel reng\u00f6ring<\/li>\n<li> Montering kr\u00e4vs f\u00f6r att snabbt s\u00e4tta upp buren<\/li>\n<\/ul>\n<p> Tekniska data:<\/p>\n<ul>\n<li> F\u00e4rg: Gr\u00e5<\/li>\n<li> Material: Grantr\u00e4, PS-plexiglas, metall<\/li>\n<li> Totala m\u00e5tt: 115L x 60B x 55H cm<\/li>\n<li> Storlek p\u00e5 fr\u00e4mre d\u00f6rren: 75B x 19H cm<\/li>\n<li> Plexiglasstorlek: 68,5B x 13,5H cm (d\u00f6rr), 75,5B x 23,5H cm (fram), 29B x 47,5H cm (sida)<\/li>\n<li> Storlek p\u00e5 stegen: 30L x 8B x 1T cm<\/li>\n<li> Storlek p\u00e5 skjutbrickan: 75,5L x 58B cm<\/li>\n<\/ul>\n<p> Leveransinneh\u00e5ll:<\/p>\n<ul>\n<li> 1 x Hamsterbur<\/li>\n<li> 1 x Instruktioner<\/li>\n<\/ul>\n","protected":false},"excerpt":{"rendered":"<p>Uppt\u00e4ck TRUUSK hamsterbur \u2013 det perfekta hemmet f\u00f6r dina sm\u00e5 v\u00e4nner! P\u00e5 tre niv\u00e5er hittar dina husdjur tillr\u00e4ckligt med utrymme&#8230;<\/p>\n","protected":false},"featured_media":65724,"template":"","meta":[],"product_brand":[],"product_cat":[878,599,597],"product_tag":[],"class_list":{"0":"post-65733","1":"product","2":"type-product","3":"status-publish","4":"has-post-thumbnail","6":"product_cat-djurbehov","7":"product_cat-sma-djurburar","8":"product_cat-sma-djurtillbehor","10":"first","11":"instock","12":"sale","13":"taxable","14":"shipping-taxable","15":"purchasable","16":"product-type-simple"},"yoast_head":"<!-- This site is optimized with the Yoast SEO plugin v25.4 - https:\/\/yoast.com\/wordpress\/plugins\/seo\/ -->\n<title>TRUUSK 3-v\u00e5nings Gnagarkage - Sexkantig Liten Djurkage - Med F\u00e4llbart Lock - F\u00f6nster - Ramp - Gr\u00e5 - 115 X 60 X 55 Cm - TRUUSK - Hem, Tr\u00e4dg\u00e5rd &amp; Fritid<\/title>\n<meta name=\"robots\" content=\"index, follow, max-snippet:-1, max-image-preview:large, max-video-preview:-1\" \/>\n<link rel=\"canonical\" href=\"https:\/\/truusk.store\/sv\/produkt\/truusk-3-vanings-gnagarkage-sexkantig-liten-djurkage-med-fallbart-lock-fonster-ramp-gra-115-x-60-x-55-cm\/\" \/>\n<meta property=\"og:locale\" content=\"sv_SE\" \/>\n<meta property=\"og:type\" content=\"article\" \/>\n<meta property=\"og:title\" content=\"TRUUSK 3-v\u00e5nings Gnagarkage - Sexkantig Liten Djurkage - Med F\u00e4llbart Lock - F\u00f6nster - Ramp - Gr\u00e5 - 115 X 60 X 55 Cm - TRUUSK - Hem, Tr\u00e4dg\u00e5rd &amp; Fritid\" \/>\n<meta property=\"og:description\" content=\"Uppt\u00e4ck TRUUSK hamsterbur \u2013 det perfekta hemmet f\u00f6r dina sm\u00e5 v\u00e4nner! P\u00e5 tre niv\u00e5er hittar dina husdjur tillr\u00e4ckligt med utrymme...\" \/>\n<meta property=\"og:url\" content=\"https:\/\/truusk.store\/sv\/produkt\/truusk-3-vanings-gnagarkage-sexkantig-liten-djurkage-med-fallbart-lock-fonster-ramp-gra-115-x-60-x-55-cm\/\" \/>\n<meta property=\"og:site_name\" content=\"TRUUSK - Hem, Tr\u00e4dg\u00e5rd &amp; Fritid\" \/>\n<meta property=\"article:modified_time\" content=\"2026-03-12T08:38:21+00:00\" \/>\n<meta property=\"og:image\" content=\"https:\/\/i0.wp.com\/truusk.se\/wp-content\/uploads\/2025\/06\/3-vanings-gnagarkage-sexkantig-liten-djurkage-litet-trahus-muskage-hamsterkage-med-fallbart-lock-fonster-ramp-115-x-60-x-55-cm-gra-1.webp?fit=2000%2C2000&ssl=1\" \/>\n\t<meta property=\"og:image:width\" content=\"2000\" \/>\n\t<meta property=\"og:image:height\" content=\"2000\" \/>\n\t<meta property=\"og:image:type\" content=\"image\/webp\" \/>\n<meta name=\"twitter:card\" content=\"summary_large_image\" \/>\n<meta name=\"twitter:label1\" content=\"Ber\u00e4knad l\u00e4stid\" \/>\n\t<meta name=\"twitter:data1\" content=\"1 minut\" \/>\n<!-- \/ Yoast SEO plugin. -->","yoast_head_json":{"title":"TRUUSK 3-v\u00e5nings Gnagarkage - Sexkantig Liten Djurkage - Med F\u00e4llbart Lock - F\u00f6nster - Ramp - Gr\u00e5 - 115 X 60 X 55 Cm - TRUUSK - Hem, Tr\u00e4dg\u00e5rd &amp; Fritid","robots":{"index":"index","follow":"follow","max-snippet":"max-snippet:-1","max-image-preview":"max-image-preview:large","max-video-preview":"max-video-preview:-1"},"canonical":"https:\/\/truusk.store\/sv\/produkt\/truusk-3-vanings-gnagarkage-sexkantig-liten-djurkage-med-fallbart-lock-fonster-ramp-gra-115-x-60-x-55-cm\/","og_locale":"sv_SE","og_type":"article","og_title":"TRUUSK 3-v\u00e5nings Gnagarkage - Sexkantig Liten Djurkage - Med F\u00e4llbart Lock - F\u00f6nster - Ramp - Gr\u00e5 - 115 X 60 X 55 Cm - TRUUSK - Hem, Tr\u00e4dg\u00e5rd &amp; Fritid","og_description":"Uppt\u00e4ck TRUUSK hamsterbur \u2013 det perfekta hemmet f\u00f6r dina sm\u00e5 v\u00e4nner! P\u00e5 tre niv\u00e5er hittar dina husdjur tillr\u00e4ckligt med utrymme...","og_url":"https:\/\/truusk.store\/sv\/produkt\/truusk-3-vanings-gnagarkage-sexkantig-liten-djurkage-med-fallbart-lock-fonster-ramp-gra-115-x-60-x-55-cm\/","og_site_name":"TRUUSK - Hem, Tr\u00e4dg\u00e5rd &amp; Fritid","article_modified_time":"2026-03-12T08:38:21+00:00","og_image":[{"width":2000,"height":2000,"url":"https:\/\/i0.wp.com\/truusk.se\/wp-content\/uploads\/2025\/06\/3-vanings-gnagarkage-sexkantig-liten-djurkage-litet-trahus-muskage-hamsterkage-med-fallbart-lock-fonster-ramp-115-x-60-x-55-cm-gra-1.webp?fit=2000%2C2000&ssl=1","type":"image\/webp"}],"twitter_card":"summary_large_image","twitter_misc":{"Ber\u00e4knad l\u00e4stid":"1 minut"},"schema":{"@context":"https:\/\/schema.org","@graph":[{"@type":"WebPage","@id":"https:\/\/truusk.store\/sv\/produkt\/truusk-3-vanings-gnagarkage-sexkantig-liten-djurkage-med-fallbart-lock-fonster-ramp-gra-115-x-60-x-55-cm\/","url":"https:\/\/truusk.store\/sv\/produkt\/truusk-3-vanings-gnagarkage-sexkantig-liten-djurkage-med-fallbart-lock-fonster-ramp-gra-115-x-60-x-55-cm\/","name":"TRUUSK 3-v\u00e5nings Gnagarkage - Sexkantig Liten Djurkage - Med F\u00e4llbart Lock - F\u00f6nster - Ramp - Gr\u00e5 - 115 X 60 X 55 Cm - TRUUSK - Hem, Tr\u00e4dg\u00e5rd &amp; Fritid","isPartOf":{"@id":"https:\/\/truusk.store\/sv\/#website"},"primaryImageOfPage":{"@id":"https:\/\/truusk.store\/sv\/produkt\/truusk-3-vanings-gnagarkage-sexkantig-liten-djurkage-med-fallbart-lock-fonster-ramp-gra-115-x-60-x-55-cm\/#primaryimage"},"image":{"@id":"https:\/\/truusk.store\/sv\/produkt\/truusk-3-vanings-gnagarkage-sexkantig-liten-djurkage-med-fallbart-lock-fonster-ramp-gra-115-x-60-x-55-cm\/#primaryimage"},"thumbnailUrl":"https:\/\/i0.wp.com\/truusk.store\/wp-content\/uploads\/2025\/06\/3-vanings-gnagarkage-sexkantig-liten-djurkage-litet-trahus-muskage-hamsterkage-med-fallbart-lock-fonster-ramp-115-x-60-x-55-cm-gra-1.webp?fit=2000%2C2000&ssl=1","datePublished":"2025-06-05T10:34:51+00:00","dateModified":"2026-03-12T08:38:21+00:00","breadcrumb":{"@id":"https:\/\/truusk.store\/sv\/produkt\/truusk-3-vanings-gnagarkage-sexkantig-liten-djurkage-med-fallbart-lock-fonster-ramp-gra-115-x-60-x-55-cm\/#breadcrumb"},"inLanguage":"sv-SE","potentialAction":[{"@type":"ReadAction","target":["https:\/\/truusk.store\/sv\/produkt\/truusk-3-vanings-gnagarkage-sexkantig-liten-djurkage-med-fallbart-lock-fonster-ramp-gra-115-x-60-x-55-cm\/"]}]},{"@type":"ImageObject","inLanguage":"sv-SE","@id":"https:\/\/truusk.store\/sv\/produkt\/truusk-3-vanings-gnagarkage-sexkantig-liten-djurkage-med-fallbart-lock-fonster-ramp-gra-115-x-60-x-55-cm\/#primaryimage","url":"https:\/\/i0.wp.com\/truusk.store\/wp-content\/uploads\/2025\/06\/3-vanings-gnagarkage-sexkantig-liten-djurkage-litet-trahus-muskage-hamsterkage-med-fallbart-lock-fonster-ramp-115-x-60-x-55-cm-gra-1.webp?fit=2000%2C2000&ssl=1","contentUrl":"https:\/\/i0.wp.com\/truusk.store\/wp-content\/uploads\/2025\/06\/3-vanings-gnagarkage-sexkantig-liten-djurkage-litet-trahus-muskage-hamsterkage-med-fallbart-lock-fonster-ramp-115-x-60-x-55-cm-gra-1.webp?fit=2000%2C2000&ssl=1","width":2000,"height":2000},{"@type":"BreadcrumbList","@id":"https:\/\/truusk.store\/sv\/produkt\/truusk-3-vanings-gnagarkage-sexkantig-liten-djurkage-med-fallbart-lock-fonster-ramp-gra-115-x-60-x-55-cm\/#breadcrumb","itemListElement":[{"@type":"ListItem","position":1,"name":"Home","item":"https:\/\/truusk.store\/sv\/"},{"@type":"ListItem","position":2,"name":"Shop","item":"https:\/\/truusk.store\/shop\/"},{"@type":"ListItem","position":3,"name":"TRUUSK 3-v\u00e5nings Gnagarkage &#8211; Sexkantig Liten Djurkage &#8211; Med F\u00e4llbart Lock &#8211; F\u00f6nster &#8211; Ramp &#8211; Gr\u00e5 &#8211; 115 X 60 X 55 Cm"}]},{"@type":"WebSite","@id":"https:\/\/truusk.store\/sv\/#website","url":"https:\/\/truusk.store\/sv\/","name":"TRUUSK - Hem, Tr\u00e4dg\u00e5rd & Fritid","description":"","publisher":{"@id":"https:\/\/truusk.store\/sv\/#organization"},"potentialAction":[{"@type":"SearchAction","target":{"@type":"EntryPoint","urlTemplate":"https:\/\/truusk.store\/sv\/?s={search_term_string}"},"query-input":{"@type":"PropertyValueSpecification","valueRequired":true,"valueName":"search_term_string"}}],"inLanguage":"sv-SE"},{"@type":"Organization","@id":"https:\/\/truusk.store\/sv\/#organization","name":"TRUUSK - Hem, Tr\u00e4dg\u00e5rd & Fritid","url":"https:\/\/truusk.store\/sv\/","logo":{"@type":"ImageObject","inLanguage":"sv-SE","@id":"https:\/\/truusk.store\/sv\/#\/schema\/logo\/image\/","url":"https:\/\/i0.wp.com\/truusk.store\/wp-content\/uploads\/2026\/03\/cropped-TRUUSK.png?fit=2032%2C917&ssl=1","contentUrl":"https:\/\/i0.wp.com\/truusk.store\/wp-content\/uploads\/2026\/03\/cropped-TRUUSK.png?fit=2032%2C917&ssl=1","width":2032,"height":917,"caption":"TRUUSK - Hem, Tr\u00e4dg\u00e5rd & Fritid"},"image":{"@id":"https:\/\/truusk.store\/sv\/#\/schema\/logo\/image\/"}}]}},"jetpack_sharing_enabled":true,"_links":{"self":[{"href":"https:\/\/truusk.store\/sv\/wp-json\/wp\/v2\/product\/65733","targetHints":{"allow":["GET"]}}],"collection":[{"href":"https:\/\/truusk.store\/sv\/wp-json\/wp\/v2\/product"}],"about":[{"href":"https:\/\/truusk.store\/sv\/wp-json\/wp\/v2\/types\/product"}],"wp:featuredmedia":[{"embeddable":true,"href":"https:\/\/truusk.store\/sv\/wp-json\/wp\/v2\/media\/65724"}],"wp:attachment":[{"href":"https:\/\/truusk.store\/sv\/wp-json\/wp\/v2\/media?parent=65733"}],"wp:term":[{"taxonomy":"product_brand","embeddable":true,"href":"https:\/\/truusk.store\/sv\/wp-json\/wp\/v2\/product_brand?post=65733"},{"taxonomy":"product_cat","embeddable":true,"href":"https:\/\/truusk.store\/sv\/wp-json\/wp\/v2\/product_cat?post=65733"},{"taxonomy":"product_tag","embeddable":true,"href":"https:\/\/truusk.store\/sv\/wp-json\/wp\/v2\/product_tag?post=65733"}],"curies":[{"name":"wp","href":"https:\/\/api.w.org\/{rel}","templated":true}]}}