{"id":65753,"date":"2025-06-05T11:36:36","date_gmt":"2025-06-05T10:36:36","guid":{"rendered":"https:\/\/truusk.store\/product\/kontorsstol-med-lutningsfunktion-hojdjusterbar-skrivbordsstol-svangstol-upp-till-120-kg-belastning-for-kontor-arbetsrum-svart\/"},"modified":"2026-03-12T09:41:21","modified_gmt":"2026-03-12T08:41:21","slug":"truusk-svart-kontorsstol-med-lutningsfunktion-hojdjusterbar-svangstol-upp-till-120-kg-for-kontor-och-arbetsrum","status":"publish","type":"product","link":"https:\/\/truusk.store\/sv\/produkt\/truusk-svart-kontorsstol-med-lutningsfunktion-hojdjusterbar-svangstol-upp-till-120-kg-for-kontor-och-arbetsrum\/","title":{"rendered":"TRUUSK Svart Kontorsstol Med Lutningsfunktion &#8211; H\u00f6jdjusterbar &#8211; Sv\u00e4ngstol Upp Till 120 Kg &#8211; F\u00f6r Kontor och Arbetsrum"},"content":{"rendered":"<p>Arbetar du hemifr\u00e5n eller spenderar mycket tid p\u00e5 kontoret? D\u00e5 \u00e4r TRUUSK ergonomiska kontorsstol perfekt f\u00f6r dig. Den ergonomiska stolen imponerar inte bara med sin h\u00e5llbarhet under intensiva studiepass eller stora projekt, utan erbjuder ocks\u00e5 f\u00f6rstklassig komfort tack vare tjock stoppning och justerbar ryggst\u00f6d. Slappna av och lindra rygg och ryggrad med denna ergonomiska n\u00e4tverkskontorsstol, som prioriterar komfort och funktionalitet.<\/p>\n<p>Beskrivning:<\/p>\n<ul>\n<li> N\u00e4tets rygg p\u00e5 sv\u00e4ngstolen f\u00f6rb\u00e4ttrar luftcirkulationen och h\u00e5ller dig svalare<\/li>\n<li> Ta en paus och str\u00e4ck ut dig med en lutningsvinkel<\/li>\n<li> Sv\u00e4ngbara hjul och sits p\u00e5 kontorsstolen garanterar snabb och enkel mobilitet<\/li>\n<li> Justerbar h\u00f6jd fr\u00e5n 92 till 102 cm f\u00f6r att anpassa din sittstil<\/li>\n<li> Armst\u00f6den p\u00e5 skrivbordsstolen erbjuder armst\u00f6d och f\u00f6rb\u00e4ttrar sittkomforten<\/li>\n<li> Montering kr\u00e4vs<\/li>\n<\/ul>\n<p> Tekniska data:<\/p>\n<ul>\n<li> F\u00e4rg: Svart<\/li>\n<li> Material: Mesh-tyg (100% polyester), skum, nylon, plast, flerskiktsplatta<\/li>\n<li> Totala dimensioner: 62L x 60B x 92-102H cm<\/li>\n<li> Sitsm\u00e5tt: 46,5B x 48T cm<\/li>\n<li> Sitth\u00f6jd: 46-56H cm<\/li>\n<li> Armst\u00f6dsh\u00f6jd: 10H cm<\/li>\n<li> Ryggst\u00f6dsdimensioner: 48B x 49H cm<\/li>\n<li> B\u00e4rkapacitet: 120 kg<\/li>\n<\/ul>\n<p>Leveransinneh\u00e5ll:<\/p>\n<ul>\n<li> 1 x Kontorsstol<\/li>\n<li> 1 x Handbok<\/li>\n<\/ul>\n","protected":false},"excerpt":{"rendered":"<p>Arbetar du hemifr\u00e5n eller spenderar mycket tid p\u00e5 kontoret? D\u00e5 \u00e4r TRUUSK ergonomiska kontorsstol perfekt f\u00f6r dig. Den ergonomiska stolen&#8230;<\/p>\n","protected":false},"featured_media":65744,"template":"","meta":[],"product_brand":[],"product_cat":[872,871,516],"product_tag":[],"class_list":{"0":"post-65753","1":"product","2":"type-product","3":"status-publish","4":"has-post-thumbnail","6":"product_cat-hemmakontor-arbetsplats","7":"product_cat-hus-hem","8":"product_cat-kontorsstolar","10":"first","11":"instock","12":"sale","13":"taxable","14":"shipping-taxable","15":"purchasable","16":"product-type-simple"},"yoast_head":"<!-- This site is optimized with the Yoast SEO plugin v25.4 - https:\/\/yoast.com\/wordpress\/plugins\/seo\/ -->\n<title>TRUUSK Svart Kontorsstol Med Lutningsfunktion - H\u00f6jdjusterbar - Sv\u00e4ngstol Upp Till 120 Kg - F\u00f6r Kontor och Arbetsrum - TRUUSK - Hem, Tr\u00e4dg\u00e5rd &amp; Fritid<\/title>\n<meta name=\"robots\" content=\"index, follow, max-snippet:-1, max-image-preview:large, max-video-preview:-1\" \/>\n<link rel=\"canonical\" href=\"https:\/\/truusk.store\/sv\/produkt\/truusk-svart-kontorsstol-med-lutningsfunktion-hojdjusterbar-svangstol-upp-till-120-kg-for-kontor-och-arbetsrum\/\" \/>\n<meta property=\"og:locale\" content=\"sv_SE\" \/>\n<meta property=\"og:type\" content=\"article\" \/>\n<meta property=\"og:title\" content=\"TRUUSK Svart Kontorsstol Med Lutningsfunktion - H\u00f6jdjusterbar - Sv\u00e4ngstol Upp Till 120 Kg - F\u00f6r Kontor och Arbetsrum - TRUUSK - Hem, Tr\u00e4dg\u00e5rd &amp; Fritid\" \/>\n<meta property=\"og:description\" content=\"Arbetar du hemifr\u00e5n eller spenderar mycket tid p\u00e5 kontoret? D\u00e5 \u00e4r TRUUSK ergonomiska kontorsstol perfekt f\u00f6r dig. Den ergonomiska stolen...\" \/>\n<meta property=\"og:url\" content=\"https:\/\/truusk.store\/sv\/produkt\/truusk-svart-kontorsstol-med-lutningsfunktion-hojdjusterbar-svangstol-upp-till-120-kg-for-kontor-och-arbetsrum\/\" \/>\n<meta property=\"og:site_name\" content=\"TRUUSK - Hem, Tr\u00e4dg\u00e5rd &amp; Fritid\" \/>\n<meta property=\"article:modified_time\" content=\"2026-03-12T08:41:21+00:00\" \/>\n<meta property=\"og:image\" content=\"https:\/\/i0.wp.com\/truusk.se\/wp-content\/uploads\/2025\/06\/kontorsstol-med-lutningsfunktion-hojdjusterbar-skrivbordsstol-svangstol-upp-till-120-kg-belastning-for-kontor-arbetsrum-svart-1.webp?fit=2000%2C2000&ssl=1\" \/>\n\t<meta property=\"og:image:width\" content=\"2000\" \/>\n\t<meta property=\"og:image:height\" content=\"2000\" \/>\n\t<meta property=\"og:image:type\" content=\"image\/webp\" \/>\n<meta name=\"twitter:card\" content=\"summary_large_image\" \/>\n<meta name=\"twitter:label1\" content=\"Ber\u00e4knad l\u00e4stid\" \/>\n\t<meta name=\"twitter:data1\" content=\"1 minut\" \/>\n<!-- \/ Yoast SEO plugin. -->","yoast_head_json":{"title":"TRUUSK Svart Kontorsstol Med Lutningsfunktion - H\u00f6jdjusterbar - Sv\u00e4ngstol Upp Till 120 Kg - F\u00f6r Kontor och Arbetsrum - TRUUSK - Hem, Tr\u00e4dg\u00e5rd &amp; Fritid","robots":{"index":"index","follow":"follow","max-snippet":"max-snippet:-1","max-image-preview":"max-image-preview:large","max-video-preview":"max-video-preview:-1"},"canonical":"https:\/\/truusk.store\/sv\/produkt\/truusk-svart-kontorsstol-med-lutningsfunktion-hojdjusterbar-svangstol-upp-till-120-kg-for-kontor-och-arbetsrum\/","og_locale":"sv_SE","og_type":"article","og_title":"TRUUSK Svart Kontorsstol Med Lutningsfunktion - H\u00f6jdjusterbar - Sv\u00e4ngstol Upp Till 120 Kg - F\u00f6r Kontor och Arbetsrum - TRUUSK - Hem, Tr\u00e4dg\u00e5rd &amp; Fritid","og_description":"Arbetar du hemifr\u00e5n eller spenderar mycket tid p\u00e5 kontoret? D\u00e5 \u00e4r TRUUSK ergonomiska kontorsstol perfekt f\u00f6r dig. Den ergonomiska stolen...","og_url":"https:\/\/truusk.store\/sv\/produkt\/truusk-svart-kontorsstol-med-lutningsfunktion-hojdjusterbar-svangstol-upp-till-120-kg-for-kontor-och-arbetsrum\/","og_site_name":"TRUUSK - Hem, Tr\u00e4dg\u00e5rd &amp; Fritid","article_modified_time":"2026-03-12T08:41:21+00:00","og_image":[{"width":2000,"height":2000,"url":"https:\/\/i0.wp.com\/truusk.se\/wp-content\/uploads\/2025\/06\/kontorsstol-med-lutningsfunktion-hojdjusterbar-skrivbordsstol-svangstol-upp-till-120-kg-belastning-for-kontor-arbetsrum-svart-1.webp?fit=2000%2C2000&ssl=1","type":"image\/webp"}],"twitter_card":"summary_large_image","twitter_misc":{"Ber\u00e4knad l\u00e4stid":"1 minut"},"schema":{"@context":"https:\/\/schema.org","@graph":[{"@type":"WebPage","@id":"https:\/\/truusk.store\/sv\/produkt\/truusk-svart-kontorsstol-med-lutningsfunktion-hojdjusterbar-svangstol-upp-till-120-kg-for-kontor-och-arbetsrum\/","url":"https:\/\/truusk.store\/sv\/produkt\/truusk-svart-kontorsstol-med-lutningsfunktion-hojdjusterbar-svangstol-upp-till-120-kg-for-kontor-och-arbetsrum\/","name":"TRUUSK Svart Kontorsstol Med Lutningsfunktion - H\u00f6jdjusterbar - Sv\u00e4ngstol Upp Till 120 Kg - F\u00f6r Kontor och Arbetsrum - TRUUSK - Hem, Tr\u00e4dg\u00e5rd &amp; Fritid","isPartOf":{"@id":"https:\/\/truusk.store\/sv\/#website"},"primaryImageOfPage":{"@id":"https:\/\/truusk.store\/sv\/produkt\/truusk-svart-kontorsstol-med-lutningsfunktion-hojdjusterbar-svangstol-upp-till-120-kg-for-kontor-och-arbetsrum\/#primaryimage"},"image":{"@id":"https:\/\/truusk.store\/sv\/produkt\/truusk-svart-kontorsstol-med-lutningsfunktion-hojdjusterbar-svangstol-upp-till-120-kg-for-kontor-och-arbetsrum\/#primaryimage"},"thumbnailUrl":"https:\/\/i0.wp.com\/truusk.store\/wp-content\/uploads\/2025\/06\/kontorsstol-med-lutningsfunktion-hojdjusterbar-skrivbordsstol-svangstol-upp-till-120-kg-belastning-for-kontor-arbetsrum-svart-1.webp?fit=2000%2C2000&ssl=1","datePublished":"2025-06-05T10:36:36+00:00","dateModified":"2026-03-12T08:41:21+00:00","breadcrumb":{"@id":"https:\/\/truusk.store\/sv\/produkt\/truusk-svart-kontorsstol-med-lutningsfunktion-hojdjusterbar-svangstol-upp-till-120-kg-for-kontor-och-arbetsrum\/#breadcrumb"},"inLanguage":"sv-SE","potentialAction":[{"@type":"ReadAction","target":["https:\/\/truusk.store\/sv\/produkt\/truusk-svart-kontorsstol-med-lutningsfunktion-hojdjusterbar-svangstol-upp-till-120-kg-for-kontor-och-arbetsrum\/"]}]},{"@type":"ImageObject","inLanguage":"sv-SE","@id":"https:\/\/truusk.store\/sv\/produkt\/truusk-svart-kontorsstol-med-lutningsfunktion-hojdjusterbar-svangstol-upp-till-120-kg-for-kontor-och-arbetsrum\/#primaryimage","url":"https:\/\/i0.wp.com\/truusk.store\/wp-content\/uploads\/2025\/06\/kontorsstol-med-lutningsfunktion-hojdjusterbar-skrivbordsstol-svangstol-upp-till-120-kg-belastning-for-kontor-arbetsrum-svart-1.webp?fit=2000%2C2000&ssl=1","contentUrl":"https:\/\/i0.wp.com\/truusk.store\/wp-content\/uploads\/2025\/06\/kontorsstol-med-lutningsfunktion-hojdjusterbar-skrivbordsstol-svangstol-upp-till-120-kg-belastning-for-kontor-arbetsrum-svart-1.webp?fit=2000%2C2000&ssl=1","width":2000,"height":2000},{"@type":"BreadcrumbList","@id":"https:\/\/truusk.store\/sv\/produkt\/truusk-svart-kontorsstol-med-lutningsfunktion-hojdjusterbar-svangstol-upp-till-120-kg-for-kontor-och-arbetsrum\/#breadcrumb","itemListElement":[{"@type":"ListItem","position":1,"name":"Home","item":"https:\/\/truusk.store\/sv\/"},{"@type":"ListItem","position":2,"name":"Shop","item":"https:\/\/truusk.store\/shop\/"},{"@type":"ListItem","position":3,"name":"TRUUSK Svart Kontorsstol Med Lutningsfunktion &#8211; H\u00f6jdjusterbar &#8211; Sv\u00e4ngstol Upp Till 120 Kg &#8211; F\u00f6r Kontor och Arbetsrum"}]},{"@type":"WebSite","@id":"https:\/\/truusk.store\/sv\/#website","url":"https:\/\/truusk.store\/sv\/","name":"TRUUSK - Hem, Tr\u00e4dg\u00e5rd & Fritid","description":"","publisher":{"@id":"https:\/\/truusk.store\/sv\/#organization"},"potentialAction":[{"@type":"SearchAction","target":{"@type":"EntryPoint","urlTemplate":"https:\/\/truusk.store\/sv\/?s={search_term_string}"},"query-input":{"@type":"PropertyValueSpecification","valueRequired":true,"valueName":"search_term_string"}}],"inLanguage":"sv-SE"},{"@type":"Organization","@id":"https:\/\/truusk.store\/sv\/#organization","name":"TRUUSK - Hem, Tr\u00e4dg\u00e5rd & Fritid","url":"https:\/\/truusk.store\/sv\/","logo":{"@type":"ImageObject","inLanguage":"sv-SE","@id":"https:\/\/truusk.store\/sv\/#\/schema\/logo\/image\/","url":"https:\/\/i0.wp.com\/truusk.store\/wp-content\/uploads\/2026\/03\/cropped-TRUUSK.png?fit=2032%2C917&ssl=1","contentUrl":"https:\/\/i0.wp.com\/truusk.store\/wp-content\/uploads\/2026\/03\/cropped-TRUUSK.png?fit=2032%2C917&ssl=1","width":2032,"height":917,"caption":"TRUUSK - Hem, Tr\u00e4dg\u00e5rd & Fritid"},"image":{"@id":"https:\/\/truusk.store\/sv\/#\/schema\/logo\/image\/"}}]}},"jetpack_sharing_enabled":true,"_links":{"self":[{"href":"https:\/\/truusk.store\/sv\/wp-json\/wp\/v2\/product\/65753","targetHints":{"allow":["GET"]}}],"collection":[{"href":"https:\/\/truusk.store\/sv\/wp-json\/wp\/v2\/product"}],"about":[{"href":"https:\/\/truusk.store\/sv\/wp-json\/wp\/v2\/types\/product"}],"wp:featuredmedia":[{"embeddable":true,"href":"https:\/\/truusk.store\/sv\/wp-json\/wp\/v2\/media\/65744"}],"wp:attachment":[{"href":"https:\/\/truusk.store\/sv\/wp-json\/wp\/v2\/media?parent=65753"}],"wp:term":[{"taxonomy":"product_brand","embeddable":true,"href":"https:\/\/truusk.store\/sv\/wp-json\/wp\/v2\/product_brand?post=65753"},{"taxonomy":"product_cat","embeddable":true,"href":"https:\/\/truusk.store\/sv\/wp-json\/wp\/v2\/product_cat?post=65753"},{"taxonomy":"product_tag","embeddable":true,"href":"https:\/\/truusk.store\/sv\/wp-json\/wp\/v2\/product_tag?post=65753"}],"curies":[{"name":"wp","href":"https:\/\/api.w.org\/{rel}","templated":true}]}}