{"id":65793,"date":"2025-06-05T11:40:56","date_gmt":"2025-06-05T10:40:56","guid":{"rendered":"https:\/\/truusk.store\/product\/tradgardsskap-redskapsskjul-i-tra-vaderbestandigt-redskapsskap-med-2-dorrar-verktygshus-med-asfalttak-verktygsskap-for-tradgard-terrass-110-x-55-x-117-cm-ljusgra\/"},"modified":"2026-03-12T09:33:22","modified_gmt":"2026-03-12T08:33:22","slug":"truusk-tradgardsskap-i-tra-vaderbestandigt-redskapsskjul-2-dorrar-asfalttak-for-tradgard-och-terrass-110-x-55-x-117-cm","status":"publish","type":"product","link":"https:\/\/truusk.store\/sv\/produkt\/truusk-tradgardsskap-i-tra-vaderbestandigt-redskapsskjul-2-dorrar-asfalttak-for-tradgard-och-terrass-110-x-55-x-117-cm\/","title":{"rendered":"TRUUSK Tr\u00e4dg\u00e5rdssk\u00e5p i Tr\u00e4 &#8211; V\u00e4derbest\u00e4ndigt Redskapsskjul &#8211; 2 D\u00f6rrar &#8211; Asfalttak &#8211; F\u00f6r Tr\u00e4dg\u00e5rd och Terrass &#8211; 110 x 55 x 117 cm"},"content":{"rendered":"<p>F\u00f6r att h\u00e5lla din tr\u00e4dg\u00e5rd i trim beh\u00f6ver du en m\u00e4ngd verktyg och utrustning, och det kan vara sv\u00e5rt att f\u00f6rvara dessa s\u00e4kert. Det v\u00e4derbest\u00e4ndiga tr\u00e4dg\u00e5rdssk\u00e5pet fr\u00e5n TRUUSK \u00e4r l\u00f6sningen: De tv\u00e5 d\u00f6rrarna p\u00e5 tr\u00e4dg\u00e5rdsskjulet ger enkel \u00e5tkomst och fotst\u00f6d ger extra stabilitet, medan asfaltt\u00e4ckningen p\u00e5 taket f\u00f6rhindrar att vatten tr\u00e4nger in. Tack vare dess stabila och v\u00e4derbest\u00e4ndiga konstruktion \u00e4r detta tr\u00e4dg\u00e5rdshus idealiskt f\u00f6r utomhusbruk.<\/p>\n<p>Beskrivning:<\/p>\n<ul>\n<li> Kompakt storlek f\u00f6r att enkelt hitta plats \u00e4ven i tr\u00e5nga utrymmen<\/li>\n<li> Konstruktion av grantr\u00e4 med vattent\u00e4t m\u00e5lning, tr\u00e4dg\u00e5rdssk\u00e5pet skyddar mot milda element<\/li>\n<li> Tv\u00e5 hyllor p\u00e5 h\u00f6ger sida av verktygssk\u00e5pet h\u00e5ller ordning, medan v\u00e4nster sida \u00e4r \u00f6ppen f\u00f6r att \u00e4ven st\u00f6rre f\u00f6rem\u00e5l ska hitta plats<\/li>\n<li> H\u00f6jt golv med fotst\u00f6d f\u00f6r att f\u00f6rhindra vattenansamlingar inuti verktygsskjulet<\/li>\n<li> Montering kr\u00e4vs<\/li>\n<\/ul>\n<p> Tekniska data:<\/p>\n<ul>\n<li> F\u00e4rg: Ljusgr\u00e5<\/li>\n<li> Material: Grantr\u00e4<\/li>\n<li> Totala m\u00e5tt: 110L x 55B x117H cm<\/li>\n<li> Golvarea: 0,4462 m\u00b2<\/li>\n<li> Storlek p\u00e5 v\u00e4nster hylla: 47L x 43B x 32\/33\/35H cm<\/li>\n<li> Storlek p\u00e5 h\u00f6ger hylla: 42L x 44B x 106H cm<\/li>\n<li> Belastningskapacitet: (Totalt) 50 kg, (Per hylla) 15 kg<\/li>\n<\/ul>\n<p>Leverans inneh\u00e5ller:<\/p>\n<ul>\n<li> 1 x Tr\u00e4dg\u00e5rdssk\u00e5p<\/li>\n<li> 1 x Instruktioner<\/li>\n<\/ul>\n","protected":false},"excerpt":{"rendered":"<p>F\u00f6r att h\u00e5lla din tr\u00e4dg\u00e5rd i trim beh\u00f6ver du en m\u00e4ngd verktyg och utrustning, och det kan vara sv\u00e5rt att&#8230;<\/p>\n","protected":false},"featured_media":65784,"template":"","meta":[],"product_brand":[],"product_cat":[901,858,437],"product_tag":[],"class_list":{"0":"post-65793","1":"product","2":"type-product","3":"status-publish","4":"has-post-thumbnail","6":"product_cat-ordning-i-tradgarden","7":"product_cat-tradgard-terrass","8":"product_cat-tradgardsskap","10":"first","11":"instock","12":"sale","13":"taxable","14":"shipping-taxable","15":"purchasable","16":"product-type-simple"},"yoast_head":"<!-- This site is optimized with the Yoast SEO plugin v25.4 - https:\/\/yoast.com\/wordpress\/plugins\/seo\/ -->\n<title>TRUUSK Tr\u00e4dg\u00e5rdssk\u00e5p i Tr\u00e4 - V\u00e4derbest\u00e4ndigt Redskapsskjul - 2 D\u00f6rrar - Asfalttak - F\u00f6r Tr\u00e4dg\u00e5rd och Terrass - 110 x 55 x 117 cm - TRUUSK - Hem, Tr\u00e4dg\u00e5rd &amp; Fritid<\/title>\n<meta name=\"robots\" content=\"index, follow, max-snippet:-1, max-image-preview:large, max-video-preview:-1\" \/>\n<link rel=\"canonical\" href=\"https:\/\/truusk.store\/sv\/produkt\/truusk-tradgardsskap-i-tra-vaderbestandigt-redskapsskjul-2-dorrar-asfalttak-for-tradgard-och-terrass-110-x-55-x-117-cm\/\" \/>\n<meta property=\"og:locale\" content=\"sv_SE\" \/>\n<meta property=\"og:type\" content=\"article\" \/>\n<meta property=\"og:title\" content=\"TRUUSK Tr\u00e4dg\u00e5rdssk\u00e5p i Tr\u00e4 - V\u00e4derbest\u00e4ndigt Redskapsskjul - 2 D\u00f6rrar - Asfalttak - F\u00f6r Tr\u00e4dg\u00e5rd och Terrass - 110 x 55 x 117 cm - TRUUSK - Hem, Tr\u00e4dg\u00e5rd &amp; Fritid\" \/>\n<meta property=\"og:description\" content=\"F\u00f6r att h\u00e5lla din tr\u00e4dg\u00e5rd i trim beh\u00f6ver du en m\u00e4ngd verktyg och utrustning, och det kan vara sv\u00e5rt att...\" \/>\n<meta property=\"og:url\" content=\"https:\/\/truusk.store\/sv\/produkt\/truusk-tradgardsskap-i-tra-vaderbestandigt-redskapsskjul-2-dorrar-asfalttak-for-tradgard-och-terrass-110-x-55-x-117-cm\/\" \/>\n<meta property=\"og:site_name\" content=\"TRUUSK - Hem, Tr\u00e4dg\u00e5rd &amp; Fritid\" \/>\n<meta property=\"article:modified_time\" content=\"2026-03-12T08:33:22+00:00\" \/>\n<meta property=\"og:image\" content=\"https:\/\/i0.wp.com\/truusk.se\/wp-content\/uploads\/2025\/06\/tradgardsskap-redskapsskjul-i-tra-vaderbestandigt-redskapsskap-med-2-dorrar-verktygshus-med-asfalttak-verktygsskap-for-tradgard-terrass-110-x-55-x-117-cm-ljusgra-1.webp?fit=2000%2C2000&ssl=1\" \/>\n\t<meta property=\"og:image:width\" content=\"2000\" \/>\n\t<meta property=\"og:image:height\" content=\"2000\" \/>\n\t<meta property=\"og:image:type\" content=\"image\/webp\" \/>\n<meta name=\"twitter:card\" content=\"summary_large_image\" \/>\n<meta name=\"twitter:label1\" content=\"Ber\u00e4knad l\u00e4stid\" \/>\n\t<meta name=\"twitter:data1\" content=\"1 minut\" \/>\n<!-- \/ Yoast SEO plugin. -->","yoast_head_json":{"title":"TRUUSK Tr\u00e4dg\u00e5rdssk\u00e5p i Tr\u00e4 - V\u00e4derbest\u00e4ndigt Redskapsskjul - 2 D\u00f6rrar - Asfalttak - F\u00f6r Tr\u00e4dg\u00e5rd och Terrass - 110 x 55 x 117 cm - TRUUSK - Hem, Tr\u00e4dg\u00e5rd &amp; Fritid","robots":{"index":"index","follow":"follow","max-snippet":"max-snippet:-1","max-image-preview":"max-image-preview:large","max-video-preview":"max-video-preview:-1"},"canonical":"https:\/\/truusk.store\/sv\/produkt\/truusk-tradgardsskap-i-tra-vaderbestandigt-redskapsskjul-2-dorrar-asfalttak-for-tradgard-och-terrass-110-x-55-x-117-cm\/","og_locale":"sv_SE","og_type":"article","og_title":"TRUUSK Tr\u00e4dg\u00e5rdssk\u00e5p i Tr\u00e4 - V\u00e4derbest\u00e4ndigt Redskapsskjul - 2 D\u00f6rrar - Asfalttak - F\u00f6r Tr\u00e4dg\u00e5rd och Terrass - 110 x 55 x 117 cm - TRUUSK - Hem, Tr\u00e4dg\u00e5rd &amp; Fritid","og_description":"F\u00f6r att h\u00e5lla din tr\u00e4dg\u00e5rd i trim beh\u00f6ver du en m\u00e4ngd verktyg och utrustning, och det kan vara sv\u00e5rt att...","og_url":"https:\/\/truusk.store\/sv\/produkt\/truusk-tradgardsskap-i-tra-vaderbestandigt-redskapsskjul-2-dorrar-asfalttak-for-tradgard-och-terrass-110-x-55-x-117-cm\/","og_site_name":"TRUUSK - Hem, Tr\u00e4dg\u00e5rd &amp; Fritid","article_modified_time":"2026-03-12T08:33:22+00:00","og_image":[{"width":2000,"height":2000,"url":"https:\/\/i0.wp.com\/truusk.se\/wp-content\/uploads\/2025\/06\/tradgardsskap-redskapsskjul-i-tra-vaderbestandigt-redskapsskap-med-2-dorrar-verktygshus-med-asfalttak-verktygsskap-for-tradgard-terrass-110-x-55-x-117-cm-ljusgra-1.webp?fit=2000%2C2000&ssl=1","type":"image\/webp"}],"twitter_card":"summary_large_image","twitter_misc":{"Ber\u00e4knad l\u00e4stid":"1 minut"},"schema":{"@context":"https:\/\/schema.org","@graph":[{"@type":"WebPage","@id":"https:\/\/truusk.store\/sv\/produkt\/truusk-tradgardsskap-i-tra-vaderbestandigt-redskapsskjul-2-dorrar-asfalttak-for-tradgard-och-terrass-110-x-55-x-117-cm\/","url":"https:\/\/truusk.store\/sv\/produkt\/truusk-tradgardsskap-i-tra-vaderbestandigt-redskapsskjul-2-dorrar-asfalttak-for-tradgard-och-terrass-110-x-55-x-117-cm\/","name":"TRUUSK Tr\u00e4dg\u00e5rdssk\u00e5p i Tr\u00e4 - V\u00e4derbest\u00e4ndigt Redskapsskjul - 2 D\u00f6rrar - Asfalttak - F\u00f6r Tr\u00e4dg\u00e5rd och Terrass - 110 x 55 x 117 cm - TRUUSK - Hem, Tr\u00e4dg\u00e5rd &amp; Fritid","isPartOf":{"@id":"https:\/\/truusk.store\/sv\/#website"},"primaryImageOfPage":{"@id":"https:\/\/truusk.store\/sv\/produkt\/truusk-tradgardsskap-i-tra-vaderbestandigt-redskapsskjul-2-dorrar-asfalttak-for-tradgard-och-terrass-110-x-55-x-117-cm\/#primaryimage"},"image":{"@id":"https:\/\/truusk.store\/sv\/produkt\/truusk-tradgardsskap-i-tra-vaderbestandigt-redskapsskjul-2-dorrar-asfalttak-for-tradgard-och-terrass-110-x-55-x-117-cm\/#primaryimage"},"thumbnailUrl":"https:\/\/i0.wp.com\/truusk.store\/wp-content\/uploads\/2025\/06\/tradgardsskap-redskapsskjul-i-tra-vaderbestandigt-redskapsskap-med-2-dorrar-verktygshus-med-asfalttak-verktygsskap-for-tradgard-terrass-110-x-55-x-117-cm-ljusgra-1.webp?fit=2000%2C2000&ssl=1","datePublished":"2025-06-05T10:40:56+00:00","dateModified":"2026-03-12T08:33:22+00:00","breadcrumb":{"@id":"https:\/\/truusk.store\/sv\/produkt\/truusk-tradgardsskap-i-tra-vaderbestandigt-redskapsskjul-2-dorrar-asfalttak-for-tradgard-och-terrass-110-x-55-x-117-cm\/#breadcrumb"},"inLanguage":"sv-SE","potentialAction":[{"@type":"ReadAction","target":["https:\/\/truusk.store\/sv\/produkt\/truusk-tradgardsskap-i-tra-vaderbestandigt-redskapsskjul-2-dorrar-asfalttak-for-tradgard-och-terrass-110-x-55-x-117-cm\/"]}]},{"@type":"ImageObject","inLanguage":"sv-SE","@id":"https:\/\/truusk.store\/sv\/produkt\/truusk-tradgardsskap-i-tra-vaderbestandigt-redskapsskjul-2-dorrar-asfalttak-for-tradgard-och-terrass-110-x-55-x-117-cm\/#primaryimage","url":"https:\/\/i0.wp.com\/truusk.store\/wp-content\/uploads\/2025\/06\/tradgardsskap-redskapsskjul-i-tra-vaderbestandigt-redskapsskap-med-2-dorrar-verktygshus-med-asfalttak-verktygsskap-for-tradgard-terrass-110-x-55-x-117-cm-ljusgra-1.webp?fit=2000%2C2000&ssl=1","contentUrl":"https:\/\/i0.wp.com\/truusk.store\/wp-content\/uploads\/2025\/06\/tradgardsskap-redskapsskjul-i-tra-vaderbestandigt-redskapsskap-med-2-dorrar-verktygshus-med-asfalttak-verktygsskap-for-tradgard-terrass-110-x-55-x-117-cm-ljusgra-1.webp?fit=2000%2C2000&ssl=1","width":2000,"height":2000},{"@type":"BreadcrumbList","@id":"https:\/\/truusk.store\/sv\/produkt\/truusk-tradgardsskap-i-tra-vaderbestandigt-redskapsskjul-2-dorrar-asfalttak-for-tradgard-och-terrass-110-x-55-x-117-cm\/#breadcrumb","itemListElement":[{"@type":"ListItem","position":1,"name":"Home","item":"https:\/\/truusk.store\/sv\/"},{"@type":"ListItem","position":2,"name":"Shop","item":"https:\/\/truusk.store\/shop\/"},{"@type":"ListItem","position":3,"name":"TRUUSK Tr\u00e4dg\u00e5rdssk\u00e5p i Tr\u00e4 &#8211; V\u00e4derbest\u00e4ndigt Redskapsskjul &#8211; 2 D\u00f6rrar &#8211; Asfalttak &#8211; F\u00f6r Tr\u00e4dg\u00e5rd och Terrass &#8211; 110 x 55 x 117 cm"}]},{"@type":"WebSite","@id":"https:\/\/truusk.store\/sv\/#website","url":"https:\/\/truusk.store\/sv\/","name":"TRUUSK - Hem, Tr\u00e4dg\u00e5rd & Fritid","description":"","publisher":{"@id":"https:\/\/truusk.store\/sv\/#organization"},"potentialAction":[{"@type":"SearchAction","target":{"@type":"EntryPoint","urlTemplate":"https:\/\/truusk.store\/sv\/?s={search_term_string}"},"query-input":{"@type":"PropertyValueSpecification","valueRequired":true,"valueName":"search_term_string"}}],"inLanguage":"sv-SE"},{"@type":"Organization","@id":"https:\/\/truusk.store\/sv\/#organization","name":"TRUUSK - Hem, Tr\u00e4dg\u00e5rd & Fritid","url":"https:\/\/truusk.store\/sv\/","logo":{"@type":"ImageObject","inLanguage":"sv-SE","@id":"https:\/\/truusk.store\/sv\/#\/schema\/logo\/image\/","url":"https:\/\/i0.wp.com\/truusk.store\/wp-content\/uploads\/2026\/03\/cropped-TRUUSK.png?fit=2032%2C917&ssl=1","contentUrl":"https:\/\/i0.wp.com\/truusk.store\/wp-content\/uploads\/2026\/03\/cropped-TRUUSK.png?fit=2032%2C917&ssl=1","width":2032,"height":917,"caption":"TRUUSK - Hem, Tr\u00e4dg\u00e5rd & Fritid"},"image":{"@id":"https:\/\/truusk.store\/sv\/#\/schema\/logo\/image\/"}}]}},"jetpack_sharing_enabled":true,"_links":{"self":[{"href":"https:\/\/truusk.store\/sv\/wp-json\/wp\/v2\/product\/65793","targetHints":{"allow":["GET"]}}],"collection":[{"href":"https:\/\/truusk.store\/sv\/wp-json\/wp\/v2\/product"}],"about":[{"href":"https:\/\/truusk.store\/sv\/wp-json\/wp\/v2\/types\/product"}],"wp:featuredmedia":[{"embeddable":true,"href":"https:\/\/truusk.store\/sv\/wp-json\/wp\/v2\/media\/65784"}],"wp:attachment":[{"href":"https:\/\/truusk.store\/sv\/wp-json\/wp\/v2\/media?parent=65793"}],"wp:term":[{"taxonomy":"product_brand","embeddable":true,"href":"https:\/\/truusk.store\/sv\/wp-json\/wp\/v2\/product_brand?post=65793"},{"taxonomy":"product_cat","embeddable":true,"href":"https:\/\/truusk.store\/sv\/wp-json\/wp\/v2\/product_cat?post=65793"},{"taxonomy":"product_tag","embeddable":true,"href":"https:\/\/truusk.store\/sv\/wp-json\/wp\/v2\/product_tag?post=65793"}],"curies":[{"name":"wp","href":"https:\/\/api.w.org\/{rel}","templated":true}]}}