{"id":65873,"date":"2025-06-05T11:48:52","date_gmt":"2025-06-05T10:48:52","guid":{"rendered":"https:\/\/truusk.store\/product\/aiyaplay-barns-elektriska-bil-12v-med-24g-fjarrkontroll-musik-tuta-elektriskt-fordon-med-led-ljus-usb-mp3-anslutning-3-5-km-h-for-barn-3-5-ar-rosa\/"},"modified":"2026-03-12T09:46:19","modified_gmt":"2026-03-12T08:46:19","slug":"truusk-elektrisk-bil-for-barn-12v-24g-fjarrkontroll-musik-tuta-led-ljus-usb-mp3-3-5-km-h-for-barn-3-5-ar-rosa","status":"publish","type":"product","link":"https:\/\/truusk.store\/sv\/produkt\/truusk-elektrisk-bil-for-barn-12v-24g-fjarrkontroll-musik-tuta-led-ljus-usb-mp3-3-5-km-h-for-barn-3-5-ar-rosa\/","title":{"rendered":"TRUUSK Elektrisk Bil f\u00f6r Barn 12V &#8211; 2,4G Fj\u00e4rrkontroll &#8211; Musik &amp; Tuta &#8211; LED-ljus &#8211; USB\/MP3 &#8211; 3-5 Km\/h &#8211; F\u00f6r Barn 3-5 \u00e5r &#8211; Rosa"},"content":{"rendered":"<p>Uppt\u00e4ck den ultimata k\u00f6rupplevelsen med AIYAPLAY Volkswagen Beetle barns elbil! Denna elektriska bil f\u00f6r barn erbjuder upp till en timmes spelgl\u00e4dje tack vare kraftfulla 12V dubbelmotorer och ett mjukt, fyrhjuligt fj\u00e4dringssystem. V\u00e4lj mellan manuell k\u00f6rning eller den s\u00e4kra fj\u00e4rrkontrollen f\u00f6r of\u00f6rgl\u00f6mliga \u00e4ventyr vid hastigheter p\u00e5 elbilen mellan 3 och 5 km\/h. Idealisk f\u00f6r sm\u00e5 f\u00f6rare som s\u00f6ker frihet och sp\u00e4nning p\u00e5 plana v\u00e4gar.<\/p>\n<p>Beskrivning:<\/p>\n<ul>\n<li> Licensierad av Volkswagen Beetle f\u00f6r en autentisk k\u00f6rupplevelse<\/li>\n<li> Dubbla 12V-motorer i barnets elbil ger en kraftfull och mjuk \u00e5ktur<\/li>\n<li> Mjuk start m\u00f6jligg\u00f6r l\u00e5ngsam acceleration f\u00f6r \u00f6kad s\u00e4kerhet<\/li>\n<li> Fyrhjuligt fj\u00e4dringssystem i barnets bil ger bekv\u00e4ma \u00e5kturer p\u00e5 plana v\u00e4gar<\/li>\n<li> Barn k\u00f6r sj\u00e4lvst\u00e4ndigt eller f\u00e5r st\u00f6d av f\u00f6r\u00e4ldrar via fj\u00e4rrkontroll<\/li>\n<li> Tre justerbara hastigheter p\u00e5 elbilen mellan 3 och 5 km\/h, anpassade till barnets komfort<\/li>\n<li> Inkluderar multimediafunktioner f\u00f6r att \u00f6ka k\u00f6rupplevelsen f\u00f6r barn<\/li>\n<li> L\u00e4mplig f\u00f6r barn mellan 3 och 5 \u00e5r, montering kr\u00e4vs<\/li>\n<\/ul>\n<p>Tekniska data:<\/p>\n<ul>\n<li> F\u00e4rg: Rosa<\/li>\n<li> Material: Plast, Metall<\/li>\n<li> Totala dimensioner: 97L x 56,5B x 46H cm<\/li>\n<li> Sitsstorlek: 32B x 21T cm<\/li>\n<li> Sitth\u00f6jd: 20 cm (till golvet)<\/li>\n<li> Fj\u00e4rrkontroll: 15 m<\/li>\n<li> Hjuldiameter: \u00d822 cm<\/li>\n<li> Batteri: 12V 4,5AH<\/li>\n<li> Motor: 2 x 12V<\/li>\n<li> Laddningstid: 6-8 timmar (f\u00f6rsta g\u00e5ngen), 8-12 timmar (regelbundet)<\/li>\n<li> Drifttid: 1 timme<\/li>\n<li> Hastighet: 3-5 km\/h<\/li>\n<li> Belastningskapacitet: 30 kg<\/li>\n<li> Rekommenderad \u00e5lder: 3-5 \u00e5r<\/li>\n<li> Godk\u00e4nd \u00e5lder: 3-8 \u00e5r<\/li>\n<li> Not 1: \u00d6vervaka alltid dina barn n\u00e4r de k\u00f6r<\/li>\n<li> Not 2: F\u00f6r fj\u00e4rrkontrollen kr\u00e4vs 2 x AA-batterier (ing\u00e5r ej)<\/li>\n<\/ul>\n<p>Leveransinneh\u00e5ll:<\/p>\n<ul>\n<li> 1 x Elbil<\/li>\n<li> 1 x Fj\u00e4rrkontroll<\/li>\n<\/ul>\n","protected":false},"excerpt":{"rendered":"<p>Uppt\u00e4ck den ultimata k\u00f6rupplevelsen med AIYAPLAY Volkswagen Beetle barns elbil! Denna elektriska bil f\u00f6r barn erbjuder upp till en timmes&#8230;<\/p>\n","protected":false},"featured_media":65864,"template":"","meta":[],"product_brand":[],"product_cat":[880,610,925],"product_tag":[],"class_list":{"0":"post-65873","1":"product","2":"type-product","3":"status-publish","4":"has-post-thumbnail","6":"product_cat-baby-barn-2","7":"product_cat-barnfordon","8":"product_cat-barns-elektriska-fordon","10":"first","11":"instock","12":"sale","13":"taxable","14":"shipping-taxable","15":"purchasable","16":"product-type-simple"},"yoast_head":"<!-- This site is optimized with the Yoast SEO plugin v25.4 - https:\/\/yoast.com\/wordpress\/plugins\/seo\/ -->\n<title>TRUUSK Elektrisk Bil f\u00f6r Barn 12V - 2,4G Fj\u00e4rrkontroll - Musik &amp; Tuta - LED-ljus - USB\/MP3 - 3-5 Km\/h - F\u00f6r Barn 3-5 \u00e5r - Rosa - TRUUSK - Hem, Tr\u00e4dg\u00e5rd &amp; Fritid<\/title>\n<meta name=\"robots\" content=\"index, follow, max-snippet:-1, max-image-preview:large, max-video-preview:-1\" \/>\n<link rel=\"canonical\" href=\"https:\/\/truusk.store\/sv\/produkt\/truusk-elektrisk-bil-for-barn-12v-24g-fjarrkontroll-musik-tuta-led-ljus-usb-mp3-3-5-km-h-for-barn-3-5-ar-rosa\/\" \/>\n<meta property=\"og:locale\" content=\"sv_SE\" \/>\n<meta property=\"og:type\" content=\"article\" \/>\n<meta property=\"og:title\" content=\"TRUUSK Elektrisk Bil f\u00f6r Barn 12V - 2,4G Fj\u00e4rrkontroll - Musik &amp; Tuta - LED-ljus - USB\/MP3 - 3-5 Km\/h - F\u00f6r Barn 3-5 \u00e5r - Rosa - TRUUSK - Hem, Tr\u00e4dg\u00e5rd &amp; Fritid\" \/>\n<meta property=\"og:description\" content=\"Uppt\u00e4ck den ultimata k\u00f6rupplevelsen med AIYAPLAY Volkswagen Beetle barns elbil! Denna elektriska bil f\u00f6r barn erbjuder upp till en timmes...\" \/>\n<meta property=\"og:url\" content=\"https:\/\/truusk.store\/sv\/produkt\/truusk-elektrisk-bil-for-barn-12v-24g-fjarrkontroll-musik-tuta-led-ljus-usb-mp3-3-5-km-h-for-barn-3-5-ar-rosa\/\" \/>\n<meta property=\"og:site_name\" content=\"TRUUSK - Hem, Tr\u00e4dg\u00e5rd &amp; Fritid\" \/>\n<meta property=\"article:modified_time\" content=\"2026-03-12T08:46:19+00:00\" \/>\n<meta property=\"og:image\" content=\"https:\/\/i0.wp.com\/truusk.se\/wp-content\/uploads\/2025\/06\/aiyaplay-barns-elektriska-bil-12v-med-24g-fjarrkontroll-musik-tuta-elektriskt-fordon-med-led-ljus-usb-mp3-anslutning-3-5-km-h-for-barn-3-5-ar-rosa-1.webp?fit=2000%2C2000&ssl=1\" \/>\n\t<meta property=\"og:image:width\" content=\"2000\" \/>\n\t<meta property=\"og:image:height\" content=\"2000\" \/>\n\t<meta property=\"og:image:type\" content=\"image\/webp\" \/>\n<meta name=\"twitter:card\" content=\"summary_large_image\" \/>\n<meta name=\"twitter:label1\" content=\"Ber\u00e4knad l\u00e4stid\" \/>\n\t<meta name=\"twitter:data1\" content=\"1 minut\" \/>\n<!-- \/ Yoast SEO plugin. -->","yoast_head_json":{"title":"TRUUSK Elektrisk Bil f\u00f6r Barn 12V - 2,4G Fj\u00e4rrkontroll - Musik &amp; Tuta - LED-ljus - USB\/MP3 - 3-5 Km\/h - F\u00f6r Barn 3-5 \u00e5r - Rosa - TRUUSK - Hem, Tr\u00e4dg\u00e5rd &amp; Fritid","robots":{"index":"index","follow":"follow","max-snippet":"max-snippet:-1","max-image-preview":"max-image-preview:large","max-video-preview":"max-video-preview:-1"},"canonical":"https:\/\/truusk.store\/sv\/produkt\/truusk-elektrisk-bil-for-barn-12v-24g-fjarrkontroll-musik-tuta-led-ljus-usb-mp3-3-5-km-h-for-barn-3-5-ar-rosa\/","og_locale":"sv_SE","og_type":"article","og_title":"TRUUSK Elektrisk Bil f\u00f6r Barn 12V - 2,4G Fj\u00e4rrkontroll - Musik &amp; Tuta - LED-ljus - USB\/MP3 - 3-5 Km\/h - F\u00f6r Barn 3-5 \u00e5r - Rosa - TRUUSK - Hem, Tr\u00e4dg\u00e5rd &amp; Fritid","og_description":"Uppt\u00e4ck den ultimata k\u00f6rupplevelsen med AIYAPLAY Volkswagen Beetle barns elbil! Denna elektriska bil f\u00f6r barn erbjuder upp till en timmes...","og_url":"https:\/\/truusk.store\/sv\/produkt\/truusk-elektrisk-bil-for-barn-12v-24g-fjarrkontroll-musik-tuta-led-ljus-usb-mp3-3-5-km-h-for-barn-3-5-ar-rosa\/","og_site_name":"TRUUSK - Hem, Tr\u00e4dg\u00e5rd &amp; Fritid","article_modified_time":"2026-03-12T08:46:19+00:00","og_image":[{"width":2000,"height":2000,"url":"https:\/\/i0.wp.com\/truusk.se\/wp-content\/uploads\/2025\/06\/aiyaplay-barns-elektriska-bil-12v-med-24g-fjarrkontroll-musik-tuta-elektriskt-fordon-med-led-ljus-usb-mp3-anslutning-3-5-km-h-for-barn-3-5-ar-rosa-1.webp?fit=2000%2C2000&ssl=1","type":"image\/webp"}],"twitter_card":"summary_large_image","twitter_misc":{"Ber\u00e4knad l\u00e4stid":"1 minut"},"schema":{"@context":"https:\/\/schema.org","@graph":[{"@type":"WebPage","@id":"https:\/\/truusk.store\/sv\/produkt\/truusk-elektrisk-bil-for-barn-12v-24g-fjarrkontroll-musik-tuta-led-ljus-usb-mp3-3-5-km-h-for-barn-3-5-ar-rosa\/","url":"https:\/\/truusk.store\/sv\/produkt\/truusk-elektrisk-bil-for-barn-12v-24g-fjarrkontroll-musik-tuta-led-ljus-usb-mp3-3-5-km-h-for-barn-3-5-ar-rosa\/","name":"TRUUSK Elektrisk Bil f\u00f6r Barn 12V - 2,4G Fj\u00e4rrkontroll - Musik &amp; Tuta - LED-ljus - USB\/MP3 - 3-5 Km\/h - F\u00f6r Barn 3-5 \u00e5r - Rosa - TRUUSK - Hem, Tr\u00e4dg\u00e5rd &amp; Fritid","isPartOf":{"@id":"https:\/\/truusk.store\/sv\/#website"},"primaryImageOfPage":{"@id":"https:\/\/truusk.store\/sv\/produkt\/truusk-elektrisk-bil-for-barn-12v-24g-fjarrkontroll-musik-tuta-led-ljus-usb-mp3-3-5-km-h-for-barn-3-5-ar-rosa\/#primaryimage"},"image":{"@id":"https:\/\/truusk.store\/sv\/produkt\/truusk-elektrisk-bil-for-barn-12v-24g-fjarrkontroll-musik-tuta-led-ljus-usb-mp3-3-5-km-h-for-barn-3-5-ar-rosa\/#primaryimage"},"thumbnailUrl":"https:\/\/i0.wp.com\/truusk.store\/wp-content\/uploads\/2025\/06\/aiyaplay-barns-elektriska-bil-12v-med-24g-fjarrkontroll-musik-tuta-elektriskt-fordon-med-led-ljus-usb-mp3-anslutning-3-5-km-h-for-barn-3-5-ar-rosa-1.webp?fit=2000%2C2000&ssl=1","datePublished":"2025-06-05T10:48:52+00:00","dateModified":"2026-03-12T08:46:19+00:00","breadcrumb":{"@id":"https:\/\/truusk.store\/sv\/produkt\/truusk-elektrisk-bil-for-barn-12v-24g-fjarrkontroll-musik-tuta-led-ljus-usb-mp3-3-5-km-h-for-barn-3-5-ar-rosa\/#breadcrumb"},"inLanguage":"sv-SE","potentialAction":[{"@type":"ReadAction","target":["https:\/\/truusk.store\/sv\/produkt\/truusk-elektrisk-bil-for-barn-12v-24g-fjarrkontroll-musik-tuta-led-ljus-usb-mp3-3-5-km-h-for-barn-3-5-ar-rosa\/"]}]},{"@type":"ImageObject","inLanguage":"sv-SE","@id":"https:\/\/truusk.store\/sv\/produkt\/truusk-elektrisk-bil-for-barn-12v-24g-fjarrkontroll-musik-tuta-led-ljus-usb-mp3-3-5-km-h-for-barn-3-5-ar-rosa\/#primaryimage","url":"https:\/\/i0.wp.com\/truusk.store\/wp-content\/uploads\/2025\/06\/aiyaplay-barns-elektriska-bil-12v-med-24g-fjarrkontroll-musik-tuta-elektriskt-fordon-med-led-ljus-usb-mp3-anslutning-3-5-km-h-for-barn-3-5-ar-rosa-1.webp?fit=2000%2C2000&ssl=1","contentUrl":"https:\/\/i0.wp.com\/truusk.store\/wp-content\/uploads\/2025\/06\/aiyaplay-barns-elektriska-bil-12v-med-24g-fjarrkontroll-musik-tuta-elektriskt-fordon-med-led-ljus-usb-mp3-anslutning-3-5-km-h-for-barn-3-5-ar-rosa-1.webp?fit=2000%2C2000&ssl=1","width":2000,"height":2000},{"@type":"BreadcrumbList","@id":"https:\/\/truusk.store\/sv\/produkt\/truusk-elektrisk-bil-for-barn-12v-24g-fjarrkontroll-musik-tuta-led-ljus-usb-mp3-3-5-km-h-for-barn-3-5-ar-rosa\/#breadcrumb","itemListElement":[{"@type":"ListItem","position":1,"name":"Home","item":"https:\/\/truusk.store\/sv\/"},{"@type":"ListItem","position":2,"name":"Shop","item":"https:\/\/truusk.store\/shop\/"},{"@type":"ListItem","position":3,"name":"TRUUSK Elektrisk Bil f\u00f6r Barn 12V &#8211; 2,4G Fj\u00e4rrkontroll &#8211; Musik &amp; Tuta &#8211; LED-ljus &#8211; USB\/MP3 &#8211; 3-5 Km\/h &#8211; F\u00f6r Barn 3-5 \u00e5r &#8211; Rosa"}]},{"@type":"WebSite","@id":"https:\/\/truusk.store\/sv\/#website","url":"https:\/\/truusk.store\/sv\/","name":"TRUUSK - Hem, Tr\u00e4dg\u00e5rd & Fritid","description":"","publisher":{"@id":"https:\/\/truusk.store\/sv\/#organization"},"potentialAction":[{"@type":"SearchAction","target":{"@type":"EntryPoint","urlTemplate":"https:\/\/truusk.store\/sv\/?s={search_term_string}"},"query-input":{"@type":"PropertyValueSpecification","valueRequired":true,"valueName":"search_term_string"}}],"inLanguage":"sv-SE"},{"@type":"Organization","@id":"https:\/\/truusk.store\/sv\/#organization","name":"TRUUSK - Hem, Tr\u00e4dg\u00e5rd & Fritid","url":"https:\/\/truusk.store\/sv\/","logo":{"@type":"ImageObject","inLanguage":"sv-SE","@id":"https:\/\/truusk.store\/sv\/#\/schema\/logo\/image\/","url":"https:\/\/i0.wp.com\/truusk.store\/wp-content\/uploads\/2026\/03\/cropped-TRUUSK.png?fit=2032%2C917&ssl=1","contentUrl":"https:\/\/i0.wp.com\/truusk.store\/wp-content\/uploads\/2026\/03\/cropped-TRUUSK.png?fit=2032%2C917&ssl=1","width":2032,"height":917,"caption":"TRUUSK - Hem, Tr\u00e4dg\u00e5rd & Fritid"},"image":{"@id":"https:\/\/truusk.store\/sv\/#\/schema\/logo\/image\/"}}]}},"jetpack_sharing_enabled":true,"_links":{"self":[{"href":"https:\/\/truusk.store\/sv\/wp-json\/wp\/v2\/product\/65873","targetHints":{"allow":["GET"]}}],"collection":[{"href":"https:\/\/truusk.store\/sv\/wp-json\/wp\/v2\/product"}],"about":[{"href":"https:\/\/truusk.store\/sv\/wp-json\/wp\/v2\/types\/product"}],"wp:featuredmedia":[{"embeddable":true,"href":"https:\/\/truusk.store\/sv\/wp-json\/wp\/v2\/media\/65864"}],"wp:attachment":[{"href":"https:\/\/truusk.store\/sv\/wp-json\/wp\/v2\/media?parent=65873"}],"wp:term":[{"taxonomy":"product_brand","embeddable":true,"href":"https:\/\/truusk.store\/sv\/wp-json\/wp\/v2\/product_brand?post=65873"},{"taxonomy":"product_cat","embeddable":true,"href":"https:\/\/truusk.store\/sv\/wp-json\/wp\/v2\/product_cat?post=65873"},{"taxonomy":"product_tag","embeddable":true,"href":"https:\/\/truusk.store\/sv\/wp-json\/wp\/v2\/product_tag?post=65873"}],"curies":[{"name":"wp","href":"https:\/\/api.w.org\/{rel}","templated":true}]}}