{"id":65933,"date":"2025-06-05T11:54:50","date_gmt":"2025-06-05T10:54:50","guid":{"rendered":"https:\/\/truusk.store\/product\/koksskap-hogskap-med-2-skap-koksbuffe-med-justerbara-hyllor-buffeskap-matsalsskap-for-kok-matsal-68-x-395-x-170-cm-vit\/"},"modified":"2026-03-12T09:46:09","modified_gmt":"2026-03-12T08:46:09","slug":"truusk-koksskap-hogskap-med-2-skap-justerbara-hyllor-matsalsskap-vit-68-x-395-x-170-cm","status":"publish","type":"product","link":"https:\/\/truusk.store\/sv\/produkt\/truusk-koksskap-hogskap-med-2-skap-justerbara-hyllor-matsalsskap-vit-68-x-395-x-170-cm\/","title":{"rendered":"TRUUSK K\u00f6kssk\u00e5p &#8211; H\u00f6gsk\u00e5p med 2 sk\u00e5p &#8211; Justerbara hyllor &#8211; Matsalssk\u00e5p &#8211; Vit &#8211; 68 x 39,5 x 170 cm"},"content":{"rendered":"<p>V\u00e5rt h\u00f6gkvalitativa skafferi fr\u00e5n TRUUSK erbjuder tillr\u00e4ckligt med f\u00f6rvaringsutrymme f\u00f6r porslin, mat och k\u00f6ksutrustning. Lamelld\u00f6rrarna p\u00e5 det m\u00e5ngsidiga sk\u00e5pet s\u00e4kerst\u00e4ller god ventilation av interi\u00f6ren och h\u00f6jdjusterbara hyllplan m\u00f6jligg\u00f6r flexibel f\u00f6rvaring. De 4 allroundsk\u00e5pen \u00e4r utrustade med metallhandtag, vilket g\u00f6r det snabbt och l\u00e4tt att \u00f6ppna. Yttermaterialet \u00e4r vatten- och smutsavvisande och passar bra f\u00f6r alla k\u00f6k.<\/p>\n<p>Beskrivning:<\/p>\n<ul>\n<li> Modern design av vitrinsk\u00e5pet med glas- och lamelld\u00f6rrar<\/li>\n<li> Perfekt f\u00f6r ditt k\u00f6k, din matsal och ditt vardagsrum<\/li>\n<li> 2 sk\u00e5p, 2 l\u00e5dor och en \u00f6ppen arbetsyta p\u00e5 f\u00f6rvaringssk\u00e5pet erbjuder mycket f\u00f6rvaringsutrymme<\/li>\n<li> Idealisk f\u00f6r f\u00f6rvaring av porslin, mat och k\u00f6ksutrustning<\/li>\n<li> En solid konstruktion av MDF med vattenavvisande yta<\/li>\n<li> Justerbara hyllplan och ett kabelhanteringssystem erbjuder extra komfort<\/li>\n<li> Mikrov\u00e5gssk\u00e5pet kan f\u00e4stas p\u00e5 v\u00e4ggen med en anti-tip s\u00e4kerhetsanordning<\/li>\n<li> Montering kr\u00e4vs<\/li>\n<\/ul>\n<p>Tekniska data:<\/p>\n<ul>\n<li> F\u00e4rg: Vit+Naturtr\u00e4<\/li>\n<li> Material: MDF, sp\u00e5nskiva, h\u00e4rdat glas<\/li>\n<li> Totala m\u00e5tt: 68L x 39,5B x 170H cm<\/li>\n<li> \u00d6vre sk\u00e5p: 64,5L x 23B x 45,3H cm<\/li>\n<li> Nedre sk\u00e5p: 64,5L x 36B x 60,5H cm<\/li>\n<li> Arbetsyta: 68L x 39,5B cm<\/li>\n<li> B\u00e4rkapacitet: Total b\u00e4rkapacitet: 70 kg, arbetsyta: 20 kg, l\u00e5da: 5 kg<\/li>\n<\/ul>\n<p>Leveransinneh\u00e5ll:<\/p>\n<ul>\n<li> 1 x k\u00f6kssk\u00e5p<\/li>\n<li> 1 x instruktioner<\/li>\n<\/ul>\n","protected":false},"excerpt":{"rendered":"<p>V\u00e5rt h\u00f6gkvalitativa skafferi fr\u00e5n TRUUSK erbjuder tillr\u00e4ckligt med f\u00f6rvaringsutrymme f\u00f6r porslin, mat och k\u00f6ksutrustning. Lamelld\u00f6rrarna p\u00e5 det m\u00e5ngsidiga sk\u00e5pet s\u00e4kerst\u00e4ller&#8230;<\/p>\n","protected":false},"featured_media":65924,"template":"","meta":[],"product_brand":[],"product_cat":[871,889,534],"product_tag":[],"class_list":{"0":"post-65933","1":"product","2":"type-product","3":"status-publish","4":"has-post-thumbnail","6":"product_cat-hus-hem","7":"product_cat-kok-matsal","8":"product_cat-koksskap","10":"first","11":"instock","12":"sale","13":"taxable","14":"shipping-taxable","15":"purchasable","16":"product-type-simple"},"yoast_head":"<!-- This site is optimized with the Yoast SEO plugin v25.4 - https:\/\/yoast.com\/wordpress\/plugins\/seo\/ -->\n<title>TRUUSK K\u00f6kssk\u00e5p - H\u00f6gsk\u00e5p med 2 sk\u00e5p - Justerbara hyllor - Matsalssk\u00e5p - Vit - 68 x 39,5 x 170 cm - TRUUSK - Hem, Tr\u00e4dg\u00e5rd &amp; Fritid<\/title>\n<meta name=\"robots\" content=\"index, follow, max-snippet:-1, max-image-preview:large, max-video-preview:-1\" \/>\n<link rel=\"canonical\" href=\"https:\/\/truusk.store\/sv\/produkt\/truusk-koksskap-hogskap-med-2-skap-justerbara-hyllor-matsalsskap-vit-68-x-395-x-170-cm\/\" \/>\n<meta property=\"og:locale\" content=\"sv_SE\" \/>\n<meta property=\"og:type\" content=\"article\" \/>\n<meta property=\"og:title\" content=\"TRUUSK K\u00f6kssk\u00e5p - H\u00f6gsk\u00e5p med 2 sk\u00e5p - Justerbara hyllor - Matsalssk\u00e5p - Vit - 68 x 39,5 x 170 cm - TRUUSK - Hem, Tr\u00e4dg\u00e5rd &amp; Fritid\" \/>\n<meta property=\"og:description\" content=\"V\u00e5rt h\u00f6gkvalitativa skafferi fr\u00e5n TRUUSK erbjuder tillr\u00e4ckligt med f\u00f6rvaringsutrymme f\u00f6r porslin, mat och k\u00f6ksutrustning. Lamelld\u00f6rrarna p\u00e5 det m\u00e5ngsidiga sk\u00e5pet s\u00e4kerst\u00e4ller...\" \/>\n<meta property=\"og:url\" content=\"https:\/\/truusk.store\/sv\/produkt\/truusk-koksskap-hogskap-med-2-skap-justerbara-hyllor-matsalsskap-vit-68-x-395-x-170-cm\/\" \/>\n<meta property=\"og:site_name\" content=\"TRUUSK - Hem, Tr\u00e4dg\u00e5rd &amp; Fritid\" \/>\n<meta property=\"article:modified_time\" content=\"2026-03-12T08:46:09+00:00\" \/>\n<meta property=\"og:image\" content=\"https:\/\/i0.wp.com\/truusk.se\/wp-content\/uploads\/2025\/06\/koksskap-hogskap-med-2-skap-koksbuffe-med-justerbara-hyllor-buffeskap-matsalsskap-for-kok-matsal-68-x-395-x-170-cm-vit-1.webp?fit=2000%2C2000&ssl=1\" \/>\n\t<meta property=\"og:image:width\" content=\"2000\" \/>\n\t<meta property=\"og:image:height\" content=\"2000\" \/>\n\t<meta property=\"og:image:type\" content=\"image\/webp\" \/>\n<meta name=\"twitter:card\" content=\"summary_large_image\" \/>\n<meta name=\"twitter:label1\" content=\"Ber\u00e4knad l\u00e4stid\" \/>\n\t<meta name=\"twitter:data1\" content=\"1 minut\" \/>\n<!-- \/ Yoast SEO plugin. -->","yoast_head_json":{"title":"TRUUSK K\u00f6kssk\u00e5p - H\u00f6gsk\u00e5p med 2 sk\u00e5p - Justerbara hyllor - Matsalssk\u00e5p - Vit - 68 x 39,5 x 170 cm - TRUUSK - Hem, Tr\u00e4dg\u00e5rd &amp; Fritid","robots":{"index":"index","follow":"follow","max-snippet":"max-snippet:-1","max-image-preview":"max-image-preview:large","max-video-preview":"max-video-preview:-1"},"canonical":"https:\/\/truusk.store\/sv\/produkt\/truusk-koksskap-hogskap-med-2-skap-justerbara-hyllor-matsalsskap-vit-68-x-395-x-170-cm\/","og_locale":"sv_SE","og_type":"article","og_title":"TRUUSK K\u00f6kssk\u00e5p - H\u00f6gsk\u00e5p med 2 sk\u00e5p - Justerbara hyllor - Matsalssk\u00e5p - Vit - 68 x 39,5 x 170 cm - TRUUSK - Hem, Tr\u00e4dg\u00e5rd &amp; Fritid","og_description":"V\u00e5rt h\u00f6gkvalitativa skafferi fr\u00e5n TRUUSK erbjuder tillr\u00e4ckligt med f\u00f6rvaringsutrymme f\u00f6r porslin, mat och k\u00f6ksutrustning. Lamelld\u00f6rrarna p\u00e5 det m\u00e5ngsidiga sk\u00e5pet s\u00e4kerst\u00e4ller...","og_url":"https:\/\/truusk.store\/sv\/produkt\/truusk-koksskap-hogskap-med-2-skap-justerbara-hyllor-matsalsskap-vit-68-x-395-x-170-cm\/","og_site_name":"TRUUSK - Hem, Tr\u00e4dg\u00e5rd &amp; Fritid","article_modified_time":"2026-03-12T08:46:09+00:00","og_image":[{"width":2000,"height":2000,"url":"https:\/\/i0.wp.com\/truusk.se\/wp-content\/uploads\/2025\/06\/koksskap-hogskap-med-2-skap-koksbuffe-med-justerbara-hyllor-buffeskap-matsalsskap-for-kok-matsal-68-x-395-x-170-cm-vit-1.webp?fit=2000%2C2000&ssl=1","type":"image\/webp"}],"twitter_card":"summary_large_image","twitter_misc":{"Ber\u00e4knad l\u00e4stid":"1 minut"},"schema":{"@context":"https:\/\/schema.org","@graph":[{"@type":"WebPage","@id":"https:\/\/truusk.store\/sv\/produkt\/truusk-koksskap-hogskap-med-2-skap-justerbara-hyllor-matsalsskap-vit-68-x-395-x-170-cm\/","url":"https:\/\/truusk.store\/sv\/produkt\/truusk-koksskap-hogskap-med-2-skap-justerbara-hyllor-matsalsskap-vit-68-x-395-x-170-cm\/","name":"TRUUSK K\u00f6kssk\u00e5p - H\u00f6gsk\u00e5p med 2 sk\u00e5p - Justerbara hyllor - Matsalssk\u00e5p - Vit - 68 x 39,5 x 170 cm - TRUUSK - Hem, Tr\u00e4dg\u00e5rd &amp; Fritid","isPartOf":{"@id":"https:\/\/truusk.store\/sv\/#website"},"primaryImageOfPage":{"@id":"https:\/\/truusk.store\/sv\/produkt\/truusk-koksskap-hogskap-med-2-skap-justerbara-hyllor-matsalsskap-vit-68-x-395-x-170-cm\/#primaryimage"},"image":{"@id":"https:\/\/truusk.store\/sv\/produkt\/truusk-koksskap-hogskap-med-2-skap-justerbara-hyllor-matsalsskap-vit-68-x-395-x-170-cm\/#primaryimage"},"thumbnailUrl":"https:\/\/i0.wp.com\/truusk.store\/wp-content\/uploads\/2025\/06\/koksskap-hogskap-med-2-skap-koksbuffe-med-justerbara-hyllor-buffeskap-matsalsskap-for-kok-matsal-68-x-395-x-170-cm-vit-1.webp?fit=2000%2C2000&ssl=1","datePublished":"2025-06-05T10:54:50+00:00","dateModified":"2026-03-12T08:46:09+00:00","breadcrumb":{"@id":"https:\/\/truusk.store\/sv\/produkt\/truusk-koksskap-hogskap-med-2-skap-justerbara-hyllor-matsalsskap-vit-68-x-395-x-170-cm\/#breadcrumb"},"inLanguage":"sv-SE","potentialAction":[{"@type":"ReadAction","target":["https:\/\/truusk.store\/sv\/produkt\/truusk-koksskap-hogskap-med-2-skap-justerbara-hyllor-matsalsskap-vit-68-x-395-x-170-cm\/"]}]},{"@type":"ImageObject","inLanguage":"sv-SE","@id":"https:\/\/truusk.store\/sv\/produkt\/truusk-koksskap-hogskap-med-2-skap-justerbara-hyllor-matsalsskap-vit-68-x-395-x-170-cm\/#primaryimage","url":"https:\/\/i0.wp.com\/truusk.store\/wp-content\/uploads\/2025\/06\/koksskap-hogskap-med-2-skap-koksbuffe-med-justerbara-hyllor-buffeskap-matsalsskap-for-kok-matsal-68-x-395-x-170-cm-vit-1.webp?fit=2000%2C2000&ssl=1","contentUrl":"https:\/\/i0.wp.com\/truusk.store\/wp-content\/uploads\/2025\/06\/koksskap-hogskap-med-2-skap-koksbuffe-med-justerbara-hyllor-buffeskap-matsalsskap-for-kok-matsal-68-x-395-x-170-cm-vit-1.webp?fit=2000%2C2000&ssl=1","width":2000,"height":2000},{"@type":"BreadcrumbList","@id":"https:\/\/truusk.store\/sv\/produkt\/truusk-koksskap-hogskap-med-2-skap-justerbara-hyllor-matsalsskap-vit-68-x-395-x-170-cm\/#breadcrumb","itemListElement":[{"@type":"ListItem","position":1,"name":"Home","item":"https:\/\/truusk.store\/sv\/"},{"@type":"ListItem","position":2,"name":"Shop","item":"https:\/\/truusk.store\/shop\/"},{"@type":"ListItem","position":3,"name":"TRUUSK K\u00f6kssk\u00e5p &#8211; H\u00f6gsk\u00e5p med 2 sk\u00e5p &#8211; Justerbara hyllor &#8211; Matsalssk\u00e5p &#8211; Vit &#8211; 68 x 39,5 x 170 cm"}]},{"@type":"WebSite","@id":"https:\/\/truusk.store\/sv\/#website","url":"https:\/\/truusk.store\/sv\/","name":"TRUUSK - Hem, Tr\u00e4dg\u00e5rd & Fritid","description":"","publisher":{"@id":"https:\/\/truusk.store\/sv\/#organization"},"potentialAction":[{"@type":"SearchAction","target":{"@type":"EntryPoint","urlTemplate":"https:\/\/truusk.store\/sv\/?s={search_term_string}"},"query-input":{"@type":"PropertyValueSpecification","valueRequired":true,"valueName":"search_term_string"}}],"inLanguage":"sv-SE"},{"@type":"Organization","@id":"https:\/\/truusk.store\/sv\/#organization","name":"TRUUSK - Hem, Tr\u00e4dg\u00e5rd & Fritid","url":"https:\/\/truusk.store\/sv\/","logo":{"@type":"ImageObject","inLanguage":"sv-SE","@id":"https:\/\/truusk.store\/sv\/#\/schema\/logo\/image\/","url":"https:\/\/i0.wp.com\/truusk.store\/wp-content\/uploads\/2026\/03\/cropped-TRUUSK.png?fit=2032%2C917&ssl=1","contentUrl":"https:\/\/i0.wp.com\/truusk.store\/wp-content\/uploads\/2026\/03\/cropped-TRUUSK.png?fit=2032%2C917&ssl=1","width":2032,"height":917,"caption":"TRUUSK - Hem, Tr\u00e4dg\u00e5rd & Fritid"},"image":{"@id":"https:\/\/truusk.store\/sv\/#\/schema\/logo\/image\/"}}]}},"jetpack_sharing_enabled":true,"_links":{"self":[{"href":"https:\/\/truusk.store\/sv\/wp-json\/wp\/v2\/product\/65933","targetHints":{"allow":["GET"]}}],"collection":[{"href":"https:\/\/truusk.store\/sv\/wp-json\/wp\/v2\/product"}],"about":[{"href":"https:\/\/truusk.store\/sv\/wp-json\/wp\/v2\/types\/product"}],"wp:featuredmedia":[{"embeddable":true,"href":"https:\/\/truusk.store\/sv\/wp-json\/wp\/v2\/media\/65924"}],"wp:attachment":[{"href":"https:\/\/truusk.store\/sv\/wp-json\/wp\/v2\/media?parent=65933"}],"wp:term":[{"taxonomy":"product_brand","embeddable":true,"href":"https:\/\/truusk.store\/sv\/wp-json\/wp\/v2\/product_brand?post=65933"},{"taxonomy":"product_cat","embeddable":true,"href":"https:\/\/truusk.store\/sv\/wp-json\/wp\/v2\/product_cat?post=65933"},{"taxonomy":"product_tag","embeddable":true,"href":"https:\/\/truusk.store\/sv\/wp-json\/wp\/v2\/product_tag?post=65933"}],"curies":[{"name":"wp","href":"https:\/\/api.w.org\/{rel}","templated":true}]}}