{"id":65943,"date":"2025-06-05T11:55:43","date_gmt":"2025-06-05T10:55:43","guid":{"rendered":"https:\/\/truusk.store\/product\/2-sits-soffa-soffa-med-snore-look-traben-vadderad-stoppad-soffa-dubbelsang-for-sovrum-vardagsrum-110-x-62-x-85-cm-gul\/"},"modified":"2026-03-12T08:40:43","modified_gmt":"2026-03-12T07:40:43","slug":"truusk-2-sits-soffa-snore-look-traben-vadderad-stoppad-dubbelsang-110-x-62-x-85-cm-gul","status":"publish","type":"product","link":"https:\/\/truusk.store\/sv\/produkt\/truusk-2-sits-soffa-snore-look-traben-vadderad-stoppad-dubbelsang-110-x-62-x-85-cm-gul\/","title":{"rendered":"TRUUSK 2-sits Soffa &#8211; Sn\u00f6re-look &#8211; Tr\u00e4ben &#8211; Vadderad Stoppad &#8211; Dubbels\u00e4ng &#8211; 110 x 62 x 85 cm &#8211; Gul"},"content":{"rendered":"<p>Slappna av stilfullt p\u00e5 den kompakta tv\u00e5sitssoffan fr\u00e5n TRUUSK, det utrymmesbesparande tillskottet till ditt vardagsrum. Det mjuka manchestertyget och det t\u00e4ta skummet ger h\u00f6gsta komfort, medan tr\u00e4benen utstr\u00e5lar elegans. Kryp upp under en filt med din partner och njut av m\u00e5nga kv\u00e4llar p\u00e5 denna mysiga soffa.<\/p>\n<p>Beskrivning:<\/p>\n<ul>\n<li> 20 cm tjock stoppning och mjukt manchestertyg ger komfort<\/li>\n<li> Fylld med h\u00f6gdensitet fast skum och ett elastiskt band f\u00f6r st\u00f6d<\/li>\n<li> Robust massivtr\u00e4ram f\u00f6r tv\u00e5sitssoffan b\u00e4r upp till 240 kg<\/li>\n<li> Gummitr\u00e4ben med filtstoppning skyddar dina golv<\/li>\n<li> Kompakt, armfritt design av k\u00f6ksoffan sparar effektivt utrymme<\/li>\n<li> Det 26 cm h\u00f6ga avst\u00e5ndet mellan golvet och undersidan m\u00f6jligg\u00f6r enkel tillg\u00e5ng f\u00f6r robotdammsugare<\/li>\n<li> Snabb montering kr\u00e4vs<\/li>\n<\/ul>\n<p> Tekniska data:<\/p>\n<ul>\n<li> F\u00e4rg: Gul<\/li>\n<li> Material: Manchester (100% polyester), eukalyptustr\u00e4, gummitr\u00e4, skum<\/li>\n<li> Totala dimensioner: 110B x 62D x 85H cm<\/li>\n<li> Sitsstorlek: 110B x 49D x 46H cm<\/li>\n<li> Sitsens tjocklek: 20 cm<\/li>\n<li> Ryggstorlek: 43L x 110B cm<\/li>\n<li> Ryggens tjocklek: 7\/12 cm<\/li>\n<li> Benh\u00f6jd: 26 cm<\/li>\n<li> B\u00e4rkapacitet: 240 kg<\/li>\n<\/ul>\n<p> Leverans inneh\u00e5ller:<\/p>\n<ul>\n<li> 1 x Tv\u00e5sitssoffa<\/li>\n<li> 1 x Bruksanvisning<\/li>\n<\/ul>\n","protected":false},"excerpt":{"rendered":"<p>Slappna av stilfullt p\u00e5 den kompakta tv\u00e5sitssoffan fr\u00e5n TRUUSK, det utrymmesbesparande tillskottet till ditt vardagsrum. Det mjuka manchestertyget och det&#8230;<\/p>\n","protected":false},"featured_media":65934,"template":"","meta":[],"product_brand":[],"product_cat":[871,937,910,974],"product_tag":[],"class_list":{"0":"post-65943","1":"product","2":"type-product","3":"status-publish","4":"has-post-thumbnail","6":"product_cat-hus-hem","7":"product_cat-soffor","8":"product_cat-vardagsrum","9":"product_cat-zweisitzer","11":"first","12":"instock","13":"sale","14":"taxable","15":"shipping-taxable","16":"purchasable","17":"product-type-simple"},"yoast_head":"<!-- This site is optimized with the Yoast SEO plugin v25.4 - https:\/\/yoast.com\/wordpress\/plugins\/seo\/ -->\n<title>TRUUSK 2-sits Soffa - Sn\u00f6re-look - Tr\u00e4ben - Vadderad Stoppad - Dubbels\u00e4ng - 110 x 62 x 85 cm - Gul - TRUUSK - Hem, Tr\u00e4dg\u00e5rd &amp; Fritid<\/title>\n<meta name=\"robots\" content=\"index, follow, max-snippet:-1, max-image-preview:large, max-video-preview:-1\" \/>\n<link rel=\"canonical\" href=\"https:\/\/truusk.store\/sv\/produkt\/truusk-2-sits-soffa-snore-look-traben-vadderad-stoppad-dubbelsang-110-x-62-x-85-cm-gul\/\" \/>\n<meta property=\"og:locale\" content=\"sv_SE\" \/>\n<meta property=\"og:type\" content=\"article\" \/>\n<meta property=\"og:title\" content=\"TRUUSK 2-sits Soffa - Sn\u00f6re-look - Tr\u00e4ben - Vadderad Stoppad - Dubbels\u00e4ng - 110 x 62 x 85 cm - Gul - TRUUSK - Hem, Tr\u00e4dg\u00e5rd &amp; Fritid\" \/>\n<meta property=\"og:description\" content=\"Slappna av stilfullt p\u00e5 den kompakta tv\u00e5sitssoffan fr\u00e5n TRUUSK, det utrymmesbesparande tillskottet till ditt vardagsrum. Det mjuka manchestertyget och det...\" \/>\n<meta property=\"og:url\" content=\"https:\/\/truusk.store\/sv\/produkt\/truusk-2-sits-soffa-snore-look-traben-vadderad-stoppad-dubbelsang-110-x-62-x-85-cm-gul\/\" \/>\n<meta property=\"og:site_name\" content=\"TRUUSK - Hem, Tr\u00e4dg\u00e5rd &amp; Fritid\" \/>\n<meta property=\"article:modified_time\" content=\"2026-03-12T07:40:43+00:00\" \/>\n<meta property=\"og:image\" content=\"https:\/\/i0.wp.com\/truusk.se\/wp-content\/uploads\/2025\/06\/2-sits-soffa-soffa-med-snore-look-traben-vadderad-stoppad-soffa-dubbelsang-for-sovrum-vardagsrum-110-x-62-x-85-cm-gul-1.webp?fit=2000%2C2000&ssl=1\" \/>\n\t<meta property=\"og:image:width\" content=\"2000\" \/>\n\t<meta property=\"og:image:height\" content=\"2000\" \/>\n\t<meta property=\"og:image:type\" content=\"image\/webp\" \/>\n<meta name=\"twitter:card\" content=\"summary_large_image\" \/>\n<meta name=\"twitter:label1\" content=\"Ber\u00e4knad l\u00e4stid\" \/>\n\t<meta name=\"twitter:data1\" content=\"1 minut\" \/>\n<!-- \/ Yoast SEO plugin. -->","yoast_head_json":{"title":"TRUUSK 2-sits Soffa - Sn\u00f6re-look - Tr\u00e4ben - Vadderad Stoppad - Dubbels\u00e4ng - 110 x 62 x 85 cm - Gul - TRUUSK - Hem, Tr\u00e4dg\u00e5rd &amp; Fritid","robots":{"index":"index","follow":"follow","max-snippet":"max-snippet:-1","max-image-preview":"max-image-preview:large","max-video-preview":"max-video-preview:-1"},"canonical":"https:\/\/truusk.store\/sv\/produkt\/truusk-2-sits-soffa-snore-look-traben-vadderad-stoppad-dubbelsang-110-x-62-x-85-cm-gul\/","og_locale":"sv_SE","og_type":"article","og_title":"TRUUSK 2-sits Soffa - Sn\u00f6re-look - Tr\u00e4ben - Vadderad Stoppad - Dubbels\u00e4ng - 110 x 62 x 85 cm - Gul - TRUUSK - Hem, Tr\u00e4dg\u00e5rd &amp; Fritid","og_description":"Slappna av stilfullt p\u00e5 den kompakta tv\u00e5sitssoffan fr\u00e5n TRUUSK, det utrymmesbesparande tillskottet till ditt vardagsrum. Det mjuka manchestertyget och det...","og_url":"https:\/\/truusk.store\/sv\/produkt\/truusk-2-sits-soffa-snore-look-traben-vadderad-stoppad-dubbelsang-110-x-62-x-85-cm-gul\/","og_site_name":"TRUUSK - Hem, Tr\u00e4dg\u00e5rd &amp; Fritid","article_modified_time":"2026-03-12T07:40:43+00:00","og_image":[{"width":2000,"height":2000,"url":"https:\/\/i0.wp.com\/truusk.se\/wp-content\/uploads\/2025\/06\/2-sits-soffa-soffa-med-snore-look-traben-vadderad-stoppad-soffa-dubbelsang-for-sovrum-vardagsrum-110-x-62-x-85-cm-gul-1.webp?fit=2000%2C2000&ssl=1","type":"image\/webp"}],"twitter_card":"summary_large_image","twitter_misc":{"Ber\u00e4knad l\u00e4stid":"1 minut"},"schema":{"@context":"https:\/\/schema.org","@graph":[{"@type":"WebPage","@id":"https:\/\/truusk.store\/sv\/produkt\/truusk-2-sits-soffa-snore-look-traben-vadderad-stoppad-dubbelsang-110-x-62-x-85-cm-gul\/","url":"https:\/\/truusk.store\/sv\/produkt\/truusk-2-sits-soffa-snore-look-traben-vadderad-stoppad-dubbelsang-110-x-62-x-85-cm-gul\/","name":"TRUUSK 2-sits Soffa - Sn\u00f6re-look - Tr\u00e4ben - Vadderad Stoppad - Dubbels\u00e4ng - 110 x 62 x 85 cm - Gul - TRUUSK - Hem, Tr\u00e4dg\u00e5rd &amp; Fritid","isPartOf":{"@id":"https:\/\/truusk.store\/sv\/#website"},"primaryImageOfPage":{"@id":"https:\/\/truusk.store\/sv\/produkt\/truusk-2-sits-soffa-snore-look-traben-vadderad-stoppad-dubbelsang-110-x-62-x-85-cm-gul\/#primaryimage"},"image":{"@id":"https:\/\/truusk.store\/sv\/produkt\/truusk-2-sits-soffa-snore-look-traben-vadderad-stoppad-dubbelsang-110-x-62-x-85-cm-gul\/#primaryimage"},"thumbnailUrl":"https:\/\/i0.wp.com\/truusk.store\/wp-content\/uploads\/2025\/06\/2-sits-soffa-soffa-med-snore-look-traben-vadderad-stoppad-soffa-dubbelsang-for-sovrum-vardagsrum-110-x-62-x-85-cm-gul-1.webp?fit=2000%2C2000&ssl=1","datePublished":"2025-06-05T10:55:43+00:00","dateModified":"2026-03-12T07:40:43+00:00","breadcrumb":{"@id":"https:\/\/truusk.store\/sv\/produkt\/truusk-2-sits-soffa-snore-look-traben-vadderad-stoppad-dubbelsang-110-x-62-x-85-cm-gul\/#breadcrumb"},"inLanguage":"sv-SE","potentialAction":[{"@type":"ReadAction","target":["https:\/\/truusk.store\/sv\/produkt\/truusk-2-sits-soffa-snore-look-traben-vadderad-stoppad-dubbelsang-110-x-62-x-85-cm-gul\/"]}]},{"@type":"ImageObject","inLanguage":"sv-SE","@id":"https:\/\/truusk.store\/sv\/produkt\/truusk-2-sits-soffa-snore-look-traben-vadderad-stoppad-dubbelsang-110-x-62-x-85-cm-gul\/#primaryimage","url":"https:\/\/i0.wp.com\/truusk.store\/wp-content\/uploads\/2025\/06\/2-sits-soffa-soffa-med-snore-look-traben-vadderad-stoppad-soffa-dubbelsang-for-sovrum-vardagsrum-110-x-62-x-85-cm-gul-1.webp?fit=2000%2C2000&ssl=1","contentUrl":"https:\/\/i0.wp.com\/truusk.store\/wp-content\/uploads\/2025\/06\/2-sits-soffa-soffa-med-snore-look-traben-vadderad-stoppad-soffa-dubbelsang-for-sovrum-vardagsrum-110-x-62-x-85-cm-gul-1.webp?fit=2000%2C2000&ssl=1","width":2000,"height":2000},{"@type":"BreadcrumbList","@id":"https:\/\/truusk.store\/sv\/produkt\/truusk-2-sits-soffa-snore-look-traben-vadderad-stoppad-dubbelsang-110-x-62-x-85-cm-gul\/#breadcrumb","itemListElement":[{"@type":"ListItem","position":1,"name":"Home","item":"https:\/\/truusk.store\/sv\/"},{"@type":"ListItem","position":2,"name":"Shop","item":"https:\/\/truusk.store\/shop\/"},{"@type":"ListItem","position":3,"name":"TRUUSK 2-sits Soffa &#8211; Sn\u00f6re-look &#8211; Tr\u00e4ben &#8211; Vadderad Stoppad &#8211; Dubbels\u00e4ng &#8211; 110 x 62 x 85 cm &#8211; Gul"}]},{"@type":"WebSite","@id":"https:\/\/truusk.store\/sv\/#website","url":"https:\/\/truusk.store\/sv\/","name":"TRUUSK - Hem, Tr\u00e4dg\u00e5rd & Fritid","description":"","publisher":{"@id":"https:\/\/truusk.store\/sv\/#organization"},"potentialAction":[{"@type":"SearchAction","target":{"@type":"EntryPoint","urlTemplate":"https:\/\/truusk.store\/sv\/?s={search_term_string}"},"query-input":{"@type":"PropertyValueSpecification","valueRequired":true,"valueName":"search_term_string"}}],"inLanguage":"sv-SE"},{"@type":"Organization","@id":"https:\/\/truusk.store\/sv\/#organization","name":"TRUUSK - Hem, Tr\u00e4dg\u00e5rd & Fritid","url":"https:\/\/truusk.store\/sv\/","logo":{"@type":"ImageObject","inLanguage":"sv-SE","@id":"https:\/\/truusk.store\/sv\/#\/schema\/logo\/image\/","url":"https:\/\/i0.wp.com\/truusk.store\/wp-content\/uploads\/2026\/03\/cropped-TRUUSK.png?fit=2032%2C917&ssl=1","contentUrl":"https:\/\/i0.wp.com\/truusk.store\/wp-content\/uploads\/2026\/03\/cropped-TRUUSK.png?fit=2032%2C917&ssl=1","width":2032,"height":917,"caption":"TRUUSK - Hem, Tr\u00e4dg\u00e5rd & Fritid"},"image":{"@id":"https:\/\/truusk.store\/sv\/#\/schema\/logo\/image\/"}}]}},"jetpack_sharing_enabled":true,"_links":{"self":[{"href":"https:\/\/truusk.store\/sv\/wp-json\/wp\/v2\/product\/65943","targetHints":{"allow":["GET"]}}],"collection":[{"href":"https:\/\/truusk.store\/sv\/wp-json\/wp\/v2\/product"}],"about":[{"href":"https:\/\/truusk.store\/sv\/wp-json\/wp\/v2\/types\/product"}],"wp:featuredmedia":[{"embeddable":true,"href":"https:\/\/truusk.store\/sv\/wp-json\/wp\/v2\/media\/65934"}],"wp:attachment":[{"href":"https:\/\/truusk.store\/sv\/wp-json\/wp\/v2\/media?parent=65943"}],"wp:term":[{"taxonomy":"product_brand","embeddable":true,"href":"https:\/\/truusk.store\/sv\/wp-json\/wp\/v2\/product_brand?post=65943"},{"taxonomy":"product_cat","embeddable":true,"href":"https:\/\/truusk.store\/sv\/wp-json\/wp\/v2\/product_cat?post=65943"},{"taxonomy":"product_tag","embeddable":true,"href":"https:\/\/truusk.store\/sv\/wp-json\/wp\/v2\/product_tag?post=65943"}],"curies":[{"name":"wp","href":"https:\/\/api.w.org\/{rel}","templated":true}]}}