{"id":65961,"date":"2025-06-05T11:57:37","date_gmt":"2025-06-05T10:57:37","guid":{"rendered":"https:\/\/truusk.store\/product\/kratztonne-50-cm-hoch-katzentonne-mit-2-hohle-kratzbaum-mit-kissen-katzenturm-aus-wasserhyazinthe-fur-katze-bis-35-kg-hellbraun\/"},"modified":"2026-03-12T09:44:44","modified_gmt":"2026-03-12T08:44:44","slug":"truusk-katttrad-med-2-halor-kattmobel-med-kudde-vattenvaxtstorn-for-katter-upp-till-35-kg-ljusbrun","status":"publish","type":"product","link":"https:\/\/truusk.store\/sv\/produkt\/truusk-katttrad-med-2-halor-kattmobel-med-kudde-vattenvaxtstorn-for-katter-upp-till-35-kg-ljusbrun\/","title":{"rendered":"TRUUSK Katttr\u00e4d med 2 H\u00e5lor &#8211; Kattm\u00f6bel med Kudde &#8211; Vattenv\u00e4xtstorn &#8211; F\u00f6r Katter Upp till 3,5 kg &#8211; Ljusbrun"},"content":{"rendered":"<p>TRUUSK kl\u00f6strumman blir snabbt din innekatts nya favoritplats! Denna mysiga kl\u00f6strumma erbjuder med tv\u00e5 mysiga grottor idealiska tillflyktsorter f\u00f6r avkoppling och g\u00f6mst\u00e4llen. Den v\u00e4l vadderade utsiktsplattformen p\u00e5 toppen av kl\u00f6strumman \u00e4r den perfekta observationsposten f\u00f6r nyfikna katt\u00f6gon. Tack vare de naturliga materialen passar kattrumman s\u00f6ml\u00f6st in i alla rum och erbjuder b\u00e5de dagtid spelgl\u00e4dje och en s\u00e4ker sovplats p\u00e5 natten.<\/p>\n<p>Beskrivning:<\/p>\n<ul>\n<li> Tv\u00e5 niv\u00e5er, tv\u00e5 ing\u00e5ngar och en mysig \u00f6vre liggplats p\u00e5 kattkl\u00f6strumman f\u00f6r avkoppling<\/li>\n<li> Inkluderar mjuk kudde f\u00f6r extra komfort<\/li>\n<li> Robust metallram och vattenhyacintfl\u00e4tning av kl\u00f6strumman f\u00f6r katter garanterar h\u00e5llbarhet<\/li>\n<li> Idealisk kl\u00f6strumma f\u00f6r katter upp till 3,5 kg<\/li>\n<li> Ingen montering kr\u00e4vs<\/li>\n<\/ul>\n<p> Tekniska data:<\/p>\n<ul>\n<li> F\u00e4rg: Ljusbrun<\/li>\n<li> Material: St\u00e5l, vattenhyacint, sammetliknande tyg (100% polyester)<\/li>\n<li> Totala dimensioner: \u00d840 x 50H cm<\/li>\n<li> Inre h\u00f6jd: 22 cm (varje v\u00e5ning)<\/li>\n<li> Storlek p\u00e5 \u00f6ppningen: \u00d818 cm<\/li>\n<li> Kuddens dimensioner: \u00d838 x 6H cm<\/li>\n<\/ul>\n<p>Leverans inneh\u00e5ller:<\/p>\n<ul>\n<li> 1 x kl\u00f6strumma<\/li>\n<li> 1 x instruktioner<\/li>\n<\/ul>\n","protected":false},"excerpt":{"rendered":"<p>TRUUSK kl\u00f6strumman blir snabbt din innekatts nya favoritplats! Denna mysiga kl\u00f6strumma erbjuder med tv\u00e5 mysiga grottor idealiska tillflyktsorter f\u00f6r avkoppling&#8230;<\/p>\n","protected":false},"featured_media":65944,"template":"","meta":[],"product_brand":[],"product_cat":[878,588,879],"product_tag":[],"class_list":{"0":"post-65961","1":"product","2":"type-product","3":"status-publish","4":"has-post-thumbnail","6":"product_cat-djurbehov","7":"product_cat-katttillbehor","8":"product_cat-klostrad","10":"first","11":"instock","12":"sale","13":"taxable","14":"shipping-taxable","15":"purchasable","16":"product-type-simple"},"yoast_head":"<!-- This site is optimized with the Yoast SEO plugin v25.4 - https:\/\/yoast.com\/wordpress\/plugins\/seo\/ -->\n<title>TRUUSK Katttr\u00e4d med 2 H\u00e5lor - Kattm\u00f6bel med Kudde - Vattenv\u00e4xtstorn - F\u00f6r Katter Upp till 3,5 kg - Ljusbrun - TRUUSK - Hem, Tr\u00e4dg\u00e5rd &amp; Fritid<\/title>\n<meta name=\"robots\" content=\"index, follow, max-snippet:-1, max-image-preview:large, max-video-preview:-1\" \/>\n<link rel=\"canonical\" href=\"https:\/\/truusk.store\/sv\/produkt\/truusk-katttrad-med-2-halor-kattmobel-med-kudde-vattenvaxtstorn-for-katter-upp-till-35-kg-ljusbrun\/\" \/>\n<meta property=\"og:locale\" content=\"sv_SE\" \/>\n<meta property=\"og:type\" content=\"article\" \/>\n<meta property=\"og:title\" content=\"TRUUSK Katttr\u00e4d med 2 H\u00e5lor - Kattm\u00f6bel med Kudde - Vattenv\u00e4xtstorn - F\u00f6r Katter Upp till 3,5 kg - Ljusbrun - TRUUSK - Hem, Tr\u00e4dg\u00e5rd &amp; Fritid\" \/>\n<meta property=\"og:description\" content=\"TRUUSK kl\u00f6strumman blir snabbt din innekatts nya favoritplats! Denna mysiga kl\u00f6strumma erbjuder med tv\u00e5 mysiga grottor idealiska tillflyktsorter f\u00f6r avkoppling...\" \/>\n<meta property=\"og:url\" content=\"https:\/\/truusk.store\/sv\/produkt\/truusk-katttrad-med-2-halor-kattmobel-med-kudde-vattenvaxtstorn-for-katter-upp-till-35-kg-ljusbrun\/\" \/>\n<meta property=\"og:site_name\" content=\"TRUUSK - Hem, Tr\u00e4dg\u00e5rd &amp; Fritid\" \/>\n<meta property=\"article:modified_time\" content=\"2026-03-12T08:44:44+00:00\" \/>\n<meta property=\"og:image\" content=\"https:\/\/i0.wp.com\/truusk.se\/wp-content\/uploads\/2025\/06\/kratztonne-50-cm-hoch-katzentonne-mit-2-hohle-kratzbaum-mit-kissen-katzenturm-aus-wasserhyazinthe-fur-katze-bis-35-kg-hellbraun-1.webp?fit=2000%2C2000&ssl=1\" \/>\n\t<meta property=\"og:image:width\" content=\"2000\" \/>\n\t<meta property=\"og:image:height\" content=\"2000\" \/>\n\t<meta property=\"og:image:type\" content=\"image\/webp\" \/>\n<meta name=\"twitter:card\" content=\"summary_large_image\" \/>\n<meta name=\"twitter:label1\" content=\"Ber\u00e4knad l\u00e4stid\" \/>\n\t<meta name=\"twitter:data1\" content=\"1 minut\" \/>\n<!-- \/ Yoast SEO plugin. -->","yoast_head_json":{"title":"TRUUSK Katttr\u00e4d med 2 H\u00e5lor - Kattm\u00f6bel med Kudde - Vattenv\u00e4xtstorn - F\u00f6r Katter Upp till 3,5 kg - Ljusbrun - TRUUSK - Hem, Tr\u00e4dg\u00e5rd &amp; Fritid","robots":{"index":"index","follow":"follow","max-snippet":"max-snippet:-1","max-image-preview":"max-image-preview:large","max-video-preview":"max-video-preview:-1"},"canonical":"https:\/\/truusk.store\/sv\/produkt\/truusk-katttrad-med-2-halor-kattmobel-med-kudde-vattenvaxtstorn-for-katter-upp-till-35-kg-ljusbrun\/","og_locale":"sv_SE","og_type":"article","og_title":"TRUUSK Katttr\u00e4d med 2 H\u00e5lor - Kattm\u00f6bel med Kudde - Vattenv\u00e4xtstorn - F\u00f6r Katter Upp till 3,5 kg - Ljusbrun - TRUUSK - Hem, Tr\u00e4dg\u00e5rd &amp; Fritid","og_description":"TRUUSK kl\u00f6strumman blir snabbt din innekatts nya favoritplats! Denna mysiga kl\u00f6strumma erbjuder med tv\u00e5 mysiga grottor idealiska tillflyktsorter f\u00f6r avkoppling...","og_url":"https:\/\/truusk.store\/sv\/produkt\/truusk-katttrad-med-2-halor-kattmobel-med-kudde-vattenvaxtstorn-for-katter-upp-till-35-kg-ljusbrun\/","og_site_name":"TRUUSK - Hem, Tr\u00e4dg\u00e5rd &amp; Fritid","article_modified_time":"2026-03-12T08:44:44+00:00","og_image":[{"width":2000,"height":2000,"url":"https:\/\/i0.wp.com\/truusk.se\/wp-content\/uploads\/2025\/06\/kratztonne-50-cm-hoch-katzentonne-mit-2-hohle-kratzbaum-mit-kissen-katzenturm-aus-wasserhyazinthe-fur-katze-bis-35-kg-hellbraun-1.webp?fit=2000%2C2000&ssl=1","type":"image\/webp"}],"twitter_card":"summary_large_image","twitter_misc":{"Ber\u00e4knad l\u00e4stid":"1 minut"},"schema":{"@context":"https:\/\/schema.org","@graph":[{"@type":"WebPage","@id":"https:\/\/truusk.store\/sv\/produkt\/truusk-katttrad-med-2-halor-kattmobel-med-kudde-vattenvaxtstorn-for-katter-upp-till-35-kg-ljusbrun\/","url":"https:\/\/truusk.store\/sv\/produkt\/truusk-katttrad-med-2-halor-kattmobel-med-kudde-vattenvaxtstorn-for-katter-upp-till-35-kg-ljusbrun\/","name":"TRUUSK Katttr\u00e4d med 2 H\u00e5lor - Kattm\u00f6bel med Kudde - Vattenv\u00e4xtstorn - F\u00f6r Katter Upp till 3,5 kg - Ljusbrun - TRUUSK - Hem, Tr\u00e4dg\u00e5rd &amp; Fritid","isPartOf":{"@id":"https:\/\/truusk.store\/sv\/#website"},"primaryImageOfPage":{"@id":"https:\/\/truusk.store\/sv\/produkt\/truusk-katttrad-med-2-halor-kattmobel-med-kudde-vattenvaxtstorn-for-katter-upp-till-35-kg-ljusbrun\/#primaryimage"},"image":{"@id":"https:\/\/truusk.store\/sv\/produkt\/truusk-katttrad-med-2-halor-kattmobel-med-kudde-vattenvaxtstorn-for-katter-upp-till-35-kg-ljusbrun\/#primaryimage"},"thumbnailUrl":"https:\/\/i0.wp.com\/truusk.store\/wp-content\/uploads\/2025\/06\/kratztonne-50-cm-hoch-katzentonne-mit-2-hohle-kratzbaum-mit-kissen-katzenturm-aus-wasserhyazinthe-fur-katze-bis-35-kg-hellbraun-1.webp?fit=2000%2C2000&ssl=1","datePublished":"2025-06-05T10:57:37+00:00","dateModified":"2026-03-12T08:44:44+00:00","breadcrumb":{"@id":"https:\/\/truusk.store\/sv\/produkt\/truusk-katttrad-med-2-halor-kattmobel-med-kudde-vattenvaxtstorn-for-katter-upp-till-35-kg-ljusbrun\/#breadcrumb"},"inLanguage":"sv-SE","potentialAction":[{"@type":"ReadAction","target":["https:\/\/truusk.store\/sv\/produkt\/truusk-katttrad-med-2-halor-kattmobel-med-kudde-vattenvaxtstorn-for-katter-upp-till-35-kg-ljusbrun\/"]}]},{"@type":"ImageObject","inLanguage":"sv-SE","@id":"https:\/\/truusk.store\/sv\/produkt\/truusk-katttrad-med-2-halor-kattmobel-med-kudde-vattenvaxtstorn-for-katter-upp-till-35-kg-ljusbrun\/#primaryimage","url":"https:\/\/i0.wp.com\/truusk.store\/wp-content\/uploads\/2025\/06\/kratztonne-50-cm-hoch-katzentonne-mit-2-hohle-kratzbaum-mit-kissen-katzenturm-aus-wasserhyazinthe-fur-katze-bis-35-kg-hellbraun-1.webp?fit=2000%2C2000&ssl=1","contentUrl":"https:\/\/i0.wp.com\/truusk.store\/wp-content\/uploads\/2025\/06\/kratztonne-50-cm-hoch-katzentonne-mit-2-hohle-kratzbaum-mit-kissen-katzenturm-aus-wasserhyazinthe-fur-katze-bis-35-kg-hellbraun-1.webp?fit=2000%2C2000&ssl=1","width":2000,"height":2000},{"@type":"BreadcrumbList","@id":"https:\/\/truusk.store\/sv\/produkt\/truusk-katttrad-med-2-halor-kattmobel-med-kudde-vattenvaxtstorn-for-katter-upp-till-35-kg-ljusbrun\/#breadcrumb","itemListElement":[{"@type":"ListItem","position":1,"name":"Home","item":"https:\/\/truusk.store\/sv\/"},{"@type":"ListItem","position":2,"name":"Shop","item":"https:\/\/truusk.store\/shop\/"},{"@type":"ListItem","position":3,"name":"TRUUSK Katttr\u00e4d med 2 H\u00e5lor &#8211; Kattm\u00f6bel med Kudde &#8211; Vattenv\u00e4xtstorn &#8211; F\u00f6r Katter Upp till 3,5 kg &#8211; Ljusbrun"}]},{"@type":"WebSite","@id":"https:\/\/truusk.store\/sv\/#website","url":"https:\/\/truusk.store\/sv\/","name":"TRUUSK - Hem, Tr\u00e4dg\u00e5rd & Fritid","description":"","publisher":{"@id":"https:\/\/truusk.store\/sv\/#organization"},"potentialAction":[{"@type":"SearchAction","target":{"@type":"EntryPoint","urlTemplate":"https:\/\/truusk.store\/sv\/?s={search_term_string}"},"query-input":{"@type":"PropertyValueSpecification","valueRequired":true,"valueName":"search_term_string"}}],"inLanguage":"sv-SE"},{"@type":"Organization","@id":"https:\/\/truusk.store\/sv\/#organization","name":"TRUUSK - Hem, Tr\u00e4dg\u00e5rd & Fritid","url":"https:\/\/truusk.store\/sv\/","logo":{"@type":"ImageObject","inLanguage":"sv-SE","@id":"https:\/\/truusk.store\/sv\/#\/schema\/logo\/image\/","url":"https:\/\/i0.wp.com\/truusk.store\/wp-content\/uploads\/2026\/03\/cropped-TRUUSK.png?fit=2032%2C917&ssl=1","contentUrl":"https:\/\/i0.wp.com\/truusk.store\/wp-content\/uploads\/2026\/03\/cropped-TRUUSK.png?fit=2032%2C917&ssl=1","width":2032,"height":917,"caption":"TRUUSK - Hem, Tr\u00e4dg\u00e5rd & Fritid"},"image":{"@id":"https:\/\/truusk.store\/sv\/#\/schema\/logo\/image\/"}}]}},"jetpack_sharing_enabled":true,"_links":{"self":[{"href":"https:\/\/truusk.store\/sv\/wp-json\/wp\/v2\/product\/65961","targetHints":{"allow":["GET"]}}],"collection":[{"href":"https:\/\/truusk.store\/sv\/wp-json\/wp\/v2\/product"}],"about":[{"href":"https:\/\/truusk.store\/sv\/wp-json\/wp\/v2\/types\/product"}],"wp:featuredmedia":[{"embeddable":true,"href":"https:\/\/truusk.store\/sv\/wp-json\/wp\/v2\/media\/65944"}],"wp:attachment":[{"href":"https:\/\/truusk.store\/sv\/wp-json\/wp\/v2\/media?parent=65961"}],"wp:term":[{"taxonomy":"product_brand","embeddable":true,"href":"https:\/\/truusk.store\/sv\/wp-json\/wp\/v2\/product_brand?post=65961"},{"taxonomy":"product_cat","embeddable":true,"href":"https:\/\/truusk.store\/sv\/wp-json\/wp\/v2\/product_cat?post=65961"},{"taxonomy":"product_tag","embeddable":true,"href":"https:\/\/truusk.store\/sv\/wp-json\/wp\/v2\/product_tag?post=65961"}],"curies":[{"name":"wp","href":"https:\/\/api.w.org\/{rel}","templated":true}]}}