{"id":65983,"date":"2025-06-05T11:59:48","date_gmt":"2025-06-05T10:59:48","guid":{"rendered":"https:\/\/truusk.store\/product\/redskapshus-242-m%c2%b2-tradgardshus-med-ventilationsfonster-skjutdorr-grund-213-x-130-x-159-172-cm-redskapsbod-av-galvaniserat-stal-vaderbestandig-for-tradgard-gron\/"},"modified":"2026-03-12T09:01:12","modified_gmt":"2026-03-12T08:01:12","slug":"truusk-redskapshus-242-m%c2%b2-tradgardshus-med-ventilationsfonster-skjutdorr-grund-inkluderad-213-x-130-x-159-172-cm","status":"publish","type":"product","link":"https:\/\/truusk.store\/sv\/produkt\/truusk-redskapshus-242-m%c2%b2-tradgardshus-med-ventilationsfonster-skjutdorr-grund-inkluderad-213-x-130-x-159-172-cm\/","title":{"rendered":"TRUUSK Redskapshus 2,42 m\u00b2 &#8211; Tr\u00e4dg\u00e5rdshus med Ventilationsf\u00f6nster &#8211; Skjutd\u00f6rr &#8211; Grund inkluderad &#8211; 213 x 130 x 159\/172 cm &#8211;"},"content":{"rendered":"<p>Tillverkad av h\u00f6gkvalitativt, rostfritt st\u00e5l garanterar denna redskapsskjul fr\u00e5n TRUUSK h\u00e5llbarhet och skydd f\u00f6r dina tr\u00e4dg\u00e5rdsredskap. Det lutande metalltaket p\u00e5 tr\u00e4dg\u00e5rdshuset f\u00f6rhindrar vattenansamlingar, medan dubbeld\u00f6rren m\u00f6jligg\u00f6r enkel tillg\u00e5ng. Tv\u00e5 ventilationsf\u00f6nster i tr\u00e4dg\u00e5rdshuset s\u00e4kerst\u00e4ller ett torrt, m\u00f6gelfritt inomhusklimat. Ge ditt utomhusomr\u00e5de ordning och elegans &#8211; med detta praktiska skjul blir din tr\u00e4dg\u00e5rd en blickf\u00e5ngare!<\/p>\n<p>Beskrivning:<\/p>\n<ul>\n<li> Redskapsskjul med golvram (utan grund)<\/li>\n<li> Robust konstruktion av det lilla tr\u00e4dg\u00e5rdsskjulet f\u00f6r h\u00e5llbarhet utomhus<\/li>\n<li> Snedtak f\u00f6r att f\u00f6rhindra vattenansamlingar<\/li>\n<li> Skjutd\u00f6rrar p\u00e5 tr\u00e4dg\u00e5rdsredskapshuset f\u00f6r enkel tillg\u00e5ng. L\u00e5sbar, l\u00e5s ing\u00e5r inte<\/li>\n<li> Ventilationsluckor h\u00e5ller inredningen i lagringsskjulet fr\u00e4sch och ventilerad<\/li>\n<li> Montering kr\u00e4vs<\/li>\n<\/ul>\n<p> Tekniska data:<\/p>\n<ul>\n<li> F\u00e4rg: Gr\u00f6n<\/li>\n<li> Material: Galvaniserat st\u00e5l<\/li>\n<li> Totala dimensioner: 213L x 130B x 159\/172H cm<\/li>\n<li> Inre m\u00e5tt: 200L x 105B cm<\/li>\n<li> D\u00f6rrstorlek: 96L x 152H cm<\/li>\n<li> F\u00f6nsterstorlek: 22L x 10B cm<\/li>\n<li> Storlek p\u00e5 golvram: 199L x 52B cm<\/li>\n<li> Obs: 1, Tv\u00e5 personer kr\u00e4vs f\u00f6r montering, ungef\u00e4r tre timmar.2, Anv\u00e4nd alltid handskar. Bygg inte i bl\u00e5sigt v\u00e4der<\/li>\n<\/ul>\n<p>Leveransinneh\u00e5ll:<\/p>\n<ul>\n<li> 1 x tr\u00e4dg\u00e5rdsskjul<\/li>\n<li> 1 x installationsmanual<\/li>\n<\/ul>\n","protected":false},"excerpt":{"rendered":"<p>Tillverkad av h\u00f6gkvalitativt, rostfritt st\u00e5l garanterar denna redskapsskjul fr\u00e5n TRUUSK h\u00e5llbarhet och skydd f\u00f6r dina tr\u00e4dg\u00e5rdsredskap. Det lutande metalltaket p\u00e5&#8230;<\/p>\n","protected":false},"featured_media":65974,"template":"","meta":[],"product_brand":[],"product_cat":[901,1013,858],"product_tag":[],"class_list":{"0":"post-65983","1":"product","2":"type-product","3":"status-publish","4":"has-post-thumbnail","6":"product_cat-ordning-i-tradgarden","7":"product_cat-redskapsskjul-och-verktygshus","8":"product_cat-tradgard-terrass","10":"first","11":"instock","12":"sale","13":"taxable","14":"shipping-taxable","15":"purchasable","16":"product-type-simple"},"yoast_head":"<!-- This site is optimized with the Yoast SEO plugin v25.4 - https:\/\/yoast.com\/wordpress\/plugins\/seo\/ -->\n<title>TRUUSK Redskapshus 2,42 m\u00b2 - Tr\u00e4dg\u00e5rdshus med Ventilationsf\u00f6nster - Skjutd\u00f6rr - Grund inkluderad - 213 x 130 x 159\/172 cm - TRUUSK - Hem, Tr\u00e4dg\u00e5rd &amp; Fritid<\/title>\n<meta name=\"robots\" content=\"index, follow, max-snippet:-1, max-image-preview:large, max-video-preview:-1\" \/>\n<link rel=\"canonical\" href=\"https:\/\/truusk.store\/sv\/produkt\/truusk-redskapshus-242-m%c2%b2-tradgardshus-med-ventilationsfonster-skjutdorr-grund-inkluderad-213-x-130-x-159-172-cm\/\" \/>\n<meta property=\"og:locale\" content=\"sv_SE\" \/>\n<meta property=\"og:type\" content=\"article\" \/>\n<meta property=\"og:title\" content=\"TRUUSK Redskapshus 2,42 m\u00b2 - Tr\u00e4dg\u00e5rdshus med Ventilationsf\u00f6nster - Skjutd\u00f6rr - Grund inkluderad - 213 x 130 x 159\/172 cm - TRUUSK - Hem, Tr\u00e4dg\u00e5rd &amp; Fritid\" \/>\n<meta property=\"og:description\" content=\"Tillverkad av h\u00f6gkvalitativt, rostfritt st\u00e5l garanterar denna redskapsskjul fr\u00e5n TRUUSK h\u00e5llbarhet och skydd f\u00f6r dina tr\u00e4dg\u00e5rdsredskap. Det lutande metalltaket p\u00e5...\" \/>\n<meta property=\"og:url\" content=\"https:\/\/truusk.store\/sv\/produkt\/truusk-redskapshus-242-m%c2%b2-tradgardshus-med-ventilationsfonster-skjutdorr-grund-inkluderad-213-x-130-x-159-172-cm\/\" \/>\n<meta property=\"og:site_name\" content=\"TRUUSK - Hem, Tr\u00e4dg\u00e5rd &amp; Fritid\" \/>\n<meta property=\"article:modified_time\" content=\"2026-03-12T08:01:12+00:00\" \/>\n<meta property=\"og:image\" content=\"https:\/\/i0.wp.com\/truusk.se\/wp-content\/uploads\/2025\/06\/redskapshus-242-mc2b2-tradgardshus-med-ventilationsfonster-skjutdorr-grund-213-x-130-x-159-172-cm-redskapsbod-av-galvaniserat-stal-vaderbestandig-for-tradgard-gron-1.webp?fit=2000%2C2000&ssl=1\" \/>\n\t<meta property=\"og:image:width\" content=\"2000\" \/>\n\t<meta property=\"og:image:height\" content=\"2000\" \/>\n\t<meta property=\"og:image:type\" content=\"image\/webp\" \/>\n<meta name=\"twitter:card\" content=\"summary_large_image\" \/>\n<meta name=\"twitter:label1\" content=\"Ber\u00e4knad l\u00e4stid\" \/>\n\t<meta name=\"twitter:data1\" content=\"1 minut\" \/>\n<!-- \/ Yoast SEO plugin. -->","yoast_head_json":{"title":"TRUUSK Redskapshus 2,42 m\u00b2 - Tr\u00e4dg\u00e5rdshus med Ventilationsf\u00f6nster - Skjutd\u00f6rr - Grund inkluderad - 213 x 130 x 159\/172 cm - TRUUSK - Hem, Tr\u00e4dg\u00e5rd &amp; Fritid","robots":{"index":"index","follow":"follow","max-snippet":"max-snippet:-1","max-image-preview":"max-image-preview:large","max-video-preview":"max-video-preview:-1"},"canonical":"https:\/\/truusk.store\/sv\/produkt\/truusk-redskapshus-242-m%c2%b2-tradgardshus-med-ventilationsfonster-skjutdorr-grund-inkluderad-213-x-130-x-159-172-cm\/","og_locale":"sv_SE","og_type":"article","og_title":"TRUUSK Redskapshus 2,42 m\u00b2 - Tr\u00e4dg\u00e5rdshus med Ventilationsf\u00f6nster - Skjutd\u00f6rr - Grund inkluderad - 213 x 130 x 159\/172 cm - TRUUSK - Hem, Tr\u00e4dg\u00e5rd &amp; Fritid","og_description":"Tillverkad av h\u00f6gkvalitativt, rostfritt st\u00e5l garanterar denna redskapsskjul fr\u00e5n TRUUSK h\u00e5llbarhet och skydd f\u00f6r dina tr\u00e4dg\u00e5rdsredskap. Det lutande metalltaket p\u00e5...","og_url":"https:\/\/truusk.store\/sv\/produkt\/truusk-redskapshus-242-m%c2%b2-tradgardshus-med-ventilationsfonster-skjutdorr-grund-inkluderad-213-x-130-x-159-172-cm\/","og_site_name":"TRUUSK - Hem, Tr\u00e4dg\u00e5rd &amp; Fritid","article_modified_time":"2026-03-12T08:01:12+00:00","og_image":[{"width":2000,"height":2000,"url":"https:\/\/i0.wp.com\/truusk.se\/wp-content\/uploads\/2025\/06\/redskapshus-242-mc2b2-tradgardshus-med-ventilationsfonster-skjutdorr-grund-213-x-130-x-159-172-cm-redskapsbod-av-galvaniserat-stal-vaderbestandig-for-tradgard-gron-1.webp?fit=2000%2C2000&ssl=1","type":"image\/webp"}],"twitter_card":"summary_large_image","twitter_misc":{"Ber\u00e4knad l\u00e4stid":"1 minut"},"schema":{"@context":"https:\/\/schema.org","@graph":[{"@type":"WebPage","@id":"https:\/\/truusk.store\/sv\/produkt\/truusk-redskapshus-242-m%c2%b2-tradgardshus-med-ventilationsfonster-skjutdorr-grund-inkluderad-213-x-130-x-159-172-cm\/","url":"https:\/\/truusk.store\/sv\/produkt\/truusk-redskapshus-242-m%c2%b2-tradgardshus-med-ventilationsfonster-skjutdorr-grund-inkluderad-213-x-130-x-159-172-cm\/","name":"TRUUSK Redskapshus 2,42 m\u00b2 - Tr\u00e4dg\u00e5rdshus med Ventilationsf\u00f6nster - Skjutd\u00f6rr - Grund inkluderad - 213 x 130 x 159\/172 cm - TRUUSK - Hem, Tr\u00e4dg\u00e5rd &amp; Fritid","isPartOf":{"@id":"https:\/\/truusk.store\/sv\/#website"},"primaryImageOfPage":{"@id":"https:\/\/truusk.store\/sv\/produkt\/truusk-redskapshus-242-m%c2%b2-tradgardshus-med-ventilationsfonster-skjutdorr-grund-inkluderad-213-x-130-x-159-172-cm\/#primaryimage"},"image":{"@id":"https:\/\/truusk.store\/sv\/produkt\/truusk-redskapshus-242-m%c2%b2-tradgardshus-med-ventilationsfonster-skjutdorr-grund-inkluderad-213-x-130-x-159-172-cm\/#primaryimage"},"thumbnailUrl":"https:\/\/i0.wp.com\/truusk.store\/wp-content\/uploads\/2025\/06\/redskapshus-242-mc2b2-tradgardshus-med-ventilationsfonster-skjutdorr-grund-213-x-130-x-159-172-cm-redskapsbod-av-galvaniserat-stal-vaderbestandig-for-tradgard-gron-1.webp?fit=2000%2C2000&ssl=1","datePublished":"2025-06-05T10:59:48+00:00","dateModified":"2026-03-12T08:01:12+00:00","breadcrumb":{"@id":"https:\/\/truusk.store\/sv\/produkt\/truusk-redskapshus-242-m%c2%b2-tradgardshus-med-ventilationsfonster-skjutdorr-grund-inkluderad-213-x-130-x-159-172-cm\/#breadcrumb"},"inLanguage":"sv-SE","potentialAction":[{"@type":"ReadAction","target":["https:\/\/truusk.store\/sv\/produkt\/truusk-redskapshus-242-m%c2%b2-tradgardshus-med-ventilationsfonster-skjutdorr-grund-inkluderad-213-x-130-x-159-172-cm\/"]}]},{"@type":"ImageObject","inLanguage":"sv-SE","@id":"https:\/\/truusk.store\/sv\/produkt\/truusk-redskapshus-242-m%c2%b2-tradgardshus-med-ventilationsfonster-skjutdorr-grund-inkluderad-213-x-130-x-159-172-cm\/#primaryimage","url":"https:\/\/i0.wp.com\/truusk.store\/wp-content\/uploads\/2025\/06\/redskapshus-242-mc2b2-tradgardshus-med-ventilationsfonster-skjutdorr-grund-213-x-130-x-159-172-cm-redskapsbod-av-galvaniserat-stal-vaderbestandig-for-tradgard-gron-1.webp?fit=2000%2C2000&ssl=1","contentUrl":"https:\/\/i0.wp.com\/truusk.store\/wp-content\/uploads\/2025\/06\/redskapshus-242-mc2b2-tradgardshus-med-ventilationsfonster-skjutdorr-grund-213-x-130-x-159-172-cm-redskapsbod-av-galvaniserat-stal-vaderbestandig-for-tradgard-gron-1.webp?fit=2000%2C2000&ssl=1","width":2000,"height":2000},{"@type":"BreadcrumbList","@id":"https:\/\/truusk.store\/sv\/produkt\/truusk-redskapshus-242-m%c2%b2-tradgardshus-med-ventilationsfonster-skjutdorr-grund-inkluderad-213-x-130-x-159-172-cm\/#breadcrumb","itemListElement":[{"@type":"ListItem","position":1,"name":"Home","item":"https:\/\/truusk.store\/sv\/"},{"@type":"ListItem","position":2,"name":"Shop","item":"https:\/\/truusk.store\/shop\/"},{"@type":"ListItem","position":3,"name":"TRUUSK Redskapshus 2,42 m\u00b2 &#8211; Tr\u00e4dg\u00e5rdshus med Ventilationsf\u00f6nster &#8211; Skjutd\u00f6rr &#8211; Grund inkluderad &#8211; 213 x 130 x 159\/172 cm &#8211;"}]},{"@type":"WebSite","@id":"https:\/\/truusk.store\/sv\/#website","url":"https:\/\/truusk.store\/sv\/","name":"TRUUSK - Hem, Tr\u00e4dg\u00e5rd & Fritid","description":"","publisher":{"@id":"https:\/\/truusk.store\/sv\/#organization"},"potentialAction":[{"@type":"SearchAction","target":{"@type":"EntryPoint","urlTemplate":"https:\/\/truusk.store\/sv\/?s={search_term_string}"},"query-input":{"@type":"PropertyValueSpecification","valueRequired":true,"valueName":"search_term_string"}}],"inLanguage":"sv-SE"},{"@type":"Organization","@id":"https:\/\/truusk.store\/sv\/#organization","name":"TRUUSK - Hem, Tr\u00e4dg\u00e5rd & Fritid","url":"https:\/\/truusk.store\/sv\/","logo":{"@type":"ImageObject","inLanguage":"sv-SE","@id":"https:\/\/truusk.store\/sv\/#\/schema\/logo\/image\/","url":"https:\/\/i0.wp.com\/truusk.store\/wp-content\/uploads\/2026\/03\/cropped-TRUUSK.png?fit=2032%2C917&ssl=1","contentUrl":"https:\/\/i0.wp.com\/truusk.store\/wp-content\/uploads\/2026\/03\/cropped-TRUUSK.png?fit=2032%2C917&ssl=1","width":2032,"height":917,"caption":"TRUUSK - Hem, Tr\u00e4dg\u00e5rd & Fritid"},"image":{"@id":"https:\/\/truusk.store\/sv\/#\/schema\/logo\/image\/"}}]}},"jetpack_sharing_enabled":true,"_links":{"self":[{"href":"https:\/\/truusk.store\/sv\/wp-json\/wp\/v2\/product\/65983","targetHints":{"allow":["GET"]}}],"collection":[{"href":"https:\/\/truusk.store\/sv\/wp-json\/wp\/v2\/product"}],"about":[{"href":"https:\/\/truusk.store\/sv\/wp-json\/wp\/v2\/types\/product"}],"wp:featuredmedia":[{"embeddable":true,"href":"https:\/\/truusk.store\/sv\/wp-json\/wp\/v2\/media\/65974"}],"wp:attachment":[{"href":"https:\/\/truusk.store\/sv\/wp-json\/wp\/v2\/media?parent=65983"}],"wp:term":[{"taxonomy":"product_brand","embeddable":true,"href":"https:\/\/truusk.store\/sv\/wp-json\/wp\/v2\/product_brand?post=65983"},{"taxonomy":"product_cat","embeddable":true,"href":"https:\/\/truusk.store\/sv\/wp-json\/wp\/v2\/product_cat?post=65983"},{"taxonomy":"product_tag","embeddable":true,"href":"https:\/\/truusk.store\/sv\/wp-json\/wp\/v2\/product_tag?post=65983"}],"curies":[{"name":"wp","href":"https:\/\/api.w.org\/{rel}","templated":true}]}}