{"id":66013,"date":"2025-06-05T12:02:46","date_gmt":"2025-06-05T11:02:46","guid":{"rendered":"https:\/\/truusk.store\/product\/sportnow-236-cm-hopfallbar-balansbalk-barbar-gymnastikbalk-halkfri-balansbalk-gymnastik-och-balansbalk-upp-till-80-kg-for-barn-fran-3-ar-inomhus-utomhus-ljusrod\/"},"modified":"2026-03-12T09:45:21","modified_gmt":"2026-03-12T08:45:21","slug":"truusk-236-cm-hopfallbar-balansbalk-barbar-och-halkfri-upp-till-80-kg-for-barn-fran-3-ar-inomhus-utomhus-ljusrod","status":"publish","type":"product","link":"https:\/\/truusk.store\/sv\/produkt\/truusk-236-cm-hopfallbar-balansbalk-barbar-och-halkfri-upp-till-80-kg-for-barn-fran-3-ar-inomhus-utomhus-ljusrod\/","title":{"rendered":"TRUUSK 236 cm Hopf\u00e4llbar Balansbalk &#8211; B\u00e4rbar och Halkfri &#8211; Upp Till 80 kg &#8211; F\u00f6r Barn Fr\u00e5n 3 \u00e5r &#8211; Inomhus &amp; Utomhus &#8211; Ljusr\u00f6d"},"content":{"rendered":"<p>Uppt\u00e4ck SPORTNOW balansbalk f\u00f6r hemmet &#8211; den idealiska tr\u00e4ningsutrustningen f\u00f6r alla niv\u00e5er! Med en h\u00f6gkvalitativ EVA-skumk\u00e4rna och en elegant yta erbjuder denna l\u00e4tta men stabila balansbalk optimal komfort. Den 10 cm breda t\u00e4vlingsytan g\u00f6r det m\u00f6jligt f\u00f6r dig att enkelt perfektionera \u00f6vningar som handst\u00e5ende, hjulningar och hopp &#8211; allt bekv\u00e4mt hemma eller i gymnastiksalen. Den halkfria botten ger extra stabilitet, s\u00e5 att varje rutin blir ett n\u00f6je.<\/p>\n<p>Beskrivning:<\/p>\n<ul>\n<li> F\u00e4lls ihop f\u00f6r enkel, kompakt f\u00f6rvaring i mitten<\/li>\n<li> 100 % EVA skumk\u00e4rna i balansbalken f\u00f6r en l\u00e4tt, bekv\u00e4m upplevelse<\/li>\n<li> 10 cm t\u00e4vlingsbredd, balansbalkens yta fr\u00e4mjar exakt tr\u00e4ning<\/li>\n<li> Halkfri botten med 15 cm bredd ger \u00f6kad stabilitet<\/li>\n<li> Kardborreband riktar hela balken n\u00e4r den anv\u00e4nds<\/li>\n<li> Ingen montering kr\u00e4vs<\/li>\n<\/ul>\n<p> Tekniska data:<\/p>\n<ul>\n<li> F\u00e4rg: Ljusr\u00f6d<\/li>\n<li> Material: EVA, plast, Oxford-polyester<\/li>\n<li> Totala dimensioner: 236L x 10\/15B x 6,5H cm<\/li>\n<li> Hopf\u00e4llbara m\u00e5tt: 120L x 15B x 13H cm<\/li>\n<li> Godk\u00e4nd\/Rekommenderad \u00e5lder: 3+ \u00e5r<\/li>\n<li> B\u00e4rkapacitet: 80 kg<\/li>\n<\/ul>\n<p>Leveransinneh\u00e5ll:<\/p>\n<ul>\n<li> 1 x balansbalk<\/li>\n<li> 1 x handbok<\/li>\n<\/ul>\n","protected":false},"excerpt":{"rendered":"<p>Uppt\u00e4ck SPORTNOW balansbalk f\u00f6r hemmet &#8211; den idealiska tr\u00e4ningsutrustningen f\u00f6r alla niv\u00e5er! Med en h\u00f6gkvalitativ EVA-skumk\u00e4rna och en elegant yta&#8230;<\/p>\n","protected":false},"featured_media":66004,"template":"","meta":[],"product_brand":[],"product_cat":[873,647],"product_tag":[],"class_list":{"0":"post-66013","1":"product","2":"type-product","3":"status-publish","4":"has-post-thumbnail","6":"product_cat-fitness-styrketraning","7":"product_cat-sport-fritid","9":"first","10":"instock","11":"sale","12":"taxable","13":"shipping-taxable","14":"purchasable","15":"product-type-simple"},"yoast_head":"<!-- This site is optimized with the Yoast SEO plugin v25.4 - https:\/\/yoast.com\/wordpress\/plugins\/seo\/ -->\n<title>TRUUSK 236 cm Hopf\u00e4llbar Balansbalk - B\u00e4rbar och Halkfri - Upp Till 80 kg - F\u00f6r Barn Fr\u00e5n 3 \u00e5r - Inomhus &amp; Utomhus - Ljusr\u00f6d - TRUUSK - Hem, Tr\u00e4dg\u00e5rd &amp; Fritid<\/title>\n<meta name=\"robots\" content=\"index, follow, max-snippet:-1, max-image-preview:large, max-video-preview:-1\" \/>\n<link rel=\"canonical\" href=\"https:\/\/truusk.store\/sv\/produkt\/truusk-236-cm-hopfallbar-balansbalk-barbar-och-halkfri-upp-till-80-kg-for-barn-fran-3-ar-inomhus-utomhus-ljusrod\/\" \/>\n<meta property=\"og:locale\" content=\"sv_SE\" \/>\n<meta property=\"og:type\" content=\"article\" \/>\n<meta property=\"og:title\" content=\"TRUUSK 236 cm Hopf\u00e4llbar Balansbalk - B\u00e4rbar och Halkfri - Upp Till 80 kg - F\u00f6r Barn Fr\u00e5n 3 \u00e5r - Inomhus &amp; Utomhus - Ljusr\u00f6d - TRUUSK - Hem, Tr\u00e4dg\u00e5rd &amp; Fritid\" \/>\n<meta property=\"og:description\" content=\"Uppt\u00e4ck SPORTNOW balansbalk f\u00f6r hemmet &#8211; den idealiska tr\u00e4ningsutrustningen f\u00f6r alla niv\u00e5er! Med en h\u00f6gkvalitativ EVA-skumk\u00e4rna och en elegant yta...\" \/>\n<meta property=\"og:url\" content=\"https:\/\/truusk.store\/sv\/produkt\/truusk-236-cm-hopfallbar-balansbalk-barbar-och-halkfri-upp-till-80-kg-for-barn-fran-3-ar-inomhus-utomhus-ljusrod\/\" \/>\n<meta property=\"og:site_name\" content=\"TRUUSK - Hem, Tr\u00e4dg\u00e5rd &amp; Fritid\" \/>\n<meta property=\"article:modified_time\" content=\"2026-03-12T08:45:21+00:00\" \/>\n<meta property=\"og:image\" content=\"https:\/\/i0.wp.com\/truusk.se\/wp-content\/uploads\/2025\/06\/sportnow-236-cm-hopfallbar-balansbalk-barbar-gymnastikbalk-halkfri-balansbalk-gymnastik-och-balansbalk-upp-till-80-kg-for-barn-fran-3-ar-inomhus-utomhus-ljusrod-1.webp?fit=2000%2C2000&ssl=1\" \/>\n\t<meta property=\"og:image:width\" content=\"2000\" \/>\n\t<meta property=\"og:image:height\" content=\"2000\" \/>\n\t<meta property=\"og:image:type\" content=\"image\/webp\" \/>\n<meta name=\"twitter:card\" content=\"summary_large_image\" \/>\n<meta name=\"twitter:label1\" content=\"Ber\u00e4knad l\u00e4stid\" \/>\n\t<meta name=\"twitter:data1\" content=\"1 minut\" \/>\n<!-- \/ Yoast SEO plugin. -->","yoast_head_json":{"title":"TRUUSK 236 cm Hopf\u00e4llbar Balansbalk - B\u00e4rbar och Halkfri - Upp Till 80 kg - F\u00f6r Barn Fr\u00e5n 3 \u00e5r - Inomhus &amp; Utomhus - Ljusr\u00f6d - TRUUSK - Hem, Tr\u00e4dg\u00e5rd &amp; Fritid","robots":{"index":"index","follow":"follow","max-snippet":"max-snippet:-1","max-image-preview":"max-image-preview:large","max-video-preview":"max-video-preview:-1"},"canonical":"https:\/\/truusk.store\/sv\/produkt\/truusk-236-cm-hopfallbar-balansbalk-barbar-och-halkfri-upp-till-80-kg-for-barn-fran-3-ar-inomhus-utomhus-ljusrod\/","og_locale":"sv_SE","og_type":"article","og_title":"TRUUSK 236 cm Hopf\u00e4llbar Balansbalk - B\u00e4rbar och Halkfri - Upp Till 80 kg - F\u00f6r Barn Fr\u00e5n 3 \u00e5r - Inomhus &amp; Utomhus - Ljusr\u00f6d - TRUUSK - Hem, Tr\u00e4dg\u00e5rd &amp; Fritid","og_description":"Uppt\u00e4ck SPORTNOW balansbalk f\u00f6r hemmet &#8211; den idealiska tr\u00e4ningsutrustningen f\u00f6r alla niv\u00e5er! Med en h\u00f6gkvalitativ EVA-skumk\u00e4rna och en elegant yta...","og_url":"https:\/\/truusk.store\/sv\/produkt\/truusk-236-cm-hopfallbar-balansbalk-barbar-och-halkfri-upp-till-80-kg-for-barn-fran-3-ar-inomhus-utomhus-ljusrod\/","og_site_name":"TRUUSK - Hem, Tr\u00e4dg\u00e5rd &amp; Fritid","article_modified_time":"2026-03-12T08:45:21+00:00","og_image":[{"width":2000,"height":2000,"url":"https:\/\/i0.wp.com\/truusk.se\/wp-content\/uploads\/2025\/06\/sportnow-236-cm-hopfallbar-balansbalk-barbar-gymnastikbalk-halkfri-balansbalk-gymnastik-och-balansbalk-upp-till-80-kg-for-barn-fran-3-ar-inomhus-utomhus-ljusrod-1.webp?fit=2000%2C2000&ssl=1","type":"image\/webp"}],"twitter_card":"summary_large_image","twitter_misc":{"Ber\u00e4knad l\u00e4stid":"1 minut"},"schema":{"@context":"https:\/\/schema.org","@graph":[{"@type":"WebPage","@id":"https:\/\/truusk.store\/sv\/produkt\/truusk-236-cm-hopfallbar-balansbalk-barbar-och-halkfri-upp-till-80-kg-for-barn-fran-3-ar-inomhus-utomhus-ljusrod\/","url":"https:\/\/truusk.store\/sv\/produkt\/truusk-236-cm-hopfallbar-balansbalk-barbar-och-halkfri-upp-till-80-kg-for-barn-fran-3-ar-inomhus-utomhus-ljusrod\/","name":"TRUUSK 236 cm Hopf\u00e4llbar Balansbalk - B\u00e4rbar och Halkfri - Upp Till 80 kg - F\u00f6r Barn Fr\u00e5n 3 \u00e5r - Inomhus &amp; Utomhus - Ljusr\u00f6d - TRUUSK - Hem, Tr\u00e4dg\u00e5rd &amp; Fritid","isPartOf":{"@id":"https:\/\/truusk.store\/sv\/#website"},"primaryImageOfPage":{"@id":"https:\/\/truusk.store\/sv\/produkt\/truusk-236-cm-hopfallbar-balansbalk-barbar-och-halkfri-upp-till-80-kg-for-barn-fran-3-ar-inomhus-utomhus-ljusrod\/#primaryimage"},"image":{"@id":"https:\/\/truusk.store\/sv\/produkt\/truusk-236-cm-hopfallbar-balansbalk-barbar-och-halkfri-upp-till-80-kg-for-barn-fran-3-ar-inomhus-utomhus-ljusrod\/#primaryimage"},"thumbnailUrl":"https:\/\/i0.wp.com\/truusk.store\/wp-content\/uploads\/2025\/06\/sportnow-236-cm-hopfallbar-balansbalk-barbar-gymnastikbalk-halkfri-balansbalk-gymnastik-och-balansbalk-upp-till-80-kg-for-barn-fran-3-ar-inomhus-utomhus-ljusrod-1.webp?fit=2000%2C2000&ssl=1","datePublished":"2025-06-05T11:02:46+00:00","dateModified":"2026-03-12T08:45:21+00:00","breadcrumb":{"@id":"https:\/\/truusk.store\/sv\/produkt\/truusk-236-cm-hopfallbar-balansbalk-barbar-och-halkfri-upp-till-80-kg-for-barn-fran-3-ar-inomhus-utomhus-ljusrod\/#breadcrumb"},"inLanguage":"sv-SE","potentialAction":[{"@type":"ReadAction","target":["https:\/\/truusk.store\/sv\/produkt\/truusk-236-cm-hopfallbar-balansbalk-barbar-och-halkfri-upp-till-80-kg-for-barn-fran-3-ar-inomhus-utomhus-ljusrod\/"]}]},{"@type":"ImageObject","inLanguage":"sv-SE","@id":"https:\/\/truusk.store\/sv\/produkt\/truusk-236-cm-hopfallbar-balansbalk-barbar-och-halkfri-upp-till-80-kg-for-barn-fran-3-ar-inomhus-utomhus-ljusrod\/#primaryimage","url":"https:\/\/i0.wp.com\/truusk.store\/wp-content\/uploads\/2025\/06\/sportnow-236-cm-hopfallbar-balansbalk-barbar-gymnastikbalk-halkfri-balansbalk-gymnastik-och-balansbalk-upp-till-80-kg-for-barn-fran-3-ar-inomhus-utomhus-ljusrod-1.webp?fit=2000%2C2000&ssl=1","contentUrl":"https:\/\/i0.wp.com\/truusk.store\/wp-content\/uploads\/2025\/06\/sportnow-236-cm-hopfallbar-balansbalk-barbar-gymnastikbalk-halkfri-balansbalk-gymnastik-och-balansbalk-upp-till-80-kg-for-barn-fran-3-ar-inomhus-utomhus-ljusrod-1.webp?fit=2000%2C2000&ssl=1","width":2000,"height":2000},{"@type":"BreadcrumbList","@id":"https:\/\/truusk.store\/sv\/produkt\/truusk-236-cm-hopfallbar-balansbalk-barbar-och-halkfri-upp-till-80-kg-for-barn-fran-3-ar-inomhus-utomhus-ljusrod\/#breadcrumb","itemListElement":[{"@type":"ListItem","position":1,"name":"Home","item":"https:\/\/truusk.store\/sv\/"},{"@type":"ListItem","position":2,"name":"Shop","item":"https:\/\/truusk.store\/shop\/"},{"@type":"ListItem","position":3,"name":"TRUUSK 236 cm Hopf\u00e4llbar Balansbalk &#8211; B\u00e4rbar och Halkfri &#8211; Upp Till 80 kg &#8211; F\u00f6r Barn Fr\u00e5n 3 \u00e5r &#8211; Inomhus &amp; Utomhus &#8211; Ljusr\u00f6d"}]},{"@type":"WebSite","@id":"https:\/\/truusk.store\/sv\/#website","url":"https:\/\/truusk.store\/sv\/","name":"TRUUSK - Hem, Tr\u00e4dg\u00e5rd & Fritid","description":"","publisher":{"@id":"https:\/\/truusk.store\/sv\/#organization"},"potentialAction":[{"@type":"SearchAction","target":{"@type":"EntryPoint","urlTemplate":"https:\/\/truusk.store\/sv\/?s={search_term_string}"},"query-input":{"@type":"PropertyValueSpecification","valueRequired":true,"valueName":"search_term_string"}}],"inLanguage":"sv-SE"},{"@type":"Organization","@id":"https:\/\/truusk.store\/sv\/#organization","name":"TRUUSK - Hem, Tr\u00e4dg\u00e5rd & Fritid","url":"https:\/\/truusk.store\/sv\/","logo":{"@type":"ImageObject","inLanguage":"sv-SE","@id":"https:\/\/truusk.store\/sv\/#\/schema\/logo\/image\/","url":"https:\/\/i0.wp.com\/truusk.store\/wp-content\/uploads\/2026\/03\/cropped-TRUUSK.png?fit=2032%2C917&ssl=1","contentUrl":"https:\/\/i0.wp.com\/truusk.store\/wp-content\/uploads\/2026\/03\/cropped-TRUUSK.png?fit=2032%2C917&ssl=1","width":2032,"height":917,"caption":"TRUUSK - Hem, Tr\u00e4dg\u00e5rd & Fritid"},"image":{"@id":"https:\/\/truusk.store\/sv\/#\/schema\/logo\/image\/"}}]}},"jetpack_sharing_enabled":true,"_links":{"self":[{"href":"https:\/\/truusk.store\/sv\/wp-json\/wp\/v2\/product\/66013","targetHints":{"allow":["GET"]}}],"collection":[{"href":"https:\/\/truusk.store\/sv\/wp-json\/wp\/v2\/product"}],"about":[{"href":"https:\/\/truusk.store\/sv\/wp-json\/wp\/v2\/types\/product"}],"wp:featuredmedia":[{"embeddable":true,"href":"https:\/\/truusk.store\/sv\/wp-json\/wp\/v2\/media\/66004"}],"wp:attachment":[{"href":"https:\/\/truusk.store\/sv\/wp-json\/wp\/v2\/media?parent=66013"}],"wp:term":[{"taxonomy":"product_brand","embeddable":true,"href":"https:\/\/truusk.store\/sv\/wp-json\/wp\/v2\/product_brand?post=66013"},{"taxonomy":"product_cat","embeddable":true,"href":"https:\/\/truusk.store\/sv\/wp-json\/wp\/v2\/product_cat?post=66013"},{"taxonomy":"product_tag","embeddable":true,"href":"https:\/\/truusk.store\/sv\/wp-json\/wp\/v2\/product_tag?post=66013"}],"curies":[{"name":"wp","href":"https:\/\/api.w.org\/{rel}","templated":true}]}}