{"id":6606,"date":"2024-02-13T08:30:46","date_gmt":"2024-02-13T07:30:46","guid":{"rendered":"https:\/\/truusk.store\/product\/gungstol-tradgardsstol-gungstol-antik-tradgard-metall-brons-b60-x-d73-x-h85cm\/"},"modified":"2026-03-12T08:55:20","modified_gmt":"2026-03-12T07:55:20","slug":"truusk-gungstol-antik-tradgard-metall-brons-b60-x-d73-x-h85cm-sitt-bekvamt-och-njut-av-tradgarden","status":"publish","type":"product","link":"https:\/\/truusk.store\/sv\/produkt\/truusk-gungstol-antik-tradgard-metall-brons-b60-x-d73-x-h85cm-sitt-bekvamt-och-njut-av-tradgarden\/","title":{"rendered":"TRUUSK Gungstol Antik Tr\u00e4dg\u00e5rd &#8211; Metall Brons &#8211; B60 X D73 X H85cm &#8211; Sitt bekv\u00e4mt och njut av tr\u00e4dg\u00e5rden"},"content":{"rendered":"<p>Koppla av i naturens sk\u00f6nhet med v\u00e5r antika gungstol utomhus, f\u00e4rdig i bronsf\u00e4rg. Denna relaxstol \u00e4r tillverkad av robust st\u00e5l med gjutj\u00e4rn och \u00e4r d\u00e4rf\u00f6r idealisk f\u00f6r utomhusbruk. Tack vare den eleganta, antika designen och det konstn\u00e4rliga m\u00f6nstret passar denna gungstol in i vilken tr\u00e4dg\u00e5rd eller balkong som helst!<\/p>\n<h3>Beskrivning:<\/h3>\n<ul>\n<li>Balkongstol i antik design i brons<\/li>\n<li>S\u00e4rskilt l\u00e4mplig f\u00f6r utomhusomr\u00e5den som tr\u00e4dg\u00e5rdar eller balkonger<\/li>\n<li>Tillverkad av kraftigt st\u00e5l med gjutj\u00e4rn<\/li>\n<li>Ergonomiskt formad sits f\u00f6r perfekt sittkomfort<\/li>\n<li>Enkel och snabb montering<\/li>\n<\/ul>\n<h3>Teknisk data:<\/h3>\n<ul>\n<li>Material: st\u00e5l, gjutj\u00e4rn<\/li>\n<li>F\u00e4rg: Brons<\/li>\n<li>M\u00e5tt: B60 x D73 x H85cm<\/li>\n<li>Sittyta: B54 x D40,5cm<\/li>\n<li>Sitth\u00f6jd: 40,5 cm<\/li>\n<li>Nettovikt: ca 11kg<\/li>\n<li>Max lastkapacitet: 120kg<\/li>\n<\/ul>\n<h3>Leveransens omfattning:<\/h3>\n<ul>\n<li>1 x gungstol;<\/li>\n<\/ul>\n","protected":false},"excerpt":{"rendered":"<p>Koppla av i naturens sk\u00f6nhet med v\u00e5r antika gungstol utomhus, f\u00e4rdig i bronsf\u00e4rg. Denna relaxstol \u00e4r tillverkad av robust st\u00e5l&#8230;<\/p>\n","protected":false},"featured_media":6607,"template":"","meta":[],"product_brand":[],"product_cat":[435,450,452],"product_tag":[],"class_list":{"0":"post-6606","1":"product","2":"type-product","3":"status-publish","4":"has-post-thumbnail","6":"product_cat-tradgard-och-terrass","7":"product_cat-tradgardsmobler","8":"product_cat-tradgardsstolar","10":"first","11":"instock","12":"sale","13":"taxable","14":"shipping-taxable","15":"purchasable","16":"product-type-simple"},"yoast_head":"<!-- This site is optimized with the Yoast SEO plugin v25.4 - https:\/\/yoast.com\/wordpress\/plugins\/seo\/ -->\n<title>TRUUSK Gungstol Antik Tr\u00e4dg\u00e5rd - Metall Brons - B60 X D73 X H85cm - Sitt bekv\u00e4mt och njut av tr\u00e4dg\u00e5rden - TRUUSK - Hem, Tr\u00e4dg\u00e5rd &amp; Fritid<\/title>\n<meta name=\"robots\" content=\"index, follow, max-snippet:-1, max-image-preview:large, max-video-preview:-1\" \/>\n<link rel=\"canonical\" href=\"https:\/\/truusk.store\/sv\/produkt\/truusk-gungstol-antik-tradgard-metall-brons-b60-x-d73-x-h85cm-sitt-bekvamt-och-njut-av-tradgarden\/\" \/>\n<meta property=\"og:locale\" content=\"sv_SE\" \/>\n<meta property=\"og:type\" content=\"article\" \/>\n<meta property=\"og:title\" content=\"TRUUSK Gungstol Antik Tr\u00e4dg\u00e5rd - Metall Brons - B60 X D73 X H85cm - Sitt bekv\u00e4mt och njut av tr\u00e4dg\u00e5rden - TRUUSK - Hem, Tr\u00e4dg\u00e5rd &amp; Fritid\" \/>\n<meta property=\"og:description\" content=\"Koppla av i naturens sk\u00f6nhet med v\u00e5r antika gungstol utomhus, f\u00e4rdig i bronsf\u00e4rg. Denna relaxstol \u00e4r tillverkad av robust st\u00e5l...\" \/>\n<meta property=\"og:url\" content=\"https:\/\/truusk.store\/sv\/produkt\/truusk-gungstol-antik-tradgard-metall-brons-b60-x-d73-x-h85cm-sitt-bekvamt-och-njut-av-tradgarden\/\" \/>\n<meta property=\"og:site_name\" content=\"TRUUSK - Hem, Tr\u00e4dg\u00e5rd &amp; Fritid\" \/>\n<meta property=\"article:modified_time\" content=\"2026-03-12T07:55:20+00:00\" \/>\n<meta property=\"og:image\" content=\"https:\/\/i0.wp.com\/truusk.se\/wp-content\/uploads\/2024\/02\/gungstol-tradgardsstol-gungstol-antik-tradgard-metall-brons-b60-x-d73-x-h85cm.webp?fit=800%2C800&ssl=1\" \/>\n\t<meta property=\"og:image:width\" content=\"800\" \/>\n\t<meta property=\"og:image:height\" content=\"800\" \/>\n\t<meta property=\"og:image:type\" content=\"image\/webp\" \/>\n<meta name=\"twitter:card\" content=\"summary_large_image\" \/>\n<meta name=\"twitter:label1\" content=\"Ber\u00e4knad l\u00e4stid\" \/>\n\t<meta name=\"twitter:data1\" content=\"1 minut\" \/>\n<!-- \/ Yoast SEO plugin. -->","yoast_head_json":{"title":"TRUUSK Gungstol Antik Tr\u00e4dg\u00e5rd - Metall Brons - B60 X D73 X H85cm - Sitt bekv\u00e4mt och njut av tr\u00e4dg\u00e5rden - TRUUSK - Hem, Tr\u00e4dg\u00e5rd &amp; Fritid","robots":{"index":"index","follow":"follow","max-snippet":"max-snippet:-1","max-image-preview":"max-image-preview:large","max-video-preview":"max-video-preview:-1"},"canonical":"https:\/\/truusk.store\/sv\/produkt\/truusk-gungstol-antik-tradgard-metall-brons-b60-x-d73-x-h85cm-sitt-bekvamt-och-njut-av-tradgarden\/","og_locale":"sv_SE","og_type":"article","og_title":"TRUUSK Gungstol Antik Tr\u00e4dg\u00e5rd - Metall Brons - B60 X D73 X H85cm - Sitt bekv\u00e4mt och njut av tr\u00e4dg\u00e5rden - TRUUSK - Hem, Tr\u00e4dg\u00e5rd &amp; Fritid","og_description":"Koppla av i naturens sk\u00f6nhet med v\u00e5r antika gungstol utomhus, f\u00e4rdig i bronsf\u00e4rg. Denna relaxstol \u00e4r tillverkad av robust st\u00e5l...","og_url":"https:\/\/truusk.store\/sv\/produkt\/truusk-gungstol-antik-tradgard-metall-brons-b60-x-d73-x-h85cm-sitt-bekvamt-och-njut-av-tradgarden\/","og_site_name":"TRUUSK - Hem, Tr\u00e4dg\u00e5rd &amp; Fritid","article_modified_time":"2026-03-12T07:55:20+00:00","og_image":[{"width":800,"height":800,"url":"https:\/\/i0.wp.com\/truusk.se\/wp-content\/uploads\/2024\/02\/gungstol-tradgardsstol-gungstol-antik-tradgard-metall-brons-b60-x-d73-x-h85cm.webp?fit=800%2C800&ssl=1","type":"image\/webp"}],"twitter_card":"summary_large_image","twitter_misc":{"Ber\u00e4knad l\u00e4stid":"1 minut"},"schema":{"@context":"https:\/\/schema.org","@graph":[{"@type":"WebPage","@id":"https:\/\/truusk.store\/sv\/produkt\/truusk-gungstol-antik-tradgard-metall-brons-b60-x-d73-x-h85cm-sitt-bekvamt-och-njut-av-tradgarden\/","url":"https:\/\/truusk.store\/sv\/produkt\/truusk-gungstol-antik-tradgard-metall-brons-b60-x-d73-x-h85cm-sitt-bekvamt-och-njut-av-tradgarden\/","name":"TRUUSK Gungstol Antik Tr\u00e4dg\u00e5rd - Metall Brons - B60 X D73 X H85cm - Sitt bekv\u00e4mt och njut av tr\u00e4dg\u00e5rden - TRUUSK - Hem, Tr\u00e4dg\u00e5rd &amp; Fritid","isPartOf":{"@id":"https:\/\/truusk.store\/sv\/#website"},"primaryImageOfPage":{"@id":"https:\/\/truusk.store\/sv\/produkt\/truusk-gungstol-antik-tradgard-metall-brons-b60-x-d73-x-h85cm-sitt-bekvamt-och-njut-av-tradgarden\/#primaryimage"},"image":{"@id":"https:\/\/truusk.store\/sv\/produkt\/truusk-gungstol-antik-tradgard-metall-brons-b60-x-d73-x-h85cm-sitt-bekvamt-och-njut-av-tradgarden\/#primaryimage"},"thumbnailUrl":"https:\/\/i0.wp.com\/truusk.store\/wp-content\/uploads\/2024\/02\/gungstol-tradgardsstol-gungstol-antik-tradgard-metall-brons-b60-x-d73-x-h85cm.webp?fit=800%2C800&ssl=1","datePublished":"2024-02-13T07:30:46+00:00","dateModified":"2026-03-12T07:55:20+00:00","breadcrumb":{"@id":"https:\/\/truusk.store\/sv\/produkt\/truusk-gungstol-antik-tradgard-metall-brons-b60-x-d73-x-h85cm-sitt-bekvamt-och-njut-av-tradgarden\/#breadcrumb"},"inLanguage":"sv-SE","potentialAction":[{"@type":"ReadAction","target":["https:\/\/truusk.store\/sv\/produkt\/truusk-gungstol-antik-tradgard-metall-brons-b60-x-d73-x-h85cm-sitt-bekvamt-och-njut-av-tradgarden\/"]}]},{"@type":"ImageObject","inLanguage":"sv-SE","@id":"https:\/\/truusk.store\/sv\/produkt\/truusk-gungstol-antik-tradgard-metall-brons-b60-x-d73-x-h85cm-sitt-bekvamt-och-njut-av-tradgarden\/#primaryimage","url":"https:\/\/i0.wp.com\/truusk.store\/wp-content\/uploads\/2024\/02\/gungstol-tradgardsstol-gungstol-antik-tradgard-metall-brons-b60-x-d73-x-h85cm.webp?fit=800%2C800&ssl=1","contentUrl":"https:\/\/i0.wp.com\/truusk.store\/wp-content\/uploads\/2024\/02\/gungstol-tradgardsstol-gungstol-antik-tradgard-metall-brons-b60-x-d73-x-h85cm.webp?fit=800%2C800&ssl=1","width":800,"height":800,"caption":"Gungstol Tr\u00e4dg\u00e5rdsstol Gungstol Antik Tr\u00e4dg\u00e5rd Metall Brons B60 X D73 X H85cm 1"},{"@type":"BreadcrumbList","@id":"https:\/\/truusk.store\/sv\/produkt\/truusk-gungstol-antik-tradgard-metall-brons-b60-x-d73-x-h85cm-sitt-bekvamt-och-njut-av-tradgarden\/#breadcrumb","itemListElement":[{"@type":"ListItem","position":1,"name":"Home","item":"https:\/\/truusk.store\/sv\/"},{"@type":"ListItem","position":2,"name":"Shop","item":"https:\/\/truusk.store\/shop\/"},{"@type":"ListItem","position":3,"name":"TRUUSK Gungstol Antik Tr\u00e4dg\u00e5rd &#8211; Metall Brons &#8211; B60 X D73 X H85cm &#8211; Sitt bekv\u00e4mt och njut av tr\u00e4dg\u00e5rden"}]},{"@type":"WebSite","@id":"https:\/\/truusk.store\/sv\/#website","url":"https:\/\/truusk.store\/sv\/","name":"TRUUSK - Hem, Tr\u00e4dg\u00e5rd & Fritid","description":"","publisher":{"@id":"https:\/\/truusk.store\/sv\/#organization"},"potentialAction":[{"@type":"SearchAction","target":{"@type":"EntryPoint","urlTemplate":"https:\/\/truusk.store\/sv\/?s={search_term_string}"},"query-input":{"@type":"PropertyValueSpecification","valueRequired":true,"valueName":"search_term_string"}}],"inLanguage":"sv-SE"},{"@type":"Organization","@id":"https:\/\/truusk.store\/sv\/#organization","name":"TRUUSK - Hem, Tr\u00e4dg\u00e5rd & Fritid","url":"https:\/\/truusk.store\/sv\/","logo":{"@type":"ImageObject","inLanguage":"sv-SE","@id":"https:\/\/truusk.store\/sv\/#\/schema\/logo\/image\/","url":"https:\/\/i0.wp.com\/truusk.store\/wp-content\/uploads\/2026\/03\/cropped-TRUUSK.png?fit=2032%2C917&ssl=1","contentUrl":"https:\/\/i0.wp.com\/truusk.store\/wp-content\/uploads\/2026\/03\/cropped-TRUUSK.png?fit=2032%2C917&ssl=1","width":2032,"height":917,"caption":"TRUUSK - Hem, Tr\u00e4dg\u00e5rd & Fritid"},"image":{"@id":"https:\/\/truusk.store\/sv\/#\/schema\/logo\/image\/"}}]}},"jetpack_sharing_enabled":true,"_links":{"self":[{"href":"https:\/\/truusk.store\/sv\/wp-json\/wp\/v2\/product\/6606","targetHints":{"allow":["GET"]}}],"collection":[{"href":"https:\/\/truusk.store\/sv\/wp-json\/wp\/v2\/product"}],"about":[{"href":"https:\/\/truusk.store\/sv\/wp-json\/wp\/v2\/types\/product"}],"wp:featuredmedia":[{"embeddable":true,"href":"https:\/\/truusk.store\/sv\/wp-json\/wp\/v2\/media\/6607"}],"wp:attachment":[{"href":"https:\/\/truusk.store\/sv\/wp-json\/wp\/v2\/media?parent=6606"}],"wp:term":[{"taxonomy":"product_brand","embeddable":true,"href":"https:\/\/truusk.store\/sv\/wp-json\/wp\/v2\/product_brand?post=6606"},{"taxonomy":"product_cat","embeddable":true,"href":"https:\/\/truusk.store\/sv\/wp-json\/wp\/v2\/product_cat?post=6606"},{"taxonomy":"product_tag","embeddable":true,"href":"https:\/\/truusk.store\/sv\/wp-json\/wp\/v2\/product_tag?post=6606"}],"curies":[{"name":"wp","href":"https:\/\/api.w.org\/{rel}","templated":true}]}}