{"id":66074,"date":"2025-06-05T12:09:00","date_gmt":"2025-06-05T11:09:00","guid":{"rendered":"https:\/\/truusk.store\/product\/hundvagn-buggy-for-sma-hundar-och-katter-husdjursvagn-pet-stroller-kattvagn-oxford-svart-765-x-52-x-95-cm\/"},"modified":"2026-03-12T08:57:35","modified_gmt":"2026-03-12T07:57:35","slug":"truusk-hundvagn-och-kattbuggy-inklappbar-regnskydd-natventiler-kudde-for-hundar-och-katter-upp-till-10-kg-svart","status":"publish","type":"product","link":"https:\/\/truusk.store\/sv\/produkt\/truusk-hundvagn-och-kattbuggy-inklappbar-regnskydd-natventiler-kudde-for-hundar-och-katter-upp-till-10-kg-svart\/","title":{"rendered":"TRUUSK Hundvagn och Kattbuggy &#8211; Inklappbar &#8211; Regnskydd &#8211; N\u00e4tventiler &#8211; Kudde &#8211; F\u00f6r Hundar och Katter upp till 10 kg &#8211; Svart"},"content":{"rendered":"<p>Med denna hundvagn fr\u00e5n TRUUSK kan du transportera din hund s\u00e4kert utomhus. Den har smidiga hjul och ett stabilt handtag, s\u00e5 att du enkelt kan ta med den. Den \u00f6vre korgen \u00e4r rymlig, s\u00e5 att din hund har gott om plats inuti. Handtaget \u00e4r omv\u00e4ndbart, s\u00e5 att din hund kan titta p\u00e5 dig eller omgivningen. L\u00e4mplig f\u00f6r sm\u00e5 hundar som Bichon Frise och Mops.<\/p>\n<p>Beskrivning:<\/p>\n<ul>\n<li> Oxfordskyddet t\u00e4cker korgen och har ett n\u00e4t f\u00f6nster f\u00f6r att sl\u00e4ppa in luft. Justerbart tak f\u00f6r skydd<\/li>\n<li> Tv\u00e5 inre linor f\u00f6r att s\u00e4kert f\u00e4sta husdjuret<\/li>\n<li> Fyra hjul f\u00f6r enkel skjutning &#8211; tv\u00e5 av dem med bromsar<\/li>\n<li>Korgen har en ficka med dragkedja f\u00f6r f\u00f6rvaring<\/li>\n<li> Handtagets position \u00e4r omv\u00e4ndbar &#8211; s\u00e5 att husdjuret kan titta fram\u00e5t n\u00e4r hundvagnen skjuts<\/li>\n<li> L\u00e4tt att f\u00e4lla ihop och b\u00e4ra<\/li>\n<li> L\u00e4mplig f\u00f6r sm\u00e5 hundar och miniatyrhundar med en l\u00e4ngd p\u00e5 mindre \u00e4n 43 cm och en vikt p\u00e5 mindre \u00e4n 10 kg<\/li>\n<\/ul>\n<p> Tekniska data:<\/p>\n<ul>\n<li> F\u00e4rg: Svart<\/li>\n<li> Material: St\u00e5l, Oxford-tyg<\/li>\n<li> Totala m\u00e5tt: 76,5L x 52B x 95H cm<\/li>\n<li> Inre m\u00e5tt: 63L x 36B x 51\/20H cm (med\/utan tak)<\/li>\n<li> Hopf\u00e4lld storlek: 80L x 52B x 27H cm<\/li>\n<li> Bakd\u00f6rrstorlek: 29B x 38,5H cm<\/li>\n<li> \u00d6vre n\u00e4t-takf\u00f6nsterstorlek: 24L x 19B cm<\/li>\n<li> Framre n\u00e4t-f\u00f6nsterstorlek: (med dragkedja) 26L x 14,5B cm<\/li>\n<li> Korgstorlek: 34L x 27,5B x 14H cm<\/li>\n<li> Framhjulsstorlek: \u00d86&#8243;<\/li>\n<li> Bakhjulsstorlek: \u00d86&#8243;<\/li>\n<li> Obs: Kroppsl\u00e4ngd<br \/>\n","protected":false},"excerpt":{"rendered":"<p>Med denna hundvagn fr\u00e5n TRUUSK kan du transportera din hund s\u00e4kert utomhus. Den har smidiga hjul och ett stabilt handtag,&#8230;<\/p>\n","protected":false},"featured_media":66064,"template":"","meta":[],"product_brand":[],"product_cat":[878,574,579],"product_tag":[],"class_list":{"0":"post-66074","1":"product","2":"type-product","3":"status-publish","4":"has-post-thumbnail","6":"product_cat-djurbehov","7":"product_cat-hundtillbehor","8":"product_cat-hundvagn","10":"first","11":"instock","12":"sale","13":"taxable","14":"shipping-taxable","15":"purchasable","16":"product-type-simple"},"yoast_head":"<!-- This site is optimized with the Yoast SEO plugin v25.4 - https:\/\/yoast.com\/wordpress\/plugins\/seo\/ -->\n<title>TRUUSK Hundvagn och Kattbuggy - Inklappbar - Regnskydd - N\u00e4tventiler - Kudde - F\u00f6r Hundar och Katter upp till 10 kg - Svart - TRUUSK - Hem, Tr\u00e4dg\u00e5rd &amp; Fritid<\/title>\n<meta name=\"robots\" content=\"index, follow, max-snippet:-1, max-image-preview:large, max-video-preview:-1\" \/>\n<link rel=\"canonical\" href=\"https:\/\/truusk.store\/sv\/produkt\/truusk-hundvagn-och-kattbuggy-inklappbar-regnskydd-natventiler-kudde-for-hundar-och-katter-upp-till-10-kg-svart\/\" \/>\n<meta property=\"og:locale\" content=\"sv_SE\" \/>\n<meta property=\"og:type\" content=\"article\" \/>\n<meta property=\"og:title\" content=\"TRUUSK Hundvagn och Kattbuggy - Inklappbar - Regnskydd - N\u00e4tventiler - Kudde - F\u00f6r Hundar och Katter upp till 10 kg - Svart - TRUUSK - Hem, Tr\u00e4dg\u00e5rd &amp; Fritid\" \/>\n<meta property=\"og:description\" content=\"Med denna hundvagn fr\u00e5n TRUUSK kan du transportera din hund s\u00e4kert utomhus. Den har smidiga hjul och ett stabilt handtag,...\" \/>\n<meta property=\"og:url\" content=\"https:\/\/truusk.store\/sv\/produkt\/truusk-hundvagn-och-kattbuggy-inklappbar-regnskydd-natventiler-kudde-for-hundar-och-katter-upp-till-10-kg-svart\/\" \/>\n<meta property=\"og:site_name\" content=\"TRUUSK - Hem, Tr\u00e4dg\u00e5rd &amp; Fritid\" \/>\n<meta property=\"article:modified_time\" content=\"2026-03-12T07:57:35+00:00\" \/>\n<meta property=\"og:image\" content=\"https:\/\/i0.wp.com\/truusk.se\/wp-content\/uploads\/2025\/06\/hundvagn-buggy-for-sma-hundar-och-katter-husdjursvagn-pet-stroller-kattvagn-oxford-svart-765-x-52-x-95-cm-1.webp?fit=2000%2C2000&ssl=1\" \/>\n\t<meta property=\"og:image:width\" content=\"2000\" \/>\n\t<meta property=\"og:image:height\" content=\"2000\" \/>\n\t<meta property=\"og:image:type\" content=\"image\/webp\" \/>\n<meta name=\"twitter:card\" content=\"summary_large_image\" \/>\n<meta name=\"twitter:label1\" content=\"Ber\u00e4knad l\u00e4stid\" \/>\n\t<meta name=\"twitter:data1\" content=\"1 minut\" \/>\n<!-- \/ Yoast SEO plugin. -->","yoast_head_json":{"title":"TRUUSK Hundvagn och Kattbuggy - Inklappbar - Regnskydd - N\u00e4tventiler - Kudde - F\u00f6r Hundar och Katter upp till 10 kg - Svart - TRUUSK - Hem, Tr\u00e4dg\u00e5rd &amp; Fritid","robots":{"index":"index","follow":"follow","max-snippet":"max-snippet:-1","max-image-preview":"max-image-preview:large","max-video-preview":"max-video-preview:-1"},"canonical":"https:\/\/truusk.store\/sv\/produkt\/truusk-hundvagn-och-kattbuggy-inklappbar-regnskydd-natventiler-kudde-for-hundar-och-katter-upp-till-10-kg-svart\/","og_locale":"sv_SE","og_type":"article","og_title":"TRUUSK Hundvagn och Kattbuggy - Inklappbar - Regnskydd - N\u00e4tventiler - Kudde - F\u00f6r Hundar och Katter upp till 10 kg - Svart - TRUUSK - Hem, Tr\u00e4dg\u00e5rd &amp; Fritid","og_description":"Med denna hundvagn fr\u00e5n TRUUSK kan du transportera din hund s\u00e4kert utomhus. Den har smidiga hjul och ett stabilt handtag,...","og_url":"https:\/\/truusk.store\/sv\/produkt\/truusk-hundvagn-och-kattbuggy-inklappbar-regnskydd-natventiler-kudde-for-hundar-och-katter-upp-till-10-kg-svart\/","og_site_name":"TRUUSK - Hem, Tr\u00e4dg\u00e5rd &amp; Fritid","article_modified_time":"2026-03-12T07:57:35+00:00","og_image":[{"width":2000,"height":2000,"url":"https:\/\/i0.wp.com\/truusk.se\/wp-content\/uploads\/2025\/06\/hundvagn-buggy-for-sma-hundar-och-katter-husdjursvagn-pet-stroller-kattvagn-oxford-svart-765-x-52-x-95-cm-1.webp?fit=2000%2C2000&ssl=1","type":"image\/webp"}],"twitter_card":"summary_large_image","twitter_misc":{"Ber\u00e4knad l\u00e4stid":"1 minut"},"schema":{"@context":"https:\/\/schema.org","@graph":[{"@type":"WebPage","@id":"https:\/\/truusk.store\/sv\/produkt\/truusk-hundvagn-och-kattbuggy-inklappbar-regnskydd-natventiler-kudde-for-hundar-och-katter-upp-till-10-kg-svart\/","url":"https:\/\/truusk.store\/sv\/produkt\/truusk-hundvagn-och-kattbuggy-inklappbar-regnskydd-natventiler-kudde-for-hundar-och-katter-upp-till-10-kg-svart\/","name":"TRUUSK Hundvagn och Kattbuggy - Inklappbar - Regnskydd - N\u00e4tventiler - Kudde - F\u00f6r Hundar och Katter upp till 10 kg - Svart - TRUUSK - Hem, Tr\u00e4dg\u00e5rd &amp; Fritid","isPartOf":{"@id":"https:\/\/truusk.store\/sv\/#website"},"primaryImageOfPage":{"@id":"https:\/\/truusk.store\/sv\/produkt\/truusk-hundvagn-och-kattbuggy-inklappbar-regnskydd-natventiler-kudde-for-hundar-och-katter-upp-till-10-kg-svart\/#primaryimage"},"image":{"@id":"https:\/\/truusk.store\/sv\/produkt\/truusk-hundvagn-och-kattbuggy-inklappbar-regnskydd-natventiler-kudde-for-hundar-och-katter-upp-till-10-kg-svart\/#primaryimage"},"thumbnailUrl":"https:\/\/i0.wp.com\/truusk.store\/wp-content\/uploads\/2025\/06\/hundvagn-buggy-for-sma-hundar-och-katter-husdjursvagn-pet-stroller-kattvagn-oxford-svart-765-x-52-x-95-cm-1.webp?fit=2000%2C2000&ssl=1","datePublished":"2025-06-05T11:09:00+00:00","dateModified":"2026-03-12T07:57:35+00:00","breadcrumb":{"@id":"https:\/\/truusk.store\/sv\/produkt\/truusk-hundvagn-och-kattbuggy-inklappbar-regnskydd-natventiler-kudde-for-hundar-och-katter-upp-till-10-kg-svart\/#breadcrumb"},"inLanguage":"sv-SE","potentialAction":[{"@type":"ReadAction","target":["https:\/\/truusk.store\/sv\/produkt\/truusk-hundvagn-och-kattbuggy-inklappbar-regnskydd-natventiler-kudde-for-hundar-och-katter-upp-till-10-kg-svart\/"]}]},{"@type":"ImageObject","inLanguage":"sv-SE","@id":"https:\/\/truusk.store\/sv\/produkt\/truusk-hundvagn-och-kattbuggy-inklappbar-regnskydd-natventiler-kudde-for-hundar-och-katter-upp-till-10-kg-svart\/#primaryimage","url":"https:\/\/i0.wp.com\/truusk.store\/wp-content\/uploads\/2025\/06\/hundvagn-buggy-for-sma-hundar-och-katter-husdjursvagn-pet-stroller-kattvagn-oxford-svart-765-x-52-x-95-cm-1.webp?fit=2000%2C2000&ssl=1","contentUrl":"https:\/\/i0.wp.com\/truusk.store\/wp-content\/uploads\/2025\/06\/hundvagn-buggy-for-sma-hundar-och-katter-husdjursvagn-pet-stroller-kattvagn-oxford-svart-765-x-52-x-95-cm-1.webp?fit=2000%2C2000&ssl=1","width":2000,"height":2000},{"@type":"BreadcrumbList","@id":"https:\/\/truusk.store\/sv\/produkt\/truusk-hundvagn-och-kattbuggy-inklappbar-regnskydd-natventiler-kudde-for-hundar-och-katter-upp-till-10-kg-svart\/#breadcrumb","itemListElement":[{"@type":"ListItem","position":1,"name":"Home","item":"https:\/\/truusk.store\/sv\/"},{"@type":"ListItem","position":2,"name":"Shop","item":"https:\/\/truusk.store\/shop\/"},{"@type":"ListItem","position":3,"name":"TRUUSK Hundvagn och Kattbuggy &#8211; Inklappbar &#8211; Regnskydd &#8211; N\u00e4tventiler &#8211; Kudde &#8211; F\u00f6r Hundar och Katter upp till 10 kg &#8211; Svart"}]},{"@type":"WebSite","@id":"https:\/\/truusk.store\/sv\/#website","url":"https:\/\/truusk.store\/sv\/","name":"TRUUSK - Hem, Tr\u00e4dg\u00e5rd & Fritid","description":"","publisher":{"@id":"https:\/\/truusk.store\/sv\/#organization"},"potentialAction":[{"@type":"SearchAction","target":{"@type":"EntryPoint","urlTemplate":"https:\/\/truusk.store\/sv\/?s={search_term_string}"},"query-input":{"@type":"PropertyValueSpecification","valueRequired":true,"valueName":"search_term_string"}}],"inLanguage":"sv-SE"},{"@type":"Organization","@id":"https:\/\/truusk.store\/sv\/#organization","name":"TRUUSK - Hem, Tr\u00e4dg\u00e5rd & Fritid","url":"https:\/\/truusk.store\/sv\/","logo":{"@type":"ImageObject","inLanguage":"sv-SE","@id":"https:\/\/truusk.store\/sv\/#\/schema\/logo\/image\/","url":"https:\/\/i0.wp.com\/truusk.store\/wp-content\/uploads\/2026\/03\/cropped-TRUUSK.png?fit=2032%2C917&ssl=1","contentUrl":"https:\/\/i0.wp.com\/truusk.store\/wp-content\/uploads\/2026\/03\/cropped-TRUUSK.png?fit=2032%2C917&ssl=1","width":2032,"height":917,"caption":"TRUUSK - Hem, Tr\u00e4dg\u00e5rd & Fritid"},"image":{"@id":"https:\/\/truusk.store\/sv\/#\/schema\/logo\/image\/"}}]}},"jetpack_sharing_enabled":true,"_links":{"self":[{"href":"https:\/\/truusk.store\/sv\/wp-json\/wp\/v2\/product\/66074","targetHints":{"allow":["GET"]}}],"collection":[{"href":"https:\/\/truusk.store\/sv\/wp-json\/wp\/v2\/product"}],"about":[{"href":"https:\/\/truusk.store\/sv\/wp-json\/wp\/v2\/types\/product"}],"wp:featuredmedia":[{"embeddable":true,"href":"https:\/\/truusk.store\/sv\/wp-json\/wp\/v2\/media\/66064"}],"wp:attachment":[{"href":"https:\/\/truusk.store\/sv\/wp-json\/wp\/v2\/media?parent=66074"}],"wp:term":[{"taxonomy":"product_brand","embeddable":true,"href":"https:\/\/truusk.store\/sv\/wp-json\/wp\/v2\/product_brand?post=66074"},{"taxonomy":"product_cat","embeddable":true,"href":"https:\/\/truusk.store\/sv\/wp-json\/wp\/v2\/product_cat?post=66074"},{"taxonomy":"product_tag","embeddable":true,"href":"https:\/\/truusk.store\/sv\/wp-json\/wp\/v2\/product_tag?post=66074"}],"curies":[{"name":"wp","href":"https:\/\/api.w.org\/{rel}","templated":true}]}}