{"id":66093,"date":"2025-06-05T12:10:52","date_gmt":"2025-06-05T11:10:52","guid":{"rendered":"https:\/\/truusk.store\/product\/sensor-sopkorg-42l-elektrisk-automatisk-avfallskorg-med-lock-rostfri-for-badrum-kontor-kok-matsal-stal-svart\/"},"modified":"2026-03-12T09:01:44","modified_gmt":"2026-03-12T08:01:44","slug":"truusk-sensor-sopkorg-42l-elektrisk-automatisk-avfallskorg-med-lock-rostfri-for-badrum-kontor-kok-svart-stal","status":"publish","type":"product","link":"https:\/\/truusk.store\/sv\/produkt\/truusk-sensor-sopkorg-42l-elektrisk-automatisk-avfallskorg-med-lock-rostfri-for-badrum-kontor-kok-svart-stal\/","title":{"rendered":"TRUUSK Sensor Sopkorg 42L &#8211; Elektrisk Automatisk Avfallskorg Med Lock &#8211; Rostfri &#8211; F\u00f6r Badrum, Kontor, K\u00f6k &#8211; Svart &#8211; St\u00e5l"},"content":{"rendered":"<p>Den h\u00e4r TRUUSK elektriska soptunnan \u00f6vertr\u00e4ffar vanliga fotman\u00f6vrerade modeller n\u00e4r det g\u00e4ller komfort och hygien. En handr\u00f6relse r\u00e4cker, och infrar\u00f6d teknologi \u00f6ppnar och st\u00e4nger den rent. Den automatiska soptunnan kan ocks\u00e5 man\u00f6vreras manuellt via lockknappar. Den rostfria metallkonstruktionen av sensorn soptunnan lovar h\u00e5llbarhet och enkel reng\u00f6ring, medan dess eleganta design f\u00f6rb\u00e4ttrar k\u00f6k och matsal.<\/p>\n<p>Beskrivning:<\/p>\n<ul>\n<li> 42 liter kapacitet, l\u00e4mplig f\u00f6r hush\u00e5ll p\u00e5 upp till fem personer<\/li>\n<li> Konstruktion av den elektriska soptunnan i rostfritt st\u00e5l<\/li>\n<li> Infrar\u00f6dsensor f\u00f6r automatisk \u00f6ppning och st\u00e4ngning av locket, kan ocks\u00e5 man\u00f6vreras manuellt via knappar<\/li>\n<li> P\u00e5\/av-knapp f\u00f6r sensorn soptunnan p\u00e5 baksidan<\/li>\n<li> Avtagbar innerbeh\u00e5llare med handtag p\u00e5 sensorn soptunnan f\u00f6r enkel t\u00f6mning<\/li>\n<li> 4 x AA-batterier kr\u00e4vs (ing\u00e5r ej). L\u00e5g energif\u00f6rbrukning<\/li>\n<\/ul>\n<p> Tekniska data:<\/p>\n<ul>\n<li> F\u00e4rg: Svart<\/li>\n<li> Material: Galvaniserat st\u00e5l, plast<\/li>\n<li> Form: Rund<\/li>\n<li> Produktdata f\u00f6r beh\u00e5llaren: \u00d830,5 x 68 cm<\/li>\n<li> Inre hink: \u00d828 x 56H cm<\/li>\n<li> Induktionsavst\u00e5nd: 15-20 cm<\/li>\n<li> H\u00f6jd p\u00e5 beh\u00e5llaren: 86 cm (med \u00f6ppet lock)<\/li>\n<li> Batterier: 4 x AA (ing\u00e5r ej)<\/li>\n<\/ul>\n<p>Leveransinneh\u00e5ll:<\/p>\n<ul>\n<li> 1 x Sensor-soptunna<\/li>\n<li> 1 x Handbok<\/li>\n<\/ul>\n","protected":false},"excerpt":{"rendered":"<p>Den h\u00e4r TRUUSK elektriska soptunnan \u00f6vertr\u00e4ffar vanliga fotman\u00f6vrerade modeller n\u00e4r det g\u00e4ller komfort och hygien. En handr\u00f6relse r\u00e4cker, och infrar\u00f6d&#8230;<\/p>\n","protected":false},"featured_media":66084,"template":"","meta":[],"product_brand":[],"product_cat":[867,869,870],"product_tag":[],"class_list":{"0":"post-66093","1":"product","2":"type-product","3":"status-publish","4":"has-post-thumbnail","6":"product_cat-byggmarknad","7":"product_cat-rengoring-ordning","8":"product_cat-sopkorgar","10":"first","11":"instock","12":"sale","13":"taxable","14":"shipping-taxable","15":"purchasable","16":"product-type-simple"},"yoast_head":"<!-- This site is optimized with the Yoast SEO plugin v25.4 - https:\/\/yoast.com\/wordpress\/plugins\/seo\/ -->\n<title>TRUUSK Sensor Sopkorg 42L - Elektrisk Automatisk Avfallskorg Med Lock - Rostfri - F\u00f6r Badrum, Kontor, K\u00f6k - Svart - St\u00e5l - TRUUSK - Hem, Tr\u00e4dg\u00e5rd &amp; Fritid<\/title>\n<meta name=\"robots\" content=\"index, follow, max-snippet:-1, max-image-preview:large, max-video-preview:-1\" \/>\n<link rel=\"canonical\" href=\"https:\/\/truusk.store\/sv\/produkt\/truusk-sensor-sopkorg-42l-elektrisk-automatisk-avfallskorg-med-lock-rostfri-for-badrum-kontor-kok-svart-stal\/\" \/>\n<meta property=\"og:locale\" content=\"sv_SE\" \/>\n<meta property=\"og:type\" content=\"article\" \/>\n<meta property=\"og:title\" content=\"TRUUSK Sensor Sopkorg 42L - Elektrisk Automatisk Avfallskorg Med Lock - Rostfri - F\u00f6r Badrum, Kontor, K\u00f6k - Svart - St\u00e5l - TRUUSK - Hem, Tr\u00e4dg\u00e5rd &amp; Fritid\" \/>\n<meta property=\"og:description\" content=\"Den h\u00e4r TRUUSK elektriska soptunnan \u00f6vertr\u00e4ffar vanliga fotman\u00f6vrerade modeller n\u00e4r det g\u00e4ller komfort och hygien. En handr\u00f6relse r\u00e4cker, och infrar\u00f6d...\" \/>\n<meta property=\"og:url\" content=\"https:\/\/truusk.store\/sv\/produkt\/truusk-sensor-sopkorg-42l-elektrisk-automatisk-avfallskorg-med-lock-rostfri-for-badrum-kontor-kok-svart-stal\/\" \/>\n<meta property=\"og:site_name\" content=\"TRUUSK - Hem, Tr\u00e4dg\u00e5rd &amp; Fritid\" \/>\n<meta property=\"article:modified_time\" content=\"2026-03-12T08:01:44+00:00\" \/>\n<meta property=\"og:image\" content=\"https:\/\/i0.wp.com\/truusk.se\/wp-content\/uploads\/2025\/06\/sensor-sopkorg-42l-elektrisk-automatisk-avfallskorg-med-lock-rostfri-for-badrum-kontor-kok-matsal-stal-svart-1.webp?fit=2000%2C2000&ssl=1\" \/>\n\t<meta property=\"og:image:width\" content=\"2000\" \/>\n\t<meta property=\"og:image:height\" content=\"2000\" \/>\n\t<meta property=\"og:image:type\" content=\"image\/webp\" \/>\n<meta name=\"twitter:card\" content=\"summary_large_image\" \/>\n<meta name=\"twitter:label1\" content=\"Ber\u00e4knad l\u00e4stid\" \/>\n\t<meta name=\"twitter:data1\" content=\"1 minut\" \/>\n<!-- \/ Yoast SEO plugin. -->","yoast_head_json":{"title":"TRUUSK Sensor Sopkorg 42L - Elektrisk Automatisk Avfallskorg Med Lock - Rostfri - F\u00f6r Badrum, Kontor, K\u00f6k - Svart - St\u00e5l - TRUUSK - Hem, Tr\u00e4dg\u00e5rd &amp; Fritid","robots":{"index":"index","follow":"follow","max-snippet":"max-snippet:-1","max-image-preview":"max-image-preview:large","max-video-preview":"max-video-preview:-1"},"canonical":"https:\/\/truusk.store\/sv\/produkt\/truusk-sensor-sopkorg-42l-elektrisk-automatisk-avfallskorg-med-lock-rostfri-for-badrum-kontor-kok-svart-stal\/","og_locale":"sv_SE","og_type":"article","og_title":"TRUUSK Sensor Sopkorg 42L - Elektrisk Automatisk Avfallskorg Med Lock - Rostfri - F\u00f6r Badrum, Kontor, K\u00f6k - Svart - St\u00e5l - TRUUSK - Hem, Tr\u00e4dg\u00e5rd &amp; Fritid","og_description":"Den h\u00e4r TRUUSK elektriska soptunnan \u00f6vertr\u00e4ffar vanliga fotman\u00f6vrerade modeller n\u00e4r det g\u00e4ller komfort och hygien. En handr\u00f6relse r\u00e4cker, och infrar\u00f6d...","og_url":"https:\/\/truusk.store\/sv\/produkt\/truusk-sensor-sopkorg-42l-elektrisk-automatisk-avfallskorg-med-lock-rostfri-for-badrum-kontor-kok-svart-stal\/","og_site_name":"TRUUSK - Hem, Tr\u00e4dg\u00e5rd &amp; Fritid","article_modified_time":"2026-03-12T08:01:44+00:00","og_image":[{"width":2000,"height":2000,"url":"https:\/\/i0.wp.com\/truusk.se\/wp-content\/uploads\/2025\/06\/sensor-sopkorg-42l-elektrisk-automatisk-avfallskorg-med-lock-rostfri-for-badrum-kontor-kok-matsal-stal-svart-1.webp?fit=2000%2C2000&ssl=1","type":"image\/webp"}],"twitter_card":"summary_large_image","twitter_misc":{"Ber\u00e4knad l\u00e4stid":"1 minut"},"schema":{"@context":"https:\/\/schema.org","@graph":[{"@type":"WebPage","@id":"https:\/\/truusk.store\/sv\/produkt\/truusk-sensor-sopkorg-42l-elektrisk-automatisk-avfallskorg-med-lock-rostfri-for-badrum-kontor-kok-svart-stal\/","url":"https:\/\/truusk.store\/sv\/produkt\/truusk-sensor-sopkorg-42l-elektrisk-automatisk-avfallskorg-med-lock-rostfri-for-badrum-kontor-kok-svart-stal\/","name":"TRUUSK Sensor Sopkorg 42L - Elektrisk Automatisk Avfallskorg Med Lock - Rostfri - F\u00f6r Badrum, Kontor, K\u00f6k - Svart - St\u00e5l - TRUUSK - Hem, Tr\u00e4dg\u00e5rd &amp; Fritid","isPartOf":{"@id":"https:\/\/truusk.store\/sv\/#website"},"primaryImageOfPage":{"@id":"https:\/\/truusk.store\/sv\/produkt\/truusk-sensor-sopkorg-42l-elektrisk-automatisk-avfallskorg-med-lock-rostfri-for-badrum-kontor-kok-svart-stal\/#primaryimage"},"image":{"@id":"https:\/\/truusk.store\/sv\/produkt\/truusk-sensor-sopkorg-42l-elektrisk-automatisk-avfallskorg-med-lock-rostfri-for-badrum-kontor-kok-svart-stal\/#primaryimage"},"thumbnailUrl":"https:\/\/i0.wp.com\/truusk.store\/wp-content\/uploads\/2025\/06\/sensor-sopkorg-42l-elektrisk-automatisk-avfallskorg-med-lock-rostfri-for-badrum-kontor-kok-matsal-stal-svart-1.webp?fit=2000%2C2000&ssl=1","datePublished":"2025-06-05T11:10:52+00:00","dateModified":"2026-03-12T08:01:44+00:00","breadcrumb":{"@id":"https:\/\/truusk.store\/sv\/produkt\/truusk-sensor-sopkorg-42l-elektrisk-automatisk-avfallskorg-med-lock-rostfri-for-badrum-kontor-kok-svart-stal\/#breadcrumb"},"inLanguage":"sv-SE","potentialAction":[{"@type":"ReadAction","target":["https:\/\/truusk.store\/sv\/produkt\/truusk-sensor-sopkorg-42l-elektrisk-automatisk-avfallskorg-med-lock-rostfri-for-badrum-kontor-kok-svart-stal\/"]}]},{"@type":"ImageObject","inLanguage":"sv-SE","@id":"https:\/\/truusk.store\/sv\/produkt\/truusk-sensor-sopkorg-42l-elektrisk-automatisk-avfallskorg-med-lock-rostfri-for-badrum-kontor-kok-svart-stal\/#primaryimage","url":"https:\/\/i0.wp.com\/truusk.store\/wp-content\/uploads\/2025\/06\/sensor-sopkorg-42l-elektrisk-automatisk-avfallskorg-med-lock-rostfri-for-badrum-kontor-kok-matsal-stal-svart-1.webp?fit=2000%2C2000&ssl=1","contentUrl":"https:\/\/i0.wp.com\/truusk.store\/wp-content\/uploads\/2025\/06\/sensor-sopkorg-42l-elektrisk-automatisk-avfallskorg-med-lock-rostfri-for-badrum-kontor-kok-matsal-stal-svart-1.webp?fit=2000%2C2000&ssl=1","width":2000,"height":2000},{"@type":"BreadcrumbList","@id":"https:\/\/truusk.store\/sv\/produkt\/truusk-sensor-sopkorg-42l-elektrisk-automatisk-avfallskorg-med-lock-rostfri-for-badrum-kontor-kok-svart-stal\/#breadcrumb","itemListElement":[{"@type":"ListItem","position":1,"name":"Home","item":"https:\/\/truusk.store\/sv\/"},{"@type":"ListItem","position":2,"name":"Shop","item":"https:\/\/truusk.store\/shop\/"},{"@type":"ListItem","position":3,"name":"TRUUSK Sensor Sopkorg 42L &#8211; Elektrisk Automatisk Avfallskorg Med Lock &#8211; Rostfri &#8211; F\u00f6r Badrum, Kontor, K\u00f6k &#8211; Svart &#8211; St\u00e5l"}]},{"@type":"WebSite","@id":"https:\/\/truusk.store\/sv\/#website","url":"https:\/\/truusk.store\/sv\/","name":"TRUUSK - Hem, Tr\u00e4dg\u00e5rd & Fritid","description":"","publisher":{"@id":"https:\/\/truusk.store\/sv\/#organization"},"potentialAction":[{"@type":"SearchAction","target":{"@type":"EntryPoint","urlTemplate":"https:\/\/truusk.store\/sv\/?s={search_term_string}"},"query-input":{"@type":"PropertyValueSpecification","valueRequired":true,"valueName":"search_term_string"}}],"inLanguage":"sv-SE"},{"@type":"Organization","@id":"https:\/\/truusk.store\/sv\/#organization","name":"TRUUSK - Hem, Tr\u00e4dg\u00e5rd & Fritid","url":"https:\/\/truusk.store\/sv\/","logo":{"@type":"ImageObject","inLanguage":"sv-SE","@id":"https:\/\/truusk.store\/sv\/#\/schema\/logo\/image\/","url":"https:\/\/i0.wp.com\/truusk.store\/wp-content\/uploads\/2026\/03\/cropped-TRUUSK.png?fit=2032%2C917&ssl=1","contentUrl":"https:\/\/i0.wp.com\/truusk.store\/wp-content\/uploads\/2026\/03\/cropped-TRUUSK.png?fit=2032%2C917&ssl=1","width":2032,"height":917,"caption":"TRUUSK - Hem, Tr\u00e4dg\u00e5rd & Fritid"},"image":{"@id":"https:\/\/truusk.store\/sv\/#\/schema\/logo\/image\/"}}]}},"jetpack_sharing_enabled":true,"_links":{"self":[{"href":"https:\/\/truusk.store\/sv\/wp-json\/wp\/v2\/product\/66093","targetHints":{"allow":["GET"]}}],"collection":[{"href":"https:\/\/truusk.store\/sv\/wp-json\/wp\/v2\/product"}],"about":[{"href":"https:\/\/truusk.store\/sv\/wp-json\/wp\/v2\/types\/product"}],"wp:featuredmedia":[{"embeddable":true,"href":"https:\/\/truusk.store\/sv\/wp-json\/wp\/v2\/media\/66084"}],"wp:attachment":[{"href":"https:\/\/truusk.store\/sv\/wp-json\/wp\/v2\/media?parent=66093"}],"wp:term":[{"taxonomy":"product_brand","embeddable":true,"href":"https:\/\/truusk.store\/sv\/wp-json\/wp\/v2\/product_brand?post=66093"},{"taxonomy":"product_cat","embeddable":true,"href":"https:\/\/truusk.store\/sv\/wp-json\/wp\/v2\/product_cat?post=66093"},{"taxonomy":"product_tag","embeddable":true,"href":"https:\/\/truusk.store\/sv\/wp-json\/wp\/v2\/product_tag?post=66093"}],"curies":[{"name":"wp","href":"https:\/\/api.w.org\/{rel}","templated":true}]}}