{"id":66103,"date":"2025-06-05T12:11:40","date_gmt":"2025-06-05T11:11:40","guid":{"rendered":"https:\/\/truusk.store\/product\/skrivbordsstol-hojdjusterbar-hemmakontorsstol-utan-armstod-roterande-kontorsstol-med-sammet-utseende-ergonomisk-sminkstol-for-sovrum-arbetsrum-gron\/"},"modified":"2026-03-12T09:07:09","modified_gmt":"2026-03-12T08:07:09","slug":"truusk-skrivbordsstol-hojdjusterbar-och-roterande-ergonomisk-sminkstol-gron","status":"publish","type":"product","link":"https:\/\/truusk.store\/sv\/produkt\/truusk-skrivbordsstol-hojdjusterbar-och-roterande-ergonomisk-sminkstol-gron\/","title":{"rendered":"TRUUSK Skrivbordsstol &#8211; H\u00f6jdjusterbar och Roterande &#8211; Ergonomisk Sminkstol &#8211; Gr\u00f6n"},"content":{"rendered":"<p>V\u00e4lj denna kontorsstol fr\u00e5n TRUUSK f\u00f6r avkoppling eller f\u00f6r ditt arbete. Du kan placera datorstolen p\u00e5 kontoret, i sovrummet eller i vardagsrummet. Med sin ergonomiska design, tjocka stoppning och mjuka tyg, erbjuder skrivbordsstolen extra komfort vid l\u00e4ngre anv\u00e4ndning. Du kan ocks\u00e5 justera sitth\u00f6jden helt enligt dina preferenser. Arbetsstolens sv\u00e4nghjul ger ocks\u00e5 flexibel r\u00f6rlighet.<\/p>\n<p>Beskrivning:<\/p>\n<ul>\n<li> Ergonomisk linjedesign p\u00e5 den roterande stolen med hjul med tjockt stoppad sits, ger extra komfort<\/li>\n<li> Mjukt skum<\/li>\n<li> Den justerbara sitth\u00f6jden p\u00e5 den roterande stolen kan anpassas till ditt skrivbord och dina preferenser<\/li>\n<li> Roterande hjul och sits ger enkel och flexibel r\u00f6rlighet<\/li>\n<li> Mussel-form med linjedesign ger en stilfull touch<\/li>\n<li> Montering kr\u00e4vs<\/li>\n<\/ul>\n<p> Tekniska data:<\/p>\n<ul>\n<li> F\u00e4rg: Gr\u00f6n<\/li>\n<li> Material: Sammet (100% polyester), skum, metall, nylon<\/li>\n<li> Totala m\u00e5tt: 49B x 60T x 79-91H cm<\/li>\n<li> Sitsm\u00e5tt: 45B x 44T x 46-58H cm<\/li>\n<li> Ryggstorlek: 34B x 48T cm<\/li>\n<li> Maximal belastning: 120 kg<\/li>\n<\/ul>\n<p>Leveransinneh\u00e5ll:<\/p>\n<ul>\n<li> 1 x Skrivbordsstol<\/li>\n<li> 1 x Instruktioner<\/li>\n<\/ul>\n","protected":false},"excerpt":{"rendered":"<p>V\u00e4lj denna kontorsstol fr\u00e5n TRUUSK f\u00f6r avkoppling eller f\u00f6r ditt arbete. Du kan placera datorstolen p\u00e5 kontoret, i sovrummet eller&#8230;<\/p>\n","protected":false},"featured_media":66094,"template":"","meta":[],"product_brand":[],"product_cat":[872,871,516],"product_tag":[],"class_list":{"0":"post-66103","1":"product","2":"type-product","3":"status-publish","4":"has-post-thumbnail","6":"product_cat-hemmakontor-arbetsplats","7":"product_cat-hus-hem","8":"product_cat-kontorsstolar","10":"first","11":"instock","12":"sale","13":"taxable","14":"shipping-taxable","15":"purchasable","16":"product-type-simple"},"yoast_head":"<!-- This site is optimized with the Yoast SEO plugin v25.4 - https:\/\/yoast.com\/wordpress\/plugins\/seo\/ -->\n<title>TRUUSK Skrivbordsstol - H\u00f6jdjusterbar och Roterande - Ergonomisk Sminkstol - Gr\u00f6n - TRUUSK - Hem, Tr\u00e4dg\u00e5rd &amp; Fritid<\/title>\n<meta name=\"robots\" content=\"index, follow, max-snippet:-1, max-image-preview:large, max-video-preview:-1\" \/>\n<link rel=\"canonical\" href=\"https:\/\/truusk.store\/sv\/produkt\/truusk-skrivbordsstol-hojdjusterbar-och-roterande-ergonomisk-sminkstol-gron\/\" \/>\n<meta property=\"og:locale\" content=\"sv_SE\" \/>\n<meta property=\"og:type\" content=\"article\" \/>\n<meta property=\"og:title\" content=\"TRUUSK Skrivbordsstol - H\u00f6jdjusterbar och Roterande - Ergonomisk Sminkstol - Gr\u00f6n - TRUUSK - Hem, Tr\u00e4dg\u00e5rd &amp; Fritid\" \/>\n<meta property=\"og:description\" content=\"V\u00e4lj denna kontorsstol fr\u00e5n TRUUSK f\u00f6r avkoppling eller f\u00f6r ditt arbete. Du kan placera datorstolen p\u00e5 kontoret, i sovrummet eller...\" \/>\n<meta property=\"og:url\" content=\"https:\/\/truusk.store\/sv\/produkt\/truusk-skrivbordsstol-hojdjusterbar-och-roterande-ergonomisk-sminkstol-gron\/\" \/>\n<meta property=\"og:site_name\" content=\"TRUUSK - Hem, Tr\u00e4dg\u00e5rd &amp; Fritid\" \/>\n<meta property=\"article:modified_time\" content=\"2026-03-12T08:07:09+00:00\" \/>\n<meta property=\"og:image\" content=\"https:\/\/i0.wp.com\/truusk.se\/wp-content\/uploads\/2025\/06\/skrivbordsstol-hojdjusterbar-hemmakontorsstol-utan-armstod-roterande-kontorsstol-med-sammet-utseende-ergonomisk-sminkstol-for-sovrum-arbetsrum-gron-1.webp?fit=2000%2C2000&ssl=1\" \/>\n\t<meta property=\"og:image:width\" content=\"2000\" \/>\n\t<meta property=\"og:image:height\" content=\"2000\" \/>\n\t<meta property=\"og:image:type\" content=\"image\/webp\" \/>\n<meta name=\"twitter:card\" content=\"summary_large_image\" \/>\n<meta name=\"twitter:label1\" content=\"Ber\u00e4knad l\u00e4stid\" \/>\n\t<meta name=\"twitter:data1\" content=\"1 minut\" \/>\n<!-- \/ Yoast SEO plugin. -->","yoast_head_json":{"title":"TRUUSK Skrivbordsstol - H\u00f6jdjusterbar och Roterande - Ergonomisk Sminkstol - Gr\u00f6n - TRUUSK - Hem, Tr\u00e4dg\u00e5rd &amp; Fritid","robots":{"index":"index","follow":"follow","max-snippet":"max-snippet:-1","max-image-preview":"max-image-preview:large","max-video-preview":"max-video-preview:-1"},"canonical":"https:\/\/truusk.store\/sv\/produkt\/truusk-skrivbordsstol-hojdjusterbar-och-roterande-ergonomisk-sminkstol-gron\/","og_locale":"sv_SE","og_type":"article","og_title":"TRUUSK Skrivbordsstol - H\u00f6jdjusterbar och Roterande - Ergonomisk Sminkstol - Gr\u00f6n - TRUUSK - Hem, Tr\u00e4dg\u00e5rd &amp; Fritid","og_description":"V\u00e4lj denna kontorsstol fr\u00e5n TRUUSK f\u00f6r avkoppling eller f\u00f6r ditt arbete. Du kan placera datorstolen p\u00e5 kontoret, i sovrummet eller...","og_url":"https:\/\/truusk.store\/sv\/produkt\/truusk-skrivbordsstol-hojdjusterbar-och-roterande-ergonomisk-sminkstol-gron\/","og_site_name":"TRUUSK - Hem, Tr\u00e4dg\u00e5rd &amp; Fritid","article_modified_time":"2026-03-12T08:07:09+00:00","og_image":[{"width":2000,"height":2000,"url":"https:\/\/i0.wp.com\/truusk.se\/wp-content\/uploads\/2025\/06\/skrivbordsstol-hojdjusterbar-hemmakontorsstol-utan-armstod-roterande-kontorsstol-med-sammet-utseende-ergonomisk-sminkstol-for-sovrum-arbetsrum-gron-1.webp?fit=2000%2C2000&ssl=1","type":"image\/webp"}],"twitter_card":"summary_large_image","twitter_misc":{"Ber\u00e4knad l\u00e4stid":"1 minut"},"schema":{"@context":"https:\/\/schema.org","@graph":[{"@type":"WebPage","@id":"https:\/\/truusk.store\/sv\/produkt\/truusk-skrivbordsstol-hojdjusterbar-och-roterande-ergonomisk-sminkstol-gron\/","url":"https:\/\/truusk.store\/sv\/produkt\/truusk-skrivbordsstol-hojdjusterbar-och-roterande-ergonomisk-sminkstol-gron\/","name":"TRUUSK Skrivbordsstol - H\u00f6jdjusterbar och Roterande - Ergonomisk Sminkstol - Gr\u00f6n - TRUUSK - Hem, Tr\u00e4dg\u00e5rd &amp; Fritid","isPartOf":{"@id":"https:\/\/truusk.store\/sv\/#website"},"primaryImageOfPage":{"@id":"https:\/\/truusk.store\/sv\/produkt\/truusk-skrivbordsstol-hojdjusterbar-och-roterande-ergonomisk-sminkstol-gron\/#primaryimage"},"image":{"@id":"https:\/\/truusk.store\/sv\/produkt\/truusk-skrivbordsstol-hojdjusterbar-och-roterande-ergonomisk-sminkstol-gron\/#primaryimage"},"thumbnailUrl":"https:\/\/i0.wp.com\/truusk.store\/wp-content\/uploads\/2025\/06\/skrivbordsstol-hojdjusterbar-hemmakontorsstol-utan-armstod-roterande-kontorsstol-med-sammet-utseende-ergonomisk-sminkstol-for-sovrum-arbetsrum-gron-1.webp?fit=2000%2C2000&ssl=1","datePublished":"2025-06-05T11:11:40+00:00","dateModified":"2026-03-12T08:07:09+00:00","breadcrumb":{"@id":"https:\/\/truusk.store\/sv\/produkt\/truusk-skrivbordsstol-hojdjusterbar-och-roterande-ergonomisk-sminkstol-gron\/#breadcrumb"},"inLanguage":"sv-SE","potentialAction":[{"@type":"ReadAction","target":["https:\/\/truusk.store\/sv\/produkt\/truusk-skrivbordsstol-hojdjusterbar-och-roterande-ergonomisk-sminkstol-gron\/"]}]},{"@type":"ImageObject","inLanguage":"sv-SE","@id":"https:\/\/truusk.store\/sv\/produkt\/truusk-skrivbordsstol-hojdjusterbar-och-roterande-ergonomisk-sminkstol-gron\/#primaryimage","url":"https:\/\/i0.wp.com\/truusk.store\/wp-content\/uploads\/2025\/06\/skrivbordsstol-hojdjusterbar-hemmakontorsstol-utan-armstod-roterande-kontorsstol-med-sammet-utseende-ergonomisk-sminkstol-for-sovrum-arbetsrum-gron-1.webp?fit=2000%2C2000&ssl=1","contentUrl":"https:\/\/i0.wp.com\/truusk.store\/wp-content\/uploads\/2025\/06\/skrivbordsstol-hojdjusterbar-hemmakontorsstol-utan-armstod-roterande-kontorsstol-med-sammet-utseende-ergonomisk-sminkstol-for-sovrum-arbetsrum-gron-1.webp?fit=2000%2C2000&ssl=1","width":2000,"height":2000},{"@type":"BreadcrumbList","@id":"https:\/\/truusk.store\/sv\/produkt\/truusk-skrivbordsstol-hojdjusterbar-och-roterande-ergonomisk-sminkstol-gron\/#breadcrumb","itemListElement":[{"@type":"ListItem","position":1,"name":"Home","item":"https:\/\/truusk.store\/sv\/"},{"@type":"ListItem","position":2,"name":"Shop","item":"https:\/\/truusk.store\/shop\/"},{"@type":"ListItem","position":3,"name":"TRUUSK Skrivbordsstol &#8211; H\u00f6jdjusterbar och Roterande &#8211; Ergonomisk Sminkstol &#8211; Gr\u00f6n"}]},{"@type":"WebSite","@id":"https:\/\/truusk.store\/sv\/#website","url":"https:\/\/truusk.store\/sv\/","name":"TRUUSK - Hem, Tr\u00e4dg\u00e5rd & Fritid","description":"","publisher":{"@id":"https:\/\/truusk.store\/sv\/#organization"},"potentialAction":[{"@type":"SearchAction","target":{"@type":"EntryPoint","urlTemplate":"https:\/\/truusk.store\/sv\/?s={search_term_string}"},"query-input":{"@type":"PropertyValueSpecification","valueRequired":true,"valueName":"search_term_string"}}],"inLanguage":"sv-SE"},{"@type":"Organization","@id":"https:\/\/truusk.store\/sv\/#organization","name":"TRUUSK - Hem, Tr\u00e4dg\u00e5rd & Fritid","url":"https:\/\/truusk.store\/sv\/","logo":{"@type":"ImageObject","inLanguage":"sv-SE","@id":"https:\/\/truusk.store\/sv\/#\/schema\/logo\/image\/","url":"https:\/\/i0.wp.com\/truusk.store\/wp-content\/uploads\/2026\/03\/cropped-TRUUSK.png?fit=2032%2C917&ssl=1","contentUrl":"https:\/\/i0.wp.com\/truusk.store\/wp-content\/uploads\/2026\/03\/cropped-TRUUSK.png?fit=2032%2C917&ssl=1","width":2032,"height":917,"caption":"TRUUSK - Hem, Tr\u00e4dg\u00e5rd & Fritid"},"image":{"@id":"https:\/\/truusk.store\/sv\/#\/schema\/logo\/image\/"}}]}},"jetpack_sharing_enabled":true,"_links":{"self":[{"href":"https:\/\/truusk.store\/sv\/wp-json\/wp\/v2\/product\/66103","targetHints":{"allow":["GET"]}}],"collection":[{"href":"https:\/\/truusk.store\/sv\/wp-json\/wp\/v2\/product"}],"about":[{"href":"https:\/\/truusk.store\/sv\/wp-json\/wp\/v2\/types\/product"}],"wp:featuredmedia":[{"embeddable":true,"href":"https:\/\/truusk.store\/sv\/wp-json\/wp\/v2\/media\/66094"}],"wp:attachment":[{"href":"https:\/\/truusk.store\/sv\/wp-json\/wp\/v2\/media?parent=66103"}],"wp:term":[{"taxonomy":"product_brand","embeddable":true,"href":"https:\/\/truusk.store\/sv\/wp-json\/wp\/v2\/product_brand?post=66103"},{"taxonomy":"product_cat","embeddable":true,"href":"https:\/\/truusk.store\/sv\/wp-json\/wp\/v2\/product_cat?post=66103"},{"taxonomy":"product_tag","embeddable":true,"href":"https:\/\/truusk.store\/sv\/wp-json\/wp\/v2\/product_tag?post=66103"}],"curies":[{"name":"wp","href":"https:\/\/api.w.org\/{rel}","templated":true}]}}