{"id":66113,"date":"2025-06-05T12:12:48","date_gmt":"2025-06-05T11:12:48","guid":{"rendered":"https:\/\/truusk.store\/product\/sportnow-utomhusbasketkorg-justerbar-korg-hojd-230-305-cm-basketstall-med-110-x-75-cm-okrossbar-bakvagg-med-hjul-fjadrande-korg-vikt-for-vuxna\/"},"modified":"2026-03-12T09:44:43","modified_gmt":"2026-03-12T08:44:43","slug":"truusk-justerbar-utomhusbasketkorg-230-305-cm-hojd-okrossbar-bakvagg-fjadrande-korg-med-hjul-for-vuxna","status":"publish","type":"product","link":"https:\/\/truusk.store\/sv\/produkt\/truusk-justerbar-utomhusbasketkorg-230-305-cm-hojd-okrossbar-bakvagg-fjadrande-korg-med-hjul-for-vuxna\/","title":{"rendered":"TRUUSK Justerbar Utomhusbasketkorg &#8211; 230-305 cm H\u00f6jd &#8211; Okrossbar Bakv\u00e4gg &#8211; Fj\u00e4drande Korg &#8211; Med Hjul &#8211; F\u00f6r Vuxna"},"content":{"rendered":"<p>L\u00e5t korgarna regna med den mobila SPORTNOW basketst\u00e4llningen! Med 6 justerbara korg h\u00f6jder fr\u00e5n 235 till 305 cm \u00e4r den idealisk f\u00f6r alla \u00e5ldersgrupper och niv\u00e5er. Den stabila basen p\u00e5 basketkorgen kan fyllas med 65 kg vatten, 75 kg sand eller 85 kg kombinerat f\u00f6r att s\u00e4kerst\u00e4lla fast grepp. Njut av snabba spel tack vare den fj\u00e4drande korgen och den robusta bakv\u00e4ggen och flytta den enkelt med de inbyggda hjulen. Perfekt f\u00f6r varje basketentusiast.<\/p>\n<p>Beskrivning:<\/p>\n<ul>\n<li> Sex h\u00f6jdinst\u00e4llningar av basketkorgen fr\u00e5n 235-305 cm, snabbt justerbar via handtaget<\/li>\n<li> Basen kan fyllas med 65 kg vatten, 75 kg sand eller 85 kg sand + vatten<\/li>\n<li> Inklusive gratis viktp\u00e5se, rymmer upp till 30 kg sand (utan fyllning)<\/li>\n<li> Fj\u00e4drande korg och br\u00e4ckfri bakv\u00e4gg f\u00f6rst\u00e4rker spels\u00e4kerheten<\/li>\n<li> Inbyggda hjul p\u00e5 basketst\u00e4llningen underl\u00e4ttar platsbyte<\/li>\n<li> Bollh\u00e5llare erbjuder extra f\u00f6rvaringskomfort<\/li>\n<\/ul>\n<p>Tekniska data:<\/p>\n<ul>\n<li> F\u00e4rg: Svart<\/li>\n<li> Material: St\u00e5l, plast, PE<\/li>\n<li> Bakv\u00e4ggstorlek: 110B x 75H cm<\/li>\n<li> Basstorlek: 90L x 60B x 15H cm<\/li>\n<li> Korgstorlek: \u00d845 cm<\/li>\n<li> Korg h\u00f6jd: 2,35 m, 2,5 m, 2,65 m, 2,8 m, 2,9 m, 3,05 m<\/li>\n<li> H\u00f6jd p\u00e5 basketst\u00e4llningen: 300\u2013370 cm<\/li>\n<li> M\u00e5tt p\u00e5 viktbox: 60L x 30B x 20H cm<\/li>\n<\/ul>\n<p>Leverans inneh\u00e5ller:<\/p>\n<ul>\n<li> 1 x Basketst\u00e4llning<\/li>\n<li> 1 x Vikt<\/li>\n<li> 1 x Handbok<\/li>\n<\/ul>\n","protected":false},"excerpt":{"rendered":"<p>L\u00e5t korgarna regna med den mobila SPORTNOW basketst\u00e4llningen! Med 6 justerbara korg h\u00f6jder fr\u00e5n 235 till 305 cm \u00e4r den&#8230;<\/p>\n","protected":false},"featured_media":66104,"template":"","meta":[],"product_brand":[],"product_cat":[880,939,953,616],"product_tag":[],"class_list":{"0":"post-66113","1":"product","2":"type-product","3":"status-publish","4":"has-post-thumbnail","6":"product_cat-baby-barn-2","7":"product_cat-barnsport","8":"product_cat-basketballstander","9":"product_cat-utomhusleksaker","11":"first","12":"instock","13":"sale","14":"taxable","15":"shipping-taxable","16":"purchasable","17":"product-type-simple"},"yoast_head":"<!-- This site is optimized with the Yoast SEO plugin v25.4 - https:\/\/yoast.com\/wordpress\/plugins\/seo\/ -->\n<title>TRUUSK Justerbar Utomhusbasketkorg - 230-305 cm H\u00f6jd - Okrossbar Bakv\u00e4gg - Fj\u00e4drande Korg - Med Hjul - F\u00f6r Vuxna - TRUUSK - Hem, Tr\u00e4dg\u00e5rd &amp; Fritid<\/title>\n<meta name=\"robots\" content=\"index, follow, max-snippet:-1, max-image-preview:large, max-video-preview:-1\" \/>\n<link rel=\"canonical\" href=\"https:\/\/truusk.store\/sv\/produkt\/truusk-justerbar-utomhusbasketkorg-230-305-cm-hojd-okrossbar-bakvagg-fjadrande-korg-med-hjul-for-vuxna\/\" \/>\n<meta property=\"og:locale\" content=\"sv_SE\" \/>\n<meta property=\"og:type\" content=\"article\" \/>\n<meta property=\"og:title\" content=\"TRUUSK Justerbar Utomhusbasketkorg - 230-305 cm H\u00f6jd - Okrossbar Bakv\u00e4gg - Fj\u00e4drande Korg - Med Hjul - F\u00f6r Vuxna - TRUUSK - Hem, Tr\u00e4dg\u00e5rd &amp; Fritid\" \/>\n<meta property=\"og:description\" content=\"L\u00e5t korgarna regna med den mobila SPORTNOW basketst\u00e4llningen! Med 6 justerbara korg h\u00f6jder fr\u00e5n 235 till 305 cm \u00e4r den...\" \/>\n<meta property=\"og:url\" content=\"https:\/\/truusk.store\/sv\/produkt\/truusk-justerbar-utomhusbasketkorg-230-305-cm-hojd-okrossbar-bakvagg-fjadrande-korg-med-hjul-for-vuxna\/\" \/>\n<meta property=\"og:site_name\" content=\"TRUUSK - Hem, Tr\u00e4dg\u00e5rd &amp; Fritid\" \/>\n<meta property=\"article:modified_time\" content=\"2026-03-12T08:44:43+00:00\" \/>\n<meta property=\"og:image\" content=\"https:\/\/i0.wp.com\/truusk.se\/wp-content\/uploads\/2025\/06\/sportnow-utomhusbasketkorg-justerbar-korg-hojd-230-305-cm-basketstall-med-110-x-75-cm-okrossbar-bakvagg-med-hjul-fjadrande-korg-vikt-for-vuxna-1.webp?fit=2000%2C2000&ssl=1\" \/>\n\t<meta property=\"og:image:width\" content=\"2000\" \/>\n\t<meta property=\"og:image:height\" content=\"2000\" \/>\n\t<meta property=\"og:image:type\" content=\"image\/webp\" \/>\n<meta name=\"twitter:card\" content=\"summary_large_image\" \/>\n<meta name=\"twitter:label1\" content=\"Ber\u00e4knad l\u00e4stid\" \/>\n\t<meta name=\"twitter:data1\" content=\"1 minut\" \/>\n<!-- \/ Yoast SEO plugin. -->","yoast_head_json":{"title":"TRUUSK Justerbar Utomhusbasketkorg - 230-305 cm H\u00f6jd - Okrossbar Bakv\u00e4gg - Fj\u00e4drande Korg - Med Hjul - F\u00f6r Vuxna - TRUUSK - Hem, Tr\u00e4dg\u00e5rd &amp; Fritid","robots":{"index":"index","follow":"follow","max-snippet":"max-snippet:-1","max-image-preview":"max-image-preview:large","max-video-preview":"max-video-preview:-1"},"canonical":"https:\/\/truusk.store\/sv\/produkt\/truusk-justerbar-utomhusbasketkorg-230-305-cm-hojd-okrossbar-bakvagg-fjadrande-korg-med-hjul-for-vuxna\/","og_locale":"sv_SE","og_type":"article","og_title":"TRUUSK Justerbar Utomhusbasketkorg - 230-305 cm H\u00f6jd - Okrossbar Bakv\u00e4gg - Fj\u00e4drande Korg - Med Hjul - F\u00f6r Vuxna - TRUUSK - Hem, Tr\u00e4dg\u00e5rd &amp; Fritid","og_description":"L\u00e5t korgarna regna med den mobila SPORTNOW basketst\u00e4llningen! Med 6 justerbara korg h\u00f6jder fr\u00e5n 235 till 305 cm \u00e4r den...","og_url":"https:\/\/truusk.store\/sv\/produkt\/truusk-justerbar-utomhusbasketkorg-230-305-cm-hojd-okrossbar-bakvagg-fjadrande-korg-med-hjul-for-vuxna\/","og_site_name":"TRUUSK - Hem, Tr\u00e4dg\u00e5rd &amp; Fritid","article_modified_time":"2026-03-12T08:44:43+00:00","og_image":[{"width":2000,"height":2000,"url":"https:\/\/i0.wp.com\/truusk.se\/wp-content\/uploads\/2025\/06\/sportnow-utomhusbasketkorg-justerbar-korg-hojd-230-305-cm-basketstall-med-110-x-75-cm-okrossbar-bakvagg-med-hjul-fjadrande-korg-vikt-for-vuxna-1.webp?fit=2000%2C2000&ssl=1","type":"image\/webp"}],"twitter_card":"summary_large_image","twitter_misc":{"Ber\u00e4knad l\u00e4stid":"1 minut"},"schema":{"@context":"https:\/\/schema.org","@graph":[{"@type":"WebPage","@id":"https:\/\/truusk.store\/sv\/produkt\/truusk-justerbar-utomhusbasketkorg-230-305-cm-hojd-okrossbar-bakvagg-fjadrande-korg-med-hjul-for-vuxna\/","url":"https:\/\/truusk.store\/sv\/produkt\/truusk-justerbar-utomhusbasketkorg-230-305-cm-hojd-okrossbar-bakvagg-fjadrande-korg-med-hjul-for-vuxna\/","name":"TRUUSK Justerbar Utomhusbasketkorg - 230-305 cm H\u00f6jd - Okrossbar Bakv\u00e4gg - Fj\u00e4drande Korg - Med Hjul - F\u00f6r Vuxna - TRUUSK - Hem, Tr\u00e4dg\u00e5rd &amp; Fritid","isPartOf":{"@id":"https:\/\/truusk.store\/sv\/#website"},"primaryImageOfPage":{"@id":"https:\/\/truusk.store\/sv\/produkt\/truusk-justerbar-utomhusbasketkorg-230-305-cm-hojd-okrossbar-bakvagg-fjadrande-korg-med-hjul-for-vuxna\/#primaryimage"},"image":{"@id":"https:\/\/truusk.store\/sv\/produkt\/truusk-justerbar-utomhusbasketkorg-230-305-cm-hojd-okrossbar-bakvagg-fjadrande-korg-med-hjul-for-vuxna\/#primaryimage"},"thumbnailUrl":"https:\/\/i0.wp.com\/truusk.store\/wp-content\/uploads\/2025\/06\/sportnow-utomhusbasketkorg-justerbar-korg-hojd-230-305-cm-basketstall-med-110-x-75-cm-okrossbar-bakvagg-med-hjul-fjadrande-korg-vikt-for-vuxna-1.webp?fit=2000%2C2000&ssl=1","datePublished":"2025-06-05T11:12:48+00:00","dateModified":"2026-03-12T08:44:43+00:00","breadcrumb":{"@id":"https:\/\/truusk.store\/sv\/produkt\/truusk-justerbar-utomhusbasketkorg-230-305-cm-hojd-okrossbar-bakvagg-fjadrande-korg-med-hjul-for-vuxna\/#breadcrumb"},"inLanguage":"sv-SE","potentialAction":[{"@type":"ReadAction","target":["https:\/\/truusk.store\/sv\/produkt\/truusk-justerbar-utomhusbasketkorg-230-305-cm-hojd-okrossbar-bakvagg-fjadrande-korg-med-hjul-for-vuxna\/"]}]},{"@type":"ImageObject","inLanguage":"sv-SE","@id":"https:\/\/truusk.store\/sv\/produkt\/truusk-justerbar-utomhusbasketkorg-230-305-cm-hojd-okrossbar-bakvagg-fjadrande-korg-med-hjul-for-vuxna\/#primaryimage","url":"https:\/\/i0.wp.com\/truusk.store\/wp-content\/uploads\/2025\/06\/sportnow-utomhusbasketkorg-justerbar-korg-hojd-230-305-cm-basketstall-med-110-x-75-cm-okrossbar-bakvagg-med-hjul-fjadrande-korg-vikt-for-vuxna-1.webp?fit=2000%2C2000&ssl=1","contentUrl":"https:\/\/i0.wp.com\/truusk.store\/wp-content\/uploads\/2025\/06\/sportnow-utomhusbasketkorg-justerbar-korg-hojd-230-305-cm-basketstall-med-110-x-75-cm-okrossbar-bakvagg-med-hjul-fjadrande-korg-vikt-for-vuxna-1.webp?fit=2000%2C2000&ssl=1","width":2000,"height":2000},{"@type":"BreadcrumbList","@id":"https:\/\/truusk.store\/sv\/produkt\/truusk-justerbar-utomhusbasketkorg-230-305-cm-hojd-okrossbar-bakvagg-fjadrande-korg-med-hjul-for-vuxna\/#breadcrumb","itemListElement":[{"@type":"ListItem","position":1,"name":"Home","item":"https:\/\/truusk.store\/sv\/"},{"@type":"ListItem","position":2,"name":"Shop","item":"https:\/\/truusk.store\/shop\/"},{"@type":"ListItem","position":3,"name":"TRUUSK Justerbar Utomhusbasketkorg &#8211; 230-305 cm H\u00f6jd &#8211; Okrossbar Bakv\u00e4gg &#8211; Fj\u00e4drande Korg &#8211; Med Hjul &#8211; F\u00f6r Vuxna"}]},{"@type":"WebSite","@id":"https:\/\/truusk.store\/sv\/#website","url":"https:\/\/truusk.store\/sv\/","name":"TRUUSK - Hem, Tr\u00e4dg\u00e5rd & Fritid","description":"","publisher":{"@id":"https:\/\/truusk.store\/sv\/#organization"},"potentialAction":[{"@type":"SearchAction","target":{"@type":"EntryPoint","urlTemplate":"https:\/\/truusk.store\/sv\/?s={search_term_string}"},"query-input":{"@type":"PropertyValueSpecification","valueRequired":true,"valueName":"search_term_string"}}],"inLanguage":"sv-SE"},{"@type":"Organization","@id":"https:\/\/truusk.store\/sv\/#organization","name":"TRUUSK - Hem, Tr\u00e4dg\u00e5rd & Fritid","url":"https:\/\/truusk.store\/sv\/","logo":{"@type":"ImageObject","inLanguage":"sv-SE","@id":"https:\/\/truusk.store\/sv\/#\/schema\/logo\/image\/","url":"https:\/\/i0.wp.com\/truusk.store\/wp-content\/uploads\/2026\/03\/cropped-TRUUSK.png?fit=2032%2C917&ssl=1","contentUrl":"https:\/\/i0.wp.com\/truusk.store\/wp-content\/uploads\/2026\/03\/cropped-TRUUSK.png?fit=2032%2C917&ssl=1","width":2032,"height":917,"caption":"TRUUSK - Hem, Tr\u00e4dg\u00e5rd & Fritid"},"image":{"@id":"https:\/\/truusk.store\/sv\/#\/schema\/logo\/image\/"}}]}},"jetpack_sharing_enabled":true,"_links":{"self":[{"href":"https:\/\/truusk.store\/sv\/wp-json\/wp\/v2\/product\/66113","targetHints":{"allow":["GET"]}}],"collection":[{"href":"https:\/\/truusk.store\/sv\/wp-json\/wp\/v2\/product"}],"about":[{"href":"https:\/\/truusk.store\/sv\/wp-json\/wp\/v2\/types\/product"}],"wp:featuredmedia":[{"embeddable":true,"href":"https:\/\/truusk.store\/sv\/wp-json\/wp\/v2\/media\/66104"}],"wp:attachment":[{"href":"https:\/\/truusk.store\/sv\/wp-json\/wp\/v2\/media?parent=66113"}],"wp:term":[{"taxonomy":"product_brand","embeddable":true,"href":"https:\/\/truusk.store\/sv\/wp-json\/wp\/v2\/product_brand?post=66113"},{"taxonomy":"product_cat","embeddable":true,"href":"https:\/\/truusk.store\/sv\/wp-json\/wp\/v2\/product_cat?post=66113"},{"taxonomy":"product_tag","embeddable":true,"href":"https:\/\/truusk.store\/sv\/wp-json\/wp\/v2\/product_tag?post=66113"}],"curies":[{"name":"wp","href":"https:\/\/api.w.org\/{rel}","templated":true}]}}