{"id":66143,"date":"2025-06-05T12:15:42","date_gmt":"2025-06-05T11:15:42","guid":{"rendered":"https:\/\/truusk.store\/product\/golvlykta-vardagsrum-golvlykta-med-linne-lampskarm-dragkedjebrytare-staende-lampa-med-stalstallning-e27-sockel-staende-lampa-for-sovrum-kramvit\/"},"modified":"2026-03-12T09:14:23","modified_gmt":"2026-03-12T08:14:23","slug":"truusk-golvlampa-for-vardagsrum-linneskarm-dragkedja-staende-lampa-med-stalstativ-e27-sockel-sovrumsbelysning-kramvit","status":"publish","type":"product","link":"https:\/\/truusk.store\/sv\/produkt\/truusk-golvlampa-for-vardagsrum-linneskarm-dragkedja-staende-lampa-med-stalstativ-e27-sockel-sovrumsbelysning-kramvit\/","title":{"rendered":"TRUUSK Golvlampa f\u00f6r Vardagsrum &#8211; Linnesk\u00e4rm &#8211; Dragkedja &#8211; St\u00e5ende Lampa med St\u00e5lstativ &#8211; E27 Sockel &#8211; Sovrumsbelysning &#8211; Kr\u00e4mvit"},"content":{"rendered":"<p>Denna enkla och eleganta TRUUSK golvlampa med en rak st\u00e5lfot och en tygsk\u00e4rm passar stilfullt in i alla rum. Ljuset som filtreras genom lampsk\u00e4rmens skapar en mjuk, varm belysning n\u00e4r den \u00e4r p\u00e5slagen, vilket skapar en mysig atmosf\u00e4r. Kan placeras n\u00e4stan var som helst.<\/p>\n<p>Beskrivning:<\/p>\n<ul>\n<li> Vacker, enkel och elegant golvlampa med f\u00f6rgylld st\u00e5lfot och tygsk\u00e4rm<\/li>\n<li> Elegant design av golvlampan, som anpassar sig till alla rum och stilar: vardagsrum, sovrum, kontor, entr\u00e9 etc.<\/li>\n<li> Mjukt ljus skapar en varm atmosf\u00e4r<\/li>\n<li> St\u00e5lstommen \u00e4r robust, med en rundad bas f\u00f6r att lampan ska st\u00e5 stabilt<\/li>\n<li> L\u00e4tt att anv\u00e4nda tack vare dragkedjans str\u00f6mbrytare<\/li>\n<li> E27-sockel: l\u00e4mplig f\u00f6r LED-lampor, halogenlampor och gl\u00f6dlampor (ljusk\u00e4lla ing\u00e5r inte)<\/li>\n<li> L\u00e5ng str\u00f6mkabel p\u00e5 1,8 m<\/li>\n<li> Enkel och snabb montering, illustrerad instruktion ing\u00e5r<\/li>\n<\/ul>\n<p> Tekniska data:<\/p>\n<ul>\n<li> F\u00e4rger: Guld+Cremevit<\/li>\n<li> Material: Galvaniserat st\u00e5l, linne<\/li>\n<li> Totala dimensioner: 25,5L x 25,5B x 157H cm<\/li>\n<li> M\u00e5tt p\u00e5 lampsk\u00e4rmen: \u00d825 x 40H cm<\/li>\n<li> Basdimensioner: \u00d82,5 x 2,8H cm<\/li>\n<li> L\u00e4ngd p\u00e5 str\u00f6mkabel: 1,8 m<\/li>\n<li> E27-sockel: Gl\u00f6dlampa ing\u00e5r inte<\/li>\n<li> Maximal effekt: 40 W<\/li>\n<li> Sp\u00e4nning: 220-240 V\/50 Hz<\/li>\n<\/ul>\n<p>Leveransinneh\u00e5ll:<\/p>\n<ul>\n<li> 1 x Golvlampa<\/li>\n<li> 1 x Instruktion<\/li>\n<\/ul>\n","protected":false},"excerpt":{"rendered":"<p>Denna enkla och eleganta TRUUSK golvlampa med en rak st\u00e5lfot och en tygsk\u00e4rm passar stilfullt in i alla rum. Ljuset&#8230;<\/p>\n","protected":false},"featured_media":66134,"template":"","meta":[],"product_brand":[],"product_cat":[486,907,871],"product_tag":[],"class_list":{"0":"post-66143","1":"product","2":"type-product","3":"status-publish","4":"has-post-thumbnail","6":"product_cat-belysning","7":"product_cat-golvlampor","8":"product_cat-hus-hem","10":"first","11":"instock","12":"sale","13":"taxable","14":"shipping-taxable","15":"purchasable","16":"product-type-simple"},"yoast_head":"<!-- This site is optimized with the Yoast SEO plugin v25.4 - https:\/\/yoast.com\/wordpress\/plugins\/seo\/ -->\n<title>TRUUSK Golvlampa f\u00f6r Vardagsrum - Linnesk\u00e4rm - Dragkedja - St\u00e5ende Lampa med St\u00e5lstativ - E27 Sockel - Sovrumsbelysning - Kr\u00e4mvit - TRUUSK - Hem, Tr\u00e4dg\u00e5rd &amp; Fritid<\/title>\n<meta name=\"robots\" content=\"index, follow, max-snippet:-1, max-image-preview:large, max-video-preview:-1\" \/>\n<link rel=\"canonical\" href=\"https:\/\/truusk.store\/sv\/produkt\/truusk-golvlampa-for-vardagsrum-linneskarm-dragkedja-staende-lampa-med-stalstativ-e27-sockel-sovrumsbelysning-kramvit\/\" \/>\n<meta property=\"og:locale\" content=\"sv_SE\" \/>\n<meta property=\"og:type\" content=\"article\" \/>\n<meta property=\"og:title\" content=\"TRUUSK Golvlampa f\u00f6r Vardagsrum - Linnesk\u00e4rm - Dragkedja - St\u00e5ende Lampa med St\u00e5lstativ - E27 Sockel - Sovrumsbelysning - Kr\u00e4mvit - TRUUSK - Hem, Tr\u00e4dg\u00e5rd &amp; Fritid\" \/>\n<meta property=\"og:description\" content=\"Denna enkla och eleganta TRUUSK golvlampa med en rak st\u00e5lfot och en tygsk\u00e4rm passar stilfullt in i alla rum. Ljuset...\" \/>\n<meta property=\"og:url\" content=\"https:\/\/truusk.store\/sv\/produkt\/truusk-golvlampa-for-vardagsrum-linneskarm-dragkedja-staende-lampa-med-stalstativ-e27-sockel-sovrumsbelysning-kramvit\/\" \/>\n<meta property=\"og:site_name\" content=\"TRUUSK - Hem, Tr\u00e4dg\u00e5rd &amp; Fritid\" \/>\n<meta property=\"article:modified_time\" content=\"2026-03-12T08:14:23+00:00\" \/>\n<meta property=\"og:image\" content=\"https:\/\/i0.wp.com\/truusk.se\/wp-content\/uploads\/2025\/06\/golvlykta-vardagsrum-golvlykta-med-linne-lampskarm-dragkedjebrytare-staende-lampa-med-stalstallning-e27-sockel-staende-lampa-for-sovrum-kramvit-1.webp?fit=2000%2C2000&ssl=1\" \/>\n\t<meta property=\"og:image:width\" content=\"2000\" \/>\n\t<meta property=\"og:image:height\" content=\"2000\" \/>\n\t<meta property=\"og:image:type\" content=\"image\/webp\" \/>\n<meta name=\"twitter:card\" content=\"summary_large_image\" \/>\n<meta name=\"twitter:label1\" content=\"Ber\u00e4knad l\u00e4stid\" \/>\n\t<meta name=\"twitter:data1\" content=\"1 minut\" \/>\n<!-- \/ Yoast SEO plugin. -->","yoast_head_json":{"title":"TRUUSK Golvlampa f\u00f6r Vardagsrum - Linnesk\u00e4rm - Dragkedja - St\u00e5ende Lampa med St\u00e5lstativ - E27 Sockel - Sovrumsbelysning - Kr\u00e4mvit - TRUUSK - Hem, Tr\u00e4dg\u00e5rd &amp; Fritid","robots":{"index":"index","follow":"follow","max-snippet":"max-snippet:-1","max-image-preview":"max-image-preview:large","max-video-preview":"max-video-preview:-1"},"canonical":"https:\/\/truusk.store\/sv\/produkt\/truusk-golvlampa-for-vardagsrum-linneskarm-dragkedja-staende-lampa-med-stalstativ-e27-sockel-sovrumsbelysning-kramvit\/","og_locale":"sv_SE","og_type":"article","og_title":"TRUUSK Golvlampa f\u00f6r Vardagsrum - Linnesk\u00e4rm - Dragkedja - St\u00e5ende Lampa med St\u00e5lstativ - E27 Sockel - Sovrumsbelysning - Kr\u00e4mvit - TRUUSK - Hem, Tr\u00e4dg\u00e5rd &amp; Fritid","og_description":"Denna enkla och eleganta TRUUSK golvlampa med en rak st\u00e5lfot och en tygsk\u00e4rm passar stilfullt in i alla rum. Ljuset...","og_url":"https:\/\/truusk.store\/sv\/produkt\/truusk-golvlampa-for-vardagsrum-linneskarm-dragkedja-staende-lampa-med-stalstativ-e27-sockel-sovrumsbelysning-kramvit\/","og_site_name":"TRUUSK - Hem, Tr\u00e4dg\u00e5rd &amp; Fritid","article_modified_time":"2026-03-12T08:14:23+00:00","og_image":[{"width":2000,"height":2000,"url":"https:\/\/i0.wp.com\/truusk.se\/wp-content\/uploads\/2025\/06\/golvlykta-vardagsrum-golvlykta-med-linne-lampskarm-dragkedjebrytare-staende-lampa-med-stalstallning-e27-sockel-staende-lampa-for-sovrum-kramvit-1.webp?fit=2000%2C2000&ssl=1","type":"image\/webp"}],"twitter_card":"summary_large_image","twitter_misc":{"Ber\u00e4knad l\u00e4stid":"1 minut"},"schema":{"@context":"https:\/\/schema.org","@graph":[{"@type":"WebPage","@id":"https:\/\/truusk.store\/sv\/produkt\/truusk-golvlampa-for-vardagsrum-linneskarm-dragkedja-staende-lampa-med-stalstativ-e27-sockel-sovrumsbelysning-kramvit\/","url":"https:\/\/truusk.store\/sv\/produkt\/truusk-golvlampa-for-vardagsrum-linneskarm-dragkedja-staende-lampa-med-stalstativ-e27-sockel-sovrumsbelysning-kramvit\/","name":"TRUUSK Golvlampa f\u00f6r Vardagsrum - Linnesk\u00e4rm - Dragkedja - St\u00e5ende Lampa med St\u00e5lstativ - E27 Sockel - Sovrumsbelysning - Kr\u00e4mvit - TRUUSK - Hem, Tr\u00e4dg\u00e5rd &amp; Fritid","isPartOf":{"@id":"https:\/\/truusk.store\/sv\/#website"},"primaryImageOfPage":{"@id":"https:\/\/truusk.store\/sv\/produkt\/truusk-golvlampa-for-vardagsrum-linneskarm-dragkedja-staende-lampa-med-stalstativ-e27-sockel-sovrumsbelysning-kramvit\/#primaryimage"},"image":{"@id":"https:\/\/truusk.store\/sv\/produkt\/truusk-golvlampa-for-vardagsrum-linneskarm-dragkedja-staende-lampa-med-stalstativ-e27-sockel-sovrumsbelysning-kramvit\/#primaryimage"},"thumbnailUrl":"https:\/\/i0.wp.com\/truusk.store\/wp-content\/uploads\/2025\/06\/golvlykta-vardagsrum-golvlykta-med-linne-lampskarm-dragkedjebrytare-staende-lampa-med-stalstallning-e27-sockel-staende-lampa-for-sovrum-kramvit-1.webp?fit=2000%2C2000&ssl=1","datePublished":"2025-06-05T11:15:42+00:00","dateModified":"2026-03-12T08:14:23+00:00","breadcrumb":{"@id":"https:\/\/truusk.store\/sv\/produkt\/truusk-golvlampa-for-vardagsrum-linneskarm-dragkedja-staende-lampa-med-stalstativ-e27-sockel-sovrumsbelysning-kramvit\/#breadcrumb"},"inLanguage":"sv-SE","potentialAction":[{"@type":"ReadAction","target":["https:\/\/truusk.store\/sv\/produkt\/truusk-golvlampa-for-vardagsrum-linneskarm-dragkedja-staende-lampa-med-stalstativ-e27-sockel-sovrumsbelysning-kramvit\/"]}]},{"@type":"ImageObject","inLanguage":"sv-SE","@id":"https:\/\/truusk.store\/sv\/produkt\/truusk-golvlampa-for-vardagsrum-linneskarm-dragkedja-staende-lampa-med-stalstativ-e27-sockel-sovrumsbelysning-kramvit\/#primaryimage","url":"https:\/\/i0.wp.com\/truusk.store\/wp-content\/uploads\/2025\/06\/golvlykta-vardagsrum-golvlykta-med-linne-lampskarm-dragkedjebrytare-staende-lampa-med-stalstallning-e27-sockel-staende-lampa-for-sovrum-kramvit-1.webp?fit=2000%2C2000&ssl=1","contentUrl":"https:\/\/i0.wp.com\/truusk.store\/wp-content\/uploads\/2025\/06\/golvlykta-vardagsrum-golvlykta-med-linne-lampskarm-dragkedjebrytare-staende-lampa-med-stalstallning-e27-sockel-staende-lampa-for-sovrum-kramvit-1.webp?fit=2000%2C2000&ssl=1","width":2000,"height":2000},{"@type":"BreadcrumbList","@id":"https:\/\/truusk.store\/sv\/produkt\/truusk-golvlampa-for-vardagsrum-linneskarm-dragkedja-staende-lampa-med-stalstativ-e27-sockel-sovrumsbelysning-kramvit\/#breadcrumb","itemListElement":[{"@type":"ListItem","position":1,"name":"Home","item":"https:\/\/truusk.store\/sv\/"},{"@type":"ListItem","position":2,"name":"Shop","item":"https:\/\/truusk.store\/shop\/"},{"@type":"ListItem","position":3,"name":"TRUUSK Golvlampa f\u00f6r Vardagsrum &#8211; Linnesk\u00e4rm &#8211; Dragkedja &#8211; St\u00e5ende Lampa med St\u00e5lstativ &#8211; E27 Sockel &#8211; Sovrumsbelysning &#8211; Kr\u00e4mvit"}]},{"@type":"WebSite","@id":"https:\/\/truusk.store\/sv\/#website","url":"https:\/\/truusk.store\/sv\/","name":"TRUUSK - Hem, Tr\u00e4dg\u00e5rd & Fritid","description":"","publisher":{"@id":"https:\/\/truusk.store\/sv\/#organization"},"potentialAction":[{"@type":"SearchAction","target":{"@type":"EntryPoint","urlTemplate":"https:\/\/truusk.store\/sv\/?s={search_term_string}"},"query-input":{"@type":"PropertyValueSpecification","valueRequired":true,"valueName":"search_term_string"}}],"inLanguage":"sv-SE"},{"@type":"Organization","@id":"https:\/\/truusk.store\/sv\/#organization","name":"TRUUSK - Hem, Tr\u00e4dg\u00e5rd & Fritid","url":"https:\/\/truusk.store\/sv\/","logo":{"@type":"ImageObject","inLanguage":"sv-SE","@id":"https:\/\/truusk.store\/sv\/#\/schema\/logo\/image\/","url":"https:\/\/i0.wp.com\/truusk.store\/wp-content\/uploads\/2026\/03\/cropped-TRUUSK.png?fit=2032%2C917&ssl=1","contentUrl":"https:\/\/i0.wp.com\/truusk.store\/wp-content\/uploads\/2026\/03\/cropped-TRUUSK.png?fit=2032%2C917&ssl=1","width":2032,"height":917,"caption":"TRUUSK - Hem, Tr\u00e4dg\u00e5rd & Fritid"},"image":{"@id":"https:\/\/truusk.store\/sv\/#\/schema\/logo\/image\/"}}]}},"jetpack_sharing_enabled":true,"_links":{"self":[{"href":"https:\/\/truusk.store\/sv\/wp-json\/wp\/v2\/product\/66143","targetHints":{"allow":["GET"]}}],"collection":[{"href":"https:\/\/truusk.store\/sv\/wp-json\/wp\/v2\/product"}],"about":[{"href":"https:\/\/truusk.store\/sv\/wp-json\/wp\/v2\/types\/product"}],"wp:featuredmedia":[{"embeddable":true,"href":"https:\/\/truusk.store\/sv\/wp-json\/wp\/v2\/media\/66134"}],"wp:attachment":[{"href":"https:\/\/truusk.store\/sv\/wp-json\/wp\/v2\/media?parent=66143"}],"wp:term":[{"taxonomy":"product_brand","embeddable":true,"href":"https:\/\/truusk.store\/sv\/wp-json\/wp\/v2\/product_brand?post=66143"},{"taxonomy":"product_cat","embeddable":true,"href":"https:\/\/truusk.store\/sv\/wp-json\/wp\/v2\/product_cat?post=66143"},{"taxonomy":"product_tag","embeddable":true,"href":"https:\/\/truusk.store\/sv\/wp-json\/wp\/v2\/product_tag?post=66143"}],"curies":[{"name":"wp","href":"https:\/\/api.w.org\/{rel}","templated":true}]}}