{"id":66173,"date":"2025-06-05T12:18:50","date_gmt":"2025-06-05T11:18:50","guid":{"rendered":"https:\/\/truusk.store\/product\/kladstallning-pa-hjul-garderobsstallning-med-kladstang-skohylla-fristaende-garderob-av-stal-for-vardagsrum-sovrum-upp-till-16-kg-belastning-svart\/"},"modified":"2026-03-12T09:13:26","modified_gmt":"2026-03-12T08:13:26","slug":"truusk-kladstallning-pa-hjul-garderobsstallning-med-kladstang-skohylla-fristaende-garderob-av-stal-upp-till-16-kg","status":"publish","type":"product","link":"https:\/\/truusk.store\/sv\/produkt\/truusk-kladstallning-pa-hjul-garderobsstallning-med-kladstang-skohylla-fristaende-garderob-av-stal-upp-till-16-kg\/","title":{"rendered":"TRUUSK Kl\u00e4dst\u00e4llning P\u00e5 Hjul &#8211; Garderobsst\u00e4llning Med Kl\u00e4dst\u00e5ng &#8211; Skohylla &#8211; Frist\u00e5ende Garderob Av St\u00e5l &#8211; Upp Till 16 Kg"},"content":{"rendered":"<p>Denna mobila kl\u00e4dst\u00e4llning med hylla fr\u00e5n TRUUSK optimerar utrymmesanv\u00e4ndningen. Dess kompakta storlek \u00e4r idealisk f\u00f6r begr\u00e4nsade utrymmen som korridorer eller garderober. Den robusta ramen av pulverlackerat st\u00e5l p\u00e5 hallgarderoben b\u00e4r p\u00e5litligt rockar, jackor och andra kl\u00e4desplagg. Tv\u00e5 nedre hyllor p\u00e5 st\u00e4llgarderoben erbjuder f\u00f6rvaringsutrymme f\u00f6r skor och v\u00e4skor. Tack vare fyra smidiga hjul \u00e4r den dessutom l\u00e4tt att flytta.<\/p>\n<p>Beskrivning:<\/p>\n<ul>\n<li> H\u00e4ngskena och tv\u00e5 nedre hyllor p\u00e5 st\u00e4llgarderoben h\u00e5ller rockar, accessoarer, skor och v\u00e4skor snyggt och organiserat<\/li>\n<li> Stopp p\u00e5 varje sken\u00e4nda p\u00e5 garderobsst\u00e4llningen f\u00f6rhindrar att kl\u00e4der faller ner<\/li>\n<li> Pulverlackerad st\u00e5lram p\u00e5 kl\u00e4dst\u00e4llningen \u00e4r stark och robust<\/li>\n<li> Fyra hjul f\u00f6r enkel f\u00f6rflyttning. Tv\u00e5 av dem kan l\u00e5sas f\u00f6r att s\u00e4kerst\u00e4lla en stabil st\u00e4llning<\/li>\n<li> Maximal belastning 16 kg, montering kr\u00e4vs<\/li>\n<\/ul>\n<p>Tekniska data:<\/p>\n<ul>\n<li> F\u00e4rg: Svart<\/li>\n<li> Material: St\u00e5l, plast<\/li>\n<li> Totala dimensioner: 56,5L x 31,5B x 152,5H cm<\/li>\n<li> Korgstorlek: 53L x 30,5B cm (\u00d6vre), 53,6L x 32B cm (Nedre)<\/li>\n<li> L\u00e4ngd p\u00e5 kl\u00e4dst\u00e5ng: 37,3 cm<\/li>\n<li> B\u00e4rkapacitet: 16 kg (Totalt), 3 kg (Korg), 10 kg (Kl\u00e4dst\u00e5ng)<\/li>\n<\/ul>\n<p>Leveransinneh\u00e5ll:<\/p>\n<ul>\n<li> 1 x Garderobsst\u00e4llning med skohylla<\/li>\n<li> 1 x Bruksanvisning<\/li>\n<\/ul>\n","protected":false},"excerpt":{"rendered":"<p>Denna mobila kl\u00e4dst\u00e4llning med hylla fr\u00e5n TRUUSK optimerar utrymmesanv\u00e4ndningen. Dess kompakta storlek \u00e4r idealisk f\u00f6r begr\u00e4nsade utrymmen som korridorer eller&#8230;<\/p>\n","protected":false},"featured_media":66164,"template":"","meta":[],"product_brand":[],"product_cat":[893,871,560],"product_tag":[],"class_list":{"0":"post-66173","1":"product","2":"type-product","3":"status-publish","4":"has-post-thumbnail","6":"product_cat-garderob-hall","7":"product_cat-hus-hem","8":"product_cat-kladhangare","10":"first","11":"instock","12":"sale","13":"taxable","14":"shipping-taxable","15":"purchasable","16":"product-type-simple"},"yoast_head":"<!-- This site is optimized with the Yoast SEO plugin v25.4 - https:\/\/yoast.com\/wordpress\/plugins\/seo\/ -->\n<title>TRUUSK Kl\u00e4dst\u00e4llning P\u00e5 Hjul - Garderobsst\u00e4llning Med Kl\u00e4dst\u00e5ng - Skohylla - Frist\u00e5ende Garderob Av St\u00e5l - Upp Till 16 Kg - TRUUSK - Hem, Tr\u00e4dg\u00e5rd &amp; Fritid<\/title>\n<meta name=\"robots\" content=\"index, follow, max-snippet:-1, max-image-preview:large, max-video-preview:-1\" \/>\n<link rel=\"canonical\" href=\"https:\/\/truusk.store\/sv\/produkt\/truusk-kladstallning-pa-hjul-garderobsstallning-med-kladstang-skohylla-fristaende-garderob-av-stal-upp-till-16-kg\/\" \/>\n<meta property=\"og:locale\" content=\"sv_SE\" \/>\n<meta property=\"og:type\" content=\"article\" \/>\n<meta property=\"og:title\" content=\"TRUUSK Kl\u00e4dst\u00e4llning P\u00e5 Hjul - Garderobsst\u00e4llning Med Kl\u00e4dst\u00e5ng - Skohylla - Frist\u00e5ende Garderob Av St\u00e5l - Upp Till 16 Kg - TRUUSK - Hem, Tr\u00e4dg\u00e5rd &amp; Fritid\" \/>\n<meta property=\"og:description\" content=\"Denna mobila kl\u00e4dst\u00e4llning med hylla fr\u00e5n TRUUSK optimerar utrymmesanv\u00e4ndningen. Dess kompakta storlek \u00e4r idealisk f\u00f6r begr\u00e4nsade utrymmen som korridorer eller...\" \/>\n<meta property=\"og:url\" content=\"https:\/\/truusk.store\/sv\/produkt\/truusk-kladstallning-pa-hjul-garderobsstallning-med-kladstang-skohylla-fristaende-garderob-av-stal-upp-till-16-kg\/\" \/>\n<meta property=\"og:site_name\" content=\"TRUUSK - Hem, Tr\u00e4dg\u00e5rd &amp; Fritid\" \/>\n<meta property=\"article:modified_time\" content=\"2026-03-12T08:13:26+00:00\" \/>\n<meta property=\"og:image\" content=\"https:\/\/i0.wp.com\/truusk.se\/wp-content\/uploads\/2025\/06\/kladstallning-pa-hjul-garderobsstallning-med-kladstang-skohylla-fristaende-garderob-av-stal-for-vardagsrum-sovrum-upp-till-16-kg-belastning-svart-1.webp?fit=2000%2C2000&ssl=1\" \/>\n\t<meta property=\"og:image:width\" content=\"2000\" \/>\n\t<meta property=\"og:image:height\" content=\"2000\" \/>\n\t<meta property=\"og:image:type\" content=\"image\/webp\" \/>\n<meta name=\"twitter:card\" content=\"summary_large_image\" \/>\n<meta name=\"twitter:label1\" content=\"Ber\u00e4knad l\u00e4stid\" \/>\n\t<meta name=\"twitter:data1\" content=\"1 minut\" \/>\n<!-- \/ Yoast SEO plugin. -->","yoast_head_json":{"title":"TRUUSK Kl\u00e4dst\u00e4llning P\u00e5 Hjul - Garderobsst\u00e4llning Med Kl\u00e4dst\u00e5ng - Skohylla - Frist\u00e5ende Garderob Av St\u00e5l - Upp Till 16 Kg - TRUUSK - Hem, Tr\u00e4dg\u00e5rd &amp; Fritid","robots":{"index":"index","follow":"follow","max-snippet":"max-snippet:-1","max-image-preview":"max-image-preview:large","max-video-preview":"max-video-preview:-1"},"canonical":"https:\/\/truusk.store\/sv\/produkt\/truusk-kladstallning-pa-hjul-garderobsstallning-med-kladstang-skohylla-fristaende-garderob-av-stal-upp-till-16-kg\/","og_locale":"sv_SE","og_type":"article","og_title":"TRUUSK Kl\u00e4dst\u00e4llning P\u00e5 Hjul - Garderobsst\u00e4llning Med Kl\u00e4dst\u00e5ng - Skohylla - Frist\u00e5ende Garderob Av St\u00e5l - Upp Till 16 Kg - TRUUSK - Hem, Tr\u00e4dg\u00e5rd &amp; Fritid","og_description":"Denna mobila kl\u00e4dst\u00e4llning med hylla fr\u00e5n TRUUSK optimerar utrymmesanv\u00e4ndningen. Dess kompakta storlek \u00e4r idealisk f\u00f6r begr\u00e4nsade utrymmen som korridorer eller...","og_url":"https:\/\/truusk.store\/sv\/produkt\/truusk-kladstallning-pa-hjul-garderobsstallning-med-kladstang-skohylla-fristaende-garderob-av-stal-upp-till-16-kg\/","og_site_name":"TRUUSK - Hem, Tr\u00e4dg\u00e5rd &amp; Fritid","article_modified_time":"2026-03-12T08:13:26+00:00","og_image":[{"width":2000,"height":2000,"url":"https:\/\/i0.wp.com\/truusk.se\/wp-content\/uploads\/2025\/06\/kladstallning-pa-hjul-garderobsstallning-med-kladstang-skohylla-fristaende-garderob-av-stal-for-vardagsrum-sovrum-upp-till-16-kg-belastning-svart-1.webp?fit=2000%2C2000&ssl=1","type":"image\/webp"}],"twitter_card":"summary_large_image","twitter_misc":{"Ber\u00e4knad l\u00e4stid":"1 minut"},"schema":{"@context":"https:\/\/schema.org","@graph":[{"@type":"WebPage","@id":"https:\/\/truusk.store\/sv\/produkt\/truusk-kladstallning-pa-hjul-garderobsstallning-med-kladstang-skohylla-fristaende-garderob-av-stal-upp-till-16-kg\/","url":"https:\/\/truusk.store\/sv\/produkt\/truusk-kladstallning-pa-hjul-garderobsstallning-med-kladstang-skohylla-fristaende-garderob-av-stal-upp-till-16-kg\/","name":"TRUUSK Kl\u00e4dst\u00e4llning P\u00e5 Hjul - Garderobsst\u00e4llning Med Kl\u00e4dst\u00e5ng - Skohylla - Frist\u00e5ende Garderob Av St\u00e5l - Upp Till 16 Kg - TRUUSK - Hem, Tr\u00e4dg\u00e5rd &amp; Fritid","isPartOf":{"@id":"https:\/\/truusk.store\/sv\/#website"},"primaryImageOfPage":{"@id":"https:\/\/truusk.store\/sv\/produkt\/truusk-kladstallning-pa-hjul-garderobsstallning-med-kladstang-skohylla-fristaende-garderob-av-stal-upp-till-16-kg\/#primaryimage"},"image":{"@id":"https:\/\/truusk.store\/sv\/produkt\/truusk-kladstallning-pa-hjul-garderobsstallning-med-kladstang-skohylla-fristaende-garderob-av-stal-upp-till-16-kg\/#primaryimage"},"thumbnailUrl":"https:\/\/i0.wp.com\/truusk.store\/wp-content\/uploads\/2025\/06\/kladstallning-pa-hjul-garderobsstallning-med-kladstang-skohylla-fristaende-garderob-av-stal-for-vardagsrum-sovrum-upp-till-16-kg-belastning-svart-1.webp?fit=2000%2C2000&ssl=1","datePublished":"2025-06-05T11:18:50+00:00","dateModified":"2026-03-12T08:13:26+00:00","breadcrumb":{"@id":"https:\/\/truusk.store\/sv\/produkt\/truusk-kladstallning-pa-hjul-garderobsstallning-med-kladstang-skohylla-fristaende-garderob-av-stal-upp-till-16-kg\/#breadcrumb"},"inLanguage":"sv-SE","potentialAction":[{"@type":"ReadAction","target":["https:\/\/truusk.store\/sv\/produkt\/truusk-kladstallning-pa-hjul-garderobsstallning-med-kladstang-skohylla-fristaende-garderob-av-stal-upp-till-16-kg\/"]}]},{"@type":"ImageObject","inLanguage":"sv-SE","@id":"https:\/\/truusk.store\/sv\/produkt\/truusk-kladstallning-pa-hjul-garderobsstallning-med-kladstang-skohylla-fristaende-garderob-av-stal-upp-till-16-kg\/#primaryimage","url":"https:\/\/i0.wp.com\/truusk.store\/wp-content\/uploads\/2025\/06\/kladstallning-pa-hjul-garderobsstallning-med-kladstang-skohylla-fristaende-garderob-av-stal-for-vardagsrum-sovrum-upp-till-16-kg-belastning-svart-1.webp?fit=2000%2C2000&ssl=1","contentUrl":"https:\/\/i0.wp.com\/truusk.store\/wp-content\/uploads\/2025\/06\/kladstallning-pa-hjul-garderobsstallning-med-kladstang-skohylla-fristaende-garderob-av-stal-for-vardagsrum-sovrum-upp-till-16-kg-belastning-svart-1.webp?fit=2000%2C2000&ssl=1","width":2000,"height":2000},{"@type":"BreadcrumbList","@id":"https:\/\/truusk.store\/sv\/produkt\/truusk-kladstallning-pa-hjul-garderobsstallning-med-kladstang-skohylla-fristaende-garderob-av-stal-upp-till-16-kg\/#breadcrumb","itemListElement":[{"@type":"ListItem","position":1,"name":"Home","item":"https:\/\/truusk.store\/sv\/"},{"@type":"ListItem","position":2,"name":"Shop","item":"https:\/\/truusk.store\/shop\/"},{"@type":"ListItem","position":3,"name":"TRUUSK Kl\u00e4dst\u00e4llning P\u00e5 Hjul &#8211; Garderobsst\u00e4llning Med Kl\u00e4dst\u00e5ng &#8211; Skohylla &#8211; Frist\u00e5ende Garderob Av St\u00e5l &#8211; Upp Till 16 Kg"}]},{"@type":"WebSite","@id":"https:\/\/truusk.store\/sv\/#website","url":"https:\/\/truusk.store\/sv\/","name":"TRUUSK - Hem, Tr\u00e4dg\u00e5rd & Fritid","description":"","publisher":{"@id":"https:\/\/truusk.store\/sv\/#organization"},"potentialAction":[{"@type":"SearchAction","target":{"@type":"EntryPoint","urlTemplate":"https:\/\/truusk.store\/sv\/?s={search_term_string}"},"query-input":{"@type":"PropertyValueSpecification","valueRequired":true,"valueName":"search_term_string"}}],"inLanguage":"sv-SE"},{"@type":"Organization","@id":"https:\/\/truusk.store\/sv\/#organization","name":"TRUUSK - Hem, Tr\u00e4dg\u00e5rd & Fritid","url":"https:\/\/truusk.store\/sv\/","logo":{"@type":"ImageObject","inLanguage":"sv-SE","@id":"https:\/\/truusk.store\/sv\/#\/schema\/logo\/image\/","url":"https:\/\/i0.wp.com\/truusk.store\/wp-content\/uploads\/2026\/03\/cropped-TRUUSK.png?fit=2032%2C917&ssl=1","contentUrl":"https:\/\/i0.wp.com\/truusk.store\/wp-content\/uploads\/2026\/03\/cropped-TRUUSK.png?fit=2032%2C917&ssl=1","width":2032,"height":917,"caption":"TRUUSK - Hem, Tr\u00e4dg\u00e5rd & Fritid"},"image":{"@id":"https:\/\/truusk.store\/sv\/#\/schema\/logo\/image\/"}}]}},"jetpack_sharing_enabled":true,"_links":{"self":[{"href":"https:\/\/truusk.store\/sv\/wp-json\/wp\/v2\/product\/66173","targetHints":{"allow":["GET"]}}],"collection":[{"href":"https:\/\/truusk.store\/sv\/wp-json\/wp\/v2\/product"}],"about":[{"href":"https:\/\/truusk.store\/sv\/wp-json\/wp\/v2\/types\/product"}],"wp:featuredmedia":[{"embeddable":true,"href":"https:\/\/truusk.store\/sv\/wp-json\/wp\/v2\/media\/66164"}],"wp:attachment":[{"href":"https:\/\/truusk.store\/sv\/wp-json\/wp\/v2\/media?parent=66173"}],"wp:term":[{"taxonomy":"product_brand","embeddable":true,"href":"https:\/\/truusk.store\/sv\/wp-json\/wp\/v2\/product_brand?post=66173"},{"taxonomy":"product_cat","embeddable":true,"href":"https:\/\/truusk.store\/sv\/wp-json\/wp\/v2\/product_cat?post=66173"},{"taxonomy":"product_tag","embeddable":true,"href":"https:\/\/truusk.store\/sv\/wp-json\/wp\/v2\/product_tag?post=66173"}],"curies":[{"name":"wp","href":"https:\/\/api.w.org\/{rel}","templated":true}]}}