{"id":6626,"date":"2024-02-13T08:31:20","date_gmt":"2024-02-13T07:31:20","guid":{"rendered":"https:\/\/truusk.store\/product\/campingsang-taltsang-hopfallbar-sang-med-kudde-campingsang-for-utomhuscampingresor-svart-silver-183-x-66-x-33-cm\/"},"modified":"2026-03-12T08:55:20","modified_gmt":"2026-03-12T07:55:20","slug":"truusk-campingssang-hopfallbar-med-kudde-svart-silver-183-x-66-x-33-cm","status":"publish","type":"product","link":"https:\/\/truusk.store\/sv\/produkt\/truusk-campingssang-hopfallbar-med-kudde-svart-silver-183-x-66-x-33-cm\/","title":{"rendered":"TRUUSK Campingss\u00e4ng &#8211; Hopf\u00e4llbar med Kudde &#8211; Svart + Silver &#8211; 183 x 66 x 33 cm"},"content":{"rendered":"<p>Med denna b\u00e4rbara, hopf\u00e4llbara t\u00e4lts\u00e4ng \u00e4r du redo f\u00f6r din n\u00e4sta campingsemester eller vandringsresa. Den hopf\u00e4llbara s\u00e4ngen \u00e4r l\u00e4tt att transportera och tar v\u00e4ldigt lite plats. St\u00e5lramen kan h\u00e5lla upp till 114 kg och det bekv\u00e4ma Oxford-\u00f6verdraget \u00e4r bekv\u00e4mt vadderat. Njut av din n\u00e4sta semester!<\/p>\n<h3>Beskrivning:<\/h3>\n<ul>\n<li>Perfekt f\u00f6r vandringar, campingturer men \u00e4ven inomhus som g\u00e4sts\u00e4ng<\/li>\n<li>L\u00e4tt att f\u00e4lla ut och f\u00e4lla ihop f\u00f6r enkel transport och f\u00f6rvaring<\/li>\n<li>Oxford tyg\u00f6verdrag och robust st\u00e5lram<\/li>\n<li>Mjukt vadderade skumkuddar f\u00f6r en bekv\u00e4m sovupplevelse<\/li>\n<li>Tyg\u00f6verdrag \u00e4r vattent\u00e4tt och mogen<\/li>\n<\/ul>\n<h3>Teknisk data:<\/h3>\n<ul>\n<li>F\u00e4rg: Svart+Silver<\/li>\n<li>Material: st\u00e5l, Oxfordduk, skum<\/li>\n<li>Totala m\u00e5tt: 183L x 66W x 33H cm<\/li>\n<li>Vikm\u00e5tt: 90L x 64W x 13H cm<\/li>\n<li>Lastkapacitet: 114 kg<\/li>\n<\/ul>\n<h3>Leveransens omfattning:<\/h3>\n<ul>\n<li>1 x t\u00e4lts\u00e4ng<\/li>\n<\/ul>\n","protected":false},"excerpt":{"rendered":"<p>Med denna b\u00e4rbara, hopf\u00e4llbara t\u00e4lts\u00e4ng \u00e4r du redo f\u00f6r din n\u00e4sta campingsemester eller vandringsresa. Den hopf\u00e4llbara s\u00e4ngen \u00e4r l\u00e4tt att&#8230;<\/p>\n","protected":false},"featured_media":6627,"template":"","meta":[],"product_brand":[],"product_cat":[651,648,647],"product_tag":[],"class_list":{"0":"post-6626","1":"product","2":"type-product","3":"status-publish","4":"has-post-thumbnail","6":"product_cat-barnsangar","7":"product_cat-camping-tillbehor","8":"product_cat-sport-fritid","10":"first","11":"instock","12":"sale","13":"taxable","14":"shipping-taxable","15":"purchasable","16":"product-type-simple"},"yoast_head":"<!-- This site is optimized with the Yoast SEO plugin v25.4 - https:\/\/yoast.com\/wordpress\/plugins\/seo\/ -->\n<title>TRUUSK Campingss\u00e4ng - Hopf\u00e4llbar med Kudde - Svart + Silver - 183 x 66 x 33 cm - TRUUSK - Hem, Tr\u00e4dg\u00e5rd &amp; Fritid<\/title>\n<meta name=\"robots\" content=\"index, follow, max-snippet:-1, max-image-preview:large, max-video-preview:-1\" \/>\n<link rel=\"canonical\" href=\"https:\/\/truusk.store\/sv\/produkt\/truusk-campingssang-hopfallbar-med-kudde-svart-silver-183-x-66-x-33-cm\/\" \/>\n<meta property=\"og:locale\" content=\"sv_SE\" \/>\n<meta property=\"og:type\" content=\"article\" \/>\n<meta property=\"og:title\" content=\"TRUUSK Campingss\u00e4ng - Hopf\u00e4llbar med Kudde - Svart + Silver - 183 x 66 x 33 cm - TRUUSK - Hem, Tr\u00e4dg\u00e5rd &amp; Fritid\" \/>\n<meta property=\"og:description\" content=\"Med denna b\u00e4rbara, hopf\u00e4llbara t\u00e4lts\u00e4ng \u00e4r du redo f\u00f6r din n\u00e4sta campingsemester eller vandringsresa. Den hopf\u00e4llbara s\u00e4ngen \u00e4r l\u00e4tt att...\" \/>\n<meta property=\"og:url\" content=\"https:\/\/truusk.store\/sv\/produkt\/truusk-campingssang-hopfallbar-med-kudde-svart-silver-183-x-66-x-33-cm\/\" \/>\n<meta property=\"og:site_name\" content=\"TRUUSK - Hem, Tr\u00e4dg\u00e5rd &amp; Fritid\" \/>\n<meta property=\"article:modified_time\" content=\"2026-03-12T07:55:20+00:00\" \/>\n<meta property=\"og:image\" content=\"https:\/\/i0.wp.com\/truusk.se\/wp-content\/uploads\/2024\/02\/campingsang-taltsang-hopfallbar-sang-med-kudde-campingsang-for-utomhuscampingresor-svart-silver-183-x-66-x-33-cm.webp?fit=800%2C800&ssl=1\" \/>\n\t<meta property=\"og:image:width\" content=\"800\" \/>\n\t<meta property=\"og:image:height\" content=\"800\" \/>\n\t<meta property=\"og:image:type\" content=\"image\/webp\" \/>\n<meta name=\"twitter:card\" content=\"summary_large_image\" \/>\n<meta name=\"twitter:label1\" content=\"Ber\u00e4knad l\u00e4stid\" \/>\n\t<meta name=\"twitter:data1\" content=\"1 minut\" \/>\n<!-- \/ Yoast SEO plugin. -->","yoast_head_json":{"title":"TRUUSK Campingss\u00e4ng - Hopf\u00e4llbar med Kudde - Svart + Silver - 183 x 66 x 33 cm - TRUUSK - Hem, Tr\u00e4dg\u00e5rd &amp; Fritid","robots":{"index":"index","follow":"follow","max-snippet":"max-snippet:-1","max-image-preview":"max-image-preview:large","max-video-preview":"max-video-preview:-1"},"canonical":"https:\/\/truusk.store\/sv\/produkt\/truusk-campingssang-hopfallbar-med-kudde-svart-silver-183-x-66-x-33-cm\/","og_locale":"sv_SE","og_type":"article","og_title":"TRUUSK Campingss\u00e4ng - Hopf\u00e4llbar med Kudde - Svart + Silver - 183 x 66 x 33 cm - TRUUSK - Hem, Tr\u00e4dg\u00e5rd &amp; Fritid","og_description":"Med denna b\u00e4rbara, hopf\u00e4llbara t\u00e4lts\u00e4ng \u00e4r du redo f\u00f6r din n\u00e4sta campingsemester eller vandringsresa. Den hopf\u00e4llbara s\u00e4ngen \u00e4r l\u00e4tt att...","og_url":"https:\/\/truusk.store\/sv\/produkt\/truusk-campingssang-hopfallbar-med-kudde-svart-silver-183-x-66-x-33-cm\/","og_site_name":"TRUUSK - Hem, Tr\u00e4dg\u00e5rd &amp; Fritid","article_modified_time":"2026-03-12T07:55:20+00:00","og_image":[{"width":800,"height":800,"url":"https:\/\/i0.wp.com\/truusk.se\/wp-content\/uploads\/2024\/02\/campingsang-taltsang-hopfallbar-sang-med-kudde-campingsang-for-utomhuscampingresor-svart-silver-183-x-66-x-33-cm.webp?fit=800%2C800&ssl=1","type":"image\/webp"}],"twitter_card":"summary_large_image","twitter_misc":{"Ber\u00e4knad l\u00e4stid":"1 minut"},"schema":{"@context":"https:\/\/schema.org","@graph":[{"@type":"WebPage","@id":"https:\/\/truusk.store\/sv\/produkt\/truusk-campingssang-hopfallbar-med-kudde-svart-silver-183-x-66-x-33-cm\/","url":"https:\/\/truusk.store\/sv\/produkt\/truusk-campingssang-hopfallbar-med-kudde-svart-silver-183-x-66-x-33-cm\/","name":"TRUUSK Campingss\u00e4ng - Hopf\u00e4llbar med Kudde - Svart + Silver - 183 x 66 x 33 cm - TRUUSK - Hem, Tr\u00e4dg\u00e5rd &amp; Fritid","isPartOf":{"@id":"https:\/\/truusk.store\/sv\/#website"},"primaryImageOfPage":{"@id":"https:\/\/truusk.store\/sv\/produkt\/truusk-campingssang-hopfallbar-med-kudde-svart-silver-183-x-66-x-33-cm\/#primaryimage"},"image":{"@id":"https:\/\/truusk.store\/sv\/produkt\/truusk-campingssang-hopfallbar-med-kudde-svart-silver-183-x-66-x-33-cm\/#primaryimage"},"thumbnailUrl":"https:\/\/i0.wp.com\/truusk.store\/wp-content\/uploads\/2024\/02\/campingsang-taltsang-hopfallbar-sang-med-kudde-campingsang-for-utomhuscampingresor-svart-silver-183-x-66-x-33-cm.webp?fit=800%2C800&ssl=1","datePublished":"2024-02-13T07:31:20+00:00","dateModified":"2026-03-12T07:55:20+00:00","breadcrumb":{"@id":"https:\/\/truusk.store\/sv\/produkt\/truusk-campingssang-hopfallbar-med-kudde-svart-silver-183-x-66-x-33-cm\/#breadcrumb"},"inLanguage":"sv-SE","potentialAction":[{"@type":"ReadAction","target":["https:\/\/truusk.store\/sv\/produkt\/truusk-campingssang-hopfallbar-med-kudde-svart-silver-183-x-66-x-33-cm\/"]}]},{"@type":"ImageObject","inLanguage":"sv-SE","@id":"https:\/\/truusk.store\/sv\/produkt\/truusk-campingssang-hopfallbar-med-kudde-svart-silver-183-x-66-x-33-cm\/#primaryimage","url":"https:\/\/i0.wp.com\/truusk.store\/wp-content\/uploads\/2024\/02\/campingsang-taltsang-hopfallbar-sang-med-kudde-campingsang-for-utomhuscampingresor-svart-silver-183-x-66-x-33-cm.webp?fit=800%2C800&ssl=1","contentUrl":"https:\/\/i0.wp.com\/truusk.store\/wp-content\/uploads\/2024\/02\/campingsang-taltsang-hopfallbar-sang-med-kudde-campingsang-for-utomhuscampingresor-svart-silver-183-x-66-x-33-cm.webp?fit=800%2C800&ssl=1","width":800,"height":800,"caption":"Campings\u00e4ng T\u00e4lts\u00e4ng Hopf\u00e4llbar S\u00e4ng Med Kudde Campings\u00e4ng F\u00f6r Utomhuscampingresor Svart + Silver 183 X 66 X 33 Cm 1"},{"@type":"BreadcrumbList","@id":"https:\/\/truusk.store\/sv\/produkt\/truusk-campingssang-hopfallbar-med-kudde-svart-silver-183-x-66-x-33-cm\/#breadcrumb","itemListElement":[{"@type":"ListItem","position":1,"name":"Home","item":"https:\/\/truusk.store\/sv\/"},{"@type":"ListItem","position":2,"name":"Shop","item":"https:\/\/truusk.store\/shop\/"},{"@type":"ListItem","position":3,"name":"TRUUSK Campingss\u00e4ng &#8211; Hopf\u00e4llbar med Kudde &#8211; Svart + Silver &#8211; 183 x 66 x 33 cm"}]},{"@type":"WebSite","@id":"https:\/\/truusk.store\/sv\/#website","url":"https:\/\/truusk.store\/sv\/","name":"TRUUSK - Hem, Tr\u00e4dg\u00e5rd & Fritid","description":"","publisher":{"@id":"https:\/\/truusk.store\/sv\/#organization"},"potentialAction":[{"@type":"SearchAction","target":{"@type":"EntryPoint","urlTemplate":"https:\/\/truusk.store\/sv\/?s={search_term_string}"},"query-input":{"@type":"PropertyValueSpecification","valueRequired":true,"valueName":"search_term_string"}}],"inLanguage":"sv-SE"},{"@type":"Organization","@id":"https:\/\/truusk.store\/sv\/#organization","name":"TRUUSK - Hem, Tr\u00e4dg\u00e5rd & Fritid","url":"https:\/\/truusk.store\/sv\/","logo":{"@type":"ImageObject","inLanguage":"sv-SE","@id":"https:\/\/truusk.store\/sv\/#\/schema\/logo\/image\/","url":"https:\/\/i0.wp.com\/truusk.store\/wp-content\/uploads\/2026\/03\/cropped-TRUUSK.png?fit=2032%2C917&ssl=1","contentUrl":"https:\/\/i0.wp.com\/truusk.store\/wp-content\/uploads\/2026\/03\/cropped-TRUUSK.png?fit=2032%2C917&ssl=1","width":2032,"height":917,"caption":"TRUUSK - Hem, Tr\u00e4dg\u00e5rd & Fritid"},"image":{"@id":"https:\/\/truusk.store\/sv\/#\/schema\/logo\/image\/"}}]}},"jetpack_sharing_enabled":true,"_links":{"self":[{"href":"https:\/\/truusk.store\/sv\/wp-json\/wp\/v2\/product\/6626","targetHints":{"allow":["GET"]}}],"collection":[{"href":"https:\/\/truusk.store\/sv\/wp-json\/wp\/v2\/product"}],"about":[{"href":"https:\/\/truusk.store\/sv\/wp-json\/wp\/v2\/types\/product"}],"wp:featuredmedia":[{"embeddable":true,"href":"https:\/\/truusk.store\/sv\/wp-json\/wp\/v2\/media\/6627"}],"wp:attachment":[{"href":"https:\/\/truusk.store\/sv\/wp-json\/wp\/v2\/media?parent=6626"}],"wp:term":[{"taxonomy":"product_brand","embeddable":true,"href":"https:\/\/truusk.store\/sv\/wp-json\/wp\/v2\/product_brand?post=6626"},{"taxonomy":"product_cat","embeddable":true,"href":"https:\/\/truusk.store\/sv\/wp-json\/wp\/v2\/product_cat?post=6626"},{"taxonomy":"product_tag","embeddable":true,"href":"https:\/\/truusk.store\/sv\/wp-json\/wp\/v2\/product_tag?post=6626"}],"curies":[{"name":"wp","href":"https:\/\/api.w.org\/{rel}","templated":true}]}}