{"id":66273,"date":"2025-06-05T12:28:49","date_gmt":"2025-06-05T11:28:49","guid":{"rendered":"https:\/\/truusk.store\/product\/honshus-med-frigaende-inhagnad-i-stal-280-x-380-x-197-cm-honshus-med-uv-resistent-tackning-dorr-honshus-for-6-12-hons-smadjur-silver\/"},"modified":"2026-03-12T09:12:39","modified_gmt":"2026-03-12T08:12:39","slug":"truusk-honshus-med-frigaende-inhagnad-i-stal-uv-resistent-tackning-dorr-for-6-12-hons-smadjur-silver","status":"publish","type":"product","link":"https:\/\/truusk.store\/sv\/produkt\/truusk-honshus-med-frigaende-inhagnad-i-stal-uv-resistent-tackning-dorr-for-6-12-hons-smadjur-silver\/","title":{"rendered":"TRUUSK H\u00f6nshus med Frig\u00e5ende Inh\u00e4gnad i St\u00e5l &#8211; UV-resistent T\u00e4ckning &#8211; D\u00f6rr &#8211; F\u00f6r 6-12 H\u00f6ns &#8211; Sm\u00e5djur &#8211; Silver"},"content":{"rendered":"<p>Det sexkantiga n\u00e4tstaketet p\u00e5 denna TRUUSK-hage ger frisk luft, medan taket skyddar mot v\u00e4rme och regn. Omr\u00e5det f\u00f6r frig\u00e5ngen \u00e4r tillr\u00e4ckligt stort f\u00f6r 6-12 h\u00f6ns och ger mycket r\u00f6relsefrihet. Tack vare den l\u00e5sbara d\u00f6rren till h\u00f6nsg\u00e5rden \u00e4r dina djur s\u00e4kert skyddade mot faror.<\/p>\n<p>Beskrivning:<\/p>\n<ul>\n<li> L\u00e4mplig f\u00f6r h\u00f6ns, kaniner, ankor och andra sm\u00e5 djur<\/li>\n<li> Tillverkad av solid f\u00f6rzinkad st\u00e5l f\u00f6r en stabil struktur<\/li>\n<li> Sexkantigt n\u00e4t p\u00e5 h\u00f6nsg\u00e5rden h\u00e5ller husdjuren s\u00e4kert i hagen<\/li>\n<li> Taket p\u00e5 h\u00f6nshuset skyddar mot varmt och v\u00e5tt v\u00e4der<\/li>\n<li> L\u00e4mplig f\u00f6r utomhusbruk<\/li>\n<li> D\u00f6rren till h\u00f6nshuset \u00e4r l\u00e5sbar och f\u00f6rhindrar att husdjuren rymmer<\/li>\n<li> Montering kr\u00e4vs<\/li>\n<\/ul>\n<p> Tekniska data:<\/p>\n<ul>\n<li> F\u00e4rg: Silver<\/li>\n<li> Material: St\u00e5l, Oxford-tyg<\/li>\n<li> M\u00e5tt: 280L x 380B x 197H cm<\/li>\n<li> M\u00e5tt p\u00e5 takh\u00f6jden: 114H cm<\/li>\n<li> M\u00e5tt p\u00e5 taket: 334L x 190B cm<\/li>\n<li> M\u00e5tt p\u00e5 d\u00f6rren: 170H x 50B cm<\/li>\n<li> L\u00e4mplig f\u00f6r 6-12 h\u00f6ns<\/li>\n<\/ul>\n<p> Leveransinneh\u00e5ll:<\/p>\n<ul>\n<li> 1 x H\u00f6nshus<\/li>\n<li> 1 x Handbok<\/li>\n<\/ul>\n","protected":false},"excerpt":{"rendered":"<p>Det sexkantiga n\u00e4tstaketet p\u00e5 denna TRUUSK-hage ger frisk luft, medan taket skyddar mot v\u00e4rme och regn. Omr\u00e5det f\u00f6r frig\u00e5ngen \u00e4r&#8230;<\/p>\n","protected":false},"featured_media":66264,"template":"","meta":[],"product_brand":[],"product_cat":[878,601,602],"product_tag":[],"class_list":{"0":"post-66273","1":"product","2":"type-product","3":"status-publish","4":"has-post-thumbnail","6":"product_cat-djurbehov","7":"product_cat-fageltillbehor","8":"product_cat-honshus","10":"first","11":"instock","12":"sale","13":"taxable","14":"shipping-taxable","15":"purchasable","16":"product-type-simple"},"yoast_head":"<!-- This site is optimized with the Yoast SEO plugin v25.4 - https:\/\/yoast.com\/wordpress\/plugins\/seo\/ -->\n<title>TRUUSK H\u00f6nshus med Frig\u00e5ende Inh\u00e4gnad i St\u00e5l - UV-resistent T\u00e4ckning - D\u00f6rr - F\u00f6r 6-12 H\u00f6ns - Sm\u00e5djur - Silver - TRUUSK - Hem, Tr\u00e4dg\u00e5rd &amp; Fritid<\/title>\n<meta name=\"robots\" content=\"index, follow, max-snippet:-1, max-image-preview:large, max-video-preview:-1\" \/>\n<link rel=\"canonical\" href=\"https:\/\/truusk.store\/sv\/produkt\/truusk-honshus-med-frigaende-inhagnad-i-stal-uv-resistent-tackning-dorr-for-6-12-hons-smadjur-silver\/\" \/>\n<meta property=\"og:locale\" content=\"sv_SE\" \/>\n<meta property=\"og:type\" content=\"article\" \/>\n<meta property=\"og:title\" content=\"TRUUSK H\u00f6nshus med Frig\u00e5ende Inh\u00e4gnad i St\u00e5l - UV-resistent T\u00e4ckning - D\u00f6rr - F\u00f6r 6-12 H\u00f6ns - Sm\u00e5djur - Silver - TRUUSK - Hem, Tr\u00e4dg\u00e5rd &amp; Fritid\" \/>\n<meta property=\"og:description\" content=\"Det sexkantiga n\u00e4tstaketet p\u00e5 denna TRUUSK-hage ger frisk luft, medan taket skyddar mot v\u00e4rme och regn. Omr\u00e5det f\u00f6r frig\u00e5ngen \u00e4r...\" \/>\n<meta property=\"og:url\" content=\"https:\/\/truusk.store\/sv\/produkt\/truusk-honshus-med-frigaende-inhagnad-i-stal-uv-resistent-tackning-dorr-for-6-12-hons-smadjur-silver\/\" \/>\n<meta property=\"og:site_name\" content=\"TRUUSK - Hem, Tr\u00e4dg\u00e5rd &amp; Fritid\" \/>\n<meta property=\"article:modified_time\" content=\"2026-03-12T08:12:39+00:00\" \/>\n<meta property=\"og:image\" content=\"https:\/\/i0.wp.com\/truusk.se\/wp-content\/uploads\/2025\/06\/honshus-med-frigaende-inhagnad-i-stal-280-x-380-x-197-cm-honshus-med-uv-resistent-tackning-dorr-honshus-for-6-12-hons-smadjur-silver-1.webp?fit=2000%2C2000&ssl=1\" \/>\n\t<meta property=\"og:image:width\" content=\"2000\" \/>\n\t<meta property=\"og:image:height\" content=\"2000\" \/>\n\t<meta property=\"og:image:type\" content=\"image\/webp\" \/>\n<meta name=\"twitter:card\" content=\"summary_large_image\" \/>\n<meta name=\"twitter:label1\" content=\"Ber\u00e4knad l\u00e4stid\" \/>\n\t<meta name=\"twitter:data1\" content=\"1 minut\" \/>\n<!-- \/ Yoast SEO plugin. -->","yoast_head_json":{"title":"TRUUSK H\u00f6nshus med Frig\u00e5ende Inh\u00e4gnad i St\u00e5l - UV-resistent T\u00e4ckning - D\u00f6rr - F\u00f6r 6-12 H\u00f6ns - Sm\u00e5djur - Silver - TRUUSK - Hem, Tr\u00e4dg\u00e5rd &amp; Fritid","robots":{"index":"index","follow":"follow","max-snippet":"max-snippet:-1","max-image-preview":"max-image-preview:large","max-video-preview":"max-video-preview:-1"},"canonical":"https:\/\/truusk.store\/sv\/produkt\/truusk-honshus-med-frigaende-inhagnad-i-stal-uv-resistent-tackning-dorr-for-6-12-hons-smadjur-silver\/","og_locale":"sv_SE","og_type":"article","og_title":"TRUUSK H\u00f6nshus med Frig\u00e5ende Inh\u00e4gnad i St\u00e5l - UV-resistent T\u00e4ckning - D\u00f6rr - F\u00f6r 6-12 H\u00f6ns - Sm\u00e5djur - Silver - TRUUSK - Hem, Tr\u00e4dg\u00e5rd &amp; Fritid","og_description":"Det sexkantiga n\u00e4tstaketet p\u00e5 denna TRUUSK-hage ger frisk luft, medan taket skyddar mot v\u00e4rme och regn. Omr\u00e5det f\u00f6r frig\u00e5ngen \u00e4r...","og_url":"https:\/\/truusk.store\/sv\/produkt\/truusk-honshus-med-frigaende-inhagnad-i-stal-uv-resistent-tackning-dorr-for-6-12-hons-smadjur-silver\/","og_site_name":"TRUUSK - Hem, Tr\u00e4dg\u00e5rd &amp; Fritid","article_modified_time":"2026-03-12T08:12:39+00:00","og_image":[{"width":2000,"height":2000,"url":"https:\/\/i0.wp.com\/truusk.se\/wp-content\/uploads\/2025\/06\/honshus-med-frigaende-inhagnad-i-stal-280-x-380-x-197-cm-honshus-med-uv-resistent-tackning-dorr-honshus-for-6-12-hons-smadjur-silver-1.webp?fit=2000%2C2000&ssl=1","type":"image\/webp"}],"twitter_card":"summary_large_image","twitter_misc":{"Ber\u00e4knad l\u00e4stid":"1 minut"},"schema":{"@context":"https:\/\/schema.org","@graph":[{"@type":"WebPage","@id":"https:\/\/truusk.store\/sv\/produkt\/truusk-honshus-med-frigaende-inhagnad-i-stal-uv-resistent-tackning-dorr-for-6-12-hons-smadjur-silver\/","url":"https:\/\/truusk.store\/sv\/produkt\/truusk-honshus-med-frigaende-inhagnad-i-stal-uv-resistent-tackning-dorr-for-6-12-hons-smadjur-silver\/","name":"TRUUSK H\u00f6nshus med Frig\u00e5ende Inh\u00e4gnad i St\u00e5l - UV-resistent T\u00e4ckning - D\u00f6rr - F\u00f6r 6-12 H\u00f6ns - Sm\u00e5djur - Silver - TRUUSK - Hem, Tr\u00e4dg\u00e5rd &amp; Fritid","isPartOf":{"@id":"https:\/\/truusk.store\/sv\/#website"},"primaryImageOfPage":{"@id":"https:\/\/truusk.store\/sv\/produkt\/truusk-honshus-med-frigaende-inhagnad-i-stal-uv-resistent-tackning-dorr-for-6-12-hons-smadjur-silver\/#primaryimage"},"image":{"@id":"https:\/\/truusk.store\/sv\/produkt\/truusk-honshus-med-frigaende-inhagnad-i-stal-uv-resistent-tackning-dorr-for-6-12-hons-smadjur-silver\/#primaryimage"},"thumbnailUrl":"https:\/\/i0.wp.com\/truusk.store\/wp-content\/uploads\/2025\/06\/honshus-med-frigaende-inhagnad-i-stal-280-x-380-x-197-cm-honshus-med-uv-resistent-tackning-dorr-honshus-for-6-12-hons-smadjur-silver-1.webp?fit=2000%2C2000&ssl=1","datePublished":"2025-06-05T11:28:49+00:00","dateModified":"2026-03-12T08:12:39+00:00","breadcrumb":{"@id":"https:\/\/truusk.store\/sv\/produkt\/truusk-honshus-med-frigaende-inhagnad-i-stal-uv-resistent-tackning-dorr-for-6-12-hons-smadjur-silver\/#breadcrumb"},"inLanguage":"sv-SE","potentialAction":[{"@type":"ReadAction","target":["https:\/\/truusk.store\/sv\/produkt\/truusk-honshus-med-frigaende-inhagnad-i-stal-uv-resistent-tackning-dorr-for-6-12-hons-smadjur-silver\/"]}]},{"@type":"ImageObject","inLanguage":"sv-SE","@id":"https:\/\/truusk.store\/sv\/produkt\/truusk-honshus-med-frigaende-inhagnad-i-stal-uv-resistent-tackning-dorr-for-6-12-hons-smadjur-silver\/#primaryimage","url":"https:\/\/i0.wp.com\/truusk.store\/wp-content\/uploads\/2025\/06\/honshus-med-frigaende-inhagnad-i-stal-280-x-380-x-197-cm-honshus-med-uv-resistent-tackning-dorr-honshus-for-6-12-hons-smadjur-silver-1.webp?fit=2000%2C2000&ssl=1","contentUrl":"https:\/\/i0.wp.com\/truusk.store\/wp-content\/uploads\/2025\/06\/honshus-med-frigaende-inhagnad-i-stal-280-x-380-x-197-cm-honshus-med-uv-resistent-tackning-dorr-honshus-for-6-12-hons-smadjur-silver-1.webp?fit=2000%2C2000&ssl=1","width":2000,"height":2000},{"@type":"BreadcrumbList","@id":"https:\/\/truusk.store\/sv\/produkt\/truusk-honshus-med-frigaende-inhagnad-i-stal-uv-resistent-tackning-dorr-for-6-12-hons-smadjur-silver\/#breadcrumb","itemListElement":[{"@type":"ListItem","position":1,"name":"Home","item":"https:\/\/truusk.store\/sv\/"},{"@type":"ListItem","position":2,"name":"Shop","item":"https:\/\/truusk.store\/shop\/"},{"@type":"ListItem","position":3,"name":"TRUUSK H\u00f6nshus med Frig\u00e5ende Inh\u00e4gnad i St\u00e5l &#8211; UV-resistent T\u00e4ckning &#8211; D\u00f6rr &#8211; F\u00f6r 6-12 H\u00f6ns &#8211; Sm\u00e5djur &#8211; Silver"}]},{"@type":"WebSite","@id":"https:\/\/truusk.store\/sv\/#website","url":"https:\/\/truusk.store\/sv\/","name":"TRUUSK - Hem, Tr\u00e4dg\u00e5rd & Fritid","description":"","publisher":{"@id":"https:\/\/truusk.store\/sv\/#organization"},"potentialAction":[{"@type":"SearchAction","target":{"@type":"EntryPoint","urlTemplate":"https:\/\/truusk.store\/sv\/?s={search_term_string}"},"query-input":{"@type":"PropertyValueSpecification","valueRequired":true,"valueName":"search_term_string"}}],"inLanguage":"sv-SE"},{"@type":"Organization","@id":"https:\/\/truusk.store\/sv\/#organization","name":"TRUUSK - Hem, Tr\u00e4dg\u00e5rd & Fritid","url":"https:\/\/truusk.store\/sv\/","logo":{"@type":"ImageObject","inLanguage":"sv-SE","@id":"https:\/\/truusk.store\/sv\/#\/schema\/logo\/image\/","url":"https:\/\/i0.wp.com\/truusk.store\/wp-content\/uploads\/2026\/03\/cropped-TRUUSK.png?fit=2032%2C917&ssl=1","contentUrl":"https:\/\/i0.wp.com\/truusk.store\/wp-content\/uploads\/2026\/03\/cropped-TRUUSK.png?fit=2032%2C917&ssl=1","width":2032,"height":917,"caption":"TRUUSK - Hem, Tr\u00e4dg\u00e5rd & Fritid"},"image":{"@id":"https:\/\/truusk.store\/sv\/#\/schema\/logo\/image\/"}}]}},"jetpack_sharing_enabled":true,"_links":{"self":[{"href":"https:\/\/truusk.store\/sv\/wp-json\/wp\/v2\/product\/66273","targetHints":{"allow":["GET"]}}],"collection":[{"href":"https:\/\/truusk.store\/sv\/wp-json\/wp\/v2\/product"}],"about":[{"href":"https:\/\/truusk.store\/sv\/wp-json\/wp\/v2\/types\/product"}],"wp:featuredmedia":[{"embeddable":true,"href":"https:\/\/truusk.store\/sv\/wp-json\/wp\/v2\/media\/66264"}],"wp:attachment":[{"href":"https:\/\/truusk.store\/sv\/wp-json\/wp\/v2\/media?parent=66273"}],"wp:term":[{"taxonomy":"product_brand","embeddable":true,"href":"https:\/\/truusk.store\/sv\/wp-json\/wp\/v2\/product_brand?post=66273"},{"taxonomy":"product_cat","embeddable":true,"href":"https:\/\/truusk.store\/sv\/wp-json\/wp\/v2\/product_cat?post=66273"},{"taxonomy":"product_tag","embeddable":true,"href":"https:\/\/truusk.store\/sv\/wp-json\/wp\/v2\/product_tag?post=66273"}],"curies":[{"name":"wp","href":"https:\/\/api.w.org\/{rel}","templated":true}]}}