{"id":66343,"date":"2025-06-05T12:35:39","date_gmt":"2025-06-05T11:35:39","guid":{"rendered":"https:\/\/truusk.store\/product\/2-pack-konstgjord-ceder-45-cm-krukvaxt-konstvaxt-dekorativ-vaxt-dekorativa-vaxter-for-hemmet-kontoret-hallen-tradgarden-gron\/"},"modified":"2026-03-12T08:40:20","modified_gmt":"2026-03-12T07:40:20","slug":"truusk-2-pack-konstgjord-ceder-45-cm-krukvaxt-konstvaxt-dekorativ-vaxt-for-hemmet-kontoret-hallen-tradgarden-gron","status":"publish","type":"product","link":"https:\/\/truusk.store\/sv\/produkt\/truusk-2-pack-konstgjord-ceder-45-cm-krukvaxt-konstvaxt-dekorativ-vaxt-for-hemmet-kontoret-hallen-tradgarden-gron\/","title":{"rendered":"TRUUSK 2-pack Konstgjord Ceder &#8211; 45 Cm Krukv\u00e4xt &#8211; Konstv\u00e4xt &#8211; Dekorativ V\u00e4xt &#8211; F\u00f6r Hemmet &#8211; Kontoret &#8211; Hallen &#8211; Tr\u00e4dg\u00e5rden &#8211; Gr\u00f6n"},"content":{"rendered":"<p>F\u00f6rsk\u00f6na din omgivning med TRUUSKs bedr\u00e4gligt \u00e4kta cederreplikor, var och en med 680 livfulla blad. Dessa l\u00e4ttsk\u00f6tta konstgjorda v\u00e4xter beh\u00e5ller sin rika gr\u00f6na f\u00e4rg \u00e5ret runt och f\u00f6rb\u00e4ttrar utan anstr\u00e4ngning ditt hem, kontor eller utomhusomr\u00e5den. Upplev den enkla sk\u00f6nheten hos dessa underh\u00e5llsfria konstgjorda v\u00e4xter i kruka.<\/p>\n<p>Beskrivning:<\/p>\n<ul>\n<li> Set med tv\u00e5 konstgjorda v\u00e4xter<\/li>\n<li> Design av krukv\u00e4xter med konstgjord ceder, 680 UV-skyddade blad<\/li>\n<li> Bevarar de livfulla f\u00e4rgerna utan underh\u00e5ll<\/li>\n<li> M\u00e5ngsidigt anv\u00e4ndbar i l\u00e4genheter, kontor eller utomhus, livar upp omgivningen<\/li>\n<li> Sp\u00e4nnen p\u00e5 krukv\u00e4xterna f\u00f6r enkel, snabb montering<\/li>\n<\/ul>\n<p>Tekniska data:<\/p>\n<ul>\n<li> F\u00e4rg: Gr\u00f6n<\/li>\n<li> Material: Plast<\/li>\n<li> Totala dimensioner: \u00d845 cm<\/li>\n<\/ul>\n<p>Leveransinneh\u00e5ll:<\/p>\n<ul>\n<li> 2 x Konstgjorda v\u00e4xter;<\/li>\n<\/ul>\n","protected":false},"excerpt":{"rendered":"<p>F\u00f6rsk\u00f6na din omgivning med TRUUSKs bedr\u00e4gligt \u00e4kta cederreplikor, var och en med 680 livfulla blad. Dessa l\u00e4ttsk\u00f6tta konstgjorda v\u00e4xter beh\u00e5ller&#8230;<\/p>\n","protected":false},"featured_media":66332,"template":"","meta":[],"product_brand":[],"product_cat":[962,871,681],"product_tag":[],"class_list":{"0":"post-66343","1":"product","2":"type-product","3":"status-publish","4":"has-post-thumbnail","6":"product_cat-dekoration","7":"product_cat-hus-hem","8":"product_cat-konstgjorda-vaxter","10":"first","11":"instock","12":"sale","13":"taxable","14":"shipping-taxable","15":"purchasable","16":"product-type-simple"},"yoast_head":"<!-- This site is optimized with the Yoast SEO plugin v25.4 - https:\/\/yoast.com\/wordpress\/plugins\/seo\/ -->\n<title>TRUUSK 2-pack Konstgjord Ceder - 45 Cm Krukv\u00e4xt - Konstv\u00e4xt - Dekorativ V\u00e4xt - F\u00f6r Hemmet - Kontoret - Hallen - Tr\u00e4dg\u00e5rden - Gr\u00f6n - TRUUSK - Hem, Tr\u00e4dg\u00e5rd &amp; Fritid<\/title>\n<meta name=\"robots\" content=\"index, follow, max-snippet:-1, max-image-preview:large, max-video-preview:-1\" \/>\n<link rel=\"canonical\" href=\"https:\/\/truusk.store\/sv\/produkt\/truusk-2-pack-konstgjord-ceder-45-cm-krukvaxt-konstvaxt-dekorativ-vaxt-for-hemmet-kontoret-hallen-tradgarden-gron\/\" \/>\n<meta property=\"og:locale\" content=\"sv_SE\" \/>\n<meta property=\"og:type\" content=\"article\" \/>\n<meta property=\"og:title\" content=\"TRUUSK 2-pack Konstgjord Ceder - 45 Cm Krukv\u00e4xt - Konstv\u00e4xt - Dekorativ V\u00e4xt - F\u00f6r Hemmet - Kontoret - Hallen - Tr\u00e4dg\u00e5rden - Gr\u00f6n - TRUUSK - Hem, Tr\u00e4dg\u00e5rd &amp; Fritid\" \/>\n<meta property=\"og:description\" content=\"F\u00f6rsk\u00f6na din omgivning med TRUUSKs bedr\u00e4gligt \u00e4kta cederreplikor, var och en med 680 livfulla blad. Dessa l\u00e4ttsk\u00f6tta konstgjorda v\u00e4xter beh\u00e5ller...\" \/>\n<meta property=\"og:url\" content=\"https:\/\/truusk.store\/sv\/produkt\/truusk-2-pack-konstgjord-ceder-45-cm-krukvaxt-konstvaxt-dekorativ-vaxt-for-hemmet-kontoret-hallen-tradgarden-gron\/\" \/>\n<meta property=\"og:site_name\" content=\"TRUUSK - Hem, Tr\u00e4dg\u00e5rd &amp; Fritid\" \/>\n<meta property=\"article:modified_time\" content=\"2026-03-12T07:40:20+00:00\" \/>\n<meta property=\"og:image\" content=\"https:\/\/i0.wp.com\/truusk.se\/wp-content\/uploads\/2025\/06\/2-pack-konstgjord-ceder-45-cm-krukvaxt-konstvaxt-dekorativ-vaxt-dekorativa-vaxter-for-hemmet-kontoret-hallen-tradgarden-gron-1.webp?fit=2000%2C2000&ssl=1\" \/>\n\t<meta property=\"og:image:width\" content=\"2000\" \/>\n\t<meta property=\"og:image:height\" content=\"2000\" \/>\n\t<meta property=\"og:image:type\" content=\"image\/webp\" \/>\n<meta name=\"twitter:card\" content=\"summary_large_image\" \/>\n<meta name=\"twitter:label1\" content=\"Ber\u00e4knad l\u00e4stid\" \/>\n\t<meta name=\"twitter:data1\" content=\"1 minut\" \/>\n<!-- \/ Yoast SEO plugin. -->","yoast_head_json":{"title":"TRUUSK 2-pack Konstgjord Ceder - 45 Cm Krukv\u00e4xt - Konstv\u00e4xt - Dekorativ V\u00e4xt - F\u00f6r Hemmet - Kontoret - Hallen - Tr\u00e4dg\u00e5rden - Gr\u00f6n - TRUUSK - Hem, Tr\u00e4dg\u00e5rd &amp; Fritid","robots":{"index":"index","follow":"follow","max-snippet":"max-snippet:-1","max-image-preview":"max-image-preview:large","max-video-preview":"max-video-preview:-1"},"canonical":"https:\/\/truusk.store\/sv\/produkt\/truusk-2-pack-konstgjord-ceder-45-cm-krukvaxt-konstvaxt-dekorativ-vaxt-for-hemmet-kontoret-hallen-tradgarden-gron\/","og_locale":"sv_SE","og_type":"article","og_title":"TRUUSK 2-pack Konstgjord Ceder - 45 Cm Krukv\u00e4xt - Konstv\u00e4xt - Dekorativ V\u00e4xt - F\u00f6r Hemmet - Kontoret - Hallen - Tr\u00e4dg\u00e5rden - Gr\u00f6n - TRUUSK - Hem, Tr\u00e4dg\u00e5rd &amp; Fritid","og_description":"F\u00f6rsk\u00f6na din omgivning med TRUUSKs bedr\u00e4gligt \u00e4kta cederreplikor, var och en med 680 livfulla blad. Dessa l\u00e4ttsk\u00f6tta konstgjorda v\u00e4xter beh\u00e5ller...","og_url":"https:\/\/truusk.store\/sv\/produkt\/truusk-2-pack-konstgjord-ceder-45-cm-krukvaxt-konstvaxt-dekorativ-vaxt-for-hemmet-kontoret-hallen-tradgarden-gron\/","og_site_name":"TRUUSK - Hem, Tr\u00e4dg\u00e5rd &amp; Fritid","article_modified_time":"2026-03-12T07:40:20+00:00","og_image":[{"width":2000,"height":2000,"url":"https:\/\/i0.wp.com\/truusk.se\/wp-content\/uploads\/2025\/06\/2-pack-konstgjord-ceder-45-cm-krukvaxt-konstvaxt-dekorativ-vaxt-dekorativa-vaxter-for-hemmet-kontoret-hallen-tradgarden-gron-1.webp?fit=2000%2C2000&ssl=1","type":"image\/webp"}],"twitter_card":"summary_large_image","twitter_misc":{"Ber\u00e4knad l\u00e4stid":"1 minut"},"schema":{"@context":"https:\/\/schema.org","@graph":[{"@type":"WebPage","@id":"https:\/\/truusk.store\/sv\/produkt\/truusk-2-pack-konstgjord-ceder-45-cm-krukvaxt-konstvaxt-dekorativ-vaxt-for-hemmet-kontoret-hallen-tradgarden-gron\/","url":"https:\/\/truusk.store\/sv\/produkt\/truusk-2-pack-konstgjord-ceder-45-cm-krukvaxt-konstvaxt-dekorativ-vaxt-for-hemmet-kontoret-hallen-tradgarden-gron\/","name":"TRUUSK 2-pack Konstgjord Ceder - 45 Cm Krukv\u00e4xt - Konstv\u00e4xt - Dekorativ V\u00e4xt - F\u00f6r Hemmet - Kontoret - Hallen - Tr\u00e4dg\u00e5rden - Gr\u00f6n - TRUUSK - Hem, Tr\u00e4dg\u00e5rd &amp; Fritid","isPartOf":{"@id":"https:\/\/truusk.store\/sv\/#website"},"primaryImageOfPage":{"@id":"https:\/\/truusk.store\/sv\/produkt\/truusk-2-pack-konstgjord-ceder-45-cm-krukvaxt-konstvaxt-dekorativ-vaxt-for-hemmet-kontoret-hallen-tradgarden-gron\/#primaryimage"},"image":{"@id":"https:\/\/truusk.store\/sv\/produkt\/truusk-2-pack-konstgjord-ceder-45-cm-krukvaxt-konstvaxt-dekorativ-vaxt-for-hemmet-kontoret-hallen-tradgarden-gron\/#primaryimage"},"thumbnailUrl":"https:\/\/i0.wp.com\/truusk.store\/wp-content\/uploads\/2025\/06\/2-pack-konstgjord-ceder-45-cm-krukvaxt-konstvaxt-dekorativ-vaxt-dekorativa-vaxter-for-hemmet-kontoret-hallen-tradgarden-gron-1.webp?fit=2000%2C2000&ssl=1","datePublished":"2025-06-05T11:35:39+00:00","dateModified":"2026-03-12T07:40:20+00:00","breadcrumb":{"@id":"https:\/\/truusk.store\/sv\/produkt\/truusk-2-pack-konstgjord-ceder-45-cm-krukvaxt-konstvaxt-dekorativ-vaxt-for-hemmet-kontoret-hallen-tradgarden-gron\/#breadcrumb"},"inLanguage":"sv-SE","potentialAction":[{"@type":"ReadAction","target":["https:\/\/truusk.store\/sv\/produkt\/truusk-2-pack-konstgjord-ceder-45-cm-krukvaxt-konstvaxt-dekorativ-vaxt-for-hemmet-kontoret-hallen-tradgarden-gron\/"]}]},{"@type":"ImageObject","inLanguage":"sv-SE","@id":"https:\/\/truusk.store\/sv\/produkt\/truusk-2-pack-konstgjord-ceder-45-cm-krukvaxt-konstvaxt-dekorativ-vaxt-for-hemmet-kontoret-hallen-tradgarden-gron\/#primaryimage","url":"https:\/\/i0.wp.com\/truusk.store\/wp-content\/uploads\/2025\/06\/2-pack-konstgjord-ceder-45-cm-krukvaxt-konstvaxt-dekorativ-vaxt-dekorativa-vaxter-for-hemmet-kontoret-hallen-tradgarden-gron-1.webp?fit=2000%2C2000&ssl=1","contentUrl":"https:\/\/i0.wp.com\/truusk.store\/wp-content\/uploads\/2025\/06\/2-pack-konstgjord-ceder-45-cm-krukvaxt-konstvaxt-dekorativ-vaxt-dekorativa-vaxter-for-hemmet-kontoret-hallen-tradgarden-gron-1.webp?fit=2000%2C2000&ssl=1","width":2000,"height":2000},{"@type":"BreadcrumbList","@id":"https:\/\/truusk.store\/sv\/produkt\/truusk-2-pack-konstgjord-ceder-45-cm-krukvaxt-konstvaxt-dekorativ-vaxt-for-hemmet-kontoret-hallen-tradgarden-gron\/#breadcrumb","itemListElement":[{"@type":"ListItem","position":1,"name":"Home","item":"https:\/\/truusk.store\/sv\/"},{"@type":"ListItem","position":2,"name":"Shop","item":"https:\/\/truusk.store\/shop\/"},{"@type":"ListItem","position":3,"name":"TRUUSK 2-pack Konstgjord Ceder &#8211; 45 Cm Krukv\u00e4xt &#8211; Konstv\u00e4xt &#8211; Dekorativ V\u00e4xt &#8211; F\u00f6r Hemmet &#8211; Kontoret &#8211; Hallen &#8211; Tr\u00e4dg\u00e5rden &#8211; Gr\u00f6n"}]},{"@type":"WebSite","@id":"https:\/\/truusk.store\/sv\/#website","url":"https:\/\/truusk.store\/sv\/","name":"TRUUSK - Hem, Tr\u00e4dg\u00e5rd & Fritid","description":"","publisher":{"@id":"https:\/\/truusk.store\/sv\/#organization"},"potentialAction":[{"@type":"SearchAction","target":{"@type":"EntryPoint","urlTemplate":"https:\/\/truusk.store\/sv\/?s={search_term_string}"},"query-input":{"@type":"PropertyValueSpecification","valueRequired":true,"valueName":"search_term_string"}}],"inLanguage":"sv-SE"},{"@type":"Organization","@id":"https:\/\/truusk.store\/sv\/#organization","name":"TRUUSK - Hem, Tr\u00e4dg\u00e5rd & Fritid","url":"https:\/\/truusk.store\/sv\/","logo":{"@type":"ImageObject","inLanguage":"sv-SE","@id":"https:\/\/truusk.store\/sv\/#\/schema\/logo\/image\/","url":"https:\/\/i0.wp.com\/truusk.store\/wp-content\/uploads\/2026\/03\/cropped-TRUUSK.png?fit=2032%2C917&ssl=1","contentUrl":"https:\/\/i0.wp.com\/truusk.store\/wp-content\/uploads\/2026\/03\/cropped-TRUUSK.png?fit=2032%2C917&ssl=1","width":2032,"height":917,"caption":"TRUUSK - Hem, Tr\u00e4dg\u00e5rd & Fritid"},"image":{"@id":"https:\/\/truusk.store\/sv\/#\/schema\/logo\/image\/"}}]}},"jetpack_sharing_enabled":true,"_links":{"self":[{"href":"https:\/\/truusk.store\/sv\/wp-json\/wp\/v2\/product\/66343","targetHints":{"allow":["GET"]}}],"collection":[{"href":"https:\/\/truusk.store\/sv\/wp-json\/wp\/v2\/product"}],"about":[{"href":"https:\/\/truusk.store\/sv\/wp-json\/wp\/v2\/types\/product"}],"wp:featuredmedia":[{"embeddable":true,"href":"https:\/\/truusk.store\/sv\/wp-json\/wp\/v2\/media\/66332"}],"wp:attachment":[{"href":"https:\/\/truusk.store\/sv\/wp-json\/wp\/v2\/media?parent=66343"}],"wp:term":[{"taxonomy":"product_brand","embeddable":true,"href":"https:\/\/truusk.store\/sv\/wp-json\/wp\/v2\/product_brand?post=66343"},{"taxonomy":"product_cat","embeddable":true,"href":"https:\/\/truusk.store\/sv\/wp-json\/wp\/v2\/product_cat?post=66343"},{"taxonomy":"product_tag","embeddable":true,"href":"https:\/\/truusk.store\/sv\/wp-json\/wp\/v2\/product_tag?post=66343"}],"curies":[{"name":"wp","href":"https:\/\/api.w.org\/{rel}","templated":true}]}}