{"id":66393,"date":"2025-06-05T12:40:49","date_gmt":"2025-06-05T11:40:49","guid":{"rendered":"https:\/\/truusk.store\/product\/redskapshus-124-m%c2%b2-tradgardshus-med-sadeltak-skjutdorr-grund-340-x-386-x-200-cm-redskapsbod-av-forzinkat-stal-vaderbestandig-for-tradgard-brun\/"},"modified":"2026-03-12T09:32:20","modified_gmt":"2026-03-12T08:32:20","slug":"truusk-redskapshus-124-m%c2%b2-tradgardshus-med-sadeltak-skjutdorr-vaderbestandig-forzinkat-stal-340-x-386-x-200-cm-brun","status":"publish","type":"product","link":"https:\/\/truusk.store\/sv\/produkt\/truusk-redskapshus-124-m%c2%b2-tradgardshus-med-sadeltak-skjutdorr-vaderbestandig-forzinkat-stal-340-x-386-x-200-cm-brun\/","title":{"rendered":"TRUUSK Redskapshus 12,4 m\u00b2 &#8211; Tr\u00e4dg\u00e5rdshus med Sadeltak &#8211; Skjutd\u00f6rr &#8211; V\u00e4derbest\u00e4ndig F\u00f6rzinkat St\u00e5l &#8211; 340 x 386 x 200 cm &#8211; Brun"},"content":{"rendered":"<p>Har du \u00e4nnu inte n\u00e5got tr\u00e4dg\u00e5rdssk\u00e5p f\u00f6r dina tr\u00e4dg\u00e5rdsredskap? D\u00e5 \u00e4r denna tr\u00e4dg\u00e5rdsstuga fr\u00e5n TRUUSK den idealiska l\u00f6sningen! Cykelskjulet best\u00e5r av en solid konstruktion av metall, vilket \u00e4r robust och v\u00e4derbest\u00e4ndigt. Tv\u00e5 skjutd\u00f6rrar p\u00e5 tr\u00e4dg\u00e5rdsskjulet underl\u00e4ttar tilltr\u00e4de, medan tv\u00e5 f\u00f6nster p\u00e5 framsidan och baksidan ger tillr\u00e4ckligt med ljus och en behaglig ventilation.<\/p>\n<p>Beskrivning:<\/p>\n<ul>\n<li> En solid konstruktion av metall &#8211; extremt robust, v\u00e4derbest\u00e4ndig och vattent\u00e4t<\/li>\n<li> Stort inre utrymme i tr\u00e4dg\u00e5rdsverkstaden ger tillr\u00e4ckligt med utrymme f\u00f6r en m\u00e4ngd tr\u00e4dg\u00e5rdsverktyg, tr\u00e4dg\u00e5rdstillbeh\u00f6r och verktyg<\/li>\n<li> 2 smidiga skjutd\u00f6rrar p\u00e5 tr\u00e4dg\u00e5rdshuset f\u00f6r snabb och enkel tillg\u00e5ng<\/li>\n<li> 2 f\u00f6nster p\u00e5 framsidan och baksidan av tr\u00e4dg\u00e5rdshuset f\u00f6r god ventilation och tillr\u00e4ckligt med ljus<\/li>\n<\/ul>\n<p>Tekniska data:<\/p>\n<ul>\n<li> F\u00e4rg: Brun<\/li>\n<li> Material: F\u00f6rzinkat st\u00e5l<\/li>\n<li> Totala m\u00e5tt: 386L x 340B x 200H cm<\/li>\n<li> Inre m\u00e5tt: 372L x 330B cm<\/li>\n<li> Skjutd\u00f6rrstorlek: 138L x 152H cm<\/li>\n<li> Ventilationsstorlek: 22L x 10B cm<\/li>\n<li> Sn\u00f6kapacitet: 20Kg\/m\u00b2<\/li>\n<li> Obs: 1, F\u00f6r montering kr\u00e4vs tre personer p\u00e5 cirka fyra timmar &#8211; ALLTID b\u00e4ra handskar<\/li>\n<li>2, Bygg inte upp vid bl\u00e5sigt v\u00e4der\uff1b<\/li>\n<\/ul>\n<p>Leveransinneh\u00e5ll:<\/p>\n<ul>\n<li> 1 x Verktygshus\uff1b<\/li>\n<\/ul>\n","protected":false},"excerpt":{"rendered":"<p>Har du \u00e4nnu inte n\u00e5got tr\u00e4dg\u00e5rdssk\u00e5p f\u00f6r dina tr\u00e4dg\u00e5rdsredskap? D\u00e5 \u00e4r denna tr\u00e4dg\u00e5rdsstuga fr\u00e5n TRUUSK den idealiska l\u00f6sningen! Cykelskjulet best\u00e5r&#8230;<\/p>\n","protected":false},"featured_media":66384,"template":"","meta":[],"product_brand":[],"product_cat":[901,902,858],"product_tag":[],"class_list":{"0":"post-66393","1":"product","2":"type-product","3":"status-publish","4":"has-post-thumbnail","6":"product_cat-ordning-i-tradgarden","7":"product_cat-redskapsskjul-och-redskapshus","8":"product_cat-tradgard-terrass","10":"first","11":"instock","12":"sale","13":"taxable","14":"shipping-taxable","15":"purchasable","16":"product-type-simple"},"yoast_head":"<!-- This site is optimized with the Yoast SEO plugin v25.4 - https:\/\/yoast.com\/wordpress\/plugins\/seo\/ -->\n<title>TRUUSK Redskapshus 12,4 m\u00b2 - Tr\u00e4dg\u00e5rdshus med Sadeltak - Skjutd\u00f6rr - V\u00e4derbest\u00e4ndig F\u00f6rzinkat St\u00e5l - 340 x 386 x 200 cm - Brun - TRUUSK - Hem, Tr\u00e4dg\u00e5rd &amp; Fritid<\/title>\n<meta name=\"robots\" content=\"index, follow, max-snippet:-1, max-image-preview:large, max-video-preview:-1\" \/>\n<link rel=\"canonical\" href=\"https:\/\/truusk.store\/sv\/produkt\/truusk-redskapshus-124-m%c2%b2-tradgardshus-med-sadeltak-skjutdorr-vaderbestandig-forzinkat-stal-340-x-386-x-200-cm-brun\/\" \/>\n<meta property=\"og:locale\" content=\"sv_SE\" \/>\n<meta property=\"og:type\" content=\"article\" \/>\n<meta property=\"og:title\" content=\"TRUUSK Redskapshus 12,4 m\u00b2 - Tr\u00e4dg\u00e5rdshus med Sadeltak - Skjutd\u00f6rr - V\u00e4derbest\u00e4ndig F\u00f6rzinkat St\u00e5l - 340 x 386 x 200 cm - Brun - TRUUSK - Hem, Tr\u00e4dg\u00e5rd &amp; Fritid\" \/>\n<meta property=\"og:description\" content=\"Har du \u00e4nnu inte n\u00e5got tr\u00e4dg\u00e5rdssk\u00e5p f\u00f6r dina tr\u00e4dg\u00e5rdsredskap? D\u00e5 \u00e4r denna tr\u00e4dg\u00e5rdsstuga fr\u00e5n TRUUSK den idealiska l\u00f6sningen! Cykelskjulet best\u00e5r...\" \/>\n<meta property=\"og:url\" content=\"https:\/\/truusk.store\/sv\/produkt\/truusk-redskapshus-124-m%c2%b2-tradgardshus-med-sadeltak-skjutdorr-vaderbestandig-forzinkat-stal-340-x-386-x-200-cm-brun\/\" \/>\n<meta property=\"og:site_name\" content=\"TRUUSK - Hem, Tr\u00e4dg\u00e5rd &amp; Fritid\" \/>\n<meta property=\"article:modified_time\" content=\"2026-03-12T08:32:20+00:00\" \/>\n<meta property=\"og:image\" content=\"https:\/\/i0.wp.com\/truusk.se\/wp-content\/uploads\/2025\/06\/redskapshus-124-mc2b2-tradgardshus-med-sadeltak-skjutdorr-grund-340-x-386-x-200-cm-redskapsbod-av-forzinkat-stal-vaderbestandig-for-tradgard-brun-1.webp?fit=2000%2C2000&ssl=1\" \/>\n\t<meta property=\"og:image:width\" content=\"2000\" \/>\n\t<meta property=\"og:image:height\" content=\"2000\" \/>\n\t<meta property=\"og:image:type\" content=\"image\/webp\" \/>\n<meta name=\"twitter:card\" content=\"summary_large_image\" \/>\n<meta name=\"twitter:label1\" content=\"Ber\u00e4knad l\u00e4stid\" \/>\n\t<meta name=\"twitter:data1\" content=\"1 minut\" \/>\n<!-- \/ Yoast SEO plugin. -->","yoast_head_json":{"title":"TRUUSK Redskapshus 12,4 m\u00b2 - Tr\u00e4dg\u00e5rdshus med Sadeltak - Skjutd\u00f6rr - V\u00e4derbest\u00e4ndig F\u00f6rzinkat St\u00e5l - 340 x 386 x 200 cm - Brun - TRUUSK - Hem, Tr\u00e4dg\u00e5rd &amp; Fritid","robots":{"index":"index","follow":"follow","max-snippet":"max-snippet:-1","max-image-preview":"max-image-preview:large","max-video-preview":"max-video-preview:-1"},"canonical":"https:\/\/truusk.store\/sv\/produkt\/truusk-redskapshus-124-m%c2%b2-tradgardshus-med-sadeltak-skjutdorr-vaderbestandig-forzinkat-stal-340-x-386-x-200-cm-brun\/","og_locale":"sv_SE","og_type":"article","og_title":"TRUUSK Redskapshus 12,4 m\u00b2 - Tr\u00e4dg\u00e5rdshus med Sadeltak - Skjutd\u00f6rr - V\u00e4derbest\u00e4ndig F\u00f6rzinkat St\u00e5l - 340 x 386 x 200 cm - Brun - TRUUSK - Hem, Tr\u00e4dg\u00e5rd &amp; Fritid","og_description":"Har du \u00e4nnu inte n\u00e5got tr\u00e4dg\u00e5rdssk\u00e5p f\u00f6r dina tr\u00e4dg\u00e5rdsredskap? D\u00e5 \u00e4r denna tr\u00e4dg\u00e5rdsstuga fr\u00e5n TRUUSK den idealiska l\u00f6sningen! Cykelskjulet best\u00e5r...","og_url":"https:\/\/truusk.store\/sv\/produkt\/truusk-redskapshus-124-m%c2%b2-tradgardshus-med-sadeltak-skjutdorr-vaderbestandig-forzinkat-stal-340-x-386-x-200-cm-brun\/","og_site_name":"TRUUSK - Hem, Tr\u00e4dg\u00e5rd &amp; Fritid","article_modified_time":"2026-03-12T08:32:20+00:00","og_image":[{"width":2000,"height":2000,"url":"https:\/\/i0.wp.com\/truusk.se\/wp-content\/uploads\/2025\/06\/redskapshus-124-mc2b2-tradgardshus-med-sadeltak-skjutdorr-grund-340-x-386-x-200-cm-redskapsbod-av-forzinkat-stal-vaderbestandig-for-tradgard-brun-1.webp?fit=2000%2C2000&ssl=1","type":"image\/webp"}],"twitter_card":"summary_large_image","twitter_misc":{"Ber\u00e4knad l\u00e4stid":"1 minut"},"schema":{"@context":"https:\/\/schema.org","@graph":[{"@type":"WebPage","@id":"https:\/\/truusk.store\/sv\/produkt\/truusk-redskapshus-124-m%c2%b2-tradgardshus-med-sadeltak-skjutdorr-vaderbestandig-forzinkat-stal-340-x-386-x-200-cm-brun\/","url":"https:\/\/truusk.store\/sv\/produkt\/truusk-redskapshus-124-m%c2%b2-tradgardshus-med-sadeltak-skjutdorr-vaderbestandig-forzinkat-stal-340-x-386-x-200-cm-brun\/","name":"TRUUSK Redskapshus 12,4 m\u00b2 - Tr\u00e4dg\u00e5rdshus med Sadeltak - Skjutd\u00f6rr - V\u00e4derbest\u00e4ndig F\u00f6rzinkat St\u00e5l - 340 x 386 x 200 cm - Brun - TRUUSK - Hem, Tr\u00e4dg\u00e5rd &amp; Fritid","isPartOf":{"@id":"https:\/\/truusk.store\/sv\/#website"},"primaryImageOfPage":{"@id":"https:\/\/truusk.store\/sv\/produkt\/truusk-redskapshus-124-m%c2%b2-tradgardshus-med-sadeltak-skjutdorr-vaderbestandig-forzinkat-stal-340-x-386-x-200-cm-brun\/#primaryimage"},"image":{"@id":"https:\/\/truusk.store\/sv\/produkt\/truusk-redskapshus-124-m%c2%b2-tradgardshus-med-sadeltak-skjutdorr-vaderbestandig-forzinkat-stal-340-x-386-x-200-cm-brun\/#primaryimage"},"thumbnailUrl":"https:\/\/i0.wp.com\/truusk.store\/wp-content\/uploads\/2025\/06\/redskapshus-124-mc2b2-tradgardshus-med-sadeltak-skjutdorr-grund-340-x-386-x-200-cm-redskapsbod-av-forzinkat-stal-vaderbestandig-for-tradgard-brun-1.webp?fit=2000%2C2000&ssl=1","datePublished":"2025-06-05T11:40:49+00:00","dateModified":"2026-03-12T08:32:20+00:00","breadcrumb":{"@id":"https:\/\/truusk.store\/sv\/produkt\/truusk-redskapshus-124-m%c2%b2-tradgardshus-med-sadeltak-skjutdorr-vaderbestandig-forzinkat-stal-340-x-386-x-200-cm-brun\/#breadcrumb"},"inLanguage":"sv-SE","potentialAction":[{"@type":"ReadAction","target":["https:\/\/truusk.store\/sv\/produkt\/truusk-redskapshus-124-m%c2%b2-tradgardshus-med-sadeltak-skjutdorr-vaderbestandig-forzinkat-stal-340-x-386-x-200-cm-brun\/"]}]},{"@type":"ImageObject","inLanguage":"sv-SE","@id":"https:\/\/truusk.store\/sv\/produkt\/truusk-redskapshus-124-m%c2%b2-tradgardshus-med-sadeltak-skjutdorr-vaderbestandig-forzinkat-stal-340-x-386-x-200-cm-brun\/#primaryimage","url":"https:\/\/i0.wp.com\/truusk.store\/wp-content\/uploads\/2025\/06\/redskapshus-124-mc2b2-tradgardshus-med-sadeltak-skjutdorr-grund-340-x-386-x-200-cm-redskapsbod-av-forzinkat-stal-vaderbestandig-for-tradgard-brun-1.webp?fit=2000%2C2000&ssl=1","contentUrl":"https:\/\/i0.wp.com\/truusk.store\/wp-content\/uploads\/2025\/06\/redskapshus-124-mc2b2-tradgardshus-med-sadeltak-skjutdorr-grund-340-x-386-x-200-cm-redskapsbod-av-forzinkat-stal-vaderbestandig-for-tradgard-brun-1.webp?fit=2000%2C2000&ssl=1","width":2000,"height":2000},{"@type":"BreadcrumbList","@id":"https:\/\/truusk.store\/sv\/produkt\/truusk-redskapshus-124-m%c2%b2-tradgardshus-med-sadeltak-skjutdorr-vaderbestandig-forzinkat-stal-340-x-386-x-200-cm-brun\/#breadcrumb","itemListElement":[{"@type":"ListItem","position":1,"name":"Home","item":"https:\/\/truusk.store\/sv\/"},{"@type":"ListItem","position":2,"name":"Shop","item":"https:\/\/truusk.store\/shop\/"},{"@type":"ListItem","position":3,"name":"TRUUSK Redskapshus 12,4 m\u00b2 &#8211; Tr\u00e4dg\u00e5rdshus med Sadeltak &#8211; Skjutd\u00f6rr &#8211; V\u00e4derbest\u00e4ndig F\u00f6rzinkat St\u00e5l &#8211; 340 x 386 x 200 cm &#8211; Brun"}]},{"@type":"WebSite","@id":"https:\/\/truusk.store\/sv\/#website","url":"https:\/\/truusk.store\/sv\/","name":"TRUUSK - Hem, Tr\u00e4dg\u00e5rd & Fritid","description":"","publisher":{"@id":"https:\/\/truusk.store\/sv\/#organization"},"potentialAction":[{"@type":"SearchAction","target":{"@type":"EntryPoint","urlTemplate":"https:\/\/truusk.store\/sv\/?s={search_term_string}"},"query-input":{"@type":"PropertyValueSpecification","valueRequired":true,"valueName":"search_term_string"}}],"inLanguage":"sv-SE"},{"@type":"Organization","@id":"https:\/\/truusk.store\/sv\/#organization","name":"TRUUSK - Hem, Tr\u00e4dg\u00e5rd & Fritid","url":"https:\/\/truusk.store\/sv\/","logo":{"@type":"ImageObject","inLanguage":"sv-SE","@id":"https:\/\/truusk.store\/sv\/#\/schema\/logo\/image\/","url":"https:\/\/i0.wp.com\/truusk.store\/wp-content\/uploads\/2026\/03\/cropped-TRUUSK.png?fit=2032%2C917&ssl=1","contentUrl":"https:\/\/i0.wp.com\/truusk.store\/wp-content\/uploads\/2026\/03\/cropped-TRUUSK.png?fit=2032%2C917&ssl=1","width":2032,"height":917,"caption":"TRUUSK - Hem, Tr\u00e4dg\u00e5rd & Fritid"},"image":{"@id":"https:\/\/truusk.store\/sv\/#\/schema\/logo\/image\/"}}]}},"jetpack_sharing_enabled":true,"_links":{"self":[{"href":"https:\/\/truusk.store\/sv\/wp-json\/wp\/v2\/product\/66393","targetHints":{"allow":["GET"]}}],"collection":[{"href":"https:\/\/truusk.store\/sv\/wp-json\/wp\/v2\/product"}],"about":[{"href":"https:\/\/truusk.store\/sv\/wp-json\/wp\/v2\/types\/product"}],"wp:featuredmedia":[{"embeddable":true,"href":"https:\/\/truusk.store\/sv\/wp-json\/wp\/v2\/media\/66384"}],"wp:attachment":[{"href":"https:\/\/truusk.store\/sv\/wp-json\/wp\/v2\/media?parent=66393"}],"wp:term":[{"taxonomy":"product_brand","embeddable":true,"href":"https:\/\/truusk.store\/sv\/wp-json\/wp\/v2\/product_brand?post=66393"},{"taxonomy":"product_cat","embeddable":true,"href":"https:\/\/truusk.store\/sv\/wp-json\/wp\/v2\/product_cat?post=66393"},{"taxonomy":"product_tag","embeddable":true,"href":"https:\/\/truusk.store\/sv\/wp-json\/wp\/v2\/product_tag?post=66393"}],"curies":[{"name":"wp","href":"https:\/\/api.w.org\/{rel}","templated":true}]}}