{"id":66443,"date":"2025-06-05T12:45:46","date_gmt":"2025-06-05T11:45:46","guid":{"rendered":"https:\/\/truusk.store\/product\/skoldpaddshus-i-tra-skoldpaddsbur-med-tva-huvudhus-oppningsbar-ovansida-ljusstall-transparent-frontplatta-120-x-50-x-40-cm-gra\/"},"modified":"2026-03-12T09:46:06","modified_gmt":"2026-03-12T08:46:06","slug":"truusk-skoldpaddshus-i-tra-med-tva-huvudhus-oppningsbar-ovansida-ljusstall-transparent-frontplatta-gra-120-x-50-x-40","status":"publish","type":"product","link":"https:\/\/truusk.store\/sv\/produkt\/truusk-skoldpaddshus-i-tra-med-tva-huvudhus-oppningsbar-ovansida-ljusstall-transparent-frontplatta-gra-120-x-50-x-40\/","title":{"rendered":"TRUUSK Sk\u00f6ldpaddshus i tr\u00e4 &#8211; Med tv\u00e5 huvudhus &#8211; \u00d6ppningsbar ovansida &#8211; Ljusst\u00e4ll &#8211; Transparent frontplatta &#8211; Gr\u00e5 &#8211; 120 x 50 x 40"},"content":{"rendered":"<p>Uppt\u00e4ck ett idealiskt hem f\u00f6r din sk\u00f6ldpadda med TRUUSK Sk\u00f6ldpaddshuset. Det inkluderar tv\u00e5 huvudboenden och ett mellersta omr\u00e5de f\u00f6r lek. Tack vare den genomskinliga fronten och den \u00f6ppningsbara toppen av sk\u00f6ldpaddsbur kan du enkelt observera och interagera med ditt husdjur efter behag. Den enkla reng\u00f6ringen och det robusta, v\u00e4derbest\u00e4ndiga grantr\u00e4et g\u00f6r underh\u00e5llet dessutom barnsligt enkelt.<\/p>\n<p>Beskrivning:<\/p>\n<ul>\n<li> Stort bostadsomr\u00e5de i sk\u00f6ldpaddshuset erbjuder mycket utrymme f\u00f6r sk\u00f6ldpaddans komfort<\/li>\n<li> Transparent frontpanel m\u00f6jligg\u00f6r enkel observation av husdjuren<\/li>\n<li> L\u00e4tt att \u00f6ppna toppen ger bekv\u00e4m tillg\u00e5ng f\u00f6r matning och interaktion<\/li>\n<li> Takl\u00f6s design av sk\u00f6ldpaddsbur fr\u00e4mjar naturligt ljus och ventilation<\/li>\n<li> Utrustad med en ljusst\u00e4llanordning, f\u00f6r optimal temperaturkontroll<\/li>\n<li> Tillverkad av robust grantr\u00e4, f\u00f6r h\u00e5llbarhet och s\u00e4kerhet<\/li>\n<li> Montering kr\u00e4vs<\/li>\n<\/ul>\n<p> Tekniska data:<\/p>\n<ul>\n<li> F\u00e4rg: Gr\u00e5+Vit<\/li>\n<li> Material: Grantr\u00e4, Plast<\/li>\n<li> Totala dimensioner: 120L x 50B x 40H cm<\/li>\n<li> Yta: 0,16 m\u00b2 (huvudbyggnad), 0,35 m\u00b2 (lekplats)<\/li>\n<li> Huvudhus: 41,5B x 41,5T cm (varje)<\/li>\n<li> Lekplats: 116B x 46T cm<\/li>\n<li> D\u00f6rr: 20B x 15H cm<\/li>\n<li> Huvudhus \u00f6vre panel : 41,5B x 41,5T cm<\/li>\n<li> F\u00f6nster: 70B x 31H cm<\/li>\n<li> Bricka: 120L x 50B cm<\/li>\n<\/ul>\n<p>Leveransinneh\u00e5ll:<\/p>\n<ul>\n<li> 1 x Sk\u00f6ldpaddshus<\/li>\n<li> 1 x Bruksanvisning<\/li>\n<\/ul>\n","protected":false},"excerpt":{"rendered":"<p>Uppt\u00e4ck ett idealiskt hem f\u00f6r din sk\u00f6ldpadda med TRUUSK Sk\u00f6ldpaddshuset. Det inkluderar tv\u00e5 huvudboenden och ett mellersta omr\u00e5de f\u00f6r lek&#8230;.<\/p>\n","protected":false},"featured_media":66434,"template":"","meta":[],"product_brand":[],"product_cat":[878,599,597],"product_tag":[],"class_list":{"0":"post-66443","1":"product","2":"type-product","3":"status-publish","4":"has-post-thumbnail","6":"product_cat-djurbehov","7":"product_cat-sma-djurburar","8":"product_cat-sma-djurtillbehor","10":"first","11":"instock","12":"sale","13":"taxable","14":"shipping-taxable","15":"purchasable","16":"product-type-simple"},"yoast_head":"<!-- This site is optimized with the Yoast SEO plugin v25.4 - https:\/\/yoast.com\/wordpress\/plugins\/seo\/ -->\n<title>TRUUSK Sk\u00f6ldpaddshus i tr\u00e4 - Med tv\u00e5 huvudhus - \u00d6ppningsbar ovansida - Ljusst\u00e4ll - Transparent frontplatta - Gr\u00e5 - 120 x 50 x 40 - TRUUSK - Hem, Tr\u00e4dg\u00e5rd &amp; Fritid<\/title>\n<meta name=\"robots\" content=\"index, follow, max-snippet:-1, max-image-preview:large, max-video-preview:-1\" \/>\n<link rel=\"canonical\" href=\"https:\/\/truusk.store\/sv\/produkt\/truusk-skoldpaddshus-i-tra-med-tva-huvudhus-oppningsbar-ovansida-ljusstall-transparent-frontplatta-gra-120-x-50-x-40\/\" \/>\n<meta property=\"og:locale\" content=\"sv_SE\" \/>\n<meta property=\"og:type\" content=\"article\" \/>\n<meta property=\"og:title\" content=\"TRUUSK Sk\u00f6ldpaddshus i tr\u00e4 - Med tv\u00e5 huvudhus - \u00d6ppningsbar ovansida - Ljusst\u00e4ll - Transparent frontplatta - Gr\u00e5 - 120 x 50 x 40 - TRUUSK - Hem, Tr\u00e4dg\u00e5rd &amp; Fritid\" \/>\n<meta property=\"og:description\" content=\"Uppt\u00e4ck ett idealiskt hem f\u00f6r din sk\u00f6ldpadda med TRUUSK Sk\u00f6ldpaddshuset. Det inkluderar tv\u00e5 huvudboenden och ett mellersta omr\u00e5de f\u00f6r lek....\" \/>\n<meta property=\"og:url\" content=\"https:\/\/truusk.store\/sv\/produkt\/truusk-skoldpaddshus-i-tra-med-tva-huvudhus-oppningsbar-ovansida-ljusstall-transparent-frontplatta-gra-120-x-50-x-40\/\" \/>\n<meta property=\"og:site_name\" content=\"TRUUSK - Hem, Tr\u00e4dg\u00e5rd &amp; Fritid\" \/>\n<meta property=\"article:modified_time\" content=\"2026-03-12T08:46:06+00:00\" \/>\n<meta property=\"og:image\" content=\"https:\/\/i0.wp.com\/truusk.se\/wp-content\/uploads\/2025\/06\/skoldpaddshus-i-tra-skoldpaddsbur-med-tva-huvudhus-oppningsbar-ovansida-ljusstall-transparent-frontplatta-120-x-50-x-40-cm-gra-1.webp?fit=2000%2C2000&ssl=1\" \/>\n\t<meta property=\"og:image:width\" content=\"2000\" \/>\n\t<meta property=\"og:image:height\" content=\"2000\" \/>\n\t<meta property=\"og:image:type\" content=\"image\/webp\" \/>\n<meta name=\"twitter:card\" content=\"summary_large_image\" \/>\n<meta name=\"twitter:label1\" content=\"Ber\u00e4knad l\u00e4stid\" \/>\n\t<meta name=\"twitter:data1\" content=\"1 minut\" \/>\n<!-- \/ Yoast SEO plugin. -->","yoast_head_json":{"title":"TRUUSK Sk\u00f6ldpaddshus i tr\u00e4 - Med tv\u00e5 huvudhus - \u00d6ppningsbar ovansida - Ljusst\u00e4ll - Transparent frontplatta - Gr\u00e5 - 120 x 50 x 40 - TRUUSK - Hem, Tr\u00e4dg\u00e5rd &amp; Fritid","robots":{"index":"index","follow":"follow","max-snippet":"max-snippet:-1","max-image-preview":"max-image-preview:large","max-video-preview":"max-video-preview:-1"},"canonical":"https:\/\/truusk.store\/sv\/produkt\/truusk-skoldpaddshus-i-tra-med-tva-huvudhus-oppningsbar-ovansida-ljusstall-transparent-frontplatta-gra-120-x-50-x-40\/","og_locale":"sv_SE","og_type":"article","og_title":"TRUUSK Sk\u00f6ldpaddshus i tr\u00e4 - Med tv\u00e5 huvudhus - \u00d6ppningsbar ovansida - Ljusst\u00e4ll - Transparent frontplatta - Gr\u00e5 - 120 x 50 x 40 - TRUUSK - Hem, Tr\u00e4dg\u00e5rd &amp; Fritid","og_description":"Uppt\u00e4ck ett idealiskt hem f\u00f6r din sk\u00f6ldpadda med TRUUSK Sk\u00f6ldpaddshuset. Det inkluderar tv\u00e5 huvudboenden och ett mellersta omr\u00e5de f\u00f6r lek....","og_url":"https:\/\/truusk.store\/sv\/produkt\/truusk-skoldpaddshus-i-tra-med-tva-huvudhus-oppningsbar-ovansida-ljusstall-transparent-frontplatta-gra-120-x-50-x-40\/","og_site_name":"TRUUSK - Hem, Tr\u00e4dg\u00e5rd &amp; Fritid","article_modified_time":"2026-03-12T08:46:06+00:00","og_image":[{"width":2000,"height":2000,"url":"https:\/\/i0.wp.com\/truusk.se\/wp-content\/uploads\/2025\/06\/skoldpaddshus-i-tra-skoldpaddsbur-med-tva-huvudhus-oppningsbar-ovansida-ljusstall-transparent-frontplatta-120-x-50-x-40-cm-gra-1.webp?fit=2000%2C2000&ssl=1","type":"image\/webp"}],"twitter_card":"summary_large_image","twitter_misc":{"Ber\u00e4knad l\u00e4stid":"1 minut"},"schema":{"@context":"https:\/\/schema.org","@graph":[{"@type":"WebPage","@id":"https:\/\/truusk.store\/sv\/produkt\/truusk-skoldpaddshus-i-tra-med-tva-huvudhus-oppningsbar-ovansida-ljusstall-transparent-frontplatta-gra-120-x-50-x-40\/","url":"https:\/\/truusk.store\/sv\/produkt\/truusk-skoldpaddshus-i-tra-med-tva-huvudhus-oppningsbar-ovansida-ljusstall-transparent-frontplatta-gra-120-x-50-x-40\/","name":"TRUUSK Sk\u00f6ldpaddshus i tr\u00e4 - Med tv\u00e5 huvudhus - \u00d6ppningsbar ovansida - Ljusst\u00e4ll - Transparent frontplatta - Gr\u00e5 - 120 x 50 x 40 - TRUUSK - Hem, Tr\u00e4dg\u00e5rd &amp; Fritid","isPartOf":{"@id":"https:\/\/truusk.store\/sv\/#website"},"primaryImageOfPage":{"@id":"https:\/\/truusk.store\/sv\/produkt\/truusk-skoldpaddshus-i-tra-med-tva-huvudhus-oppningsbar-ovansida-ljusstall-transparent-frontplatta-gra-120-x-50-x-40\/#primaryimage"},"image":{"@id":"https:\/\/truusk.store\/sv\/produkt\/truusk-skoldpaddshus-i-tra-med-tva-huvudhus-oppningsbar-ovansida-ljusstall-transparent-frontplatta-gra-120-x-50-x-40\/#primaryimage"},"thumbnailUrl":"https:\/\/i0.wp.com\/truusk.store\/wp-content\/uploads\/2025\/06\/skoldpaddshus-i-tra-skoldpaddsbur-med-tva-huvudhus-oppningsbar-ovansida-ljusstall-transparent-frontplatta-120-x-50-x-40-cm-gra-1.webp?fit=2000%2C2000&ssl=1","datePublished":"2025-06-05T11:45:46+00:00","dateModified":"2026-03-12T08:46:06+00:00","breadcrumb":{"@id":"https:\/\/truusk.store\/sv\/produkt\/truusk-skoldpaddshus-i-tra-med-tva-huvudhus-oppningsbar-ovansida-ljusstall-transparent-frontplatta-gra-120-x-50-x-40\/#breadcrumb"},"inLanguage":"sv-SE","potentialAction":[{"@type":"ReadAction","target":["https:\/\/truusk.store\/sv\/produkt\/truusk-skoldpaddshus-i-tra-med-tva-huvudhus-oppningsbar-ovansida-ljusstall-transparent-frontplatta-gra-120-x-50-x-40\/"]}]},{"@type":"ImageObject","inLanguage":"sv-SE","@id":"https:\/\/truusk.store\/sv\/produkt\/truusk-skoldpaddshus-i-tra-med-tva-huvudhus-oppningsbar-ovansida-ljusstall-transparent-frontplatta-gra-120-x-50-x-40\/#primaryimage","url":"https:\/\/i0.wp.com\/truusk.store\/wp-content\/uploads\/2025\/06\/skoldpaddshus-i-tra-skoldpaddsbur-med-tva-huvudhus-oppningsbar-ovansida-ljusstall-transparent-frontplatta-120-x-50-x-40-cm-gra-1.webp?fit=2000%2C2000&ssl=1","contentUrl":"https:\/\/i0.wp.com\/truusk.store\/wp-content\/uploads\/2025\/06\/skoldpaddshus-i-tra-skoldpaddsbur-med-tva-huvudhus-oppningsbar-ovansida-ljusstall-transparent-frontplatta-120-x-50-x-40-cm-gra-1.webp?fit=2000%2C2000&ssl=1","width":2000,"height":2000},{"@type":"BreadcrumbList","@id":"https:\/\/truusk.store\/sv\/produkt\/truusk-skoldpaddshus-i-tra-med-tva-huvudhus-oppningsbar-ovansida-ljusstall-transparent-frontplatta-gra-120-x-50-x-40\/#breadcrumb","itemListElement":[{"@type":"ListItem","position":1,"name":"Home","item":"https:\/\/truusk.store\/sv\/"},{"@type":"ListItem","position":2,"name":"Shop","item":"https:\/\/truusk.store\/shop\/"},{"@type":"ListItem","position":3,"name":"TRUUSK Sk\u00f6ldpaddshus i tr\u00e4 &#8211; Med tv\u00e5 huvudhus &#8211; \u00d6ppningsbar ovansida &#8211; Ljusst\u00e4ll &#8211; Transparent frontplatta &#8211; Gr\u00e5 &#8211; 120 x 50 x 40"}]},{"@type":"WebSite","@id":"https:\/\/truusk.store\/sv\/#website","url":"https:\/\/truusk.store\/sv\/","name":"TRUUSK - Hem, Tr\u00e4dg\u00e5rd & Fritid","description":"","publisher":{"@id":"https:\/\/truusk.store\/sv\/#organization"},"potentialAction":[{"@type":"SearchAction","target":{"@type":"EntryPoint","urlTemplate":"https:\/\/truusk.store\/sv\/?s={search_term_string}"},"query-input":{"@type":"PropertyValueSpecification","valueRequired":true,"valueName":"search_term_string"}}],"inLanguage":"sv-SE"},{"@type":"Organization","@id":"https:\/\/truusk.store\/sv\/#organization","name":"TRUUSK - Hem, Tr\u00e4dg\u00e5rd & Fritid","url":"https:\/\/truusk.store\/sv\/","logo":{"@type":"ImageObject","inLanguage":"sv-SE","@id":"https:\/\/truusk.store\/sv\/#\/schema\/logo\/image\/","url":"https:\/\/i0.wp.com\/truusk.store\/wp-content\/uploads\/2026\/03\/cropped-TRUUSK.png?fit=2032%2C917&ssl=1","contentUrl":"https:\/\/i0.wp.com\/truusk.store\/wp-content\/uploads\/2026\/03\/cropped-TRUUSK.png?fit=2032%2C917&ssl=1","width":2032,"height":917,"caption":"TRUUSK - Hem, Tr\u00e4dg\u00e5rd & Fritid"},"image":{"@id":"https:\/\/truusk.store\/sv\/#\/schema\/logo\/image\/"}}]}},"jetpack_sharing_enabled":true,"_links":{"self":[{"href":"https:\/\/truusk.store\/sv\/wp-json\/wp\/v2\/product\/66443","targetHints":{"allow":["GET"]}}],"collection":[{"href":"https:\/\/truusk.store\/sv\/wp-json\/wp\/v2\/product"}],"about":[{"href":"https:\/\/truusk.store\/sv\/wp-json\/wp\/v2\/types\/product"}],"wp:featuredmedia":[{"embeddable":true,"href":"https:\/\/truusk.store\/sv\/wp-json\/wp\/v2\/media\/66434"}],"wp:attachment":[{"href":"https:\/\/truusk.store\/sv\/wp-json\/wp\/v2\/media?parent=66443"}],"wp:term":[{"taxonomy":"product_brand","embeddable":true,"href":"https:\/\/truusk.store\/sv\/wp-json\/wp\/v2\/product_brand?post=66443"},{"taxonomy":"product_cat","embeddable":true,"href":"https:\/\/truusk.store\/sv\/wp-json\/wp\/v2\/product_cat?post=66443"},{"taxonomy":"product_tag","embeddable":true,"href":"https:\/\/truusk.store\/sv\/wp-json\/wp\/v2\/product_tag?post=66443"}],"curies":[{"name":"wp","href":"https:\/\/api.w.org\/{rel}","templated":true}]}}