{"id":6646,"date":"2024-02-13T08:31:55","date_gmt":"2024-02-13T07:31:55","guid":{"rendered":"https:\/\/truusk.store\/product\/skrapstolpe-i-takhojd-justerbar-katttrad-med-sisalpelare-kattskrapstolpe-kattklattertrad-brun-40-x-34-x-230-260-cm\/"},"modified":"2026-03-12T08:55:21","modified_gmt":"2026-03-12T07:55:21","slug":"truusk-justerbar-katttrad-med-sisalpelare-skrapstolpe-i-takhojd-kattklattertrad-40-x-34-x-230-260-cm-brun","status":"publish","type":"product","link":"https:\/\/truusk.store\/sv\/produkt\/truusk-justerbar-katttrad-med-sisalpelare-skrapstolpe-i-takhojd-kattklattertrad-40-x-34-x-230-260-cm-brun\/","title":{"rendered":"TRUUSK Justerbar Katttr\u00e4d med Sisalpelare &#8211; Skrapstolpe i Takh\u00f6jd &#8211; Kattkl\u00e4ttertr\u00e4d &#8211; 40 x 34 x 230-260 cm &#8211; Brun"},"content":{"rendered":"<p>G\u00f6r dina fluffiga v\u00e4nner glada med detta fem v\u00e5ningar l\u00e5nga skrapinl\u00e4gg. Det finns olika mysiga plyschplattformar f\u00f6r att kl\u00e4ttra och vila mellan golv och tak, d\u00e4r din katt s\u00e4kert kommer att njuta av att f\u00f6rdriva tiden. Mittpelaren \u00e4r inlindad i sisal s\u00e5 att dina katter kan slipa klorna utan att dina m\u00f6bler ska beh\u00f6va lida. Det h\u00e4r skrapinl\u00e4gget g\u00f6r inte bara katter glada, utan \u00e4ven kattf\u00f6r\u00e4ldrar!<\/p>\n<h3>Beskrivning:<\/h3>\n<ul>\n<li>Enkel, smal design drar f\u00f6rdel av rummets h\u00f6jd<\/li>\n<li>230260 cm h\u00f6jd f\u00f6r stabil takmontering<\/li>\n<li>Mysiga plysch\u00f6verdrag och sisalstammar f\u00f6r att slipa klor<\/li>\n<li>Giftfria och djurv\u00e4nliga material<\/li>\n<li>Den solida P2-sp\u00e5nskivan h\u00e5ller hela skrapstolpen stark och stabil<\/li>\n<li>Skrapstolpen \u00e4r utrustad med tippskydd och det rekommenderas att montera den p\u00e5 v\u00e4gg<\/li>\n<li>Enkel konstruktion<\/li>\n<li>OBS: Skrapstolpen m\u00e5ste kl\u00e4mmas fast mellan golv och tak f\u00f6r att s\u00e4kerst\u00e4lla stabilitet. Den \u00e4r l\u00e4mplig f\u00f6r tak upp till en h\u00f6jd av 260 cm.<\/li>\n<\/ul>\n<h3>Teknisk data:<\/h3>\n<ul>\n<li>F\u00e4rg brun<\/li>\n<li>Material: P2 kvalitetssp\u00e5nskiva, kort plysch, sisal<\/li>\n<li>\u00d6vergripande m\u00e5tt: 40L x 34W x 230-260H cm<\/li>\n<li>Storlek p\u00e5 1:a raden (nedre): 40L x 34W cm<\/li>\n<li>Storlek p\u00e5 det andra lagret: 40L x 30W cm<\/li>\n<li>3:e v\u00e5ningens storlek: 30 cm<\/li>\n<li>4:e v\u00e5ningens storlek: 30 cm<\/li>\n<li>5:e v\u00e5ningens storlek (\u00f6verst): 40L x 30W cm<\/li>\n<li>Total lastkapacitet: 15 kg<\/li>\n<li>Lastkapacitet per plattform: 8 kg<\/li>\n<\/ul>\n<h3>Leveransens omfattning:<\/h3>\n<ul>\n<li>1 x katttr\u00e4d<\/li>\n<li>1 x monteringsanvisning<\/li>\n<\/ul>\n","protected":false},"excerpt":{"rendered":"<p>G\u00f6r dina fluffiga v\u00e4nner glada med detta fem v\u00e5ningar l\u00e5nga skrapinl\u00e4gg. Det finns olika mysiga plyschplattformar f\u00f6r att kl\u00e4ttra och&#8230;<\/p>\n","protected":false},"featured_media":6647,"template":"","meta":[],"product_brand":[],"product_cat":[573,588,589],"product_tag":[],"class_list":{"0":"post-6646","1":"product","2":"type-product","3":"status-publish","4":"has-post-thumbnail","6":"product_cat-husdjursmaterial","7":"product_cat-katttillbehor","8":"product_cat-skrapande-inlagg","10":"first","11":"instock","12":"sale","13":"taxable","14":"shipping-taxable","15":"purchasable","16":"product-type-simple"},"yoast_head":"<!-- This site is optimized with the Yoast SEO plugin v25.4 - https:\/\/yoast.com\/wordpress\/plugins\/seo\/ -->\n<title>TRUUSK Justerbar Katttr\u00e4d med Sisalpelare - Skrapstolpe i Takh\u00f6jd - Kattkl\u00e4ttertr\u00e4d - 40 x 34 x 230-260 cm - Brun - TRUUSK - Hem, Tr\u00e4dg\u00e5rd &amp; Fritid<\/title>\n<meta name=\"robots\" content=\"index, follow, max-snippet:-1, max-image-preview:large, max-video-preview:-1\" \/>\n<link rel=\"canonical\" href=\"https:\/\/truusk.store\/sv\/produkt\/truusk-justerbar-katttrad-med-sisalpelare-skrapstolpe-i-takhojd-kattklattertrad-40-x-34-x-230-260-cm-brun\/\" \/>\n<meta property=\"og:locale\" content=\"sv_SE\" \/>\n<meta property=\"og:type\" content=\"article\" \/>\n<meta property=\"og:title\" content=\"TRUUSK Justerbar Katttr\u00e4d med Sisalpelare - Skrapstolpe i Takh\u00f6jd - Kattkl\u00e4ttertr\u00e4d - 40 x 34 x 230-260 cm - Brun - TRUUSK - Hem, Tr\u00e4dg\u00e5rd &amp; Fritid\" \/>\n<meta property=\"og:description\" content=\"G\u00f6r dina fluffiga v\u00e4nner glada med detta fem v\u00e5ningar l\u00e5nga skrapinl\u00e4gg. Det finns olika mysiga plyschplattformar f\u00f6r att kl\u00e4ttra och...\" \/>\n<meta property=\"og:url\" content=\"https:\/\/truusk.store\/sv\/produkt\/truusk-justerbar-katttrad-med-sisalpelare-skrapstolpe-i-takhojd-kattklattertrad-40-x-34-x-230-260-cm-brun\/\" \/>\n<meta property=\"og:site_name\" content=\"TRUUSK - Hem, Tr\u00e4dg\u00e5rd &amp; Fritid\" \/>\n<meta property=\"article:modified_time\" content=\"2026-03-12T07:55:21+00:00\" \/>\n<meta property=\"og:image\" content=\"https:\/\/i0.wp.com\/truusk.se\/wp-content\/uploads\/2024\/02\/skrapstolpe-i-takhojd-justerbar-katttrad-med-sisalpelare-kattskrapstolpe-kattklattertrad-brun-40-x-34-x-230-260-cm.webp?fit=800%2C800&ssl=1\" \/>\n\t<meta property=\"og:image:width\" content=\"800\" \/>\n\t<meta property=\"og:image:height\" content=\"800\" \/>\n\t<meta property=\"og:image:type\" content=\"image\/webp\" \/>\n<meta name=\"twitter:card\" content=\"summary_large_image\" \/>\n<meta name=\"twitter:label1\" content=\"Ber\u00e4knad l\u00e4stid\" \/>\n\t<meta name=\"twitter:data1\" content=\"1 minut\" \/>\n<!-- \/ Yoast SEO plugin. -->","yoast_head_json":{"title":"TRUUSK Justerbar Katttr\u00e4d med Sisalpelare - Skrapstolpe i Takh\u00f6jd - Kattkl\u00e4ttertr\u00e4d - 40 x 34 x 230-260 cm - Brun - TRUUSK - Hem, Tr\u00e4dg\u00e5rd &amp; Fritid","robots":{"index":"index","follow":"follow","max-snippet":"max-snippet:-1","max-image-preview":"max-image-preview:large","max-video-preview":"max-video-preview:-1"},"canonical":"https:\/\/truusk.store\/sv\/produkt\/truusk-justerbar-katttrad-med-sisalpelare-skrapstolpe-i-takhojd-kattklattertrad-40-x-34-x-230-260-cm-brun\/","og_locale":"sv_SE","og_type":"article","og_title":"TRUUSK Justerbar Katttr\u00e4d med Sisalpelare - Skrapstolpe i Takh\u00f6jd - Kattkl\u00e4ttertr\u00e4d - 40 x 34 x 230-260 cm - Brun - TRUUSK - Hem, Tr\u00e4dg\u00e5rd &amp; Fritid","og_description":"G\u00f6r dina fluffiga v\u00e4nner glada med detta fem v\u00e5ningar l\u00e5nga skrapinl\u00e4gg. Det finns olika mysiga plyschplattformar f\u00f6r att kl\u00e4ttra och...","og_url":"https:\/\/truusk.store\/sv\/produkt\/truusk-justerbar-katttrad-med-sisalpelare-skrapstolpe-i-takhojd-kattklattertrad-40-x-34-x-230-260-cm-brun\/","og_site_name":"TRUUSK - Hem, Tr\u00e4dg\u00e5rd &amp; Fritid","article_modified_time":"2026-03-12T07:55:21+00:00","og_image":[{"width":800,"height":800,"url":"https:\/\/i0.wp.com\/truusk.se\/wp-content\/uploads\/2024\/02\/skrapstolpe-i-takhojd-justerbar-katttrad-med-sisalpelare-kattskrapstolpe-kattklattertrad-brun-40-x-34-x-230-260-cm.webp?fit=800%2C800&ssl=1","type":"image\/webp"}],"twitter_card":"summary_large_image","twitter_misc":{"Ber\u00e4knad l\u00e4stid":"1 minut"},"schema":{"@context":"https:\/\/schema.org","@graph":[{"@type":"WebPage","@id":"https:\/\/truusk.store\/sv\/produkt\/truusk-justerbar-katttrad-med-sisalpelare-skrapstolpe-i-takhojd-kattklattertrad-40-x-34-x-230-260-cm-brun\/","url":"https:\/\/truusk.store\/sv\/produkt\/truusk-justerbar-katttrad-med-sisalpelare-skrapstolpe-i-takhojd-kattklattertrad-40-x-34-x-230-260-cm-brun\/","name":"TRUUSK Justerbar Katttr\u00e4d med Sisalpelare - Skrapstolpe i Takh\u00f6jd - Kattkl\u00e4ttertr\u00e4d - 40 x 34 x 230-260 cm - Brun - TRUUSK - Hem, Tr\u00e4dg\u00e5rd &amp; Fritid","isPartOf":{"@id":"https:\/\/truusk.store\/sv\/#website"},"primaryImageOfPage":{"@id":"https:\/\/truusk.store\/sv\/produkt\/truusk-justerbar-katttrad-med-sisalpelare-skrapstolpe-i-takhojd-kattklattertrad-40-x-34-x-230-260-cm-brun\/#primaryimage"},"image":{"@id":"https:\/\/truusk.store\/sv\/produkt\/truusk-justerbar-katttrad-med-sisalpelare-skrapstolpe-i-takhojd-kattklattertrad-40-x-34-x-230-260-cm-brun\/#primaryimage"},"thumbnailUrl":"https:\/\/i0.wp.com\/truusk.store\/wp-content\/uploads\/2024\/02\/skrapstolpe-i-takhojd-justerbar-katttrad-med-sisalpelare-kattskrapstolpe-kattklattertrad-brun-40-x-34-x-230-260-cm.webp?fit=800%2C800&ssl=1","datePublished":"2024-02-13T07:31:55+00:00","dateModified":"2026-03-12T07:55:21+00:00","breadcrumb":{"@id":"https:\/\/truusk.store\/sv\/produkt\/truusk-justerbar-katttrad-med-sisalpelare-skrapstolpe-i-takhojd-kattklattertrad-40-x-34-x-230-260-cm-brun\/#breadcrumb"},"inLanguage":"sv-SE","potentialAction":[{"@type":"ReadAction","target":["https:\/\/truusk.store\/sv\/produkt\/truusk-justerbar-katttrad-med-sisalpelare-skrapstolpe-i-takhojd-kattklattertrad-40-x-34-x-230-260-cm-brun\/"]}]},{"@type":"ImageObject","inLanguage":"sv-SE","@id":"https:\/\/truusk.store\/sv\/produkt\/truusk-justerbar-katttrad-med-sisalpelare-skrapstolpe-i-takhojd-kattklattertrad-40-x-34-x-230-260-cm-brun\/#primaryimage","url":"https:\/\/i0.wp.com\/truusk.store\/wp-content\/uploads\/2024\/02\/skrapstolpe-i-takhojd-justerbar-katttrad-med-sisalpelare-kattskrapstolpe-kattklattertrad-brun-40-x-34-x-230-260-cm.webp?fit=800%2C800&ssl=1","contentUrl":"https:\/\/i0.wp.com\/truusk.store\/wp-content\/uploads\/2024\/02\/skrapstolpe-i-takhojd-justerbar-katttrad-med-sisalpelare-kattskrapstolpe-kattklattertrad-brun-40-x-34-x-230-260-cm.webp?fit=800%2C800&ssl=1","width":800,"height":800,"caption":"Skrapstolpe I Takh\u00f6jd Justerbar, Katttr\u00e4d Med Sisalpelare, Kattskrapstolpe, Kattkl\u00e4ttertr\u00e4d, Brun, 40 X 34 X 230-260 Cm 1"},{"@type":"BreadcrumbList","@id":"https:\/\/truusk.store\/sv\/produkt\/truusk-justerbar-katttrad-med-sisalpelare-skrapstolpe-i-takhojd-kattklattertrad-40-x-34-x-230-260-cm-brun\/#breadcrumb","itemListElement":[{"@type":"ListItem","position":1,"name":"Home","item":"https:\/\/truusk.store\/sv\/"},{"@type":"ListItem","position":2,"name":"Shop","item":"https:\/\/truusk.store\/shop\/"},{"@type":"ListItem","position":3,"name":"TRUUSK Justerbar Katttr\u00e4d med Sisalpelare &#8211; Skrapstolpe i Takh\u00f6jd &#8211; Kattkl\u00e4ttertr\u00e4d &#8211; 40 x 34 x 230-260 cm &#8211; Brun"}]},{"@type":"WebSite","@id":"https:\/\/truusk.store\/sv\/#website","url":"https:\/\/truusk.store\/sv\/","name":"TRUUSK - Hem, Tr\u00e4dg\u00e5rd & Fritid","description":"","publisher":{"@id":"https:\/\/truusk.store\/sv\/#organization"},"potentialAction":[{"@type":"SearchAction","target":{"@type":"EntryPoint","urlTemplate":"https:\/\/truusk.store\/sv\/?s={search_term_string}"},"query-input":{"@type":"PropertyValueSpecification","valueRequired":true,"valueName":"search_term_string"}}],"inLanguage":"sv-SE"},{"@type":"Organization","@id":"https:\/\/truusk.store\/sv\/#organization","name":"TRUUSK - Hem, Tr\u00e4dg\u00e5rd & Fritid","url":"https:\/\/truusk.store\/sv\/","logo":{"@type":"ImageObject","inLanguage":"sv-SE","@id":"https:\/\/truusk.store\/sv\/#\/schema\/logo\/image\/","url":"https:\/\/i0.wp.com\/truusk.store\/wp-content\/uploads\/2026\/03\/cropped-TRUUSK.png?fit=2032%2C917&ssl=1","contentUrl":"https:\/\/i0.wp.com\/truusk.store\/wp-content\/uploads\/2026\/03\/cropped-TRUUSK.png?fit=2032%2C917&ssl=1","width":2032,"height":917,"caption":"TRUUSK - Hem, Tr\u00e4dg\u00e5rd & Fritid"},"image":{"@id":"https:\/\/truusk.store\/sv\/#\/schema\/logo\/image\/"}}]}},"jetpack_sharing_enabled":true,"_links":{"self":[{"href":"https:\/\/truusk.store\/sv\/wp-json\/wp\/v2\/product\/6646","targetHints":{"allow":["GET"]}}],"collection":[{"href":"https:\/\/truusk.store\/sv\/wp-json\/wp\/v2\/product"}],"about":[{"href":"https:\/\/truusk.store\/sv\/wp-json\/wp\/v2\/types\/product"}],"wp:featuredmedia":[{"embeddable":true,"href":"https:\/\/truusk.store\/sv\/wp-json\/wp\/v2\/media\/6647"}],"wp:attachment":[{"href":"https:\/\/truusk.store\/sv\/wp-json\/wp\/v2\/media?parent=6646"}],"wp:term":[{"taxonomy":"product_brand","embeddable":true,"href":"https:\/\/truusk.store\/sv\/wp-json\/wp\/v2\/product_brand?post=6646"},{"taxonomy":"product_cat","embeddable":true,"href":"https:\/\/truusk.store\/sv\/wp-json\/wp\/v2\/product_cat?post=6646"},{"taxonomy":"product_tag","embeddable":true,"href":"https:\/\/truusk.store\/sv\/wp-json\/wp\/v2\/product_tag?post=6646"}],"curies":[{"name":"wp","href":"https:\/\/api.w.org\/{rel}","templated":true}]}}