{"id":66463,"date":"2025-06-05T12:47:38","date_gmt":"2025-06-05T11:47:38","guid":{"rendered":"https:\/\/truusk.store\/product\/gungstol-gungfatolj-med-teddytyg-look-armstod-amningsstol-med-traskidor-landkudde-avkopplingsstol-med-sidoficka-for-vardagsrum-sovrum-vit\/"},"modified":"2026-03-12T08:40:41","modified_gmt":"2026-03-12T07:40:41","slug":"truusk-gungstol-med-teddytyg-look-armstod-amningsstol-med-traskidor-landkudde-sidoficka-vit","status":"publish","type":"product","link":"https:\/\/truusk.store\/sv\/produkt\/truusk-gungstol-med-teddytyg-look-armstod-amningsstol-med-traskidor-landkudde-sidoficka-vit\/","title":{"rendered":"TRUUSK Gungstol med Teddytyg-look &#8211; Armst\u00f6d &#8211; Amningsstol med tr\u00e4skidor &#8211; L\u00e4ndkudde &#8211; Sidoficka &#8211; Vit"},"content":{"rendered":"<p>Njut av himmelsk komfort med gungstolen fr\u00e5n TRUUSK. Gunga mellan 90\u00b0 och 115\u00b0 f\u00f6r att hitta den perfekta positionen. Kl\u00e4dseln av mjuk teddystuff, kudden och den t\u00e4tt skumfyllda ryggst\u00f6det erbjuder idealisk avkoppling, st\u00f6dd av en robust metallram. Den praktiska sidofickan f\u00f6rvarar b\u00f6cker eller fj\u00e4rrkontrollen, f\u00f6r en st\u00e4dad milj\u00f6. Idealisk som tillf\u00e4llig sittplats och funktionell gungstol f\u00f6r vuxna.<\/p>\n<p>Beskrivning:<\/p>\n<ul>\n<li> 90\u00b0-115\u00b0 gungvinkel f\u00f6r mjuka, avkopplande r\u00f6relser<\/li>\n<li> Mjuk, fluffig teddystuff f\u00f6r lyxig komfort<\/li>\n<li> Kastkudde och lutande ryggst\u00f6d p\u00e5 amningsstolen med h\u00f6gdensitetsskum ger komfort och st\u00f6d<\/li>\n<li> Halkfria filtband och metallram p\u00e5 gungstolen f\u00f6r s\u00e4ker gungning<\/li>\n<li> Sidoficka erbjuder praktiskt f\u00f6rvaringsutrymme<\/li>\n<li> Montering kr\u00e4vs<\/li>\n<\/ul>\n<p> Tekniska data:<\/p>\n<ul>\n<li> F\u00e4rg: Vit<\/li>\n<li> Material: Teddystuff, skum, metall<\/li>\n<li> M\u00e5tt: 67B x 95D x 100H cm<\/li>\n<li> Sitsstorlek: 41B x 49D x 42-49H cm<\/li>\n<li> Ryggst\u00f6d: 67B x 68H cm<\/li>\n<li> Total belastningskapacitet: 120 kg<\/li>\n<\/ul>\n<p>Leveransinneh\u00e5ll:<\/p>\n<ul>\n<li> 1 x Gungstol<\/li>\n<li> 1 x Bruksanvisning<\/li>\n<\/ul>\n","protected":false},"excerpt":{"rendered":"<p>Njut av himmelsk komfort med gungstolen fr\u00e5n TRUUSK. Gunga mellan 90\u00b0 och 115\u00b0 f\u00f6r att hitta den perfekta positionen. Kl\u00e4dseln&#8230;<\/p>\n","protected":false},"featured_media":66454,"template":"","meta":[],"product_brand":[],"product_cat":[871,519,910],"product_tag":[],"class_list":{"0":"post-66463","1":"product","2":"type-product","3":"status-publish","4":"has-post-thumbnail","6":"product_cat-hus-hem","7":"product_cat-stoppade-stolar","8":"product_cat-vardagsrum","10":"first","11":"instock","12":"sale","13":"taxable","14":"shipping-taxable","15":"purchasable","16":"product-type-simple"},"yoast_head":"<!-- This site is optimized with the Yoast SEO plugin v25.4 - https:\/\/yoast.com\/wordpress\/plugins\/seo\/ -->\n<title>TRUUSK Gungstol med Teddytyg-look - Armst\u00f6d - Amningsstol med tr\u00e4skidor - L\u00e4ndkudde - Sidoficka - Vit - TRUUSK - Hem, Tr\u00e4dg\u00e5rd &amp; Fritid<\/title>\n<meta name=\"robots\" content=\"index, follow, max-snippet:-1, max-image-preview:large, max-video-preview:-1\" \/>\n<link rel=\"canonical\" href=\"https:\/\/truusk.store\/sv\/produkt\/truusk-gungstol-med-teddytyg-look-armstod-amningsstol-med-traskidor-landkudde-sidoficka-vit\/\" \/>\n<meta property=\"og:locale\" content=\"sv_SE\" \/>\n<meta property=\"og:type\" content=\"article\" \/>\n<meta property=\"og:title\" content=\"TRUUSK Gungstol med Teddytyg-look - Armst\u00f6d - Amningsstol med tr\u00e4skidor - L\u00e4ndkudde - Sidoficka - Vit - TRUUSK - Hem, Tr\u00e4dg\u00e5rd &amp; Fritid\" \/>\n<meta property=\"og:description\" content=\"Njut av himmelsk komfort med gungstolen fr\u00e5n TRUUSK. Gunga mellan 90\u00b0 och 115\u00b0 f\u00f6r att hitta den perfekta positionen. Kl\u00e4dseln...\" \/>\n<meta property=\"og:url\" content=\"https:\/\/truusk.store\/sv\/produkt\/truusk-gungstol-med-teddytyg-look-armstod-amningsstol-med-traskidor-landkudde-sidoficka-vit\/\" \/>\n<meta property=\"og:site_name\" content=\"TRUUSK - Hem, Tr\u00e4dg\u00e5rd &amp; Fritid\" \/>\n<meta property=\"article:modified_time\" content=\"2026-03-12T07:40:41+00:00\" \/>\n<meta property=\"og:image\" content=\"https:\/\/i0.wp.com\/truusk.se\/wp-content\/uploads\/2025\/06\/gungstol-gungfatolj-med-teddytyg-look-armstod-amningsstol-med-traskidor-landkudde-avkopplingsstol-med-sidoficka-for-vardagsrum-sovrum-vit-1.webp?fit=2000%2C2000&ssl=1\" \/>\n\t<meta property=\"og:image:width\" content=\"2000\" \/>\n\t<meta property=\"og:image:height\" content=\"2000\" \/>\n\t<meta property=\"og:image:type\" content=\"image\/webp\" \/>\n<meta name=\"twitter:card\" content=\"summary_large_image\" \/>\n<meta name=\"twitter:label1\" content=\"Ber\u00e4knad l\u00e4stid\" \/>\n\t<meta name=\"twitter:data1\" content=\"1 minut\" \/>\n<!-- \/ Yoast SEO plugin. -->","yoast_head_json":{"title":"TRUUSK Gungstol med Teddytyg-look - Armst\u00f6d - Amningsstol med tr\u00e4skidor - L\u00e4ndkudde - Sidoficka - Vit - TRUUSK - Hem, Tr\u00e4dg\u00e5rd &amp; Fritid","robots":{"index":"index","follow":"follow","max-snippet":"max-snippet:-1","max-image-preview":"max-image-preview:large","max-video-preview":"max-video-preview:-1"},"canonical":"https:\/\/truusk.store\/sv\/produkt\/truusk-gungstol-med-teddytyg-look-armstod-amningsstol-med-traskidor-landkudde-sidoficka-vit\/","og_locale":"sv_SE","og_type":"article","og_title":"TRUUSK Gungstol med Teddytyg-look - Armst\u00f6d - Amningsstol med tr\u00e4skidor - L\u00e4ndkudde - Sidoficka - Vit - TRUUSK - Hem, Tr\u00e4dg\u00e5rd &amp; Fritid","og_description":"Njut av himmelsk komfort med gungstolen fr\u00e5n TRUUSK. Gunga mellan 90\u00b0 och 115\u00b0 f\u00f6r att hitta den perfekta positionen. Kl\u00e4dseln...","og_url":"https:\/\/truusk.store\/sv\/produkt\/truusk-gungstol-med-teddytyg-look-armstod-amningsstol-med-traskidor-landkudde-sidoficka-vit\/","og_site_name":"TRUUSK - Hem, Tr\u00e4dg\u00e5rd &amp; Fritid","article_modified_time":"2026-03-12T07:40:41+00:00","og_image":[{"width":2000,"height":2000,"url":"https:\/\/i0.wp.com\/truusk.se\/wp-content\/uploads\/2025\/06\/gungstol-gungfatolj-med-teddytyg-look-armstod-amningsstol-med-traskidor-landkudde-avkopplingsstol-med-sidoficka-for-vardagsrum-sovrum-vit-1.webp?fit=2000%2C2000&ssl=1","type":"image\/webp"}],"twitter_card":"summary_large_image","twitter_misc":{"Ber\u00e4knad l\u00e4stid":"1 minut"},"schema":{"@context":"https:\/\/schema.org","@graph":[{"@type":"WebPage","@id":"https:\/\/truusk.store\/sv\/produkt\/truusk-gungstol-med-teddytyg-look-armstod-amningsstol-med-traskidor-landkudde-sidoficka-vit\/","url":"https:\/\/truusk.store\/sv\/produkt\/truusk-gungstol-med-teddytyg-look-armstod-amningsstol-med-traskidor-landkudde-sidoficka-vit\/","name":"TRUUSK Gungstol med Teddytyg-look - Armst\u00f6d - Amningsstol med tr\u00e4skidor - L\u00e4ndkudde - Sidoficka - Vit - TRUUSK - Hem, Tr\u00e4dg\u00e5rd &amp; Fritid","isPartOf":{"@id":"https:\/\/truusk.store\/sv\/#website"},"primaryImageOfPage":{"@id":"https:\/\/truusk.store\/sv\/produkt\/truusk-gungstol-med-teddytyg-look-armstod-amningsstol-med-traskidor-landkudde-sidoficka-vit\/#primaryimage"},"image":{"@id":"https:\/\/truusk.store\/sv\/produkt\/truusk-gungstol-med-teddytyg-look-armstod-amningsstol-med-traskidor-landkudde-sidoficka-vit\/#primaryimage"},"thumbnailUrl":"https:\/\/i0.wp.com\/truusk.store\/wp-content\/uploads\/2025\/06\/gungstol-gungfatolj-med-teddytyg-look-armstod-amningsstol-med-traskidor-landkudde-avkopplingsstol-med-sidoficka-for-vardagsrum-sovrum-vit-1.webp?fit=2000%2C2000&ssl=1","datePublished":"2025-06-05T11:47:38+00:00","dateModified":"2026-03-12T07:40:41+00:00","breadcrumb":{"@id":"https:\/\/truusk.store\/sv\/produkt\/truusk-gungstol-med-teddytyg-look-armstod-amningsstol-med-traskidor-landkudde-sidoficka-vit\/#breadcrumb"},"inLanguage":"sv-SE","potentialAction":[{"@type":"ReadAction","target":["https:\/\/truusk.store\/sv\/produkt\/truusk-gungstol-med-teddytyg-look-armstod-amningsstol-med-traskidor-landkudde-sidoficka-vit\/"]}]},{"@type":"ImageObject","inLanguage":"sv-SE","@id":"https:\/\/truusk.store\/sv\/produkt\/truusk-gungstol-med-teddytyg-look-armstod-amningsstol-med-traskidor-landkudde-sidoficka-vit\/#primaryimage","url":"https:\/\/i0.wp.com\/truusk.store\/wp-content\/uploads\/2025\/06\/gungstol-gungfatolj-med-teddytyg-look-armstod-amningsstol-med-traskidor-landkudde-avkopplingsstol-med-sidoficka-for-vardagsrum-sovrum-vit-1.webp?fit=2000%2C2000&ssl=1","contentUrl":"https:\/\/i0.wp.com\/truusk.store\/wp-content\/uploads\/2025\/06\/gungstol-gungfatolj-med-teddytyg-look-armstod-amningsstol-med-traskidor-landkudde-avkopplingsstol-med-sidoficka-for-vardagsrum-sovrum-vit-1.webp?fit=2000%2C2000&ssl=1","width":2000,"height":2000},{"@type":"BreadcrumbList","@id":"https:\/\/truusk.store\/sv\/produkt\/truusk-gungstol-med-teddytyg-look-armstod-amningsstol-med-traskidor-landkudde-sidoficka-vit\/#breadcrumb","itemListElement":[{"@type":"ListItem","position":1,"name":"Home","item":"https:\/\/truusk.store\/sv\/"},{"@type":"ListItem","position":2,"name":"Shop","item":"https:\/\/truusk.store\/shop\/"},{"@type":"ListItem","position":3,"name":"TRUUSK Gungstol med Teddytyg-look &#8211; Armst\u00f6d &#8211; Amningsstol med tr\u00e4skidor &#8211; L\u00e4ndkudde &#8211; Sidoficka &#8211; Vit"}]},{"@type":"WebSite","@id":"https:\/\/truusk.store\/sv\/#website","url":"https:\/\/truusk.store\/sv\/","name":"TRUUSK - Hem, Tr\u00e4dg\u00e5rd & Fritid","description":"","publisher":{"@id":"https:\/\/truusk.store\/sv\/#organization"},"potentialAction":[{"@type":"SearchAction","target":{"@type":"EntryPoint","urlTemplate":"https:\/\/truusk.store\/sv\/?s={search_term_string}"},"query-input":{"@type":"PropertyValueSpecification","valueRequired":true,"valueName":"search_term_string"}}],"inLanguage":"sv-SE"},{"@type":"Organization","@id":"https:\/\/truusk.store\/sv\/#organization","name":"TRUUSK - Hem, Tr\u00e4dg\u00e5rd & Fritid","url":"https:\/\/truusk.store\/sv\/","logo":{"@type":"ImageObject","inLanguage":"sv-SE","@id":"https:\/\/truusk.store\/sv\/#\/schema\/logo\/image\/","url":"https:\/\/i0.wp.com\/truusk.store\/wp-content\/uploads\/2026\/03\/cropped-TRUUSK.png?fit=2032%2C917&ssl=1","contentUrl":"https:\/\/i0.wp.com\/truusk.store\/wp-content\/uploads\/2026\/03\/cropped-TRUUSK.png?fit=2032%2C917&ssl=1","width":2032,"height":917,"caption":"TRUUSK - Hem, Tr\u00e4dg\u00e5rd & Fritid"},"image":{"@id":"https:\/\/truusk.store\/sv\/#\/schema\/logo\/image\/"}}]}},"jetpack_sharing_enabled":true,"_links":{"self":[{"href":"https:\/\/truusk.store\/sv\/wp-json\/wp\/v2\/product\/66463","targetHints":{"allow":["GET"]}}],"collection":[{"href":"https:\/\/truusk.store\/sv\/wp-json\/wp\/v2\/product"}],"about":[{"href":"https:\/\/truusk.store\/sv\/wp-json\/wp\/v2\/types\/product"}],"wp:featuredmedia":[{"embeddable":true,"href":"https:\/\/truusk.store\/sv\/wp-json\/wp\/v2\/media\/66454"}],"wp:attachment":[{"href":"https:\/\/truusk.store\/sv\/wp-json\/wp\/v2\/media?parent=66463"}],"wp:term":[{"taxonomy":"product_brand","embeddable":true,"href":"https:\/\/truusk.store\/sv\/wp-json\/wp\/v2\/product_brand?post=66463"},{"taxonomy":"product_cat","embeddable":true,"href":"https:\/\/truusk.store\/sv\/wp-json\/wp\/v2\/product_cat?post=66463"},{"taxonomy":"product_tag","embeddable":true,"href":"https:\/\/truusk.store\/sv\/wp-json\/wp\/v2\/product_tag?post=66463"}],"curies":[{"name":"wp","href":"https:\/\/api.w.org\/{rel}","templated":true}]}}