{"id":66483,"date":"2025-06-05T12:49:57","date_gmt":"2025-06-05T11:49:57","guid":{"rendered":"https:\/\/truusk.store\/product\/paviljong-ca-34x34-m-vattenavvisande-tradgardspaviljong-med-4-sidodelar-dubbel-tak-partytalt-med-uv-skydd-tradgardstalt-med-galvaniserad-metallram-for-tradgard-ljusgra\/"},"modified":"2026-03-12T09:46:40","modified_gmt":"2026-03-12T08:46:40","slug":"truusk-tradgardspaviljong-34x34-m-vattenavvisande-dubbeltak-uv-skydd-galvaniserad-metallram-ljusgra","status":"publish","type":"product","link":"https:\/\/truusk.store\/sv\/produkt\/truusk-tradgardspaviljong-34x34-m-vattenavvisande-dubbeltak-uv-skydd-galvaniserad-metallram-ljusgra\/","title":{"rendered":"TRUUSK Tr\u00e4dg\u00e5rdspaviljong 3,4&#215;3,4 M &#8211; Vattenavvisande &#8211; Dubbeltak &#8211; UV-skydd &#8211; Galvaniserad Metallram &#8211; Ljusgr\u00e5"},"content":{"rendered":"<p>Upplev naturens magi under den eleganta TRUUSK paviljongen. Med ett rivs\u00e4kert tak som ger skydd mot solen och stilfulla, genomskinliga b\u00e5gf\u00f6nster, \u00e4r denna paviljong inte bara en blickf\u00e5ngare, utan ocks\u00e5 mycket praktisk. Den robusta, pulverlackerade metallramen och det innovativa tv\u00e5stegstaket ger optimal luftcirkulation och skyddar dig mot v\u00e4derp\u00e5verkan &#8211; perfekt f\u00f6r terrassen, tr\u00e4dg\u00e5rden och andra utomhusomr\u00e5den.<\/p>\n<p>Beskrivning:<\/p>\n<ul>\n<li> Det konstl\u00e4derbelagda taket och gardinerna skyddar mot UV-str\u00e5lar (UV 20+)<\/li>\n<li> Genomskinliga b\u00e5gf\u00f6nster ger fri sikt<\/li>\n<li> Pulverlackerad, galvaniserad ram \u00e4r rostbest\u00e4ndig och f\u00f6rl\u00e4nger livsl\u00e4ngden<\/li>\n<li> B\u00e5gformad topp med dr\u00e4neringsh\u00e5l f\u00f6rhindrar vattenansamling<\/li>\n<li> Tv\u00e5stegstakdesign f\u00f6rb\u00e4ttrar luftcirkulationen och minskar belastningen p\u00e5 baldakinen<\/li>\n<li> N\u00e4t i takventilerna h\u00e5ller insekter borta och bibeh\u00e5ller komforten<\/li>\n<li> Tak i matchande f\u00e4rg ger utomhusomr\u00e5den elegans<\/li>\n<li> Expansionsbultar och markspikar ing\u00e5r<\/li>\n<\/ul>\n<p> Tekniska data:<\/p>\n<ul>\n<li> F\u00e4rg: Ljusgr\u00e5<\/li>\n<li> Material: Galvaniserad metall, polyester<\/li>\n<li> Totala dimensioner: 335L x 335B x 285H cm<\/li>\n<li> Takfotsh\u00f6jd: 201H cm<\/li>\n<li> Pelaravst\u00e5nd: 288L x 288B cm<\/li>\n<li> F\u00f6nsterstorlek: 214L x 87H cm<\/li>\n<li> Fotstorlek: \u00d89 cm<\/li>\n<li> Vindstyrka: 4-5<\/li>\n<li> Sn\u00f6belastning: 5-10 kg<\/li>\n<li> OBS: Ta bort taket f\u00f6r att undvika skador vid \u00f6versv\u00e4mningar, starka vindar eller sn\u00f6.<\/li>\n<\/ul>\n<p>Leveransinneh\u00e5ll:<\/p>\n<ul>\n<li> 1 x Paviljong<\/li>\n<li> 8 x Markspik<\/li>\n<li> 8 x Expansionsbult<\/li>\n<li> 1 x Handbok<\/li>\n<\/ul>\n","protected":false},"excerpt":{"rendered":"<p>Upplev naturens magi under den eleganta TRUUSK paviljongen. Med ett rivs\u00e4kert tak som ger skydd mot solen och stilfulla, genomskinliga&#8230;<\/p>\n","protected":false},"featured_media":66474,"template":"","meta":[],"product_brand":[],"product_cat":[477,858,476],"product_tag":[],"class_list":{"0":"post-66483","1":"product","2":"type-product","3":"status-publish","4":"has-post-thumbnail","6":"product_cat-paviljonger-partytalt","7":"product_cat-tradgard-terrass","8":"product_cat-tradgardspaviljonger","10":"first","11":"instock","12":"sale","13":"taxable","14":"shipping-taxable","15":"purchasable","16":"product-type-simple"},"yoast_head":"<!-- This site is optimized with the Yoast SEO plugin v25.4 - https:\/\/yoast.com\/wordpress\/plugins\/seo\/ -->\n<title>TRUUSK Tr\u00e4dg\u00e5rdspaviljong 3,4x3,4 M - Vattenavvisande - Dubbeltak - UV-skydd - Galvaniserad Metallram - Ljusgr\u00e5 - TRUUSK - Hem, Tr\u00e4dg\u00e5rd &amp; Fritid<\/title>\n<meta name=\"robots\" content=\"index, follow, max-snippet:-1, max-image-preview:large, max-video-preview:-1\" \/>\n<link rel=\"canonical\" href=\"https:\/\/truusk.store\/sv\/produkt\/truusk-tradgardspaviljong-34x34-m-vattenavvisande-dubbeltak-uv-skydd-galvaniserad-metallram-ljusgra\/\" \/>\n<meta property=\"og:locale\" content=\"sv_SE\" \/>\n<meta property=\"og:type\" content=\"article\" \/>\n<meta property=\"og:title\" content=\"TRUUSK Tr\u00e4dg\u00e5rdspaviljong 3,4x3,4 M - Vattenavvisande - Dubbeltak - UV-skydd - Galvaniserad Metallram - Ljusgr\u00e5 - TRUUSK - Hem, Tr\u00e4dg\u00e5rd &amp; Fritid\" \/>\n<meta property=\"og:description\" content=\"Upplev naturens magi under den eleganta TRUUSK paviljongen. Med ett rivs\u00e4kert tak som ger skydd mot solen och stilfulla, genomskinliga...\" \/>\n<meta property=\"og:url\" content=\"https:\/\/truusk.store\/sv\/produkt\/truusk-tradgardspaviljong-34x34-m-vattenavvisande-dubbeltak-uv-skydd-galvaniserad-metallram-ljusgra\/\" \/>\n<meta property=\"og:site_name\" content=\"TRUUSK - Hem, Tr\u00e4dg\u00e5rd &amp; Fritid\" \/>\n<meta property=\"article:modified_time\" content=\"2026-03-12T08:46:40+00:00\" \/>\n<meta property=\"og:image\" content=\"https:\/\/i0.wp.com\/truusk.se\/wp-content\/uploads\/2025\/06\/paviljong-ca-34x34-m-vattenavvisande-tradgardspaviljong-med-4-sidodelar-dubbel-tak-partytalt-med-uv-skydd-tradgardstalt-med-galvaniserad-metallram-for-tradgard-ljusgra-1.webp?fit=2000%2C2000&ssl=1\" \/>\n\t<meta property=\"og:image:width\" content=\"2000\" \/>\n\t<meta property=\"og:image:height\" content=\"2000\" \/>\n\t<meta property=\"og:image:type\" content=\"image\/webp\" \/>\n<meta name=\"twitter:card\" content=\"summary_large_image\" \/>\n<meta name=\"twitter:label1\" content=\"Ber\u00e4knad l\u00e4stid\" \/>\n\t<meta name=\"twitter:data1\" content=\"1 minut\" \/>\n<!-- \/ Yoast SEO plugin. -->","yoast_head_json":{"title":"TRUUSK Tr\u00e4dg\u00e5rdspaviljong 3,4x3,4 M - Vattenavvisande - Dubbeltak - UV-skydd - Galvaniserad Metallram - Ljusgr\u00e5 - TRUUSK - Hem, Tr\u00e4dg\u00e5rd &amp; Fritid","robots":{"index":"index","follow":"follow","max-snippet":"max-snippet:-1","max-image-preview":"max-image-preview:large","max-video-preview":"max-video-preview:-1"},"canonical":"https:\/\/truusk.store\/sv\/produkt\/truusk-tradgardspaviljong-34x34-m-vattenavvisande-dubbeltak-uv-skydd-galvaniserad-metallram-ljusgra\/","og_locale":"sv_SE","og_type":"article","og_title":"TRUUSK Tr\u00e4dg\u00e5rdspaviljong 3,4x3,4 M - Vattenavvisande - Dubbeltak - UV-skydd - Galvaniserad Metallram - Ljusgr\u00e5 - TRUUSK - Hem, Tr\u00e4dg\u00e5rd &amp; Fritid","og_description":"Upplev naturens magi under den eleganta TRUUSK paviljongen. Med ett rivs\u00e4kert tak som ger skydd mot solen och stilfulla, genomskinliga...","og_url":"https:\/\/truusk.store\/sv\/produkt\/truusk-tradgardspaviljong-34x34-m-vattenavvisande-dubbeltak-uv-skydd-galvaniserad-metallram-ljusgra\/","og_site_name":"TRUUSK - Hem, Tr\u00e4dg\u00e5rd &amp; Fritid","article_modified_time":"2026-03-12T08:46:40+00:00","og_image":[{"width":2000,"height":2000,"url":"https:\/\/i0.wp.com\/truusk.se\/wp-content\/uploads\/2025\/06\/paviljong-ca-34x34-m-vattenavvisande-tradgardspaviljong-med-4-sidodelar-dubbel-tak-partytalt-med-uv-skydd-tradgardstalt-med-galvaniserad-metallram-for-tradgard-ljusgra-1.webp?fit=2000%2C2000&ssl=1","type":"image\/webp"}],"twitter_card":"summary_large_image","twitter_misc":{"Ber\u00e4knad l\u00e4stid":"1 minut"},"schema":{"@context":"https:\/\/schema.org","@graph":[{"@type":"WebPage","@id":"https:\/\/truusk.store\/sv\/produkt\/truusk-tradgardspaviljong-34x34-m-vattenavvisande-dubbeltak-uv-skydd-galvaniserad-metallram-ljusgra\/","url":"https:\/\/truusk.store\/sv\/produkt\/truusk-tradgardspaviljong-34x34-m-vattenavvisande-dubbeltak-uv-skydd-galvaniserad-metallram-ljusgra\/","name":"TRUUSK Tr\u00e4dg\u00e5rdspaviljong 3,4x3,4 M - Vattenavvisande - Dubbeltak - UV-skydd - Galvaniserad Metallram - Ljusgr\u00e5 - TRUUSK - Hem, Tr\u00e4dg\u00e5rd &amp; Fritid","isPartOf":{"@id":"https:\/\/truusk.store\/sv\/#website"},"primaryImageOfPage":{"@id":"https:\/\/truusk.store\/sv\/produkt\/truusk-tradgardspaviljong-34x34-m-vattenavvisande-dubbeltak-uv-skydd-galvaniserad-metallram-ljusgra\/#primaryimage"},"image":{"@id":"https:\/\/truusk.store\/sv\/produkt\/truusk-tradgardspaviljong-34x34-m-vattenavvisande-dubbeltak-uv-skydd-galvaniserad-metallram-ljusgra\/#primaryimage"},"thumbnailUrl":"https:\/\/i0.wp.com\/truusk.store\/wp-content\/uploads\/2025\/06\/paviljong-ca-34x34-m-vattenavvisande-tradgardspaviljong-med-4-sidodelar-dubbel-tak-partytalt-med-uv-skydd-tradgardstalt-med-galvaniserad-metallram-for-tradgard-ljusgra-1.webp?fit=2000%2C2000&ssl=1","datePublished":"2025-06-05T11:49:57+00:00","dateModified":"2026-03-12T08:46:40+00:00","breadcrumb":{"@id":"https:\/\/truusk.store\/sv\/produkt\/truusk-tradgardspaviljong-34x34-m-vattenavvisande-dubbeltak-uv-skydd-galvaniserad-metallram-ljusgra\/#breadcrumb"},"inLanguage":"sv-SE","potentialAction":[{"@type":"ReadAction","target":["https:\/\/truusk.store\/sv\/produkt\/truusk-tradgardspaviljong-34x34-m-vattenavvisande-dubbeltak-uv-skydd-galvaniserad-metallram-ljusgra\/"]}]},{"@type":"ImageObject","inLanguage":"sv-SE","@id":"https:\/\/truusk.store\/sv\/produkt\/truusk-tradgardspaviljong-34x34-m-vattenavvisande-dubbeltak-uv-skydd-galvaniserad-metallram-ljusgra\/#primaryimage","url":"https:\/\/i0.wp.com\/truusk.store\/wp-content\/uploads\/2025\/06\/paviljong-ca-34x34-m-vattenavvisande-tradgardspaviljong-med-4-sidodelar-dubbel-tak-partytalt-med-uv-skydd-tradgardstalt-med-galvaniserad-metallram-for-tradgard-ljusgra-1.webp?fit=2000%2C2000&ssl=1","contentUrl":"https:\/\/i0.wp.com\/truusk.store\/wp-content\/uploads\/2025\/06\/paviljong-ca-34x34-m-vattenavvisande-tradgardspaviljong-med-4-sidodelar-dubbel-tak-partytalt-med-uv-skydd-tradgardstalt-med-galvaniserad-metallram-for-tradgard-ljusgra-1.webp?fit=2000%2C2000&ssl=1","width":2000,"height":2000},{"@type":"BreadcrumbList","@id":"https:\/\/truusk.store\/sv\/produkt\/truusk-tradgardspaviljong-34x34-m-vattenavvisande-dubbeltak-uv-skydd-galvaniserad-metallram-ljusgra\/#breadcrumb","itemListElement":[{"@type":"ListItem","position":1,"name":"Home","item":"https:\/\/truusk.store\/sv\/"},{"@type":"ListItem","position":2,"name":"Shop","item":"https:\/\/truusk.store\/shop\/"},{"@type":"ListItem","position":3,"name":"TRUUSK Tr\u00e4dg\u00e5rdspaviljong 3,4&#215;3,4 M &#8211; Vattenavvisande &#8211; Dubbeltak &#8211; UV-skydd &#8211; Galvaniserad Metallram &#8211; Ljusgr\u00e5"}]},{"@type":"WebSite","@id":"https:\/\/truusk.store\/sv\/#website","url":"https:\/\/truusk.store\/sv\/","name":"TRUUSK - Hem, Tr\u00e4dg\u00e5rd & Fritid","description":"","publisher":{"@id":"https:\/\/truusk.store\/sv\/#organization"},"potentialAction":[{"@type":"SearchAction","target":{"@type":"EntryPoint","urlTemplate":"https:\/\/truusk.store\/sv\/?s={search_term_string}"},"query-input":{"@type":"PropertyValueSpecification","valueRequired":true,"valueName":"search_term_string"}}],"inLanguage":"sv-SE"},{"@type":"Organization","@id":"https:\/\/truusk.store\/sv\/#organization","name":"TRUUSK - Hem, Tr\u00e4dg\u00e5rd & Fritid","url":"https:\/\/truusk.store\/sv\/","logo":{"@type":"ImageObject","inLanguage":"sv-SE","@id":"https:\/\/truusk.store\/sv\/#\/schema\/logo\/image\/","url":"https:\/\/i0.wp.com\/truusk.store\/wp-content\/uploads\/2026\/03\/cropped-TRUUSK.png?fit=2032%2C917&ssl=1","contentUrl":"https:\/\/i0.wp.com\/truusk.store\/wp-content\/uploads\/2026\/03\/cropped-TRUUSK.png?fit=2032%2C917&ssl=1","width":2032,"height":917,"caption":"TRUUSK - Hem, Tr\u00e4dg\u00e5rd & Fritid"},"image":{"@id":"https:\/\/truusk.store\/sv\/#\/schema\/logo\/image\/"}}]}},"jetpack_sharing_enabled":true,"_links":{"self":[{"href":"https:\/\/truusk.store\/sv\/wp-json\/wp\/v2\/product\/66483","targetHints":{"allow":["GET"]}}],"collection":[{"href":"https:\/\/truusk.store\/sv\/wp-json\/wp\/v2\/product"}],"about":[{"href":"https:\/\/truusk.store\/sv\/wp-json\/wp\/v2\/types\/product"}],"wp:featuredmedia":[{"embeddable":true,"href":"https:\/\/truusk.store\/sv\/wp-json\/wp\/v2\/media\/66474"}],"wp:attachment":[{"href":"https:\/\/truusk.store\/sv\/wp-json\/wp\/v2\/media?parent=66483"}],"wp:term":[{"taxonomy":"product_brand","embeddable":true,"href":"https:\/\/truusk.store\/sv\/wp-json\/wp\/v2\/product_brand?post=66483"},{"taxonomy":"product_cat","embeddable":true,"href":"https:\/\/truusk.store\/sv\/wp-json\/wp\/v2\/product_cat?post=66483"},{"taxonomy":"product_tag","embeddable":true,"href":"https:\/\/truusk.store\/sv\/wp-json\/wp\/v2\/product_tag?post=66483"}],"curies":[{"name":"wp","href":"https:\/\/api.w.org\/{rel}","templated":true}]}}