{"id":66533,"date":"2025-06-05T12:54:38","date_gmt":"2025-06-05T11:54:38","guid":{"rendered":"https:\/\/truusk.store\/product\/valphage-76-cm-hog-8-delad-valphage-med-las-diy-frigangshage-hundhage-for-medelstora-hundar-marsvin-kaniner-metall-svart\/"},"modified":"2026-03-12T09:35:10","modified_gmt":"2026-03-12T08:35:10","slug":"truusk-76-cm-hogt-hundsakerhetsgaller-8-delat-med-las-diy-hundhage-for-medelstora-hundar-marsvin-kaniner-metall-svart","status":"publish","type":"product","link":"https:\/\/truusk.store\/sv\/produkt\/truusk-76-cm-hogt-hundsakerhetsgaller-8-delat-med-las-diy-hundhage-for-medelstora-hundar-marsvin-kaniner-metall-svart\/","title":{"rendered":"TRUUSK 76 cm H\u00f6gt Hunds\u00e4kerhetsgaller &#8211; 8-delat med L\u00e5s &#8211; DIY Hundhage &#8211; F\u00f6r Medelstora Hundar, Marsvin, Kaniner &#8211; Metall &#8211; Svart"},"content":{"rendered":"<p>TRUUSK lekstaket g\u00f6r lektid s\u00e4krare f\u00f6r mindre husdjur. Flexibelt anv\u00e4ndbar, kan det formas till en \u00e5ttkant, kvadrat eller rektangel och anpassas till alla rum eller tr\u00e4dg\u00e5rdar. F\u00f6r mer utrymme kan det enkelt kombineras med en annan modell, vilket skapar extra lek- och avkopplingsutrymme.<\/p>\n<p>Beskrivning:<\/p>\n<ul>\n<li> Kan l\u00e4tt formas till en \u00e5ttkantig, kvadratisk eller rektangul\u00e4r form<\/li>\n<li> Tillverkad av stark metalltr\u00e5d<\/li>\n<li> Varje panel \u00e4r f\u00e4st med spikar i marken f\u00f6r extra stabilitet<\/li>\n<li> D\u00f6rr med tv\u00e5 bultar f\u00f6r \u00f6kad s\u00e4kerhet<\/li>\n<li> L\u00e4tt och bekv\u00e4mt att flytta<\/li>\n<li> L\u00e4mplig f\u00f6r medelstora hundar med en axelh\u00f6jd upp till 39 cm och en vikt mindre \u00e4n 20 kg<\/li>\n<li> Montering kr\u00e4vs<\/li>\n<li> OBS: F\u00f6r att ut\u00f6ka ditt husdjurs lekutrymme, k\u00f6p samma produkt tv\u00e5 g\u00e5nger och kombinera de tv\u00e5 modellerna med varandra<\/li>\n<\/ul>\n<p> Tekniska data:<\/p>\n<ul>\n<li> F\u00e4rg: Svart<\/li>\n<li> Material: Metall<\/li>\n<li> Enskild panel: 76L x 61B cm<\/li>\n<li> D\u00f6rr: 45B x 60H cm<\/li>\n<\/ul>\n<p>Leveransinneh\u00e5ll:<\/p>\n<ul>\n<li> 1 x Husdjurslekstaket<\/li>\n<li> 1 x Bruksanvisning<\/li>\n<\/ul>\n","protected":false},"excerpt":{"rendered":"<p>TRUUSK lekstaket g\u00f6r lektid s\u00e4krare f\u00f6r mindre husdjur. Flexibelt anv\u00e4ndbar, kan det formas till en \u00e5ttkant, kvadrat eller rektangel och&#8230;<\/p>\n","protected":false},"featured_media":66524,"template":"","meta":[],"product_brand":[],"product_cat":[878,948,574],"product_tag":[],"class_list":{"0":"post-66533","1":"product","2":"type-product","3":"status-publish","4":"has-post-thumbnail","6":"product_cat-djurbehov","7":"product_cat-hundgaller-skiljevaggar","8":"product_cat-hundtillbehor","10":"first","11":"instock","12":"sale","13":"taxable","14":"shipping-taxable","15":"purchasable","16":"product-type-simple"},"yoast_head":"<!-- This site is optimized with the Yoast SEO plugin v25.4 - https:\/\/yoast.com\/wordpress\/plugins\/seo\/ -->\n<title>TRUUSK 76 cm H\u00f6gt Hunds\u00e4kerhetsgaller - 8-delat med L\u00e5s - DIY Hundhage - F\u00f6r Medelstora Hundar, Marsvin, Kaniner - Metall - Svart - TRUUSK - Hem, Tr\u00e4dg\u00e5rd &amp; Fritid<\/title>\n<meta name=\"robots\" content=\"index, follow, max-snippet:-1, max-image-preview:large, max-video-preview:-1\" \/>\n<link rel=\"canonical\" href=\"https:\/\/truusk.store\/sv\/produkt\/truusk-76-cm-hogt-hundsakerhetsgaller-8-delat-med-las-diy-hundhage-for-medelstora-hundar-marsvin-kaniner-metall-svart\/\" \/>\n<meta property=\"og:locale\" content=\"sv_SE\" \/>\n<meta property=\"og:type\" content=\"article\" \/>\n<meta property=\"og:title\" content=\"TRUUSK 76 cm H\u00f6gt Hunds\u00e4kerhetsgaller - 8-delat med L\u00e5s - DIY Hundhage - F\u00f6r Medelstora Hundar, Marsvin, Kaniner - Metall - Svart - TRUUSK - Hem, Tr\u00e4dg\u00e5rd &amp; Fritid\" \/>\n<meta property=\"og:description\" content=\"TRUUSK lekstaket g\u00f6r lektid s\u00e4krare f\u00f6r mindre husdjur. Flexibelt anv\u00e4ndbar, kan det formas till en \u00e5ttkant, kvadrat eller rektangel och...\" \/>\n<meta property=\"og:url\" content=\"https:\/\/truusk.store\/sv\/produkt\/truusk-76-cm-hogt-hundsakerhetsgaller-8-delat-med-las-diy-hundhage-for-medelstora-hundar-marsvin-kaniner-metall-svart\/\" \/>\n<meta property=\"og:site_name\" content=\"TRUUSK - Hem, Tr\u00e4dg\u00e5rd &amp; Fritid\" \/>\n<meta property=\"article:modified_time\" content=\"2026-03-12T08:35:10+00:00\" \/>\n<meta property=\"og:image\" content=\"https:\/\/i0.wp.com\/truusk.se\/wp-content\/uploads\/2025\/06\/valphage-76-cm-hog-8-delad-valphage-med-las-diy-frigangshage-hundhage-for-medelstora-hundar-marsvin-kaniner-metall-svart-1.webp?fit=2000%2C2000&ssl=1\" \/>\n\t<meta property=\"og:image:width\" content=\"2000\" \/>\n\t<meta property=\"og:image:height\" content=\"2000\" \/>\n\t<meta property=\"og:image:type\" content=\"image\/webp\" \/>\n<meta name=\"twitter:card\" content=\"summary_large_image\" \/>\n<meta name=\"twitter:label1\" content=\"Ber\u00e4knad l\u00e4stid\" \/>\n\t<meta name=\"twitter:data1\" content=\"1 minut\" \/>\n<!-- \/ Yoast SEO plugin. -->","yoast_head_json":{"title":"TRUUSK 76 cm H\u00f6gt Hunds\u00e4kerhetsgaller - 8-delat med L\u00e5s - DIY Hundhage - F\u00f6r Medelstora Hundar, Marsvin, Kaniner - Metall - Svart - TRUUSK - Hem, Tr\u00e4dg\u00e5rd &amp; Fritid","robots":{"index":"index","follow":"follow","max-snippet":"max-snippet:-1","max-image-preview":"max-image-preview:large","max-video-preview":"max-video-preview:-1"},"canonical":"https:\/\/truusk.store\/sv\/produkt\/truusk-76-cm-hogt-hundsakerhetsgaller-8-delat-med-las-diy-hundhage-for-medelstora-hundar-marsvin-kaniner-metall-svart\/","og_locale":"sv_SE","og_type":"article","og_title":"TRUUSK 76 cm H\u00f6gt Hunds\u00e4kerhetsgaller - 8-delat med L\u00e5s - DIY Hundhage - F\u00f6r Medelstora Hundar, Marsvin, Kaniner - Metall - Svart - TRUUSK - Hem, Tr\u00e4dg\u00e5rd &amp; Fritid","og_description":"TRUUSK lekstaket g\u00f6r lektid s\u00e4krare f\u00f6r mindre husdjur. Flexibelt anv\u00e4ndbar, kan det formas till en \u00e5ttkant, kvadrat eller rektangel och...","og_url":"https:\/\/truusk.store\/sv\/produkt\/truusk-76-cm-hogt-hundsakerhetsgaller-8-delat-med-las-diy-hundhage-for-medelstora-hundar-marsvin-kaniner-metall-svart\/","og_site_name":"TRUUSK - Hem, Tr\u00e4dg\u00e5rd &amp; Fritid","article_modified_time":"2026-03-12T08:35:10+00:00","og_image":[{"width":2000,"height":2000,"url":"https:\/\/i0.wp.com\/truusk.se\/wp-content\/uploads\/2025\/06\/valphage-76-cm-hog-8-delad-valphage-med-las-diy-frigangshage-hundhage-for-medelstora-hundar-marsvin-kaniner-metall-svart-1.webp?fit=2000%2C2000&ssl=1","type":"image\/webp"}],"twitter_card":"summary_large_image","twitter_misc":{"Ber\u00e4knad l\u00e4stid":"1 minut"},"schema":{"@context":"https:\/\/schema.org","@graph":[{"@type":"WebPage","@id":"https:\/\/truusk.store\/sv\/produkt\/truusk-76-cm-hogt-hundsakerhetsgaller-8-delat-med-las-diy-hundhage-for-medelstora-hundar-marsvin-kaniner-metall-svart\/","url":"https:\/\/truusk.store\/sv\/produkt\/truusk-76-cm-hogt-hundsakerhetsgaller-8-delat-med-las-diy-hundhage-for-medelstora-hundar-marsvin-kaniner-metall-svart\/","name":"TRUUSK 76 cm H\u00f6gt Hunds\u00e4kerhetsgaller - 8-delat med L\u00e5s - DIY Hundhage - F\u00f6r Medelstora Hundar, Marsvin, Kaniner - Metall - Svart - TRUUSK - Hem, Tr\u00e4dg\u00e5rd &amp; Fritid","isPartOf":{"@id":"https:\/\/truusk.store\/sv\/#website"},"primaryImageOfPage":{"@id":"https:\/\/truusk.store\/sv\/produkt\/truusk-76-cm-hogt-hundsakerhetsgaller-8-delat-med-las-diy-hundhage-for-medelstora-hundar-marsvin-kaniner-metall-svart\/#primaryimage"},"image":{"@id":"https:\/\/truusk.store\/sv\/produkt\/truusk-76-cm-hogt-hundsakerhetsgaller-8-delat-med-las-diy-hundhage-for-medelstora-hundar-marsvin-kaniner-metall-svart\/#primaryimage"},"thumbnailUrl":"https:\/\/i0.wp.com\/truusk.store\/wp-content\/uploads\/2025\/06\/valphage-76-cm-hog-8-delad-valphage-med-las-diy-frigangshage-hundhage-for-medelstora-hundar-marsvin-kaniner-metall-svart-1.webp?fit=2000%2C2000&ssl=1","datePublished":"2025-06-05T11:54:38+00:00","dateModified":"2026-03-12T08:35:10+00:00","breadcrumb":{"@id":"https:\/\/truusk.store\/sv\/produkt\/truusk-76-cm-hogt-hundsakerhetsgaller-8-delat-med-las-diy-hundhage-for-medelstora-hundar-marsvin-kaniner-metall-svart\/#breadcrumb"},"inLanguage":"sv-SE","potentialAction":[{"@type":"ReadAction","target":["https:\/\/truusk.store\/sv\/produkt\/truusk-76-cm-hogt-hundsakerhetsgaller-8-delat-med-las-diy-hundhage-for-medelstora-hundar-marsvin-kaniner-metall-svart\/"]}]},{"@type":"ImageObject","inLanguage":"sv-SE","@id":"https:\/\/truusk.store\/sv\/produkt\/truusk-76-cm-hogt-hundsakerhetsgaller-8-delat-med-las-diy-hundhage-for-medelstora-hundar-marsvin-kaniner-metall-svart\/#primaryimage","url":"https:\/\/i0.wp.com\/truusk.store\/wp-content\/uploads\/2025\/06\/valphage-76-cm-hog-8-delad-valphage-med-las-diy-frigangshage-hundhage-for-medelstora-hundar-marsvin-kaniner-metall-svart-1.webp?fit=2000%2C2000&ssl=1","contentUrl":"https:\/\/i0.wp.com\/truusk.store\/wp-content\/uploads\/2025\/06\/valphage-76-cm-hog-8-delad-valphage-med-las-diy-frigangshage-hundhage-for-medelstora-hundar-marsvin-kaniner-metall-svart-1.webp?fit=2000%2C2000&ssl=1","width":2000,"height":2000},{"@type":"BreadcrumbList","@id":"https:\/\/truusk.store\/sv\/produkt\/truusk-76-cm-hogt-hundsakerhetsgaller-8-delat-med-las-diy-hundhage-for-medelstora-hundar-marsvin-kaniner-metall-svart\/#breadcrumb","itemListElement":[{"@type":"ListItem","position":1,"name":"Home","item":"https:\/\/truusk.store\/sv\/"},{"@type":"ListItem","position":2,"name":"Shop","item":"https:\/\/truusk.store\/shop\/"},{"@type":"ListItem","position":3,"name":"TRUUSK 76 cm H\u00f6gt Hunds\u00e4kerhetsgaller &#8211; 8-delat med L\u00e5s &#8211; DIY Hundhage &#8211; F\u00f6r Medelstora Hundar, Marsvin, Kaniner &#8211; Metall &#8211; Svart"}]},{"@type":"WebSite","@id":"https:\/\/truusk.store\/sv\/#website","url":"https:\/\/truusk.store\/sv\/","name":"TRUUSK - Hem, Tr\u00e4dg\u00e5rd & Fritid","description":"","publisher":{"@id":"https:\/\/truusk.store\/sv\/#organization"},"potentialAction":[{"@type":"SearchAction","target":{"@type":"EntryPoint","urlTemplate":"https:\/\/truusk.store\/sv\/?s={search_term_string}"},"query-input":{"@type":"PropertyValueSpecification","valueRequired":true,"valueName":"search_term_string"}}],"inLanguage":"sv-SE"},{"@type":"Organization","@id":"https:\/\/truusk.store\/sv\/#organization","name":"TRUUSK - Hem, Tr\u00e4dg\u00e5rd & Fritid","url":"https:\/\/truusk.store\/sv\/","logo":{"@type":"ImageObject","inLanguage":"sv-SE","@id":"https:\/\/truusk.store\/sv\/#\/schema\/logo\/image\/","url":"https:\/\/i0.wp.com\/truusk.store\/wp-content\/uploads\/2026\/03\/cropped-TRUUSK.png?fit=2032%2C917&ssl=1","contentUrl":"https:\/\/i0.wp.com\/truusk.store\/wp-content\/uploads\/2026\/03\/cropped-TRUUSK.png?fit=2032%2C917&ssl=1","width":2032,"height":917,"caption":"TRUUSK - Hem, Tr\u00e4dg\u00e5rd & Fritid"},"image":{"@id":"https:\/\/truusk.store\/sv\/#\/schema\/logo\/image\/"}}]}},"jetpack_sharing_enabled":true,"_links":{"self":[{"href":"https:\/\/truusk.store\/sv\/wp-json\/wp\/v2\/product\/66533","targetHints":{"allow":["GET"]}}],"collection":[{"href":"https:\/\/truusk.store\/sv\/wp-json\/wp\/v2\/product"}],"about":[{"href":"https:\/\/truusk.store\/sv\/wp-json\/wp\/v2\/types\/product"}],"wp:featuredmedia":[{"embeddable":true,"href":"https:\/\/truusk.store\/sv\/wp-json\/wp\/v2\/media\/66524"}],"wp:attachment":[{"href":"https:\/\/truusk.store\/sv\/wp-json\/wp\/v2\/media?parent=66533"}],"wp:term":[{"taxonomy":"product_brand","embeddable":true,"href":"https:\/\/truusk.store\/sv\/wp-json\/wp\/v2\/product_brand?post=66533"},{"taxonomy":"product_cat","embeddable":true,"href":"https:\/\/truusk.store\/sv\/wp-json\/wp\/v2\/product_cat?post=66533"},{"taxonomy":"product_tag","embeddable":true,"href":"https:\/\/truusk.store\/sv\/wp-json\/wp\/v2\/product_tag?post=66533"}],"curies":[{"name":"wp","href":"https:\/\/api.w.org\/{rel}","templated":true}]}}