{"id":6656,"date":"2024-02-13T08:32:07","date_gmt":"2024-02-13T07:32:07","guid":{"rendered":"https:\/\/truusk.store\/product\/utehus-valplopp-valpstaket-lekhage-valpgrind-for-djur-8-st-b63-x-h76-cm\/"},"modified":"2026-03-12T08:55:21","modified_gmt":"2026-03-12T07:55:21","slug":"truusk-utehus-och-valplopp-for-djur-inkluderar-valpstaket-och-lekhage-8-st-b63-x-h76-cm","status":"publish","type":"product","link":"https:\/\/truusk.store\/sv\/produkt\/truusk-utehus-och-valplopp-for-djur-inkluderar-valpstaket-och-lekhage-8-st-b63-x-h76-cm\/","title":{"rendered":"TRUUSK Utehus och Valplopp F\u00f6r Djur &#8211; Inkluderar Valpstaket och Lekhage &#8211; 8 St &#8211; B63 x H76 cm"},"content":{"rendered":"<p>Valpar \u00e4r nyfikna och lekfulla sm\u00e5 rackare: allt m\u00e5ste nosas, slickas och unders\u00f6kas noggrant. Sj\u00e4lvklart kan du och \u00e4ven en uppm\u00e4rksam hundmamma inte \u00f6vervaka var valparna \u00e4r dygnet runt. Detta praktiska h\u00f6lje har utvecklats s\u00e5 att valparna inte uts\u00e4tter sig sj\u00e4lva f\u00f6r fara och \u00e4nd\u00e5 har tillr\u00e4ckligt med utrymme att leka och utforska. S\u00e5 du kan vara s\u00e4ker p\u00e5 att dina sm\u00e5 rackare \u00e4r s\u00e4kra.<\/p>\n<h3>Beskrivning:<\/h3>\n<ul>\n<li>Utomhush\u00f6ljet f\u00f6r valpar g\u00f6r att dina valpar kan leka s\u00e4kert i frisk luft<\/li>\n<li>Metallgallret \u00e4r av h\u00f6g kvalitet och erbjuder de unga djuren optimal lufttillf\u00f6rsel hela tiden<\/li>\n<li>8 ankarkrokar s\u00e4kerst\u00e4ller att gallerelementen \u00e4r s\u00e4kert f\u00e4sta i marken<\/li>\n<li>De platsbesparande hopf\u00e4llbara elementen kan monteras och demonteras snabbt och enkelt<\/li>\n<li>L\u00e4tt att st\u00e4da<\/li>\n<li>Med d\u00f6rr s\u00e5 att hundmamman l\u00e4tt kan komma in och l\u00e4mna springan<\/li>\n<li>Inh\u00e4gnaden l\u00e4mpar sig \u00e4ven f\u00f6r att hysa andra sm\u00e5djur, s\u00e5som kaniner<\/li>\n<\/ul>\n<h3>Teknisk data:<\/h3>\n<ul>\n<li>Storlek per element: B63 x H76 cm<\/li>\n<li>Avst\u00e5nd mellan galler: 16 cm (horisontellt), 31 mm (vertikalt)<\/li>\n<li>Antal element: 8 stycken<\/li>\n<li>silver<\/li>\n<\/ul>\n<h3>Leveransens omfattning:<\/h3>\n<ul>\n<li>1 x valpk\u00f6rning;<\/li>\n<\/ul>\n","protected":false},"excerpt":{"rendered":"<p>Valpar \u00e4r nyfikna och lekfulla sm\u00e5 rackare: allt m\u00e5ste nosas, slickas och unders\u00f6kas noggrant. Sj\u00e4lvklart kan du och \u00e4ven en&#8230;<\/p>\n","protected":false},"featured_media":6657,"template":"","meta":[],"product_brand":[],"product_cat":[583,574,573],"product_tag":[],"class_list":{"0":"post-6656","1":"product","2":"type-product","3":"status-publish","4":"has-post-thumbnail","6":"product_cat-hundburar","7":"product_cat-hundtillbehor","8":"product_cat-husdjursmaterial","10":"first","11":"instock","12":"sale","13":"taxable","14":"shipping-taxable","15":"purchasable","16":"product-type-simple"},"yoast_head":"<!-- This site is optimized with the Yoast SEO plugin v25.4 - https:\/\/yoast.com\/wordpress\/plugins\/seo\/ -->\n<title>TRUUSK Utehus och Valplopp F\u00f6r Djur - Inkluderar Valpstaket och Lekhage - 8 St - B63 x H76 cm - TRUUSK - Hem, Tr\u00e4dg\u00e5rd &amp; Fritid<\/title>\n<meta name=\"robots\" content=\"index, follow, max-snippet:-1, max-image-preview:large, max-video-preview:-1\" \/>\n<link rel=\"canonical\" href=\"https:\/\/truusk.store\/sv\/produkt\/truusk-utehus-och-valplopp-for-djur-inkluderar-valpstaket-och-lekhage-8-st-b63-x-h76-cm\/\" \/>\n<meta property=\"og:locale\" content=\"sv_SE\" \/>\n<meta property=\"og:type\" content=\"article\" \/>\n<meta property=\"og:title\" content=\"TRUUSK Utehus och Valplopp F\u00f6r Djur - Inkluderar Valpstaket och Lekhage - 8 St - B63 x H76 cm - TRUUSK - Hem, Tr\u00e4dg\u00e5rd &amp; Fritid\" \/>\n<meta property=\"og:description\" content=\"Valpar \u00e4r nyfikna och lekfulla sm\u00e5 rackare: allt m\u00e5ste nosas, slickas och unders\u00f6kas noggrant. Sj\u00e4lvklart kan du och \u00e4ven en...\" \/>\n<meta property=\"og:url\" content=\"https:\/\/truusk.store\/sv\/produkt\/truusk-utehus-och-valplopp-for-djur-inkluderar-valpstaket-och-lekhage-8-st-b63-x-h76-cm\/\" \/>\n<meta property=\"og:site_name\" content=\"TRUUSK - Hem, Tr\u00e4dg\u00e5rd &amp; Fritid\" \/>\n<meta property=\"article:modified_time\" content=\"2026-03-12T07:55:21+00:00\" \/>\n<meta property=\"og:image\" content=\"https:\/\/i0.wp.com\/truusk.se\/wp-content\/uploads\/2024\/02\/utehus-valplopp-valpstaket-lekhage-valpgrind-for-djur-8-st-b63-x-h76-cm.webp?fit=800%2C800&ssl=1\" \/>\n\t<meta property=\"og:image:width\" content=\"800\" \/>\n\t<meta property=\"og:image:height\" content=\"800\" \/>\n\t<meta property=\"og:image:type\" content=\"image\/webp\" \/>\n<meta name=\"twitter:card\" content=\"summary_large_image\" \/>\n<meta name=\"twitter:label1\" content=\"Ber\u00e4knad l\u00e4stid\" \/>\n\t<meta name=\"twitter:data1\" content=\"1 minut\" \/>\n<!-- \/ Yoast SEO plugin. -->","yoast_head_json":{"title":"TRUUSK Utehus och Valplopp F\u00f6r Djur - Inkluderar Valpstaket och Lekhage - 8 St - B63 x H76 cm - TRUUSK - Hem, Tr\u00e4dg\u00e5rd &amp; Fritid","robots":{"index":"index","follow":"follow","max-snippet":"max-snippet:-1","max-image-preview":"max-image-preview:large","max-video-preview":"max-video-preview:-1"},"canonical":"https:\/\/truusk.store\/sv\/produkt\/truusk-utehus-och-valplopp-for-djur-inkluderar-valpstaket-och-lekhage-8-st-b63-x-h76-cm\/","og_locale":"sv_SE","og_type":"article","og_title":"TRUUSK Utehus och Valplopp F\u00f6r Djur - Inkluderar Valpstaket och Lekhage - 8 St - B63 x H76 cm - TRUUSK - Hem, Tr\u00e4dg\u00e5rd &amp; Fritid","og_description":"Valpar \u00e4r nyfikna och lekfulla sm\u00e5 rackare: allt m\u00e5ste nosas, slickas och unders\u00f6kas noggrant. Sj\u00e4lvklart kan du och \u00e4ven en...","og_url":"https:\/\/truusk.store\/sv\/produkt\/truusk-utehus-och-valplopp-for-djur-inkluderar-valpstaket-och-lekhage-8-st-b63-x-h76-cm\/","og_site_name":"TRUUSK - Hem, Tr\u00e4dg\u00e5rd &amp; Fritid","article_modified_time":"2026-03-12T07:55:21+00:00","og_image":[{"width":800,"height":800,"url":"https:\/\/i0.wp.com\/truusk.se\/wp-content\/uploads\/2024\/02\/utehus-valplopp-valpstaket-lekhage-valpgrind-for-djur-8-st-b63-x-h76-cm.webp?fit=800%2C800&ssl=1","type":"image\/webp"}],"twitter_card":"summary_large_image","twitter_misc":{"Ber\u00e4knad l\u00e4stid":"1 minut"},"schema":{"@context":"https:\/\/schema.org","@graph":[{"@type":"WebPage","@id":"https:\/\/truusk.store\/sv\/produkt\/truusk-utehus-och-valplopp-for-djur-inkluderar-valpstaket-och-lekhage-8-st-b63-x-h76-cm\/","url":"https:\/\/truusk.store\/sv\/produkt\/truusk-utehus-och-valplopp-for-djur-inkluderar-valpstaket-och-lekhage-8-st-b63-x-h76-cm\/","name":"TRUUSK Utehus och Valplopp F\u00f6r Djur - Inkluderar Valpstaket och Lekhage - 8 St - B63 x H76 cm - TRUUSK - Hem, Tr\u00e4dg\u00e5rd &amp; Fritid","isPartOf":{"@id":"https:\/\/truusk.store\/sv\/#website"},"primaryImageOfPage":{"@id":"https:\/\/truusk.store\/sv\/produkt\/truusk-utehus-och-valplopp-for-djur-inkluderar-valpstaket-och-lekhage-8-st-b63-x-h76-cm\/#primaryimage"},"image":{"@id":"https:\/\/truusk.store\/sv\/produkt\/truusk-utehus-och-valplopp-for-djur-inkluderar-valpstaket-och-lekhage-8-st-b63-x-h76-cm\/#primaryimage"},"thumbnailUrl":"https:\/\/i0.wp.com\/truusk.store\/wp-content\/uploads\/2024\/02\/utehus-valplopp-valpstaket-lekhage-valpgrind-for-djur-8-st-b63-x-h76-cm.webp?fit=800%2C800&ssl=1","datePublished":"2024-02-13T07:32:07+00:00","dateModified":"2026-03-12T07:55:21+00:00","breadcrumb":{"@id":"https:\/\/truusk.store\/sv\/produkt\/truusk-utehus-och-valplopp-for-djur-inkluderar-valpstaket-och-lekhage-8-st-b63-x-h76-cm\/#breadcrumb"},"inLanguage":"sv-SE","potentialAction":[{"@type":"ReadAction","target":["https:\/\/truusk.store\/sv\/produkt\/truusk-utehus-och-valplopp-for-djur-inkluderar-valpstaket-och-lekhage-8-st-b63-x-h76-cm\/"]}]},{"@type":"ImageObject","inLanguage":"sv-SE","@id":"https:\/\/truusk.store\/sv\/produkt\/truusk-utehus-och-valplopp-for-djur-inkluderar-valpstaket-och-lekhage-8-st-b63-x-h76-cm\/#primaryimage","url":"https:\/\/i0.wp.com\/truusk.store\/wp-content\/uploads\/2024\/02\/utehus-valplopp-valpstaket-lekhage-valpgrind-for-djur-8-st-b63-x-h76-cm.webp?fit=800%2C800&ssl=1","contentUrl":"https:\/\/i0.wp.com\/truusk.store\/wp-content\/uploads\/2024\/02\/utehus-valplopp-valpstaket-lekhage-valpgrind-for-djur-8-st-b63-x-h76-cm.webp?fit=800%2C800&ssl=1","width":800,"height":800,"caption":"Utehus, Valplopp, Valpstaket, Lekhage, Valpgrind F\u00f6r Djur, 8 St, B63 X H76 Cm 1"},{"@type":"BreadcrumbList","@id":"https:\/\/truusk.store\/sv\/produkt\/truusk-utehus-och-valplopp-for-djur-inkluderar-valpstaket-och-lekhage-8-st-b63-x-h76-cm\/#breadcrumb","itemListElement":[{"@type":"ListItem","position":1,"name":"Home","item":"https:\/\/truusk.store\/sv\/"},{"@type":"ListItem","position":2,"name":"Shop","item":"https:\/\/truusk.store\/shop\/"},{"@type":"ListItem","position":3,"name":"TRUUSK Utehus och Valplopp F\u00f6r Djur &#8211; Inkluderar Valpstaket och Lekhage &#8211; 8 St &#8211; B63 x H76 cm"}]},{"@type":"WebSite","@id":"https:\/\/truusk.store\/sv\/#website","url":"https:\/\/truusk.store\/sv\/","name":"TRUUSK - Hem, Tr\u00e4dg\u00e5rd & Fritid","description":"","publisher":{"@id":"https:\/\/truusk.store\/sv\/#organization"},"potentialAction":[{"@type":"SearchAction","target":{"@type":"EntryPoint","urlTemplate":"https:\/\/truusk.store\/sv\/?s={search_term_string}"},"query-input":{"@type":"PropertyValueSpecification","valueRequired":true,"valueName":"search_term_string"}}],"inLanguage":"sv-SE"},{"@type":"Organization","@id":"https:\/\/truusk.store\/sv\/#organization","name":"TRUUSK - Hem, Tr\u00e4dg\u00e5rd & Fritid","url":"https:\/\/truusk.store\/sv\/","logo":{"@type":"ImageObject","inLanguage":"sv-SE","@id":"https:\/\/truusk.store\/sv\/#\/schema\/logo\/image\/","url":"https:\/\/i0.wp.com\/truusk.store\/wp-content\/uploads\/2026\/03\/cropped-TRUUSK.png?fit=2032%2C917&ssl=1","contentUrl":"https:\/\/i0.wp.com\/truusk.store\/wp-content\/uploads\/2026\/03\/cropped-TRUUSK.png?fit=2032%2C917&ssl=1","width":2032,"height":917,"caption":"TRUUSK - Hem, Tr\u00e4dg\u00e5rd & Fritid"},"image":{"@id":"https:\/\/truusk.store\/sv\/#\/schema\/logo\/image\/"}}]}},"jetpack_sharing_enabled":true,"_links":{"self":[{"href":"https:\/\/truusk.store\/sv\/wp-json\/wp\/v2\/product\/6656","targetHints":{"allow":["GET"]}}],"collection":[{"href":"https:\/\/truusk.store\/sv\/wp-json\/wp\/v2\/product"}],"about":[{"href":"https:\/\/truusk.store\/sv\/wp-json\/wp\/v2\/types\/product"}],"wp:featuredmedia":[{"embeddable":true,"href":"https:\/\/truusk.store\/sv\/wp-json\/wp\/v2\/media\/6657"}],"wp:attachment":[{"href":"https:\/\/truusk.store\/sv\/wp-json\/wp\/v2\/media?parent=6656"}],"wp:term":[{"taxonomy":"product_brand","embeddable":true,"href":"https:\/\/truusk.store\/sv\/wp-json\/wp\/v2\/product_brand?post=6656"},{"taxonomy":"product_cat","embeddable":true,"href":"https:\/\/truusk.store\/sv\/wp-json\/wp\/v2\/product_cat?post=6656"},{"taxonomy":"product_tag","embeddable":true,"href":"https:\/\/truusk.store\/sv\/wp-json\/wp\/v2\/product_tag?post=6656"}],"curies":[{"name":"wp","href":"https:\/\/api.w.org\/{rel}","templated":true}]}}