{"id":66613,"date":"2025-06-05T13:02:50","date_gmt":"2025-06-05T12:02:50","guid":{"rendered":"https:\/\/truusk.store\/product\/aiyaplay-glidbil-barnfordon-glidfordon-med-forvaringsutrymme-barnbil-med-tippskydd-glidare-for-18-48-manader-barn-rod-775-x-415-x-45-cm\/"},"modified":"2026-03-12T09:31:34","modified_gmt":"2026-03-12T08:31:34","slug":"truusk-glidbil-for-barn-med-forvaringsutrymme-tippskydd-for-18-48-manader-rod-775-x-415-x-45-cm","status":"publish","type":"product","link":"https:\/\/truusk.store\/sv\/produkt\/truusk-glidbil-for-barn-med-forvaringsutrymme-tippskydd-for-18-48-manader-rod-775-x-415-x-45-cm\/","title":{"rendered":"TRUUSK Glidbil f\u00f6r barn &#8211; Med F\u00f6rvaringsutrymme &#8211; Tippskydd &#8211; F\u00f6r 18-48 m\u00e5nader &#8211; R\u00f6d, 77,5 x 41,5 x 45 cm"},"content":{"rendered":"<p>Sl\u00e4pp loss spelgl\u00e4djen med v\u00e5r barnrutschare! F\u00f6rvaringsutrymmet under s\u00e4tet ger plats f\u00f6r leksaker och g\u00f6r det m\u00f6jligt f\u00f6r dig att fylla det med \u00e4nnu mer tillbeh\u00f6r om du vill ge ditt barn gl\u00e4djen av en cool utomhusleksak. Denna bil har utvecklats med s\u00e4rskild uppm\u00e4rksamhet p\u00e5 s\u00e4kerhet och har en anti-v\u00e4ltanordning. Denna Ride-On-bil \u00e4r en fantastisk present som omedelbart blir en favoritleksak.<\/p>\n<p>Beskrivning:<\/p>\n<ul>\n<li> F\u00f6rvaringsutrymme under s\u00e4tet, deras lilla hemliga bas f\u00f6r att f\u00f6rvara snacks och leksaker<\/li>\n<li> Officiellt licensierad av Mercedes-Benz 300S<\/li>\n<li> Har en anti-v\u00e4ltanordning f\u00f6r att f\u00f6rhindra v\u00e4ltning.<\/li>\n<li> Stort ratt, l\u00e4tt att styra<\/li>\n<li> Fot-till-golv-design, idealisk som rutschbil<\/li>\n<li> Montering kr\u00e4vs<\/li>\n<\/ul>\n<p> Tekniska specifikationer:<\/p>\n<ul>\n<li> F\u00e4rg: R\u00f6d<\/li>\n<li> Material: Plast, metall<\/li>\n<li> Totala dimensioner: 77,5L x 41,5B x 45H cm<\/li>\n<li> Sitsdimension: 15B x 30T x 27H cm(fr\u00e5n golvet)<\/li>\n<li> Ryggst\u00f6dsdimension: 15B x 10H cm<\/li>\n<li> F\u00f6rvaringsdimension: 25B x 15T x 19H cm<\/li>\n<li> Hjuldimension: \u00d818 cm<\/li>\n<li> Viktkapacitet: 25 kg<\/li>\n<li> L\u00e4mplig \u00e5lder: 18-48 m\u00e5nader<\/li>\n<\/ul>\n<p>Leveransinneh\u00e5ll:<\/p>\n<ul>\n<li> 1 x Rutschbil<\/li>\n<li> 1 x Instruktioner<\/li>\n<\/ul>\n","protected":false},"excerpt":{"rendered":"<p>Sl\u00e4pp loss spelgl\u00e4djen med v\u00e5r barnrutschare! F\u00f6rvaringsutrymmet under s\u00e4tet ger plats f\u00f6r leksaker och g\u00f6r det m\u00f6jligt f\u00f6r dig att&#8230;<\/p>\n","protected":false},"featured_media":66604,"template":"","meta":[],"product_brand":[],"product_cat":[880,952,610],"product_tag":[],"class_list":{"0":"post-66613","1":"product","2":"type-product","3":"status-publish","4":"has-post-thumbnail","6":"product_cat-baby-barn-2","7":"product_cat-balanscyklar-och-akfordon","8":"product_cat-barnfordon","10":"first","11":"instock","12":"sale","13":"taxable","14":"shipping-taxable","15":"purchasable","16":"product-type-simple"},"yoast_head":"<!-- This site is optimized with the Yoast SEO plugin v25.4 - https:\/\/yoast.com\/wordpress\/plugins\/seo\/ -->\n<title>TRUUSK Glidbil f\u00f6r barn - Med F\u00f6rvaringsutrymme - Tippskydd - F\u00f6r 18-48 m\u00e5nader - R\u00f6d, 77,5 x 41,5 x 45 cm - TRUUSK - Hem, Tr\u00e4dg\u00e5rd &amp; Fritid<\/title>\n<meta name=\"robots\" content=\"index, follow, max-snippet:-1, max-image-preview:large, max-video-preview:-1\" \/>\n<link rel=\"canonical\" href=\"https:\/\/truusk.store\/sv\/produkt\/truusk-glidbil-for-barn-med-forvaringsutrymme-tippskydd-for-18-48-manader-rod-775-x-415-x-45-cm\/\" \/>\n<meta property=\"og:locale\" content=\"sv_SE\" \/>\n<meta property=\"og:type\" content=\"article\" \/>\n<meta property=\"og:title\" content=\"TRUUSK Glidbil f\u00f6r barn - Med F\u00f6rvaringsutrymme - Tippskydd - F\u00f6r 18-48 m\u00e5nader - R\u00f6d, 77,5 x 41,5 x 45 cm - TRUUSK - Hem, Tr\u00e4dg\u00e5rd &amp; Fritid\" \/>\n<meta property=\"og:description\" content=\"Sl\u00e4pp loss spelgl\u00e4djen med v\u00e5r barnrutschare! F\u00f6rvaringsutrymmet under s\u00e4tet ger plats f\u00f6r leksaker och g\u00f6r det m\u00f6jligt f\u00f6r dig att...\" \/>\n<meta property=\"og:url\" content=\"https:\/\/truusk.store\/sv\/produkt\/truusk-glidbil-for-barn-med-forvaringsutrymme-tippskydd-for-18-48-manader-rod-775-x-415-x-45-cm\/\" \/>\n<meta property=\"og:site_name\" content=\"TRUUSK - Hem, Tr\u00e4dg\u00e5rd &amp; Fritid\" \/>\n<meta property=\"article:modified_time\" content=\"2026-03-12T08:31:34+00:00\" \/>\n<meta property=\"og:image\" content=\"https:\/\/i0.wp.com\/truusk.se\/wp-content\/uploads\/2025\/06\/aiyaplay-glidbil-barnfordon-glidfordon-med-forvaringsutrymme-barnbil-med-tippskydd-glidare-for-18-48-manader-barn-rod-775-x-415-x-45-cm-1.webp?fit=2000%2C2000&ssl=1\" \/>\n\t<meta property=\"og:image:width\" content=\"2000\" \/>\n\t<meta property=\"og:image:height\" content=\"2000\" \/>\n\t<meta property=\"og:image:type\" content=\"image\/webp\" \/>\n<meta name=\"twitter:card\" content=\"summary_large_image\" \/>\n<meta name=\"twitter:label1\" content=\"Ber\u00e4knad l\u00e4stid\" \/>\n\t<meta name=\"twitter:data1\" content=\"1 minut\" \/>\n<!-- \/ Yoast SEO plugin. -->","yoast_head_json":{"title":"TRUUSK Glidbil f\u00f6r barn - Med F\u00f6rvaringsutrymme - Tippskydd - F\u00f6r 18-48 m\u00e5nader - R\u00f6d, 77,5 x 41,5 x 45 cm - TRUUSK - Hem, Tr\u00e4dg\u00e5rd &amp; Fritid","robots":{"index":"index","follow":"follow","max-snippet":"max-snippet:-1","max-image-preview":"max-image-preview:large","max-video-preview":"max-video-preview:-1"},"canonical":"https:\/\/truusk.store\/sv\/produkt\/truusk-glidbil-for-barn-med-forvaringsutrymme-tippskydd-for-18-48-manader-rod-775-x-415-x-45-cm\/","og_locale":"sv_SE","og_type":"article","og_title":"TRUUSK Glidbil f\u00f6r barn - Med F\u00f6rvaringsutrymme - Tippskydd - F\u00f6r 18-48 m\u00e5nader - R\u00f6d, 77,5 x 41,5 x 45 cm - TRUUSK - Hem, Tr\u00e4dg\u00e5rd &amp; Fritid","og_description":"Sl\u00e4pp loss spelgl\u00e4djen med v\u00e5r barnrutschare! F\u00f6rvaringsutrymmet under s\u00e4tet ger plats f\u00f6r leksaker och g\u00f6r det m\u00f6jligt f\u00f6r dig att...","og_url":"https:\/\/truusk.store\/sv\/produkt\/truusk-glidbil-for-barn-med-forvaringsutrymme-tippskydd-for-18-48-manader-rod-775-x-415-x-45-cm\/","og_site_name":"TRUUSK - Hem, Tr\u00e4dg\u00e5rd &amp; Fritid","article_modified_time":"2026-03-12T08:31:34+00:00","og_image":[{"width":2000,"height":2000,"url":"https:\/\/i0.wp.com\/truusk.se\/wp-content\/uploads\/2025\/06\/aiyaplay-glidbil-barnfordon-glidfordon-med-forvaringsutrymme-barnbil-med-tippskydd-glidare-for-18-48-manader-barn-rod-775-x-415-x-45-cm-1.webp?fit=2000%2C2000&ssl=1","type":"image\/webp"}],"twitter_card":"summary_large_image","twitter_misc":{"Ber\u00e4knad l\u00e4stid":"1 minut"},"schema":{"@context":"https:\/\/schema.org","@graph":[{"@type":"WebPage","@id":"https:\/\/truusk.store\/sv\/produkt\/truusk-glidbil-for-barn-med-forvaringsutrymme-tippskydd-for-18-48-manader-rod-775-x-415-x-45-cm\/","url":"https:\/\/truusk.store\/sv\/produkt\/truusk-glidbil-for-barn-med-forvaringsutrymme-tippskydd-for-18-48-manader-rod-775-x-415-x-45-cm\/","name":"TRUUSK Glidbil f\u00f6r barn - Med F\u00f6rvaringsutrymme - Tippskydd - F\u00f6r 18-48 m\u00e5nader - R\u00f6d, 77,5 x 41,5 x 45 cm - TRUUSK - Hem, Tr\u00e4dg\u00e5rd &amp; Fritid","isPartOf":{"@id":"https:\/\/truusk.store\/sv\/#website"},"primaryImageOfPage":{"@id":"https:\/\/truusk.store\/sv\/produkt\/truusk-glidbil-for-barn-med-forvaringsutrymme-tippskydd-for-18-48-manader-rod-775-x-415-x-45-cm\/#primaryimage"},"image":{"@id":"https:\/\/truusk.store\/sv\/produkt\/truusk-glidbil-for-barn-med-forvaringsutrymme-tippskydd-for-18-48-manader-rod-775-x-415-x-45-cm\/#primaryimage"},"thumbnailUrl":"https:\/\/i0.wp.com\/truusk.store\/wp-content\/uploads\/2025\/06\/aiyaplay-glidbil-barnfordon-glidfordon-med-forvaringsutrymme-barnbil-med-tippskydd-glidare-for-18-48-manader-barn-rod-775-x-415-x-45-cm-1.webp?fit=2000%2C2000&ssl=1","datePublished":"2025-06-05T12:02:50+00:00","dateModified":"2026-03-12T08:31:34+00:00","breadcrumb":{"@id":"https:\/\/truusk.store\/sv\/produkt\/truusk-glidbil-for-barn-med-forvaringsutrymme-tippskydd-for-18-48-manader-rod-775-x-415-x-45-cm\/#breadcrumb"},"inLanguage":"sv-SE","potentialAction":[{"@type":"ReadAction","target":["https:\/\/truusk.store\/sv\/produkt\/truusk-glidbil-for-barn-med-forvaringsutrymme-tippskydd-for-18-48-manader-rod-775-x-415-x-45-cm\/"]}]},{"@type":"ImageObject","inLanguage":"sv-SE","@id":"https:\/\/truusk.store\/sv\/produkt\/truusk-glidbil-for-barn-med-forvaringsutrymme-tippskydd-for-18-48-manader-rod-775-x-415-x-45-cm\/#primaryimage","url":"https:\/\/i0.wp.com\/truusk.store\/wp-content\/uploads\/2025\/06\/aiyaplay-glidbil-barnfordon-glidfordon-med-forvaringsutrymme-barnbil-med-tippskydd-glidare-for-18-48-manader-barn-rod-775-x-415-x-45-cm-1.webp?fit=2000%2C2000&ssl=1","contentUrl":"https:\/\/i0.wp.com\/truusk.store\/wp-content\/uploads\/2025\/06\/aiyaplay-glidbil-barnfordon-glidfordon-med-forvaringsutrymme-barnbil-med-tippskydd-glidare-for-18-48-manader-barn-rod-775-x-415-x-45-cm-1.webp?fit=2000%2C2000&ssl=1","width":2000,"height":2000},{"@type":"BreadcrumbList","@id":"https:\/\/truusk.store\/sv\/produkt\/truusk-glidbil-for-barn-med-forvaringsutrymme-tippskydd-for-18-48-manader-rod-775-x-415-x-45-cm\/#breadcrumb","itemListElement":[{"@type":"ListItem","position":1,"name":"Home","item":"https:\/\/truusk.store\/sv\/"},{"@type":"ListItem","position":2,"name":"Shop","item":"https:\/\/truusk.store\/shop\/"},{"@type":"ListItem","position":3,"name":"TRUUSK Glidbil f\u00f6r barn &#8211; Med F\u00f6rvaringsutrymme &#8211; Tippskydd &#8211; F\u00f6r 18-48 m\u00e5nader &#8211; R\u00f6d, 77,5 x 41,5 x 45 cm"}]},{"@type":"WebSite","@id":"https:\/\/truusk.store\/sv\/#website","url":"https:\/\/truusk.store\/sv\/","name":"TRUUSK - Hem, Tr\u00e4dg\u00e5rd & Fritid","description":"","publisher":{"@id":"https:\/\/truusk.store\/sv\/#organization"},"potentialAction":[{"@type":"SearchAction","target":{"@type":"EntryPoint","urlTemplate":"https:\/\/truusk.store\/sv\/?s={search_term_string}"},"query-input":{"@type":"PropertyValueSpecification","valueRequired":true,"valueName":"search_term_string"}}],"inLanguage":"sv-SE"},{"@type":"Organization","@id":"https:\/\/truusk.store\/sv\/#organization","name":"TRUUSK - Hem, Tr\u00e4dg\u00e5rd & Fritid","url":"https:\/\/truusk.store\/sv\/","logo":{"@type":"ImageObject","inLanguage":"sv-SE","@id":"https:\/\/truusk.store\/sv\/#\/schema\/logo\/image\/","url":"https:\/\/i0.wp.com\/truusk.store\/wp-content\/uploads\/2026\/03\/cropped-TRUUSK.png?fit=2032%2C917&ssl=1","contentUrl":"https:\/\/i0.wp.com\/truusk.store\/wp-content\/uploads\/2026\/03\/cropped-TRUUSK.png?fit=2032%2C917&ssl=1","width":2032,"height":917,"caption":"TRUUSK - Hem, Tr\u00e4dg\u00e5rd & Fritid"},"image":{"@id":"https:\/\/truusk.store\/sv\/#\/schema\/logo\/image\/"}}]}},"jetpack_sharing_enabled":true,"_links":{"self":[{"href":"https:\/\/truusk.store\/sv\/wp-json\/wp\/v2\/product\/66613","targetHints":{"allow":["GET"]}}],"collection":[{"href":"https:\/\/truusk.store\/sv\/wp-json\/wp\/v2\/product"}],"about":[{"href":"https:\/\/truusk.store\/sv\/wp-json\/wp\/v2\/types\/product"}],"wp:featuredmedia":[{"embeddable":true,"href":"https:\/\/truusk.store\/sv\/wp-json\/wp\/v2\/media\/66604"}],"wp:attachment":[{"href":"https:\/\/truusk.store\/sv\/wp-json\/wp\/v2\/media?parent=66613"}],"wp:term":[{"taxonomy":"product_brand","embeddable":true,"href":"https:\/\/truusk.store\/sv\/wp-json\/wp\/v2\/product_brand?post=66613"},{"taxonomy":"product_cat","embeddable":true,"href":"https:\/\/truusk.store\/sv\/wp-json\/wp\/v2\/product_cat?post=66613"},{"taxonomy":"product_tag","embeddable":true,"href":"https:\/\/truusk.store\/sv\/wp-json\/wp\/v2\/product_tag?post=66613"}],"curies":[{"name":"wp","href":"https:\/\/api.w.org\/{rel}","templated":true}]}}