{"id":66633,"date":"2025-06-05T13:04:48","date_gmt":"2025-06-05T12:04:48","guid":{"rendered":"https:\/\/truusk.store\/product\/barn-elektrisk-gokart-12-v-3-5km-h-drift-kart-med-2-lages-justerbart-lage-sakerhetsbalte-ratt-go-kart-barnfordon-for-3-8-ars-barn-vit\/"},"modified":"2026-03-12T09:31:13","modified_gmt":"2026-03-12T08:31:13","slug":"truusk-elektrisk-gokart-for-barn-12-v-drift-kart-2-lages-justerbart-lage-sakerhetsbalte-ratt-vit-for-3-8-ars-barn","status":"publish","type":"product","link":"https:\/\/truusk.store\/sv\/produkt\/truusk-elektrisk-gokart-for-barn-12-v-drift-kart-2-lages-justerbart-lage-sakerhetsbalte-ratt-vit-for-3-8-ars-barn\/","title":{"rendered":"TRUUSK Elektrisk Gokart f\u00f6r Barn 12 V &#8211; Drift Kart &#8211; 2-L\u00e4ges Justerbart L\u00e4ge &#8211; S\u00e4kerhetsb\u00e4lte &#8211; Ratt &#8211; Vit &#8211; F\u00f6r 3-8 \u00e5rs Barn"},"content":{"rendered":"<p>Med v\u00e5r elektriska gokart med motor kan dina barn uppleva sp\u00e4nnande \u00e4ventyr! Med individuellt justerbara hastigheter upp till 5 km\/h, f\u00f6r mysiga turer i tr\u00e4dg\u00e5rden, parken eller i naturen. EVA-hjulen p\u00e5 karten klarar alla underlag och ger k\u00f6rgl\u00e4dje b\u00e5de inomhus och utomhus. En tv\u00e5punktsb\u00e4lte och en stabil ryggst\u00f6d p\u00e5 karten ger extra s\u00e4kerhet och den kan k\u00f6ras fram\u00e5t och bak\u00e5t.<\/p>\n<p>Beskrivning:<\/p>\n<ul>\n<li> Elektrisk go-kart med motor f\u00f6r barn med mycket realistiskt utseende<\/li>\n<li> Justerbar hastighet mellan 3 och 5 km\/h<\/li>\n<li> EVA-hjul p\u00e5 den elektriska gokarten f\u00f6r f\u00f6rb\u00e4ttrad dragkraft p\u00e5 sv\u00e5rt terr\u00e4ng<\/li>\n<li> Denna elektriska gokart \u00e4r utrustad med ett tv\u00e5punkts s\u00e4kerhetsb\u00e4lte och en sits med ryggst\u00f6d, f\u00f6r komfort och s\u00e4kerhet<\/li>\n<li> Med ratt samt fram\u00e5t- och bak\u00e5tk\u00f6rningsfunktion<\/li>\n<li> Montering kr\u00e4vs<\/li>\n<\/ul>\n<p> Tekniska data:<\/p>\n<ul>\n<li> F\u00e4rg: Vit<\/li>\n<li> Material: Plast, metall, EVA<\/li>\n<li> Totala dimensioner: 100L x 58B x 58,5H cm<\/li>\n<li> Sitsstorlek: 32L x 16B x 25H cm<\/li>\n<li> Batteri: 12V, 7AH<\/li>\n<li> F\u00f6rsta laddning: 6-8 timmar. 8-12 timmar (Regelbundet)<\/li>\n<li> Drifttid: 50 minuter<\/li>\n<li> Hastighet: 3-5 km\/h<\/li>\n<li> EVA-hjul: \u00d825 cm<\/li>\n<li> B\u00e4rkapacitet: 30 kg<\/li>\n<li> Rekommenderad \u00e5lder: 3-8 \u00e5r<\/li>\n<li> Obs: Anv\u00e4nd alltid under tillsyn av en vuxen<\/li>\n<\/ul>\n<p>Leveransinneh\u00e5ll:<\/p>\n<ul>\n<li> 1 x Elektrisk kart f\u00f6r barn<\/li>\n<li> 1 x Bruksanvisning<\/li>\n<\/ul>\n","protected":false},"excerpt":{"rendered":"<p>Med v\u00e5r elektriska gokart med motor kan dina barn uppleva sp\u00e4nnande \u00e4ventyr! Med individuellt justerbara hastigheter upp till 5 km\/h,&#8230;<\/p>\n","protected":false},"featured_media":66622,"template":"","meta":[],"product_brand":[],"product_cat":[880,610,950],"product_tag":[],"class_list":{"0":"post-66633","1":"product","2":"type-product","3":"status-publish","4":"has-post-thumbnail","6":"product_cat-baby-barn-2","7":"product_cat-barnfordon","8":"product_cat-go-karts-pedaldrivna-fordon","10":"first","11":"instock","12":"sale","13":"taxable","14":"shipping-taxable","15":"purchasable","16":"product-type-simple"},"yoast_head":"<!-- This site is optimized with the Yoast SEO plugin v25.4 - https:\/\/yoast.com\/wordpress\/plugins\/seo\/ -->\n<title>TRUUSK Elektrisk Gokart f\u00f6r Barn 12 V - Drift Kart - 2-L\u00e4ges Justerbart L\u00e4ge - S\u00e4kerhetsb\u00e4lte - Ratt - Vit - F\u00f6r 3-8 \u00e5rs Barn - TRUUSK - Hem, Tr\u00e4dg\u00e5rd &amp; Fritid<\/title>\n<meta name=\"robots\" content=\"index, follow, max-snippet:-1, max-image-preview:large, max-video-preview:-1\" \/>\n<link rel=\"canonical\" href=\"https:\/\/truusk.store\/sv\/produkt\/truusk-elektrisk-gokart-for-barn-12-v-drift-kart-2-lages-justerbart-lage-sakerhetsbalte-ratt-vit-for-3-8-ars-barn\/\" \/>\n<meta property=\"og:locale\" content=\"sv_SE\" \/>\n<meta property=\"og:type\" content=\"article\" \/>\n<meta property=\"og:title\" content=\"TRUUSK Elektrisk Gokart f\u00f6r Barn 12 V - Drift Kart - 2-L\u00e4ges Justerbart L\u00e4ge - S\u00e4kerhetsb\u00e4lte - Ratt - Vit - F\u00f6r 3-8 \u00e5rs Barn - TRUUSK - Hem, Tr\u00e4dg\u00e5rd &amp; Fritid\" \/>\n<meta property=\"og:description\" content=\"Med v\u00e5r elektriska gokart med motor kan dina barn uppleva sp\u00e4nnande \u00e4ventyr! Med individuellt justerbara hastigheter upp till 5 km\/h,...\" \/>\n<meta property=\"og:url\" content=\"https:\/\/truusk.store\/sv\/produkt\/truusk-elektrisk-gokart-for-barn-12-v-drift-kart-2-lages-justerbart-lage-sakerhetsbalte-ratt-vit-for-3-8-ars-barn\/\" \/>\n<meta property=\"og:site_name\" content=\"TRUUSK - Hem, Tr\u00e4dg\u00e5rd &amp; Fritid\" \/>\n<meta property=\"article:modified_time\" content=\"2026-03-12T08:31:13+00:00\" \/>\n<meta property=\"og:image\" content=\"https:\/\/i0.wp.com\/truusk.se\/wp-content\/uploads\/2025\/06\/barn-elektrisk-gokart-12-v-3-5km-h-drift-kart-med-2-lages-justerbart-lage-sakerhetsbalte-ratt-go-kart-barnfordon-for-3-8-ars-barn-vit-1.webp?fit=2000%2C2000&ssl=1\" \/>\n\t<meta property=\"og:image:width\" content=\"2000\" \/>\n\t<meta property=\"og:image:height\" content=\"2000\" \/>\n\t<meta property=\"og:image:type\" content=\"image\/webp\" \/>\n<meta name=\"twitter:card\" content=\"summary_large_image\" \/>\n<meta name=\"twitter:label1\" content=\"Ber\u00e4knad l\u00e4stid\" \/>\n\t<meta name=\"twitter:data1\" content=\"1 minut\" \/>\n<!-- \/ Yoast SEO plugin. -->","yoast_head_json":{"title":"TRUUSK Elektrisk Gokart f\u00f6r Barn 12 V - Drift Kart - 2-L\u00e4ges Justerbart L\u00e4ge - S\u00e4kerhetsb\u00e4lte - Ratt - Vit - F\u00f6r 3-8 \u00e5rs Barn - TRUUSK - Hem, Tr\u00e4dg\u00e5rd &amp; Fritid","robots":{"index":"index","follow":"follow","max-snippet":"max-snippet:-1","max-image-preview":"max-image-preview:large","max-video-preview":"max-video-preview:-1"},"canonical":"https:\/\/truusk.store\/sv\/produkt\/truusk-elektrisk-gokart-for-barn-12-v-drift-kart-2-lages-justerbart-lage-sakerhetsbalte-ratt-vit-for-3-8-ars-barn\/","og_locale":"sv_SE","og_type":"article","og_title":"TRUUSK Elektrisk Gokart f\u00f6r Barn 12 V - Drift Kart - 2-L\u00e4ges Justerbart L\u00e4ge - S\u00e4kerhetsb\u00e4lte - Ratt - Vit - F\u00f6r 3-8 \u00e5rs Barn - TRUUSK - Hem, Tr\u00e4dg\u00e5rd &amp; Fritid","og_description":"Med v\u00e5r elektriska gokart med motor kan dina barn uppleva sp\u00e4nnande \u00e4ventyr! Med individuellt justerbara hastigheter upp till 5 km\/h,...","og_url":"https:\/\/truusk.store\/sv\/produkt\/truusk-elektrisk-gokart-for-barn-12-v-drift-kart-2-lages-justerbart-lage-sakerhetsbalte-ratt-vit-for-3-8-ars-barn\/","og_site_name":"TRUUSK - Hem, Tr\u00e4dg\u00e5rd &amp; Fritid","article_modified_time":"2026-03-12T08:31:13+00:00","og_image":[{"width":2000,"height":2000,"url":"https:\/\/i0.wp.com\/truusk.se\/wp-content\/uploads\/2025\/06\/barn-elektrisk-gokart-12-v-3-5km-h-drift-kart-med-2-lages-justerbart-lage-sakerhetsbalte-ratt-go-kart-barnfordon-for-3-8-ars-barn-vit-1.webp?fit=2000%2C2000&ssl=1","type":"image\/webp"}],"twitter_card":"summary_large_image","twitter_misc":{"Ber\u00e4knad l\u00e4stid":"1 minut"},"schema":{"@context":"https:\/\/schema.org","@graph":[{"@type":"WebPage","@id":"https:\/\/truusk.store\/sv\/produkt\/truusk-elektrisk-gokart-for-barn-12-v-drift-kart-2-lages-justerbart-lage-sakerhetsbalte-ratt-vit-for-3-8-ars-barn\/","url":"https:\/\/truusk.store\/sv\/produkt\/truusk-elektrisk-gokart-for-barn-12-v-drift-kart-2-lages-justerbart-lage-sakerhetsbalte-ratt-vit-for-3-8-ars-barn\/","name":"TRUUSK Elektrisk Gokart f\u00f6r Barn 12 V - Drift Kart - 2-L\u00e4ges Justerbart L\u00e4ge - S\u00e4kerhetsb\u00e4lte - Ratt - Vit - F\u00f6r 3-8 \u00e5rs Barn - TRUUSK - Hem, Tr\u00e4dg\u00e5rd &amp; Fritid","isPartOf":{"@id":"https:\/\/truusk.store\/sv\/#website"},"primaryImageOfPage":{"@id":"https:\/\/truusk.store\/sv\/produkt\/truusk-elektrisk-gokart-for-barn-12-v-drift-kart-2-lages-justerbart-lage-sakerhetsbalte-ratt-vit-for-3-8-ars-barn\/#primaryimage"},"image":{"@id":"https:\/\/truusk.store\/sv\/produkt\/truusk-elektrisk-gokart-for-barn-12-v-drift-kart-2-lages-justerbart-lage-sakerhetsbalte-ratt-vit-for-3-8-ars-barn\/#primaryimage"},"thumbnailUrl":"https:\/\/i0.wp.com\/truusk.store\/wp-content\/uploads\/2025\/06\/barn-elektrisk-gokart-12-v-3-5km-h-drift-kart-med-2-lages-justerbart-lage-sakerhetsbalte-ratt-go-kart-barnfordon-for-3-8-ars-barn-vit-1.webp?fit=2000%2C2000&ssl=1","datePublished":"2025-06-05T12:04:48+00:00","dateModified":"2026-03-12T08:31:13+00:00","breadcrumb":{"@id":"https:\/\/truusk.store\/sv\/produkt\/truusk-elektrisk-gokart-for-barn-12-v-drift-kart-2-lages-justerbart-lage-sakerhetsbalte-ratt-vit-for-3-8-ars-barn\/#breadcrumb"},"inLanguage":"sv-SE","potentialAction":[{"@type":"ReadAction","target":["https:\/\/truusk.store\/sv\/produkt\/truusk-elektrisk-gokart-for-barn-12-v-drift-kart-2-lages-justerbart-lage-sakerhetsbalte-ratt-vit-for-3-8-ars-barn\/"]}]},{"@type":"ImageObject","inLanguage":"sv-SE","@id":"https:\/\/truusk.store\/sv\/produkt\/truusk-elektrisk-gokart-for-barn-12-v-drift-kart-2-lages-justerbart-lage-sakerhetsbalte-ratt-vit-for-3-8-ars-barn\/#primaryimage","url":"https:\/\/i0.wp.com\/truusk.store\/wp-content\/uploads\/2025\/06\/barn-elektrisk-gokart-12-v-3-5km-h-drift-kart-med-2-lages-justerbart-lage-sakerhetsbalte-ratt-go-kart-barnfordon-for-3-8-ars-barn-vit-1.webp?fit=2000%2C2000&ssl=1","contentUrl":"https:\/\/i0.wp.com\/truusk.store\/wp-content\/uploads\/2025\/06\/barn-elektrisk-gokart-12-v-3-5km-h-drift-kart-med-2-lages-justerbart-lage-sakerhetsbalte-ratt-go-kart-barnfordon-for-3-8-ars-barn-vit-1.webp?fit=2000%2C2000&ssl=1","width":2000,"height":2000},{"@type":"BreadcrumbList","@id":"https:\/\/truusk.store\/sv\/produkt\/truusk-elektrisk-gokart-for-barn-12-v-drift-kart-2-lages-justerbart-lage-sakerhetsbalte-ratt-vit-for-3-8-ars-barn\/#breadcrumb","itemListElement":[{"@type":"ListItem","position":1,"name":"Home","item":"https:\/\/truusk.store\/sv\/"},{"@type":"ListItem","position":2,"name":"Shop","item":"https:\/\/truusk.store\/shop\/"},{"@type":"ListItem","position":3,"name":"TRUUSK Elektrisk Gokart f\u00f6r Barn 12 V &#8211; Drift Kart &#8211; 2-L\u00e4ges Justerbart L\u00e4ge &#8211; S\u00e4kerhetsb\u00e4lte &#8211; Ratt &#8211; Vit &#8211; F\u00f6r 3-8 \u00e5rs Barn"}]},{"@type":"WebSite","@id":"https:\/\/truusk.store\/sv\/#website","url":"https:\/\/truusk.store\/sv\/","name":"TRUUSK - Hem, Tr\u00e4dg\u00e5rd & Fritid","description":"","publisher":{"@id":"https:\/\/truusk.store\/sv\/#organization"},"potentialAction":[{"@type":"SearchAction","target":{"@type":"EntryPoint","urlTemplate":"https:\/\/truusk.store\/sv\/?s={search_term_string}"},"query-input":{"@type":"PropertyValueSpecification","valueRequired":true,"valueName":"search_term_string"}}],"inLanguage":"sv-SE"},{"@type":"Organization","@id":"https:\/\/truusk.store\/sv\/#organization","name":"TRUUSK - Hem, Tr\u00e4dg\u00e5rd & Fritid","url":"https:\/\/truusk.store\/sv\/","logo":{"@type":"ImageObject","inLanguage":"sv-SE","@id":"https:\/\/truusk.store\/sv\/#\/schema\/logo\/image\/","url":"https:\/\/i0.wp.com\/truusk.store\/wp-content\/uploads\/2026\/03\/cropped-TRUUSK.png?fit=2032%2C917&ssl=1","contentUrl":"https:\/\/i0.wp.com\/truusk.store\/wp-content\/uploads\/2026\/03\/cropped-TRUUSK.png?fit=2032%2C917&ssl=1","width":2032,"height":917,"caption":"TRUUSK - Hem, Tr\u00e4dg\u00e5rd & Fritid"},"image":{"@id":"https:\/\/truusk.store\/sv\/#\/schema\/logo\/image\/"}}]}},"jetpack_sharing_enabled":true,"_links":{"self":[{"href":"https:\/\/truusk.store\/sv\/wp-json\/wp\/v2\/product\/66633","targetHints":{"allow":["GET"]}}],"collection":[{"href":"https:\/\/truusk.store\/sv\/wp-json\/wp\/v2\/product"}],"about":[{"href":"https:\/\/truusk.store\/sv\/wp-json\/wp\/v2\/types\/product"}],"wp:featuredmedia":[{"embeddable":true,"href":"https:\/\/truusk.store\/sv\/wp-json\/wp\/v2\/media\/66622"}],"wp:attachment":[{"href":"https:\/\/truusk.store\/sv\/wp-json\/wp\/v2\/media?parent=66633"}],"wp:term":[{"taxonomy":"product_brand","embeddable":true,"href":"https:\/\/truusk.store\/sv\/wp-json\/wp\/v2\/product_brand?post=66633"},{"taxonomy":"product_cat","embeddable":true,"href":"https:\/\/truusk.store\/sv\/wp-json\/wp\/v2\/product_cat?post=66633"},{"taxonomy":"product_tag","embeddable":true,"href":"https:\/\/truusk.store\/sv\/wp-json\/wp\/v2\/product_tag?post=66633"}],"curies":[{"name":"wp","href":"https:\/\/api.w.org\/{rel}","templated":true}]}}