{"id":66643,"date":"2025-06-05T13:05:45","date_gmt":"2025-06-05T12:05:45","guid":{"rendered":"https:\/\/truusk.store\/product\/aiyaplay-glidbil-barnfordon-glidfordon-med-forvaringsutrymme-barnbil-med-tippskydd-glidare-for-18-48-manaders-barn-beige-775-x-415-x-45-cm\/"},"modified":"2026-03-12T09:31:35","modified_gmt":"2026-03-12T08:31:35","slug":"truusk-hopfallbar-hundvagn-och-kattvagn-regnskydd-natventiler-kudde-for-husdjur-upp-till-10-kg-khaki","status":"publish","type":"product","link":"https:\/\/truusk.store\/sv\/produkt\/truusk-hopfallbar-hundvagn-och-kattvagn-regnskydd-natventiler-kudde-for-husdjur-upp-till-10-kg-khaki\/","title":{"rendered":"TRUUSK Hopf\u00e4llbar Hundvagn och Kattvagn &#8211; Regnskydd &#8211; N\u00e4tventiler &#8211; Kudde &#8211; F\u00f6r Husdjur Upp Till 10 kg &#8211; Khaki"},"content":{"rendered":"<p>Sl\u00e4pp loss lekgl\u00e4djen med v\u00e5r barnskjutbil! F\u00f6rvaringsutrymmet under s\u00e4tet ger plats f\u00f6r leksaker och l\u00e5ter dig fylla p\u00e5 med \u00e4nnu mer tillbeh\u00f6r om du vill ge ditt barn gl\u00e4djen av en cool utomhusleksak. Denna bil har utformats med s\u00e4rskild uppm\u00e4rksamhet p\u00e5 s\u00e4kerhet och har en anti-v\u00e4ltanordning. Denna Ride-On-bil \u00e4r en fantastisk present som omedelbart blir favoritleksaken.<\/p>\n<p>Beskrivning:<\/p>\n<ul>\n<li> F\u00f6rvaringsutrymme under s\u00e4tet, deras lilla hemliga bas f\u00f6r att f\u00f6rvara snacks och leksaker<\/li>\n<li> Officiellt licensierad av Mercedes-Benz 300S<\/li>\n<li> Har en anti-v\u00e4ltanordning f\u00f6r att f\u00f6rhindra att den v\u00e4lter.<\/li>\n<li> Stort ratt, l\u00e4tt att styra<\/li>\n<li> Fot-till-golv-design, idealisk som skjutbil<\/li>\n<li> Montering kr\u00e4vs<\/li>\n<\/ul>\n<p> Tekniska specifikationer:<\/p>\n<ul>\n<li> F\u00e4rg: Beige<\/li>\n<li> Material: Plast, Metall<\/li>\n<li> Totala dimensioner: 77,5L x 41,5B x 45H cm<\/li>\n<li> Sitsdimensioner: 15B x 30T x 27H cm(fr\u00e5n golvet)<\/li>\n<li> Ryggst\u00f6dsdimensioner: 15B x 10H cm<\/li>\n<li> F\u00f6rvaringsdimensioner: 25B x 15T x 19H cm<\/li>\n<li> Hjuldimensioner: \u00d818 cm<\/li>\n<li> Viktkapacitet: 25 kg<\/li>\n<li> L\u00e4mplig \u00e5lder: 18-48 m\u00e5nader<\/li>\n<\/ul>\n<p>Leveransinneh\u00e5ll:<\/p>\n<ul>\n<li> 1 x Skjutbil<\/li>\n<li> 1 x Instruktioner<\/li>\n<\/ul>\n","protected":false},"excerpt":{"rendered":"<p>Sl\u00e4pp loss lekgl\u00e4djen med v\u00e5r barnskjutbil! F\u00f6rvaringsutrymmet under s\u00e4tet ger plats f\u00f6r leksaker och l\u00e5ter dig fylla p\u00e5 med \u00e4nnu&#8230;<\/p>\n","protected":false},"featured_media":66634,"template":"","meta":[],"product_brand":[],"product_cat":[880,952,610],"product_tag":[],"class_list":{"0":"post-66643","1":"product","2":"type-product","3":"status-publish","4":"has-post-thumbnail","6":"product_cat-baby-barn-2","7":"product_cat-balanscyklar-och-akfordon","8":"product_cat-barnfordon","10":"first","11":"instock","12":"sale","13":"taxable","14":"shipping-taxable","15":"purchasable","16":"product-type-simple"},"yoast_head":"<!-- This site is optimized with the Yoast SEO plugin v25.4 - https:\/\/yoast.com\/wordpress\/plugins\/seo\/ -->\n<title>TRUUSK Hopf\u00e4llbar Hundvagn och Kattvagn - Regnskydd - N\u00e4tventiler - Kudde - F\u00f6r Husdjur Upp Till 10 kg - Khaki - TRUUSK - Hem, Tr\u00e4dg\u00e5rd &amp; Fritid<\/title>\n<meta name=\"robots\" content=\"index, follow, max-snippet:-1, max-image-preview:large, max-video-preview:-1\" \/>\n<link rel=\"canonical\" href=\"https:\/\/truusk.store\/sv\/produkt\/truusk-hopfallbar-hundvagn-och-kattvagn-regnskydd-natventiler-kudde-for-husdjur-upp-till-10-kg-khaki\/\" \/>\n<meta property=\"og:locale\" content=\"sv_SE\" \/>\n<meta property=\"og:type\" content=\"article\" \/>\n<meta property=\"og:title\" content=\"TRUUSK Hopf\u00e4llbar Hundvagn och Kattvagn - Regnskydd - N\u00e4tventiler - Kudde - F\u00f6r Husdjur Upp Till 10 kg - Khaki - TRUUSK - Hem, Tr\u00e4dg\u00e5rd &amp; Fritid\" \/>\n<meta property=\"og:description\" content=\"Sl\u00e4pp loss lekgl\u00e4djen med v\u00e5r barnskjutbil! F\u00f6rvaringsutrymmet under s\u00e4tet ger plats f\u00f6r leksaker och l\u00e5ter dig fylla p\u00e5 med \u00e4nnu...\" \/>\n<meta property=\"og:url\" content=\"https:\/\/truusk.store\/sv\/produkt\/truusk-hopfallbar-hundvagn-och-kattvagn-regnskydd-natventiler-kudde-for-husdjur-upp-till-10-kg-khaki\/\" \/>\n<meta property=\"og:site_name\" content=\"TRUUSK - Hem, Tr\u00e4dg\u00e5rd &amp; Fritid\" \/>\n<meta property=\"article:modified_time\" content=\"2026-03-12T08:31:35+00:00\" \/>\n<meta property=\"og:image\" content=\"https:\/\/i0.wp.com\/truusk.se\/wp-content\/uploads\/2025\/06\/aiyaplay-glidbil-barnfordon-glidfordon-med-forvaringsutrymme-barnbil-med-tippskydd-glidare-for-18-48-manaders-barn-beige-775-x-415-x-45-cm-1.webp?fit=2000%2C2000&ssl=1\" \/>\n\t<meta property=\"og:image:width\" content=\"2000\" \/>\n\t<meta property=\"og:image:height\" content=\"2000\" \/>\n\t<meta property=\"og:image:type\" content=\"image\/webp\" \/>\n<meta name=\"twitter:card\" content=\"summary_large_image\" \/>\n<meta name=\"twitter:label1\" content=\"Ber\u00e4knad l\u00e4stid\" \/>\n\t<meta name=\"twitter:data1\" content=\"1 minut\" \/>\n<!-- \/ Yoast SEO plugin. -->","yoast_head_json":{"title":"TRUUSK Hopf\u00e4llbar Hundvagn och Kattvagn - Regnskydd - N\u00e4tventiler - Kudde - F\u00f6r Husdjur Upp Till 10 kg - Khaki - TRUUSK - Hem, Tr\u00e4dg\u00e5rd &amp; Fritid","robots":{"index":"index","follow":"follow","max-snippet":"max-snippet:-1","max-image-preview":"max-image-preview:large","max-video-preview":"max-video-preview:-1"},"canonical":"https:\/\/truusk.store\/sv\/produkt\/truusk-hopfallbar-hundvagn-och-kattvagn-regnskydd-natventiler-kudde-for-husdjur-upp-till-10-kg-khaki\/","og_locale":"sv_SE","og_type":"article","og_title":"TRUUSK Hopf\u00e4llbar Hundvagn och Kattvagn - Regnskydd - N\u00e4tventiler - Kudde - F\u00f6r Husdjur Upp Till 10 kg - Khaki - TRUUSK - Hem, Tr\u00e4dg\u00e5rd &amp; Fritid","og_description":"Sl\u00e4pp loss lekgl\u00e4djen med v\u00e5r barnskjutbil! F\u00f6rvaringsutrymmet under s\u00e4tet ger plats f\u00f6r leksaker och l\u00e5ter dig fylla p\u00e5 med \u00e4nnu...","og_url":"https:\/\/truusk.store\/sv\/produkt\/truusk-hopfallbar-hundvagn-och-kattvagn-regnskydd-natventiler-kudde-for-husdjur-upp-till-10-kg-khaki\/","og_site_name":"TRUUSK - Hem, Tr\u00e4dg\u00e5rd &amp; Fritid","article_modified_time":"2026-03-12T08:31:35+00:00","og_image":[{"width":2000,"height":2000,"url":"https:\/\/i0.wp.com\/truusk.se\/wp-content\/uploads\/2025\/06\/aiyaplay-glidbil-barnfordon-glidfordon-med-forvaringsutrymme-barnbil-med-tippskydd-glidare-for-18-48-manaders-barn-beige-775-x-415-x-45-cm-1.webp?fit=2000%2C2000&ssl=1","type":"image\/webp"}],"twitter_card":"summary_large_image","twitter_misc":{"Ber\u00e4knad l\u00e4stid":"1 minut"},"schema":{"@context":"https:\/\/schema.org","@graph":[{"@type":"WebPage","@id":"https:\/\/truusk.store\/sv\/produkt\/truusk-hopfallbar-hundvagn-och-kattvagn-regnskydd-natventiler-kudde-for-husdjur-upp-till-10-kg-khaki\/","url":"https:\/\/truusk.store\/sv\/produkt\/truusk-hopfallbar-hundvagn-och-kattvagn-regnskydd-natventiler-kudde-for-husdjur-upp-till-10-kg-khaki\/","name":"TRUUSK Hopf\u00e4llbar Hundvagn och Kattvagn - Regnskydd - N\u00e4tventiler - Kudde - F\u00f6r Husdjur Upp Till 10 kg - Khaki - TRUUSK - Hem, Tr\u00e4dg\u00e5rd &amp; Fritid","isPartOf":{"@id":"https:\/\/truusk.store\/sv\/#website"},"primaryImageOfPage":{"@id":"https:\/\/truusk.store\/sv\/produkt\/truusk-hopfallbar-hundvagn-och-kattvagn-regnskydd-natventiler-kudde-for-husdjur-upp-till-10-kg-khaki\/#primaryimage"},"image":{"@id":"https:\/\/truusk.store\/sv\/produkt\/truusk-hopfallbar-hundvagn-och-kattvagn-regnskydd-natventiler-kudde-for-husdjur-upp-till-10-kg-khaki\/#primaryimage"},"thumbnailUrl":"https:\/\/i0.wp.com\/truusk.store\/wp-content\/uploads\/2025\/06\/aiyaplay-glidbil-barnfordon-glidfordon-med-forvaringsutrymme-barnbil-med-tippskydd-glidare-for-18-48-manaders-barn-beige-775-x-415-x-45-cm-1.webp?fit=2000%2C2000&ssl=1","datePublished":"2025-06-05T12:05:45+00:00","dateModified":"2026-03-12T08:31:35+00:00","breadcrumb":{"@id":"https:\/\/truusk.store\/sv\/produkt\/truusk-hopfallbar-hundvagn-och-kattvagn-regnskydd-natventiler-kudde-for-husdjur-upp-till-10-kg-khaki\/#breadcrumb"},"inLanguage":"sv-SE","potentialAction":[{"@type":"ReadAction","target":["https:\/\/truusk.store\/sv\/produkt\/truusk-hopfallbar-hundvagn-och-kattvagn-regnskydd-natventiler-kudde-for-husdjur-upp-till-10-kg-khaki\/"]}]},{"@type":"ImageObject","inLanguage":"sv-SE","@id":"https:\/\/truusk.store\/sv\/produkt\/truusk-hopfallbar-hundvagn-och-kattvagn-regnskydd-natventiler-kudde-for-husdjur-upp-till-10-kg-khaki\/#primaryimage","url":"https:\/\/i0.wp.com\/truusk.store\/wp-content\/uploads\/2025\/06\/aiyaplay-glidbil-barnfordon-glidfordon-med-forvaringsutrymme-barnbil-med-tippskydd-glidare-for-18-48-manaders-barn-beige-775-x-415-x-45-cm-1.webp?fit=2000%2C2000&ssl=1","contentUrl":"https:\/\/i0.wp.com\/truusk.store\/wp-content\/uploads\/2025\/06\/aiyaplay-glidbil-barnfordon-glidfordon-med-forvaringsutrymme-barnbil-med-tippskydd-glidare-for-18-48-manaders-barn-beige-775-x-415-x-45-cm-1.webp?fit=2000%2C2000&ssl=1","width":2000,"height":2000},{"@type":"BreadcrumbList","@id":"https:\/\/truusk.store\/sv\/produkt\/truusk-hopfallbar-hundvagn-och-kattvagn-regnskydd-natventiler-kudde-for-husdjur-upp-till-10-kg-khaki\/#breadcrumb","itemListElement":[{"@type":"ListItem","position":1,"name":"Home","item":"https:\/\/truusk.store\/sv\/"},{"@type":"ListItem","position":2,"name":"Shop","item":"https:\/\/truusk.store\/shop\/"},{"@type":"ListItem","position":3,"name":"TRUUSK Hopf\u00e4llbar Hundvagn och Kattvagn &#8211; Regnskydd &#8211; N\u00e4tventiler &#8211; Kudde &#8211; F\u00f6r Husdjur Upp Till 10 kg &#8211; Khaki"}]},{"@type":"WebSite","@id":"https:\/\/truusk.store\/sv\/#website","url":"https:\/\/truusk.store\/sv\/","name":"TRUUSK - Hem, Tr\u00e4dg\u00e5rd & Fritid","description":"","publisher":{"@id":"https:\/\/truusk.store\/sv\/#organization"},"potentialAction":[{"@type":"SearchAction","target":{"@type":"EntryPoint","urlTemplate":"https:\/\/truusk.store\/sv\/?s={search_term_string}"},"query-input":{"@type":"PropertyValueSpecification","valueRequired":true,"valueName":"search_term_string"}}],"inLanguage":"sv-SE"},{"@type":"Organization","@id":"https:\/\/truusk.store\/sv\/#organization","name":"TRUUSK - Hem, Tr\u00e4dg\u00e5rd & Fritid","url":"https:\/\/truusk.store\/sv\/","logo":{"@type":"ImageObject","inLanguage":"sv-SE","@id":"https:\/\/truusk.store\/sv\/#\/schema\/logo\/image\/","url":"https:\/\/i0.wp.com\/truusk.store\/wp-content\/uploads\/2026\/03\/cropped-TRUUSK.png?fit=2032%2C917&ssl=1","contentUrl":"https:\/\/i0.wp.com\/truusk.store\/wp-content\/uploads\/2026\/03\/cropped-TRUUSK.png?fit=2032%2C917&ssl=1","width":2032,"height":917,"caption":"TRUUSK - Hem, Tr\u00e4dg\u00e5rd & Fritid"},"image":{"@id":"https:\/\/truusk.store\/sv\/#\/schema\/logo\/image\/"}}]}},"jetpack_sharing_enabled":true,"_links":{"self":[{"href":"https:\/\/truusk.store\/sv\/wp-json\/wp\/v2\/product\/66643","targetHints":{"allow":["GET"]}}],"collection":[{"href":"https:\/\/truusk.store\/sv\/wp-json\/wp\/v2\/product"}],"about":[{"href":"https:\/\/truusk.store\/sv\/wp-json\/wp\/v2\/types\/product"}],"wp:featuredmedia":[{"embeddable":true,"href":"https:\/\/truusk.store\/sv\/wp-json\/wp\/v2\/media\/66634"}],"wp:attachment":[{"href":"https:\/\/truusk.store\/sv\/wp-json\/wp\/v2\/media?parent=66643"}],"wp:term":[{"taxonomy":"product_brand","embeddable":true,"href":"https:\/\/truusk.store\/sv\/wp-json\/wp\/v2\/product_brand?post=66643"},{"taxonomy":"product_cat","embeddable":true,"href":"https:\/\/truusk.store\/sv\/wp-json\/wp\/v2\/product_cat?post=66643"},{"taxonomy":"product_tag","embeddable":true,"href":"https:\/\/truusk.store\/sv\/wp-json\/wp\/v2\/product_tag?post=66643"}],"curies":[{"name":"wp","href":"https:\/\/api.w.org\/{rel}","templated":true}]}}