{"id":66690,"date":"2025-06-05T13:10:30","date_gmt":"2025-06-05T12:10:30","guid":{"rendered":"https:\/\/truusk.store\/product\/stadtvagn-hushallsvagn-professionell-bakpress-hink-26-l-forvaringskorg-bla-73l-x-45b-x-95h-cm\/"},"modified":"2026-03-12T08:57:19","modified_gmt":"2026-03-12T07:57:19","slug":"truusk-professionell-stadvagn-och-hushallsvagn-26-l-presshink-73l-forvaringskorg-bla-73-x-45-x-95-cm","status":"publish","type":"product","link":"https:\/\/truusk.store\/sv\/produkt\/truusk-professionell-stadvagn-och-hushallsvagn-26-l-presshink-73l-forvaringskorg-bla-73-x-45-x-95-cm\/","title":{"rendered":"TRUUSK Professionell St\u00e4dvagn och Hush\u00e5llsvagn &#8211; 26 L Presshink &#8211; 73L F\u00f6rvaringskorg &#8211; Bl\u00e5 &#8211; 73 x 45 x 95 cm"},"content":{"rendered":"<p>TRUUSK st\u00e4dvagn \u00e4r idealisk f\u00f6r professionell golvreng\u00f6ring. Tillverkad av h\u00f6gkvalitativ, robust plast, har den en stor 26-liters hink och tv\u00e5 korgar. Tack vare fyra smidiga hjul och ett ergonomiskt handtag \u00e4r den l\u00e4tt att flytta och hantera.<\/p>\n<p>Beskrivning:<\/p>\n<ul>\n<li> Reng\u00f6ringshink med en kapacitet p\u00e5 26 liter och en press f\u00f6r hem- och kommersiellt bruk<\/li>\n<li> Idealisk f\u00f6r enkel och effektiv golvreng\u00f6ring<\/li>\n<li> 2 f\u00f6rvaringskorgar inkluderade f\u00f6r tv\u00e4ttmedel och andra f\u00f6rem\u00e5l<\/li>\n<li> Den avtagbara pressen \u00e4r mycket praktisk och enkel att anv\u00e4nda<\/li>\n<li> H\u00e5llare f\u00f6r moppst\u00e5ng<\/li>\n<li> De sp\u00e5rl\u00f6sa hjulen m\u00f6jligg\u00f6r snabb och enkel mobilitet<\/li>\n<li> H\u00e5llbar struktur av formad plast och metallhandtag<\/li>\n<li> OBS: Moppen \u00e4r INTE inkluderad<\/li>\n<\/ul>\n<p> Tekniska data:<\/p>\n<ul>\n<li> F\u00e4rg: Bl\u00e5<\/li>\n<li> Material: Plast, Metall<\/li>\n<li> Totala dimensioner: 73L x 45B x 95H cm<\/li>\n<li> M\u00e5tt p\u00e5 avtappningsst\u00e4llet: 26,5L x 20,5B x 56,5H cm<\/li>\n<li> Korgens dimensioner: 30L x 16B x 25,5H cm<\/li>\n<li> B\u00e4rkapacitet: 40 kg<\/li>\n<li> Kapacitet: 26 L<\/li>\n<\/ul>\n<p>Leveransinneh\u00e5ll:<\/p>\n<ul>\n<li> 1 x Mopp hink med pressanordning<\/li>\n<li> 1 x Bruksanvisning<\/li>\n<\/ul>\n","protected":false},"excerpt":{"rendered":"<p>TRUUSK st\u00e4dvagn \u00e4r idealisk f\u00f6r professionell golvreng\u00f6ring. Tillverkad av h\u00f6gkvalitativ, robust plast, har den en stor 26-liters hink och tv\u00e5&#8230;<\/p>\n","protected":false},"featured_media":66681,"template":"","meta":[],"product_brand":[],"product_cat":[867,869,687],"product_tag":[],"class_list":{"0":"post-66690","1":"product","2":"type-product","3":"status-publish","4":"has-post-thumbnail","6":"product_cat-byggmarknad","7":"product_cat-rengoring-ordning","8":"product_cat-stadutrustning","10":"first","11":"instock","12":"sale","13":"taxable","14":"shipping-taxable","15":"purchasable","16":"product-type-simple"},"yoast_head":"<!-- This site is optimized with the Yoast SEO plugin v25.4 - https:\/\/yoast.com\/wordpress\/plugins\/seo\/ -->\n<title>TRUUSK Professionell St\u00e4dvagn och Hush\u00e5llsvagn - 26 L Presshink - 73L F\u00f6rvaringskorg - Bl\u00e5 - 73 x 45 x 95 cm - TRUUSK - Hem, Tr\u00e4dg\u00e5rd &amp; Fritid<\/title>\n<meta name=\"robots\" content=\"index, follow, max-snippet:-1, max-image-preview:large, max-video-preview:-1\" \/>\n<link rel=\"canonical\" href=\"https:\/\/truusk.store\/sv\/produkt\/truusk-professionell-stadvagn-och-hushallsvagn-26-l-presshink-73l-forvaringskorg-bla-73-x-45-x-95-cm\/\" \/>\n<meta property=\"og:locale\" content=\"sv_SE\" \/>\n<meta property=\"og:type\" content=\"article\" \/>\n<meta property=\"og:title\" content=\"TRUUSK Professionell St\u00e4dvagn och Hush\u00e5llsvagn - 26 L Presshink - 73L F\u00f6rvaringskorg - Bl\u00e5 - 73 x 45 x 95 cm - TRUUSK - Hem, Tr\u00e4dg\u00e5rd &amp; Fritid\" \/>\n<meta property=\"og:description\" content=\"TRUUSK st\u00e4dvagn \u00e4r idealisk f\u00f6r professionell golvreng\u00f6ring. Tillverkad av h\u00f6gkvalitativ, robust plast, har den en stor 26-liters hink och tv\u00e5...\" \/>\n<meta property=\"og:url\" content=\"https:\/\/truusk.store\/sv\/produkt\/truusk-professionell-stadvagn-och-hushallsvagn-26-l-presshink-73l-forvaringskorg-bla-73-x-45-x-95-cm\/\" \/>\n<meta property=\"og:site_name\" content=\"TRUUSK - Hem, Tr\u00e4dg\u00e5rd &amp; Fritid\" \/>\n<meta property=\"article:modified_time\" content=\"2026-03-12T07:57:19+00:00\" \/>\n<meta property=\"og:image\" content=\"https:\/\/i0.wp.com\/truusk.se\/wp-content\/uploads\/2025\/06\/stadtvagn-hushallsvagn-professionell-bakpress-hink-26-l-forvaringskorg-bla-73l-x-45b-x-95h-cm-1.webp?fit=1600%2C1600&ssl=1\" \/>\n\t<meta property=\"og:image:width\" content=\"1600\" \/>\n\t<meta property=\"og:image:height\" content=\"1600\" \/>\n\t<meta property=\"og:image:type\" content=\"image\/webp\" \/>\n<meta name=\"twitter:card\" content=\"summary_large_image\" \/>\n<meta name=\"twitter:label1\" content=\"Ber\u00e4knad l\u00e4stid\" \/>\n\t<meta name=\"twitter:data1\" content=\"1 minut\" \/>\n<!-- \/ Yoast SEO plugin. -->","yoast_head_json":{"title":"TRUUSK Professionell St\u00e4dvagn och Hush\u00e5llsvagn - 26 L Presshink - 73L F\u00f6rvaringskorg - Bl\u00e5 - 73 x 45 x 95 cm - TRUUSK - Hem, Tr\u00e4dg\u00e5rd &amp; Fritid","robots":{"index":"index","follow":"follow","max-snippet":"max-snippet:-1","max-image-preview":"max-image-preview:large","max-video-preview":"max-video-preview:-1"},"canonical":"https:\/\/truusk.store\/sv\/produkt\/truusk-professionell-stadvagn-och-hushallsvagn-26-l-presshink-73l-forvaringskorg-bla-73-x-45-x-95-cm\/","og_locale":"sv_SE","og_type":"article","og_title":"TRUUSK Professionell St\u00e4dvagn och Hush\u00e5llsvagn - 26 L Presshink - 73L F\u00f6rvaringskorg - Bl\u00e5 - 73 x 45 x 95 cm - TRUUSK - Hem, Tr\u00e4dg\u00e5rd &amp; Fritid","og_description":"TRUUSK st\u00e4dvagn \u00e4r idealisk f\u00f6r professionell golvreng\u00f6ring. Tillverkad av h\u00f6gkvalitativ, robust plast, har den en stor 26-liters hink och tv\u00e5...","og_url":"https:\/\/truusk.store\/sv\/produkt\/truusk-professionell-stadvagn-och-hushallsvagn-26-l-presshink-73l-forvaringskorg-bla-73-x-45-x-95-cm\/","og_site_name":"TRUUSK - Hem, Tr\u00e4dg\u00e5rd &amp; Fritid","article_modified_time":"2026-03-12T07:57:19+00:00","og_image":[{"width":1600,"height":1600,"url":"https:\/\/i0.wp.com\/truusk.se\/wp-content\/uploads\/2025\/06\/stadtvagn-hushallsvagn-professionell-bakpress-hink-26-l-forvaringskorg-bla-73l-x-45b-x-95h-cm-1.webp?fit=1600%2C1600&ssl=1","type":"image\/webp"}],"twitter_card":"summary_large_image","twitter_misc":{"Ber\u00e4knad l\u00e4stid":"1 minut"},"schema":{"@context":"https:\/\/schema.org","@graph":[{"@type":"WebPage","@id":"https:\/\/truusk.store\/sv\/produkt\/truusk-professionell-stadvagn-och-hushallsvagn-26-l-presshink-73l-forvaringskorg-bla-73-x-45-x-95-cm\/","url":"https:\/\/truusk.store\/sv\/produkt\/truusk-professionell-stadvagn-och-hushallsvagn-26-l-presshink-73l-forvaringskorg-bla-73-x-45-x-95-cm\/","name":"TRUUSK Professionell St\u00e4dvagn och Hush\u00e5llsvagn - 26 L Presshink - 73L F\u00f6rvaringskorg - Bl\u00e5 - 73 x 45 x 95 cm - TRUUSK - Hem, Tr\u00e4dg\u00e5rd &amp; Fritid","isPartOf":{"@id":"https:\/\/truusk.store\/sv\/#website"},"primaryImageOfPage":{"@id":"https:\/\/truusk.store\/sv\/produkt\/truusk-professionell-stadvagn-och-hushallsvagn-26-l-presshink-73l-forvaringskorg-bla-73-x-45-x-95-cm\/#primaryimage"},"image":{"@id":"https:\/\/truusk.store\/sv\/produkt\/truusk-professionell-stadvagn-och-hushallsvagn-26-l-presshink-73l-forvaringskorg-bla-73-x-45-x-95-cm\/#primaryimage"},"thumbnailUrl":"https:\/\/i0.wp.com\/truusk.store\/wp-content\/uploads\/2025\/06\/stadtvagn-hushallsvagn-professionell-bakpress-hink-26-l-forvaringskorg-bla-73l-x-45b-x-95h-cm-1.webp?fit=1600%2C1600&ssl=1","datePublished":"2025-06-05T12:10:30+00:00","dateModified":"2026-03-12T07:57:19+00:00","breadcrumb":{"@id":"https:\/\/truusk.store\/sv\/produkt\/truusk-professionell-stadvagn-och-hushallsvagn-26-l-presshink-73l-forvaringskorg-bla-73-x-45-x-95-cm\/#breadcrumb"},"inLanguage":"sv-SE","potentialAction":[{"@type":"ReadAction","target":["https:\/\/truusk.store\/sv\/produkt\/truusk-professionell-stadvagn-och-hushallsvagn-26-l-presshink-73l-forvaringskorg-bla-73-x-45-x-95-cm\/"]}]},{"@type":"ImageObject","inLanguage":"sv-SE","@id":"https:\/\/truusk.store\/sv\/produkt\/truusk-professionell-stadvagn-och-hushallsvagn-26-l-presshink-73l-forvaringskorg-bla-73-x-45-x-95-cm\/#primaryimage","url":"https:\/\/i0.wp.com\/truusk.store\/wp-content\/uploads\/2025\/06\/stadtvagn-hushallsvagn-professionell-bakpress-hink-26-l-forvaringskorg-bla-73l-x-45b-x-95h-cm-1.webp?fit=1600%2C1600&ssl=1","contentUrl":"https:\/\/i0.wp.com\/truusk.store\/wp-content\/uploads\/2025\/06\/stadtvagn-hushallsvagn-professionell-bakpress-hink-26-l-forvaringskorg-bla-73l-x-45b-x-95h-cm-1.webp?fit=1600%2C1600&ssl=1","width":1600,"height":1600},{"@type":"BreadcrumbList","@id":"https:\/\/truusk.store\/sv\/produkt\/truusk-professionell-stadvagn-och-hushallsvagn-26-l-presshink-73l-forvaringskorg-bla-73-x-45-x-95-cm\/#breadcrumb","itemListElement":[{"@type":"ListItem","position":1,"name":"Home","item":"https:\/\/truusk.store\/sv\/"},{"@type":"ListItem","position":2,"name":"Shop","item":"https:\/\/truusk.store\/shop\/"},{"@type":"ListItem","position":3,"name":"TRUUSK Professionell St\u00e4dvagn och Hush\u00e5llsvagn &#8211; 26 L Presshink &#8211; 73L F\u00f6rvaringskorg &#8211; Bl\u00e5 &#8211; 73 x 45 x 95 cm"}]},{"@type":"WebSite","@id":"https:\/\/truusk.store\/sv\/#website","url":"https:\/\/truusk.store\/sv\/","name":"TRUUSK - Hem, Tr\u00e4dg\u00e5rd & Fritid","description":"","publisher":{"@id":"https:\/\/truusk.store\/sv\/#organization"},"potentialAction":[{"@type":"SearchAction","target":{"@type":"EntryPoint","urlTemplate":"https:\/\/truusk.store\/sv\/?s={search_term_string}"},"query-input":{"@type":"PropertyValueSpecification","valueRequired":true,"valueName":"search_term_string"}}],"inLanguage":"sv-SE"},{"@type":"Organization","@id":"https:\/\/truusk.store\/sv\/#organization","name":"TRUUSK - Hem, Tr\u00e4dg\u00e5rd & Fritid","url":"https:\/\/truusk.store\/sv\/","logo":{"@type":"ImageObject","inLanguage":"sv-SE","@id":"https:\/\/truusk.store\/sv\/#\/schema\/logo\/image\/","url":"https:\/\/i0.wp.com\/truusk.store\/wp-content\/uploads\/2026\/03\/cropped-TRUUSK.png?fit=2032%2C917&ssl=1","contentUrl":"https:\/\/i0.wp.com\/truusk.store\/wp-content\/uploads\/2026\/03\/cropped-TRUUSK.png?fit=2032%2C917&ssl=1","width":2032,"height":917,"caption":"TRUUSK - Hem, Tr\u00e4dg\u00e5rd & Fritid"},"image":{"@id":"https:\/\/truusk.store\/sv\/#\/schema\/logo\/image\/"}}]}},"jetpack_sharing_enabled":true,"_links":{"self":[{"href":"https:\/\/truusk.store\/sv\/wp-json\/wp\/v2\/product\/66690","targetHints":{"allow":["GET"]}}],"collection":[{"href":"https:\/\/truusk.store\/sv\/wp-json\/wp\/v2\/product"}],"about":[{"href":"https:\/\/truusk.store\/sv\/wp-json\/wp\/v2\/types\/product"}],"wp:featuredmedia":[{"embeddable":true,"href":"https:\/\/truusk.store\/sv\/wp-json\/wp\/v2\/media\/66681"}],"wp:attachment":[{"href":"https:\/\/truusk.store\/sv\/wp-json\/wp\/v2\/media?parent=66690"}],"wp:term":[{"taxonomy":"product_brand","embeddable":true,"href":"https:\/\/truusk.store\/sv\/wp-json\/wp\/v2\/product_brand?post=66690"},{"taxonomy":"product_cat","embeddable":true,"href":"https:\/\/truusk.store\/sv\/wp-json\/wp\/v2\/product_cat?post=66690"},{"taxonomy":"product_tag","embeddable":true,"href":"https:\/\/truusk.store\/sv\/wp-json\/wp\/v2\/product_tag?post=66690"}],"curies":[{"name":"wp","href":"https:\/\/api.w.org\/{rel}","templated":true}]}}