{"id":66700,"date":"2025-06-05T13:11:44","date_gmt":"2025-06-05T12:11:44","guid":{"rendered":"https:\/\/truusk.store\/product\/stadvagn-tvatthink-hushall-20-l-med-centrifug-och-separator-for-rent-smutsigt-vatten-bla-60l-x-27b-x-705h-cm\/"},"modified":"2026-03-12T09:40:20","modified_gmt":"2026-03-12T08:40:20","slug":"truusk-stadvagn-20-l-med-centrifug-och-separator-bla-60l-x-27b-x-705h-cm","status":"publish","type":"product","link":"https:\/\/truusk.store\/sv\/produkt\/truusk-stadvagn-20-l-med-centrifug-och-separator-bla-60l-x-27b-x-705h-cm\/","title":{"rendered":"TRUUSK St\u00e4dvagn 20 L &#8211; Med Centrifug och Separator &#8211; Bl\u00e5 &#8211; 60L x 27B x 70,5H cm"},"content":{"rendered":"<p>Underl\u00e4tta golvreng\u00f6ringen med TRUUSK mopphink inklusive vridare. Med en kapacitet p\u00e5 20 liter och en skiljev\u00e4gg som separerar rent fr\u00e5n smutsigt vatten. Den avtagbara vridaren pressar ut \u00f6verfl\u00f6digt vatten fr\u00e5n moppen och m\u00f6jligg\u00f6r en snabb, s\u00e4ker torkning. Reng\u00f6ringshinken \u00e4r dessutom rullbar och kan enkelt flyttas.<\/p>\n<p> Beskrivning:<\/p>\n<ul>\n<li> 20-liters kapacitet. Skiljev\u00e4gg f\u00f6r att separera rent och smutsigt vatten<\/li>\n<li> Vridaren kan tas bort f\u00f6r enkel p\u00e5fyllning av hinken f\u00f6re anv\u00e4ndning<\/li>\n<li> Fyra hjul f\u00f6r enkel f\u00f6rflyttning<\/li>\n<li> Robust plastkonstruktion<\/li>\n<li> Handtag f\u00f6r att lyfta och b\u00e4ra hinken<\/li>\n<li> Moppen ing\u00e5r inte<\/li>\n<li> Montering kr\u00e4vs<\/li>\n<\/ul>\n<p> Tekniska data:<\/p>\n<ul>\n<li> F\u00e4rg: Bl\u00e5<\/li>\n<li> Material: Plast<\/li>\n<li> Totala dimensioner: 60L x 27B x 70,5H cm<\/li>\n<li> Vridarens storlek: 24L x 24B x 21,5H cm<\/li>\n<li> Panel f\u00f6r separation: 22,5L x 18B cm<\/li>\n<li> Hinkkapacitet: 20 L<\/li>\n<\/ul>\n<p> Leveransinneh\u00e5ll:<\/p>\n<ul>\n<li> 1 x Mopphink med vridare<\/li>\n<li> 1 x Handbok<\/li>\n<\/ul>\n","protected":false},"excerpt":{"rendered":"<p>Underl\u00e4tta golvreng\u00f6ringen med TRUUSK mopphink inklusive vridare. Med en kapacitet p\u00e5 20 liter och en skiljev\u00e4gg som separerar rent fr\u00e5n&#8230;<\/p>\n","protected":false},"featured_media":66691,"template":"","meta":[],"product_brand":[],"product_cat":[867,869,687],"product_tag":[],"class_list":{"0":"post-66700","1":"product","2":"type-product","3":"status-publish","4":"has-post-thumbnail","6":"product_cat-byggmarknad","7":"product_cat-rengoring-ordning","8":"product_cat-stadutrustning","10":"first","11":"instock","12":"sale","13":"taxable","14":"shipping-taxable","15":"purchasable","16":"product-type-simple"},"yoast_head":"<!-- This site is optimized with the Yoast SEO plugin v25.4 - https:\/\/yoast.com\/wordpress\/plugins\/seo\/ -->\n<title>TRUUSK St\u00e4dvagn 20 L - Med Centrifug och Separator - Bl\u00e5 - 60L x 27B x 70,5H cm - TRUUSK - Hem, Tr\u00e4dg\u00e5rd &amp; Fritid<\/title>\n<meta name=\"robots\" content=\"index, follow, max-snippet:-1, max-image-preview:large, max-video-preview:-1\" \/>\n<link rel=\"canonical\" href=\"https:\/\/truusk.store\/sv\/produkt\/truusk-stadvagn-20-l-med-centrifug-och-separator-bla-60l-x-27b-x-705h-cm\/\" \/>\n<meta property=\"og:locale\" content=\"sv_SE\" \/>\n<meta property=\"og:type\" content=\"article\" \/>\n<meta property=\"og:title\" content=\"TRUUSK St\u00e4dvagn 20 L - Med Centrifug och Separator - Bl\u00e5 - 60L x 27B x 70,5H cm - TRUUSK - Hem, Tr\u00e4dg\u00e5rd &amp; Fritid\" \/>\n<meta property=\"og:description\" content=\"Underl\u00e4tta golvreng\u00f6ringen med TRUUSK mopphink inklusive vridare. Med en kapacitet p\u00e5 20 liter och en skiljev\u00e4gg som separerar rent fr\u00e5n...\" \/>\n<meta property=\"og:url\" content=\"https:\/\/truusk.store\/sv\/produkt\/truusk-stadvagn-20-l-med-centrifug-och-separator-bla-60l-x-27b-x-705h-cm\/\" \/>\n<meta property=\"og:site_name\" content=\"TRUUSK - Hem, Tr\u00e4dg\u00e5rd &amp; Fritid\" \/>\n<meta property=\"article:modified_time\" content=\"2026-03-12T08:40:20+00:00\" \/>\n<meta property=\"og:image\" content=\"https:\/\/i0.wp.com\/truusk.se\/wp-content\/uploads\/2025\/06\/stadvagn-tvatthink-hushall-20-l-med-centrifug-och-separator-for-rent-smutsigt-vatten-bla-60l-x-27b-x-705h-cm-1.webp?fit=2000%2C2000&ssl=1\" \/>\n\t<meta property=\"og:image:width\" content=\"2000\" \/>\n\t<meta property=\"og:image:height\" content=\"2000\" \/>\n\t<meta property=\"og:image:type\" content=\"image\/webp\" \/>\n<meta name=\"twitter:card\" content=\"summary_large_image\" \/>\n<meta name=\"twitter:label1\" content=\"Ber\u00e4knad l\u00e4stid\" \/>\n\t<meta name=\"twitter:data1\" content=\"1 minut\" \/>\n<!-- \/ Yoast SEO plugin. -->","yoast_head_json":{"title":"TRUUSK St\u00e4dvagn 20 L - Med Centrifug och Separator - Bl\u00e5 - 60L x 27B x 70,5H cm - TRUUSK - Hem, Tr\u00e4dg\u00e5rd &amp; Fritid","robots":{"index":"index","follow":"follow","max-snippet":"max-snippet:-1","max-image-preview":"max-image-preview:large","max-video-preview":"max-video-preview:-1"},"canonical":"https:\/\/truusk.store\/sv\/produkt\/truusk-stadvagn-20-l-med-centrifug-och-separator-bla-60l-x-27b-x-705h-cm\/","og_locale":"sv_SE","og_type":"article","og_title":"TRUUSK St\u00e4dvagn 20 L - Med Centrifug och Separator - Bl\u00e5 - 60L x 27B x 70,5H cm - TRUUSK - Hem, Tr\u00e4dg\u00e5rd &amp; Fritid","og_description":"Underl\u00e4tta golvreng\u00f6ringen med TRUUSK mopphink inklusive vridare. Med en kapacitet p\u00e5 20 liter och en skiljev\u00e4gg som separerar rent fr\u00e5n...","og_url":"https:\/\/truusk.store\/sv\/produkt\/truusk-stadvagn-20-l-med-centrifug-och-separator-bla-60l-x-27b-x-705h-cm\/","og_site_name":"TRUUSK - Hem, Tr\u00e4dg\u00e5rd &amp; Fritid","article_modified_time":"2026-03-12T08:40:20+00:00","og_image":[{"width":2000,"height":2000,"url":"https:\/\/i0.wp.com\/truusk.se\/wp-content\/uploads\/2025\/06\/stadvagn-tvatthink-hushall-20-l-med-centrifug-och-separator-for-rent-smutsigt-vatten-bla-60l-x-27b-x-705h-cm-1.webp?fit=2000%2C2000&ssl=1","type":"image\/webp"}],"twitter_card":"summary_large_image","twitter_misc":{"Ber\u00e4knad l\u00e4stid":"1 minut"},"schema":{"@context":"https:\/\/schema.org","@graph":[{"@type":"WebPage","@id":"https:\/\/truusk.store\/sv\/produkt\/truusk-stadvagn-20-l-med-centrifug-och-separator-bla-60l-x-27b-x-705h-cm\/","url":"https:\/\/truusk.store\/sv\/produkt\/truusk-stadvagn-20-l-med-centrifug-och-separator-bla-60l-x-27b-x-705h-cm\/","name":"TRUUSK St\u00e4dvagn 20 L - Med Centrifug och Separator - Bl\u00e5 - 60L x 27B x 70,5H cm - TRUUSK - Hem, Tr\u00e4dg\u00e5rd &amp; Fritid","isPartOf":{"@id":"https:\/\/truusk.store\/sv\/#website"},"primaryImageOfPage":{"@id":"https:\/\/truusk.store\/sv\/produkt\/truusk-stadvagn-20-l-med-centrifug-och-separator-bla-60l-x-27b-x-705h-cm\/#primaryimage"},"image":{"@id":"https:\/\/truusk.store\/sv\/produkt\/truusk-stadvagn-20-l-med-centrifug-och-separator-bla-60l-x-27b-x-705h-cm\/#primaryimage"},"thumbnailUrl":"https:\/\/i0.wp.com\/truusk.store\/wp-content\/uploads\/2025\/06\/stadvagn-tvatthink-hushall-20-l-med-centrifug-och-separator-for-rent-smutsigt-vatten-bla-60l-x-27b-x-705h-cm-1.webp?fit=2000%2C2000&ssl=1","datePublished":"2025-06-05T12:11:44+00:00","dateModified":"2026-03-12T08:40:20+00:00","breadcrumb":{"@id":"https:\/\/truusk.store\/sv\/produkt\/truusk-stadvagn-20-l-med-centrifug-och-separator-bla-60l-x-27b-x-705h-cm\/#breadcrumb"},"inLanguage":"sv-SE","potentialAction":[{"@type":"ReadAction","target":["https:\/\/truusk.store\/sv\/produkt\/truusk-stadvagn-20-l-med-centrifug-och-separator-bla-60l-x-27b-x-705h-cm\/"]}]},{"@type":"ImageObject","inLanguage":"sv-SE","@id":"https:\/\/truusk.store\/sv\/produkt\/truusk-stadvagn-20-l-med-centrifug-och-separator-bla-60l-x-27b-x-705h-cm\/#primaryimage","url":"https:\/\/i0.wp.com\/truusk.store\/wp-content\/uploads\/2025\/06\/stadvagn-tvatthink-hushall-20-l-med-centrifug-och-separator-for-rent-smutsigt-vatten-bla-60l-x-27b-x-705h-cm-1.webp?fit=2000%2C2000&ssl=1","contentUrl":"https:\/\/i0.wp.com\/truusk.store\/wp-content\/uploads\/2025\/06\/stadvagn-tvatthink-hushall-20-l-med-centrifug-och-separator-for-rent-smutsigt-vatten-bla-60l-x-27b-x-705h-cm-1.webp?fit=2000%2C2000&ssl=1","width":2000,"height":2000},{"@type":"BreadcrumbList","@id":"https:\/\/truusk.store\/sv\/produkt\/truusk-stadvagn-20-l-med-centrifug-och-separator-bla-60l-x-27b-x-705h-cm\/#breadcrumb","itemListElement":[{"@type":"ListItem","position":1,"name":"Home","item":"https:\/\/truusk.store\/sv\/"},{"@type":"ListItem","position":2,"name":"Shop","item":"https:\/\/truusk.store\/shop\/"},{"@type":"ListItem","position":3,"name":"TRUUSK St\u00e4dvagn 20 L &#8211; Med Centrifug och Separator &#8211; Bl\u00e5 &#8211; 60L x 27B x 70,5H cm"}]},{"@type":"WebSite","@id":"https:\/\/truusk.store\/sv\/#website","url":"https:\/\/truusk.store\/sv\/","name":"TRUUSK - Hem, Tr\u00e4dg\u00e5rd & Fritid","description":"","publisher":{"@id":"https:\/\/truusk.store\/sv\/#organization"},"potentialAction":[{"@type":"SearchAction","target":{"@type":"EntryPoint","urlTemplate":"https:\/\/truusk.store\/sv\/?s={search_term_string}"},"query-input":{"@type":"PropertyValueSpecification","valueRequired":true,"valueName":"search_term_string"}}],"inLanguage":"sv-SE"},{"@type":"Organization","@id":"https:\/\/truusk.store\/sv\/#organization","name":"TRUUSK - Hem, Tr\u00e4dg\u00e5rd & Fritid","url":"https:\/\/truusk.store\/sv\/","logo":{"@type":"ImageObject","inLanguage":"sv-SE","@id":"https:\/\/truusk.store\/sv\/#\/schema\/logo\/image\/","url":"https:\/\/i0.wp.com\/truusk.store\/wp-content\/uploads\/2026\/03\/cropped-TRUUSK.png?fit=2032%2C917&ssl=1","contentUrl":"https:\/\/i0.wp.com\/truusk.store\/wp-content\/uploads\/2026\/03\/cropped-TRUUSK.png?fit=2032%2C917&ssl=1","width":2032,"height":917,"caption":"TRUUSK - Hem, Tr\u00e4dg\u00e5rd & Fritid"},"image":{"@id":"https:\/\/truusk.store\/sv\/#\/schema\/logo\/image\/"}}]}},"jetpack_sharing_enabled":true,"_links":{"self":[{"href":"https:\/\/truusk.store\/sv\/wp-json\/wp\/v2\/product\/66700","targetHints":{"allow":["GET"]}}],"collection":[{"href":"https:\/\/truusk.store\/sv\/wp-json\/wp\/v2\/product"}],"about":[{"href":"https:\/\/truusk.store\/sv\/wp-json\/wp\/v2\/types\/product"}],"wp:featuredmedia":[{"embeddable":true,"href":"https:\/\/truusk.store\/sv\/wp-json\/wp\/v2\/media\/66691"}],"wp:attachment":[{"href":"https:\/\/truusk.store\/sv\/wp-json\/wp\/v2\/media?parent=66700"}],"wp:term":[{"taxonomy":"product_brand","embeddable":true,"href":"https:\/\/truusk.store\/sv\/wp-json\/wp\/v2\/product_brand?post=66700"},{"taxonomy":"product_cat","embeddable":true,"href":"https:\/\/truusk.store\/sv\/wp-json\/wp\/v2\/product_cat?post=66700"},{"taxonomy":"product_tag","embeddable":true,"href":"https:\/\/truusk.store\/sv\/wp-json\/wp\/v2\/product_tag?post=66700"}],"curies":[{"name":"wp","href":"https:\/\/api.w.org\/{rel}","templated":true}]}}