{"id":66710,"date":"2025-06-05T13:12:48","date_gmt":"2025-06-05T12:12:48","guid":{"rendered":"https:\/\/truusk.store\/product\/pelarflakt-tornflakt-luftkylare-2-i-1-4-lagen-3-hastigheter-fjarrkontroll-timer-svangbar-svart\/"},"modified":"2026-03-12T09:11:12","modified_gmt":"2026-03-12T08:11:12","slug":"truusk-luftkylare-och-flakt-2-i-1-fjarrkontroll-timer-svart","status":"publish","type":"product","link":"https:\/\/truusk.store\/sv\/produkt\/truusk-luftkylare-och-flakt-2-i-1-fjarrkontroll-timer-svart\/","title":{"rendered":"TRUUSK Luftkylare och Fl\u00e4kt 2-i-1 &#8211; Fj\u00e4rrkontroll &#8211; Timer &#8211; Svart"},"content":{"rendered":"<p>Njut av en sval sommar med denna 2-i-1 luftkylare och tornfl\u00e4kt! Den \u00e4r tyst, utrustad med fj\u00e4rrkontroll och timer och erbjuder fyra l\u00e4gen samt tre justerbara hastigheter &#8211; oumb\u00e4rlig i sommarv\u00e4rmen.<\/p>\n<p>Beskrivning:<\/p>\n<ul>\n<li> 2-i-1 tyst golvfl\u00e4kt: en oumb\u00e4rlig multifunktionell enhet f\u00f6r sommaren<\/li>\n<li> Kraftfull, enf\u00e4rgad svart luftkylare, mycket elegant f\u00f6r perfekt integration i det inre av ditt val: vardagsrum, sovrum, kontor etc.<\/li>\n<li> 1 kylningselement ing\u00e5r, vilket ger dig mer friskhet<\/li>\n<li> 4 l\u00e4gen<\/li>\n<li> Kompakt, tar upp lite utrymme p\u00e5 golvet<\/li>\n<li> Sv\u00e4nger 70\u00b0 f\u00f6r att t\u00e4cka ett stort omr\u00e5de<\/li>\n<li> Intuitiv drift mycket enkel: via fj\u00e4rrkontroll eller direkt p\u00e5 enhetens touchkontrollpanel<\/li>\n<li> 12-timmars timern fungerar i timintervaller, perfekt f\u00f6r att sova p\u00e5 natten<\/li>\n<li> LED-displayen visar hastighet, l\u00e4ge, timer etc.<\/li>\n<li> 3 justerbara fl\u00e4kthastigheter efter behov: l\u00e5g\/medium\/h\u00f6g<\/li>\n<\/ul>\n<p> Tekniska data:<\/p>\n<ul>\n<li> F\u00e4rger: Svart<\/li>\n<li> Material: ABS<\/li>\n<li> Totala dimensioner: 31,5L x 31,5B x 107H cm<\/li>\n<li> Vattentankvolym: 2,8 L<\/li>\n<li> Kabell\u00e4ngd: 1,5 m<\/li>\n<li> R\u00e4ckvidd f\u00f6r fj\u00e4rrkontroll: 5 m<\/li>\n<li> Sp\u00e4nning: 220-240 V\/50-60 Hz<\/li>\n<li> Effekt: 60 W<\/li>\n<li> Ljudniv\u00e5: 58,2 dB<\/li>\n<li> Batteri: (Fj\u00e4rrkontroll) 2 x AAA, ing\u00e5r ej<\/li>\n<\/ul>\n<p>Leveransinneh\u00e5ll:<\/p>\n<ul>\n<li> 1 x Luftkylare<\/li>\n<li> 1 x Isbox<\/li>\n<li> 1 x Handbok<\/li>\n<\/ul>\n","protected":false},"excerpt":{"rendered":"<p>Njut av en sval sommar med denna 2-i-1 luftkylare och tornfl\u00e4kt! Den \u00e4r tyst, utrustad med fj\u00e4rrkontroll och timer och&#8230;<\/p>\n","protected":false},"featured_media":66701,"template":"","meta":[],"product_brand":[],"product_cat":[867,1016,905],"product_tag":[],"class_list":{"0":"post-66710","1":"product","2":"type-product","3":"status-publish","4":"has-post-thumbnail","6":"product_cat-byggmarknad","7":"product_cat-flaktar-luftkonditioneringar","8":"product_cat-klimatkontroll-flaktar","10":"first","11":"instock","12":"sale","13":"taxable","14":"shipping-taxable","15":"purchasable","16":"product-type-simple"},"yoast_head":"<!-- This site is optimized with the Yoast SEO plugin v25.4 - https:\/\/yoast.com\/wordpress\/plugins\/seo\/ -->\n<title>TRUUSK Luftkylare och Fl\u00e4kt 2-i-1 - Fj\u00e4rrkontroll - Timer - Svart - TRUUSK - Hem, Tr\u00e4dg\u00e5rd &amp; Fritid<\/title>\n<meta name=\"robots\" content=\"index, follow, max-snippet:-1, max-image-preview:large, max-video-preview:-1\" \/>\n<link rel=\"canonical\" href=\"https:\/\/truusk.store\/sv\/produkt\/truusk-luftkylare-och-flakt-2-i-1-fjarrkontroll-timer-svart\/\" \/>\n<meta property=\"og:locale\" content=\"sv_SE\" \/>\n<meta property=\"og:type\" content=\"article\" \/>\n<meta property=\"og:title\" content=\"TRUUSK Luftkylare och Fl\u00e4kt 2-i-1 - Fj\u00e4rrkontroll - Timer - Svart - TRUUSK - Hem, Tr\u00e4dg\u00e5rd &amp; Fritid\" \/>\n<meta property=\"og:description\" content=\"Njut av en sval sommar med denna 2-i-1 luftkylare och tornfl\u00e4kt! Den \u00e4r tyst, utrustad med fj\u00e4rrkontroll och timer och...\" \/>\n<meta property=\"og:url\" content=\"https:\/\/truusk.store\/sv\/produkt\/truusk-luftkylare-och-flakt-2-i-1-fjarrkontroll-timer-svart\/\" \/>\n<meta property=\"og:site_name\" content=\"TRUUSK - Hem, Tr\u00e4dg\u00e5rd &amp; Fritid\" \/>\n<meta property=\"article:modified_time\" content=\"2026-03-12T08:11:12+00:00\" \/>\n<meta property=\"og:image\" content=\"https:\/\/i0.wp.com\/truusk.se\/wp-content\/uploads\/2025\/06\/pelarflakt-tornflakt-luftkylare-2-i-1-4-lagen-3-hastigheter-fjarrkontroll-timer-svangbar-svart-1.webp?fit=2000%2C2000&ssl=1\" \/>\n\t<meta property=\"og:image:width\" content=\"2000\" \/>\n\t<meta property=\"og:image:height\" content=\"2000\" \/>\n\t<meta property=\"og:image:type\" content=\"image\/webp\" \/>\n<meta name=\"twitter:card\" content=\"summary_large_image\" \/>\n<meta name=\"twitter:label1\" content=\"Ber\u00e4knad l\u00e4stid\" \/>\n\t<meta name=\"twitter:data1\" content=\"1 minut\" \/>\n<!-- \/ Yoast SEO plugin. -->","yoast_head_json":{"title":"TRUUSK Luftkylare och Fl\u00e4kt 2-i-1 - Fj\u00e4rrkontroll - Timer - Svart - TRUUSK - Hem, Tr\u00e4dg\u00e5rd &amp; Fritid","robots":{"index":"index","follow":"follow","max-snippet":"max-snippet:-1","max-image-preview":"max-image-preview:large","max-video-preview":"max-video-preview:-1"},"canonical":"https:\/\/truusk.store\/sv\/produkt\/truusk-luftkylare-och-flakt-2-i-1-fjarrkontroll-timer-svart\/","og_locale":"sv_SE","og_type":"article","og_title":"TRUUSK Luftkylare och Fl\u00e4kt 2-i-1 - Fj\u00e4rrkontroll - Timer - Svart - TRUUSK - Hem, Tr\u00e4dg\u00e5rd &amp; Fritid","og_description":"Njut av en sval sommar med denna 2-i-1 luftkylare och tornfl\u00e4kt! Den \u00e4r tyst, utrustad med fj\u00e4rrkontroll och timer och...","og_url":"https:\/\/truusk.store\/sv\/produkt\/truusk-luftkylare-och-flakt-2-i-1-fjarrkontroll-timer-svart\/","og_site_name":"TRUUSK - Hem, Tr\u00e4dg\u00e5rd &amp; Fritid","article_modified_time":"2026-03-12T08:11:12+00:00","og_image":[{"width":2000,"height":2000,"url":"https:\/\/i0.wp.com\/truusk.se\/wp-content\/uploads\/2025\/06\/pelarflakt-tornflakt-luftkylare-2-i-1-4-lagen-3-hastigheter-fjarrkontroll-timer-svangbar-svart-1.webp?fit=2000%2C2000&ssl=1","type":"image\/webp"}],"twitter_card":"summary_large_image","twitter_misc":{"Ber\u00e4knad l\u00e4stid":"1 minut"},"schema":{"@context":"https:\/\/schema.org","@graph":[{"@type":"WebPage","@id":"https:\/\/truusk.store\/sv\/produkt\/truusk-luftkylare-och-flakt-2-i-1-fjarrkontroll-timer-svart\/","url":"https:\/\/truusk.store\/sv\/produkt\/truusk-luftkylare-och-flakt-2-i-1-fjarrkontroll-timer-svart\/","name":"TRUUSK Luftkylare och Fl\u00e4kt 2-i-1 - Fj\u00e4rrkontroll - Timer - Svart - TRUUSK - Hem, Tr\u00e4dg\u00e5rd &amp; Fritid","isPartOf":{"@id":"https:\/\/truusk.store\/sv\/#website"},"primaryImageOfPage":{"@id":"https:\/\/truusk.store\/sv\/produkt\/truusk-luftkylare-och-flakt-2-i-1-fjarrkontroll-timer-svart\/#primaryimage"},"image":{"@id":"https:\/\/truusk.store\/sv\/produkt\/truusk-luftkylare-och-flakt-2-i-1-fjarrkontroll-timer-svart\/#primaryimage"},"thumbnailUrl":"https:\/\/i0.wp.com\/truusk.store\/wp-content\/uploads\/2025\/06\/pelarflakt-tornflakt-luftkylare-2-i-1-4-lagen-3-hastigheter-fjarrkontroll-timer-svangbar-svart-1.webp?fit=2000%2C2000&ssl=1","datePublished":"2025-06-05T12:12:48+00:00","dateModified":"2026-03-12T08:11:12+00:00","breadcrumb":{"@id":"https:\/\/truusk.store\/sv\/produkt\/truusk-luftkylare-och-flakt-2-i-1-fjarrkontroll-timer-svart\/#breadcrumb"},"inLanguage":"sv-SE","potentialAction":[{"@type":"ReadAction","target":["https:\/\/truusk.store\/sv\/produkt\/truusk-luftkylare-och-flakt-2-i-1-fjarrkontroll-timer-svart\/"]}]},{"@type":"ImageObject","inLanguage":"sv-SE","@id":"https:\/\/truusk.store\/sv\/produkt\/truusk-luftkylare-och-flakt-2-i-1-fjarrkontroll-timer-svart\/#primaryimage","url":"https:\/\/i0.wp.com\/truusk.store\/wp-content\/uploads\/2025\/06\/pelarflakt-tornflakt-luftkylare-2-i-1-4-lagen-3-hastigheter-fjarrkontroll-timer-svangbar-svart-1.webp?fit=2000%2C2000&ssl=1","contentUrl":"https:\/\/i0.wp.com\/truusk.store\/wp-content\/uploads\/2025\/06\/pelarflakt-tornflakt-luftkylare-2-i-1-4-lagen-3-hastigheter-fjarrkontroll-timer-svangbar-svart-1.webp?fit=2000%2C2000&ssl=1","width":2000,"height":2000},{"@type":"BreadcrumbList","@id":"https:\/\/truusk.store\/sv\/produkt\/truusk-luftkylare-och-flakt-2-i-1-fjarrkontroll-timer-svart\/#breadcrumb","itemListElement":[{"@type":"ListItem","position":1,"name":"Home","item":"https:\/\/truusk.store\/sv\/"},{"@type":"ListItem","position":2,"name":"Shop","item":"https:\/\/truusk.store\/shop\/"},{"@type":"ListItem","position":3,"name":"TRUUSK Luftkylare och Fl\u00e4kt 2-i-1 &#8211; Fj\u00e4rrkontroll &#8211; Timer &#8211; Svart"}]},{"@type":"WebSite","@id":"https:\/\/truusk.store\/sv\/#website","url":"https:\/\/truusk.store\/sv\/","name":"TRUUSK - Hem, Tr\u00e4dg\u00e5rd & Fritid","description":"","publisher":{"@id":"https:\/\/truusk.store\/sv\/#organization"},"potentialAction":[{"@type":"SearchAction","target":{"@type":"EntryPoint","urlTemplate":"https:\/\/truusk.store\/sv\/?s={search_term_string}"},"query-input":{"@type":"PropertyValueSpecification","valueRequired":true,"valueName":"search_term_string"}}],"inLanguage":"sv-SE"},{"@type":"Organization","@id":"https:\/\/truusk.store\/sv\/#organization","name":"TRUUSK - Hem, Tr\u00e4dg\u00e5rd & Fritid","url":"https:\/\/truusk.store\/sv\/","logo":{"@type":"ImageObject","inLanguage":"sv-SE","@id":"https:\/\/truusk.store\/sv\/#\/schema\/logo\/image\/","url":"https:\/\/i0.wp.com\/truusk.store\/wp-content\/uploads\/2026\/03\/cropped-TRUUSK.png?fit=2032%2C917&ssl=1","contentUrl":"https:\/\/i0.wp.com\/truusk.store\/wp-content\/uploads\/2026\/03\/cropped-TRUUSK.png?fit=2032%2C917&ssl=1","width":2032,"height":917,"caption":"TRUUSK - Hem, Tr\u00e4dg\u00e5rd & Fritid"},"image":{"@id":"https:\/\/truusk.store\/sv\/#\/schema\/logo\/image\/"}}]}},"jetpack_sharing_enabled":true,"_links":{"self":[{"href":"https:\/\/truusk.store\/sv\/wp-json\/wp\/v2\/product\/66710","targetHints":{"allow":["GET"]}}],"collection":[{"href":"https:\/\/truusk.store\/sv\/wp-json\/wp\/v2\/product"}],"about":[{"href":"https:\/\/truusk.store\/sv\/wp-json\/wp\/v2\/types\/product"}],"wp:featuredmedia":[{"embeddable":true,"href":"https:\/\/truusk.store\/sv\/wp-json\/wp\/v2\/media\/66701"}],"wp:attachment":[{"href":"https:\/\/truusk.store\/sv\/wp-json\/wp\/v2\/media?parent=66710"}],"wp:term":[{"taxonomy":"product_brand","embeddable":true,"href":"https:\/\/truusk.store\/sv\/wp-json\/wp\/v2\/product_brand?post=66710"},{"taxonomy":"product_cat","embeddable":true,"href":"https:\/\/truusk.store\/sv\/wp-json\/wp\/v2\/product_cat?post=66710"},{"taxonomy":"product_tag","embeddable":true,"href":"https:\/\/truusk.store\/sv\/wp-json\/wp\/v2\/product_tag?post=66710"}],"curies":[{"name":"wp","href":"https:\/\/api.w.org\/{rel}","templated":true}]}}