{"id":66720,"date":"2025-06-05T13:13:37","date_gmt":"2025-06-05T12:13:37","guid":{"rendered":"https:\/\/truusk.store\/product\/paviljong-ca-3x3m-vattenavvisande-stabil-vinterfast-pop-up-vikpaviljong-uv-skydd-hopfallbart-partytalt-tradgardstalt-med-vaska-tradgardspaviljong-for-camping-tradgard-bla\/"},"modified":"2026-03-12T08:57:40","modified_gmt":"2026-03-12T07:57:40","slug":"truusk-paviljong-ca-3x3m-vattenavvisande-stabil-vinterfast-pop-up-vikpaviljong-uv-skydd-hopfallbart-partytalt","status":"publish","type":"product","link":"https:\/\/truusk.store\/sv\/produkt\/truusk-paviljong-ca-3x3m-vattenavvisande-stabil-vinterfast-pop-up-vikpaviljong-uv-skydd-hopfallbart-partytalt\/","title":{"rendered":"TRUUSK Paviljong ca. 3x3m &#8211; Vattenavvisande &#8211; Stabil &#8211; Vinterfast &#8211; Pop-up Vikpaviljong &#8211; UV-skydd &#8211; Hopf\u00e4llbart Partyt\u00e4lt &#8211;"},"content":{"rendered":"<p>Detta 2,95 x 2,95 m tr\u00e4dg\u00e5rdst\u00e4lt erbjuder som en praktisk utomhusskjul skydd f\u00f6r din familj eller g\u00e4ster vid d\u00e5ligt v\u00e4der och ger skugga vid starkt solsken. Perfekt campingpaviljong f\u00f6r familjefester, br\u00f6llop, picknick, sportevenemang, f\u00f6rs\u00e4ljningsst\u00e5nd, hantverksm\u00e4ssor, byggarbetsplatser och campingutflykter.<\/p>\n<p>Beskrivning:<\/p>\n<ul>\n<li> Levereras med b\u00e4rv\u00e4ska<\/li>\n<li> Vatten- och rostbest\u00e4ndigt partyt\u00e4lt<\/li>\n<li> Effektivt UV-skydd<\/li>\n<li> Robust takkonstruktion<\/li>\n<li> 3 x 3 m st\u00e5lram<\/li>\n<li> Inklusive sp\u00e4nnlinor och t\u00e4ltspikar<\/li>\n<li> Inklusive instruktioner<\/li>\n<\/ul>\n<p>Tekniska data:<\/p>\n<ul>\n<li> F\u00e4rg: Bl\u00e5<\/li>\n<li> Material: St\u00e5l, Oxfordtyg (100% polyester)<\/li>\n<li> Totala dimensioner: 2,95L x 2,95B x 2,55H m<\/li>\n<li> H\u00f6jd vid takfot: 1,93 m<\/li>\n<li> H\u00f6jd upptill: 2,55 m<\/li>\n<\/ul>\n<p>Leveransinneh\u00e5ll:<\/p>\n<ul>\n<li> 1 x Pop-up-\u00f6verbyggnad<\/li>\n<li> 4 x sp\u00e4nnlinor<\/li>\n<li> 4 x spiral markspik<\/li>\n<li> 4 x L-formad markspik<\/li>\n<li> 1 x b\u00e4rv\u00e4ska<\/li>\n<li> 1 x handbok<\/li>\n<\/ul>\n","protected":false},"excerpt":{"rendered":"<p>Detta 2,95 x 2,95 m tr\u00e4dg\u00e5rdst\u00e4lt erbjuder som en praktisk utomhusskjul skydd f\u00f6r din familj eller g\u00e4ster vid d\u00e5ligt v\u00e4der&#8230;<\/p>\n","protected":false},"featured_media":66711,"template":"","meta":[],"product_brand":[],"product_cat":[477,858,476],"product_tag":[],"class_list":{"0":"post-66720","1":"product","2":"type-product","3":"status-publish","4":"has-post-thumbnail","6":"product_cat-paviljonger-partytalt","7":"product_cat-tradgard-terrass","8":"product_cat-tradgardspaviljonger","10":"first","11":"instock","12":"sale","13":"taxable","14":"shipping-taxable","15":"purchasable","16":"product-type-simple"},"yoast_head":"<!-- This site is optimized with the Yoast SEO plugin v25.4 - https:\/\/yoast.com\/wordpress\/plugins\/seo\/ -->\n<title>TRUUSK Paviljong ca. 3x3m - Vattenavvisande - Stabil - Vinterfast - Pop-up Vikpaviljong - UV-skydd - Hopf\u00e4llbart Partyt\u00e4lt - TRUUSK - Hem, Tr\u00e4dg\u00e5rd &amp; Fritid<\/title>\n<meta name=\"robots\" content=\"index, follow, max-snippet:-1, max-image-preview:large, max-video-preview:-1\" \/>\n<link rel=\"canonical\" href=\"https:\/\/truusk.store\/sv\/produkt\/truusk-paviljong-ca-3x3m-vattenavvisande-stabil-vinterfast-pop-up-vikpaviljong-uv-skydd-hopfallbart-partytalt\/\" \/>\n<meta property=\"og:locale\" content=\"sv_SE\" \/>\n<meta property=\"og:type\" content=\"article\" \/>\n<meta property=\"og:title\" content=\"TRUUSK Paviljong ca. 3x3m - Vattenavvisande - Stabil - Vinterfast - Pop-up Vikpaviljong - UV-skydd - Hopf\u00e4llbart Partyt\u00e4lt - TRUUSK - Hem, Tr\u00e4dg\u00e5rd &amp; Fritid\" \/>\n<meta property=\"og:description\" content=\"Detta 2,95 x 2,95 m tr\u00e4dg\u00e5rdst\u00e4lt erbjuder som en praktisk utomhusskjul skydd f\u00f6r din familj eller g\u00e4ster vid d\u00e5ligt v\u00e4der...\" \/>\n<meta property=\"og:url\" content=\"https:\/\/truusk.store\/sv\/produkt\/truusk-paviljong-ca-3x3m-vattenavvisande-stabil-vinterfast-pop-up-vikpaviljong-uv-skydd-hopfallbart-partytalt\/\" \/>\n<meta property=\"og:site_name\" content=\"TRUUSK - Hem, Tr\u00e4dg\u00e5rd &amp; Fritid\" \/>\n<meta property=\"article:modified_time\" content=\"2026-03-12T07:57:40+00:00\" \/>\n<meta property=\"og:image\" content=\"https:\/\/i0.wp.com\/truusk.se\/wp-content\/uploads\/2025\/06\/paviljong-ca-3x3m-vattenavvisande-stabil-vinterfast-pop-up-vikpaviljong-uv-skydd-hopfallbart-partytalt-tradgardstalt-med-vaska-tradgardspaviljong-for-camping-tradgard-bla-1.webp?fit=2000%2C2000&ssl=1\" \/>\n\t<meta property=\"og:image:width\" content=\"2000\" \/>\n\t<meta property=\"og:image:height\" content=\"2000\" \/>\n\t<meta property=\"og:image:type\" content=\"image\/webp\" \/>\n<meta name=\"twitter:card\" content=\"summary_large_image\" \/>\n<meta name=\"twitter:label1\" content=\"Ber\u00e4knad l\u00e4stid\" \/>\n\t<meta name=\"twitter:data1\" content=\"1 minut\" \/>\n<!-- \/ Yoast SEO plugin. -->","yoast_head_json":{"title":"TRUUSK Paviljong ca. 3x3m - Vattenavvisande - Stabil - Vinterfast - Pop-up Vikpaviljong - UV-skydd - Hopf\u00e4llbart Partyt\u00e4lt - TRUUSK - Hem, Tr\u00e4dg\u00e5rd &amp; Fritid","robots":{"index":"index","follow":"follow","max-snippet":"max-snippet:-1","max-image-preview":"max-image-preview:large","max-video-preview":"max-video-preview:-1"},"canonical":"https:\/\/truusk.store\/sv\/produkt\/truusk-paviljong-ca-3x3m-vattenavvisande-stabil-vinterfast-pop-up-vikpaviljong-uv-skydd-hopfallbart-partytalt\/","og_locale":"sv_SE","og_type":"article","og_title":"TRUUSK Paviljong ca. 3x3m - Vattenavvisande - Stabil - Vinterfast - Pop-up Vikpaviljong - UV-skydd - Hopf\u00e4llbart Partyt\u00e4lt - TRUUSK - Hem, Tr\u00e4dg\u00e5rd &amp; Fritid","og_description":"Detta 2,95 x 2,95 m tr\u00e4dg\u00e5rdst\u00e4lt erbjuder som en praktisk utomhusskjul skydd f\u00f6r din familj eller g\u00e4ster vid d\u00e5ligt v\u00e4der...","og_url":"https:\/\/truusk.store\/sv\/produkt\/truusk-paviljong-ca-3x3m-vattenavvisande-stabil-vinterfast-pop-up-vikpaviljong-uv-skydd-hopfallbart-partytalt\/","og_site_name":"TRUUSK - Hem, Tr\u00e4dg\u00e5rd &amp; Fritid","article_modified_time":"2026-03-12T07:57:40+00:00","og_image":[{"width":2000,"height":2000,"url":"https:\/\/i0.wp.com\/truusk.se\/wp-content\/uploads\/2025\/06\/paviljong-ca-3x3m-vattenavvisande-stabil-vinterfast-pop-up-vikpaviljong-uv-skydd-hopfallbart-partytalt-tradgardstalt-med-vaska-tradgardspaviljong-for-camping-tradgard-bla-1.webp?fit=2000%2C2000&ssl=1","type":"image\/webp"}],"twitter_card":"summary_large_image","twitter_misc":{"Ber\u00e4knad l\u00e4stid":"1 minut"},"schema":{"@context":"https:\/\/schema.org","@graph":[{"@type":"WebPage","@id":"https:\/\/truusk.store\/sv\/produkt\/truusk-paviljong-ca-3x3m-vattenavvisande-stabil-vinterfast-pop-up-vikpaviljong-uv-skydd-hopfallbart-partytalt\/","url":"https:\/\/truusk.store\/sv\/produkt\/truusk-paviljong-ca-3x3m-vattenavvisande-stabil-vinterfast-pop-up-vikpaviljong-uv-skydd-hopfallbart-partytalt\/","name":"TRUUSK Paviljong ca. 3x3m - Vattenavvisande - Stabil - Vinterfast - Pop-up Vikpaviljong - UV-skydd - Hopf\u00e4llbart Partyt\u00e4lt - TRUUSK - Hem, Tr\u00e4dg\u00e5rd &amp; Fritid","isPartOf":{"@id":"https:\/\/truusk.store\/sv\/#website"},"primaryImageOfPage":{"@id":"https:\/\/truusk.store\/sv\/produkt\/truusk-paviljong-ca-3x3m-vattenavvisande-stabil-vinterfast-pop-up-vikpaviljong-uv-skydd-hopfallbart-partytalt\/#primaryimage"},"image":{"@id":"https:\/\/truusk.store\/sv\/produkt\/truusk-paviljong-ca-3x3m-vattenavvisande-stabil-vinterfast-pop-up-vikpaviljong-uv-skydd-hopfallbart-partytalt\/#primaryimage"},"thumbnailUrl":"https:\/\/i0.wp.com\/truusk.store\/wp-content\/uploads\/2025\/06\/paviljong-ca-3x3m-vattenavvisande-stabil-vinterfast-pop-up-vikpaviljong-uv-skydd-hopfallbart-partytalt-tradgardstalt-med-vaska-tradgardspaviljong-for-camping-tradgard-bla-1.webp?fit=2000%2C2000&ssl=1","datePublished":"2025-06-05T12:13:37+00:00","dateModified":"2026-03-12T07:57:40+00:00","breadcrumb":{"@id":"https:\/\/truusk.store\/sv\/produkt\/truusk-paviljong-ca-3x3m-vattenavvisande-stabil-vinterfast-pop-up-vikpaviljong-uv-skydd-hopfallbart-partytalt\/#breadcrumb"},"inLanguage":"sv-SE","potentialAction":[{"@type":"ReadAction","target":["https:\/\/truusk.store\/sv\/produkt\/truusk-paviljong-ca-3x3m-vattenavvisande-stabil-vinterfast-pop-up-vikpaviljong-uv-skydd-hopfallbart-partytalt\/"]}]},{"@type":"ImageObject","inLanguage":"sv-SE","@id":"https:\/\/truusk.store\/sv\/produkt\/truusk-paviljong-ca-3x3m-vattenavvisande-stabil-vinterfast-pop-up-vikpaviljong-uv-skydd-hopfallbart-partytalt\/#primaryimage","url":"https:\/\/i0.wp.com\/truusk.store\/wp-content\/uploads\/2025\/06\/paviljong-ca-3x3m-vattenavvisande-stabil-vinterfast-pop-up-vikpaviljong-uv-skydd-hopfallbart-partytalt-tradgardstalt-med-vaska-tradgardspaviljong-for-camping-tradgard-bla-1.webp?fit=2000%2C2000&ssl=1","contentUrl":"https:\/\/i0.wp.com\/truusk.store\/wp-content\/uploads\/2025\/06\/paviljong-ca-3x3m-vattenavvisande-stabil-vinterfast-pop-up-vikpaviljong-uv-skydd-hopfallbart-partytalt-tradgardstalt-med-vaska-tradgardspaviljong-for-camping-tradgard-bla-1.webp?fit=2000%2C2000&ssl=1","width":2000,"height":2000},{"@type":"BreadcrumbList","@id":"https:\/\/truusk.store\/sv\/produkt\/truusk-paviljong-ca-3x3m-vattenavvisande-stabil-vinterfast-pop-up-vikpaviljong-uv-skydd-hopfallbart-partytalt\/#breadcrumb","itemListElement":[{"@type":"ListItem","position":1,"name":"Home","item":"https:\/\/truusk.store\/sv\/"},{"@type":"ListItem","position":2,"name":"Shop","item":"https:\/\/truusk.store\/shop\/"},{"@type":"ListItem","position":3,"name":"TRUUSK Paviljong ca. 3x3m &#8211; Vattenavvisande &#8211; Stabil &#8211; Vinterfast &#8211; Pop-up Vikpaviljong &#8211; UV-skydd &#8211; Hopf\u00e4llbart Partyt\u00e4lt &#8211;"}]},{"@type":"WebSite","@id":"https:\/\/truusk.store\/sv\/#website","url":"https:\/\/truusk.store\/sv\/","name":"TRUUSK - Hem, Tr\u00e4dg\u00e5rd & Fritid","description":"","publisher":{"@id":"https:\/\/truusk.store\/sv\/#organization"},"potentialAction":[{"@type":"SearchAction","target":{"@type":"EntryPoint","urlTemplate":"https:\/\/truusk.store\/sv\/?s={search_term_string}"},"query-input":{"@type":"PropertyValueSpecification","valueRequired":true,"valueName":"search_term_string"}}],"inLanguage":"sv-SE"},{"@type":"Organization","@id":"https:\/\/truusk.store\/sv\/#organization","name":"TRUUSK - Hem, Tr\u00e4dg\u00e5rd & Fritid","url":"https:\/\/truusk.store\/sv\/","logo":{"@type":"ImageObject","inLanguage":"sv-SE","@id":"https:\/\/truusk.store\/sv\/#\/schema\/logo\/image\/","url":"https:\/\/i0.wp.com\/truusk.store\/wp-content\/uploads\/2026\/03\/cropped-TRUUSK.png?fit=2032%2C917&ssl=1","contentUrl":"https:\/\/i0.wp.com\/truusk.store\/wp-content\/uploads\/2026\/03\/cropped-TRUUSK.png?fit=2032%2C917&ssl=1","width":2032,"height":917,"caption":"TRUUSK - Hem, Tr\u00e4dg\u00e5rd & Fritid"},"image":{"@id":"https:\/\/truusk.store\/sv\/#\/schema\/logo\/image\/"}}]}},"jetpack_sharing_enabled":true,"_links":{"self":[{"href":"https:\/\/truusk.store\/sv\/wp-json\/wp\/v2\/product\/66720","targetHints":{"allow":["GET"]}}],"collection":[{"href":"https:\/\/truusk.store\/sv\/wp-json\/wp\/v2\/product"}],"about":[{"href":"https:\/\/truusk.store\/sv\/wp-json\/wp\/v2\/types\/product"}],"wp:featuredmedia":[{"embeddable":true,"href":"https:\/\/truusk.store\/sv\/wp-json\/wp\/v2\/media\/66711"}],"wp:attachment":[{"href":"https:\/\/truusk.store\/sv\/wp-json\/wp\/v2\/media?parent=66720"}],"wp:term":[{"taxonomy":"product_brand","embeddable":true,"href":"https:\/\/truusk.store\/sv\/wp-json\/wp\/v2\/product_brand?post=66720"},{"taxonomy":"product_cat","embeddable":true,"href":"https:\/\/truusk.store\/sv\/wp-json\/wp\/v2\/product_cat?post=66720"},{"taxonomy":"product_tag","embeddable":true,"href":"https:\/\/truusk.store\/sv\/wp-json\/wp\/v2\/product_tag?post=66720"}],"curies":[{"name":"wp","href":"https:\/\/api.w.org\/{rel}","templated":true}]}}