{"id":66730,"date":"2025-06-05T13:14:51","date_gmt":"2025-06-05T12:14:51","guid":{"rendered":"https:\/\/truusk.store\/product\/dorrskyddsgaller-for-hund-76-104-cm-avsparrningsgaller-utan-borrning-trappgaller-av-stal-trappskyddsgaller-skyddsgaller-sakerhetsgaller-for-trappor-dorr-korridor-vit\/"},"modified":"2026-03-12T09:43:29","modified_gmt":"2026-03-12T08:43:29","slug":"truusk-dorrskyddsgaller-for-hund-76-104-cm-avsparrningsgaller-utan-borrning-stalkonstruktion-vit-sakerhetsgaller-for","status":"publish","type":"product","link":"https:\/\/truusk.store\/sv\/produkt\/truusk-dorrskyddsgaller-for-hund-76-104-cm-avsparrningsgaller-utan-borrning-stalkonstruktion-vit-sakerhetsgaller-for\/","title":{"rendered":"TRUUSK D\u00f6rrskyddsgaller f\u00f6r Hund, 76-104 cm &#8211; Avsp\u00e4rrningsgaller utan borrning &#8211; St\u00e5lkonstruktion &#8211; Vit &#8211; S\u00e4kerhetsgaller f\u00f6r"},"content":{"rendered":"<p>S\u00e4kra din fyrbenta v\u00e4n och optimera ditt hem med TRUUSK d\u00f6rrgaller utan borrning. Justerbar fr\u00e5n 76 till 104 cm, \u00e4r detta trappgaller idealiskt f\u00f6r trappor, korridorer och d\u00f6rrar. Trappskyddets dubbla l\u00e5ssystem till\u00e5ter enkel \u00f6ppning med en hand och ger s\u00e4kerhet eftersom d\u00f6rren sv\u00e4nger \u00e5t b\u00e5da h\u00e5llen. L\u00e4mplig f\u00f6r sm\u00e5 till stora hundar, passar det perfekt med din inredning.<\/p>\n<p>Beskrivning:<\/p>\n<ul>\n<li> 104 cm h\u00f6gt galler f\u00f6rhindrar att sm\u00e5 till stora hundar hoppar \u00f6ver<\/li>\n<li> Justerbar bredd fr\u00e5n 76-104 cm passar olika d\u00f6rrkarmar och korridorer<\/li>\n<li> Tryckmonteringen av trappskyddsgallret skonar v\u00e4ggen, ingen borrning beh\u00f6vs<\/li>\n<li> Enhandshantering och dubbel l\u00e5sning av trappgallret f\u00f6r s\u00e4ker, enkel tillg\u00e5ng<\/li>\n<li> D\u00f6rrar \u00f6ppnas \u00e5t b\u00e5da h\u00e5llen<\/li>\n<li> Elegant design av hundd\u00f6rrgallret kompletterar trapphus, korridorer och d\u00f6rrkarmar optimalt<\/li>\n<li> Robust material motst\u00e5r skador fr\u00e5n hundar och garanterar h\u00e5llbarhet<\/li>\n<li> L\u00e4mplig f\u00f6r hundar med en skulderh\u00f6jd mellan 25-60 cm<\/li>\n<\/ul>\n<p>Tekniska data:<\/p>\n<ul>\n<li> F\u00e4rg: Vit<\/li>\n<li> Material: St\u00e5l, plast<\/li>\n<li> Totala dimensioner: 76-104B x 104H cm<\/li>\n<li> S\u00e4kerhetsgrind: 71B x 104H cm (utan justeringsskruv)<\/li>\n<li> D\u00f6rrbredd: 56B cm<\/li>\n<li> Utvidgning: 7B x 102H cm, 14B x 102H cm<\/li>\n<li> Stavavst\u00e5nd: 5 cm<\/li>\n<\/ul>\n<p>Leveransinneh\u00e5ll:<\/p>\n<ul>\n<li> 1 x Husdjursd\u00f6rr<\/li>\n<li> 4 x Justerbara skruvar<\/li>\n<li> 4 x Runt dubbelsidigt tejp<\/li>\n<li> 4 x Skruvar<\/li>\n<li> 4 x Plastpluggar<\/li>\n<li> 4 x Skruvf\u00e4sten<\/li>\n<li> 2 x Utvidgningsf\u00e4sten f\u00f6r plastdelar<\/li>\n<li> 1 x Bruksanvisning<\/li>\n<\/ul>\n","protected":false},"excerpt":{"rendered":"<p>S\u00e4kra din fyrbenta v\u00e4n och optimera ditt hem med TRUUSK d\u00f6rrgaller utan borrning. Justerbar fr\u00e5n 76 till 104 cm, \u00e4r&#8230;<\/p>\n","protected":false},"featured_media":66721,"template":"","meta":[],"product_brand":[],"product_cat":[878,948,574],"product_tag":[],"class_list":{"0":"post-66730","1":"product","2":"type-product","3":"status-publish","4":"has-post-thumbnail","6":"product_cat-djurbehov","7":"product_cat-hundgaller-skiljevaggar","8":"product_cat-hundtillbehor","10":"first","11":"instock","12":"sale","13":"taxable","14":"shipping-taxable","15":"purchasable","16":"product-type-simple"},"yoast_head":"<!-- This site is optimized with the Yoast SEO plugin v25.4 - https:\/\/yoast.com\/wordpress\/plugins\/seo\/ -->\n<title>TRUUSK D\u00f6rrskyddsgaller f\u00f6r Hund, 76-104 cm - Avsp\u00e4rrningsgaller utan borrning - St\u00e5lkonstruktion - Vit - S\u00e4kerhetsgaller f\u00f6r - TRUUSK - Hem, Tr\u00e4dg\u00e5rd &amp; Fritid<\/title>\n<meta name=\"robots\" content=\"index, follow, max-snippet:-1, max-image-preview:large, max-video-preview:-1\" \/>\n<link rel=\"canonical\" href=\"https:\/\/truusk.store\/sv\/produkt\/truusk-dorrskyddsgaller-for-hund-76-104-cm-avsparrningsgaller-utan-borrning-stalkonstruktion-vit-sakerhetsgaller-for\/\" \/>\n<meta property=\"og:locale\" content=\"sv_SE\" \/>\n<meta property=\"og:type\" content=\"article\" \/>\n<meta property=\"og:title\" content=\"TRUUSK D\u00f6rrskyddsgaller f\u00f6r Hund, 76-104 cm - Avsp\u00e4rrningsgaller utan borrning - St\u00e5lkonstruktion - Vit - S\u00e4kerhetsgaller f\u00f6r - TRUUSK - Hem, Tr\u00e4dg\u00e5rd &amp; Fritid\" \/>\n<meta property=\"og:description\" content=\"S\u00e4kra din fyrbenta v\u00e4n och optimera ditt hem med TRUUSK d\u00f6rrgaller utan borrning. Justerbar fr\u00e5n 76 till 104 cm, \u00e4r...\" \/>\n<meta property=\"og:url\" content=\"https:\/\/truusk.store\/sv\/produkt\/truusk-dorrskyddsgaller-for-hund-76-104-cm-avsparrningsgaller-utan-borrning-stalkonstruktion-vit-sakerhetsgaller-for\/\" \/>\n<meta property=\"og:site_name\" content=\"TRUUSK - Hem, Tr\u00e4dg\u00e5rd &amp; Fritid\" \/>\n<meta property=\"article:modified_time\" content=\"2026-03-12T08:43:29+00:00\" \/>\n<meta property=\"og:image\" content=\"https:\/\/i0.wp.com\/truusk.se\/wp-content\/uploads\/2025\/06\/dorrskyddsgaller-for-hund-76-104-cm-avsparrningsgaller-utan-borrning-trappgaller-av-stal-trappskyddsgaller-skyddsgaller-sakerhetsgaller-for-trappor-dorr-korridor-vit-1.webp?fit=2000%2C2000&ssl=1\" \/>\n\t<meta property=\"og:image:width\" content=\"2000\" \/>\n\t<meta property=\"og:image:height\" content=\"2000\" \/>\n\t<meta property=\"og:image:type\" content=\"image\/webp\" \/>\n<meta name=\"twitter:card\" content=\"summary_large_image\" \/>\n<meta name=\"twitter:label1\" content=\"Ber\u00e4knad l\u00e4stid\" \/>\n\t<meta name=\"twitter:data1\" content=\"1 minut\" \/>\n<!-- \/ Yoast SEO plugin. -->","yoast_head_json":{"title":"TRUUSK D\u00f6rrskyddsgaller f\u00f6r Hund, 76-104 cm - Avsp\u00e4rrningsgaller utan borrning - St\u00e5lkonstruktion - Vit - S\u00e4kerhetsgaller f\u00f6r - TRUUSK - Hem, Tr\u00e4dg\u00e5rd &amp; Fritid","robots":{"index":"index","follow":"follow","max-snippet":"max-snippet:-1","max-image-preview":"max-image-preview:large","max-video-preview":"max-video-preview:-1"},"canonical":"https:\/\/truusk.store\/sv\/produkt\/truusk-dorrskyddsgaller-for-hund-76-104-cm-avsparrningsgaller-utan-borrning-stalkonstruktion-vit-sakerhetsgaller-for\/","og_locale":"sv_SE","og_type":"article","og_title":"TRUUSK D\u00f6rrskyddsgaller f\u00f6r Hund, 76-104 cm - Avsp\u00e4rrningsgaller utan borrning - St\u00e5lkonstruktion - Vit - S\u00e4kerhetsgaller f\u00f6r - TRUUSK - Hem, Tr\u00e4dg\u00e5rd &amp; Fritid","og_description":"S\u00e4kra din fyrbenta v\u00e4n och optimera ditt hem med TRUUSK d\u00f6rrgaller utan borrning. Justerbar fr\u00e5n 76 till 104 cm, \u00e4r...","og_url":"https:\/\/truusk.store\/sv\/produkt\/truusk-dorrskyddsgaller-for-hund-76-104-cm-avsparrningsgaller-utan-borrning-stalkonstruktion-vit-sakerhetsgaller-for\/","og_site_name":"TRUUSK - Hem, Tr\u00e4dg\u00e5rd &amp; Fritid","article_modified_time":"2026-03-12T08:43:29+00:00","og_image":[{"width":2000,"height":2000,"url":"https:\/\/i0.wp.com\/truusk.se\/wp-content\/uploads\/2025\/06\/dorrskyddsgaller-for-hund-76-104-cm-avsparrningsgaller-utan-borrning-trappgaller-av-stal-trappskyddsgaller-skyddsgaller-sakerhetsgaller-for-trappor-dorr-korridor-vit-1.webp?fit=2000%2C2000&ssl=1","type":"image\/webp"}],"twitter_card":"summary_large_image","twitter_misc":{"Ber\u00e4knad l\u00e4stid":"1 minut"},"schema":{"@context":"https:\/\/schema.org","@graph":[{"@type":"WebPage","@id":"https:\/\/truusk.store\/sv\/produkt\/truusk-dorrskyddsgaller-for-hund-76-104-cm-avsparrningsgaller-utan-borrning-stalkonstruktion-vit-sakerhetsgaller-for\/","url":"https:\/\/truusk.store\/sv\/produkt\/truusk-dorrskyddsgaller-for-hund-76-104-cm-avsparrningsgaller-utan-borrning-stalkonstruktion-vit-sakerhetsgaller-for\/","name":"TRUUSK D\u00f6rrskyddsgaller f\u00f6r Hund, 76-104 cm - Avsp\u00e4rrningsgaller utan borrning - St\u00e5lkonstruktion - Vit - S\u00e4kerhetsgaller f\u00f6r - TRUUSK - Hem, Tr\u00e4dg\u00e5rd &amp; Fritid","isPartOf":{"@id":"https:\/\/truusk.store\/sv\/#website"},"primaryImageOfPage":{"@id":"https:\/\/truusk.store\/sv\/produkt\/truusk-dorrskyddsgaller-for-hund-76-104-cm-avsparrningsgaller-utan-borrning-stalkonstruktion-vit-sakerhetsgaller-for\/#primaryimage"},"image":{"@id":"https:\/\/truusk.store\/sv\/produkt\/truusk-dorrskyddsgaller-for-hund-76-104-cm-avsparrningsgaller-utan-borrning-stalkonstruktion-vit-sakerhetsgaller-for\/#primaryimage"},"thumbnailUrl":"https:\/\/i0.wp.com\/truusk.store\/wp-content\/uploads\/2025\/06\/dorrskyddsgaller-for-hund-76-104-cm-avsparrningsgaller-utan-borrning-trappgaller-av-stal-trappskyddsgaller-skyddsgaller-sakerhetsgaller-for-trappor-dorr-korridor-vit-1.webp?fit=2000%2C2000&ssl=1","datePublished":"2025-06-05T12:14:51+00:00","dateModified":"2026-03-12T08:43:29+00:00","breadcrumb":{"@id":"https:\/\/truusk.store\/sv\/produkt\/truusk-dorrskyddsgaller-for-hund-76-104-cm-avsparrningsgaller-utan-borrning-stalkonstruktion-vit-sakerhetsgaller-for\/#breadcrumb"},"inLanguage":"sv-SE","potentialAction":[{"@type":"ReadAction","target":["https:\/\/truusk.store\/sv\/produkt\/truusk-dorrskyddsgaller-for-hund-76-104-cm-avsparrningsgaller-utan-borrning-stalkonstruktion-vit-sakerhetsgaller-for\/"]}]},{"@type":"ImageObject","inLanguage":"sv-SE","@id":"https:\/\/truusk.store\/sv\/produkt\/truusk-dorrskyddsgaller-for-hund-76-104-cm-avsparrningsgaller-utan-borrning-stalkonstruktion-vit-sakerhetsgaller-for\/#primaryimage","url":"https:\/\/i0.wp.com\/truusk.store\/wp-content\/uploads\/2025\/06\/dorrskyddsgaller-for-hund-76-104-cm-avsparrningsgaller-utan-borrning-trappgaller-av-stal-trappskyddsgaller-skyddsgaller-sakerhetsgaller-for-trappor-dorr-korridor-vit-1.webp?fit=2000%2C2000&ssl=1","contentUrl":"https:\/\/i0.wp.com\/truusk.store\/wp-content\/uploads\/2025\/06\/dorrskyddsgaller-for-hund-76-104-cm-avsparrningsgaller-utan-borrning-trappgaller-av-stal-trappskyddsgaller-skyddsgaller-sakerhetsgaller-for-trappor-dorr-korridor-vit-1.webp?fit=2000%2C2000&ssl=1","width":2000,"height":2000},{"@type":"BreadcrumbList","@id":"https:\/\/truusk.store\/sv\/produkt\/truusk-dorrskyddsgaller-for-hund-76-104-cm-avsparrningsgaller-utan-borrning-stalkonstruktion-vit-sakerhetsgaller-for\/#breadcrumb","itemListElement":[{"@type":"ListItem","position":1,"name":"Home","item":"https:\/\/truusk.store\/sv\/"},{"@type":"ListItem","position":2,"name":"Shop","item":"https:\/\/truusk.store\/shop\/"},{"@type":"ListItem","position":3,"name":"TRUUSK D\u00f6rrskyddsgaller f\u00f6r Hund, 76-104 cm &#8211; Avsp\u00e4rrningsgaller utan borrning &#8211; St\u00e5lkonstruktion &#8211; Vit &#8211; S\u00e4kerhetsgaller f\u00f6r"}]},{"@type":"WebSite","@id":"https:\/\/truusk.store\/sv\/#website","url":"https:\/\/truusk.store\/sv\/","name":"TRUUSK - Hem, Tr\u00e4dg\u00e5rd & Fritid","description":"","publisher":{"@id":"https:\/\/truusk.store\/sv\/#organization"},"potentialAction":[{"@type":"SearchAction","target":{"@type":"EntryPoint","urlTemplate":"https:\/\/truusk.store\/sv\/?s={search_term_string}"},"query-input":{"@type":"PropertyValueSpecification","valueRequired":true,"valueName":"search_term_string"}}],"inLanguage":"sv-SE"},{"@type":"Organization","@id":"https:\/\/truusk.store\/sv\/#organization","name":"TRUUSK - Hem, Tr\u00e4dg\u00e5rd & Fritid","url":"https:\/\/truusk.store\/sv\/","logo":{"@type":"ImageObject","inLanguage":"sv-SE","@id":"https:\/\/truusk.store\/sv\/#\/schema\/logo\/image\/","url":"https:\/\/i0.wp.com\/truusk.store\/wp-content\/uploads\/2026\/03\/cropped-TRUUSK.png?fit=2032%2C917&ssl=1","contentUrl":"https:\/\/i0.wp.com\/truusk.store\/wp-content\/uploads\/2026\/03\/cropped-TRUUSK.png?fit=2032%2C917&ssl=1","width":2032,"height":917,"caption":"TRUUSK - Hem, Tr\u00e4dg\u00e5rd & Fritid"},"image":{"@id":"https:\/\/truusk.store\/sv\/#\/schema\/logo\/image\/"}}]}},"jetpack_sharing_enabled":true,"_links":{"self":[{"href":"https:\/\/truusk.store\/sv\/wp-json\/wp\/v2\/product\/66730","targetHints":{"allow":["GET"]}}],"collection":[{"href":"https:\/\/truusk.store\/sv\/wp-json\/wp\/v2\/product"}],"about":[{"href":"https:\/\/truusk.store\/sv\/wp-json\/wp\/v2\/types\/product"}],"wp:featuredmedia":[{"embeddable":true,"href":"https:\/\/truusk.store\/sv\/wp-json\/wp\/v2\/media\/66721"}],"wp:attachment":[{"href":"https:\/\/truusk.store\/sv\/wp-json\/wp\/v2\/media?parent=66730"}],"wp:term":[{"taxonomy":"product_brand","embeddable":true,"href":"https:\/\/truusk.store\/sv\/wp-json\/wp\/v2\/product_brand?post=66730"},{"taxonomy":"product_cat","embeddable":true,"href":"https:\/\/truusk.store\/sv\/wp-json\/wp\/v2\/product_cat?post=66730"},{"taxonomy":"product_tag","embeddable":true,"href":"https:\/\/truusk.store\/sv\/wp-json\/wp\/v2\/product_tag?post=66730"}],"curies":[{"name":"wp","href":"https:\/\/api.w.org\/{rel}","templated":true}]}}