{"id":66770,"date":"2025-06-05T13:19:01","date_gmt":"2025-06-05T12:19:01","guid":{"rendered":"https:\/\/truusk.store\/product\/paviljong-3x3m-vattenavvisande-stabil-vinterfast-pop-up-vikpaviljong-uv-skydd-50-hopfallbart-partytalt-tradgardstalt-med-4-sidodelar-vaska-tradgardspaviljong-for-camping-tradgard-morkbla\/"},"modified":"2026-03-12T08:40:13","modified_gmt":"2026-03-12T07:40:13","slug":"truusk-paviljong-3x3m-vattenavvisande-stabil-vinterfast-pop-up-vikpaviljong-uv-skydd-50-hopfallbart-partytalt","status":"publish","type":"product","link":"https:\/\/truusk.store\/sv\/produkt\/truusk-paviljong-3x3m-vattenavvisande-stabil-vinterfast-pop-up-vikpaviljong-uv-skydd-50-hopfallbart-partytalt\/","title":{"rendered":"TRUUSK Paviljong 3x3m &#8211; Vattenavvisande &#8211; Stabil &#8211; Vinterfast &#8211; Pop-up Vikpaviljong &#8211; UV-skydd 50+ &#8211; Hopf\u00e4llbart Partyt\u00e4lt &#8211;"},"content":{"rendered":"<p>Upplev problemfria utomhusevenemang med TRUUSK paviljong med sidov\u00e4ggar! Med 3 x 3 meter vecklar denna hopf\u00e4llbara paviljong ut sig blixtsnabbt, erbjuder UPF50+ skydd och utm\u00e4rkt ventilation genom tv\u00e5 f\u00f6nster och tv\u00e5 d\u00f6rrar. De h\u00f6jdjusterbara benen p\u00e5 partyt\u00e4ltet g\u00f6r det perfekt som tr\u00e4dg\u00e5rdst\u00e4lt, marknadsst\u00e5nd eller festt\u00e4lt.<\/p>\n<p>Beskrivning:<\/p>\n<ul>\n<li> Pop-up-designen p\u00e5 pop-up paviljongen garanterar snabb upp- och nedmontering<\/li>\n<li> B\u00e4rp\u00e5sen f\u00f6r campingpaviljongen m\u00f6jligg\u00f6r bekv\u00e4m f\u00f6rvaring och portabilitet<\/li>\n<li> UPF50+ Oxford-tyget p\u00e5 baldakinen erbjuder utm\u00e4rkt solskydd<\/li>\n<li> \u00c5tta dr\u00e4neringsh\u00e5l p\u00e5 den hopf\u00e4llbara paviljongen minskar vattenansamling<\/li>\n<li> Justerbara metallben m\u00f6jligg\u00f6r individuell h\u00f6jdjustering<\/li>\n<li> Tv\u00e5 f\u00f6nster \u00f6kar ljusstyrkan inuti<\/li>\n<li> Dubbeld\u00f6rrar f\u00f6rb\u00e4ttrar luftcirkulationen och m\u00f6jligg\u00f6r enkel tillg\u00e5ng<\/li>\n<li> F\u00f6r 6-9 personer, inklusive rep och t\u00e4ltspikar<\/li>\n<\/ul>\n<p> Tekniska data:<\/p>\n<ul>\n<li> F\u00e4rg: M\u00f6rkbl\u00e5<\/li>\n<li> Material: Metall, Oxford-tyg (100% polyester)<\/li>\n<li> Totala dimensioner: 300L x 300B x 273H cm<\/li>\n<li> Vikt storlek: 20L x 20B x 116H cm<\/li>\n<li> D\u00f6rrh\u00f6jd: 186H cm<\/li>\n<li> F\u00f6nsterstorlek: 180L x 103B cm<\/li>\n<li> Pelaravst\u00e5nd: 293L x 293B cm<\/li>\n<li> Sidov\u00e4ggsstorlek: 297B x 195H cm<\/li>\n<li> Vindstyrka: 4-5 (10,6-20,8 km\/h)<\/li>\n<li> Sn\u00f6lastkapacitet: 5 kg\/m\u00b2<\/li>\n<li> Notera: L\u00e4mna inte paviljongen uppsatt vid d\u00e5ligt v\u00e4der. Anv\u00e4nd alltid b\u00e5de de medf\u00f6ljande t\u00e4ltspikarna och f\u00f6rankringslinorna n\u00e4r du anv\u00e4nder din pop-up paviljong<\/li>\n<\/ul>\n<p>Leveransinneh\u00e5ll:<\/p>\n<ul>\n<li> 1 x Hopf\u00e4llbar paviljong<\/li>\n<li> 4 x F\u00f6rankringslina<\/li>\n<li> 12 x Jordspik<\/li>\n<li> 1 x B\u00e4rp\u00e5se<\/li>\n<li> 1 x Bruksanvisning<\/li>\n<\/ul>\n","protected":false},"excerpt":{"rendered":"<p>Upplev problemfria utomhusevenemang med TRUUSK paviljong med sidov\u00e4ggar! Med 3 x 3 meter vecklar denna hopf\u00e4llbara paviljong ut sig blixtsnabbt,&#8230;<\/p>\n","protected":false},"featured_media":66761,"template":"","meta":[],"product_brand":[],"product_cat":[477,858,476],"product_tag":[],"class_list":{"0":"post-66770","1":"product","2":"type-product","3":"status-publish","4":"has-post-thumbnail","6":"product_cat-paviljonger-partytalt","7":"product_cat-tradgard-terrass","8":"product_cat-tradgardspaviljonger","10":"first","11":"instock","12":"sale","13":"taxable","14":"shipping-taxable","15":"purchasable","16":"product-type-simple"},"yoast_head":"<!-- This site is optimized with the Yoast SEO plugin v25.4 - https:\/\/yoast.com\/wordpress\/plugins\/seo\/ -->\n<title>TRUUSK Paviljong 3x3m - Vattenavvisande - Stabil - Vinterfast - Pop-up Vikpaviljong - UV-skydd 50+ - Hopf\u00e4llbart Partyt\u00e4lt - TRUUSK - Hem, Tr\u00e4dg\u00e5rd &amp; Fritid<\/title>\n<meta name=\"robots\" content=\"index, follow, max-snippet:-1, max-image-preview:large, max-video-preview:-1\" \/>\n<link rel=\"canonical\" href=\"https:\/\/truusk.store\/sv\/produkt\/truusk-paviljong-3x3m-vattenavvisande-stabil-vinterfast-pop-up-vikpaviljong-uv-skydd-50-hopfallbart-partytalt\/\" \/>\n<meta property=\"og:locale\" content=\"sv_SE\" \/>\n<meta property=\"og:type\" content=\"article\" \/>\n<meta property=\"og:title\" content=\"TRUUSK Paviljong 3x3m - Vattenavvisande - Stabil - Vinterfast - Pop-up Vikpaviljong - UV-skydd 50+ - Hopf\u00e4llbart Partyt\u00e4lt - TRUUSK - Hem, Tr\u00e4dg\u00e5rd &amp; Fritid\" \/>\n<meta property=\"og:description\" content=\"Upplev problemfria utomhusevenemang med TRUUSK paviljong med sidov\u00e4ggar! Med 3 x 3 meter vecklar denna hopf\u00e4llbara paviljong ut sig blixtsnabbt,...\" \/>\n<meta property=\"og:url\" content=\"https:\/\/truusk.store\/sv\/produkt\/truusk-paviljong-3x3m-vattenavvisande-stabil-vinterfast-pop-up-vikpaviljong-uv-skydd-50-hopfallbart-partytalt\/\" \/>\n<meta property=\"og:site_name\" content=\"TRUUSK - Hem, Tr\u00e4dg\u00e5rd &amp; Fritid\" \/>\n<meta property=\"article:modified_time\" content=\"2026-03-12T07:40:13+00:00\" \/>\n<meta property=\"og:image\" content=\"https:\/\/i0.wp.com\/truusk.se\/wp-content\/uploads\/2025\/06\/paviljong-3x3m-vattenavvisande-stabil-vinterfast-pop-up-vikpaviljong-uv-skydd-50-hopfallbart-partytalt-tradgardstalt-med-4-sidodelar-vaska-tradgardspaviljong-for-camping-tradgard-morkbla-1.webp?fit=2000%2C2000&ssl=1\" \/>\n\t<meta property=\"og:image:width\" content=\"2000\" \/>\n\t<meta property=\"og:image:height\" content=\"2000\" \/>\n\t<meta property=\"og:image:type\" content=\"image\/webp\" \/>\n<meta name=\"twitter:card\" content=\"summary_large_image\" \/>\n<meta name=\"twitter:label1\" content=\"Ber\u00e4knad l\u00e4stid\" \/>\n\t<meta name=\"twitter:data1\" content=\"1 minut\" \/>\n<!-- \/ Yoast SEO plugin. -->","yoast_head_json":{"title":"TRUUSK Paviljong 3x3m - Vattenavvisande - Stabil - Vinterfast - Pop-up Vikpaviljong - UV-skydd 50+ - Hopf\u00e4llbart Partyt\u00e4lt - TRUUSK - Hem, Tr\u00e4dg\u00e5rd &amp; Fritid","robots":{"index":"index","follow":"follow","max-snippet":"max-snippet:-1","max-image-preview":"max-image-preview:large","max-video-preview":"max-video-preview:-1"},"canonical":"https:\/\/truusk.store\/sv\/produkt\/truusk-paviljong-3x3m-vattenavvisande-stabil-vinterfast-pop-up-vikpaviljong-uv-skydd-50-hopfallbart-partytalt\/","og_locale":"sv_SE","og_type":"article","og_title":"TRUUSK Paviljong 3x3m - Vattenavvisande - Stabil - Vinterfast - Pop-up Vikpaviljong - UV-skydd 50+ - Hopf\u00e4llbart Partyt\u00e4lt - TRUUSK - Hem, Tr\u00e4dg\u00e5rd &amp; Fritid","og_description":"Upplev problemfria utomhusevenemang med TRUUSK paviljong med sidov\u00e4ggar! Med 3 x 3 meter vecklar denna hopf\u00e4llbara paviljong ut sig blixtsnabbt,...","og_url":"https:\/\/truusk.store\/sv\/produkt\/truusk-paviljong-3x3m-vattenavvisande-stabil-vinterfast-pop-up-vikpaviljong-uv-skydd-50-hopfallbart-partytalt\/","og_site_name":"TRUUSK - Hem, Tr\u00e4dg\u00e5rd &amp; Fritid","article_modified_time":"2026-03-12T07:40:13+00:00","og_image":[{"width":2000,"height":2000,"url":"https:\/\/i0.wp.com\/truusk.se\/wp-content\/uploads\/2025\/06\/paviljong-3x3m-vattenavvisande-stabil-vinterfast-pop-up-vikpaviljong-uv-skydd-50-hopfallbart-partytalt-tradgardstalt-med-4-sidodelar-vaska-tradgardspaviljong-for-camping-tradgard-morkbla-1.webp?fit=2000%2C2000&ssl=1","type":"image\/webp"}],"twitter_card":"summary_large_image","twitter_misc":{"Ber\u00e4knad l\u00e4stid":"1 minut"},"schema":{"@context":"https:\/\/schema.org","@graph":[{"@type":"WebPage","@id":"https:\/\/truusk.store\/sv\/produkt\/truusk-paviljong-3x3m-vattenavvisande-stabil-vinterfast-pop-up-vikpaviljong-uv-skydd-50-hopfallbart-partytalt\/","url":"https:\/\/truusk.store\/sv\/produkt\/truusk-paviljong-3x3m-vattenavvisande-stabil-vinterfast-pop-up-vikpaviljong-uv-skydd-50-hopfallbart-partytalt\/","name":"TRUUSK Paviljong 3x3m - Vattenavvisande - Stabil - Vinterfast - Pop-up Vikpaviljong - UV-skydd 50+ - Hopf\u00e4llbart Partyt\u00e4lt - TRUUSK - Hem, Tr\u00e4dg\u00e5rd &amp; Fritid","isPartOf":{"@id":"https:\/\/truusk.store\/sv\/#website"},"primaryImageOfPage":{"@id":"https:\/\/truusk.store\/sv\/produkt\/truusk-paviljong-3x3m-vattenavvisande-stabil-vinterfast-pop-up-vikpaviljong-uv-skydd-50-hopfallbart-partytalt\/#primaryimage"},"image":{"@id":"https:\/\/truusk.store\/sv\/produkt\/truusk-paviljong-3x3m-vattenavvisande-stabil-vinterfast-pop-up-vikpaviljong-uv-skydd-50-hopfallbart-partytalt\/#primaryimage"},"thumbnailUrl":"https:\/\/i0.wp.com\/truusk.store\/wp-content\/uploads\/2025\/06\/paviljong-3x3m-vattenavvisande-stabil-vinterfast-pop-up-vikpaviljong-uv-skydd-50-hopfallbart-partytalt-tradgardstalt-med-4-sidodelar-vaska-tradgardspaviljong-for-camping-tradgard-morkbla-1.webp?fit=2000%2C2000&ssl=1","datePublished":"2025-06-05T12:19:01+00:00","dateModified":"2026-03-12T07:40:13+00:00","breadcrumb":{"@id":"https:\/\/truusk.store\/sv\/produkt\/truusk-paviljong-3x3m-vattenavvisande-stabil-vinterfast-pop-up-vikpaviljong-uv-skydd-50-hopfallbart-partytalt\/#breadcrumb"},"inLanguage":"sv-SE","potentialAction":[{"@type":"ReadAction","target":["https:\/\/truusk.store\/sv\/produkt\/truusk-paviljong-3x3m-vattenavvisande-stabil-vinterfast-pop-up-vikpaviljong-uv-skydd-50-hopfallbart-partytalt\/"]}]},{"@type":"ImageObject","inLanguage":"sv-SE","@id":"https:\/\/truusk.store\/sv\/produkt\/truusk-paviljong-3x3m-vattenavvisande-stabil-vinterfast-pop-up-vikpaviljong-uv-skydd-50-hopfallbart-partytalt\/#primaryimage","url":"https:\/\/i0.wp.com\/truusk.store\/wp-content\/uploads\/2025\/06\/paviljong-3x3m-vattenavvisande-stabil-vinterfast-pop-up-vikpaviljong-uv-skydd-50-hopfallbart-partytalt-tradgardstalt-med-4-sidodelar-vaska-tradgardspaviljong-for-camping-tradgard-morkbla-1.webp?fit=2000%2C2000&ssl=1","contentUrl":"https:\/\/i0.wp.com\/truusk.store\/wp-content\/uploads\/2025\/06\/paviljong-3x3m-vattenavvisande-stabil-vinterfast-pop-up-vikpaviljong-uv-skydd-50-hopfallbart-partytalt-tradgardstalt-med-4-sidodelar-vaska-tradgardspaviljong-for-camping-tradgard-morkbla-1.webp?fit=2000%2C2000&ssl=1","width":2000,"height":2000},{"@type":"BreadcrumbList","@id":"https:\/\/truusk.store\/sv\/produkt\/truusk-paviljong-3x3m-vattenavvisande-stabil-vinterfast-pop-up-vikpaviljong-uv-skydd-50-hopfallbart-partytalt\/#breadcrumb","itemListElement":[{"@type":"ListItem","position":1,"name":"Home","item":"https:\/\/truusk.store\/sv\/"},{"@type":"ListItem","position":2,"name":"Shop","item":"https:\/\/truusk.store\/shop\/"},{"@type":"ListItem","position":3,"name":"TRUUSK Paviljong 3x3m &#8211; Vattenavvisande &#8211; Stabil &#8211; Vinterfast &#8211; Pop-up Vikpaviljong &#8211; UV-skydd 50+ &#8211; Hopf\u00e4llbart Partyt\u00e4lt &#8211;"}]},{"@type":"WebSite","@id":"https:\/\/truusk.store\/sv\/#website","url":"https:\/\/truusk.store\/sv\/","name":"TRUUSK - Hem, Tr\u00e4dg\u00e5rd & Fritid","description":"","publisher":{"@id":"https:\/\/truusk.store\/sv\/#organization"},"potentialAction":[{"@type":"SearchAction","target":{"@type":"EntryPoint","urlTemplate":"https:\/\/truusk.store\/sv\/?s={search_term_string}"},"query-input":{"@type":"PropertyValueSpecification","valueRequired":true,"valueName":"search_term_string"}}],"inLanguage":"sv-SE"},{"@type":"Organization","@id":"https:\/\/truusk.store\/sv\/#organization","name":"TRUUSK - Hem, Tr\u00e4dg\u00e5rd & Fritid","url":"https:\/\/truusk.store\/sv\/","logo":{"@type":"ImageObject","inLanguage":"sv-SE","@id":"https:\/\/truusk.store\/sv\/#\/schema\/logo\/image\/","url":"https:\/\/i0.wp.com\/truusk.store\/wp-content\/uploads\/2026\/03\/cropped-TRUUSK.png?fit=2032%2C917&ssl=1","contentUrl":"https:\/\/i0.wp.com\/truusk.store\/wp-content\/uploads\/2026\/03\/cropped-TRUUSK.png?fit=2032%2C917&ssl=1","width":2032,"height":917,"caption":"TRUUSK - Hem, Tr\u00e4dg\u00e5rd & Fritid"},"image":{"@id":"https:\/\/truusk.store\/sv\/#\/schema\/logo\/image\/"}}]}},"jetpack_sharing_enabled":true,"_links":{"self":[{"href":"https:\/\/truusk.store\/sv\/wp-json\/wp\/v2\/product\/66770","targetHints":{"allow":["GET"]}}],"collection":[{"href":"https:\/\/truusk.store\/sv\/wp-json\/wp\/v2\/product"}],"about":[{"href":"https:\/\/truusk.store\/sv\/wp-json\/wp\/v2\/types\/product"}],"wp:featuredmedia":[{"embeddable":true,"href":"https:\/\/truusk.store\/sv\/wp-json\/wp\/v2\/media\/66761"}],"wp:attachment":[{"href":"https:\/\/truusk.store\/sv\/wp-json\/wp\/v2\/media?parent=66770"}],"wp:term":[{"taxonomy":"product_brand","embeddable":true,"href":"https:\/\/truusk.store\/sv\/wp-json\/wp\/v2\/product_brand?post=66770"},{"taxonomy":"product_cat","embeddable":true,"href":"https:\/\/truusk.store\/sv\/wp-json\/wp\/v2\/product_cat?post=66770"},{"taxonomy":"product_tag","embeddable":true,"href":"https:\/\/truusk.store\/sv\/wp-json\/wp\/v2\/product_tag?post=66770"}],"curies":[{"name":"wp","href":"https:\/\/api.w.org\/{rel}","templated":true}]}}