{"id":66790,"date":"2025-06-05T13:20:57","date_gmt":"2025-06-05T12:20:57","guid":{"rendered":"https:\/\/truusk.store\/product\/kokso-koksvagn-pa-hjul-med-fallbart-arbetsbord-lada-rullande-koksskap-med-hylla-handduksstang-kryddhylla-serveringsvagn-vit\/"},"modified":"2026-03-12T09:47:09","modified_gmt":"2026-03-12T08:47:09","slug":"truusk-koksvagn-pa-hjul-fallbart-arbetsbord-lada-rullande-koksskap-hylla-handduksstang-kryddhylla-serveringsvagn-vit","status":"publish","type":"product","link":"https:\/\/truusk.store\/sv\/produkt\/truusk-koksvagn-pa-hjul-fallbart-arbetsbord-lada-rullande-koksskap-hylla-handduksstang-kryddhylla-serveringsvagn-vit\/","title":{"rendered":"TRUUSK K\u00f6ksvagn P\u00e5 Hjul &#8211; F\u00e4llbart Arbetsbord &#8211; L\u00e5da &#8211; Rullande K\u00f6kssk\u00e5p &#8211; Hylla &#8211; Handduksst\u00e5ng &#8211; Kryddhylla &#8211; Serveringsvagn Vit"},"content":{"rendered":"<p>Upplev m\u00e5ngsidigheten hos TRUUSK k\u00f6ksvagn. Med en utdragbar arbetsyta och stabila metallst\u00e4ll kan arbetsomr\u00e5det utvidgas eller anpassas till sm\u00e5 utrymmen. Ett sk\u00e5pfack med tv\u00e5 d\u00f6rrar och en justerbar hylla erbjuder praktiskt f\u00f6rvaringsutrymme. Dessutom fungerar serveringsvagnen utm\u00e4rkt som en stilfull matbord eller frukostbord och berikar alla k\u00f6k.<\/p>\n<p>Beskrivning:<\/p>\n<ul>\n<li> Utvikbar f\u00f6rvaringsyta med h\u00f6gkvalitativa f\u00e4llbara konsoler, flexibelt anpassningsbar till rummet<\/li>\n<li> Stort f\u00f6rvaringsutrymme inkluderar en l\u00e5da, ett sk\u00e5pfack, en kryddhylla och en handduksst\u00e5ng<\/li>\n<li> Trestegs justerbar hylla i sk\u00e5pet f\u00f6r individuell lagring<\/li>\n<li> Fyra hjul med tv\u00e5 bromsar garanterar mobilitet och stabilitet<\/li>\n<li> Fungerar som en f\u00f6rberedningsyta f\u00f6r mat, matbord eller frukostbar<\/li>\n<li> L\u00e5da med glidande skenor och magnetiska d\u00f6rrg\u00e5ngj\u00e4rn f\u00f6r enkel anv\u00e4ndning<\/li>\n<li> Yta med melaminbel\u00e4ggning garanterar enkel reng\u00f6ring<\/li>\n<li> Montering kr\u00e4vs<\/li>\n<\/ul>\n<p> Tekniska data:<\/p>\n<ul>\n<li> F\u00e4rg: Vit+Ek<\/li>\n<li> Material: Sp\u00e5nskiva, MDF, St\u00e5l<\/li>\n<li> Totala dimensioner: 106B x 42T x 87H cm<\/li>\n<li> Arbetsplattans storlek: 80B x 39T cm (hopf\u00e4lld), 80B x 68T cm (utf\u00e4lld)<\/li>\n<li> Inre m\u00e5tt p\u00e5 l\u00e5dan: 69B x 28T x 9H cm<\/li>\n<li> Inre m\u00e5tt p\u00e5 sk\u00e5pet: 73B x 28T x 60H cm<\/li>\n<li> Kryddhyllans storlek: 31B x 16T x 10H cm<\/li>\n<li> B\u00e4rkapacitet: 50 kg (totalt), 20 kg (arbetsplatta), 10 kg (nedre sk\u00e5pfack), 5 kg (l\u00e5da\/justerbar hylla)<\/li>\n<\/ul>\n<p>Leveransinneh\u00e5ll:<\/p>\n<ul>\n<li> 1 x K\u00f6ks\u00f6<\/li>\n<li> 1 x Bruksanvisning<\/li>\n<\/ul>\n","protected":false},"excerpt":{"rendered":"<p>Upplev m\u00e5ngsidigheten hos TRUUSK k\u00f6ksvagn. Med en utdragbar arbetsyta och stabila metallst\u00e4ll kan arbetsomr\u00e5det utvidgas eller anpassas till sm\u00e5 utrymmen&#8230;.<\/p>\n","protected":false},"featured_media":66781,"template":"","meta":[],"product_brand":[],"product_cat":[871,889,1017],"product_tag":[],"class_list":{"0":"post-66790","1":"product","2":"type-product","3":"status-publish","4":"has-post-thumbnail","6":"product_cat-hus-hem","7":"product_cat-kok-matsal","8":"product_cat-koksoar","10":"first","11":"instock","12":"sale","13":"taxable","14":"shipping-taxable","15":"purchasable","16":"product-type-simple"},"yoast_head":"<!-- This site is optimized with the Yoast SEO plugin v25.4 - https:\/\/yoast.com\/wordpress\/plugins\/seo\/ -->\n<title>TRUUSK K\u00f6ksvagn P\u00e5 Hjul - F\u00e4llbart Arbetsbord - L\u00e5da - Rullande K\u00f6kssk\u00e5p - Hylla - Handduksst\u00e5ng - Kryddhylla - Serveringsvagn Vit - TRUUSK - Hem, Tr\u00e4dg\u00e5rd &amp; Fritid<\/title>\n<meta name=\"robots\" content=\"index, follow, max-snippet:-1, max-image-preview:large, max-video-preview:-1\" \/>\n<link rel=\"canonical\" href=\"https:\/\/truusk.store\/sv\/produkt\/truusk-koksvagn-pa-hjul-fallbart-arbetsbord-lada-rullande-koksskap-hylla-handduksstang-kryddhylla-serveringsvagn-vit\/\" \/>\n<meta property=\"og:locale\" content=\"sv_SE\" \/>\n<meta property=\"og:type\" content=\"article\" \/>\n<meta property=\"og:title\" content=\"TRUUSK K\u00f6ksvagn P\u00e5 Hjul - F\u00e4llbart Arbetsbord - L\u00e5da - Rullande K\u00f6kssk\u00e5p - Hylla - Handduksst\u00e5ng - Kryddhylla - Serveringsvagn Vit - TRUUSK - Hem, Tr\u00e4dg\u00e5rd &amp; Fritid\" \/>\n<meta property=\"og:description\" content=\"Upplev m\u00e5ngsidigheten hos TRUUSK k\u00f6ksvagn. Med en utdragbar arbetsyta och stabila metallst\u00e4ll kan arbetsomr\u00e5det utvidgas eller anpassas till sm\u00e5 utrymmen....\" \/>\n<meta property=\"og:url\" content=\"https:\/\/truusk.store\/sv\/produkt\/truusk-koksvagn-pa-hjul-fallbart-arbetsbord-lada-rullande-koksskap-hylla-handduksstang-kryddhylla-serveringsvagn-vit\/\" \/>\n<meta property=\"og:site_name\" content=\"TRUUSK - Hem, Tr\u00e4dg\u00e5rd &amp; Fritid\" \/>\n<meta property=\"article:modified_time\" content=\"2026-03-12T08:47:09+00:00\" \/>\n<meta property=\"og:image\" content=\"https:\/\/i0.wp.com\/truusk.se\/wp-content\/uploads\/2025\/06\/kokso-koksvagn-pa-hjul-med-fallbart-arbetsbord-lada-rullande-koksskap-med-hylla-handduksstang-kryddhylla-serveringsvagn-vit-1.webp?fit=2000%2C2000&ssl=1\" \/>\n\t<meta property=\"og:image:width\" content=\"2000\" \/>\n\t<meta property=\"og:image:height\" content=\"2000\" \/>\n\t<meta property=\"og:image:type\" content=\"image\/webp\" \/>\n<meta name=\"twitter:card\" content=\"summary_large_image\" \/>\n<meta name=\"twitter:label1\" content=\"Ber\u00e4knad l\u00e4stid\" \/>\n\t<meta name=\"twitter:data1\" content=\"1 minut\" \/>\n<!-- \/ Yoast SEO plugin. -->","yoast_head_json":{"title":"TRUUSK K\u00f6ksvagn P\u00e5 Hjul - F\u00e4llbart Arbetsbord - L\u00e5da - Rullande K\u00f6kssk\u00e5p - Hylla - Handduksst\u00e5ng - Kryddhylla - Serveringsvagn Vit - TRUUSK - Hem, Tr\u00e4dg\u00e5rd &amp; Fritid","robots":{"index":"index","follow":"follow","max-snippet":"max-snippet:-1","max-image-preview":"max-image-preview:large","max-video-preview":"max-video-preview:-1"},"canonical":"https:\/\/truusk.store\/sv\/produkt\/truusk-koksvagn-pa-hjul-fallbart-arbetsbord-lada-rullande-koksskap-hylla-handduksstang-kryddhylla-serveringsvagn-vit\/","og_locale":"sv_SE","og_type":"article","og_title":"TRUUSK K\u00f6ksvagn P\u00e5 Hjul - F\u00e4llbart Arbetsbord - L\u00e5da - Rullande K\u00f6kssk\u00e5p - Hylla - Handduksst\u00e5ng - Kryddhylla - Serveringsvagn Vit - TRUUSK - Hem, Tr\u00e4dg\u00e5rd &amp; Fritid","og_description":"Upplev m\u00e5ngsidigheten hos TRUUSK k\u00f6ksvagn. Med en utdragbar arbetsyta och stabila metallst\u00e4ll kan arbetsomr\u00e5det utvidgas eller anpassas till sm\u00e5 utrymmen....","og_url":"https:\/\/truusk.store\/sv\/produkt\/truusk-koksvagn-pa-hjul-fallbart-arbetsbord-lada-rullande-koksskap-hylla-handduksstang-kryddhylla-serveringsvagn-vit\/","og_site_name":"TRUUSK - Hem, Tr\u00e4dg\u00e5rd &amp; Fritid","article_modified_time":"2026-03-12T08:47:09+00:00","og_image":[{"width":2000,"height":2000,"url":"https:\/\/i0.wp.com\/truusk.se\/wp-content\/uploads\/2025\/06\/kokso-koksvagn-pa-hjul-med-fallbart-arbetsbord-lada-rullande-koksskap-med-hylla-handduksstang-kryddhylla-serveringsvagn-vit-1.webp?fit=2000%2C2000&ssl=1","type":"image\/webp"}],"twitter_card":"summary_large_image","twitter_misc":{"Ber\u00e4knad l\u00e4stid":"1 minut"},"schema":{"@context":"https:\/\/schema.org","@graph":[{"@type":"WebPage","@id":"https:\/\/truusk.store\/sv\/produkt\/truusk-koksvagn-pa-hjul-fallbart-arbetsbord-lada-rullande-koksskap-hylla-handduksstang-kryddhylla-serveringsvagn-vit\/","url":"https:\/\/truusk.store\/sv\/produkt\/truusk-koksvagn-pa-hjul-fallbart-arbetsbord-lada-rullande-koksskap-hylla-handduksstang-kryddhylla-serveringsvagn-vit\/","name":"TRUUSK K\u00f6ksvagn P\u00e5 Hjul - F\u00e4llbart Arbetsbord - L\u00e5da - Rullande K\u00f6kssk\u00e5p - Hylla - Handduksst\u00e5ng - Kryddhylla - Serveringsvagn Vit - TRUUSK - Hem, Tr\u00e4dg\u00e5rd &amp; Fritid","isPartOf":{"@id":"https:\/\/truusk.store\/sv\/#website"},"primaryImageOfPage":{"@id":"https:\/\/truusk.store\/sv\/produkt\/truusk-koksvagn-pa-hjul-fallbart-arbetsbord-lada-rullande-koksskap-hylla-handduksstang-kryddhylla-serveringsvagn-vit\/#primaryimage"},"image":{"@id":"https:\/\/truusk.store\/sv\/produkt\/truusk-koksvagn-pa-hjul-fallbart-arbetsbord-lada-rullande-koksskap-hylla-handduksstang-kryddhylla-serveringsvagn-vit\/#primaryimage"},"thumbnailUrl":"https:\/\/i0.wp.com\/truusk.store\/wp-content\/uploads\/2025\/06\/kokso-koksvagn-pa-hjul-med-fallbart-arbetsbord-lada-rullande-koksskap-med-hylla-handduksstang-kryddhylla-serveringsvagn-vit-1.webp?fit=2000%2C2000&ssl=1","datePublished":"2025-06-05T12:20:57+00:00","dateModified":"2026-03-12T08:47:09+00:00","breadcrumb":{"@id":"https:\/\/truusk.store\/sv\/produkt\/truusk-koksvagn-pa-hjul-fallbart-arbetsbord-lada-rullande-koksskap-hylla-handduksstang-kryddhylla-serveringsvagn-vit\/#breadcrumb"},"inLanguage":"sv-SE","potentialAction":[{"@type":"ReadAction","target":["https:\/\/truusk.store\/sv\/produkt\/truusk-koksvagn-pa-hjul-fallbart-arbetsbord-lada-rullande-koksskap-hylla-handduksstang-kryddhylla-serveringsvagn-vit\/"]}]},{"@type":"ImageObject","inLanguage":"sv-SE","@id":"https:\/\/truusk.store\/sv\/produkt\/truusk-koksvagn-pa-hjul-fallbart-arbetsbord-lada-rullande-koksskap-hylla-handduksstang-kryddhylla-serveringsvagn-vit\/#primaryimage","url":"https:\/\/i0.wp.com\/truusk.store\/wp-content\/uploads\/2025\/06\/kokso-koksvagn-pa-hjul-med-fallbart-arbetsbord-lada-rullande-koksskap-med-hylla-handduksstang-kryddhylla-serveringsvagn-vit-1.webp?fit=2000%2C2000&ssl=1","contentUrl":"https:\/\/i0.wp.com\/truusk.store\/wp-content\/uploads\/2025\/06\/kokso-koksvagn-pa-hjul-med-fallbart-arbetsbord-lada-rullande-koksskap-med-hylla-handduksstang-kryddhylla-serveringsvagn-vit-1.webp?fit=2000%2C2000&ssl=1","width":2000,"height":2000},{"@type":"BreadcrumbList","@id":"https:\/\/truusk.store\/sv\/produkt\/truusk-koksvagn-pa-hjul-fallbart-arbetsbord-lada-rullande-koksskap-hylla-handduksstang-kryddhylla-serveringsvagn-vit\/#breadcrumb","itemListElement":[{"@type":"ListItem","position":1,"name":"Home","item":"https:\/\/truusk.store\/sv\/"},{"@type":"ListItem","position":2,"name":"Shop","item":"https:\/\/truusk.store\/shop\/"},{"@type":"ListItem","position":3,"name":"TRUUSK K\u00f6ksvagn P\u00e5 Hjul &#8211; F\u00e4llbart Arbetsbord &#8211; L\u00e5da &#8211; Rullande K\u00f6kssk\u00e5p &#8211; Hylla &#8211; Handduksst\u00e5ng &#8211; Kryddhylla &#8211; Serveringsvagn Vit"}]},{"@type":"WebSite","@id":"https:\/\/truusk.store\/sv\/#website","url":"https:\/\/truusk.store\/sv\/","name":"TRUUSK - Hem, Tr\u00e4dg\u00e5rd & Fritid","description":"","publisher":{"@id":"https:\/\/truusk.store\/sv\/#organization"},"potentialAction":[{"@type":"SearchAction","target":{"@type":"EntryPoint","urlTemplate":"https:\/\/truusk.store\/sv\/?s={search_term_string}"},"query-input":{"@type":"PropertyValueSpecification","valueRequired":true,"valueName":"search_term_string"}}],"inLanguage":"sv-SE"},{"@type":"Organization","@id":"https:\/\/truusk.store\/sv\/#organization","name":"TRUUSK - Hem, Tr\u00e4dg\u00e5rd & Fritid","url":"https:\/\/truusk.store\/sv\/","logo":{"@type":"ImageObject","inLanguage":"sv-SE","@id":"https:\/\/truusk.store\/sv\/#\/schema\/logo\/image\/","url":"https:\/\/i0.wp.com\/truusk.store\/wp-content\/uploads\/2026\/03\/cropped-TRUUSK.png?fit=2032%2C917&ssl=1","contentUrl":"https:\/\/i0.wp.com\/truusk.store\/wp-content\/uploads\/2026\/03\/cropped-TRUUSK.png?fit=2032%2C917&ssl=1","width":2032,"height":917,"caption":"TRUUSK - Hem, Tr\u00e4dg\u00e5rd & Fritid"},"image":{"@id":"https:\/\/truusk.store\/sv\/#\/schema\/logo\/image\/"}}]}},"jetpack_sharing_enabled":true,"_links":{"self":[{"href":"https:\/\/truusk.store\/sv\/wp-json\/wp\/v2\/product\/66790","targetHints":{"allow":["GET"]}}],"collection":[{"href":"https:\/\/truusk.store\/sv\/wp-json\/wp\/v2\/product"}],"about":[{"href":"https:\/\/truusk.store\/sv\/wp-json\/wp\/v2\/types\/product"}],"wp:featuredmedia":[{"embeddable":true,"href":"https:\/\/truusk.store\/sv\/wp-json\/wp\/v2\/media\/66781"}],"wp:attachment":[{"href":"https:\/\/truusk.store\/sv\/wp-json\/wp\/v2\/media?parent=66790"}],"wp:term":[{"taxonomy":"product_brand","embeddable":true,"href":"https:\/\/truusk.store\/sv\/wp-json\/wp\/v2\/product_brand?post=66790"},{"taxonomy":"product_cat","embeddable":true,"href":"https:\/\/truusk.store\/sv\/wp-json\/wp\/v2\/product_cat?post=66790"},{"taxonomy":"product_tag","embeddable":true,"href":"https:\/\/truusk.store\/sv\/wp-json\/wp\/v2\/product_tag?post=66790"}],"curies":[{"name":"wp","href":"https:\/\/api.w.org\/{rel}","templated":true}]}}