{"id":66810,"date":"2025-06-05T13:22:41","date_gmt":"2025-06-05T12:22:41","guid":{"rendered":"https:\/\/truusk.store\/product\/redskapshus-413-m%c2%b3-tradgardshus-260-x-177-x-190-cm-redskapsbod-med-fonster-lasbar-dorr-cykelgarage-tradgardsskap-i-stal-for-bakgard-tradgard-morkgra\/"},"modified":"2026-03-12T09:46:24","modified_gmt":"2026-03-12T08:46:24","slug":"truusk-redskapshus-413-m%c2%b3-tradgardshus-260-x-177-x-190-cm-redskapsbod-med-fonster-lasbar-dorr-cykelgarage","status":"publish","type":"product","link":"https:\/\/truusk.store\/sv\/produkt\/truusk-redskapshus-413-m%c2%b3-tradgardshus-260-x-177-x-190-cm-redskapsbod-med-fonster-lasbar-dorr-cykelgarage\/","title":{"rendered":"TRUUSK Redskapshus 4,13 m\u00b3 &#8211; Tr\u00e4dg\u00e5rdshus 260 x 177 x 190 cm &#8211; Redskapsbod med f\u00f6nster &#8211; L\u00e5sbar d\u00f6rr &#8211; Cykelgarage &#8211;"},"content":{"rendered":"<p>Forma om din tr\u00e4dg\u00e5rd med TRUUSK metallskjul som m\u00e4ter 260 x 177 x 190 cm. Den har ett transparent f\u00f6nster som sl\u00e4pper in dagsljus, samt effektiva ventilations\u00f6ppningar f\u00f6r luftcirkulation. Den 114 cm breda ing\u00e5ngsd\u00f6rren med s\u00e4ker l\u00e5sning och l\u00e5s g\u00f6r den till det perfekta valet f\u00f6r dina \u00e4ndam\u00e5l och lagrar tr\u00e4dg\u00e5rdsverktyg och andra f\u00f6rem\u00e5l p\u00e5litligt.<\/p>\n<p>Beskrivning:<\/p>\n<ul>\n<li> Naturligt ljus kommer in genom ett transparent f\u00f6nster<\/li>\n<li> Ventilations\u00f6ppningar s\u00e4kerst\u00e4ller luftcirkulation, minskar fukt och lukter<\/li>\n<li> 114 cm bred d\u00f6rr underl\u00e4ttar tillg\u00e5ngen och har ett s\u00e4kert l\u00e5s<\/li>\n<li> F\u00f6rzinkad st\u00e5lkonstruktion \u00e4r v\u00e4derbest\u00e4ndig och f\u00f6rblir vattent\u00e4t<\/li>\n<li> Monteringen kr\u00e4ver 2-3 personer. Undvik bl\u00e5siga f\u00f6rh\u00e5llanden. Handskar ing\u00e5r<\/li>\n<\/ul>\n<p> Tekniska data:<\/p>\n<ul>\n<li> F\u00e4rg: M\u00f6rkgr\u00e5<\/li>\n<li> Material: F\u00f6rzinkat st\u00e5l<\/li>\n<li> Totala dimensioner: 260B x 177T x 173\/190H cm<\/li>\n<li> Golvstorlek: 252B x 164T cm, 4,13 m\u00b2<\/li>\n<li> Inre m\u00e5tt: 241B x 152T cm<\/li>\n<li> D\u00f6rm\u00e5tt: 114B x 163H cm<\/li>\n<li> F\u00f6nsterm\u00e5tt: 68B x 74H cm<\/li>\n<li> Sn\u00f6last: 40 kg\/m\u00b2<\/li>\n<\/ul>\n<p>Leveransinneh\u00e5ll:<\/p>\n<ul>\n<li> 1 x Tr\u00e4dg\u00e5rdsskjul<\/li>\n<li> L\u00e5s och nyckel<\/li>\n<li> 1 par handskar<\/li>\n<li> 1 x Handbok<\/li>\n<\/ul>\n","protected":false},"excerpt":{"rendered":"<p>Forma om din tr\u00e4dg\u00e5rd med TRUUSK metallskjul som m\u00e4ter 260 x 177 x 190 cm. Den har ett transparent f\u00f6nster&#8230;<\/p>\n","protected":false},"featured_media":66799,"template":"","meta":[],"product_brand":[],"product_cat":[901,902,858],"product_tag":[],"class_list":{"0":"post-66810","1":"product","2":"type-product","3":"status-publish","4":"has-post-thumbnail","6":"product_cat-ordning-i-tradgarden","7":"product_cat-redskapsskjul-och-redskapshus","8":"product_cat-tradgard-terrass","10":"first","11":"instock","12":"sale","13":"taxable","14":"shipping-taxable","15":"purchasable","16":"product-type-simple"},"yoast_head":"<!-- This site is optimized with the Yoast SEO plugin v25.4 - https:\/\/yoast.com\/wordpress\/plugins\/seo\/ -->\n<title>TRUUSK Redskapshus 4,13 m\u00b3 - Tr\u00e4dg\u00e5rdshus 260 x 177 x 190 cm - Redskapsbod med f\u00f6nster - L\u00e5sbar d\u00f6rr - Cykelgarage - TRUUSK - Hem, Tr\u00e4dg\u00e5rd &amp; Fritid<\/title>\n<meta name=\"robots\" content=\"index, follow, max-snippet:-1, max-image-preview:large, max-video-preview:-1\" \/>\n<link rel=\"canonical\" href=\"https:\/\/truusk.store\/sv\/produkt\/truusk-redskapshus-413-m%c2%b3-tradgardshus-260-x-177-x-190-cm-redskapsbod-med-fonster-lasbar-dorr-cykelgarage\/\" \/>\n<meta property=\"og:locale\" content=\"sv_SE\" \/>\n<meta property=\"og:type\" content=\"article\" \/>\n<meta property=\"og:title\" content=\"TRUUSK Redskapshus 4,13 m\u00b3 - Tr\u00e4dg\u00e5rdshus 260 x 177 x 190 cm - Redskapsbod med f\u00f6nster - L\u00e5sbar d\u00f6rr - Cykelgarage - TRUUSK - Hem, Tr\u00e4dg\u00e5rd &amp; Fritid\" \/>\n<meta property=\"og:description\" content=\"Forma om din tr\u00e4dg\u00e5rd med TRUUSK metallskjul som m\u00e4ter 260 x 177 x 190 cm. Den har ett transparent f\u00f6nster...\" \/>\n<meta property=\"og:url\" content=\"https:\/\/truusk.store\/sv\/produkt\/truusk-redskapshus-413-m%c2%b3-tradgardshus-260-x-177-x-190-cm-redskapsbod-med-fonster-lasbar-dorr-cykelgarage\/\" \/>\n<meta property=\"og:site_name\" content=\"TRUUSK - Hem, Tr\u00e4dg\u00e5rd &amp; Fritid\" \/>\n<meta property=\"article:modified_time\" content=\"2026-03-12T08:46:24+00:00\" \/>\n<meta property=\"og:image\" content=\"https:\/\/i0.wp.com\/truusk.se\/wp-content\/uploads\/2025\/06\/redskapshus-413-mc2b3-tradgardshus-260-x-177-x-190-cm-redskapsbod-med-fonster-lasbar-dorr-cykelgarage-tradgardsskap-i-stal-for-bakgard-tradgard-morkgra-1.webp?fit=2000%2C2000&ssl=1\" \/>\n\t<meta property=\"og:image:width\" content=\"2000\" \/>\n\t<meta property=\"og:image:height\" content=\"2000\" \/>\n\t<meta property=\"og:image:type\" content=\"image\/webp\" \/>\n<meta name=\"twitter:card\" content=\"summary_large_image\" \/>\n<meta name=\"twitter:label1\" content=\"Ber\u00e4knad l\u00e4stid\" \/>\n\t<meta name=\"twitter:data1\" content=\"1 minut\" \/>\n<!-- \/ Yoast SEO plugin. -->","yoast_head_json":{"title":"TRUUSK Redskapshus 4,13 m\u00b3 - Tr\u00e4dg\u00e5rdshus 260 x 177 x 190 cm - Redskapsbod med f\u00f6nster - L\u00e5sbar d\u00f6rr - Cykelgarage - TRUUSK - Hem, Tr\u00e4dg\u00e5rd &amp; Fritid","robots":{"index":"index","follow":"follow","max-snippet":"max-snippet:-1","max-image-preview":"max-image-preview:large","max-video-preview":"max-video-preview:-1"},"canonical":"https:\/\/truusk.store\/sv\/produkt\/truusk-redskapshus-413-m%c2%b3-tradgardshus-260-x-177-x-190-cm-redskapsbod-med-fonster-lasbar-dorr-cykelgarage\/","og_locale":"sv_SE","og_type":"article","og_title":"TRUUSK Redskapshus 4,13 m\u00b3 - Tr\u00e4dg\u00e5rdshus 260 x 177 x 190 cm - Redskapsbod med f\u00f6nster - L\u00e5sbar d\u00f6rr - Cykelgarage - TRUUSK - Hem, Tr\u00e4dg\u00e5rd &amp; Fritid","og_description":"Forma om din tr\u00e4dg\u00e5rd med TRUUSK metallskjul som m\u00e4ter 260 x 177 x 190 cm. Den har ett transparent f\u00f6nster...","og_url":"https:\/\/truusk.store\/sv\/produkt\/truusk-redskapshus-413-m%c2%b3-tradgardshus-260-x-177-x-190-cm-redskapsbod-med-fonster-lasbar-dorr-cykelgarage\/","og_site_name":"TRUUSK - Hem, Tr\u00e4dg\u00e5rd &amp; Fritid","article_modified_time":"2026-03-12T08:46:24+00:00","og_image":[{"width":2000,"height":2000,"url":"https:\/\/i0.wp.com\/truusk.se\/wp-content\/uploads\/2025\/06\/redskapshus-413-mc2b3-tradgardshus-260-x-177-x-190-cm-redskapsbod-med-fonster-lasbar-dorr-cykelgarage-tradgardsskap-i-stal-for-bakgard-tradgard-morkgra-1.webp?fit=2000%2C2000&ssl=1","type":"image\/webp"}],"twitter_card":"summary_large_image","twitter_misc":{"Ber\u00e4knad l\u00e4stid":"1 minut"},"schema":{"@context":"https:\/\/schema.org","@graph":[{"@type":"WebPage","@id":"https:\/\/truusk.store\/sv\/produkt\/truusk-redskapshus-413-m%c2%b3-tradgardshus-260-x-177-x-190-cm-redskapsbod-med-fonster-lasbar-dorr-cykelgarage\/","url":"https:\/\/truusk.store\/sv\/produkt\/truusk-redskapshus-413-m%c2%b3-tradgardshus-260-x-177-x-190-cm-redskapsbod-med-fonster-lasbar-dorr-cykelgarage\/","name":"TRUUSK Redskapshus 4,13 m\u00b3 - Tr\u00e4dg\u00e5rdshus 260 x 177 x 190 cm - Redskapsbod med f\u00f6nster - L\u00e5sbar d\u00f6rr - Cykelgarage - TRUUSK - Hem, Tr\u00e4dg\u00e5rd &amp; Fritid","isPartOf":{"@id":"https:\/\/truusk.store\/sv\/#website"},"primaryImageOfPage":{"@id":"https:\/\/truusk.store\/sv\/produkt\/truusk-redskapshus-413-m%c2%b3-tradgardshus-260-x-177-x-190-cm-redskapsbod-med-fonster-lasbar-dorr-cykelgarage\/#primaryimage"},"image":{"@id":"https:\/\/truusk.store\/sv\/produkt\/truusk-redskapshus-413-m%c2%b3-tradgardshus-260-x-177-x-190-cm-redskapsbod-med-fonster-lasbar-dorr-cykelgarage\/#primaryimage"},"thumbnailUrl":"https:\/\/i0.wp.com\/truusk.store\/wp-content\/uploads\/2025\/06\/redskapshus-413-mc2b3-tradgardshus-260-x-177-x-190-cm-redskapsbod-med-fonster-lasbar-dorr-cykelgarage-tradgardsskap-i-stal-for-bakgard-tradgard-morkgra-1.webp?fit=2000%2C2000&ssl=1","datePublished":"2025-06-05T12:22:41+00:00","dateModified":"2026-03-12T08:46:24+00:00","breadcrumb":{"@id":"https:\/\/truusk.store\/sv\/produkt\/truusk-redskapshus-413-m%c2%b3-tradgardshus-260-x-177-x-190-cm-redskapsbod-med-fonster-lasbar-dorr-cykelgarage\/#breadcrumb"},"inLanguage":"sv-SE","potentialAction":[{"@type":"ReadAction","target":["https:\/\/truusk.store\/sv\/produkt\/truusk-redskapshus-413-m%c2%b3-tradgardshus-260-x-177-x-190-cm-redskapsbod-med-fonster-lasbar-dorr-cykelgarage\/"]}]},{"@type":"ImageObject","inLanguage":"sv-SE","@id":"https:\/\/truusk.store\/sv\/produkt\/truusk-redskapshus-413-m%c2%b3-tradgardshus-260-x-177-x-190-cm-redskapsbod-med-fonster-lasbar-dorr-cykelgarage\/#primaryimage","url":"https:\/\/i0.wp.com\/truusk.store\/wp-content\/uploads\/2025\/06\/redskapshus-413-mc2b3-tradgardshus-260-x-177-x-190-cm-redskapsbod-med-fonster-lasbar-dorr-cykelgarage-tradgardsskap-i-stal-for-bakgard-tradgard-morkgra-1.webp?fit=2000%2C2000&ssl=1","contentUrl":"https:\/\/i0.wp.com\/truusk.store\/wp-content\/uploads\/2025\/06\/redskapshus-413-mc2b3-tradgardshus-260-x-177-x-190-cm-redskapsbod-med-fonster-lasbar-dorr-cykelgarage-tradgardsskap-i-stal-for-bakgard-tradgard-morkgra-1.webp?fit=2000%2C2000&ssl=1","width":2000,"height":2000},{"@type":"BreadcrumbList","@id":"https:\/\/truusk.store\/sv\/produkt\/truusk-redskapshus-413-m%c2%b3-tradgardshus-260-x-177-x-190-cm-redskapsbod-med-fonster-lasbar-dorr-cykelgarage\/#breadcrumb","itemListElement":[{"@type":"ListItem","position":1,"name":"Home","item":"https:\/\/truusk.store\/sv\/"},{"@type":"ListItem","position":2,"name":"Shop","item":"https:\/\/truusk.store\/shop\/"},{"@type":"ListItem","position":3,"name":"TRUUSK Redskapshus 4,13 m\u00b3 &#8211; Tr\u00e4dg\u00e5rdshus 260 x 177 x 190 cm &#8211; Redskapsbod med f\u00f6nster &#8211; L\u00e5sbar d\u00f6rr &#8211; Cykelgarage &#8211;"}]},{"@type":"WebSite","@id":"https:\/\/truusk.store\/sv\/#website","url":"https:\/\/truusk.store\/sv\/","name":"TRUUSK - Hem, Tr\u00e4dg\u00e5rd & Fritid","description":"","publisher":{"@id":"https:\/\/truusk.store\/sv\/#organization"},"potentialAction":[{"@type":"SearchAction","target":{"@type":"EntryPoint","urlTemplate":"https:\/\/truusk.store\/sv\/?s={search_term_string}"},"query-input":{"@type":"PropertyValueSpecification","valueRequired":true,"valueName":"search_term_string"}}],"inLanguage":"sv-SE"},{"@type":"Organization","@id":"https:\/\/truusk.store\/sv\/#organization","name":"TRUUSK - Hem, Tr\u00e4dg\u00e5rd & Fritid","url":"https:\/\/truusk.store\/sv\/","logo":{"@type":"ImageObject","inLanguage":"sv-SE","@id":"https:\/\/truusk.store\/sv\/#\/schema\/logo\/image\/","url":"https:\/\/i0.wp.com\/truusk.store\/wp-content\/uploads\/2026\/03\/cropped-TRUUSK.png?fit=2032%2C917&ssl=1","contentUrl":"https:\/\/i0.wp.com\/truusk.store\/wp-content\/uploads\/2026\/03\/cropped-TRUUSK.png?fit=2032%2C917&ssl=1","width":2032,"height":917,"caption":"TRUUSK - Hem, Tr\u00e4dg\u00e5rd & Fritid"},"image":{"@id":"https:\/\/truusk.store\/sv\/#\/schema\/logo\/image\/"}}]}},"jetpack_sharing_enabled":true,"_links":{"self":[{"href":"https:\/\/truusk.store\/sv\/wp-json\/wp\/v2\/product\/66810","targetHints":{"allow":["GET"]}}],"collection":[{"href":"https:\/\/truusk.store\/sv\/wp-json\/wp\/v2\/product"}],"about":[{"href":"https:\/\/truusk.store\/sv\/wp-json\/wp\/v2\/types\/product"}],"wp:featuredmedia":[{"embeddable":true,"href":"https:\/\/truusk.store\/sv\/wp-json\/wp\/v2\/media\/66799"}],"wp:attachment":[{"href":"https:\/\/truusk.store\/sv\/wp-json\/wp\/v2\/media?parent=66810"}],"wp:term":[{"taxonomy":"product_brand","embeddable":true,"href":"https:\/\/truusk.store\/sv\/wp-json\/wp\/v2\/product_brand?post=66810"},{"taxonomy":"product_cat","embeddable":true,"href":"https:\/\/truusk.store\/sv\/wp-json\/wp\/v2\/product_cat?post=66810"},{"taxonomy":"product_tag","embeddable":true,"href":"https:\/\/truusk.store\/sv\/wp-json\/wp\/v2\/product_tag?post=66810"}],"curies":[{"name":"wp","href":"https:\/\/api.w.org\/{rel}","templated":true}]}}