{"id":66860,"date":"2025-06-05T13:27:43","date_gmt":"2025-06-05T12:27:43","guid":{"rendered":"https:\/\/truusk.store\/product\/paviljong-ca-3x3m-vattenavvisande-stabil-vinterbestandig-pop-up-vikpaviljong-uv-skydd-50-vikbar-partytalt-tradgardstalt-med-4-sidodelar-vaska-tradgardspaviljong-for-camping-tradgard-kaffe\/"},"modified":"2026-03-12T09:31:34","modified_gmt":"2026-03-12T08:31:34","slug":"truusk-paviljong-ca-3x3m-vattenavvisande-stabil-vinterbestandig-uv-skydd-50-pop-up-vikpaviljong-vikbar-partytalt","status":"publish","type":"product","link":"https:\/\/truusk.store\/sv\/produkt\/truusk-paviljong-ca-3x3m-vattenavvisande-stabil-vinterbestandig-uv-skydd-50-pop-up-vikpaviljong-vikbar-partytalt\/","title":{"rendered":"TRUUSK Paviljong Ca.3x3m &#8211; Vattenavvisande &#8211; Stabil Vinterbest\u00e4ndig &#8211; UV-skydd 50+ &#8211; Pop-up Vikpaviljong &#8211; Vikbar Partyt\u00e4lt &#8211;"},"content":{"rendered":"<p>Detta kompakta 2,95 x 2,95 m TRUUSK paviljong med sidov\u00e4ggar ger ett idealiskt, l\u00e4ttmonterat skydd. Perfekt tr\u00e4dg\u00e5rdspaviljong f\u00f6r familjefester, br\u00f6llop, picknick, sportevenemang, byggarbetsplatser och campingresor. Partyt\u00e4ltet kan snabbt monteras upp eller ner och har en h\u00f6gkvalitativ, pulverlackerad st\u00e5lram som ger h\u00f6g stabilitet och \u00e4r vinterbest\u00e4ndig.<\/p>\n<p>Beskrivning:<\/p>\n<ul>\n<li> Partyt\u00e4ltet levereras med en b\u00e4rv\u00e4ska<\/li>\n<li> Vikbart paviljong med ett vatten- och rostbest\u00e4ndigt t\u00e4ltduk<\/li>\n<li> Skydd mot UV-str\u00e5lar<\/li>\n<li> \u00c5tta dr\u00e4neringsh\u00e5l p\u00e5 toppen av paviljongen f\u00f6rhindrar vattenansamling<\/li>\n<li> H\u00f6gstabilt pulverlackerat st\u00e5lram<\/li>\n<li> Utm\u00e4rkt f\u00f6r kommersiella och privata \u00e4ndam\u00e5l, s\u00e4rskilt som \u00f6lt\u00e4lt<\/li>\n<li> Sidov\u00e4ggarna p\u00e5 campingpaviljongen kan l\u00e4tt tas bort och f\u00e4stas med kardborreband<\/li>\n<li> 4 sidov\u00e4ggar, varav 2 med knappar och 2 med dragkedja<\/li>\n<li> Monteringen kr\u00e4ver 2 personer<\/li>\n<\/ul>\n<p>Tekniska data:<\/p>\n<ul>\n<li> F\u00e4rg: Kaffe<\/li>\n<li> Material: St\u00e5l, Oxfordtyg (100% polyester)<\/li>\n<li> Storlek: 2,95L x 2,95B x 2,58H m<\/li>\n<li> Sidov\u00e4ggsh\u00f6jd: 1,96 m<\/li>\n<li> Takram: 11 x 22 x 0,53 mm<\/li>\n<li> St\u00f6d: 25 x 25 x 0,6 mm\/20 x 20 x 0,6 mm<\/li>\n<\/ul>\n<p>Leveransinneh\u00e5ll:<\/p>\n<ul>\n<li> 1 x Vikbart paviljong<\/li>\n<li> 4 x Sidov\u00e4gg<\/li>\n<li> 4 x Sp\u00e4nnlina<\/li>\n<li> 8 x T\u00e4ltpinne<\/li>\n<\/ul>\n","protected":false},"excerpt":{"rendered":"<p>Detta kompakta 2,95 x 2,95 m TRUUSK paviljong med sidov\u00e4ggar ger ett idealiskt, l\u00e4ttmonterat skydd. Perfekt tr\u00e4dg\u00e5rdspaviljong f\u00f6r familjefester, br\u00f6llop,&#8230;<\/p>\n","protected":false},"featured_media":66851,"template":"","meta":[],"product_brand":[],"product_cat":[477,858,476],"product_tag":[],"class_list":{"0":"post-66860","1":"product","2":"type-product","3":"status-publish","4":"has-post-thumbnail","6":"product_cat-paviljonger-partytalt","7":"product_cat-tradgard-terrass","8":"product_cat-tradgardspaviljonger","10":"first","11":"instock","12":"sale","13":"taxable","14":"shipping-taxable","15":"purchasable","16":"product-type-simple"},"yoast_head":"<!-- This site is optimized with the Yoast SEO plugin v25.4 - https:\/\/yoast.com\/wordpress\/plugins\/seo\/ -->\n<title>TRUUSK Paviljong Ca.3x3m - Vattenavvisande - Stabil Vinterbest\u00e4ndig - UV-skydd 50+ - Pop-up Vikpaviljong - Vikbar Partyt\u00e4lt - TRUUSK - Hem, Tr\u00e4dg\u00e5rd &amp; Fritid<\/title>\n<meta name=\"robots\" content=\"index, follow, max-snippet:-1, max-image-preview:large, max-video-preview:-1\" \/>\n<link rel=\"canonical\" href=\"https:\/\/truusk.store\/sv\/produkt\/truusk-paviljong-ca-3x3m-vattenavvisande-stabil-vinterbestandig-uv-skydd-50-pop-up-vikpaviljong-vikbar-partytalt\/\" \/>\n<meta property=\"og:locale\" content=\"sv_SE\" \/>\n<meta property=\"og:type\" content=\"article\" \/>\n<meta property=\"og:title\" content=\"TRUUSK Paviljong Ca.3x3m - Vattenavvisande - Stabil Vinterbest\u00e4ndig - UV-skydd 50+ - Pop-up Vikpaviljong - Vikbar Partyt\u00e4lt - TRUUSK - Hem, Tr\u00e4dg\u00e5rd &amp; Fritid\" \/>\n<meta property=\"og:description\" content=\"Detta kompakta 2,95 x 2,95 m TRUUSK paviljong med sidov\u00e4ggar ger ett idealiskt, l\u00e4ttmonterat skydd. Perfekt tr\u00e4dg\u00e5rdspaviljong f\u00f6r familjefester, br\u00f6llop,...\" \/>\n<meta property=\"og:url\" content=\"https:\/\/truusk.store\/sv\/produkt\/truusk-paviljong-ca-3x3m-vattenavvisande-stabil-vinterbestandig-uv-skydd-50-pop-up-vikpaviljong-vikbar-partytalt\/\" \/>\n<meta property=\"og:site_name\" content=\"TRUUSK - Hem, Tr\u00e4dg\u00e5rd &amp; Fritid\" \/>\n<meta property=\"article:modified_time\" content=\"2026-03-12T08:31:34+00:00\" \/>\n<meta property=\"og:image\" content=\"https:\/\/i0.wp.com\/truusk.se\/wp-content\/uploads\/2025\/06\/paviljong-ca-3x3m-vattenavvisande-stabil-vinterbestandig-pop-up-vikpaviljong-uv-skydd-50-vikbar-partytalt-tradgardstalt-med-4-sidodelar-vaska-tradgardspaviljong-for-camping-tradgard-kaffe-1.webp?fit=2000%2C2000&ssl=1\" \/>\n\t<meta property=\"og:image:width\" content=\"2000\" \/>\n\t<meta property=\"og:image:height\" content=\"2000\" \/>\n\t<meta property=\"og:image:type\" content=\"image\/webp\" \/>\n<meta name=\"twitter:card\" content=\"summary_large_image\" \/>\n<meta name=\"twitter:label1\" content=\"Ber\u00e4knad l\u00e4stid\" \/>\n\t<meta name=\"twitter:data1\" content=\"1 minut\" \/>\n<!-- \/ Yoast SEO plugin. -->","yoast_head_json":{"title":"TRUUSK Paviljong Ca.3x3m - Vattenavvisande - Stabil Vinterbest\u00e4ndig - UV-skydd 50+ - Pop-up Vikpaviljong - Vikbar Partyt\u00e4lt - TRUUSK - Hem, Tr\u00e4dg\u00e5rd &amp; Fritid","robots":{"index":"index","follow":"follow","max-snippet":"max-snippet:-1","max-image-preview":"max-image-preview:large","max-video-preview":"max-video-preview:-1"},"canonical":"https:\/\/truusk.store\/sv\/produkt\/truusk-paviljong-ca-3x3m-vattenavvisande-stabil-vinterbestandig-uv-skydd-50-pop-up-vikpaviljong-vikbar-partytalt\/","og_locale":"sv_SE","og_type":"article","og_title":"TRUUSK Paviljong Ca.3x3m - Vattenavvisande - Stabil Vinterbest\u00e4ndig - UV-skydd 50+ - Pop-up Vikpaviljong - Vikbar Partyt\u00e4lt - TRUUSK - Hem, Tr\u00e4dg\u00e5rd &amp; Fritid","og_description":"Detta kompakta 2,95 x 2,95 m TRUUSK paviljong med sidov\u00e4ggar ger ett idealiskt, l\u00e4ttmonterat skydd. Perfekt tr\u00e4dg\u00e5rdspaviljong f\u00f6r familjefester, br\u00f6llop,...","og_url":"https:\/\/truusk.store\/sv\/produkt\/truusk-paviljong-ca-3x3m-vattenavvisande-stabil-vinterbestandig-uv-skydd-50-pop-up-vikpaviljong-vikbar-partytalt\/","og_site_name":"TRUUSK - Hem, Tr\u00e4dg\u00e5rd &amp; Fritid","article_modified_time":"2026-03-12T08:31:34+00:00","og_image":[{"width":2000,"height":2000,"url":"https:\/\/i0.wp.com\/truusk.se\/wp-content\/uploads\/2025\/06\/paviljong-ca-3x3m-vattenavvisande-stabil-vinterbestandig-pop-up-vikpaviljong-uv-skydd-50-vikbar-partytalt-tradgardstalt-med-4-sidodelar-vaska-tradgardspaviljong-for-camping-tradgard-kaffe-1.webp?fit=2000%2C2000&ssl=1","type":"image\/webp"}],"twitter_card":"summary_large_image","twitter_misc":{"Ber\u00e4knad l\u00e4stid":"1 minut"},"schema":{"@context":"https:\/\/schema.org","@graph":[{"@type":"WebPage","@id":"https:\/\/truusk.store\/sv\/produkt\/truusk-paviljong-ca-3x3m-vattenavvisande-stabil-vinterbestandig-uv-skydd-50-pop-up-vikpaviljong-vikbar-partytalt\/","url":"https:\/\/truusk.store\/sv\/produkt\/truusk-paviljong-ca-3x3m-vattenavvisande-stabil-vinterbestandig-uv-skydd-50-pop-up-vikpaviljong-vikbar-partytalt\/","name":"TRUUSK Paviljong Ca.3x3m - Vattenavvisande - Stabil Vinterbest\u00e4ndig - UV-skydd 50+ - Pop-up Vikpaviljong - Vikbar Partyt\u00e4lt - TRUUSK - Hem, Tr\u00e4dg\u00e5rd &amp; Fritid","isPartOf":{"@id":"https:\/\/truusk.store\/sv\/#website"},"primaryImageOfPage":{"@id":"https:\/\/truusk.store\/sv\/produkt\/truusk-paviljong-ca-3x3m-vattenavvisande-stabil-vinterbestandig-uv-skydd-50-pop-up-vikpaviljong-vikbar-partytalt\/#primaryimage"},"image":{"@id":"https:\/\/truusk.store\/sv\/produkt\/truusk-paviljong-ca-3x3m-vattenavvisande-stabil-vinterbestandig-uv-skydd-50-pop-up-vikpaviljong-vikbar-partytalt\/#primaryimage"},"thumbnailUrl":"https:\/\/i0.wp.com\/truusk.store\/wp-content\/uploads\/2025\/06\/paviljong-ca-3x3m-vattenavvisande-stabil-vinterbestandig-pop-up-vikpaviljong-uv-skydd-50-vikbar-partytalt-tradgardstalt-med-4-sidodelar-vaska-tradgardspaviljong-for-camping-tradgard-kaffe-1.webp?fit=2000%2C2000&ssl=1","datePublished":"2025-06-05T12:27:43+00:00","dateModified":"2026-03-12T08:31:34+00:00","breadcrumb":{"@id":"https:\/\/truusk.store\/sv\/produkt\/truusk-paviljong-ca-3x3m-vattenavvisande-stabil-vinterbestandig-uv-skydd-50-pop-up-vikpaviljong-vikbar-partytalt\/#breadcrumb"},"inLanguage":"sv-SE","potentialAction":[{"@type":"ReadAction","target":["https:\/\/truusk.store\/sv\/produkt\/truusk-paviljong-ca-3x3m-vattenavvisande-stabil-vinterbestandig-uv-skydd-50-pop-up-vikpaviljong-vikbar-partytalt\/"]}]},{"@type":"ImageObject","inLanguage":"sv-SE","@id":"https:\/\/truusk.store\/sv\/produkt\/truusk-paviljong-ca-3x3m-vattenavvisande-stabil-vinterbestandig-uv-skydd-50-pop-up-vikpaviljong-vikbar-partytalt\/#primaryimage","url":"https:\/\/i0.wp.com\/truusk.store\/wp-content\/uploads\/2025\/06\/paviljong-ca-3x3m-vattenavvisande-stabil-vinterbestandig-pop-up-vikpaviljong-uv-skydd-50-vikbar-partytalt-tradgardstalt-med-4-sidodelar-vaska-tradgardspaviljong-for-camping-tradgard-kaffe-1.webp?fit=2000%2C2000&ssl=1","contentUrl":"https:\/\/i0.wp.com\/truusk.store\/wp-content\/uploads\/2025\/06\/paviljong-ca-3x3m-vattenavvisande-stabil-vinterbestandig-pop-up-vikpaviljong-uv-skydd-50-vikbar-partytalt-tradgardstalt-med-4-sidodelar-vaska-tradgardspaviljong-for-camping-tradgard-kaffe-1.webp?fit=2000%2C2000&ssl=1","width":2000,"height":2000},{"@type":"BreadcrumbList","@id":"https:\/\/truusk.store\/sv\/produkt\/truusk-paviljong-ca-3x3m-vattenavvisande-stabil-vinterbestandig-uv-skydd-50-pop-up-vikpaviljong-vikbar-partytalt\/#breadcrumb","itemListElement":[{"@type":"ListItem","position":1,"name":"Home","item":"https:\/\/truusk.store\/sv\/"},{"@type":"ListItem","position":2,"name":"Shop","item":"https:\/\/truusk.store\/shop\/"},{"@type":"ListItem","position":3,"name":"TRUUSK Paviljong Ca.3x3m &#8211; Vattenavvisande &#8211; Stabil Vinterbest\u00e4ndig &#8211; UV-skydd 50+ &#8211; Pop-up Vikpaviljong &#8211; Vikbar Partyt\u00e4lt &#8211;"}]},{"@type":"WebSite","@id":"https:\/\/truusk.store\/sv\/#website","url":"https:\/\/truusk.store\/sv\/","name":"TRUUSK - Hem, Tr\u00e4dg\u00e5rd & Fritid","description":"","publisher":{"@id":"https:\/\/truusk.store\/sv\/#organization"},"potentialAction":[{"@type":"SearchAction","target":{"@type":"EntryPoint","urlTemplate":"https:\/\/truusk.store\/sv\/?s={search_term_string}"},"query-input":{"@type":"PropertyValueSpecification","valueRequired":true,"valueName":"search_term_string"}}],"inLanguage":"sv-SE"},{"@type":"Organization","@id":"https:\/\/truusk.store\/sv\/#organization","name":"TRUUSK - Hem, Tr\u00e4dg\u00e5rd & Fritid","url":"https:\/\/truusk.store\/sv\/","logo":{"@type":"ImageObject","inLanguage":"sv-SE","@id":"https:\/\/truusk.store\/sv\/#\/schema\/logo\/image\/","url":"https:\/\/i0.wp.com\/truusk.store\/wp-content\/uploads\/2026\/03\/cropped-TRUUSK.png?fit=2032%2C917&ssl=1","contentUrl":"https:\/\/i0.wp.com\/truusk.store\/wp-content\/uploads\/2026\/03\/cropped-TRUUSK.png?fit=2032%2C917&ssl=1","width":2032,"height":917,"caption":"TRUUSK - Hem, Tr\u00e4dg\u00e5rd & Fritid"},"image":{"@id":"https:\/\/truusk.store\/sv\/#\/schema\/logo\/image\/"}}]}},"jetpack_sharing_enabled":true,"_links":{"self":[{"href":"https:\/\/truusk.store\/sv\/wp-json\/wp\/v2\/product\/66860","targetHints":{"allow":["GET"]}}],"collection":[{"href":"https:\/\/truusk.store\/sv\/wp-json\/wp\/v2\/product"}],"about":[{"href":"https:\/\/truusk.store\/sv\/wp-json\/wp\/v2\/types\/product"}],"wp:featuredmedia":[{"embeddable":true,"href":"https:\/\/truusk.store\/sv\/wp-json\/wp\/v2\/media\/66851"}],"wp:attachment":[{"href":"https:\/\/truusk.store\/sv\/wp-json\/wp\/v2\/media?parent=66860"}],"wp:term":[{"taxonomy":"product_brand","embeddable":true,"href":"https:\/\/truusk.store\/sv\/wp-json\/wp\/v2\/product_brand?post=66860"},{"taxonomy":"product_cat","embeddable":true,"href":"https:\/\/truusk.store\/sv\/wp-json\/wp\/v2\/product_cat?post=66860"},{"taxonomy":"product_tag","embeddable":true,"href":"https:\/\/truusk.store\/sv\/wp-json\/wp\/v2\/product_tag?post=66860"}],"curies":[{"name":"wp","href":"https:\/\/api.w.org\/{rel}","templated":true}]}}