{"id":66971,"date":"2025-06-05T13:38:56","date_gmt":"2025-06-05T12:38:56","guid":{"rendered":"https:\/\/truusk.store\/product\/dvarghamsterbur-i-tra-65-x-45-x-109-cm-gnagarbur-med-hyddor-gungbrada-pall-matskalar-4-niva-smadjursbur-med-las-ramper-hjul-gra\/"},"modified":"2026-03-12T09:46:38","modified_gmt":"2026-03-12T08:46:38","slug":"truusk-dvargpase-i-tra-65-x-45-x-109-cm-hyddor-gungbrada-pall-matskalar-4-niva-smadjursbur-las-ramper-hjul-gra","status":"publish","type":"product","link":"https:\/\/truusk.store\/sv\/produkt\/truusk-dvargpase-i-tra-65-x-45-x-109-cm-hyddor-gungbrada-pall-matskalar-4-niva-smadjursbur-las-ramper-hjul-gra\/","title":{"rendered":"TRUUSK Dv\u00e4rgp\u00e5se i tr\u00e4, 65 x 45 x 109 cm &#8211; Hyddor &#8211; Gungbr\u00e4da &#8211; Pall &#8211; Matsk\u00e5lar &#8211; 4-niv\u00e5 Sm\u00e5djursbur &#8211; L\u00e5s &#8211; Ramper &#8211; Hjul &#8211; Gr\u00e5"},"content":{"rendered":"<p>TRUUSK dv\u00e4rghamsterbur \u00e4r det idealiska hemmet f\u00f6r din lurviga lilla v\u00e4n. Med en 9,5 cm djup l\u00e5da f\u00f6r str\u00f6, massor av tillbeh\u00f6r och en s\u00e4ker l\u00e5s f\u00f6r enkel reng\u00f6ring, erbjuder denna lilla djurbur en rolig och s\u00e4ker milj\u00f6. Tack vare den fyrv\u00e5ningsdesign, flera ing\u00e5ngar och praktiska hjul \u00e4r den l\u00e4tt att flytta och underh\u00e5lla. Perfekt f\u00f6r olika sm\u00e5djur.<\/p>\n<p>Beskrivning:<\/p>\n<ul>\n<li> Den 9,5 cm djupa l\u00e5dan erbjuder gott om plats f\u00f6r str\u00f6<\/li>\n<li> Fyrv\u00e5ningsdesign av r\u00e5ttbur med flera d\u00f6rrar garanterar tillg\u00e4nglig underh\u00e5ll<\/li>\n<li> Inneh\u00e5ller tv\u00e5 hyddor, gungor och ramper<\/li>\n<li> Tillverkad av naturligt grantr\u00e4<\/li>\n<li> Fyra hjul p\u00e5 gnagarens bur s\u00e4kerst\u00e4ller mobilitet, tv\u00e5 av dem med bromsar f\u00f6r stabilitet<\/li>\n<li> L\u00e4mplig f\u00f6r olika sm\u00e5 gnagare som dv\u00e4rg- och syriska hamstrar<\/li>\n<li> Montering kr\u00e4vs<\/li>\n<\/ul>\n<p> Tekniska data:<\/p>\n<ul>\n<li> F\u00e4rg: Gr\u00e5<\/li>\n<li> Material: Grantr\u00e4<\/li>\n<li> Totala dimensioner: 65B x 45D x 109H cm<\/li>\n<li> Plattform: 60,8B x 41D x 45\/24\/27,5H cm (Nedre\/Andra\/Tredje)<\/li>\n<li> Liten plattform: 60,8B x 18D cm (Mellan f\u00f6rsta och andra niv\u00e5n)<\/li>\n<li> D\u00f6rr: 54,5B x 24,5H cm (\u00d6vre), 54,5B x 21,5H cm (Mitten)<\/li>\n<li> Sidod\u00f6rr: 39B x 12,5H cm<\/li>\n<li> Hydda: 20B x 15D x 13H cm (Stor), 15B x 13D x 13H cm (Liten)<\/li>\n<li> Hyddd\u00f6rrh\u00e5l: 12B x 10H cm (Stor), 7,5B x 9,5H cm (Liten)<\/li>\n<li> Trappa: 31\/40,5L x 9,5B cm (Nedre\/\u00d6vre)<\/li>\n<li> L\u00e5da: 60,5B x 40,5D x 9,5H cm<\/li>\n<li> L\u00e5d\u00f6rr: 61B x 11,5H cm<\/li>\n<li> N\u00e4tgaller: 1,2L x 1,2B cm<\/li>\n<li> Gunga: 20L x 8B x 4H cm<\/li>\n<li> Vattensk\u00e5l: 80 ml<\/li>\n<li> Hjul: \u00d84 cm<\/li>\n<\/ul>\n<p> Leverans inneh\u00e5ller:<\/p>\n<ul>\n<li> 1 x Dv\u00e4rghamsterbur<\/li>\n<li> 1 x Bruksanvisning<\/li>\n<\/ul>\n","protected":false},"excerpt":{"rendered":"<p>TRUUSK dv\u00e4rghamsterbur \u00e4r det idealiska hemmet f\u00f6r din lurviga lilla v\u00e4n. Med en 9,5 cm djup l\u00e5da f\u00f6r str\u00f6, massor&#8230;<\/p>\n","protected":false},"featured_media":66961,"template":"","meta":[],"product_brand":[],"product_cat":[878,599,597],"product_tag":[],"class_list":{"0":"post-66971","1":"product","2":"type-product","3":"status-publish","4":"has-post-thumbnail","6":"product_cat-djurbehov","7":"product_cat-sma-djurburar","8":"product_cat-sma-djurtillbehor","10":"first","11":"instock","12":"sale","13":"taxable","14":"shipping-taxable","15":"purchasable","16":"product-type-simple"},"yoast_head":"<!-- This site is optimized with the Yoast SEO plugin v25.4 - https:\/\/yoast.com\/wordpress\/plugins\/seo\/ -->\n<title>TRUUSK Dv\u00e4rgp\u00e5se i tr\u00e4, 65 x 45 x 109 cm - Hyddor - Gungbr\u00e4da - Pall - Matsk\u00e5lar - 4-niv\u00e5 Sm\u00e5djursbur - L\u00e5s - Ramper - Hjul - Gr\u00e5 - TRUUSK - Hem, Tr\u00e4dg\u00e5rd &amp; Fritid<\/title>\n<meta name=\"robots\" content=\"index, follow, max-snippet:-1, max-image-preview:large, max-video-preview:-1\" \/>\n<link rel=\"canonical\" href=\"https:\/\/truusk.store\/sv\/produkt\/truusk-dvargpase-i-tra-65-x-45-x-109-cm-hyddor-gungbrada-pall-matskalar-4-niva-smadjursbur-las-ramper-hjul-gra\/\" \/>\n<meta property=\"og:locale\" content=\"sv_SE\" \/>\n<meta property=\"og:type\" content=\"article\" \/>\n<meta property=\"og:title\" content=\"TRUUSK Dv\u00e4rgp\u00e5se i tr\u00e4, 65 x 45 x 109 cm - Hyddor - Gungbr\u00e4da - Pall - Matsk\u00e5lar - 4-niv\u00e5 Sm\u00e5djursbur - L\u00e5s - Ramper - Hjul - Gr\u00e5 - TRUUSK - Hem, Tr\u00e4dg\u00e5rd &amp; Fritid\" \/>\n<meta property=\"og:description\" content=\"TRUUSK dv\u00e4rghamsterbur \u00e4r det idealiska hemmet f\u00f6r din lurviga lilla v\u00e4n. Med en 9,5 cm djup l\u00e5da f\u00f6r str\u00f6, massor...\" \/>\n<meta property=\"og:url\" content=\"https:\/\/truusk.store\/sv\/produkt\/truusk-dvargpase-i-tra-65-x-45-x-109-cm-hyddor-gungbrada-pall-matskalar-4-niva-smadjursbur-las-ramper-hjul-gra\/\" \/>\n<meta property=\"og:site_name\" content=\"TRUUSK - Hem, Tr\u00e4dg\u00e5rd &amp; Fritid\" \/>\n<meta property=\"article:modified_time\" content=\"2026-03-12T08:46:38+00:00\" \/>\n<meta property=\"og:image\" content=\"https:\/\/i0.wp.com\/truusk.se\/wp-content\/uploads\/2025\/06\/dvarghamsterbur-i-tra-65-x-45-x-109-cm-gnagarbur-med-hyddor-gungbrada-pall-matskalar-4-niva-smadjursbur-med-las-ramper-hjul-gra-1.webp?fit=2000%2C2000&ssl=1\" \/>\n\t<meta property=\"og:image:width\" content=\"2000\" \/>\n\t<meta property=\"og:image:height\" content=\"2000\" \/>\n\t<meta property=\"og:image:type\" content=\"image\/webp\" \/>\n<meta name=\"twitter:card\" content=\"summary_large_image\" \/>\n<meta name=\"twitter:label1\" content=\"Ber\u00e4knad l\u00e4stid\" \/>\n\t<meta name=\"twitter:data1\" content=\"1 minut\" \/>\n<!-- \/ Yoast SEO plugin. -->","yoast_head_json":{"title":"TRUUSK Dv\u00e4rgp\u00e5se i tr\u00e4, 65 x 45 x 109 cm - Hyddor - Gungbr\u00e4da - Pall - Matsk\u00e5lar - 4-niv\u00e5 Sm\u00e5djursbur - L\u00e5s - Ramper - Hjul - Gr\u00e5 - TRUUSK - Hem, Tr\u00e4dg\u00e5rd &amp; Fritid","robots":{"index":"index","follow":"follow","max-snippet":"max-snippet:-1","max-image-preview":"max-image-preview:large","max-video-preview":"max-video-preview:-1"},"canonical":"https:\/\/truusk.store\/sv\/produkt\/truusk-dvargpase-i-tra-65-x-45-x-109-cm-hyddor-gungbrada-pall-matskalar-4-niva-smadjursbur-las-ramper-hjul-gra\/","og_locale":"sv_SE","og_type":"article","og_title":"TRUUSK Dv\u00e4rgp\u00e5se i tr\u00e4, 65 x 45 x 109 cm - Hyddor - Gungbr\u00e4da - Pall - Matsk\u00e5lar - 4-niv\u00e5 Sm\u00e5djursbur - L\u00e5s - Ramper - Hjul - Gr\u00e5 - TRUUSK - Hem, Tr\u00e4dg\u00e5rd &amp; Fritid","og_description":"TRUUSK dv\u00e4rghamsterbur \u00e4r det idealiska hemmet f\u00f6r din lurviga lilla v\u00e4n. Med en 9,5 cm djup l\u00e5da f\u00f6r str\u00f6, massor...","og_url":"https:\/\/truusk.store\/sv\/produkt\/truusk-dvargpase-i-tra-65-x-45-x-109-cm-hyddor-gungbrada-pall-matskalar-4-niva-smadjursbur-las-ramper-hjul-gra\/","og_site_name":"TRUUSK - Hem, Tr\u00e4dg\u00e5rd &amp; Fritid","article_modified_time":"2026-03-12T08:46:38+00:00","og_image":[{"width":2000,"height":2000,"url":"https:\/\/i0.wp.com\/truusk.se\/wp-content\/uploads\/2025\/06\/dvarghamsterbur-i-tra-65-x-45-x-109-cm-gnagarbur-med-hyddor-gungbrada-pall-matskalar-4-niva-smadjursbur-med-las-ramper-hjul-gra-1.webp?fit=2000%2C2000&ssl=1","type":"image\/webp"}],"twitter_card":"summary_large_image","twitter_misc":{"Ber\u00e4knad l\u00e4stid":"1 minut"},"schema":{"@context":"https:\/\/schema.org","@graph":[{"@type":"WebPage","@id":"https:\/\/truusk.store\/sv\/produkt\/truusk-dvargpase-i-tra-65-x-45-x-109-cm-hyddor-gungbrada-pall-matskalar-4-niva-smadjursbur-las-ramper-hjul-gra\/","url":"https:\/\/truusk.store\/sv\/produkt\/truusk-dvargpase-i-tra-65-x-45-x-109-cm-hyddor-gungbrada-pall-matskalar-4-niva-smadjursbur-las-ramper-hjul-gra\/","name":"TRUUSK Dv\u00e4rgp\u00e5se i tr\u00e4, 65 x 45 x 109 cm - Hyddor - Gungbr\u00e4da - Pall - Matsk\u00e5lar - 4-niv\u00e5 Sm\u00e5djursbur - L\u00e5s - Ramper - Hjul - Gr\u00e5 - TRUUSK - Hem, Tr\u00e4dg\u00e5rd &amp; Fritid","isPartOf":{"@id":"https:\/\/truusk.store\/sv\/#website"},"primaryImageOfPage":{"@id":"https:\/\/truusk.store\/sv\/produkt\/truusk-dvargpase-i-tra-65-x-45-x-109-cm-hyddor-gungbrada-pall-matskalar-4-niva-smadjursbur-las-ramper-hjul-gra\/#primaryimage"},"image":{"@id":"https:\/\/truusk.store\/sv\/produkt\/truusk-dvargpase-i-tra-65-x-45-x-109-cm-hyddor-gungbrada-pall-matskalar-4-niva-smadjursbur-las-ramper-hjul-gra\/#primaryimage"},"thumbnailUrl":"https:\/\/i0.wp.com\/truusk.store\/wp-content\/uploads\/2025\/06\/dvarghamsterbur-i-tra-65-x-45-x-109-cm-gnagarbur-med-hyddor-gungbrada-pall-matskalar-4-niva-smadjursbur-med-las-ramper-hjul-gra-1.webp?fit=2000%2C2000&ssl=1","datePublished":"2025-06-05T12:38:56+00:00","dateModified":"2026-03-12T08:46:38+00:00","breadcrumb":{"@id":"https:\/\/truusk.store\/sv\/produkt\/truusk-dvargpase-i-tra-65-x-45-x-109-cm-hyddor-gungbrada-pall-matskalar-4-niva-smadjursbur-las-ramper-hjul-gra\/#breadcrumb"},"inLanguage":"sv-SE","potentialAction":[{"@type":"ReadAction","target":["https:\/\/truusk.store\/sv\/produkt\/truusk-dvargpase-i-tra-65-x-45-x-109-cm-hyddor-gungbrada-pall-matskalar-4-niva-smadjursbur-las-ramper-hjul-gra\/"]}]},{"@type":"ImageObject","inLanguage":"sv-SE","@id":"https:\/\/truusk.store\/sv\/produkt\/truusk-dvargpase-i-tra-65-x-45-x-109-cm-hyddor-gungbrada-pall-matskalar-4-niva-smadjursbur-las-ramper-hjul-gra\/#primaryimage","url":"https:\/\/i0.wp.com\/truusk.store\/wp-content\/uploads\/2025\/06\/dvarghamsterbur-i-tra-65-x-45-x-109-cm-gnagarbur-med-hyddor-gungbrada-pall-matskalar-4-niva-smadjursbur-med-las-ramper-hjul-gra-1.webp?fit=2000%2C2000&ssl=1","contentUrl":"https:\/\/i0.wp.com\/truusk.store\/wp-content\/uploads\/2025\/06\/dvarghamsterbur-i-tra-65-x-45-x-109-cm-gnagarbur-med-hyddor-gungbrada-pall-matskalar-4-niva-smadjursbur-med-las-ramper-hjul-gra-1.webp?fit=2000%2C2000&ssl=1","width":2000,"height":2000},{"@type":"BreadcrumbList","@id":"https:\/\/truusk.store\/sv\/produkt\/truusk-dvargpase-i-tra-65-x-45-x-109-cm-hyddor-gungbrada-pall-matskalar-4-niva-smadjursbur-las-ramper-hjul-gra\/#breadcrumb","itemListElement":[{"@type":"ListItem","position":1,"name":"Home","item":"https:\/\/truusk.store\/sv\/"},{"@type":"ListItem","position":2,"name":"Shop","item":"https:\/\/truusk.store\/shop\/"},{"@type":"ListItem","position":3,"name":"TRUUSK Dv\u00e4rgp\u00e5se i tr\u00e4, 65 x 45 x 109 cm &#8211; Hyddor &#8211; Gungbr\u00e4da &#8211; Pall &#8211; Matsk\u00e5lar &#8211; 4-niv\u00e5 Sm\u00e5djursbur &#8211; L\u00e5s &#8211; Ramper &#8211; Hjul &#8211; Gr\u00e5"}]},{"@type":"WebSite","@id":"https:\/\/truusk.store\/sv\/#website","url":"https:\/\/truusk.store\/sv\/","name":"TRUUSK - Hem, Tr\u00e4dg\u00e5rd & Fritid","description":"","publisher":{"@id":"https:\/\/truusk.store\/sv\/#organization"},"potentialAction":[{"@type":"SearchAction","target":{"@type":"EntryPoint","urlTemplate":"https:\/\/truusk.store\/sv\/?s={search_term_string}"},"query-input":{"@type":"PropertyValueSpecification","valueRequired":true,"valueName":"search_term_string"}}],"inLanguage":"sv-SE"},{"@type":"Organization","@id":"https:\/\/truusk.store\/sv\/#organization","name":"TRUUSK - Hem, Tr\u00e4dg\u00e5rd & Fritid","url":"https:\/\/truusk.store\/sv\/","logo":{"@type":"ImageObject","inLanguage":"sv-SE","@id":"https:\/\/truusk.store\/sv\/#\/schema\/logo\/image\/","url":"https:\/\/i0.wp.com\/truusk.store\/wp-content\/uploads\/2026\/03\/cropped-TRUUSK.png?fit=2032%2C917&ssl=1","contentUrl":"https:\/\/i0.wp.com\/truusk.store\/wp-content\/uploads\/2026\/03\/cropped-TRUUSK.png?fit=2032%2C917&ssl=1","width":2032,"height":917,"caption":"TRUUSK - Hem, Tr\u00e4dg\u00e5rd & Fritid"},"image":{"@id":"https:\/\/truusk.store\/sv\/#\/schema\/logo\/image\/"}}]}},"jetpack_sharing_enabled":true,"_links":{"self":[{"href":"https:\/\/truusk.store\/sv\/wp-json\/wp\/v2\/product\/66971","targetHints":{"allow":["GET"]}}],"collection":[{"href":"https:\/\/truusk.store\/sv\/wp-json\/wp\/v2\/product"}],"about":[{"href":"https:\/\/truusk.store\/sv\/wp-json\/wp\/v2\/types\/product"}],"wp:featuredmedia":[{"embeddable":true,"href":"https:\/\/truusk.store\/sv\/wp-json\/wp\/v2\/media\/66961"}],"wp:attachment":[{"href":"https:\/\/truusk.store\/sv\/wp-json\/wp\/v2\/media?parent=66971"}],"wp:term":[{"taxonomy":"product_brand","embeddable":true,"href":"https:\/\/truusk.store\/sv\/wp-json\/wp\/v2\/product_brand?post=66971"},{"taxonomy":"product_cat","embeddable":true,"href":"https:\/\/truusk.store\/sv\/wp-json\/wp\/v2\/product_cat?post=66971"},{"taxonomy":"product_tag","embeddable":true,"href":"https:\/\/truusk.store\/sv\/wp-json\/wp\/v2\/product_tag?post=66971"}],"curies":[{"name":"wp","href":"https:\/\/api.w.org\/{rel}","templated":true}]}}