{"id":66980,"date":"2025-06-05T13:39:38","date_gmt":"2025-06-05T12:39:38","guid":{"rendered":"https:\/\/truusk.store\/product\/matbord-med-2-stolar-3-delat-matsalsset-koksbordset-for-2-personer-matsalsgrupp-for-sma-utrymmen-kok-vardagsrum-ek\/"},"modified":"2026-03-12T09:07:18","modified_gmt":"2026-03-12T08:07:18","slug":"truusk-matbord-och-stolar-set-3-delat-koksbordset-for-2-personer-ek-for-sma-utrymmen-kok-och-vardagsrum","status":"publish","type":"product","link":"https:\/\/truusk.store\/sv\/produkt\/truusk-matbord-och-stolar-set-3-delat-koksbordset-for-2-personer-ek-for-sma-utrymmen-kok-och-vardagsrum\/","title":{"rendered":"TRUUSK Matbord och Stolar Set &#8211; 3-delat K\u00f6ksbordset f\u00f6r 2 Personer &#8211; Ek &#8211; F\u00f6r Sm\u00e5 Utrymmen &#8211; K\u00f6k och Vardagsrum"},"content":{"rendered":"<p>Detta h\u00f6gkvalitativa bordssats med tv\u00e5 stolar i industridesign m\u00f6jligg\u00f6r en elegant inredning av dina bostadsutrymmen &#8211; b\u00e5de vardagsrum och matsal eller k\u00f6k &#8211; i stil med ett New York-loft, d\u00e4r stolarna kan skjutas under bordet f\u00f6r att spara utrymme.<\/p>\n<p>Beskrivning:<\/p>\n<ul>\n<li> Bordssats med 2 stolar, idealisk f\u00f6r olika rum: matsal, vardagsrum, k\u00f6k etc.<\/li>\n<li> Mycket elegant industriell design<\/li>\n<li> Stolarna kan skjutas under bordet<\/li>\n<li> Sittplatser, ryggst\u00f6d och bordsskiva av sp\u00e5nskiva med ljus melaminbel\u00e4ggning och \u00e5dring<\/li>\n<li> Ram av svart metall: Robusthet och stabilitet f\u00f6r en s\u00e4ker och l\u00e5ngvarig anv\u00e4ndning<\/li>\n<li> Enkel och snabb att montera tack vare den medf\u00f6ljande illustrerade instruktionen<\/li>\n<\/ul>\n<p> Tekniska data:<\/p>\n<ul>\n<li> F\u00e4rg: Ek<\/li>\n<li> Material: Metall, sp\u00e5nskiva<\/li>\n<li> Bordets dimensioner: 90L x 47B x 76H cm<\/li>\n<li> Stolens dimensioner: 40L x 38B x 70,5H cm<\/li>\n<li> Maximal belastningskapacitet: 50 kg (bord), 110 kg (stolar)<\/li>\n<\/ul>\n<p>Leveransinneh\u00e5ll:<\/p>\n<ul>\n<li> 1 x Matbord<\/li>\n<li> 2 x Stolar<\/li>\n<\/ul>\n","protected":false},"excerpt":{"rendered":"<p>Detta h\u00f6gkvalitativa bordssats med tv\u00e5 stolar i industridesign m\u00f6jligg\u00f6r en elegant inredning av dina bostadsutrymmen &#8211; b\u00e5de vardagsrum och matsal&#8230;<\/p>\n","protected":false},"featured_media":66969,"template":"","meta":[],"product_brand":[],"product_cat":[871,889,512],"product_tag":[],"class_list":{"0":"post-66980","1":"product","2":"type-product","3":"status-publish","4":"has-post-thumbnail","6":"product_cat-hus-hem","7":"product_cat-kok-matsal","8":"product_cat-matgrupper","10":"first","11":"instock","12":"sale","13":"taxable","14":"shipping-taxable","15":"purchasable","16":"product-type-simple"},"yoast_head":"<!-- This site is optimized with the Yoast SEO plugin v25.4 - https:\/\/yoast.com\/wordpress\/plugins\/seo\/ -->\n<title>TRUUSK Matbord och Stolar Set - 3-delat K\u00f6ksbordset f\u00f6r 2 Personer - Ek - F\u00f6r Sm\u00e5 Utrymmen - K\u00f6k och Vardagsrum - TRUUSK - Hem, Tr\u00e4dg\u00e5rd &amp; Fritid<\/title>\n<meta name=\"robots\" content=\"index, follow, max-snippet:-1, max-image-preview:large, max-video-preview:-1\" \/>\n<link rel=\"canonical\" href=\"https:\/\/truusk.store\/sv\/produkt\/truusk-matbord-och-stolar-set-3-delat-koksbordset-for-2-personer-ek-for-sma-utrymmen-kok-och-vardagsrum\/\" \/>\n<meta property=\"og:locale\" content=\"sv_SE\" \/>\n<meta property=\"og:type\" content=\"article\" \/>\n<meta property=\"og:title\" content=\"TRUUSK Matbord och Stolar Set - 3-delat K\u00f6ksbordset f\u00f6r 2 Personer - Ek - F\u00f6r Sm\u00e5 Utrymmen - K\u00f6k och Vardagsrum - TRUUSK - Hem, Tr\u00e4dg\u00e5rd &amp; Fritid\" \/>\n<meta property=\"og:description\" content=\"Detta h\u00f6gkvalitativa bordssats med tv\u00e5 stolar i industridesign m\u00f6jligg\u00f6r en elegant inredning av dina bostadsutrymmen &#8211; b\u00e5de vardagsrum och matsal...\" \/>\n<meta property=\"og:url\" content=\"https:\/\/truusk.store\/sv\/produkt\/truusk-matbord-och-stolar-set-3-delat-koksbordset-for-2-personer-ek-for-sma-utrymmen-kok-och-vardagsrum\/\" \/>\n<meta property=\"og:site_name\" content=\"TRUUSK - Hem, Tr\u00e4dg\u00e5rd &amp; Fritid\" \/>\n<meta property=\"article:modified_time\" content=\"2026-03-12T08:07:18+00:00\" \/>\n<meta property=\"og:image\" content=\"https:\/\/i0.wp.com\/truusk.se\/wp-content\/uploads\/2025\/06\/matbord-med-2-stolar-3-delat-matsalsset-koksbordset-for-2-personer-matsalsgrupp-for-sma-utrymmen-kok-vardagsrum-ek-1.webp?fit=2000%2C2000&ssl=1\" \/>\n\t<meta property=\"og:image:width\" content=\"2000\" \/>\n\t<meta property=\"og:image:height\" content=\"2000\" \/>\n\t<meta property=\"og:image:type\" content=\"image\/webp\" \/>\n<meta name=\"twitter:card\" content=\"summary_large_image\" \/>\n<meta name=\"twitter:label1\" content=\"Ber\u00e4knad l\u00e4stid\" \/>\n\t<meta name=\"twitter:data1\" content=\"1 minut\" \/>\n<!-- \/ Yoast SEO plugin. -->","yoast_head_json":{"title":"TRUUSK Matbord och Stolar Set - 3-delat K\u00f6ksbordset f\u00f6r 2 Personer - Ek - F\u00f6r Sm\u00e5 Utrymmen - K\u00f6k och Vardagsrum - TRUUSK - Hem, Tr\u00e4dg\u00e5rd &amp; Fritid","robots":{"index":"index","follow":"follow","max-snippet":"max-snippet:-1","max-image-preview":"max-image-preview:large","max-video-preview":"max-video-preview:-1"},"canonical":"https:\/\/truusk.store\/sv\/produkt\/truusk-matbord-och-stolar-set-3-delat-koksbordset-for-2-personer-ek-for-sma-utrymmen-kok-och-vardagsrum\/","og_locale":"sv_SE","og_type":"article","og_title":"TRUUSK Matbord och Stolar Set - 3-delat K\u00f6ksbordset f\u00f6r 2 Personer - Ek - F\u00f6r Sm\u00e5 Utrymmen - K\u00f6k och Vardagsrum - TRUUSK - Hem, Tr\u00e4dg\u00e5rd &amp; Fritid","og_description":"Detta h\u00f6gkvalitativa bordssats med tv\u00e5 stolar i industridesign m\u00f6jligg\u00f6r en elegant inredning av dina bostadsutrymmen &#8211; b\u00e5de vardagsrum och matsal...","og_url":"https:\/\/truusk.store\/sv\/produkt\/truusk-matbord-och-stolar-set-3-delat-koksbordset-for-2-personer-ek-for-sma-utrymmen-kok-och-vardagsrum\/","og_site_name":"TRUUSK - Hem, Tr\u00e4dg\u00e5rd &amp; Fritid","article_modified_time":"2026-03-12T08:07:18+00:00","og_image":[{"width":2000,"height":2000,"url":"https:\/\/i0.wp.com\/truusk.se\/wp-content\/uploads\/2025\/06\/matbord-med-2-stolar-3-delat-matsalsset-koksbordset-for-2-personer-matsalsgrupp-for-sma-utrymmen-kok-vardagsrum-ek-1.webp?fit=2000%2C2000&ssl=1","type":"image\/webp"}],"twitter_card":"summary_large_image","twitter_misc":{"Ber\u00e4knad l\u00e4stid":"1 minut"},"schema":{"@context":"https:\/\/schema.org","@graph":[{"@type":"WebPage","@id":"https:\/\/truusk.store\/sv\/produkt\/truusk-matbord-och-stolar-set-3-delat-koksbordset-for-2-personer-ek-for-sma-utrymmen-kok-och-vardagsrum\/","url":"https:\/\/truusk.store\/sv\/produkt\/truusk-matbord-och-stolar-set-3-delat-koksbordset-for-2-personer-ek-for-sma-utrymmen-kok-och-vardagsrum\/","name":"TRUUSK Matbord och Stolar Set - 3-delat K\u00f6ksbordset f\u00f6r 2 Personer - Ek - F\u00f6r Sm\u00e5 Utrymmen - K\u00f6k och Vardagsrum - TRUUSK - Hem, Tr\u00e4dg\u00e5rd &amp; Fritid","isPartOf":{"@id":"https:\/\/truusk.store\/sv\/#website"},"primaryImageOfPage":{"@id":"https:\/\/truusk.store\/sv\/produkt\/truusk-matbord-och-stolar-set-3-delat-koksbordset-for-2-personer-ek-for-sma-utrymmen-kok-och-vardagsrum\/#primaryimage"},"image":{"@id":"https:\/\/truusk.store\/sv\/produkt\/truusk-matbord-och-stolar-set-3-delat-koksbordset-for-2-personer-ek-for-sma-utrymmen-kok-och-vardagsrum\/#primaryimage"},"thumbnailUrl":"https:\/\/i0.wp.com\/truusk.store\/wp-content\/uploads\/2025\/06\/matbord-med-2-stolar-3-delat-matsalsset-koksbordset-for-2-personer-matsalsgrupp-for-sma-utrymmen-kok-vardagsrum-ek-1.webp?fit=2000%2C2000&ssl=1","datePublished":"2025-06-05T12:39:38+00:00","dateModified":"2026-03-12T08:07:18+00:00","breadcrumb":{"@id":"https:\/\/truusk.store\/sv\/produkt\/truusk-matbord-och-stolar-set-3-delat-koksbordset-for-2-personer-ek-for-sma-utrymmen-kok-och-vardagsrum\/#breadcrumb"},"inLanguage":"sv-SE","potentialAction":[{"@type":"ReadAction","target":["https:\/\/truusk.store\/sv\/produkt\/truusk-matbord-och-stolar-set-3-delat-koksbordset-for-2-personer-ek-for-sma-utrymmen-kok-och-vardagsrum\/"]}]},{"@type":"ImageObject","inLanguage":"sv-SE","@id":"https:\/\/truusk.store\/sv\/produkt\/truusk-matbord-och-stolar-set-3-delat-koksbordset-for-2-personer-ek-for-sma-utrymmen-kok-och-vardagsrum\/#primaryimage","url":"https:\/\/i0.wp.com\/truusk.store\/wp-content\/uploads\/2025\/06\/matbord-med-2-stolar-3-delat-matsalsset-koksbordset-for-2-personer-matsalsgrupp-for-sma-utrymmen-kok-vardagsrum-ek-1.webp?fit=2000%2C2000&ssl=1","contentUrl":"https:\/\/i0.wp.com\/truusk.store\/wp-content\/uploads\/2025\/06\/matbord-med-2-stolar-3-delat-matsalsset-koksbordset-for-2-personer-matsalsgrupp-for-sma-utrymmen-kok-vardagsrum-ek-1.webp?fit=2000%2C2000&ssl=1","width":2000,"height":2000},{"@type":"BreadcrumbList","@id":"https:\/\/truusk.store\/sv\/produkt\/truusk-matbord-och-stolar-set-3-delat-koksbordset-for-2-personer-ek-for-sma-utrymmen-kok-och-vardagsrum\/#breadcrumb","itemListElement":[{"@type":"ListItem","position":1,"name":"Home","item":"https:\/\/truusk.store\/sv\/"},{"@type":"ListItem","position":2,"name":"Shop","item":"https:\/\/truusk.store\/shop\/"},{"@type":"ListItem","position":3,"name":"TRUUSK Matbord och Stolar Set &#8211; 3-delat K\u00f6ksbordset f\u00f6r 2 Personer &#8211; Ek &#8211; F\u00f6r Sm\u00e5 Utrymmen &#8211; K\u00f6k och Vardagsrum"}]},{"@type":"WebSite","@id":"https:\/\/truusk.store\/sv\/#website","url":"https:\/\/truusk.store\/sv\/","name":"TRUUSK - Hem, Tr\u00e4dg\u00e5rd & Fritid","description":"","publisher":{"@id":"https:\/\/truusk.store\/sv\/#organization"},"potentialAction":[{"@type":"SearchAction","target":{"@type":"EntryPoint","urlTemplate":"https:\/\/truusk.store\/sv\/?s={search_term_string}"},"query-input":{"@type":"PropertyValueSpecification","valueRequired":true,"valueName":"search_term_string"}}],"inLanguage":"sv-SE"},{"@type":"Organization","@id":"https:\/\/truusk.store\/sv\/#organization","name":"TRUUSK - Hem, Tr\u00e4dg\u00e5rd & Fritid","url":"https:\/\/truusk.store\/sv\/","logo":{"@type":"ImageObject","inLanguage":"sv-SE","@id":"https:\/\/truusk.store\/sv\/#\/schema\/logo\/image\/","url":"https:\/\/i0.wp.com\/truusk.store\/wp-content\/uploads\/2026\/03\/cropped-TRUUSK.png?fit=2032%2C917&ssl=1","contentUrl":"https:\/\/i0.wp.com\/truusk.store\/wp-content\/uploads\/2026\/03\/cropped-TRUUSK.png?fit=2032%2C917&ssl=1","width":2032,"height":917,"caption":"TRUUSK - Hem, Tr\u00e4dg\u00e5rd & Fritid"},"image":{"@id":"https:\/\/truusk.store\/sv\/#\/schema\/logo\/image\/"}}]}},"jetpack_sharing_enabled":true,"_links":{"self":[{"href":"https:\/\/truusk.store\/sv\/wp-json\/wp\/v2\/product\/66980","targetHints":{"allow":["GET"]}}],"collection":[{"href":"https:\/\/truusk.store\/sv\/wp-json\/wp\/v2\/product"}],"about":[{"href":"https:\/\/truusk.store\/sv\/wp-json\/wp\/v2\/types\/product"}],"wp:featuredmedia":[{"embeddable":true,"href":"https:\/\/truusk.store\/sv\/wp-json\/wp\/v2\/media\/66969"}],"wp:attachment":[{"href":"https:\/\/truusk.store\/sv\/wp-json\/wp\/v2\/media?parent=66980"}],"wp:term":[{"taxonomy":"product_brand","embeddable":true,"href":"https:\/\/truusk.store\/sv\/wp-json\/wp\/v2\/product_brand?post=66980"},{"taxonomy":"product_cat","embeddable":true,"href":"https:\/\/truusk.store\/sv\/wp-json\/wp\/v2\/product_cat?post=66980"},{"taxonomy":"product_tag","embeddable":true,"href":"https:\/\/truusk.store\/sv\/wp-json\/wp\/v2\/product_tag?post=66980"}],"curies":[{"name":"wp","href":"https:\/\/api.w.org\/{rel}","templated":true}]}}