{"id":66990,"date":"2025-06-05T13:40:39","date_gmt":"2025-06-05T12:40:39","guid":{"rendered":"https:\/\/truusk.store\/product\/helskarmspegel-154-x-37-cm-vaggpegel-med-stativ-staende-spegel-for-vardagsrum-sovrum-vit\/"},"modified":"2026-03-12T09:00:33","modified_gmt":"2026-03-12T08:00:33","slug":"truusk-helskarmspegel-154-x-37-cm-vaggmonterad-spegel-med-stativ-for-vardagsrum-och-sovrum-vit","status":"publish","type":"product","link":"https:\/\/truusk.store\/sv\/produkt\/truusk-helskarmspegel-154-x-37-cm-vaggmonterad-spegel-med-stativ-for-vardagsrum-och-sovrum-vit\/","title":{"rendered":"TRUUSK Helsk\u00e4rmspegel 154 x 37 cm &#8211; V\u00e4ggmonterad spegel med stativ &#8211; F\u00f6r vardagsrum och sovrum &#8211; Vit"},"content":{"rendered":"<p>B\u00f6rja varje morgon med perfekt syn. Integrera TRUUSK helkroppsspegeln i din milj\u00f6. Montera den p\u00e5 v\u00e4ggen eller anv\u00e4nd det st\u00f6djande bakbenet f\u00f6r att st\u00e4lla upp den fritt &#8211; helt efter eget tycke. Tack vare huvud-till-fot-l\u00e4ngden kan du l\u00e4tt kontrollera hela din framtoning och kontrollera din outfit. Den enkla, neutralt tonade ramdesignen p\u00e5 hallsspegeln passar smidigt in i olika inredningsstilar.<\/p>\n<p>Beskrivning:<\/p>\n<ul>\n<li> Helkroppsspegel: Titta p\u00e5 dig sj\u00e4lv och din outfit<\/li>\n<li> Tv\u00e5 anv\u00e4ndningsm\u00f6jligheter: frist\u00e5ende med ryggst\u00f6d eller v\u00e4ggmonterad<\/li>\n<li> Tv\u00e5 h\u00e5l i bakv\u00e4ggen f\u00f6r att h\u00e4nga upp lutningsspegeln<\/li>\n<li> MDF-ramen p\u00e5 st\u00e5ende spegeln skyddar spegelns inre<\/li>\n<li> Montering kr\u00e4vs<\/li>\n<\/ul>\n<p> Tekniska data:<\/p>\n<ul>\n<li> F\u00e4rg: Vit<\/li>\n<li> Material: MDF, Glasspegel<\/li>\n<li> Totala dimensioner: 37B x 37T x 154H cm<\/li>\n<li> Spegelstorlek: 29B x 147H cm<\/li>\n<\/ul>\n<p>Leveransinneh\u00e5ll:<\/p>\n<ul>\n<li> 1 x Kl\u00e4dningsspegel<\/li>\n<li> 1 x Bruksanvisning<\/li>\n<\/ul>\n","protected":false},"excerpt":{"rendered":"<p>B\u00f6rja varje morgon med perfekt syn. Integrera TRUUSK helkroppsspegeln i din milj\u00f6. Montera den p\u00e5 v\u00e4ggen eller anv\u00e4nd det st\u00f6djande&#8230;<\/p>\n","protected":false},"featured_media":66981,"template":"","meta":[],"product_brand":[],"product_cat":[893,871,1006],"product_tag":[],"class_list":{"0":"post-66990","1":"product","2":"type-product","3":"status-publish","4":"has-post-thumbnail","6":"product_cat-garderob-hall","7":"product_cat-hus-hem","8":"product_cat-staende-spegel","10":"first","11":"instock","12":"sale","13":"taxable","14":"shipping-taxable","15":"purchasable","16":"product-type-simple"},"yoast_head":"<!-- This site is optimized with the Yoast SEO plugin v25.4 - https:\/\/yoast.com\/wordpress\/plugins\/seo\/ -->\n<title>TRUUSK Helsk\u00e4rmspegel 154 x 37 cm - V\u00e4ggmonterad spegel med stativ - F\u00f6r vardagsrum och sovrum - Vit - TRUUSK - Hem, Tr\u00e4dg\u00e5rd &amp; Fritid<\/title>\n<meta name=\"robots\" content=\"index, follow, max-snippet:-1, max-image-preview:large, max-video-preview:-1\" \/>\n<link rel=\"canonical\" href=\"https:\/\/truusk.store\/sv\/produkt\/truusk-helskarmspegel-154-x-37-cm-vaggmonterad-spegel-med-stativ-for-vardagsrum-och-sovrum-vit\/\" \/>\n<meta property=\"og:locale\" content=\"sv_SE\" \/>\n<meta property=\"og:type\" content=\"article\" \/>\n<meta property=\"og:title\" content=\"TRUUSK Helsk\u00e4rmspegel 154 x 37 cm - V\u00e4ggmonterad spegel med stativ - F\u00f6r vardagsrum och sovrum - Vit - TRUUSK - Hem, Tr\u00e4dg\u00e5rd &amp; Fritid\" \/>\n<meta property=\"og:description\" content=\"B\u00f6rja varje morgon med perfekt syn. Integrera TRUUSK helkroppsspegeln i din milj\u00f6. Montera den p\u00e5 v\u00e4ggen eller anv\u00e4nd det st\u00f6djande...\" \/>\n<meta property=\"og:url\" content=\"https:\/\/truusk.store\/sv\/produkt\/truusk-helskarmspegel-154-x-37-cm-vaggmonterad-spegel-med-stativ-for-vardagsrum-och-sovrum-vit\/\" \/>\n<meta property=\"og:site_name\" content=\"TRUUSK - Hem, Tr\u00e4dg\u00e5rd &amp; Fritid\" \/>\n<meta property=\"article:modified_time\" content=\"2026-03-12T08:00:33+00:00\" \/>\n<meta property=\"og:image\" content=\"https:\/\/i0.wp.com\/truusk.se\/wp-content\/uploads\/2025\/06\/helskarmspegel-154-x-37-cm-vaggpegel-med-stativ-staende-spegel-for-vardagsrum-sovrum-vit-1.webp?fit=2000%2C2000&ssl=1\" \/>\n\t<meta property=\"og:image:width\" content=\"2000\" \/>\n\t<meta property=\"og:image:height\" content=\"2000\" \/>\n\t<meta property=\"og:image:type\" content=\"image\/webp\" \/>\n<meta name=\"twitter:card\" content=\"summary_large_image\" \/>\n<meta name=\"twitter:label1\" content=\"Ber\u00e4knad l\u00e4stid\" \/>\n\t<meta name=\"twitter:data1\" content=\"1 minut\" \/>\n<!-- \/ Yoast SEO plugin. -->","yoast_head_json":{"title":"TRUUSK Helsk\u00e4rmspegel 154 x 37 cm - V\u00e4ggmonterad spegel med stativ - F\u00f6r vardagsrum och sovrum - Vit - TRUUSK - Hem, Tr\u00e4dg\u00e5rd &amp; Fritid","robots":{"index":"index","follow":"follow","max-snippet":"max-snippet:-1","max-image-preview":"max-image-preview:large","max-video-preview":"max-video-preview:-1"},"canonical":"https:\/\/truusk.store\/sv\/produkt\/truusk-helskarmspegel-154-x-37-cm-vaggmonterad-spegel-med-stativ-for-vardagsrum-och-sovrum-vit\/","og_locale":"sv_SE","og_type":"article","og_title":"TRUUSK Helsk\u00e4rmspegel 154 x 37 cm - V\u00e4ggmonterad spegel med stativ - F\u00f6r vardagsrum och sovrum - Vit - TRUUSK - Hem, Tr\u00e4dg\u00e5rd &amp; Fritid","og_description":"B\u00f6rja varje morgon med perfekt syn. Integrera TRUUSK helkroppsspegeln i din milj\u00f6. Montera den p\u00e5 v\u00e4ggen eller anv\u00e4nd det st\u00f6djande...","og_url":"https:\/\/truusk.store\/sv\/produkt\/truusk-helskarmspegel-154-x-37-cm-vaggmonterad-spegel-med-stativ-for-vardagsrum-och-sovrum-vit\/","og_site_name":"TRUUSK - Hem, Tr\u00e4dg\u00e5rd &amp; Fritid","article_modified_time":"2026-03-12T08:00:33+00:00","og_image":[{"width":2000,"height":2000,"url":"https:\/\/i0.wp.com\/truusk.se\/wp-content\/uploads\/2025\/06\/helskarmspegel-154-x-37-cm-vaggpegel-med-stativ-staende-spegel-for-vardagsrum-sovrum-vit-1.webp?fit=2000%2C2000&ssl=1","type":"image\/webp"}],"twitter_card":"summary_large_image","twitter_misc":{"Ber\u00e4knad l\u00e4stid":"1 minut"},"schema":{"@context":"https:\/\/schema.org","@graph":[{"@type":"WebPage","@id":"https:\/\/truusk.store\/sv\/produkt\/truusk-helskarmspegel-154-x-37-cm-vaggmonterad-spegel-med-stativ-for-vardagsrum-och-sovrum-vit\/","url":"https:\/\/truusk.store\/sv\/produkt\/truusk-helskarmspegel-154-x-37-cm-vaggmonterad-spegel-med-stativ-for-vardagsrum-och-sovrum-vit\/","name":"TRUUSK Helsk\u00e4rmspegel 154 x 37 cm - V\u00e4ggmonterad spegel med stativ - F\u00f6r vardagsrum och sovrum - Vit - TRUUSK - Hem, Tr\u00e4dg\u00e5rd &amp; Fritid","isPartOf":{"@id":"https:\/\/truusk.store\/sv\/#website"},"primaryImageOfPage":{"@id":"https:\/\/truusk.store\/sv\/produkt\/truusk-helskarmspegel-154-x-37-cm-vaggmonterad-spegel-med-stativ-for-vardagsrum-och-sovrum-vit\/#primaryimage"},"image":{"@id":"https:\/\/truusk.store\/sv\/produkt\/truusk-helskarmspegel-154-x-37-cm-vaggmonterad-spegel-med-stativ-for-vardagsrum-och-sovrum-vit\/#primaryimage"},"thumbnailUrl":"https:\/\/i0.wp.com\/truusk.store\/wp-content\/uploads\/2025\/06\/helskarmspegel-154-x-37-cm-vaggpegel-med-stativ-staende-spegel-for-vardagsrum-sovrum-vit-1.webp?fit=2000%2C2000&ssl=1","datePublished":"2025-06-05T12:40:39+00:00","dateModified":"2026-03-12T08:00:33+00:00","breadcrumb":{"@id":"https:\/\/truusk.store\/sv\/produkt\/truusk-helskarmspegel-154-x-37-cm-vaggmonterad-spegel-med-stativ-for-vardagsrum-och-sovrum-vit\/#breadcrumb"},"inLanguage":"sv-SE","potentialAction":[{"@type":"ReadAction","target":["https:\/\/truusk.store\/sv\/produkt\/truusk-helskarmspegel-154-x-37-cm-vaggmonterad-spegel-med-stativ-for-vardagsrum-och-sovrum-vit\/"]}]},{"@type":"ImageObject","inLanguage":"sv-SE","@id":"https:\/\/truusk.store\/sv\/produkt\/truusk-helskarmspegel-154-x-37-cm-vaggmonterad-spegel-med-stativ-for-vardagsrum-och-sovrum-vit\/#primaryimage","url":"https:\/\/i0.wp.com\/truusk.store\/wp-content\/uploads\/2025\/06\/helskarmspegel-154-x-37-cm-vaggpegel-med-stativ-staende-spegel-for-vardagsrum-sovrum-vit-1.webp?fit=2000%2C2000&ssl=1","contentUrl":"https:\/\/i0.wp.com\/truusk.store\/wp-content\/uploads\/2025\/06\/helskarmspegel-154-x-37-cm-vaggpegel-med-stativ-staende-spegel-for-vardagsrum-sovrum-vit-1.webp?fit=2000%2C2000&ssl=1","width":2000,"height":2000},{"@type":"BreadcrumbList","@id":"https:\/\/truusk.store\/sv\/produkt\/truusk-helskarmspegel-154-x-37-cm-vaggmonterad-spegel-med-stativ-for-vardagsrum-och-sovrum-vit\/#breadcrumb","itemListElement":[{"@type":"ListItem","position":1,"name":"Home","item":"https:\/\/truusk.store\/sv\/"},{"@type":"ListItem","position":2,"name":"Shop","item":"https:\/\/truusk.store\/shop\/"},{"@type":"ListItem","position":3,"name":"TRUUSK Helsk\u00e4rmspegel 154 x 37 cm &#8211; V\u00e4ggmonterad spegel med stativ &#8211; F\u00f6r vardagsrum och sovrum &#8211; Vit"}]},{"@type":"WebSite","@id":"https:\/\/truusk.store\/sv\/#website","url":"https:\/\/truusk.store\/sv\/","name":"TRUUSK - Hem, Tr\u00e4dg\u00e5rd & Fritid","description":"","publisher":{"@id":"https:\/\/truusk.store\/sv\/#organization"},"potentialAction":[{"@type":"SearchAction","target":{"@type":"EntryPoint","urlTemplate":"https:\/\/truusk.store\/sv\/?s={search_term_string}"},"query-input":{"@type":"PropertyValueSpecification","valueRequired":true,"valueName":"search_term_string"}}],"inLanguage":"sv-SE"},{"@type":"Organization","@id":"https:\/\/truusk.store\/sv\/#organization","name":"TRUUSK - Hem, Tr\u00e4dg\u00e5rd & Fritid","url":"https:\/\/truusk.store\/sv\/","logo":{"@type":"ImageObject","inLanguage":"sv-SE","@id":"https:\/\/truusk.store\/sv\/#\/schema\/logo\/image\/","url":"https:\/\/i0.wp.com\/truusk.store\/wp-content\/uploads\/2026\/03\/cropped-TRUUSK.png?fit=2032%2C917&ssl=1","contentUrl":"https:\/\/i0.wp.com\/truusk.store\/wp-content\/uploads\/2026\/03\/cropped-TRUUSK.png?fit=2032%2C917&ssl=1","width":2032,"height":917,"caption":"TRUUSK - Hem, Tr\u00e4dg\u00e5rd & Fritid"},"image":{"@id":"https:\/\/truusk.store\/sv\/#\/schema\/logo\/image\/"}}]}},"jetpack_sharing_enabled":true,"_links":{"self":[{"href":"https:\/\/truusk.store\/sv\/wp-json\/wp\/v2\/product\/66990","targetHints":{"allow":["GET"]}}],"collection":[{"href":"https:\/\/truusk.store\/sv\/wp-json\/wp\/v2\/product"}],"about":[{"href":"https:\/\/truusk.store\/sv\/wp-json\/wp\/v2\/types\/product"}],"wp:featuredmedia":[{"embeddable":true,"href":"https:\/\/truusk.store\/sv\/wp-json\/wp\/v2\/media\/66981"}],"wp:attachment":[{"href":"https:\/\/truusk.store\/sv\/wp-json\/wp\/v2\/media?parent=66990"}],"wp:term":[{"taxonomy":"product_brand","embeddable":true,"href":"https:\/\/truusk.store\/sv\/wp-json\/wp\/v2\/product_brand?post=66990"},{"taxonomy":"product_cat","embeddable":true,"href":"https:\/\/truusk.store\/sv\/wp-json\/wp\/v2\/product_cat?post=66990"},{"taxonomy":"product_tag","embeddable":true,"href":"https:\/\/truusk.store\/sv\/wp-json\/wp\/v2\/product_tag?post=66990"}],"curies":[{"name":"wp","href":"https:\/\/api.w.org\/{rel}","templated":true}]}}