{"id":67010,"date":"2025-06-05T13:42:52","date_gmt":"2025-06-05T12:42:52","guid":{"rendered":"https:\/\/truusk.store\/product\/byra-med-8-tyglador-forvaringsskap-byraskap-med-handtag-metallram-modern-design-skap-for-sovrum-vardagsrum-morkgra\/"},"modified":"2026-03-12T09:06:34","modified_gmt":"2026-03-12T08:06:34","slug":"truusk-byra-med-8-tyglador-forvaringsskap-med-metallram-modern-design-morkgra","status":"publish","type":"product","link":"https:\/\/truusk.store\/sv\/produkt\/truusk-byra-med-8-tyglador-forvaringsskap-med-metallram-modern-design-morkgra\/","title":{"rendered":"TRUUSK Byr\u00e5 Med 8 Tygl\u00e5dor &#8211; F\u00f6rvaringssk\u00e5p med Metallram &#8211; Modern Design &#8211; M\u00f6rkgr\u00e5"},"content":{"rendered":"<p>Denna m\u00e5ngsidiga TRUUSK byr\u00e5 i neutrala f\u00e4rger \u00e4r en idealisk komplement till alla l\u00e4genheter. Den erbjuder gott om utrymme f\u00f6r kl\u00e4der och tillbeh\u00f6r med sex sm\u00e5 och tv\u00e5 stora l\u00e5dor, vilket underl\u00e4ttar organisationen. Den stabila metallramen och det tipps\u00e4kra designen p\u00e5 f\u00f6rvaringssk\u00e5pet garanterar en s\u00e4ker och tillf\u00f6rlitlig anv\u00e4ndning i alla rum.<\/p>\n<p>Beskrivning:<\/p>\n<ul>\n<li> \u00c5tta f\u00f6rvaringsl\u00e5dor: Sex sm\u00e5 och tv\u00e5 stora<\/li>\n<li> Platt bordsskiva p\u00e5 f\u00f6rvaringssk\u00e5pet f\u00f6r extra lagringsutrymme<\/li>\n<li> Tygl\u00e5dor med handtag \u00e4r l\u00e4tta att \u00f6ppna, vika och ta bort<\/li>\n<li> Pulverlackerad metallram p\u00e5 sovrumskommoden f\u00f6r en stabil k\u00e4rna<\/li>\n<li> Justerbara fotdynor<\/li>\n<li> Tipp-skyddsh\u00e5l f\u00f6r s\u00e4kerhet inkluderat<\/li>\n<li> Maximal belastning: 38 kg. Montering kr\u00e4vs<\/li>\n<\/ul>\n<p> Tekniska data:<\/p>\n<ul>\n<li> F\u00e4rg: Svart+M\u00f6rkgr\u00e5<\/li>\n<li> Material: Polyester, Metall, MDF<\/li>\n<li> Totala dimensioner: 100B x 30T x 78,5H cm<\/li>\n<li> Inre m\u00e5tt p\u00e5 l\u00e5dor: 29,2B x 26,7T x 21H cm (liten), 45,2B x 26,7T x 21H cm (stor)<\/li>\n<li> H\u00f6jd fr\u00e5n golvet: 4,5 cm<\/li>\n<li> Belastningskapacitet: 38 kg (totalt), 20 kg (\u00f6vre), 3 kg (stor l\u00e5da), 2 kg (liten l\u00e5da)<\/li>\n<\/ul>\n<p>Leveransinneh\u00e5ll:<\/p>\n<ul>\n<li> 1 x Kommod<\/li>\n<li> 1 x Bruksanvisning<\/li>\n<\/ul>\n","protected":false},"excerpt":{"rendered":"<p>Denna m\u00e5ngsidiga TRUUSK byr\u00e5 i neutrala f\u00e4rger \u00e4r en idealisk komplement till alla l\u00e4genheter. Den erbjuder gott om utrymme f\u00f6r&#8230;<\/p>\n","protected":false},"featured_media":67001,"template":"","meta":[],"product_brand":[],"product_cat":[956,871,910],"product_tag":[],"class_list":{"0":"post-67010","1":"product","2":"type-product","3":"status-publish","4":"has-post-thumbnail","6":"product_cat-byraer-sideboards","7":"product_cat-hus-hem","8":"product_cat-vardagsrum","10":"first","11":"instock","12":"sale","13":"taxable","14":"shipping-taxable","15":"purchasable","16":"product-type-simple"},"yoast_head":"<!-- This site is optimized with the Yoast SEO plugin v25.4 - https:\/\/yoast.com\/wordpress\/plugins\/seo\/ -->\n<title>TRUUSK Byr\u00e5 Med 8 Tygl\u00e5dor - F\u00f6rvaringssk\u00e5p med Metallram - Modern Design - M\u00f6rkgr\u00e5 - TRUUSK - Hem, Tr\u00e4dg\u00e5rd &amp; Fritid<\/title>\n<meta name=\"robots\" content=\"index, follow, max-snippet:-1, max-image-preview:large, max-video-preview:-1\" \/>\n<link rel=\"canonical\" href=\"https:\/\/truusk.store\/sv\/produkt\/truusk-byra-med-8-tyglador-forvaringsskap-med-metallram-modern-design-morkgra\/\" \/>\n<meta property=\"og:locale\" content=\"sv_SE\" \/>\n<meta property=\"og:type\" content=\"article\" \/>\n<meta property=\"og:title\" content=\"TRUUSK Byr\u00e5 Med 8 Tygl\u00e5dor - F\u00f6rvaringssk\u00e5p med Metallram - Modern Design - M\u00f6rkgr\u00e5 - TRUUSK - Hem, Tr\u00e4dg\u00e5rd &amp; Fritid\" \/>\n<meta property=\"og:description\" content=\"Denna m\u00e5ngsidiga TRUUSK byr\u00e5 i neutrala f\u00e4rger \u00e4r en idealisk komplement till alla l\u00e4genheter. Den erbjuder gott om utrymme f\u00f6r...\" \/>\n<meta property=\"og:url\" content=\"https:\/\/truusk.store\/sv\/produkt\/truusk-byra-med-8-tyglador-forvaringsskap-med-metallram-modern-design-morkgra\/\" \/>\n<meta property=\"og:site_name\" content=\"TRUUSK - Hem, Tr\u00e4dg\u00e5rd &amp; Fritid\" \/>\n<meta property=\"article:modified_time\" content=\"2026-03-12T08:06:34+00:00\" \/>\n<meta property=\"og:image\" content=\"https:\/\/i0.wp.com\/truusk.se\/wp-content\/uploads\/2025\/06\/byra-med-8-tyglador-forvaringsskap-byraskap-med-handtag-metallram-modern-design-skap-for-sovrum-vardagsrum-morkgra-1.webp?fit=2000%2C2000&ssl=1\" \/>\n\t<meta property=\"og:image:width\" content=\"2000\" \/>\n\t<meta property=\"og:image:height\" content=\"2000\" \/>\n\t<meta property=\"og:image:type\" content=\"image\/webp\" \/>\n<meta name=\"twitter:card\" content=\"summary_large_image\" \/>\n<meta name=\"twitter:label1\" content=\"Ber\u00e4knad l\u00e4stid\" \/>\n\t<meta name=\"twitter:data1\" content=\"1 minut\" \/>\n<!-- \/ Yoast SEO plugin. -->","yoast_head_json":{"title":"TRUUSK Byr\u00e5 Med 8 Tygl\u00e5dor - F\u00f6rvaringssk\u00e5p med Metallram - Modern Design - M\u00f6rkgr\u00e5 - TRUUSK - Hem, Tr\u00e4dg\u00e5rd &amp; Fritid","robots":{"index":"index","follow":"follow","max-snippet":"max-snippet:-1","max-image-preview":"max-image-preview:large","max-video-preview":"max-video-preview:-1"},"canonical":"https:\/\/truusk.store\/sv\/produkt\/truusk-byra-med-8-tyglador-forvaringsskap-med-metallram-modern-design-morkgra\/","og_locale":"sv_SE","og_type":"article","og_title":"TRUUSK Byr\u00e5 Med 8 Tygl\u00e5dor - F\u00f6rvaringssk\u00e5p med Metallram - Modern Design - M\u00f6rkgr\u00e5 - TRUUSK - Hem, Tr\u00e4dg\u00e5rd &amp; Fritid","og_description":"Denna m\u00e5ngsidiga TRUUSK byr\u00e5 i neutrala f\u00e4rger \u00e4r en idealisk komplement till alla l\u00e4genheter. Den erbjuder gott om utrymme f\u00f6r...","og_url":"https:\/\/truusk.store\/sv\/produkt\/truusk-byra-med-8-tyglador-forvaringsskap-med-metallram-modern-design-morkgra\/","og_site_name":"TRUUSK - Hem, Tr\u00e4dg\u00e5rd &amp; Fritid","article_modified_time":"2026-03-12T08:06:34+00:00","og_image":[{"width":2000,"height":2000,"url":"https:\/\/i0.wp.com\/truusk.se\/wp-content\/uploads\/2025\/06\/byra-med-8-tyglador-forvaringsskap-byraskap-med-handtag-metallram-modern-design-skap-for-sovrum-vardagsrum-morkgra-1.webp?fit=2000%2C2000&ssl=1","type":"image\/webp"}],"twitter_card":"summary_large_image","twitter_misc":{"Ber\u00e4knad l\u00e4stid":"1 minut"},"schema":{"@context":"https:\/\/schema.org","@graph":[{"@type":"WebPage","@id":"https:\/\/truusk.store\/sv\/produkt\/truusk-byra-med-8-tyglador-forvaringsskap-med-metallram-modern-design-morkgra\/","url":"https:\/\/truusk.store\/sv\/produkt\/truusk-byra-med-8-tyglador-forvaringsskap-med-metallram-modern-design-morkgra\/","name":"TRUUSK Byr\u00e5 Med 8 Tygl\u00e5dor - F\u00f6rvaringssk\u00e5p med Metallram - Modern Design - M\u00f6rkgr\u00e5 - TRUUSK - Hem, Tr\u00e4dg\u00e5rd &amp; Fritid","isPartOf":{"@id":"https:\/\/truusk.store\/sv\/#website"},"primaryImageOfPage":{"@id":"https:\/\/truusk.store\/sv\/produkt\/truusk-byra-med-8-tyglador-forvaringsskap-med-metallram-modern-design-morkgra\/#primaryimage"},"image":{"@id":"https:\/\/truusk.store\/sv\/produkt\/truusk-byra-med-8-tyglador-forvaringsskap-med-metallram-modern-design-morkgra\/#primaryimage"},"thumbnailUrl":"https:\/\/i0.wp.com\/truusk.store\/wp-content\/uploads\/2025\/06\/byra-med-8-tyglador-forvaringsskap-byraskap-med-handtag-metallram-modern-design-skap-for-sovrum-vardagsrum-morkgra-1.webp?fit=2000%2C2000&ssl=1","datePublished":"2025-06-05T12:42:52+00:00","dateModified":"2026-03-12T08:06:34+00:00","breadcrumb":{"@id":"https:\/\/truusk.store\/sv\/produkt\/truusk-byra-med-8-tyglador-forvaringsskap-med-metallram-modern-design-morkgra\/#breadcrumb"},"inLanguage":"sv-SE","potentialAction":[{"@type":"ReadAction","target":["https:\/\/truusk.store\/sv\/produkt\/truusk-byra-med-8-tyglador-forvaringsskap-med-metallram-modern-design-morkgra\/"]}]},{"@type":"ImageObject","inLanguage":"sv-SE","@id":"https:\/\/truusk.store\/sv\/produkt\/truusk-byra-med-8-tyglador-forvaringsskap-med-metallram-modern-design-morkgra\/#primaryimage","url":"https:\/\/i0.wp.com\/truusk.store\/wp-content\/uploads\/2025\/06\/byra-med-8-tyglador-forvaringsskap-byraskap-med-handtag-metallram-modern-design-skap-for-sovrum-vardagsrum-morkgra-1.webp?fit=2000%2C2000&ssl=1","contentUrl":"https:\/\/i0.wp.com\/truusk.store\/wp-content\/uploads\/2025\/06\/byra-med-8-tyglador-forvaringsskap-byraskap-med-handtag-metallram-modern-design-skap-for-sovrum-vardagsrum-morkgra-1.webp?fit=2000%2C2000&ssl=1","width":2000,"height":2000},{"@type":"BreadcrumbList","@id":"https:\/\/truusk.store\/sv\/produkt\/truusk-byra-med-8-tyglador-forvaringsskap-med-metallram-modern-design-morkgra\/#breadcrumb","itemListElement":[{"@type":"ListItem","position":1,"name":"Home","item":"https:\/\/truusk.store\/sv\/"},{"@type":"ListItem","position":2,"name":"Shop","item":"https:\/\/truusk.store\/shop\/"},{"@type":"ListItem","position":3,"name":"TRUUSK Byr\u00e5 Med 8 Tygl\u00e5dor &#8211; F\u00f6rvaringssk\u00e5p med Metallram &#8211; Modern Design &#8211; M\u00f6rkgr\u00e5"}]},{"@type":"WebSite","@id":"https:\/\/truusk.store\/sv\/#website","url":"https:\/\/truusk.store\/sv\/","name":"TRUUSK - Hem, Tr\u00e4dg\u00e5rd & Fritid","description":"","publisher":{"@id":"https:\/\/truusk.store\/sv\/#organization"},"potentialAction":[{"@type":"SearchAction","target":{"@type":"EntryPoint","urlTemplate":"https:\/\/truusk.store\/sv\/?s={search_term_string}"},"query-input":{"@type":"PropertyValueSpecification","valueRequired":true,"valueName":"search_term_string"}}],"inLanguage":"sv-SE"},{"@type":"Organization","@id":"https:\/\/truusk.store\/sv\/#organization","name":"TRUUSK - Hem, Tr\u00e4dg\u00e5rd & Fritid","url":"https:\/\/truusk.store\/sv\/","logo":{"@type":"ImageObject","inLanguage":"sv-SE","@id":"https:\/\/truusk.store\/sv\/#\/schema\/logo\/image\/","url":"https:\/\/i0.wp.com\/truusk.store\/wp-content\/uploads\/2026\/03\/cropped-TRUUSK.png?fit=2032%2C917&ssl=1","contentUrl":"https:\/\/i0.wp.com\/truusk.store\/wp-content\/uploads\/2026\/03\/cropped-TRUUSK.png?fit=2032%2C917&ssl=1","width":2032,"height":917,"caption":"TRUUSK - Hem, Tr\u00e4dg\u00e5rd & Fritid"},"image":{"@id":"https:\/\/truusk.store\/sv\/#\/schema\/logo\/image\/"}}]}},"jetpack_sharing_enabled":true,"_links":{"self":[{"href":"https:\/\/truusk.store\/sv\/wp-json\/wp\/v2\/product\/67010","targetHints":{"allow":["GET"]}}],"collection":[{"href":"https:\/\/truusk.store\/sv\/wp-json\/wp\/v2\/product"}],"about":[{"href":"https:\/\/truusk.store\/sv\/wp-json\/wp\/v2\/types\/product"}],"wp:featuredmedia":[{"embeddable":true,"href":"https:\/\/truusk.store\/sv\/wp-json\/wp\/v2\/media\/67001"}],"wp:attachment":[{"href":"https:\/\/truusk.store\/sv\/wp-json\/wp\/v2\/media?parent=67010"}],"wp:term":[{"taxonomy":"product_brand","embeddable":true,"href":"https:\/\/truusk.store\/sv\/wp-json\/wp\/v2\/product_brand?post=67010"},{"taxonomy":"product_cat","embeddable":true,"href":"https:\/\/truusk.store\/sv\/wp-json\/wp\/v2\/product_cat?post=67010"},{"taxonomy":"product_tag","embeddable":true,"href":"https:\/\/truusk.store\/sv\/wp-json\/wp\/v2\/product_tag?post=67010"}],"curies":[{"name":"wp","href":"https:\/\/api.w.org\/{rel}","templated":true}]}}