{"id":67067,"date":"2025-06-05T13:48:33","date_gmt":"2025-06-05T12:48:33","guid":{"rendered":"https:\/\/truusk.store\/product\/baglampa-golvstaende-lampa-arc-modern-baglampa-i-metall-golvstaende-lampa-i-metall-och-linne-svart\/"},"modified":"2026-03-12T08:59:13","modified_gmt":"2026-03-12T07:59:13","slug":"truusk-baglampa-golvstaende-lampa-arc-modern-design-metall-och-linne-svart","status":"publish","type":"product","link":"https:\/\/truusk.store\/sv\/produkt\/truusk-baglampa-golvstaende-lampa-arc-modern-design-metall-och-linne-svart\/","title":{"rendered":"TRUUSK B\u00e5glampa Golvst\u00e5ende Lampa Arc &#8211; Modern Design &#8211; Metall och Linne &#8211; Svart"},"content":{"rendered":"<p>Ge ditt hem en modern touch med TRUUSK golvlampa! Perfekt f\u00f6r vardagsrum, matsal, sovrum eller lounge, denna eleganta golvlampa str\u00e5lar mjukt ljus genom sin svarta tygsk\u00e4rm. Med sin metallram och den stabila runda basen \u00e4r denna helt svarta vardagsrumsgolvlampa perfekt f\u00f6r att skapa stilfulla accenter!<\/p>\n<p>Beskrivning:<\/p>\n<ul>\n<li> Modern design av golvlampan med smal stam, perfekt \u00e4ven f\u00f6r sm\u00e5 utrymmen<\/li>\n<li> Golvlampa med en plastsk\u00e4rm t\u00e4ckt med tyg (polyester)<\/li>\n<li> Stor rund metallbas<\/li>\n<li> Fotbrytare p\u00e5 b\u00e5glampan f\u00f6r att sl\u00e5 p\u00e5<\/li>\n<li> Kr\u00e4ver en E27-gl\u00f6dlampa (40W) (ing\u00e5r ej)<\/li>\n<li> L\u00e4mplig f\u00f6r vardagsrum, matsal, sovrum och mer<\/li>\n<\/ul>\n<p> Tekniska data:<\/p>\n<ul>\n<li> F\u00e4rg: Svart<\/li>\n<li> Material: Metall, plast, tyg (polyester)<\/li>\n<li> Totala dimensioner: 105L x 47B x 190H cm<\/li>\n<li> Basstorlek: \u00d838 cm<\/li>\n<li> Sk\u00e4rmstorlek: \u00d847 cm<\/li>\n<li> Kabell\u00e4ngd: 1,8 m<\/li>\n<li> Sp\u00e4nning: 230V \/ 50 Hz<\/li>\n<li> Lampor: E27 (ing\u00e5r ej)<\/li>\n<li> Maximal effekt av lamporna: 40W<\/li>\n<\/ul>\n<p>Leveransinneh\u00e5ll:<\/p>\n<ul>\n<li> 1 x Golvlampa<\/li>\n<li> 1 x Instruktioner<\/li>\n<\/ul>\n","protected":false},"excerpt":{"rendered":"<p>Ge ditt hem en modern touch med TRUUSK golvlampa! Perfekt f\u00f6r vardagsrum, matsal, sovrum eller lounge, denna eleganta golvlampa str\u00e5lar&#8230;<\/p>\n","protected":false},"featured_media":67058,"template":"","meta":[],"product_brand":[],"product_cat":[486,907,871],"product_tag":[],"class_list":{"0":"post-67067","1":"product","2":"type-product","3":"status-publish","4":"has-post-thumbnail","6":"product_cat-belysning","7":"product_cat-golvlampor","8":"product_cat-hus-hem","10":"first","11":"instock","12":"sale","13":"taxable","14":"shipping-taxable","15":"purchasable","16":"product-type-simple"},"yoast_head":"<!-- This site is optimized with the Yoast SEO plugin v25.4 - https:\/\/yoast.com\/wordpress\/plugins\/seo\/ -->\n<title>TRUUSK B\u00e5glampa Golvst\u00e5ende Lampa Arc - Modern Design - Metall och Linne - Svart - TRUUSK - Hem, Tr\u00e4dg\u00e5rd &amp; Fritid<\/title>\n<meta name=\"robots\" content=\"index, follow, max-snippet:-1, max-image-preview:large, max-video-preview:-1\" \/>\n<link rel=\"canonical\" href=\"https:\/\/truusk.store\/sv\/produkt\/truusk-baglampa-golvstaende-lampa-arc-modern-design-metall-och-linne-svart\/\" \/>\n<meta property=\"og:locale\" content=\"sv_SE\" \/>\n<meta property=\"og:type\" content=\"article\" \/>\n<meta property=\"og:title\" content=\"TRUUSK B\u00e5glampa Golvst\u00e5ende Lampa Arc - Modern Design - Metall och Linne - Svart - TRUUSK - Hem, Tr\u00e4dg\u00e5rd &amp; Fritid\" \/>\n<meta property=\"og:description\" content=\"Ge ditt hem en modern touch med TRUUSK golvlampa! Perfekt f\u00f6r vardagsrum, matsal, sovrum eller lounge, denna eleganta golvlampa str\u00e5lar...\" \/>\n<meta property=\"og:url\" content=\"https:\/\/truusk.store\/sv\/produkt\/truusk-baglampa-golvstaende-lampa-arc-modern-design-metall-och-linne-svart\/\" \/>\n<meta property=\"og:site_name\" content=\"TRUUSK - Hem, Tr\u00e4dg\u00e5rd &amp; Fritid\" \/>\n<meta property=\"article:modified_time\" content=\"2026-03-12T07:59:13+00:00\" \/>\n<meta property=\"og:image\" content=\"https:\/\/i0.wp.com\/truusk.se\/wp-content\/uploads\/2025\/06\/baglampa-golvstaende-lampa-arc-modern-baglampa-i-metall-golvstaende-lampa-i-metall-och-linne-svart-1.webp?fit=2000%2C2000&ssl=1\" \/>\n\t<meta property=\"og:image:width\" content=\"2000\" \/>\n\t<meta property=\"og:image:height\" content=\"2000\" \/>\n\t<meta property=\"og:image:type\" content=\"image\/webp\" \/>\n<meta name=\"twitter:card\" content=\"summary_large_image\" \/>\n<meta name=\"twitter:label1\" content=\"Ber\u00e4knad l\u00e4stid\" \/>\n\t<meta name=\"twitter:data1\" content=\"1 minut\" \/>\n<!-- \/ Yoast SEO plugin. -->","yoast_head_json":{"title":"TRUUSK B\u00e5glampa Golvst\u00e5ende Lampa Arc - Modern Design - Metall och Linne - Svart - TRUUSK - Hem, Tr\u00e4dg\u00e5rd &amp; Fritid","robots":{"index":"index","follow":"follow","max-snippet":"max-snippet:-1","max-image-preview":"max-image-preview:large","max-video-preview":"max-video-preview:-1"},"canonical":"https:\/\/truusk.store\/sv\/produkt\/truusk-baglampa-golvstaende-lampa-arc-modern-design-metall-och-linne-svart\/","og_locale":"sv_SE","og_type":"article","og_title":"TRUUSK B\u00e5glampa Golvst\u00e5ende Lampa Arc - Modern Design - Metall och Linne - Svart - TRUUSK - Hem, Tr\u00e4dg\u00e5rd &amp; Fritid","og_description":"Ge ditt hem en modern touch med TRUUSK golvlampa! Perfekt f\u00f6r vardagsrum, matsal, sovrum eller lounge, denna eleganta golvlampa str\u00e5lar...","og_url":"https:\/\/truusk.store\/sv\/produkt\/truusk-baglampa-golvstaende-lampa-arc-modern-design-metall-och-linne-svart\/","og_site_name":"TRUUSK - Hem, Tr\u00e4dg\u00e5rd &amp; Fritid","article_modified_time":"2026-03-12T07:59:13+00:00","og_image":[{"width":2000,"height":2000,"url":"https:\/\/i0.wp.com\/truusk.se\/wp-content\/uploads\/2025\/06\/baglampa-golvstaende-lampa-arc-modern-baglampa-i-metall-golvstaende-lampa-i-metall-och-linne-svart-1.webp?fit=2000%2C2000&ssl=1","type":"image\/webp"}],"twitter_card":"summary_large_image","twitter_misc":{"Ber\u00e4knad l\u00e4stid":"1 minut"},"schema":{"@context":"https:\/\/schema.org","@graph":[{"@type":"WebPage","@id":"https:\/\/truusk.store\/sv\/produkt\/truusk-baglampa-golvstaende-lampa-arc-modern-design-metall-och-linne-svart\/","url":"https:\/\/truusk.store\/sv\/produkt\/truusk-baglampa-golvstaende-lampa-arc-modern-design-metall-och-linne-svart\/","name":"TRUUSK B\u00e5glampa Golvst\u00e5ende Lampa Arc - Modern Design - Metall och Linne - Svart - TRUUSK - Hem, Tr\u00e4dg\u00e5rd &amp; Fritid","isPartOf":{"@id":"https:\/\/truusk.store\/sv\/#website"},"primaryImageOfPage":{"@id":"https:\/\/truusk.store\/sv\/produkt\/truusk-baglampa-golvstaende-lampa-arc-modern-design-metall-och-linne-svart\/#primaryimage"},"image":{"@id":"https:\/\/truusk.store\/sv\/produkt\/truusk-baglampa-golvstaende-lampa-arc-modern-design-metall-och-linne-svart\/#primaryimage"},"thumbnailUrl":"https:\/\/i0.wp.com\/truusk.store\/wp-content\/uploads\/2025\/06\/baglampa-golvstaende-lampa-arc-modern-baglampa-i-metall-golvstaende-lampa-i-metall-och-linne-svart-1.webp?fit=2000%2C2000&ssl=1","datePublished":"2025-06-05T12:48:33+00:00","dateModified":"2026-03-12T07:59:13+00:00","breadcrumb":{"@id":"https:\/\/truusk.store\/sv\/produkt\/truusk-baglampa-golvstaende-lampa-arc-modern-design-metall-och-linne-svart\/#breadcrumb"},"inLanguage":"sv-SE","potentialAction":[{"@type":"ReadAction","target":["https:\/\/truusk.store\/sv\/produkt\/truusk-baglampa-golvstaende-lampa-arc-modern-design-metall-och-linne-svart\/"]}]},{"@type":"ImageObject","inLanguage":"sv-SE","@id":"https:\/\/truusk.store\/sv\/produkt\/truusk-baglampa-golvstaende-lampa-arc-modern-design-metall-och-linne-svart\/#primaryimage","url":"https:\/\/i0.wp.com\/truusk.store\/wp-content\/uploads\/2025\/06\/baglampa-golvstaende-lampa-arc-modern-baglampa-i-metall-golvstaende-lampa-i-metall-och-linne-svart-1.webp?fit=2000%2C2000&ssl=1","contentUrl":"https:\/\/i0.wp.com\/truusk.store\/wp-content\/uploads\/2025\/06\/baglampa-golvstaende-lampa-arc-modern-baglampa-i-metall-golvstaende-lampa-i-metall-och-linne-svart-1.webp?fit=2000%2C2000&ssl=1","width":2000,"height":2000},{"@type":"BreadcrumbList","@id":"https:\/\/truusk.store\/sv\/produkt\/truusk-baglampa-golvstaende-lampa-arc-modern-design-metall-och-linne-svart\/#breadcrumb","itemListElement":[{"@type":"ListItem","position":1,"name":"Home","item":"https:\/\/truusk.store\/sv\/"},{"@type":"ListItem","position":2,"name":"Shop","item":"https:\/\/truusk.store\/shop\/"},{"@type":"ListItem","position":3,"name":"TRUUSK B\u00e5glampa Golvst\u00e5ende Lampa Arc &#8211; Modern Design &#8211; Metall och Linne &#8211; Svart"}]},{"@type":"WebSite","@id":"https:\/\/truusk.store\/sv\/#website","url":"https:\/\/truusk.store\/sv\/","name":"TRUUSK - Hem, Tr\u00e4dg\u00e5rd & Fritid","description":"","publisher":{"@id":"https:\/\/truusk.store\/sv\/#organization"},"potentialAction":[{"@type":"SearchAction","target":{"@type":"EntryPoint","urlTemplate":"https:\/\/truusk.store\/sv\/?s={search_term_string}"},"query-input":{"@type":"PropertyValueSpecification","valueRequired":true,"valueName":"search_term_string"}}],"inLanguage":"sv-SE"},{"@type":"Organization","@id":"https:\/\/truusk.store\/sv\/#organization","name":"TRUUSK - Hem, Tr\u00e4dg\u00e5rd & Fritid","url":"https:\/\/truusk.store\/sv\/","logo":{"@type":"ImageObject","inLanguage":"sv-SE","@id":"https:\/\/truusk.store\/sv\/#\/schema\/logo\/image\/","url":"https:\/\/i0.wp.com\/truusk.store\/wp-content\/uploads\/2026\/03\/cropped-TRUUSK.png?fit=2032%2C917&ssl=1","contentUrl":"https:\/\/i0.wp.com\/truusk.store\/wp-content\/uploads\/2026\/03\/cropped-TRUUSK.png?fit=2032%2C917&ssl=1","width":2032,"height":917,"caption":"TRUUSK - Hem, Tr\u00e4dg\u00e5rd & Fritid"},"image":{"@id":"https:\/\/truusk.store\/sv\/#\/schema\/logo\/image\/"}}]}},"jetpack_sharing_enabled":true,"_links":{"self":[{"href":"https:\/\/truusk.store\/sv\/wp-json\/wp\/v2\/product\/67067","targetHints":{"allow":["GET"]}}],"collection":[{"href":"https:\/\/truusk.store\/sv\/wp-json\/wp\/v2\/product"}],"about":[{"href":"https:\/\/truusk.store\/sv\/wp-json\/wp\/v2\/types\/product"}],"wp:featuredmedia":[{"embeddable":true,"href":"https:\/\/truusk.store\/sv\/wp-json\/wp\/v2\/media\/67058"}],"wp:attachment":[{"href":"https:\/\/truusk.store\/sv\/wp-json\/wp\/v2\/media?parent=67067"}],"wp:term":[{"taxonomy":"product_brand","embeddable":true,"href":"https:\/\/truusk.store\/sv\/wp-json\/wp\/v2\/product_brand?post=67067"},{"taxonomy":"product_cat","embeddable":true,"href":"https:\/\/truusk.store\/sv\/wp-json\/wp\/v2\/product_cat?post=67067"},{"taxonomy":"product_tag","embeddable":true,"href":"https:\/\/truusk.store\/sv\/wp-json\/wp\/v2\/product_tag?post=67067"}],"curies":[{"name":"wp","href":"https:\/\/api.w.org\/{rel}","templated":true}]}}