{"id":67117,"date":"2025-06-05T13:53:45","date_gmt":"2025-06-05T12:53:45","guid":{"rendered":"https:\/\/truusk.store\/product\/2-delat-set-hog-sang-av-stal-planteringsbadd-tidig-badd-tradgardsbadd-blomlada-stapelbar-planteringslada-planteringskruka-100x100x30cm-for-tradgard-balkong-terrass-gronsaksbadd-for-blommor\/"},"modified":"2026-03-12T09:32:21","modified_gmt":"2026-03-12T08:32:21","slug":"truusk-2-delat-set-stal-sang-och-planteringsbadd-stapelbar-for-tradgard-och-balkong-100x100x30cm-gronsaksbadd-och-blomlada","status":"publish","type":"product","link":"https:\/\/truusk.store\/sv\/produkt\/truusk-2-delat-set-stal-sang-och-planteringsbadd-stapelbar-for-tradgard-och-balkong-100x100x30cm-gronsaksbadd-och-blomlada\/","title":{"rendered":"TRUUSK 2-delat Set St\u00e5l S\u00e4ng och Planteringsb\u00e4dd &#8211; Stapelbar &#8211; F\u00f6r Tr\u00e4dg\u00e5rd och Balkong &#8211; 100x100x30cm &#8211; Gr\u00f6nsaksb\u00e4dd och Bloml\u00e5da"},"content":{"rendered":"<p>Vid begr\u00e4nsat utrymme p\u00e5 terrassen eller balkongen m\u00f6jligg\u00f6r denna f\u00f6rzinkade TRUUSK h\u00f6gb\u00e4dd f\u00f6r tr\u00e4dg\u00e5rd, blommor och \u00f6rter att effektivt odla. Tack vare h\u00f6ga v\u00e4ggar och \u00f6ppen botten p\u00e5 \u00f6rtb\u00e4dden trivs \u00e4ven l\u00e5ngrotade v\u00e4xter utan problem. Med detta 2-pack h\u00f6gb\u00e4ddar f\u00f6r balkongen skapar du alltid en organiserad och naturlig tr\u00e4dg\u00e5rd.<\/p>\n<p>Beskrivning:<\/p>\n<ul>\n<li> \u00d6rth\u00f6gb\u00e4dd set med tv\u00e5 100 x 100 cm bloml\u00e5dor<\/li>\n<li> Denna bloml\u00e5da h\u00e5ller ogr\u00e4s borta och erbjuder bra vattenavlopp<\/li>\n<li> Denna mini h\u00f6gb\u00e4dd \u00e4r l\u00e4mplig f\u00f6r en m\u00e4ngd olika v\u00e4xter: gr\u00f6nsaker, \u00f6rter, blommor och mer<\/li>\n<li> V\u00e4derbest\u00e4ndig st\u00e5lram med pulverlackering<\/li>\n<li> Enkel och snabb montering<\/li>\n<\/ul>\n<p> Tekniska data:<\/p>\n<ul>\n<li> F\u00e4rg: M\u00f6rkgr\u00e5<\/li>\n<li> Material: F\u00f6rzinkat st\u00e5l<\/li>\n<li> Totala dimensioner: 100L x 100B x 30H cm (enskilt)<\/li>\n<li> Innerm\u00e5tt: 98,5L x 98,5B x 30H cm (enskilt)<\/li>\n<\/ul>\n<p>Leveransinneh\u00e5ll:<\/p>\n<ul>\n<li> 2 x Planteringsl\u00e5da<\/li>\n<li> 1 x Instruktion<\/li>\n<\/ul>\n","protected":false},"excerpt":{"rendered":"<p>Vid begr\u00e4nsat utrymme p\u00e5 terrassen eller balkongen m\u00f6jligg\u00f6r denna f\u00f6rzinkade TRUUSK h\u00f6gb\u00e4dd f\u00f6r tr\u00e4dg\u00e5rd, blommor och \u00f6rter att effektivt odla&#8230;.<\/p>\n","protected":false},"featured_media":67108,"template":"","meta":[],"product_brand":[],"product_cat":[922,858,443],"product_tag":[],"class_list":{"0":"post-67117","1":"product","2":"type-product","3":"status-publish","4":"has-post-thumbnail","6":"product_cat-planteringskarl","7":"product_cat-tradgard-terrass","8":"product_cat-vaxthus-tradgardsskotsel","10":"first","11":"instock","12":"sale","13":"taxable","14":"shipping-taxable","15":"purchasable","16":"product-type-simple"},"yoast_head":"<!-- This site is optimized with the Yoast SEO plugin v25.4 - https:\/\/yoast.com\/wordpress\/plugins\/seo\/ -->\n<title>TRUUSK 2-delat Set St\u00e5l S\u00e4ng och Planteringsb\u00e4dd - Stapelbar - F\u00f6r Tr\u00e4dg\u00e5rd och Balkong - 100x100x30cm - Gr\u00f6nsaksb\u00e4dd och Bloml\u00e5da - TRUUSK - Hem, Tr\u00e4dg\u00e5rd &amp; Fritid<\/title>\n<meta name=\"robots\" content=\"index, follow, max-snippet:-1, max-image-preview:large, max-video-preview:-1\" \/>\n<link rel=\"canonical\" href=\"https:\/\/truusk.store\/sv\/produkt\/truusk-2-delat-set-stal-sang-och-planteringsbadd-stapelbar-for-tradgard-och-balkong-100x100x30cm-gronsaksbadd-och-blomlada\/\" \/>\n<meta property=\"og:locale\" content=\"sv_SE\" \/>\n<meta property=\"og:type\" content=\"article\" \/>\n<meta property=\"og:title\" content=\"TRUUSK 2-delat Set St\u00e5l S\u00e4ng och Planteringsb\u00e4dd - Stapelbar - F\u00f6r Tr\u00e4dg\u00e5rd och Balkong - 100x100x30cm - Gr\u00f6nsaksb\u00e4dd och Bloml\u00e5da - TRUUSK - Hem, Tr\u00e4dg\u00e5rd &amp; Fritid\" \/>\n<meta property=\"og:description\" content=\"Vid begr\u00e4nsat utrymme p\u00e5 terrassen eller balkongen m\u00f6jligg\u00f6r denna f\u00f6rzinkade TRUUSK h\u00f6gb\u00e4dd f\u00f6r tr\u00e4dg\u00e5rd, blommor och \u00f6rter att effektivt odla....\" \/>\n<meta property=\"og:url\" content=\"https:\/\/truusk.store\/sv\/produkt\/truusk-2-delat-set-stal-sang-och-planteringsbadd-stapelbar-for-tradgard-och-balkong-100x100x30cm-gronsaksbadd-och-blomlada\/\" \/>\n<meta property=\"og:site_name\" content=\"TRUUSK - Hem, Tr\u00e4dg\u00e5rd &amp; Fritid\" \/>\n<meta property=\"article:modified_time\" content=\"2026-03-12T08:32:21+00:00\" \/>\n<meta property=\"og:image\" content=\"https:\/\/i0.wp.com\/truusk.se\/wp-content\/uploads\/2025\/06\/2-delat-set-hog-sang-av-stal-planteringsbadd-tidig-badd-tradgardsbadd-blomlada-stapelbar-planteringslada-planteringskruka-100x100x30cm-for-tradgard-balkong-terrass-gronsaksbadd-for-blommor-1.webp?fit=2000%2C2000&ssl=1\" \/>\n\t<meta property=\"og:image:width\" content=\"2000\" \/>\n\t<meta property=\"og:image:height\" content=\"2000\" \/>\n\t<meta property=\"og:image:type\" content=\"image\/webp\" \/>\n<meta name=\"twitter:card\" content=\"summary_large_image\" \/>\n<meta name=\"twitter:label1\" content=\"Ber\u00e4knad l\u00e4stid\" \/>\n\t<meta name=\"twitter:data1\" content=\"1 minut\" \/>\n<!-- \/ Yoast SEO plugin. -->","yoast_head_json":{"title":"TRUUSK 2-delat Set St\u00e5l S\u00e4ng och Planteringsb\u00e4dd - Stapelbar - F\u00f6r Tr\u00e4dg\u00e5rd och Balkong - 100x100x30cm - Gr\u00f6nsaksb\u00e4dd och Bloml\u00e5da - TRUUSK - Hem, Tr\u00e4dg\u00e5rd &amp; Fritid","robots":{"index":"index","follow":"follow","max-snippet":"max-snippet:-1","max-image-preview":"max-image-preview:large","max-video-preview":"max-video-preview:-1"},"canonical":"https:\/\/truusk.store\/sv\/produkt\/truusk-2-delat-set-stal-sang-och-planteringsbadd-stapelbar-for-tradgard-och-balkong-100x100x30cm-gronsaksbadd-och-blomlada\/","og_locale":"sv_SE","og_type":"article","og_title":"TRUUSK 2-delat Set St\u00e5l S\u00e4ng och Planteringsb\u00e4dd - Stapelbar - F\u00f6r Tr\u00e4dg\u00e5rd och Balkong - 100x100x30cm - Gr\u00f6nsaksb\u00e4dd och Bloml\u00e5da - TRUUSK - Hem, Tr\u00e4dg\u00e5rd &amp; Fritid","og_description":"Vid begr\u00e4nsat utrymme p\u00e5 terrassen eller balkongen m\u00f6jligg\u00f6r denna f\u00f6rzinkade TRUUSK h\u00f6gb\u00e4dd f\u00f6r tr\u00e4dg\u00e5rd, blommor och \u00f6rter att effektivt odla....","og_url":"https:\/\/truusk.store\/sv\/produkt\/truusk-2-delat-set-stal-sang-och-planteringsbadd-stapelbar-for-tradgard-och-balkong-100x100x30cm-gronsaksbadd-och-blomlada\/","og_site_name":"TRUUSK - Hem, Tr\u00e4dg\u00e5rd &amp; Fritid","article_modified_time":"2026-03-12T08:32:21+00:00","og_image":[{"width":2000,"height":2000,"url":"https:\/\/i0.wp.com\/truusk.se\/wp-content\/uploads\/2025\/06\/2-delat-set-hog-sang-av-stal-planteringsbadd-tidig-badd-tradgardsbadd-blomlada-stapelbar-planteringslada-planteringskruka-100x100x30cm-for-tradgard-balkong-terrass-gronsaksbadd-for-blommor-1.webp?fit=2000%2C2000&ssl=1","type":"image\/webp"}],"twitter_card":"summary_large_image","twitter_misc":{"Ber\u00e4knad l\u00e4stid":"1 minut"},"schema":{"@context":"https:\/\/schema.org","@graph":[{"@type":"WebPage","@id":"https:\/\/truusk.store\/sv\/produkt\/truusk-2-delat-set-stal-sang-och-planteringsbadd-stapelbar-for-tradgard-och-balkong-100x100x30cm-gronsaksbadd-och-blomlada\/","url":"https:\/\/truusk.store\/sv\/produkt\/truusk-2-delat-set-stal-sang-och-planteringsbadd-stapelbar-for-tradgard-och-balkong-100x100x30cm-gronsaksbadd-och-blomlada\/","name":"TRUUSK 2-delat Set St\u00e5l S\u00e4ng och Planteringsb\u00e4dd - Stapelbar - F\u00f6r Tr\u00e4dg\u00e5rd och Balkong - 100x100x30cm - Gr\u00f6nsaksb\u00e4dd och Bloml\u00e5da - TRUUSK - Hem, Tr\u00e4dg\u00e5rd &amp; Fritid","isPartOf":{"@id":"https:\/\/truusk.store\/sv\/#website"},"primaryImageOfPage":{"@id":"https:\/\/truusk.store\/sv\/produkt\/truusk-2-delat-set-stal-sang-och-planteringsbadd-stapelbar-for-tradgard-och-balkong-100x100x30cm-gronsaksbadd-och-blomlada\/#primaryimage"},"image":{"@id":"https:\/\/truusk.store\/sv\/produkt\/truusk-2-delat-set-stal-sang-och-planteringsbadd-stapelbar-for-tradgard-och-balkong-100x100x30cm-gronsaksbadd-och-blomlada\/#primaryimage"},"thumbnailUrl":"https:\/\/i0.wp.com\/truusk.store\/wp-content\/uploads\/2025\/06\/2-delat-set-hog-sang-av-stal-planteringsbadd-tidig-badd-tradgardsbadd-blomlada-stapelbar-planteringslada-planteringskruka-100x100x30cm-for-tradgard-balkong-terrass-gronsaksbadd-for-blommor-1.webp?fit=2000%2C2000&ssl=1","datePublished":"2025-06-05T12:53:45+00:00","dateModified":"2026-03-12T08:32:21+00:00","breadcrumb":{"@id":"https:\/\/truusk.store\/sv\/produkt\/truusk-2-delat-set-stal-sang-och-planteringsbadd-stapelbar-for-tradgard-och-balkong-100x100x30cm-gronsaksbadd-och-blomlada\/#breadcrumb"},"inLanguage":"sv-SE","potentialAction":[{"@type":"ReadAction","target":["https:\/\/truusk.store\/sv\/produkt\/truusk-2-delat-set-stal-sang-och-planteringsbadd-stapelbar-for-tradgard-och-balkong-100x100x30cm-gronsaksbadd-och-blomlada\/"]}]},{"@type":"ImageObject","inLanguage":"sv-SE","@id":"https:\/\/truusk.store\/sv\/produkt\/truusk-2-delat-set-stal-sang-och-planteringsbadd-stapelbar-for-tradgard-och-balkong-100x100x30cm-gronsaksbadd-och-blomlada\/#primaryimage","url":"https:\/\/i0.wp.com\/truusk.store\/wp-content\/uploads\/2025\/06\/2-delat-set-hog-sang-av-stal-planteringsbadd-tidig-badd-tradgardsbadd-blomlada-stapelbar-planteringslada-planteringskruka-100x100x30cm-for-tradgard-balkong-terrass-gronsaksbadd-for-blommor-1.webp?fit=2000%2C2000&ssl=1","contentUrl":"https:\/\/i0.wp.com\/truusk.store\/wp-content\/uploads\/2025\/06\/2-delat-set-hog-sang-av-stal-planteringsbadd-tidig-badd-tradgardsbadd-blomlada-stapelbar-planteringslada-planteringskruka-100x100x30cm-for-tradgard-balkong-terrass-gronsaksbadd-for-blommor-1.webp?fit=2000%2C2000&ssl=1","width":2000,"height":2000},{"@type":"BreadcrumbList","@id":"https:\/\/truusk.store\/sv\/produkt\/truusk-2-delat-set-stal-sang-och-planteringsbadd-stapelbar-for-tradgard-och-balkong-100x100x30cm-gronsaksbadd-och-blomlada\/#breadcrumb","itemListElement":[{"@type":"ListItem","position":1,"name":"Home","item":"https:\/\/truusk.store\/sv\/"},{"@type":"ListItem","position":2,"name":"Shop","item":"https:\/\/truusk.store\/shop\/"},{"@type":"ListItem","position":3,"name":"TRUUSK 2-delat Set St\u00e5l S\u00e4ng och Planteringsb\u00e4dd &#8211; Stapelbar &#8211; F\u00f6r Tr\u00e4dg\u00e5rd och Balkong &#8211; 100x100x30cm &#8211; Gr\u00f6nsaksb\u00e4dd och Bloml\u00e5da"}]},{"@type":"WebSite","@id":"https:\/\/truusk.store\/sv\/#website","url":"https:\/\/truusk.store\/sv\/","name":"TRUUSK - Hem, Tr\u00e4dg\u00e5rd & Fritid","description":"","publisher":{"@id":"https:\/\/truusk.store\/sv\/#organization"},"potentialAction":[{"@type":"SearchAction","target":{"@type":"EntryPoint","urlTemplate":"https:\/\/truusk.store\/sv\/?s={search_term_string}"},"query-input":{"@type":"PropertyValueSpecification","valueRequired":true,"valueName":"search_term_string"}}],"inLanguage":"sv-SE"},{"@type":"Organization","@id":"https:\/\/truusk.store\/sv\/#organization","name":"TRUUSK - Hem, Tr\u00e4dg\u00e5rd & Fritid","url":"https:\/\/truusk.store\/sv\/","logo":{"@type":"ImageObject","inLanguage":"sv-SE","@id":"https:\/\/truusk.store\/sv\/#\/schema\/logo\/image\/","url":"https:\/\/i0.wp.com\/truusk.store\/wp-content\/uploads\/2026\/03\/cropped-TRUUSK.png?fit=2032%2C917&ssl=1","contentUrl":"https:\/\/i0.wp.com\/truusk.store\/wp-content\/uploads\/2026\/03\/cropped-TRUUSK.png?fit=2032%2C917&ssl=1","width":2032,"height":917,"caption":"TRUUSK - Hem, Tr\u00e4dg\u00e5rd & Fritid"},"image":{"@id":"https:\/\/truusk.store\/sv\/#\/schema\/logo\/image\/"}}]}},"jetpack_sharing_enabled":true,"_links":{"self":[{"href":"https:\/\/truusk.store\/sv\/wp-json\/wp\/v2\/product\/67117","targetHints":{"allow":["GET"]}}],"collection":[{"href":"https:\/\/truusk.store\/sv\/wp-json\/wp\/v2\/product"}],"about":[{"href":"https:\/\/truusk.store\/sv\/wp-json\/wp\/v2\/types\/product"}],"wp:featuredmedia":[{"embeddable":true,"href":"https:\/\/truusk.store\/sv\/wp-json\/wp\/v2\/media\/67108"}],"wp:attachment":[{"href":"https:\/\/truusk.store\/sv\/wp-json\/wp\/v2\/media?parent=67117"}],"wp:term":[{"taxonomy":"product_brand","embeddable":true,"href":"https:\/\/truusk.store\/sv\/wp-json\/wp\/v2\/product_brand?post=67117"},{"taxonomy":"product_cat","embeddable":true,"href":"https:\/\/truusk.store\/sv\/wp-json\/wp\/v2\/product_cat?post=67117"},{"taxonomy":"product_tag","embeddable":true,"href":"https:\/\/truusk.store\/sv\/wp-json\/wp\/v2\/product_tag?post=67117"}],"curies":[{"name":"wp","href":"https:\/\/api.w.org\/{rel}","templated":true}]}}