{"id":67167,"date":"2025-06-05T13:58:44","date_gmt":"2025-06-05T12:58:44","guid":{"rendered":"https:\/\/truusk.store\/product\/terrasstak-pergola-ca-3x3m-terrasstak-tradgardspaviljong-i-aluminium-vaggmontering-tradgardspaviljong-med-justerbart-tak-solskydd-for-terrass-och-tradgard-morkgra\/"},"modified":"2026-03-12T09:47:02","modified_gmt":"2026-03-12T08:47:02","slug":"truusk-terrasspaviljong-3x3m-i-aluminium-vaggmontering-justerbart-tak-solskydd-morkgra","status":"publish","type":"product","link":"https:\/\/truusk.store\/sv\/produkt\/truusk-terrasspaviljong-3x3m-i-aluminium-vaggmontering-justerbart-tak-solskydd-morkgra\/","title":{"rendered":"TRUUSK Terrasspaviljong 3x3m i Aluminium &#8211; V\u00e4ggmontering &#8211; Justerbart Tak &#8211; Solskydd &#8211; M\u00f6rkgr\u00e5"},"content":{"rendered":"<p>TRUUSK paviljongen med utdragbart tak ger dig utomhusskydd mot solen vid m\u00e5ltider, socialt umg\u00e4nge och avkoppling. Tack vare de inbyggda h\u00e5len i pergolans presenning avleds regnvatten omedelbart och pergolans starka, rostfria metallram monteras p\u00e5 v\u00e4ggen f\u00f6r att ta inomhuskomforten utomhus.<\/p>\n<p>Beskrivning:<\/p>\n<ul>\n<li> Monterad p\u00e5 v\u00e4ggen, f\u00f6r \u00f6kad stabilitet<\/li>\n<li> Utdragbart tygtak p\u00e5 tr\u00e4dg\u00e5rdspaviljongen m\u00f6jligg\u00f6r individuellt justerbar skugga<\/li>\n<li> Tr\u00e4dg\u00e5rdspaviljongens plastbelagda polyestertak ger skydd mot UV-str\u00e5lar<\/li>\n<li> Tillverkad av pulverlackerat st\u00e5l, som \u00e4r stabilt och h\u00e5llbart<\/li>\n<li> Dr\u00e4neringsh\u00e5l i taket finns<\/li>\n<li> Tr\u00e4dg\u00e5rdspaviljongens markpinnar och expanderbultar f\u00f6r fasts\u00e4ttning p\u00e5 mjuk eller h\u00e5rd mark<\/li>\n<li> Montering kr\u00e4vs<\/li>\n<\/ul>\n<p> Tekniska data:<\/p>\n<ul>\n<li> F\u00e4rg: M\u00f6rkgr\u00e5<\/li>\n<li> Material: St\u00e5l, aluminium, polyester<\/li>\n<li> Totala dimensioner: 297L x 297B x 200\/230H cm<\/li>\n<li> Avst\u00e5nd mellan st\u00f6den: 264L x 245B cm<\/li>\n<li> St\u00f6dstorlek: 6L x 6B cm<\/li>\n<li> Vindt\u00e4thet: 6-7<\/li>\n<\/ul>\n<p>Leveransinneh\u00e5ll:<\/p>\n<ul>\n<li> 1 x Pergola<\/li>\n<li> 4 x Markpinne<\/li>\n<li> 12 x Expanderbult<\/li>\n<li> 1 x Instruktion<\/li>\n<\/ul>\n","protected":false},"excerpt":{"rendered":"<p>TRUUSK paviljongen med utdragbart tak ger dig utomhusskydd mot solen vid m\u00e5ltider, socialt umg\u00e4nge och avkoppling. Tack vare de inbyggda&#8230;<\/p>\n","protected":false},"featured_media":67158,"template":"","meta":[],"product_brand":[],"product_cat":[478,858,476],"product_tag":[],"class_list":{"0":"post-67167","1":"product","2":"type-product","3":"status-publish","4":"has-post-thumbnail","6":"product_cat-pergola","7":"product_cat-tradgard-terrass","8":"product_cat-tradgardspaviljonger","10":"first","11":"instock","12":"sale","13":"taxable","14":"shipping-taxable","15":"purchasable","16":"product-type-simple"},"yoast_head":"<!-- This site is optimized with the Yoast SEO plugin v25.4 - https:\/\/yoast.com\/wordpress\/plugins\/seo\/ -->\n<title>TRUUSK Terrasspaviljong 3x3m i Aluminium - V\u00e4ggmontering - Justerbart Tak - Solskydd - M\u00f6rkgr\u00e5 - TRUUSK - Hem, Tr\u00e4dg\u00e5rd &amp; Fritid<\/title>\n<meta name=\"robots\" content=\"index, follow, max-snippet:-1, max-image-preview:large, max-video-preview:-1\" \/>\n<link rel=\"canonical\" href=\"https:\/\/truusk.store\/sv\/produkt\/truusk-terrasspaviljong-3x3m-i-aluminium-vaggmontering-justerbart-tak-solskydd-morkgra\/\" \/>\n<meta property=\"og:locale\" content=\"sv_SE\" \/>\n<meta property=\"og:type\" content=\"article\" \/>\n<meta property=\"og:title\" content=\"TRUUSK Terrasspaviljong 3x3m i Aluminium - V\u00e4ggmontering - Justerbart Tak - Solskydd - M\u00f6rkgr\u00e5 - TRUUSK - Hem, Tr\u00e4dg\u00e5rd &amp; Fritid\" \/>\n<meta property=\"og:description\" content=\"TRUUSK paviljongen med utdragbart tak ger dig utomhusskydd mot solen vid m\u00e5ltider, socialt umg\u00e4nge och avkoppling. Tack vare de inbyggda...\" \/>\n<meta property=\"og:url\" content=\"https:\/\/truusk.store\/sv\/produkt\/truusk-terrasspaviljong-3x3m-i-aluminium-vaggmontering-justerbart-tak-solskydd-morkgra\/\" \/>\n<meta property=\"og:site_name\" content=\"TRUUSK - Hem, Tr\u00e4dg\u00e5rd &amp; Fritid\" \/>\n<meta property=\"article:modified_time\" content=\"2026-03-12T08:47:02+00:00\" \/>\n<meta property=\"og:image\" content=\"https:\/\/i0.wp.com\/truusk.se\/wp-content\/uploads\/2025\/06\/terrasstak-pergola-ca-3x3m-terrasstak-tradgardspaviljong-i-aluminium-vaggmontering-tradgardspaviljong-med-justerbart-tak-solskydd-for-terrass-och-tradgard-morkgra-1.webp?fit=2000%2C2000&ssl=1\" \/>\n\t<meta property=\"og:image:width\" content=\"2000\" \/>\n\t<meta property=\"og:image:height\" content=\"2000\" \/>\n\t<meta property=\"og:image:type\" content=\"image\/webp\" \/>\n<meta name=\"twitter:card\" content=\"summary_large_image\" \/>\n<meta name=\"twitter:label1\" content=\"Ber\u00e4knad l\u00e4stid\" \/>\n\t<meta name=\"twitter:data1\" content=\"1 minut\" \/>\n<!-- \/ Yoast SEO plugin. -->","yoast_head_json":{"title":"TRUUSK Terrasspaviljong 3x3m i Aluminium - V\u00e4ggmontering - Justerbart Tak - Solskydd - M\u00f6rkgr\u00e5 - TRUUSK - Hem, Tr\u00e4dg\u00e5rd &amp; Fritid","robots":{"index":"index","follow":"follow","max-snippet":"max-snippet:-1","max-image-preview":"max-image-preview:large","max-video-preview":"max-video-preview:-1"},"canonical":"https:\/\/truusk.store\/sv\/produkt\/truusk-terrasspaviljong-3x3m-i-aluminium-vaggmontering-justerbart-tak-solskydd-morkgra\/","og_locale":"sv_SE","og_type":"article","og_title":"TRUUSK Terrasspaviljong 3x3m i Aluminium - V\u00e4ggmontering - Justerbart Tak - Solskydd - M\u00f6rkgr\u00e5 - TRUUSK - Hem, Tr\u00e4dg\u00e5rd &amp; Fritid","og_description":"TRUUSK paviljongen med utdragbart tak ger dig utomhusskydd mot solen vid m\u00e5ltider, socialt umg\u00e4nge och avkoppling. Tack vare de inbyggda...","og_url":"https:\/\/truusk.store\/sv\/produkt\/truusk-terrasspaviljong-3x3m-i-aluminium-vaggmontering-justerbart-tak-solskydd-morkgra\/","og_site_name":"TRUUSK - Hem, Tr\u00e4dg\u00e5rd &amp; Fritid","article_modified_time":"2026-03-12T08:47:02+00:00","og_image":[{"width":2000,"height":2000,"url":"https:\/\/i0.wp.com\/truusk.se\/wp-content\/uploads\/2025\/06\/terrasstak-pergola-ca-3x3m-terrasstak-tradgardspaviljong-i-aluminium-vaggmontering-tradgardspaviljong-med-justerbart-tak-solskydd-for-terrass-och-tradgard-morkgra-1.webp?fit=2000%2C2000&ssl=1","type":"image\/webp"}],"twitter_card":"summary_large_image","twitter_misc":{"Ber\u00e4knad l\u00e4stid":"1 minut"},"schema":{"@context":"https:\/\/schema.org","@graph":[{"@type":"WebPage","@id":"https:\/\/truusk.store\/sv\/produkt\/truusk-terrasspaviljong-3x3m-i-aluminium-vaggmontering-justerbart-tak-solskydd-morkgra\/","url":"https:\/\/truusk.store\/sv\/produkt\/truusk-terrasspaviljong-3x3m-i-aluminium-vaggmontering-justerbart-tak-solskydd-morkgra\/","name":"TRUUSK Terrasspaviljong 3x3m i Aluminium - V\u00e4ggmontering - Justerbart Tak - Solskydd - M\u00f6rkgr\u00e5 - TRUUSK - Hem, Tr\u00e4dg\u00e5rd &amp; Fritid","isPartOf":{"@id":"https:\/\/truusk.store\/sv\/#website"},"primaryImageOfPage":{"@id":"https:\/\/truusk.store\/sv\/produkt\/truusk-terrasspaviljong-3x3m-i-aluminium-vaggmontering-justerbart-tak-solskydd-morkgra\/#primaryimage"},"image":{"@id":"https:\/\/truusk.store\/sv\/produkt\/truusk-terrasspaviljong-3x3m-i-aluminium-vaggmontering-justerbart-tak-solskydd-morkgra\/#primaryimage"},"thumbnailUrl":"https:\/\/i0.wp.com\/truusk.store\/wp-content\/uploads\/2025\/06\/terrasstak-pergola-ca-3x3m-terrasstak-tradgardspaviljong-i-aluminium-vaggmontering-tradgardspaviljong-med-justerbart-tak-solskydd-for-terrass-och-tradgard-morkgra-1.webp?fit=2000%2C2000&ssl=1","datePublished":"2025-06-05T12:58:44+00:00","dateModified":"2026-03-12T08:47:02+00:00","breadcrumb":{"@id":"https:\/\/truusk.store\/sv\/produkt\/truusk-terrasspaviljong-3x3m-i-aluminium-vaggmontering-justerbart-tak-solskydd-morkgra\/#breadcrumb"},"inLanguage":"sv-SE","potentialAction":[{"@type":"ReadAction","target":["https:\/\/truusk.store\/sv\/produkt\/truusk-terrasspaviljong-3x3m-i-aluminium-vaggmontering-justerbart-tak-solskydd-morkgra\/"]}]},{"@type":"ImageObject","inLanguage":"sv-SE","@id":"https:\/\/truusk.store\/sv\/produkt\/truusk-terrasspaviljong-3x3m-i-aluminium-vaggmontering-justerbart-tak-solskydd-morkgra\/#primaryimage","url":"https:\/\/i0.wp.com\/truusk.store\/wp-content\/uploads\/2025\/06\/terrasstak-pergola-ca-3x3m-terrasstak-tradgardspaviljong-i-aluminium-vaggmontering-tradgardspaviljong-med-justerbart-tak-solskydd-for-terrass-och-tradgard-morkgra-1.webp?fit=2000%2C2000&ssl=1","contentUrl":"https:\/\/i0.wp.com\/truusk.store\/wp-content\/uploads\/2025\/06\/terrasstak-pergola-ca-3x3m-terrasstak-tradgardspaviljong-i-aluminium-vaggmontering-tradgardspaviljong-med-justerbart-tak-solskydd-for-terrass-och-tradgard-morkgra-1.webp?fit=2000%2C2000&ssl=1","width":2000,"height":2000},{"@type":"BreadcrumbList","@id":"https:\/\/truusk.store\/sv\/produkt\/truusk-terrasspaviljong-3x3m-i-aluminium-vaggmontering-justerbart-tak-solskydd-morkgra\/#breadcrumb","itemListElement":[{"@type":"ListItem","position":1,"name":"Home","item":"https:\/\/truusk.store\/sv\/"},{"@type":"ListItem","position":2,"name":"Shop","item":"https:\/\/truusk.store\/shop\/"},{"@type":"ListItem","position":3,"name":"TRUUSK Terrasspaviljong 3x3m i Aluminium &#8211; V\u00e4ggmontering &#8211; Justerbart Tak &#8211; Solskydd &#8211; M\u00f6rkgr\u00e5"}]},{"@type":"WebSite","@id":"https:\/\/truusk.store\/sv\/#website","url":"https:\/\/truusk.store\/sv\/","name":"TRUUSK - Hem, Tr\u00e4dg\u00e5rd & Fritid","description":"","publisher":{"@id":"https:\/\/truusk.store\/sv\/#organization"},"potentialAction":[{"@type":"SearchAction","target":{"@type":"EntryPoint","urlTemplate":"https:\/\/truusk.store\/sv\/?s={search_term_string}"},"query-input":{"@type":"PropertyValueSpecification","valueRequired":true,"valueName":"search_term_string"}}],"inLanguage":"sv-SE"},{"@type":"Organization","@id":"https:\/\/truusk.store\/sv\/#organization","name":"TRUUSK - Hem, Tr\u00e4dg\u00e5rd & Fritid","url":"https:\/\/truusk.store\/sv\/","logo":{"@type":"ImageObject","inLanguage":"sv-SE","@id":"https:\/\/truusk.store\/sv\/#\/schema\/logo\/image\/","url":"https:\/\/i0.wp.com\/truusk.store\/wp-content\/uploads\/2026\/03\/cropped-TRUUSK.png?fit=2032%2C917&ssl=1","contentUrl":"https:\/\/i0.wp.com\/truusk.store\/wp-content\/uploads\/2026\/03\/cropped-TRUUSK.png?fit=2032%2C917&ssl=1","width":2032,"height":917,"caption":"TRUUSK - Hem, Tr\u00e4dg\u00e5rd & Fritid"},"image":{"@id":"https:\/\/truusk.store\/sv\/#\/schema\/logo\/image\/"}}]}},"jetpack_sharing_enabled":true,"_links":{"self":[{"href":"https:\/\/truusk.store\/sv\/wp-json\/wp\/v2\/product\/67167","targetHints":{"allow":["GET"]}}],"collection":[{"href":"https:\/\/truusk.store\/sv\/wp-json\/wp\/v2\/product"}],"about":[{"href":"https:\/\/truusk.store\/sv\/wp-json\/wp\/v2\/types\/product"}],"wp:featuredmedia":[{"embeddable":true,"href":"https:\/\/truusk.store\/sv\/wp-json\/wp\/v2\/media\/67158"}],"wp:attachment":[{"href":"https:\/\/truusk.store\/sv\/wp-json\/wp\/v2\/media?parent=67167"}],"wp:term":[{"taxonomy":"product_brand","embeddable":true,"href":"https:\/\/truusk.store\/sv\/wp-json\/wp\/v2\/product_brand?post=67167"},{"taxonomy":"product_cat","embeddable":true,"href":"https:\/\/truusk.store\/sv\/wp-json\/wp\/v2\/product_cat?post=67167"},{"taxonomy":"product_tag","embeddable":true,"href":"https:\/\/truusk.store\/sv\/wp-json\/wp\/v2\/product_tag?post=67167"}],"curies":[{"name":"wp","href":"https:\/\/api.w.org\/{rel}","templated":true}]}}